{"id":11490,"date":"2025-10-21T19:57:31","date_gmt":"2025-10-21T19:57:31","guid":{"rendered":"https:\/\/onecpm.com\/?page_id=11490"},"modified":"2026-03-30T13:22:03","modified_gmt":"2026-03-30T13:22:03","slug":"landing-monarc","status":"publish","type":"page","link":"https:\/\/onecpm.com\/de\/landing-monarc","title":{"rendered":"Monarc \u2013 Landung"},"content":{"rendered":"<div id=\"block_c2a88d531e57310feecdc16d8be1fa5f\" class=\"nmc-block nmc-block--masthead-media-bg block-container alignfull -mode-dark\">\n\t\n\t\t\n\t\t\t<div class=\"blockbody\">\n\t\t\t\t<div class=\"masthead-media -overlay\">\n\t\t<div class=\"image\">\n\t\t\t\t\t\t\t\t\t\t\t\t<picture>\n\t\t\t<source media=\"(max-width: 599px)\" srcset=\"https:\/\/img.nmcdn.io\/e1\/w:600,h:600,v:1\/cpm\/wp-content\/uploads\/2025\/10\/CPM-MONARC-claen-page-hero.png?s=4d2d69f2\">\n\t\t\t<source media=\"(max-width: 899px)\" srcset=\"https:\/\/img.nmcdn.io\/e1\/w:1200,h:675,v:1\/cpm\/wp-content\/uploads\/2025\/10\/CPM-MONARC-claen-page-hero.png?s=709c001e\">\n\t\t\t<img fetchpriority=\"high\" decoding=\"async\" loading=\"eager\" style=\"aspect-ratio: 1.7777777777778;\" src=\"https:\/\/img.nmcdn.io\/e1\/w:1800,h:1013,v:1\/cpm\/wp-content\/uploads\/2025\/10\/CPM-MONARC-claen-page-hero.png?s=d8116029\" width=\"1800\" height=\"1013\" alt=\"\" aria-hidden=\"true\">\n\t\t<\/picture>\n\t<\/div>\n\t\t<\/div>\n<div class=\"bound boundwider\">\n\t<div class=\"masthead-content\">\n\t\t<h1 class=\"page-title\">Monarc Clean \u00d6lsaatenverarbeitung<sup>TM<\/sup><\/h1>\n\t\t<div class=\"page-intro\"><p>Sicher. Nachhaltig. Skalierbar. <strong>Revolution\u00e4r.<\/strong><\/p>\n<\/div>\t\t<a href=\"https:\/\/onecpm.com\/de\/about-cpm\/contact-us\/\" class=\"btn -non-btn\" >KONTAKTIEREN SIE EINEN MONARC-EXPERTEN<svg xmlns=\"http:\/\/www.w3.org\/2000\/svg\" width=\"17\" height=\"12\" viewbox=\"0 0 17 12\" fill=\"none\" role=\"img\" aria-hidden=\"true\" focusable=\"false\"><title>arrow<\/title>\n<path fill-rule=\"evenodd\" clip-rule=\"evenodd\" d=\"M13.9176 6.28571L8.65133 10.5863L9.42733 11.4286L16.3999 5.71429L9.41476 0L8.65362 0.860571L13.9153 5.14286L0.399902 5.14286L0.399902 6.28571L13.9176 6.28571Z\" fill=\"white\"\/>\n<\/svg><\/a>\t<\/div>\n<\/div>\n\n<script>\n(function(){\n\tdocument.documentElement.classList.add('-transparent-header');\n})();\n<\/script>\n\t\t\t<\/div>\n\n\t\t\t\t\n\t<\/div>\n\n\n\n\n<style>\nh2#goals-header {\npadding-bottom:1.5em;\n}\n\n.split-half-image {\n    padding-right: 0;\n    max-width: 700px;\n}\n\n.nmc-block--accordion {\nmargin-top: 1em;\nmargin-bottom:1em;\n}\n\n.nmc-block--accordion .accordion_item-title button {\npadding: .5em;\n}\n\n.nmc-block--accordion .accordion_item-title {\nfont-size: 1em;\nfont-weight:700;\n}\n<\/style>\n\n\n\n\n\t\n\n\t\t\t\t\t\t\t\n\n<div id=\"block_c7d7a3c7591f2890a351c49820c6848c\" class=\"nmc-block nmc-block--intro-contact block-container alignfull\">\n\t\n\t\t\n\t\t\t<div class=\"blockbody\">\n\t\t\t\t\t<div class=\"bound boundwider\">\n\t\t\t\t<div class=\"wrap\">\n\n\t\t\t<div class=\"content\">\n\t\t\t\t\n\t\t\t\t        \t\t\t\t<p>Monarc Clean \u00d6lsaatenverarbeitung<sup>TM<\/sup> ist ein bew\u00e4hrtes, patentiertes Verfahren auf Alkoholbasis, das es Unternehmen erm\u00f6glicht, aktuelle L\u00f6sungsmittel in ihren Extraktionslieferketten zu ersetzen, hochwertige, umweltfreundliche Inhaltsstoffe und Produkte (auch Bio-Produkte) zu liefern, eine insgesamt sicherere Arbeitsumgebung zu schaffen und Nachhaltigkeitsziele zu erreichen \u2013 und das alles im Umfang und mit der Wirtschaftlichkeit der aktuellen L\u00f6sungsmitteltechnologie.<\/p>\n<p>Mit Monarc hergestellte Produkte weisen hervorragende Eigenschaften auf:<br \/>\n\u2022 Hellere Farbe und geringerer Harzgehalt in \u00d6len<br \/>\n\u2022 Proteinreichere Mahlzeit<br \/>\n\u2022 H\u00f6herer Proteingehalt, hellere Farbe und neutralerer Geschmack im Proteinkonzentrat<\/p>\n<p>Starten, skalieren und erweitern Sie mit der Expertise von CPM|Crown.<\/p>\n\n\t\t\t<\/div>\n\n\t\t\t<div class=\"sidebar -crown-logo\">\n\n\t\t\t\t\t\t\t\t\t<img decoding=\"async\" src=\"https:\/\/onecpm.com\/wp-content\/themes\/nmc_cpm\/assets\/crown-logo.png\" width=\"250\" height=\"102\" alt=\"Crown\" loading=\"lazy\">\n\t\t\t\t\n\t\t\t\t<div class=\"sidebar-content\">\n\t\t\t\t\t\t\t\t\t\t<a href=\"\/de\/about-cpm\/contact-us\/\" class=\"btn contact\">Kontakt Vertrieb<\/a>\n\t\t\t\t\t\t\t\t\t\t\t<p><a href=\"tel:&lt;ahref=&quot;https:\/\/onecpmcom\/aboutcpm\/locations&quot;&gt;Viewallglobalnumbers&lt;\/a&gt;\"><a href=\"https:\/\/onecpm.com\/de\/about-cpm\/locations\/\">Alle weltweiten Nummern anzeigen<\/a><\/a><\/p>\n\t\t\t\t\t\n\t\t\t\t\t\n\t\t\t\t\t\t\t\t\t\t\t<a href=\"https:\/\/onecpm.com\/de\/resource\/crown-global-innovation-center-video-2\/\" target=\"\"><\/a>\n\t\t\t\t\t\n\t\t\t\t\t\n\t\t\t\t\t\n\t\t\t\t\t\t\t\t\t<\/div>\n\n\t\t\t<\/div>\n\n\t\t<\/div>\n\t<\/div>\n\n\t\t\t<\/div>\n\n\t\t\t\t\n\t<\/div>\n\n\n\n\t\n\n\t\t\t\t\n\n<div id=\"block_64b3b5f6d33326e5eb9e4d99b8db3db8\" class=\"nmc-block nmc-block--spacer block-container\">\n\t\n\t\t\n\t\t\t<div class=\"blockbody\">\n\t\t\t\t\t\n\n\t\t\t<\/div>\n\n\t\t\t\t\n\t<\/div>\n\n\n\n\t\n\n\t\t\t\t\t\t\t\n\t\n<div id=\"block_4c3995338a58798bcac6b4349dab94a4\" class=\"nmc-block nmc-block--background block-container alignfull -mode-red filled padding-quadruple\">\n\t\n\t\t\n\t\t\t<div class=\"blockbody\">\n\t\t\t\t<div class=\"gutenberg\">\n\t\n\n\n\t\n\n\t\t\t\n\t\n<div id=\"block_546d4191151d6fa19d125bb28a2e5963\" class=\"nmc-block nmc-block--split block-container -Width alignfull\">\n\t\n\t\t\n\t\t\t<div class=\"blockbody\">\n\t\t\t\t\t<div class=\"bound boundwider\">\n\t\t\n\n<div class=\"split-half\">\n\t<div class=\"split-half-content\">\n\n\t\t\n\n<h2 class=\"wp-block-heading\">Die Zukunft von <strong>Die Clean-Label-\u00d6lsaatenverarbeitung ist da<\/strong><\/h2>\n\n\n\n\n\n\t\t\t\t\n\n<div class=\"nmc-block nmc-block--buttons\" id=\"block_afef81a7f8c59798e9898908696468c1\">\n\t<div class=\"blockbody\">\n\t\n\t\t\t\t\t\t\n\t\t<a href=\"https:\/\/onecpm.com\/de\/about-cpm\/contact-us\/\" class=\"btn -btn\" >Sprechen Sie mit einem Experten<\/a>\n\t\n\t\t\t\t\t\t\n\t\t<a href=\"https:\/\/e1.nmcdn.io\/assets\/cpm\/wp-content\/uploads\/2025\/10\/Oilseed_MonarcClean-Oilseed-Processing_Brochure-Oct-2025.pdf\" class=\"btn -btn\" target=\"_blank\">Brosch\u00fcre herunterladen<\/a>\n\t\t<\/div>\n<\/div>\n\n\t\t\n\t<\/div>\n<\/div>\n\n\n<div class=\"split-half\">\n\t<div class=\"split-half-content\">\n\n\t\t\n\n\n\t\n\n\t\t\t\t\n\t\n<div id=\"block_03f81a417fbd0d09e7ab3edcf8683527\" class=\"nmc-block nmc-block--video block-container aligncontent\">\n\t\n\t\t\n\t\t\t<div class=\"blockbody\">\n\t\t\t\t\t\t\t<div class=\"video_wrap\">\n\t\t\t<div class=\"wistia-aspect\">\n\t\t\t\t\n\t\t\t\t<iframe loading=\"lazy\" src=\"https:\/\/fast.wistia.net\/embed\/iframe\/4c97c9szqf?seo=true&#038;videoFoam=false\" allow=\"autoplay; fullscreen\" allowtransparency=\"true\" frameborder=\"0\" scrolling=\"no\" class=\"wistia_embed\" name=\"wistia_embed\" msallowfullscreen width=\"640\" height=\"360\"><\/iframe>\n\t\t\t\t<script src=\"https:\/\/fast.wistia.net\/assets\/external\/E-v1.js\" async><\/script>\n\t\t\t<\/div>\n\t\t<\/div>\n\t\t\t\t<\/div>\n\n\t\t\t\t\n\t<\/div>\n\n\t\t\n\t<\/div>\n<\/div>\n\n\t<\/div>\n\t\t\t<\/div>\n\n\t\t\t\t\n\t<\/div>\n<\/div>\n\t\t\t<\/div>\n\n\t\t\t\t\n\t<\/div>\n\n\n\n\t\n\n\t\t\t\t\n\n<div id=\"block_64b3b5f6d33326e5eb9e4d99b8db3db8\" class=\"nmc-block nmc-block--spacer block-container\">\n\t\n\t\t\n\t\t\t<div class=\"blockbody\">\n\t\t\t\t\t\n\n\t\t\t<\/div>\n\n\t\t\t\t\n\t<\/div>\n\n\n<p class=\"has-text-align-center is-style-eyebrow-heading\">TRIFFEN SIE MONARC<\/p>\n\n\n\n<h2 class=\"wp-block-heading has-text-align-center\" id=\"goals-header\">Verwandeln Sie Marktdynamik in Wettbewerbsvorteile<\/h2>\n\n\n\n\n\t\n\n\t\t\t\n\t\n<div id=\"block_546d4191151d6fa19d125bb28a2e5963\" class=\"nmc-block nmc-block--split block-container -Width alignfull\">\n\t\n\t\t\n\t\t\t<div class=\"blockbody\">\n\t\t\t\t\t<div class=\"bound boundwider\">\n\t\t\n\n<div class=\"split-half\">\n\t<div class=\"split-half-content\">\n\n\t\t\n\n<div class=\"split-half-image\">\n\t\t\t\t\t\t\t\t\t\t<picture>\n\t\t<source media=\"(max-width: 400px)\" srcset=\"https:\/\/img.nmcdn.io\/e1\/w:500,h:282,v:1\/cpm\/wp-content\/uploads\/2025\/10\/Clean-label-demand-Image-oil-spoon.jpeg?s=4f6cfce1\">\n\t\t<img decoding=\"async\" loading=\"lazy\" style=\"aspect-ratio: 1.7777777777778;\" src=\"https:\/\/img.nmcdn.io\/e1\/w:800,h:450,v:1\/cpm\/wp-content\/uploads\/2025\/10\/Clean-label-demand-Image-oil-spoon.jpeg?s=25499b25\" width=\"800\" height=\"450\" alt=\"\">\n\t<\/picture>\n<\/div>\n\n\n\n<p class=\"is-style-heading-4\">Clean-Label-Nachfrage<\/p>\n\n\n\n<p>Nutzen Sie die schnell wachsenden Clean-Label-Marktchancen<\/p>\n\n\n\n\n\t\n\n\t\t\t\t\n\n<div id=\"block_cad95a7d4200c62c6b0509abe6f20a5e\" class=\"nmc-block nmc-block--accordion block-container\">\n\t\n\t\t\n\t\t\t<div class=\"blockbody\">\n\t\t\t\t        <div class=\"accordion\">\n\t\n\n<div class=\"block-accordion-group\">\n\n\t<div class=\"accordion_item\" id=\"item-block_601208faf70d778227917c2829372855\">\n\t\t<h2 class=\"accordion_item-title\">\n\t\t\t<button aria-expanded=\"false\">\n\t\t\t\tErfahren Sie mehr\n\t\t\t\t<div class=\"indicator\">\n\t\t\t\t\t<svg viewbox=\"0 0 9 9\" aria-hidden=\"true\" focusable=\"false\" role=\"img\">\n\t\t\t\t\t\t<rect class=\"vert\" height=\"9\" width=\"1\" y=\"0\" x=\"4\"\/>\n\t\t\t\t\t\t<rect height=\"1\" width=\"9\" y=\"4\" x=\"0\"\/>\n\t\t\t\t\t<\/svg>\n\t\t\t\t<\/div>\n\t\t\t<\/button>\n\t\t<\/h2>\n\t\t<div class=\"accordion_item-content\" hidden>\n\t\t\t<div>\n\t\t\t\t<div class=\"gutenberg\">\n\t\t\t\t\t\n\n<ul class=\"wp-block-list\">\n<li>Erstellen und differenzieren Sie hexanfreie Produkte bis hin zu Bio-Produkten f\u00fcr Proteinmahlzeiten, \u00d6le, Lecithin, Proteinkonzentrate, wei\u00dfe Flocken und Melasse<\/li>\n\n\n\n<li>Wettbewerbsf\u00e4hige Investitions- und Betriebskosten<\/li>\n\n\n\n<li>Erf\u00fcllen Sie die realen Anforderungen der kommerziellen Produktion<\/li>\n<\/ul>\n\n\t\t\t\t<\/div>\n\t\t\t<\/div>\n\t\t<\/div>\n\t<\/div>\n\n<\/div>\n\n<\/div>\n\t\t\t<\/div>\n\n\t\t\t\t\n\t<\/div>\n\n\t\t\n\t<\/div>\n<\/div>\n\n\n<div class=\"split-half\">\n\t<div class=\"split-half-content\">\n\n\t\t\n\n\n\n\n<div class=\"split-half-image\">\n\t\t\t\t\t\t\t\t\t\t<picture>\n\t\t<source media=\"(max-width: 400px)\" srcset=\"https:\/\/img.nmcdn.io\/e1\/w:500,h:282,v:1\/cpm\/wp-content\/uploads\/2025\/10\/ESG-Leadership-meeting.jpeg?s=7385504f\">\n\t\t<img decoding=\"async\" loading=\"lazy\" style=\"aspect-ratio: 1.7777777777778;\" src=\"https:\/\/img.nmcdn.io\/e1\/w:800,h:450,v:1\/cpm\/wp-content\/uploads\/2025\/10\/ESG-Leadership-meeting.jpeg?s=8d77dd55\" width=\"800\" height=\"450\" alt=\"\">\n\t<\/picture>\n<\/div>\n\n\n\n<p class=\"is-style-heading-4\">ESG-F\u00fchrung<\/p>\n\n\n\n<p>Erh\u00f6hen Sie Ihre Widerstandsf\u00e4higkeit gegen\u00fcber sich entwickelnden Compliance-Anforderungen<\/p>\n\n\n\n\n\t\n\n\t\t\t\t\n\n<div id=\"block_cad95a7d4200c62c6b0509abe6f20a5e\" class=\"nmc-block nmc-block--accordion block-container\">\n\t\n\t\t\n\t\t\t<div class=\"blockbody\">\n\t\t\t\t        <div class=\"accordion\">\n\t\n\n<div class=\"block-accordion-group\">\n\n\t<div class=\"accordion_item\" id=\"item-block_601208faf70d778227917c2829372855\">\n\t\t<h2 class=\"accordion_item-title\">\n\t\t\t<button aria-expanded=\"false\">\n\t\t\t\tErfahren Sie mehr\n\t\t\t\t<div class=\"indicator\">\n\t\t\t\t\t<svg viewbox=\"0 0 9 9\" aria-hidden=\"true\" focusable=\"false\" role=\"img\">\n\t\t\t\t\t\t<rect class=\"vert\" height=\"9\" width=\"1\" y=\"0\" x=\"4\"\/>\n\t\t\t\t\t\t<rect height=\"1\" width=\"9\" y=\"4\" x=\"0\"\/>\n\t\t\t\t\t<\/svg>\n\t\t\t\t<\/div>\n\t\t\t<\/button>\n\t\t<\/h2>\n\t\t<div class=\"accordion_item-content\" hidden>\n\t\t\t<div>\n\t\t\t\t<div class=\"gutenberg\">\n\t\t\t\t\t\n\n<ul class=\"wp-block-list\">\n<li>Monarc ist ein L\u00f6sungsmittel auf Alkoholbasis, das Luftemissionen aus Erd\u00f6l eliminiert<\/li>\n\n\n\n<li>Werden Sie ein bevorzugter Partner f\u00fcr nachgelagerte, nachhaltigkeitsorientierte Unternehmen<\/li>\n\n\n\n<li>Erschlie\u00dfen Sie ESG-fokussierte Investitions- und Finanzierungsoptionen<\/li>\n\n\n\n<li>Machen Sie Ihren Betrieb zukunftssicher gegen regulatorische Ma\u00dfnahmen und st\u00e4rken Sie gleichzeitig Ihr Nachhaltigkeitsprofil<\/li>\n<\/ul>\n\n\t\t\t\t<\/div>\n\t\t\t<\/div>\n\t\t<\/div>\n\t<\/div>\n\n<\/div>\n\n<\/div>\n\t\t\t<\/div>\n\n\t\t\t\t\n\t<\/div>\n\n\t\t\n\t<\/div>\n<\/div>\n\n\t<\/div>\n\t\t\t<\/div>\n\n\t\t\t\t\n\t<\/div>\n\n\n\n\t\n\n\t\t\t\n\t\n<div id=\"block_546d4191151d6fa19d125bb28a2e5963\" class=\"nmc-block nmc-block--split block-container -Width alignfull\">\n\t\n\t\t\n\t\t\t<div class=\"blockbody\">\n\t\t\t\t\t<div class=\"bound boundwider\">\n\t\t\n\n<div class=\"split-half\">\n\t<div class=\"split-half-content\">\n\n\t\t\n\n<div class=\"split-half-image\">\n\t\t\t\t\t\t\t\t\t\t<picture>\n\t\t<source media=\"(max-width: 400px)\" srcset=\"https:\/\/img.nmcdn.io\/e1\/w:500,h:282,v:1\/cpm\/wp-content\/uploads\/2025\/10\/Proactive-Safety-Excellence-worker-.jpeg?s=11f7cb5f\">\n\t\t<img decoding=\"async\" loading=\"lazy\" style=\"aspect-ratio: 1.7777777777778;\" src=\"https:\/\/img.nmcdn.io\/e1\/w:800,h:450,v:1\/cpm\/wp-content\/uploads\/2025\/10\/Proactive-Safety-Excellence-worker-.jpeg?s=b052b603\" width=\"800\" height=\"450\" alt=\"\">\n\t<\/picture>\n<\/div>\n\n\n\n<h4 class=\"wp-block-heading\"><br><strong>Proaktive Sicherheit<\/strong><\/h4>\n\n\n\n<p>Reduzieren Sie Betriebsrisiken und begrenzen Sie die Belastung mit einem weniger gef\u00e4hrlichen L\u00f6sungsmittel<\/p>\n\n\n\n\n\t\n\n\t\t\t\t\n\n<div id=\"block_cad95a7d4200c62c6b0509abe6f20a5e\" class=\"nmc-block nmc-block--accordion block-container\">\n\t\n\t\t\n\t\t\t<div class=\"blockbody\">\n\t\t\t\t        <div class=\"accordion\">\n\t\n\n<div class=\"block-accordion-group\">\n\n\t<div class=\"accordion_item\" id=\"item-block_601208faf70d778227917c2829372855\">\n\t\t<h2 class=\"accordion_item-title\">\n\t\t\t<button aria-expanded=\"false\">\n\t\t\t\tErfahren Sie mehr\n\t\t\t\t<div class=\"indicator\">\n\t\t\t\t\t<svg viewbox=\"0 0 9 9\" aria-hidden=\"true\" focusable=\"false\" role=\"img\">\n\t\t\t\t\t\t<rect class=\"vert\" height=\"9\" width=\"1\" y=\"0\" x=\"4\"\/>\n\t\t\t\t\t\t<rect height=\"1\" width=\"9\" y=\"4\" x=\"0\"\/>\n\t\t\t\t\t<\/svg>\n\t\t\t\t<\/div>\n\t\t\t<\/button>\n\t\t<\/h2>\n\t\t<div class=\"accordion_item-content\" hidden>\n\t\t\t<div>\n\t\t\t\t<div class=\"gutenberg\">\n\t\t\t\t\t\n\n<ul class=\"wp-block-list\">\n<li>Monarc sorgt f\u00fcr sicherere Abl\u00e4ufe und liefert gleichzeitig industrielle Leistung<\/li>\n\n\n\n<li>Verbessern Sie die Umwelt f\u00fcr Ihre Mitarbeiter<\/li>\n\n\n\n<li>Profitieren Sie von Vorteilen bei Genehmigungen, Versicherungen und Mitarbeiterbindung und st\u00e4rken Sie gleichzeitig Ihre Marke<\/li>\n<\/ul>\n\n\t\t\t\t<\/div>\n\t\t\t<\/div>\n\t\t<\/div>\n\t<\/div>\n\n<\/div>\n\n<\/div>\n\t\t\t<\/div>\n\n\t\t\t\t\n\t<\/div>\n\n\t\t\n\t<\/div>\n<\/div>\n\n\n<div class=\"split-half\">\n\t<div class=\"split-half-content\">\n\n\t\t\n\n\n\n\n<div class=\"split-half-image\">\n\t\t\t\t\t\t\t\t\t\t<picture>\n\t\t<source media=\"(max-width: 400px)\" srcset=\"https:\/\/img.nmcdn.io\/e1\/w:500,h:282,v:1\/cpm\/wp-content\/uploads\/2025\/04\/cpm-specialty-pharma-etc-1000x.jpg?s=36c34901\">\n\t\t<img decoding=\"async\" loading=\"lazy\" style=\"aspect-ratio: 1.7777777777778;\" src=\"https:\/\/img.nmcdn.io\/e1\/w:800,h:450,v:1\/cpm\/wp-content\/uploads\/2025\/04\/cpm-specialty-pharma-etc-1000x.jpg?s=a5e7da34\" width=\"800\" height=\"450\" alt=\"\">\n\t<\/picture>\n<\/div>\n\n\n\n<h4 class=\"wp-block-heading\"><br><strong>Risikominderung bei Markennarrativen<\/strong><\/h4>\n\n\n\n<p>Schaffen Sie M\u00f6glichkeiten f\u00fcr \u00fcberzeugende Transparenzberichte<\/p>\n\n\n\n\n\t\n\n\t\t\t\t\n\n<div id=\"block_cad95a7d4200c62c6b0509abe6f20a5e\" class=\"nmc-block nmc-block--accordion block-container\">\n\t\n\t\t\n\t\t\t<div class=\"blockbody\">\n\t\t\t\t        <div class=\"accordion\">\n\t\n\n<div class=\"block-accordion-group\">\n\n\t<div class=\"accordion_item\" id=\"item-block_601208faf70d778227917c2829372855\">\n\t\t<h2 class=\"accordion_item-title\">\n\t\t\t<button aria-expanded=\"false\">\n\t\t\t\tErfahren Sie mehr\n\t\t\t\t<div class=\"indicator\">\n\t\t\t\t\t<svg viewbox=\"0 0 9 9\" aria-hidden=\"true\" focusable=\"false\" role=\"img\">\n\t\t\t\t\t\t<rect class=\"vert\" height=\"9\" width=\"1\" y=\"0\" x=\"4\"\/>\n\t\t\t\t\t\t<rect height=\"1\" width=\"9\" y=\"4\" x=\"0\"\/>\n\t\t\t\t\t<\/svg>\n\t\t\t\t<\/div>\n\t\t\t<\/button>\n\t\t<\/h2>\n\t\t<div class=\"accordion_item-content\" hidden>\n\t\t\t<div>\n\t\t\t\t<div class=\"gutenberg\">\n\t\t\t\t\t\n\n<ul class=\"wp-block-list\">\n<li>Kontrollieren Sie Markennarrative, w\u00e4hrend Online-Medien das Wissen der Verbraucher \u00fcber die Lebensmittelverarbeitung pr\u00e4gen<\/li>\n\n\n\n<li>Machen Sie authentische Aussagen zu Innovation und sauberen Verarbeitungsmethoden<\/li>\n\n\n\n<li>F\u00fchren Sie Gespr\u00e4che \u00fcber die Lebensmittelverarbeitung der n\u00e4chsten Generation, die den Werten der Verbraucher und den Trends in den sozialen Medien entspricht<\/li>\n<\/ul>\n\n\t\t\t\t<\/div>\n\t\t\t<\/div>\n\t\t<\/div>\n\t<\/div>\n\n<\/div>\n\n<\/div>\n\t\t\t<\/div>\n\n\t\t\t\t\n\t<\/div>\n\n\t\t\n\t<\/div>\n<\/div>\n\n\t<\/div>\n\t\t\t<\/div>\n\n\t\t\t\t\n\t<\/div>\n\n\n\n\t\n\n\t\t\t\t\t\t\t\n\t\n<div id=\"block_9c96e1ca848db05cf1ab1f677f47e5c5\" class=\"nmc-block nmc-block--background block-container alignfull padding-none\">\n\t\n\t\t\n\t\t\t<div class=\"blockbody\">\n\t\t\t\t<div class=\"gutenberg\">\n\t\n\n\n\t\n\n\t\t\t\n\t\n<div id=\"block_546d4191151d6fa19d125bb28a2e5963\" class=\"nmc-block nmc-block--split block-container -Width alignfull\">\n\t\n\t\t\n\t\t\t<div class=\"blockbody\">\n\t\t\t\t\t<div class=\"bound boundwider\">\n\t\t\n\n<div class=\"split-half\">\n\t<div class=\"split-half-content\">\n\n\t\t\n\n<div class=\"split-half-image\">\n\t\t\t\t\t\t\t<picture>\n\t\t<source media=\"(max-width: 400px)\" srcset=\"https:\/\/img.nmcdn.io\/e1\/w:500,h:665,v:1\/cpm\/wp-content\/uploads\/2025\/10\/Tested-and-proven-image.jpeg?s=9c6ce1a5\">\n\t\t<img decoding=\"async\" loading=\"lazy\" style=\"aspect-ratio: 0.75276243093923;\" src=\"https:\/\/img.nmcdn.io\/e1\/w:800,h:1063,v:1\/cpm\/wp-content\/uploads\/2025\/10\/Tested-and-proven-image.jpeg?s=e14027ae\" width=\"800\" height=\"1063\" alt=\"\">\n\t<\/picture>\n<\/div>\n\n\n\t\t\n\t<\/div>\n<\/div>\n\n\n<div class=\"split-half\">\n\t<div class=\"split-half-content\">\n\n\t\t\n\n<h2 class=\"wp-block-heading\"><strong>Getestet und bew\u00e4hrt, <\/strong>Nicht gehypt<\/h2>\n\n\n\n<p>Unsere Experten haben \u00fcber f\u00fcnf Jahre an der Entwicklung dieser revolution\u00e4ren Technologie und des umfassenden IP-Portfolios gearbeitet. Sie nutzten modernste Prozesssimulationssoftware, die besten F&amp;E-Ressourcen der Branche und Dutzende von kontinuierlichen, stabilen L\u00e4ufen in unserem hochmodernen Innovationszentrum. Unser bew\u00e4hrtes Know-how f\u00fchrte 2025 zu unserem ersten kommerziellen Verkauf.<\/p>\n\n\n\n<p><br>Wir sind Ihr zuverl\u00e4ssiger Partner bei jedem Schritt und k\u00f6nnen Sie w\u00e4hrend des gesamten Retrofit- oder Greenfield-Prozesses mit unserem umfassenden Lifecycle360 unterst\u00fctzen<sup>TM<\/sup> Support-Dienste.<\/p>\n\n\n\n\n\n\t\t\t\t\n\n<div class=\"nmc-block nmc-block--buttons\" id=\"block_92bced806dc7ba3753813b8fc4429e6d\">\n\t<div class=\"blockbody\">\n\t\n\t\t\t\t\t\t\n\t\t<a href=\"https:\/\/onecpm.com\/de\/about-cpm\/contact-us\/\" class=\"btn -btn\" >Kontaktieren Sie einen Monarch-Experten<\/a>\n\t\t<\/div>\n<\/div>\n\n\t\t\n\t<\/div>\n<\/div>\n\n\t<\/div>\n\t\t\t<\/div>\n\n\t\t\t\t\n\t<\/div>\n<\/div>\n\t\t\t<\/div>\n\n\t\t\t\t\n\t<\/div>\n\n\n\n\t\n\n\t\t\t\t\t\t\t\n\t\n<div id=\"block_00a1ab7fff64fb3832f4553ca9474eb0\" class=\"nmc-block nmc-block--background block-container alignfull -mode-red filled padding-triple\">\n\t\n\t\t\n\t\t\t<div class=\"blockbody\">\n\t\t\t\t<div class=\"gutenberg\">\n\t\n\n\n\t\n\n\t\t\t\n\t\n<div id=\"block_546d4191151d6fa19d125bb28a2e5963\" class=\"nmc-block nmc-block--split block-container -Width alignfull\">\n\t\n\t\t\n\t\t\t<div class=\"blockbody\">\n\t\t\t\t\t<div class=\"bound boundwider\">\n\t\t\n\n<div class=\"split-half\">\n\t<div class=\"split-half-content\">\n\n\t\t\n\n<h2 class=\"wp-block-heading\">Testen und testen Sie Ihre Produkte mit der Monarc-Technologie in unserem <br><strong>Globales Innovationszentrum<\/strong><\/h2>\n\n\n\n\n\n\t\t\t\t\n\n<div class=\"nmc-block nmc-block--buttons\" id=\"block_e95053e2ba65c9122f37e5a5ddfb7b77\">\n\t<div class=\"blockbody\">\n\t\n\t\t\t\t\t\t\n\t\t<a href=\"https:\/\/onecpm.com\/de\/about-cpm\/contact-us\/\" class=\"btn -btn\" >Fordern Sie eine Tour an<\/a>\n\t\t<\/div>\n<\/div>\n\n\t\t\n\t<\/div>\n<\/div>\n\n\n<div class=\"split-half\">\n\t<div class=\"split-half-content\">\n\n\t\t\n\n\n\t\n\n\t\t\t\t\n\t\n<div id=\"block_bd09c1ba6d4b13b1a7299fd0eb2a596e\" class=\"nmc-block nmc-block--video block-container aligncontent\">\n\t\n\t\t\n\t\t\t<div class=\"blockbody\">\n\t\t\t\t\t\t\t\t\t\t\t\t\t\t\t\n\t\t\n\t\t<div class=\"video_wrap\">\n\t\t\t<a  href=\"https:\/\/www.youtube.com\/watch?v=jH87udY59ek\"  data-video-id=\"jH87udY59ek\" aria-label=\"Eingebettetes Video abspielen\" data-video-source=\"youtube\">\n\t\t\t\t\t\t\t\t\t\t\t\t\t\t\t\t\t\t\t\t\t\t\t\t\t\t\t\t\t\t\t\t\t\t\t\t\t\t\t\t\t<picture>\n\t\t\t\t\t\t\t\t\t\t\t<source media=\"(max-width: 500px)\" srcset=\"https:\/\/img.nmcdn.io\/e1\/w:600,h:338,v:1\/cpm\/wp-content\/uploads\/2024\/03\/innovation-center-video.png?s=3aae56d0\">\n\t\t\t\t\t\n\t\t\t\t\t<img loading=\"lazy\" decoding=\"async\" style=\"aspect-ratio: 1.7777777777778;\" src=\"https:\/\/img.nmcdn.io\/e1\/w:800,h:450,v:1\/cpm\/wp-content\/uploads\/2024\/03\/innovation-center-video.png?s=d8b7572f\" width=\"800\" height=\"450\" alt=\"innovation center\">\n\t\t\t\t<\/picture>\n\t\t\t\t\t\n\t\t\t<\/a>\n\t\t<\/div>\n\t\t\t\t<\/div>\n\n\t\t\t\t\n\t<\/div>\n\n\t\t\n\t<\/div>\n<\/div>\n\n\t<\/div>\n\t\t\t<\/div>\n\n\t\t\t\t\n\t<\/div>\n<\/div>\n\t\t\t<\/div>\n\n\t\t\t\t\n\t<\/div>\n\n\n\n\t\n\n\t\t\t\t\n\n<div id=\"block_64b3b5f6d33326e5eb9e4d99b8db3db8\" class=\"nmc-block nmc-block--spacer block-container\">\n\t\n\t\t\n\t\t\t<div class=\"blockbody\">\n\t\t\t\t\t\n\n\t\t\t<\/div>\n\n\t\t\t\t\n\t<\/div>\n\n\n\n\n\t\t\t\t\n\t\n<div class=\"nmc-block nmc-block--buttons button-align-center\" id=\"block_15f370185356679bc6f7d649e663f521\">\n\t<div class=\"blockbody\">\n\t\n\t\t\t\t\t\t\n\t\t<a href=\"https:\/\/e1.nmcdn.io\/assets\/cpm\/wp-content\/uploads\/2025\/10\/Oilseed_MonarcClean-Oilseed-Processing_Brochure-Oct-2025.pdf\" class=\"btn -btn\" >MONARC BROSCH\u00dcRE HERUNTERLADEN<\/a>\n\t\n\t\t\t\t\t\t\n\t\t<a href=\"https:\/\/e1.nmcdn.io\/assets\/cpm\/wp-content\/uploads\/2025\/10\/Oilseed_Monarc-QA-Clean-Oilseed-Processing_2-pg-Oct.-2025.pdf\" class=\"btn -btn\" >Q&amp;A-BROSCH\u00dcRE HERUNTERLADEN<\/a>\n\t\t<\/div>\n<\/div>\n\n\n<p><\/p>","protected":false},"excerpt":{"rendered":"<p>MONARC \u2013 Marktdynamik in Wettbewerbsvorteile verwandeln<\/p>","protected":false},"author":4,"featured_media":0,"parent":0,"menu_order":0,"comment_status":"closed","ping_status":"closed","template":"","meta":{"_acf_changed":false,"footnotes":""},"class_list":["post-11490","page","type-page","status-publish","hentry"],"acf":[],"_links":{"self":[{"href":"https:\/\/onecpm.com\/de\/wp-json\/wp\/v2\/pages\/11490","targetHints":{"allow":["GET"]}}],"collection":[{"href":"https:\/\/onecpm.com\/de\/wp-json\/wp\/v2\/pages"}],"about":[{"href":"https:\/\/onecpm.com\/de\/wp-json\/wp\/v2\/types\/page"}],"author":[{"embeddable":true,"href":"https:\/\/onecpm.com\/de\/wp-json\/wp\/v2\/users\/4"}],"replies":[{"embeddable":true,"href":"https:\/\/onecpm.com\/de\/wp-json\/wp\/v2\/comments?post=11490"}],"version-history":[{"count":8,"href":"https:\/\/onecpm.com\/de\/wp-json\/wp\/v2\/pages\/11490\/revisions"}],"predecessor-version":[{"id":12216,"href":"https:\/\/onecpm.com\/de\/wp-json\/wp\/v2\/pages\/11490\/revisions\/12216"}],"wp:attachment":[{"href":"https:\/\/onecpm.com\/de\/wp-json\/wp\/v2\/media?parent=11490"}],"curies":[{"name":"wp","href":"https:\/\/api.w.org\/{rel}","templated":true}]}}