{"id":11907,"date":"2026-04-22T10:43:23","date_gmt":"2026-04-22T10:43:23","guid":{"rendered":"https:\/\/onecpm.com\/?page_id=11907"},"modified":"2026-04-29T14:59:57","modified_gmt":"2026-04-29T14:59:57","slug":"cpm-insights","status":"publish","type":"page","link":"https:\/\/onecpm.com\/de\/aftermarket-service\/cpm-insights","title":{"rendered":"CPM Einblicke"},"content":{"rendered":"<div id=\"block_803fa43db97d29537e25a3811cdf6e39\" class=\"nmc-block nmc-block--masthead-basic block-container\">\n\t\n\t\t\n\t\t\t<div class=\"blockbody\">\n\t\t\t\t<div class=\"masthead-content\">\n\t\t\t\t\t\t\t\t\t\t\t\t\t\t\t\t\t\t\t\t\t\t\t\t\t\t\t\t\t\t\t\t\t\t\t\t\t\t\t\t\t\t\t\t\t\t\t\t\t\t\t\t\t\t\t\t\t\t\t\t\t\t\t\t\t\t\t\t\t\t\t\t\t\t\t\t\t\t\t\t\t\t\t\t\t\t\t\t\t\t\t\t\t\t\t\t\t\t\t\t\t\t\t\t\t\t\t\t\t\t\t\t\t\t\t\t\t\t\t\t\t\t\t\t\t\t\t\t\t\t\t\t\t\t\t\t\t\t\t\t\t\t\t\t\t\t\t\t\t\t\t\t\t\t\t\t\t\t\t\t\t\t\t\t\t\t\t\t\t\t\t\t\t<h1 class=\"page-title\">CPM Insight Hub: Ideen, Einblicke und Branchenexpertise<\/h1>\n\t<div class=\"page-intro\"><p>Als zentrale Anlaufstelle f\u00fcr die neuesten Erkenntnisse von CPM vereint diese Plattform Expertenanalysen, Whitepaper und detaillierte Inhalte, die fundierte Entscheidungen in den von uns betreuten Branchen unterst\u00fctzen. Sie dient dem Wissensaustausch, dem Hinterfragen von Perspektiven und der Verkn\u00fcpfung von Markttrends mit realen Gesch\u00e4ftsauswirkungen.<\/p>\n<\/div>\t\t\t\t<\/div>\n\t\t\t<\/div>\n\n\t\t\t\t\n\t<\/div>\n\n\n\n\n\n\t\n\n\t\t\t\t\t\t\t\n\n<div id=\"block_b6b8965e2756294fc5cabf338095cc9a\" class=\"nmc-block nmc-block--latest-insights-alt block-container alignfull\">\n\t\n\t\t\n\t\t\t<div class=\"blockbody\">\n\t\t\t\t<div class=\"bound boundwider\">\n\t<div class=\"block-intro\">\n\t\t        \t\t\t<\/div>\n\t\n\n\t\n\t\t\n\t\n\t<section class=\"listing-wrapper -columns-3\">\n\t\t\t\t\t<div class=\"partial-container\">\n\t\t\t\t<div class=\"partial -news -card\">\n\t\t<div class=\"image\">\n\t\t\n<div class=\"image-auto\" style=\"aspect-ratio: 960 \/ 889;\">\n\t<picture>\n\t\t<source \n\t\t\tmedia=\"(max-width: 600px)\"\n\t\t\tsrcset=\"https:\/\/img.nmcdn.io\/e1\/w:480,h:445,v:1\/cpm\/wp-content\/uploads\/2026\/03\/Scientist-analyzing-small-plant.jpg?s=9c74d127\">\n\t\t<img  loading=\"lazy\"src=\"https:\/\/img.nmcdn.io\/e1\/w:600,h:556,v:1\/cpm\/wp-content\/uploads\/2026\/03\/Scientist-analyzing-small-plant.jpg?s=5786176b\" width=\"960\" height=\"889\" alt=\"\" aria-hidden=\"true\">\n\t<\/picture>\n<\/div>\n\t<\/div>\n        <div class=\"text\">\n\t\t        <h2 class=\"item-title\">\n\t\t\t<a href=\"https:\/\/onecpm.com\/de\/insights\/why-food-security-is-built-long-before-food-reaches-the-plate\" class=\"link\">\n                Warum Ern\u00e4hrungssicherheit lange vor dem Servieren auf dem Teller aufgebaut wird\n            <\/a>\n        <\/h2>\n\t\t\t\t\t\t\t<p class=\"is-style-eyebrow-heading\">Einblick<\/p>\n\t\t\t\t<div class=\"excerpt\"><\/div>\n    <\/div>\n<\/div>\t\t\t<\/div>\n\t\t\t\t\t<div class=\"partial-container\">\n\t\t\t\t<div class=\"partial -news -card\">\n\t\t<div class=\"image\">\n\t\t\n<div class=\"image-auto\" style=\"aspect-ratio: 1162 \/ 1076;\">\n\t<picture>\n\t\t<source \n\t\t\tmedia=\"(max-width: 600px)\"\n\t\t\tsrcset=\"https:\/\/img.nmcdn.io\/e1\/w:480,h:445,v:1\/cpm\/wp-content\/uploads\/2026\/04\/Spark-Detection.jpg?s=44b6d331\">\n\t\t<img  loading=\"lazy\"src=\"https:\/\/img.nmcdn.io\/e1\/w:600,h:556,v:1\/cpm\/wp-content\/uploads\/2026\/04\/Spark-Detection.jpg?s=4aff7e91\" width=\"1162\" height=\"1076\" alt=\"\" aria-hidden=\"true\">\n\t<\/picture>\n<\/div>\n\t<\/div>\n        <div class=\"text\">\n\t\t        <h2 class=\"item-title\">\n\t\t\t<a href=\"https:\/\/onecpm.com\/de\/insights\/spark-detection-and-fire-prevention-solutions\" class=\"link\">\n                L\u00f6sungen zur Funkenerkennung und Brandverh\u00fctung\u00a0\n            <\/a>\n        <\/h2>\n\t\t\t\t\t\t\t<p class=\"is-style-eyebrow-heading\">Einblick<\/p>\n\t\t\t\t<div class=\"excerpt\"><\/div>\n    <\/div>\n<\/div>\t\t\t<\/div>\n\t\t\t\t\t<div class=\"partial-container\">\n\t\t\t\t<div class=\"partial -news -card\">\n\t\t<div class=\"image\">\n\t\t\n<div class=\"image-auto\" style=\"aspect-ratio: 1000 \/ 926;\">\n\t<picture>\n\t\t<source \n\t\t\tmedia=\"(max-width: 600px)\"\n\t\t\tsrcset=\"https:\/\/img.nmcdn.io\/e1\/w:480,h:445,v:1\/cpm\/wp-content\/uploads\/2026\/04\/energy_monitoring.png?s=bfaf501c\">\n\t\t<img  loading=\"lazy\"src=\"https:\/\/img.nmcdn.io\/e1\/w:600,h:556,v:1\/cpm\/wp-content\/uploads\/2026\/04\/energy_monitoring.png?s=7a38cb15\" width=\"1000\" height=\"926\" alt=\"\" aria-hidden=\"true\">\n\t<\/picture>\n<\/div>\n\t<\/div>\n        <div class=\"text\">\n\t\t        <h2 class=\"item-title\">\n\t\t\t<a href=\"https:\/\/onecpm.com\/de\/insights\/the-strategic-value-of-energy-monitoring-in-process-manufacturing\" class=\"link\">\n                Der strategische Wert der Energie\u00fcberwachung in der Prozessfertigung\u00a0\n            <\/a>\n        <\/h2>\n\t\t\t\t\t\t\t<p class=\"is-style-eyebrow-heading\">Einblick<\/p>\n\t\t\t\t<div class=\"excerpt\"><\/div>\n    <\/div>\n<\/div>\t\t\t<\/div>\n\t\t\t<\/section>\n\t\n<\/div>\n\t\t\t<\/div>\n\n\t\t\t\t\n\t<\/div>\n\n\n<p><\/p>","protected":false},"excerpt":{"rendered":"","protected":false},"author":1,"featured_media":0,"parent":772,"menu_order":0,"comment_status":"closed","ping_status":"closed","template":"","meta":{"_acf_changed":false,"footnotes":""},"class_list":["post-11907","page","type-page","status-publish","hentry"],"acf":[],"_links":{"self":[{"href":"https:\/\/onecpm.com\/de\/wp-json\/wp\/v2\/pages\/11907","targetHints":{"allow":["GET"]}}],"collection":[{"href":"https:\/\/onecpm.com\/de\/wp-json\/wp\/v2\/pages"}],"about":[{"href":"https:\/\/onecpm.com\/de\/wp-json\/wp\/v2\/types\/page"}],"author":[{"embeddable":true,"href":"https:\/\/onecpm.com\/de\/wp-json\/wp\/v2\/users\/1"}],"replies":[{"embeddable":true,"href":"https:\/\/onecpm.com\/de\/wp-json\/wp\/v2\/comments?post=11907"}],"version-history":[{"count":11,"href":"https:\/\/onecpm.com\/de\/wp-json\/wp\/v2\/pages\/11907\/revisions"}],"predecessor-version":[{"id":12565,"href":"https:\/\/onecpm.com\/de\/wp-json\/wp\/v2\/pages\/11907\/revisions\/12565"}],"up":[{"embeddable":true,"href":"https:\/\/onecpm.com\/de\/wp-json\/wp\/v2\/pages\/772"}],"wp:attachment":[{"href":"https:\/\/onecpm.com\/de\/wp-json\/wp\/v2\/media?parent=11907"}],"curies":[{"name":"wp","href":"https:\/\/api.w.org\/{rel}","templated":true}]}}