{"id":12139,"date":"2026-04-17T08:17:23","date_gmt":"2026-04-17T08:17:23","guid":{"rendered":"https:\/\/onecpm.com\/?page_id=12139"},"modified":"2026-04-29T14:59:29","modified_gmt":"2026-04-29T14:59:29","slug":"myinsights","status":"publish","type":"page","link":"https:\/\/onecpm.com\/de\/myinsights","title":{"rendered":"myinsights"},"content":{"rendered":"<div id=\"block_69278e3f1438ea6778005a6d48540a1f\" class=\"nmc-block nmc-block--masthead-aftermarket block-container alignfull -mode-dark\">\n\t\n\t\t\n\t\t\t<div class=\"blockbody\">\n\t\t\t\t<div class=\"masthead-media -overlay\">\n\t\t<div class=\"image\">\n\t\t\t\t\t\t\t\t\t\t\t\t<picture>\n\t\t\t<source media=\"(max-width: 499px)\" srcset=\"https:\/\/img.nmcdn.io\/e1\/w:600,h:338,v:1\/cpm\/wp-content\/uploads\/2026\/04\/EDL-Landing-Page-Header-1.png?s=a1de771a\">\n\t\t\t<source media=\"(max-width: 899px)\" srcset=\"https:\/\/img.nmcdn.io\/e1\/w:1200,h:675,v:1\/cpm\/wp-content\/uploads\/2026\/04\/EDL-Landing-Page-Header-1.png?s=e711b845\">\n\t\t\t<img fetchpriority=\"high\" decoding=\"async\" loading=\"eager\" style=\"aspect-ratio: 1.7777777777778;\" src=\"https:\/\/img.nmcdn.io\/e1\/w:1800,h:1013,v:1\/cpm\/wp-content\/uploads\/2026\/04\/EDL-Landing-Page-Header-1.png?s=90205be8\" width=\"1800\" height=\"1013\" alt=\"\" aria-hidden=\"true\">\n\t\t<\/picture>\n\t<\/div>\n\t\t\n<\/div>\n<div class=\"bound boundwider\">\n\t<div class=\"masthead-content\">\n\t\t<p class=\"is-style-eyebrow-heading\">Industrieanalytik f\u00fcr intelligentere, datengest\u00fctzte Entscheidungsfindung<\/strong><\/p>\n\t\t<h1 class=\"page-title\">myinsights<\/h1>\n\t\t\t\t\t<\/div>\n<\/div>\n\n<script>\n(function(){\n\tdocument.documentElement.classList.add('-transparent-header');\n})();\n<\/script>\n\t\t\t<\/div>\n\n\t\t\t\t\n\t<\/div>\n\n\n\n\n\n\t\n\n\t\t\t\t\t\t\t\n\n<div id=\"block_a84759c59d281604961b2e87065900bd\" class=\"nmc-block nmc-block--intro-complex block-container alignfull\">\n\t\n\t\t\n\t\t\t<div class=\"blockbody\">\n\t\t\t\t\n\t<div class=\"wrap\">\n\t\t<div class=\"block-intro\">\n\t\t\t\t\t\t\t<p class=\"is-style-eyebrow-heading\">Vorhersagen. Optimieren. Verbessern.<\/p>\n\t\t\t\t\t\t\t\t\t\t                                                                                                                                                                                                                                                            <h2 class=\"block-title\">Industrieanalytik f\u00fcr intelligentere, datengest\u00fctzte Entscheidungsfindung.<\/h2>\t\t\t\t\t\t\t\t\t<div class=\"text\">\n\t\t\t\t<p data-start=\"523\" data-end=\"849\">myinsights ist die industrielle Analyseplattform von CPM, die Maschinendaten in klare, handlungsrelevante Erkenntnisse umwandelt. Durch die Kombination von Echtzeit-Leistungs\u00fcberwachung, wirtschaftlichem Kontext und fortschrittlichen Algorithmen erm\u00f6glicht myinsights Bedienern, Ingenieuren und Werksleitern, fundierte, datengest\u00fctzte Entscheidungen zu treffen.<\/p>\n<p data-start=\"851\" data-end=\"1047\">Die Plattform verkn\u00fcpft Maschinendaten mit der Fachkompetenz von CPM, um die Produktivit\u00e4t zu steigern, die Betriebskosten zu senken und einen sichereren und nachhaltigeren Betrieb von Anlagen, Anlagen und Prozessen zu unterst\u00fctzen.<\/p>\n\t\t\t<\/div>\n\t\t\t\n\t\t\t\t\t\t\t<a href=\"https:\/\/onecpm.com\/de\/about-cpm\/contact-us\/\" class=\"btn -non-btn\" >In Kontakt kommen<svg xmlns=\"http:\/\/www.w3.org\/2000\/svg\" width=\"17\" height=\"12\" viewbox=\"0 0 17 12\" fill=\"none\" role=\"img\" aria-hidden=\"true\" focusable=\"false\"><title>arrow<\/title>\n<path fill-rule=\"evenodd\" clip-rule=\"evenodd\" d=\"M13.9176 6.28571L8.65133 10.5863L9.42733 11.4286L16.3999 5.71429L9.41476 0L8.65362 0.860571L13.9153 5.14286L0.399902 5.14286L0.399902 6.28571L13.9176 6.28571Z\" fill=\"white\"\/>\n<\/svg><\/a>\t\t\t\t\t<\/div>\n\n\t\t<div class=\"image\">\n\t\t\t\n<div class=\"image-auto\" style=\"aspect-ratio: 800 \/ 984;\">\n\t<picture>\n\t\t<source \n\t\t\tmedia=\"(max-width: 600px)\"\n\t\t\tsrcset=\"https:\/\/img.nmcdn.io\/e1\/w:480,h:591,v:1\/cpm\/wp-content\/uploads\/2026\/04\/Workers-on-tablets-in-Preparation-area.jpg?s=4f4700b3\">\n\t\t<img  loading=\"lazy\"src=\"https:\/\/img.nmcdn.io\/e1\/w:600,h:738,v:1\/cpm\/wp-content\/uploads\/2026\/04\/Workers-on-tablets-in-Preparation-area.jpg?s=c0a2bf5b\" width=\"800\" height=\"984\" alt=\"\">\n\t<\/picture>\n<\/div>\n\n\t\t\t\t\t<\/div>\n\t<\/div>\n\n\t\t\t<\/div>\n\n\t\t\t\t\n\t<\/div>\n\n\n\n\t\n\n\t\t\t\t\t\t\t\n\n<div id=\"block_4680192a367c51126c58f446463dd183\" class=\"nmc-block nmc-block--tabbed-ctas block-container alignfull\">\n\t\n\t\t\n\t\t\t<div class=\"blockbody\">\n\t\t\t\t\t\n\t<div class=\"block-wrap gray\">\n\t\t<div class=\"bound boundwider\">\n\t\t\t<div class=\"block-intro -mode-gray\">\n\t\t\t\t<div class=\"block-left\">\n\t\t\t\t\t                                                                                                                                                                                                        <h2 class=\"block-title\">Wie myinsights die operative Leistung ver\u00e4ndert<\/h2>\t\t\t\t\t\t\t\t\t\t\t<div class=\"content\">myinsights verkn\u00fcpft Maschinendaten in Echtzeit mit pr\u00e4diktiven Analysen und strukturierten operativen Eingaben, um klare Erkenntnisse zu liefern, die die Leistung verbessern, Ineffizienzen reduzieren und eine bessere Entscheidungsfindung in Ihrem gesamten Betrieb unterst\u00fctzen.<\/div>\n\t\t\t\t\t\t\t\t\t<\/div>\n\n\t\t\t\t\t\t\t<\/div>\n\n\t\t\t<div class=\"tabs\">\n\t\t\t\t<div class=\"tabs_list\" role=\"tablist\">\n\t\t\t\t\t\t\t\t\t\t\t<button type=\"button\" class=\"tab\" role=\"tab\" aria-controls=\"block_4680192a367c51126c58f446463dd183-1\" id=\"tab-block_4680192a367c51126c58f446463dd183-1\" tabindex=\"\">Pr\u00e4diktive Optimierung<\/button>\n\t\t\t\t\t\t\t\t\t\t\t<button type=\"button\" class=\"tab\" role=\"tab\" aria-controls=\"block_4680192a367c51126c58f446463dd183-2\" id=\"tab-block_4680192a367c51126c58f446463dd183-2\" tabindex=\"-1\">Digitale Analyse und \u00dcberwachung<\/button>\n\t\t\t\t\t\t\t\t\t\t\t<button type=\"button\" class=\"tab\" role=\"tab\" aria-controls=\"block_4680192a367c51126c58f446463dd183-3\" id=\"tab-block_4680192a367c51126c58f446463dd183-3\" tabindex=\"-1\">Fahrtenbuch &amp; Verbrauchsmaterialverfolgung<\/button>\n\t\t\t\t\t\t\t\t\t<\/div>\n\n\t\t\t\t<div class=\"tab-content\">\n\n\t\t\t\t\t\t\t\t\t\t\t<div class=\"tab_panel\" tabindex=\"0\" role=\"tabpanel\" id=\"block_4680192a367c51126c58f446463dd183-1\" >\n\t\t\t\t\t\t\t<div class=\"tab-background\">\n\t\t\t\t\t\t\t\t<div class=\"image\">\n\t\t\t\t\t\t\t\t\t\t\t\t\t\t\t\t\t\t\t\t\t\t\t\t\t\t\t\t\t\t\t\t\t\t\t\t\t\t\t\t\t\t\t\t\t\t\t\t\t\t\t\t\t\t<picture>\n\t\t\t\t\t\t\t\t\t\t<source media=\"(max-width: 499px)\" srcset=\"https:\/\/img.nmcdn.io\/e1\/w:600,h:800,v:1\/cpm\/wp-content\/uploads\/2026\/04\/Workers-plugging-into-machine.jpg?s=0675def1\">\n\t\t\t\t\t\t\t\t\t\t<source media=\"(max-width: 899px)\" srcset=\"https:\/\/img.nmcdn.io\/e1\/w:1200,h:724,v:1\/cpm\/wp-content\/uploads\/2026\/04\/Workers-plugging-into-machine.jpg?s=505ba28a\">\n\t\t\t\t\t\t\t\t\t\t<img decoding=\"async\" loading=\"eager\" style=\"aspect-ratio: 1.6578947368421;\" src=\"https:\/\/img.nmcdn.io\/e1\/w:1800,h:1086,v:1\/cpm\/wp-content\/uploads\/2026\/04\/Workers-plugging-into-machine.jpg?s=e9ff1973\" width=\"1800\" height=\"1086\" alt=\"\" aria-hidden=\"true\">\n\t\t\t\t\t\t\t\t\t<\/picture>\n\t\t\t\t\t\t\t\t<\/div>\n\t\t\t\t\t\t\t<\/div>\n\t\t\t\t\t\t\t<div class=\"tab-wrap -left\">\n\t\t\t\t\t\t\t\t<div class=\"text -mode-dark\">\n\t\t\t\t\t\t\t\t\t\t\t\t\t\t\t\t\t\t                                                                                                <h2 class=\"block-title\">Im richtigen Moment handeln<\/h2>\t\t\t\t\t\t\t\t\t\t\t\t\t\t\t\t\t\t\t<p data-start=\"1549\" data-end=\"1810\">myinsights ermittelt den optimalen Zeitpunkt f\u00fcr operative Entscheidungen, indem es Maschinenleistungsdaten mit wirtschaftlichen Zusammenh\u00e4ngen kombiniert. So k\u00f6nnen Teams im richtigen Moment handeln, um die Effizienz zu maximieren und unn\u00f6tige Kosten oder St\u00f6rungen zu vermeiden.<\/p>\n<p data-start=\"1812\" data-end=\"2056\">Zu den Funktionen der pr\u00e4diktiven Optimierung geh\u00f6ren: Wirtschaftlichkeitsanalyse, Identifizierung optimaler \u00c4nderungspunkte, Erkenntnisse zur Produktionseffizienz, \u00dcberwachung des Energieverbrauchs, Unterst\u00fctzung bei der Wartungsplanung, automatisierte Empfehlungen und Warnmeldungen.<\/p>\n\n\t\t\t\t\t\t\t\t\t\t\t\t\t\t\t\t\t\t\t\t\t\t\t\t\t\t<\/div>\n\t\t\t\t\t\t\t<\/div>\n\t\t\t\t\t\t<\/div>\n\t\t\t\t\t\t\t\t\t\t\t<div class=\"tab_panel\" tabindex=\"0\" role=\"tabpanel\" id=\"block_4680192a367c51126c58f446463dd183-2\" hidden=\"\">\n\t\t\t\t\t\t\t<div class=\"tab-background\">\n\t\t\t\t\t\t\t\t<div class=\"image\">\n\t\t\t\t\t\t\t\t\t\t\t\t\t\t\t\t\t\t\t\t\t\t\t\t\t\t\t\t\t\t\t\t\t\t\t\t\t\t\t\t\t\t\t\t\t\t\t\t\t\t\t\t\t\t<picture>\n\t\t\t\t\t\t\t\t\t\t<source media=\"(max-width: 499px)\" srcset=\"https:\/\/img.nmcdn.io\/e1\/w:600,h:800,v:1\/cpm\/wp-content\/uploads\/2026\/04\/Workers-in-Control-Room-3.jpg?s=4ff985eb\">\n\t\t\t\t\t\t\t\t\t\t<source media=\"(max-width: 899px)\" srcset=\"https:\/\/img.nmcdn.io\/e1\/w:1200,h:724,v:1\/cpm\/wp-content\/uploads\/2026\/04\/Workers-in-Control-Room-3.jpg?s=1b124594\">\n\t\t\t\t\t\t\t\t\t\t<img decoding=\"async\" loading=\"eager\" style=\"aspect-ratio: 1.6578947368421;\" src=\"https:\/\/img.nmcdn.io\/e1\/w:1800,h:1086,v:1\/cpm\/wp-content\/uploads\/2026\/04\/Workers-in-Control-Room-3.jpg?s=211e459e\" width=\"1800\" height=\"1086\" alt=\"\" aria-hidden=\"true\">\n\t\t\t\t\t\t\t\t\t<\/picture>\n\t\t\t\t\t\t\t\t<\/div>\n\t\t\t\t\t\t\t<\/div>\n\t\t\t\t\t\t\t<div class=\"tab-wrap -left\">\n\t\t\t\t\t\t\t\t<div class=\"text -mode-dark\">\n\t\t\t\t\t\t\t\t\t\t\t\t\t\t\t\t\t\t                                                                                                                                                                                                <h2 class=\"block-title\">Echtzeit- und historische Leistungstransparenz<\/h2>\t\t\t\t\t\t\t\t\t\t\t\t\t\t\t\t\t\t\t<p data-start=\"2168\" data-end=\"2456\">myinsights bietet durch intuitive Dashboards und Echtzeit\u00fcberwachung kontinuierliche Transparenz \u00fcber die Maschinen- und Prozessleistung. Durch die Kombination von Live-Daten mit historischen Analysen erm\u00f6glicht die Plattform Teams, Ineffizienzen zu erkennen und die operative Leistung zu verbessern.<\/p>\n<p data-start=\"2458\" data-end=\"2701\">Zu den digitalen Analysefunktionen geh\u00f6ren: Echtzeit-Leistungs\u00fcberwachung, Analyse der Produktionshistorie, maschinen\u00fcbergreifender Vergleich, Trendanalyse \u00fcber Produktionszyklen hinweg, automatisierte Warnungen und Benachrichtigungen sowie datengest\u00fctzte operative Erkenntnisse.<\/p>\n\n\t\t\t\t\t\t\t\t\t\t\t\t\t\t\t\t\t\t\t\t\t\t\t\t\t\t<\/div>\n\t\t\t\t\t\t\t<\/div>\n\t\t\t\t\t\t<\/div>\n\t\t\t\t\t\t\t\t\t\t\t<div class=\"tab_panel\" tabindex=\"0\" role=\"tabpanel\" id=\"block_4680192a367c51126c58f446463dd183-3\" hidden=\"\">\n\t\t\t\t\t\t\t<div class=\"tab-background\">\n\t\t\t\t\t\t\t\t<div class=\"image\">\n\t\t\t\t\t\t\t\t\t\t\t\t\t\t\t\t\t\t\t\t\t\t\t\t\t\t\t\t\t\t\t\t\t\t\t\t\t\t\t\t\t\t\t\t\t\t\t\t\t\t\t\t\t\t<picture>\n\t\t\t\t\t\t\t\t\t\t<source media=\"(max-width: 499px)\" srcset=\"https:\/\/img.nmcdn.io\/e1\/w:600,h:800,v:1\/cpm\/wp-content\/uploads\/2026\/04\/myinsights-logbook.jpg?s=2cf83d7d\">\n\t\t\t\t\t\t\t\t\t\t<source media=\"(max-width: 899px)\" srcset=\"https:\/\/img.nmcdn.io\/e1\/w:1200,h:724,v:1\/cpm\/wp-content\/uploads\/2026\/04\/myinsights-logbook.jpg?s=694fd86d\">\n\t\t\t\t\t\t\t\t\t\t<img decoding=\"async\" loading=\"eager\" style=\"aspect-ratio: 1.6578947368421;\" src=\"https:\/\/img.nmcdn.io\/e1\/w:1800,h:1086,v:1\/cpm\/wp-content\/uploads\/2026\/04\/myinsights-logbook.jpg?s=61182ebe\" width=\"1800\" height=\"1086\" alt=\"\" aria-hidden=\"true\">\n\t\t\t\t\t\t\t\t\t<\/picture>\n\t\t\t\t\t\t\t\t<\/div>\n\t\t\t\t\t\t\t<\/div>\n\t\t\t\t\t\t\t<div class=\"tab-wrap -left\">\n\t\t\t\t\t\t\t\t<div class=\"text -mode-dark\">\n\t\t\t\t\t\t\t\t\t\t\t\t\t\t\t\t\t\t                                                                                                                                                    <h2 class=\"block-title\">Strukturierte Daten f\u00fcr bessere Entscheidungen<\/h2>\t\t\t\t\t\t\t\t\t\t\t\t\t\t\t\t\t\t\t<p data-start=\"2801\" data-end=\"3078\">Das integrierte Logbuch erm\u00f6glicht die digitale Erfassung des Verbrauchs von Verbrauchsmaterialien und gew\u00e4hrleistet so R\u00fcckverfolgbarkeit und Kontrolle im Werk. Durch die Standardisierung der Datenerfassung schafft myinsights eine verl\u00e4ssliche Betriebshistorie, die eine verbesserte Planung und Entscheidungsfindung unterst\u00fctzt.<\/p>\n<p data-start=\"3080\" data-end=\"3346\">Die Logbuchfunktionen umfassen: Strukturierte Aufzeichnung des Verbrauchs von Verbrauchsmaterialien, Nachverfolgung von \u00c4nderungsereignissen und betrieblichen Eingaben, Vergleich der historischen Leistung, verbesserte R\u00fcckverfolgbarkeit \u00fcber Produktionszyklen hinweg, Unterst\u00fctzung der Wartungsplanung und betriebliche Konsistenz.<\/p>\n\n\t\t\t\t\t\t\t\t\t\t\t\t\t\t\t\t\t\t\t\t\t\t\t\t\t\t<\/div>\n\t\t\t\t\t\t\t<\/div>\n\t\t\t\t\t\t<\/div>\n\t\t\t\t\t\t\t\t\t\t\n\t\t\t\t<\/div>\n\t\t\t<\/div>\n\n\t\t\t\n\t\t<\/div>\n\t<\/div>\n\n\t\n\t\t\t<\/div>\n\n\t\t\t\t\n\t<\/div>\n\n\n\n\t\n\n\t\t\t\t\t\t\t\n\n<div id=\"block_f5385ab5b1b02a9eab1ed41816aa642d\" class=\"nmc-block nmc-block--process-slider block-container alignfull\">\n\t\n\t\t\n\t\t\t<div class=\"blockbody\">\n\t\t\t\t\t<div class=\"bound boundwide\">\n\t\t<div class=\"block-intro\">\n\t\t\t<div class=\"block-intro-left\">\n\t\t\t\t\t\t\t\t\t<p class=\"is-style-eyebrow-heading\">Der Prozess<\/p>\n\t\t\t\t\t\t\t\t                                                                                                            <h2 class=\"block-title\">Kernplattformfunktionen<\/h2>\t\t\t\t\t\t\t<\/div>\n\t\t\t\n\t\t\t\t\t\t\t\n\t\t<\/div>\n\t\t\n\t<\/div>\n\n\t<div class=\"bound boundwider\">\n\t\t<div id=\"slider-block_f5385ab5b1b02a9eab1ed41816aa642d-slider\" class=\"nmc-slider scrollable snaps\" data-nmc-slider role=\"region\" aria-label=\"Inhaltsvorschau-Karussell\">\n\t\t\t\t\t\t\t\n\t\t\t\t\n\t\t\t\t<div class=\"nmc-slide\" role=\"group\" aria-label=\"Folie 1 von 0\" aria-current=\"true\">\n\t\t\t\t\t<div class=\"process-slide\">\n\t\t\t\t\t\t<div class=\"image\">\n\t\t\t\t\t\t\t\n<div class=\"image-auto\" style=\"aspect-ratio: 800 \/ 434;\">\n\t<picture>\n\t\t<source \n\t\t\tmedia=\"(max-width: 600px)\"\n\t\t\tsrcset=\"https:\/\/img.nmcdn.io\/e1\/w:480,h:261,v:1\/cpm\/wp-content\/uploads\/2026\/04\/laptop-myinsights-analytics.jpg?s=a2cde473\">\n\t\t<img  loading=\"lazy\"src=\"https:\/\/img.nmcdn.io\/e1\/w:600,h:326,v:1\/cpm\/wp-content\/uploads\/2026\/04\/laptop-myinsights-analytics.jpg?s=ea31981d\" width=\"800\" height=\"434\" alt=\"\">\n\t<\/picture>\n<\/div>\n\t\t\t\t\t\t<\/div>\n\t\t\t\t\t\t<div class=\"content\">\n\t\t\t\t\t\t\t<div class=\"number\">1<\/div>\n\t\t\t\t\t\t\tAnalyse-Dashboard: Verschaffen Sie sich Einblick in die Maschinen- und Verbrauchsmaterialleistung im Zeitverlauf. Das Analyse-Dashboard liefert historische Daten \u00fcber Tage, Wochen, Monate und Jahre hinweg und erm\u00f6glicht es Bedienern und Anlagenleitern, Trends zu erkennen, die Leistung zu vergleichen und die langfristige Optimierung zu unterst\u00fctzen.\n\t\t\t\t\t\t<\/div>\n\t\t\t\t\t<\/div>\n\t\t\t\t<\/div>\n\t\t\t\t\t\t\t\n\t\t\t\t\n\t\t\t\t<div class=\"nmc-slide\" role=\"group\" aria-label=\"Folie 2 von 0\" >\n\t\t\t\t\t<div class=\"process-slide\">\n\t\t\t\t\t\t<div class=\"image\">\n\t\t\t\t\t\t\t\n<div class=\"image-auto\" style=\"aspect-ratio: 1400 \/ 759;\">\n\t<picture>\n\t\t<source \n\t\t\tmedia=\"(max-width: 600px)\"\n\t\t\tsrcset=\"https:\/\/img.nmcdn.io\/e1\/w:480,h:261,v:1\/cpm\/wp-content\/uploads\/2026\/04\/laptop-myinsights-dashboard.png?s=bca2249c\">\n\t\t<img  loading=\"lazy\"src=\"https:\/\/img.nmcdn.io\/e1\/w:600,h:326,v:1\/cpm\/wp-content\/uploads\/2026\/04\/laptop-myinsights-dashboard.png?s=b81fc136\" width=\"1400\" height=\"759\" alt=\"\">\n\t<\/picture>\n<\/div>\n\t\t\t\t\t\t<\/div>\n\t\t\t\t\t\t<div class=\"content\">\n\t\t\t\t\t\t\t<div class=\"number\">2<\/div>\n\t\t\t\t\t\t\tEchtzeitdaten: \u00dcberwachen Sie die Betriebsleistung mit Live-Daten von Produktionsanlagen. Die Echtzeit\u00fcberwachung erm\u00f6glicht es Teams, Leistungs\u00e4nderungen schnell zu erkennen und zu reagieren, bevor Produktivit\u00e4t oder Effizienz beeintr\u00e4chtigt werden.\n\t\t\t\t\t\t<\/div>\n\t\t\t\t\t<\/div>\n\t\t\t\t<\/div>\n\t\t\t\t\t\t\t\n\t\t\t\t\n\t\t\t\t<div class=\"nmc-slide\" role=\"group\" aria-label=\"Folie 3 von 0\" >\n\t\t\t\t\t<div class=\"process-slide\">\n\t\t\t\t\t\t<div class=\"image\">\n\t\t\t\t\t\t\t\n<div class=\"image-auto\" style=\"aspect-ratio: 1400 \/ 759;\">\n\t<picture>\n\t\t<source \n\t\t\tmedia=\"(max-width: 600px)\"\n\t\t\tsrcset=\"https:\/\/img.nmcdn.io\/e1\/w:480,h:261,v:1\/cpm\/wp-content\/uploads\/2026\/04\/laptop-myinsights-EDL.png?s=3044691e\">\n\t\t<img  loading=\"lazy\"src=\"https:\/\/img.nmcdn.io\/e1\/w:600,h:326,v:1\/cpm\/wp-content\/uploads\/2026\/04\/laptop-myinsights-EDL.png?s=29c61c88\" width=\"1400\" height=\"759\" alt=\"\">\n\t<\/picture>\n<\/div>\n\t\t\t\t\t\t<\/div>\n\t\t\t\t\t\t<div class=\"content\">\n\t\t\t\t\t\t\t<div class=\"number\">3<\/div>\n\t\t\t\t\t\t\tWirtschaftlichkeitsrechner f\u00fcr Werkzeuglebensdauer: Bewerten Sie die finanziellen Auswirkungen von \u00c4nderungen am Verbrauchsmaterial. Der Rechner erm\u00f6glicht es Benutzern, Kosten- und Produktionsdaten einzugeben, um die wirtschaftlichste Strategie f\u00fcr die Werkzeuglebensdauer zu ermitteln.\n\t\t\t\t\t\t<\/div>\n\t\t\t\t\t<\/div>\n\t\t\t\t<\/div>\n\t\t\t\t\t\t\t\n\t\t\t\t\n\t\t\t\t<div class=\"nmc-slide\" role=\"group\" aria-label=\"Folie 4 von 0\" >\n\t\t\t\t\t<div class=\"process-slide\">\n\t\t\t\t\t\t<div class=\"image\">\n\t\t\t\t\t\t\t\n<div class=\"image-auto\" style=\"aspect-ratio: 1400 \/ 759;\">\n\t<picture>\n\t\t<source \n\t\t\tmedia=\"(max-width: 600px)\"\n\t\t\tsrcset=\"https:\/\/img.nmcdn.io\/e1\/w:480,h:261,v:1\/cpm\/wp-content\/uploads\/2026\/04\/laptop-myinsights-logbook.png?s=1731af37\">\n\t\t<img  loading=\"lazy\"src=\"https:\/\/img.nmcdn.io\/e1\/w:600,h:326,v:1\/cpm\/wp-content\/uploads\/2026\/04\/laptop-myinsights-logbook.png?s=099f4445\" width=\"1400\" height=\"759\" alt=\"\">\n\t<\/picture>\n<\/div>\n\t\t\t\t\t\t<\/div>\n\t\t\t\t\t\t<div class=\"content\">\n\t\t\t\t\t\t\t<div class=\"number\">4<\/div>\n\t\t\t\t\t\t\tLogbuch: Verbrauchsmaterialwechsel und Wartungsarbeiten werden in einem strukturierten digitalen Protokoll erfasst. Das Logbuch schafft eine zuverl\u00e4ssige Historie der Betriebsentscheidungen und der Verbrauchsmaterialleistung.\n\t\t\t\t\t\t<\/div>\n\t\t\t\t\t<\/div>\n\t\t\t\t<\/div>\n\t\t\t\t\t<\/div>\n\n\t\t<div class=\"slider-nav-wrap\">\n\t\t\t\n\t\t\t<ul class=\"nmc-dots\">\n\t\t\t<button type=\"button\" class=\"slider-nav prev\" aria-label=\"Vorherige Folie\" data-nmc-slider-target=\"#slider-block_f5385ab5b1b02a9eab1ed41816aa642d-slider\" data-nmc-slider-action=\"prev\"><svg xmlns=\"http:\/\/www.w3.org\/2000\/svg\" width=\"17\" height=\"28\" viewbox=\"0 0 17 28\" role=\"img\" aria-hidden=\"true\" focusable=\"false\"><path d=\"M.1 14.4a.5.5 0 0 1 0-.7L13.7 0h.7l1.8 2c.2.2.2.5 0 .7L4.8 14l11 11.1c.4.4.4 1 0 1.4l-1 1a1 1 0 0 1-1.5 0L.1 14.5Z\"\/><\/svg><\/button>\n\t\t\t\t\t\t\t\t\t<li class=\"active\">\n\t\t\t\t\t\t<button type=\"button\" id=\"slider-1-dot-1\" aria-controls=\"slider-block_f5385ab5b1b02a9eab1ed41816aa642d-slider-1\" class=\"jumpbutton active\" data-nmc-slider-target=\"#slider-block_f5385ab5b1b02a9eab1ed41816aa642d-slider\" aria-label=\"Gehen Sie zu Folie 1 von \" data-nmc-slider-action=\"slide-1\">1<\/button>\n\t\t\t\t\t<\/li>\n\t\t\t\t\t\t\t\t\t<li class=\"\">\n\t\t\t\t\t\t<button type=\"button\" id=\"slider-1-dot-2\" aria-controls=\"slider-block_f5385ab5b1b02a9eab1ed41816aa642d-slider-2\" class=\"jumpbutton\" data-nmc-slider-target=\"#slider-block_f5385ab5b1b02a9eab1ed41816aa642d-slider\" aria-label=\"Gehen Sie zu Folie 2 von \" data-nmc-slider-action=\"slide-2\">2<\/button>\n\t\t\t\t\t<\/li>\n\t\t\t\t\t\t\t\t\t<li class=\"\">\n\t\t\t\t\t\t<button type=\"button\" id=\"slider-1-dot-3\" aria-controls=\"slider-block_f5385ab5b1b02a9eab1ed41816aa642d-slider-3\" class=\"jumpbutton\" data-nmc-slider-target=\"#slider-block_f5385ab5b1b02a9eab1ed41816aa642d-slider\" aria-label=\"Gehen Sie zu Folie 3 von \" data-nmc-slider-action=\"slide-3\">3<\/button>\n\t\t\t\t\t<\/li>\n\t\t\t\t\t\t\t\t\t<li class=\"\">\n\t\t\t\t\t\t<button type=\"button\" id=\"slider-1-dot-4\" aria-controls=\"slider-block_f5385ab5b1b02a9eab1ed41816aa642d-slider-4\" class=\"jumpbutton\" data-nmc-slider-target=\"#slider-block_f5385ab5b1b02a9eab1ed41816aa642d-slider\" aria-label=\"Gehen Sie zu Folie 4 von \" data-nmc-slider-action=\"slide-4\">4<\/button>\n\t\t\t\t\t<\/li>\n\t\t\t\t\t\t\t\t<button type=\"button\" class=\"slider-nav next\" aria-label=\"N\u00e4chste Folie\" data-nmc-slider-target=\"#slider-block_f5385ab5b1b02a9eab1ed41816aa642d-slider\" data-nmc-slider-action=\"next\"><svg xmlns=\"http:\/\/www.w3.org\/2000\/svg\" width=\"17\" height=\"28\" viewbox=\"0 0 17 28\" role=\"img\" aria-hidden=\"true\" focusable=\"false\"><path d=\"M16.2 14.4c.2-.2.2-.5 0-.7L2.6 0a.5.5 0 0 0-.7 0L.1 2v.7L11.5 14 .5 25.1a1 1 0 0 0 0 1.4l1 1c.5.5 1.1.5 1.5 0l13.2-13.1Z\"\/><\/svg><\/button>\n\t\t\t<\/ul>\n\t\t\t\n\t\t<\/div>\n\t<\/div>\n\n\t\t\t<\/div>\n\n\t\t\t\t\n\t<\/div>\n\n\n\n\t\n\n\t\t\t\t\t\t\t\n\n<div id=\"block_d463d1d71c686a741eb8d816a221efa0\" class=\"nmc-block nmc-block--intro-video block-container alignfull\">\n\t\n\t\t\n\t\t\t<div class=\"blockbody\">\n\t\t\t\t\t\t<div class=\"bound boundwider wrap\">\n\t\t\t<div class=\"block-intro\">\n\t\t\t\t\t\t\t\t\t                                                                                                                                                                                                            <h2 class=\"block-title\">Wirtschaftliche Werkzeuglebensdauer: Optimierung der Leistung von Verbrauchsmaterialien<\/h2>\t\t\t\t\t\t\t\t\t\t\t<p class=\"content\">Die Funktion \u201eEconomic Die Life\u201c (EDL) ist eine Schl\u00fcsselanwendung der myinsights-Plattform, die die Leistung von Werkzeugen und Walzen durch pr\u00e4diktive Analysen und \u00f6konomische Modellierung optimiert. Durch die Ermittlung des optimalen wirtschaftlichen Austauschzeitpunkts stellt EDL sicher, dass Komponenten zum optimalen Zeitpunkt ausgetauscht werden und dabei Produktivit\u00e4t, Energieverbrauch und Verschlei\u00dfteillebensdauer in Einklang gebracht werden.<\/p>\n\t\t\t\t\t\t\t\t\t\t<a href=\"https:\/\/onecpm.com\/de\/about-cpm\/contact-us\/\" target=\"\" class=\"btn\">Weitere Informationen anfordern<\/a>\t\t\t<\/div>\n\t\t\t<div class=\"block-video\">\n\t\t\t\t<div class=\"video_wrap\">\n\t\t\t\t\t<div class=\"wistia-aspect\">\n\t\t\t\t\t\t\n\t\t\t\t\t\t<iframe loading=\"lazy\" src=\"https:\/\/fast.wistia.net\/embed\/iframe\/7gl0s7evcf?seo=true&#038;videoFoam=false\" allow=\"autoplay; fullscreen\" allowtransparency=\"true\" frameborder=\"0\" scrolling=\"no\" class=\"wistia_embed\" name=\"wistia_embed\" msallowfullscreen width=\"640\" height=\"360\"><\/iframe>\n\t\t\t\t\t\t<script src=\"https:\/\/fast.wistia.net\/assets\/external\/E-v1.js\" async><\/script>\n\t\t\t\t\t<\/div>\n\t\t\t\t<\/div>\n\t\t\t<\/div>\n\t\t<\/div>\n\t\t\t<\/div>\n\n\t\t\t\t\n\t<\/div>\n\n\n\n\t\n\n\t\t\t\t\t\t\t\n\t\n<div id=\"block_eab71630d8369bd98238daf563e3db5e\" class=\"nmc-block nmc-block--split block-container alignfull -Width alignfull\">\n\t\n\t\t\n\t\t\t<div class=\"blockbody\">\n\t\t\t\t\t<div class=\"bound boundwider\">\n\t\t\n\n<div class=\"split-half\">\n\t<div class=\"split-half-content\">\n\n\t\t\n\n<div class=\"split-half-image\">\n\t\t\t\t\t\t\t\t\t\t<picture>\n\t\t<source media=\"(max-width: 400px)\" srcset=\"https:\/\/img.nmcdn.io\/e1\/w:500,h:530,v:1\/cpm\/wp-content\/uploads\/2026\/04\/EDL-Landing-Page-Header-1.png?s=0e83f022\">\n\t\t<img decoding=\"async\" loading=\"lazy\" style=\"aspect-ratio: 0.94339622641509;\" src=\"https:\/\/img.nmcdn.io\/e1\/w:800,h:848,v:1\/cpm\/wp-content\/uploads\/2026\/04\/EDL-Landing-Page-Header-1.png?s=71413067\" width=\"800\" height=\"848\" alt=\"\">\n\t<\/picture>\n<\/div>\n\n\n\t\t\n\t<\/div>\n<\/div>\n\n\n<div class=\"split-half\">\n\t<div class=\"split-half-content\">\n\n\t\t\n\n<p class=\"is-style-eyebrow-heading\">Kontaktieren Sie uns<\/p>\n\n\n\n<h2 class=\"wp-block-heading\">Beginnen Sie Ihre <strong>Datengesteuerte Reise<\/strong><\/h2>\n\n\n\n<p><\/p>\n\n\n\n<p>myinsights hilft dabei, operative Daten in handlungsrelevante Erkenntnisse umzuwandeln und so intelligentere Entscheidungen und kontinuierliche Verbesserungen in Ihrem gesamten Betrieb zu erm\u00f6glichen.<\/p>\n\n\n\n<p><br>Kontaktieren Sie CPM, um mehr \u00fcber myinsights zu erfahren und wie Economic Die Life die Leistung Ihrer Anlage unterst\u00fctzen kann.<\/p>\n\n\n\n\n\n\t\t\t\t\n\n<div class=\"nmc-block nmc-block--buttons\" id=\"block_30a3ceb5789a580028dd97f4f0f55551\">\n\t<div class=\"blockbody\">\n\t\n\t\t\t\t\t\t\n\t\t<a href=\"https:\/\/onecpm.com\/de\/about-cpm\/contact-us\/\" class=\"btn -btn\" >Lass uns reden<\/a>\n\t\t<\/div>\n<\/div>\n\n\t\t\n\t<\/div>\n<\/div>\n\n\t<\/div>\n\t\t\t<\/div>\n\n\t\t\t\t\n\t<\/div>","protected":false},"excerpt":{"rendered":"","protected":false},"author":21,"featured_media":0,"parent":0,"menu_order":0,"comment_status":"closed","ping_status":"closed","template":"","meta":{"_acf_changed":false,"footnotes":""},"class_list":["post-12139","page","type-page","status-publish","hentry"],"acf":[],"_links":{"self":[{"href":"https:\/\/onecpm.com\/de\/wp-json\/wp\/v2\/pages\/12139","targetHints":{"allow":["GET"]}}],"collection":[{"href":"https:\/\/onecpm.com\/de\/wp-json\/wp\/v2\/pages"}],"about":[{"href":"https:\/\/onecpm.com\/de\/wp-json\/wp\/v2\/types\/page"}],"author":[{"embeddable":true,"href":"https:\/\/onecpm.com\/de\/wp-json\/wp\/v2\/users\/21"}],"replies":[{"embeddable":true,"href":"https:\/\/onecpm.com\/de\/wp-json\/wp\/v2\/comments?post=12139"}],"version-history":[{"count":20,"href":"https:\/\/onecpm.com\/de\/wp-json\/wp\/v2\/pages\/12139\/revisions"}],"predecessor-version":[{"id":12558,"href":"https:\/\/onecpm.com\/de\/wp-json\/wp\/v2\/pages\/12139\/revisions\/12558"}],"wp:attachment":[{"href":"https:\/\/onecpm.com\/de\/wp-json\/wp\/v2\/media?parent=12139"}],"curies":[{"name":"wp","href":"https:\/\/api.w.org\/{rel}","templated":true}]}}