{"id":1490,"date":"2024-04-16T21:42:41","date_gmt":"2024-04-16T21:42:41","guid":{"rendered":"https:\/\/cpm.epicenter1.com\/?page_id=1490"},"modified":"2025-06-24T23:18:22","modified_gmt":"2025-06-24T23:18:22","slug":"automation","status":"publish","type":"page","link":"https:\/\/onecpm.com\/de\/automation","title":{"rendered":"Automatisierung"},"content":{"rendered":"<div id=\"block_2bce42d168348bc3b8fd0c2570a294ac\" class=\"nmc-block nmc-block--masthead-aftermarket block-container alignfull -mode-dark\">\n\t\n\t\t\n\t\t\t<div class=\"blockbody\">\n\t\t\t\t<div class=\"masthead-media -overlay\">\n\t\t<div class=\"image\">\n\t\t\t\t\t\t\t\t\t\t\t\t<picture>\n\t\t\t<source media=\"(max-width: 499px)\" srcset=\"https:\/\/img.nmcdn.io\/e1\/w:600,h:338,v:1\/cpm\/wp-content\/uploads\/2024\/07\/aftermarket-automation-hero.jpg?s=73393dbe\">\n\t\t\t<source media=\"(max-width: 899px)\" srcset=\"https:\/\/img.nmcdn.io\/e1\/w:1200,h:675,v:1\/cpm\/wp-content\/uploads\/2024\/07\/aftermarket-automation-hero.jpg?s=a7c23538\">\n\t\t\t<img fetchpriority=\"high\" decoding=\"async\" loading=\"eager\" style=\"aspect-ratio: 1.7777777777778;\" src=\"https:\/\/img.nmcdn.io\/e1\/w:1800,h:1013,v:1\/cpm\/wp-content\/uploads\/2024\/07\/aftermarket-automation-hero.jpg?s=197bd4c0\" width=\"1800\" height=\"1013\" alt=\"\" aria-hidden=\"true\">\n\t\t<\/picture>\n\t<\/div>\n\t\t\n<\/div>\n<div class=\"bound boundwider\">\n\t<div class=\"masthead-content\">\n\t\t<p class=\"is-style-eyebrow-heading\">Innovation und Technologie<\/strong><\/p>\n\t\t<h1 class=\"page-title\">Automatisierung<\/h1>\n\t\t\t\t\t<\/div>\n<\/div>\n\n<script>\n(function(){\n\tdocument.documentElement.classList.add('-transparent-header');\n})();\n<\/script>\n\t\t\t<\/div>\n\n\t\t\t\t\n\t<\/div>\n\n\n\n\n\n\t\n\n\t\t\t\t\t\t\t\n\n<div id=\"block_1c7eb2fbdc0bff12ad27e36bba89bfcd\" class=\"nmc-block nmc-block--intro-video block-container alignfull\">\n\t\n\t\t\n\t\t\t<div class=\"blockbody\">\n\t\t\t\t\t\t\t\t\t\t\n\t\t\t<div class=\"bound boundwider wrap\">\n\t\t\t<div class=\"block-intro\">\n\t\t\t\t\t\t\t\t\t\t<p class=\"is-style-eyebrow-heading\">\u00dcberblick<\/p>\n\t\t\t\t\t\t\t\t\t\t                                                                                                                                <h2 class=\"block-title\"><strong>Alles unter Kontrolle.<\/strong><\/h2>\t\t\t\t\t\t\t\t\t\t\t<p class=\"content\">Die Prozesssteuerungsl\u00f6sungen von CPM Automation verbessern die Prozesseffizienz und reduzieren ungeplante Ausfallzeiten. Dank unserer Expertise im Bereich Steuerungssysteme k\u00f6nnen wir Prozessl\u00f6sungen f\u00fcr jede Branche anbieten. Steuerungsl\u00f6sungen werden je nach Projektumfang und Budget auf Ihre individuellen Bed\u00fcrfnisse zugeschnitten. Wir k\u00f6nnen L\u00f6sungen f\u00fcr die vollst\u00e4ndige Prozesssteuerung von Anlagen oder eigenst\u00e4ndige Systeme anbieten, unabh\u00e4ngig vom Ger\u00e4tehersteller. Dank unseres rund um die Uhr verf\u00fcgbaren technischen Supportteams k\u00f6nnen Sie sicher sein, dass wir da sind, wenn Sie uns am meisten brauchen.<\/p>\n\t\t\t\t\t\t\t\t\t\t<a href=\"https:\/\/onecpm.com\/de\/about-cpm\/contact-us\/\" target=\"\" class=\"btn\">Kontaktieren Sie einen Automatisierungsexperten<\/a>\t\t\t<\/div>\n\t\t\t<div class=\"block-video\">\n\t\t\t\t<div class=\"video_wrap\">\n\t\t\t\t\t<a  href=\"https:\/\/www.youtube.com\/watch?v=bFZ7IQjSnIk\"  data-video-id=\"bFZ7IQjSnIk\" aria-label=\"Eingebettetes Video abspielen\" data-video-source=\"youtube\">\n\t\t\t\t\t\t\t\t\t\t\t<img decoding=\"async\" loading=\"lazy\" src=\"https:\/\/i.ytimg.com\/vi\/bFZ7IQjSnIk\/maxresdefault.jpg\" width=\"640\" height=\"360\" style=\"display: block; width: 100%\" alt=\"\">\n\t\t\t\n\t\t\t\t\t<\/a>\n\t\t\t\t<\/div>\n\t\t\t<\/div>\n\t\t<\/div>\n\t\t\t<\/div>\n\n\t\t\t\t\n\t<\/div>\n\n\n\n\t\n\n\t\t\t\t\t\t\t\n\n<div id=\"block_e17330ffc4b2fffbf10a238bed007558\" class=\"nmc-block nmc-block--tabbed-ctas block-container alignfull\">\n\t\n\t\t\n\t\t\t<div class=\"blockbody\">\n\t\t\t\t\t\n\t<div class=\"block-wrap gray\">\n\t\t<div class=\"bound boundwider\">\n\t\t\t<div class=\"block-intro -mode-gray\">\n\t\t\t\t<div class=\"block-left\">\n\t\t\t\t\t                                                                                                                        <h2 class=\"block-title\">Effizienz durch Automatisierung<\/h2>\t\t\t\t\t\t\t\t\t\t\t<div class=\"content\">Unsere bew\u00e4hrten, vollst\u00e4ndig integrierten Automatisierungsl\u00f6sungen k\u00f6nnen Ihnen dabei helfen, Ihren Verarbeitungsbetrieb intelligenter zu gestalten. Wenn Sie die Effizienz maximieren, die Sicherheit Ihrer Mitarbeiter verbessern, Energieverbrauch und -leistung optimieren, die Produktqualit\u00e4t verbessern und Wartungsarbeiten vorhersagen m\u00f6chten, ist Automatisierung die logische Wahl. Sorgen Sie mit unseren Automatisierungsl\u00f6sungen und unserem Support daf\u00fcr, dass Ihr Betrieb rund um die Uhr effizient l\u00e4uft.<\/div>\n\t\t\t\t\t\t\t\t\t<\/div>\n\n\t\t\t\t\t\t\t<\/div>\n\n\t\t\t<div class=\"tabs\">\n\t\t\t\t<div class=\"tabs_list\" role=\"tablist\">\n\t\t\t\t\t\t\t\t\t\t\t<button type=\"button\" class=\"tab\" role=\"tab\" aria-controls=\"block_e17330ffc4b2fffbf10a238bed007558-1\" id=\"tab-block_e17330ffc4b2fffbf10a238bed007558-1\" tabindex=\"\">Prozessautomatisierung<\/button>\n\t\t\t\t\t\t\t\t\t\t\t<button type=\"button\" class=\"tab\" role=\"tab\" aria-controls=\"block_e17330ffc4b2fffbf10a238bed007558-2\" id=\"tab-block_e17330ffc4b2fffbf10a238bed007558-2\" tabindex=\"-1\">Maschinensteuerung<\/button>\n\t\t\t\t\t\t\t\t\t\t\t<button type=\"button\" class=\"tab\" role=\"tab\" aria-controls=\"block_e17330ffc4b2fffbf10a238bed007558-3\" id=\"tab-block_e17330ffc4b2fffbf10a238bed007558-3\" tabindex=\"-1\">Design\/Herstellung von Bedienfeldern<\/button>\n\t\t\t\t\t\t\t\t\t<\/div>\n\n\t\t\t\t<div class=\"tab-content\">\n\n\t\t\t\t\t\t\t\t\t\t\t<div class=\"tab_panel\" tabindex=\"0\" role=\"tabpanel\" id=\"block_e17330ffc4b2fffbf10a238bed007558-1\" >\n\t\t\t\t\t\t\t<div class=\"tab-background\">\n\t\t\t\t\t\t\t\t<div class=\"image\">\n\t\t\t\t\t\t\t\t\t\t\t\t\t\t\t\t\t\t\t\t\t\t\t\t\t\t\t\t\t\t\t\t\t\t\t\t\t\t\t\t\t\t\t\t\t\t\t\t\t\t\t\t\t\t<picture>\n\t\t\t\t\t\t\t\t\t\t<source media=\"(max-width: 499px)\" srcset=\"https:\/\/img.nmcdn.io\/e1\/w:600,h:800,v:1\/cpm\/?s=4383b5a1\">\n\t\t\t\t\t\t\t\t\t\t<source media=\"(max-width: 899px)\" srcset=\"https:\/\/img.nmcdn.io\/e1\/w:1200,h:724,v:1\/cpm\/?s=aa1efeb2\">\n\t\t\t\t\t\t\t\t\t\t<img decoding=\"async\" loading=\"eager\" style=\"aspect-ratio: 1.6578947368421;\" src=\"https:\/\/img.nmcdn.io\/e1\/w:1800,h:1086,v:1\/cpm\/?s=d70b96b8\" width=\"1800\" height=\"1086\" alt=\"\" aria-hidden=\"true\">\n\t\t\t\t\t\t\t\t\t<\/picture>\n\t\t\t\t\t\t\t\t<\/div>\n\t\t\t\t\t\t\t<\/div>\n\t\t\t\t\t\t\t<div class=\"tab-wrap -left\">\n\t\t\t\t\t\t\t\t<div class=\"text -mode-dark\">\n\t\t\t\t\t\t\t\t\t\t\t\t\t\t\t\t\t\t\t<p class=\"is-style-eyebrow-heading\">Prozessautomatisierung<\/p>\n\t\t\t\t\t\t\t\t\t\t\t\t\t\t\t\t\t\t                                                                                                                                                                                                                                                                                                                                                <h2 class=\"block-title\">Optimieren Sie Ihre betriebliche Effizienz mit unseren ma\u00dfgeschneiderten automatisierten Prozessl\u00f6sungen.<\/h2>\t\t\t\t\t\t\t\t\t\t\t\t\t\t\t\t\t\t\t<p>Mit Prozessautomatisierungsl\u00f6sungen f\u00fcr die Chargenverarbeitung, Rezepturverwaltung, Biosicherheit und mehr k\u00f6nnen wir Ihren Prozess vom Rohmaterial bis zum fertigen Produkt automatisieren. Unsere Systeme sind so konzipiert, dass sie sich problemlos in Ihre vorhandenen Enterprise Resource Planning- (ERP-) und Finanzsysteme integrieren lassen.<\/p>\n<p>Zu den Funktionen zur Prozessautomatisierung geh\u00f6ren: OT-Netzwerke (Operational Technology), Industrieserver\/-computer, Virtualisierung, Cloud-basierte Berichterstattung, ERP-Integration, Datenanalyse, SPS-\/HMI-Steuerungen: Empfang, Mahlen, Dosieren, Pelletieren, Verladen, Extruder-Compoundieren, Vorbereitung, Extraktion und mehr.<\/p>\n\n\t\t\t\t\t\t\t\t\t\t\t\t\t\t\t\t\t\t\t\t\t\t\t\t\t\t<\/div>\n\t\t\t\t\t\t\t<\/div>\n\t\t\t\t\t\t<\/div>\n\t\t\t\t\t\t\t\t\t\t\t<div class=\"tab_panel\" tabindex=\"0\" role=\"tabpanel\" id=\"block_e17330ffc4b2fffbf10a238bed007558-2\" hidden=\"\">\n\t\t\t\t\t\t\t<div class=\"tab-background\">\n\t\t\t\t\t\t\t\t<div class=\"image\">\n\t\t\t\t\t\t\t\t\t\t\t\t\t\t\t\t\t\t\t\t\t\t\t\t\t\t\t\t\t\t\t\t\t\t\t\t\t\t\t\t\t\t\t\t\t\t\t\t\t\t\t\t\t\t<picture>\n\t\t\t\t\t\t\t\t\t\t<source media=\"(max-width: 499px)\" srcset=\"https:\/\/img.nmcdn.io\/e1\/w:600,h:800,v:1\/cpm\/wp-content\/uploads\/2024\/07\/aftermarket-automation-tab2-1.jpg?s=2265582a\">\n\t\t\t\t\t\t\t\t\t\t<source media=\"(max-width: 899px)\" srcset=\"https:\/\/img.nmcdn.io\/e1\/w:1200,h:724,v:1\/cpm\/wp-content\/uploads\/2024\/07\/aftermarket-automation-tab2-1.jpg?s=ab74d07b\">\n\t\t\t\t\t\t\t\t\t\t<img decoding=\"async\" loading=\"eager\" style=\"aspect-ratio: 1.6578947368421;\" src=\"https:\/\/img.nmcdn.io\/e1\/w:1800,h:1086,v:1\/cpm\/wp-content\/uploads\/2024\/07\/aftermarket-automation-tab2-1.jpg?s=3d9c11e0\" width=\"1800\" height=\"1086\" alt=\"\" aria-hidden=\"true\">\n\t\t\t\t\t\t\t\t\t<\/picture>\n\t\t\t\t\t\t\t\t<\/div>\n\t\t\t\t\t\t\t<\/div>\n\t\t\t\t\t\t\t<div class=\"tab-wrap -right\">\n\t\t\t\t\t\t\t\t<div class=\"text -mode-dark\">\n\t\t\t\t\t\t\t\t\t\t\t\t\t\t\t\t\t\t\t<p class=\"is-style-eyebrow-heading\">Maschinensteuerung<\/p>\n\t\t\t\t\t\t\t\t\t\t\t\t\t\t\t\t\t\t                                                                                                                                                                                                                                                                                        <h2 class=\"block-title\">Steigern Sie die Produktion, senken Sie die Arbeitskosten und verbessern Sie die Sicherheit der Mitarbeiter.<\/h2>\t\t\t\t\t\t\t\t\t\t\t\t\t\t\t\t\t\t\t<p>Wir unterst\u00fctzen Sie bei der Optimierung der Sicherheit und Effizienz Ihrer vorhandenen industriellen Verarbeitungsanlagen, indem wir die Aktualit\u00e4t aller Steuerungskomponenten sicherstellen und intuitive Bedienelemente bereitstellen, die leicht zu erlernen und zu verwenden sind.<\/p>\n\n\t\t\t\t\t\t\t\t\t\t\t\t\t\t\t\t\t\t\t\t\t\t\t\t\t\t<\/div>\n\t\t\t\t\t\t\t<\/div>\n\t\t\t\t\t\t<\/div>\n\t\t\t\t\t\t\t\t\t\t\t<div class=\"tab_panel\" tabindex=\"0\" role=\"tabpanel\" id=\"block_e17330ffc4b2fffbf10a238bed007558-3\" hidden=\"\">\n\t\t\t\t\t\t\t<div class=\"tab-background\">\n\t\t\t\t\t\t\t\t<div class=\"image\">\n\t\t\t\t\t\t\t\t\t\t\t\t\t\t\t\t\t\t\t\t\t\t\t\t\t\t\t\t\t\t\t\t\t\t\t\t\t\t\t\t\t\t\t\t\t\t\t\t\t\t\t\t\t\t<picture>\n\t\t\t\t\t\t\t\t\t\t<source media=\"(max-width: 499px)\" srcset=\"https:\/\/img.nmcdn.io\/e1\/w:600,h:800,v:1\/cpm\/wp-content\/uploads\/2024\/08\/aftermarket-automation-tab3.jpg?s=28781187\">\n\t\t\t\t\t\t\t\t\t\t<source media=\"(max-width: 899px)\" srcset=\"https:\/\/img.nmcdn.io\/e1\/w:1200,h:724,v:1\/cpm\/wp-content\/uploads\/2024\/08\/aftermarket-automation-tab3.jpg?s=98fa2e52\">\n\t\t\t\t\t\t\t\t\t\t<img decoding=\"async\" loading=\"eager\" style=\"aspect-ratio: 1.6578947368421;\" src=\"https:\/\/img.nmcdn.io\/e1\/w:1800,h:1086,v:1\/cpm\/wp-content\/uploads\/2024\/08\/aftermarket-automation-tab3.jpg?s=058e01de\" width=\"1800\" height=\"1086\" alt=\"\" aria-hidden=\"true\">\n\t\t\t\t\t\t\t\t\t<\/picture>\n\t\t\t\t\t\t\t\t<\/div>\n\t\t\t\t\t\t\t<\/div>\n\t\t\t\t\t\t\t<div class=\"tab-wrap -left\">\n\t\t\t\t\t\t\t\t<div class=\"text -mode-dark\">\n\t\t\t\t\t\t\t\t\t\t\t\t\t\t\t\t\t\t\t<p class=\"is-style-eyebrow-heading\">Design\/Herstellung von Bedienfeldern<\/p>\n\t\t\t\t\t\t\t\t\t\t\t\t\t\t\t\t\t\t                                                                                                                                                                                                                                                                                                                                                                                                                                                                                                                                                                                    <h2 class=\"block-title\">Unsere hauseigene UL508A-Schalttafelwerkstatt und unser Team aus Konstrukteuren bieten kundenspezifische Schalttafell\u00f6sungen, die speziell auf Ihren Prozess und Ihre Umgebung abgestimmt sind.<\/h2>\t\t\t\t\t\t\t\t\t\t\t\t\t\t\t\t\t\t\t<p>Unsere Bedienfelder sind so konzipiert und gebaut, dass sie genauso zuverl\u00e4ssig sind wie unsere Steuerungsl\u00f6sungen und l\u00e4nger halten als Ihre Ger\u00e4te. Wir achten auf die kleinsten Details und stellen sicher, dass Ihre Ger\u00e4te auch in den kommenden Jahren die erforderliche Leistung erbringen. Von SPS-Bedienfeldern, Motorsteuerfeldern und Bedienerschnittstellenstationen bis hin zu einfachen Anschlussk\u00e4sten k\u00f6nnen wir jeden gew\u00fcnschten Bedienfeldtyp individuell anpassen und bauen.<\/p>\n\n\t\t\t\t\t\t\t\t\t\t\t\t\t\t\t\t\t\t\t\t\t\t\t\t\t\t<\/div>\n\t\t\t\t\t\t\t<\/div>\n\t\t\t\t\t\t<\/div>\n\t\t\t\t\t\t\t\t\t\t\n\t\t\t\t<\/div>\n\t\t\t<\/div>\n\n\t\t\t\n\t\t<\/div>\n\t<\/div>\n\n\t\n\t\t\t<\/div>\n\n\t\t\t\t\n\t<\/div>\n\n\n\n\t\n\n\t\t\t\t\t\t\t\n\n<div id=\"block_1bc52f3d126b7fa31f73d69c71431915\" class=\"nmc-block nmc-block--process-slider block-container alignfull\">\n\t\n\t\t\n\t\t\t<div class=\"blockbody\">\n\t\t\t\t\t<div class=\"bound boundwide\">\n\t\t<div class=\"block-intro\">\n\t\t\t<div class=\"block-intro-left\">\n\t\t\t\t\t\t\t\t\t<p class=\"is-style-eyebrow-heading\">Der Prozess<\/p>\n\t\t\t\t\t\t\t\t                                                    <h2 class=\"block-title\">Wie es funktioniert<\/h2>\t\t\t\t<a href=\"https:\/\/onecpm.com\/de\/about-cpm\/contact-us\/\" target=\"\" class=\"btn\">Buchen Sie eine kostenlose Beratung<\/a>\t\t\t<\/div>\n\t\t\t\n\t\t\t\t\t\t\t<p class=\"content\">Ob Erweiterung, Steuerungsmodernisierung oder Werksneubau \u2013 unsere intelligenten Automatisierungsl\u00f6sungen lassen sich individuell an jeden Bedarf und jedes Budget anpassen.<\/p>\n\t\t\t\t\t\t\t\n\t\t<\/div>\n\t\t\n\t<\/div>\n\n\t<div class=\"bound boundwider\">\n\t\t<div id=\"slider-block_1bc52f3d126b7fa31f73d69c71431915-slider\" class=\"nmc-slider scrollable snaps\" data-nmc-slider role=\"region\" aria-label=\"Inhaltsvorschau-Karussell\">\n\t\t\t\t\t\t\t\n\t\t\t\t\n\t\t\t\t<div class=\"nmc-slide\" role=\"group\" aria-label=\"Folie 1 von 0\" aria-current=\"true\">\n\t\t\t\t\t<div class=\"process-slide\">\n\t\t\t\t\t\t<div class=\"image\">\n\t\t\t\t\t\t\t\n<div class=\"image-auto\" style=\"aspect-ratio: 1400 \/ 759;\">\n\t<picture>\n\t\t<source \n\t\t\tmedia=\"(max-width: 600px)\"\n\t\t\tsrcset=\"https:\/\/img.nmcdn.io\/e1\/w:480,h:261,v:1\/cpm\/wp-content\/uploads\/2024\/07\/Laptop_01-1.png?s=a5129a6a\">\n\t\t<img  loading=\"lazy\"src=\"https:\/\/img.nmcdn.io\/e1\/w:600,h:326,v:1\/cpm\/wp-content\/uploads\/2024\/07\/Laptop_01-1.png?s=87524b77\" width=\"1400\" height=\"759\" alt=\"\">\n\t<\/picture>\n<\/div>\n\t\t\t\t\t\t<\/div>\n\t\t\t\t\t\t<div class=\"content\">\n\t\t\t\t\t\t\t<div class=\"number\">1<\/div>\n\t\t\t\t\t\t\tWir bewerten Ihren individuellen Prozess, um festzustellen, wie die Automatisierung Ihre Produktion, Sicherheit und Rentabilit\u00e4t verbessern k\u00f6nnte.\n\t\t\t\t\t\t<\/div>\n\t\t\t\t\t<\/div>\n\t\t\t\t<\/div>\n\t\t\t\t\t\t\t\n\t\t\t\t\n\t\t\t\t<div class=\"nmc-slide\" role=\"group\" aria-label=\"Folie 2 von 0\" >\n\t\t\t\t\t<div class=\"process-slide\">\n\t\t\t\t\t\t<div class=\"image\">\n\t\t\t\t\t\t\t\n<div class=\"image-auto\" style=\"aspect-ratio: 1400 \/ 759;\">\n\t<picture>\n\t\t<source \n\t\t\tmedia=\"(max-width: 600px)\"\n\t\t\tsrcset=\"https:\/\/img.nmcdn.io\/e1\/w:480,h:261,v:1\/cpm\/wp-content\/uploads\/2024\/07\/Laptop_02-1.png?s=6c80dba8\">\n\t\t<img  loading=\"lazy\"src=\"https:\/\/img.nmcdn.io\/e1\/w:600,h:326,v:1\/cpm\/wp-content\/uploads\/2024\/07\/Laptop_02-1.png?s=bdb66f92\" width=\"1400\" height=\"759\" alt=\"\">\n\t<\/picture>\n<\/div>\n\t\t\t\t\t\t<\/div>\n\t\t\t\t\t\t<div class=\"content\">\n\t\t\t\t\t\t\t<div class=\"number\">2<\/div>\n\t\t\t\t\t\t\tWir nutzen unser Branchenwissen, um Ineffizienzen zu erkennen und Ihnen aufzuzeigen, wie die intelligenten Systeme und Steuerungen von CPM Automation Ihre Prozesse verbessern k\u00f6nnen.\n\t\t\t\t\t\t<\/div>\n\t\t\t\t\t<\/div>\n\t\t\t\t<\/div>\n\t\t\t\t\t\t\t\n\t\t\t\t\n\t\t\t\t<div class=\"nmc-slide\" role=\"group\" aria-label=\"Folie 3 von 0\" >\n\t\t\t\t\t<div class=\"process-slide\">\n\t\t\t\t\t\t<div class=\"image\">\n\t\t\t\t\t\t\t\n<div class=\"image-auto\" style=\"aspect-ratio: 1400 \/ 759;\">\n\t<picture>\n\t\t<source \n\t\t\tmedia=\"(max-width: 600px)\"\n\t\t\tsrcset=\"https:\/\/img.nmcdn.io\/e1\/w:480,h:261,v:1\/cpm\/wp-content\/uploads\/2024\/07\/Laptop_03-1.png?s=abdbc4b6\">\n\t\t<img  loading=\"lazy\"src=\"https:\/\/img.nmcdn.io\/e1\/w:600,h:326,v:1\/cpm\/wp-content\/uploads\/2024\/07\/Laptop_03-1.png?s=63e68340\" width=\"1400\" height=\"759\" alt=\"\">\n\t<\/picture>\n<\/div>\n\t\t\t\t\t\t<\/div>\n\t\t\t\t\t\t<div class=\"content\">\n\t\t\t\t\t\t\t<div class=\"number\">3<\/div>\n\t\t\t\t\t\t\tWir helfen Ihnen, Ihre Daten zu visualisieren und zu verstehen, damit Sie Entscheidungen in Echtzeit sicher treffen k\u00f6nnen.\n\t\t\t\t\t\t<\/div>\n\t\t\t\t\t<\/div>\n\t\t\t\t<\/div>\n\t\t\t\t\t<\/div>\n\n\t\t<div class=\"slider-nav-wrap\">\n\t\t\t\n\t\t\t<ul class=\"nmc-dots\">\n\t\t\t<button type=\"button\" class=\"slider-nav prev\" aria-label=\"Vorherige Folie\" data-nmc-slider-target=\"#slider-block_1bc52f3d126b7fa31f73d69c71431915-slider\" data-nmc-slider-action=\"prev\"><svg xmlns=\"http:\/\/www.w3.org\/2000\/svg\" width=\"17\" height=\"28\" viewbox=\"0 0 17 28\" role=\"img\" aria-hidden=\"true\" focusable=\"false\"><path d=\"M.1 14.4a.5.5 0 0 1 0-.7L13.7 0h.7l1.8 2c.2.2.2.5 0 .7L4.8 14l11 11.1c.4.4.4 1 0 1.4l-1 1a1 1 0 0 1-1.5 0L.1 14.5Z\"\/><\/svg><\/button>\n\t\t\t\t\t\t\t\t\t<li class=\"active\">\n\t\t\t\t\t\t<button type=\"button\" id=\"slider-1-dot-1\" aria-controls=\"slider-block_1bc52f3d126b7fa31f73d69c71431915-slider-1\" class=\"jumpbutton active\" data-nmc-slider-target=\"#slider-block_1bc52f3d126b7fa31f73d69c71431915-slider\" aria-label=\"Gehen Sie zu Folie 1 von \" data-nmc-slider-action=\"slide-1\">1<\/button>\n\t\t\t\t\t<\/li>\n\t\t\t\t\t\t\t\t\t<li class=\"\">\n\t\t\t\t\t\t<button type=\"button\" id=\"slider-1-dot-2\" aria-controls=\"slider-block_1bc52f3d126b7fa31f73d69c71431915-slider-2\" class=\"jumpbutton\" data-nmc-slider-target=\"#slider-block_1bc52f3d126b7fa31f73d69c71431915-slider\" aria-label=\"Gehen Sie zu Folie 2 von \" data-nmc-slider-action=\"slide-2\">2<\/button>\n\t\t\t\t\t<\/li>\n\t\t\t\t\t\t\t\t\t<li class=\"\">\n\t\t\t\t\t\t<button type=\"button\" id=\"slider-1-dot-3\" aria-controls=\"slider-block_1bc52f3d126b7fa31f73d69c71431915-slider-3\" class=\"jumpbutton\" data-nmc-slider-target=\"#slider-block_1bc52f3d126b7fa31f73d69c71431915-slider\" aria-label=\"Gehen Sie zu Folie 3 von \" data-nmc-slider-action=\"slide-3\">3<\/button>\n\t\t\t\t\t<\/li>\n\t\t\t\t\t\t\t\t<button type=\"button\" class=\"slider-nav next\" aria-label=\"N\u00e4chste Folie\" data-nmc-slider-target=\"#slider-block_1bc52f3d126b7fa31f73d69c71431915-slider\" data-nmc-slider-action=\"next\"><svg xmlns=\"http:\/\/www.w3.org\/2000\/svg\" width=\"17\" height=\"28\" viewbox=\"0 0 17 28\" role=\"img\" aria-hidden=\"true\" focusable=\"false\"><path d=\"M16.2 14.4c.2-.2.2-.5 0-.7L2.6 0a.5.5 0 0 0-.7 0L.1 2v.7L11.5 14 .5 25.1a1 1 0 0 0 0 1.4l1 1c.5.5 1.1.5 1.5 0l13.2-13.1Z\"\/><\/svg><\/button>\n\t\t\t<\/ul>\n\t\t\t\n\t\t<\/div>\n\t<\/div>\n\n\t\t\t<\/div>\n\n\t\t\t\t\n\t<\/div>\n\n\n\n\t\n\n\t\t\t\t\t\t\t\n\n<div id=\"block_888850c54f210ba517a6bea727d90eca\" class=\"nmc-block nmc-block--story-cta block-container alignfull\">\n\t\n\t\t\n\t\t\t<div class=\"blockbody\">\n\t\t\t\t<div class=\"bound boundfull\">\n\t<div class=\"story-wrap -mode-dark\">\n\t\t<div class=\"story-background\">\n\t\t\t<div class=\"image\">\n\t\t\t\t\t\t\t\t\n<picture>\n\t<source srcset=\"https:\/\/img.nmcdn.io\/e1\/w:900,h:600,v:1\/cpm\/wp-content\/uploads\/2024\/03\/solutions-animalfeed-hero.jpg?s=a5b651b3\" width=\"900\" height=\"600\" media=\"(max-width: 900px)\" type=\"image\/webp\">\n\t<source srcset=\"https:\/\/img.nmcdn.io\/e1\/w:900,h:600,v:1\/cpm\/wp-content\/uploads\/2024\/03\/solutions-animalfeed-hero.jpg?s=a5b651b3\" width=\"900\" height=\"600\" media=\"(max-width: 900px)\">\n\t<source srcset=\"https:\/\/img.nmcdn.io\/e1\/w:1256,h:615,v:1\/cpm\/wp-content\/uploads\/2024\/03\/solutions-animalfeed-hero.jpg?s=433aacd2\" type=\"image\/webp\">\n\t<img loading=\"lazy\" decoding=\"async\" src=\"https:\/\/img.nmcdn.io\/e1\/w:1256,h:615,v:1\/cpm\/wp-content\/uploads\/2024\/03\/solutions-animalfeed-hero.jpg?s=433aacd2\" width=\"1256\" height=\"615\" alt=\"\">\n<\/picture>\n\t\t\t<\/div>\n\t\t<\/div>\n\t\t<div class=\"story-content\">\n\t\t\t<div class=\"supheading\">L\u00f6sungen im Spotlight<\/div>\n\t\t\t<div class=\"content\">\n\t\t\t\t                                                                                                                                                                                                                                        <h2 class=\"block-title\">CPM-Automatisierung erm\u00f6glicht eine effizientere Futterproduktion<\/h2>\t\t\t\t\t\t\t\t<a href=\"https:\/\/onecpm.com\/de\/success-story\/adding-sustainability-to-animal-feed-production-with-recycling-efficiency-recapture\/\" target=\"\" class=\"btn -non-btn\">Weiter lesen <svg xmlns=\"http:\/\/www.w3.org\/2000\/svg\" width=\"17\" height=\"12\" viewbox=\"0 0 17 12\" fill=\"none\" role=\"img\" aria-hidden=\"true\" focusable=\"false\"><title>arrow<\/title>\n<path fill-rule=\"evenodd\" clip-rule=\"evenodd\" d=\"M13.9176 6.28571L8.65133 10.5863L9.42733 11.4286L16.3999 5.71429L9.41476 0L8.65362 0.860571L13.9153 5.14286L0.399902 5.14286L0.399902 6.28571L13.9176 6.28571Z\" fill=\"white\"\/>\n<\/svg><span class=\"sr\"> \u00fcber CPM Automatisierung erm\u00f6glicht eine effizientere Futterproduktion<\/span><\/a>\n\t\t\t<\/div>\n\t\t<\/div>\n\t<\/div>\n<\/div>\n\t\t\t<\/div>\n\n\t\t\t\t\n\t<\/div>\n\n\n\n\t\n\n\t\t\t\t\t\t\t\n\t\n<div id=\"block_f9a85162f334c34b77555dad01c14c05\" class=\"nmc-block nmc-block--split block-container alignfull -Width alignfull\">\n\t\n\t\t\n\t\t\t<div class=\"blockbody\">\n\t\t\t\t\t<div class=\"bound boundwider\">\n\t\t\n\n<div class=\"split-half\">\n\t<div class=\"split-half-content\">\n\n\t\t\n\n<div class=\"split-half-image\">\n\t\t\t\t\t\t\t\t\t\t<picture>\n\t\t<source media=\"(max-width: 400px)\" srcset=\"https:\/\/img.nmcdn.io\/e1\/w:500,h:530,v:1\/cpm\/wp-content\/uploads\/2024\/07\/aftermarket-automation-CTA.jpg?s=46d038b0\">\n\t\t<img decoding=\"async\" loading=\"lazy\" style=\"aspect-ratio: 0.94339622641509;\" src=\"https:\/\/img.nmcdn.io\/e1\/w:800,h:848,v:1\/cpm\/wp-content\/uploads\/2024\/07\/aftermarket-automation-CTA.jpg?s=89fd60e0\" width=\"800\" height=\"848\" alt=\"Automation Aftermarket\">\n\t<\/picture>\n<\/div>\n\n\n\t\t\n\t<\/div>\n<\/div>\n\n\n<div class=\"split-half\">\n\t<div class=\"split-half-content\">\n\n\t\t\n\n<p class=\"is-style-eyebrow-heading\">Kontaktieren Sie uns<\/p>\n\n\n\n<h2 class=\"wp-block-heading\"><strong>Holen Sie das Beste heraus<\/strong> aus Ihrem CPM-Ger\u00e4t<\/h2>\n\n\n\n<p>Unsere Ger\u00e4te sind auf eine lange Lebensdauer ausgelegt und mit der richtigen Unterst\u00fctzung werden sie das auch tun. Unser Automatisierungsteam kann Ihnen dabei helfen, Ihre Ger\u00e4te zu modernisieren, auf den neuesten Stand zu bringen und effizienter als je zuvor zu machen, sodass Sie die Lebensdauer Ihrer Ger\u00e4te in Jahrzehnten messen k\u00f6nnen.<\/p>\n\n\n\n\n\n\t\t\t\t\n\n<div class=\"nmc-block nmc-block--buttons\" id=\"block_b20bfbd65dd6a346bb0427b5ce54c3bd\">\n\t<div class=\"blockbody\">\n\t\n\t\t\t\t\t\t\n\t\t<a href=\"https:\/\/onecpm.com\/de\/about-cpm\/contact-us\/\" class=\"btn -btn\" >Lass uns reden<\/a>\n\t\t<\/div>\n<\/div>\n\n\t\t\n\t<\/div>\n<\/div>\n\n\t<\/div>\n\t\t\t<\/div>\n\n\t\t\t\t\n\t<\/div>","protected":false},"excerpt":{"rendered":"","protected":false},"author":1,"featured_media":0,"parent":0,"menu_order":0,"comment_status":"closed","ping_status":"closed","template":"","meta":{"_acf_changed":false,"footnotes":""},"class_list":["post-1490","page","type-page","status-publish","hentry"],"acf":[],"_links":{"self":[{"href":"https:\/\/onecpm.com\/de\/wp-json\/wp\/v2\/pages\/1490","targetHints":{"allow":["GET"]}}],"collection":[{"href":"https:\/\/onecpm.com\/de\/wp-json\/wp\/v2\/pages"}],"about":[{"href":"https:\/\/onecpm.com\/de\/wp-json\/wp\/v2\/types\/page"}],"author":[{"embeddable":true,"href":"https:\/\/onecpm.com\/de\/wp-json\/wp\/v2\/users\/1"}],"replies":[{"embeddable":true,"href":"https:\/\/onecpm.com\/de\/wp-json\/wp\/v2\/comments?post=1490"}],"version-history":[{"count":43,"href":"https:\/\/onecpm.com\/de\/wp-json\/wp\/v2\/pages\/1490\/revisions"}],"predecessor-version":[{"id":10984,"href":"https:\/\/onecpm.com\/de\/wp-json\/wp\/v2\/pages\/1490\/revisions\/10984"}],"wp:attachment":[{"href":"https:\/\/onecpm.com\/de\/wp-json\/wp\/v2\/media?parent=1490"}],"curies":[{"name":"wp","href":"https:\/\/api.w.org\/{rel}","templated":true}]}}