{"id":3570,"date":"2024-06-12T16:42:15","date_gmt":"2024-06-12T16:42:15","guid":{"rendered":"https:\/\/cpm.epicenter1.com\/?page_id=3570"},"modified":"2025-06-24T23:22:51","modified_gmt":"2025-06-24T23:22:51","slug":"process-optimization","status":"publish","type":"page","link":"https:\/\/onecpm.com\/de\/aftermarket-service\/process-optimization","title":{"rendered":"Prozessoptimierung"},"content":{"rendered":"<div id=\"block_91ae372f09b63bf4ab2e8daa7300107c\" class=\"nmc-block nmc-block--masthead-aftermarket block-container alignfull -mode-dark\">\n\t\n\t\t\n\t\t\t<div class=\"blockbody\">\n\t\t\t\t<div class=\"masthead-media -overlay\">\n\t\t<div class=\"image\">\n\t\t\t\t\t\t\t\t\t\t\t\t<picture>\n\t\t\t<source media=\"(max-width: 499px)\" srcset=\"https:\/\/img.nmcdn.io\/e1\/w:600,h:338,v:1\/cpm\/wp-content\/uploads\/2024\/08\/aftermarket-processopt-hero.jpg?s=5ede4385\">\n\t\t\t<source media=\"(max-width: 899px)\" srcset=\"https:\/\/img.nmcdn.io\/e1\/w:1200,h:675,v:1\/cpm\/wp-content\/uploads\/2024\/08\/aftermarket-processopt-hero.jpg?s=3ff02773\">\n\t\t\t<img fetchpriority=\"high\" decoding=\"async\" loading=\"eager\" style=\"aspect-ratio: 1.7777777777778;\" src=\"https:\/\/img.nmcdn.io\/e1\/w:1800,h:1013,v:1\/cpm\/wp-content\/uploads\/2024\/08\/aftermarket-processopt-hero.jpg?s=6065744e\" width=\"1800\" height=\"1013\" alt=\"\" aria-hidden=\"true\">\n\t\t<\/picture>\n\t<\/div>\n\t\t\n<\/div>\n<div class=\"bound boundwider\">\n\t<div class=\"masthead-content\">\n\t\t<p class=\"is-style-eyebrow-heading\">Aftermarket und Service<\/strong><\/p>\n\t\t<h1 class=\"page-title\">Prozessoptimierung<\/h1>\n\t\t\t\t\t<\/div>\n<\/div>\n\n<script>\n(function(){\n\tdocument.documentElement.classList.add('-transparent-header');\n})();\n<\/script>\n\t\t\t<\/div>\n\n\t\t\t\t\n\t<\/div>\n\n\n\n\n\n\t\n\n\t\t\t\t\t\t\t\n\n<div id=\"block_9c3023342c8dce476abd1946c18b515f\" class=\"nmc-block nmc-block--intro-complex block-container alignfull\">\n\t\n\t\t\n\t\t\t<div class=\"blockbody\">\n\t\t\t\t\n\t<div class=\"wrap\">\n\t\t<div class=\"block-intro\">\n\t\t\t\t\t\t\t<p class=\"is-style-eyebrow-heading\">\u00dcberblick<\/p>\n\t\t\t\t\t\t\t\t\t\t                                                                                                                    <h2 class=\"block-title\">Verfahren <strong>Optimierung<\/strong><\/h2>\t\t\t\t\t\t\t\t\t<div class=\"text\">\n\t\t\t\t<p>Unsere Experten f\u00fcr Prozessoptimierung k\u00f6nnen Ihnen helfen, mit weniger mehr zu erreichen. Mehr Geschwindigkeit, mehr Ertrag und mehr Qualit\u00e4t mit weniger Energie, geringeren Kosten und in k\u00fcrzerer Zeit. Wenn Sie sich f\u00fcr CPM entscheiden, profitieren Sie von unserer un\u00fcbertroffenen Erfahrung in der Verarbeitung und Herstellung, unserem tiefgreifenden technischen Scharfsinn, unserer Branchenkenntnis, unseren Prozesssimulationstools und unserer F\u00e4higkeit, die endg\u00fcltige Technologiel\u00f6sung zu entwickeln und bereitzustellen.<\/p>\n\t\t\t<\/div>\n\t\t\t\n\t\t\t\t\t\t\t<a href=\"https:\/\/onecpm.com\/de\/about-cpm\/contact-us\/\" class=\"btn -non-btn\" >In Kontakt kommen<svg xmlns=\"http:\/\/www.w3.org\/2000\/svg\" width=\"17\" height=\"12\" viewbox=\"0 0 17 12\" fill=\"none\" role=\"img\" aria-hidden=\"true\" focusable=\"false\"><title>arrow<\/title>\n<path fill-rule=\"evenodd\" clip-rule=\"evenodd\" d=\"M13.9176 6.28571L8.65133 10.5863L9.42733 11.4286L16.3999 5.71429L9.41476 0L8.65362 0.860571L13.9153 5.14286L0.399902 5.14286L0.399902 6.28571L13.9176 6.28571Z\" fill=\"white\"\/>\n<\/svg><\/a>\t\t\t\t\t<\/div>\n\n\t\t<div class=\"image\">\n\t\t\t\n<div class=\"image-auto\" style=\"aspect-ratio: 600 \/ 738;\">\n\t<picture>\n\t\t<source \n\t\t\tmedia=\"(max-width: 600px)\"\n\t\t\tsrcset=\"https:\/\/img.nmcdn.io\/e1\/w:480,h:591,v:1\/cpm\/wp-content\/uploads\/2024\/07\/aftermarket-processopt-quote.jpg?s=85c97b26\">\n\t\t<img  loading=\"lazy\"src=\"https:\/\/img.nmcdn.io\/e1\/w:600,h:738,v:1\/cpm\/wp-content\/uploads\/2024\/07\/aftermarket-processopt-quote.jpg?s=84a7506b\" width=\"600\" height=\"738\" alt=\"\">\n\t<\/picture>\n<\/div>\n\n\t\t\t\t\t<\/div>\n\t<\/div>\n\n\t\t\t<\/div>\n\n\t\t\t\t\n\t<\/div>\n\n\n\n\t\n\n\t\t\t\t\t\t\t\n\n<div id=\"block_584fa60050f86510ac2ebabfbde43bd7\" class=\"nmc-block nmc-block--tabbed-ctas block-container alignfull\">\n\t\n\t\t\n\t\t\t<div class=\"blockbody\">\n\t\t\t\t\t\n\t<div class=\"block-wrap gray\">\n\t\t<div class=\"bound boundwider\">\n\t\t\t<div class=\"block-intro -mode-gray\">\n\t\t\t\t<div class=\"block-left\">\n\t\t\t\t\t                                                                                                    <h2 class=\"block-title\">Die Optimierungsexperten<\/h2>\t\t\t\t\t\t\t\t\t\t\t<div class=\"content\">Als Hersteller branchenf\u00fchrender Ger\u00e4te verf\u00fcgt CPM \u00fcber einen einzigartigen Vorteil bei der Optimierung Ihrer Prozesse. Dank unserer umfassenden Kenntnisse der Maschinen und ihrer F\u00e4higkeiten k\u00f6nnen wir ma\u00dfgeschneiderte Optimierungsl\u00f6sungen anbieten, die Leistung und Effizienz steigern.\r\n<\/div>\n\t\t\t\t\t\t\t\t\t<\/div>\n\n\t\t\t\t\t\t\t<\/div>\n\n\t\t\t<div class=\"tabs\">\n\t\t\t\t<div class=\"tabs_list\" role=\"tablist\">\n\t\t\t\t\t\t\t\t\t\t\t<button type=\"button\" class=\"tab\" role=\"tab\" aria-controls=\"block_584fa60050f86510ac2ebabfbde43bd7-1\" id=\"tab-block_584fa60050f86510ac2ebabfbde43bd7-1\" tabindex=\"\">Bewertung und Analyse<\/button>\n\t\t\t\t\t\t\t\t\t\t\t<button type=\"button\" class=\"tab\" role=\"tab\" aria-controls=\"block_584fa60050f86510ac2ebabfbde43bd7-2\" id=\"tab-block_584fa60050f86510ac2ebabfbde43bd7-2\" tabindex=\"-1\">Ma\u00dfgeschneiderte L\u00f6sungen<\/button>\n\t\t\t\t\t\t\t\t\t\t\t<button type=\"button\" class=\"tab\" role=\"tab\" aria-controls=\"block_584fa60050f86510ac2ebabfbde43bd7-3\" id=\"tab-block_584fa60050f86510ac2ebabfbde43bd7-3\" tabindex=\"-1\">St\u00e4ndige Verbesserung<\/button>\n\t\t\t\t\t\t\t\t\t<\/div>\n\n\t\t\t\t<div class=\"tab-content\">\n\n\t\t\t\t\t\t\t\t\t\t\t<div class=\"tab_panel\" tabindex=\"0\" role=\"tabpanel\" id=\"block_584fa60050f86510ac2ebabfbde43bd7-1\" >\n\t\t\t\t\t\t\t<div class=\"tab-background\">\n\t\t\t\t\t\t\t\t<div class=\"image\">\n\t\t\t\t\t\t\t\t\t\t\t\t\t\t\t\t\t\t\t\t\t\t\t\t\t\t\t\t\t\t\t\t\t\t\t\t\t\t\t\t\t\t\t\t\t\t\t\t\t\t\t\t\t\t<picture>\n\t\t\t\t\t\t\t\t\t\t<source media=\"(max-width: 499px)\" srcset=\"https:\/\/img.nmcdn.io\/e1\/w:600,h:800,v:1\/cpm\/wp-content\/uploads\/2025\/04\/CPM-Ruiya-Coordinate-Measurement-Work.jpg?s=04b6457f\">\n\t\t\t\t\t\t\t\t\t\t<source media=\"(max-width: 899px)\" srcset=\"https:\/\/img.nmcdn.io\/e1\/w:1200,h:724,v:1\/cpm\/wp-content\/uploads\/2025\/04\/CPM-Ruiya-Coordinate-Measurement-Work.jpg?s=8bb6cd14\">\n\t\t\t\t\t\t\t\t\t\t<img decoding=\"async\" loading=\"eager\" style=\"aspect-ratio: 1.6578947368421;\" src=\"https:\/\/img.nmcdn.io\/e1\/w:1800,h:1086,v:1\/cpm\/wp-content\/uploads\/2025\/04\/CPM-Ruiya-Coordinate-Measurement-Work.jpg?s=45575d6c\" width=\"1800\" height=\"1086\" alt=\"\" aria-hidden=\"true\">\n\t\t\t\t\t\t\t\t\t<\/picture>\n\t\t\t\t\t\t\t\t<\/div>\n\t\t\t\t\t\t\t<\/div>\n\t\t\t\t\t\t\t<div class=\"tab-wrap -left\">\n\t\t\t\t\t\t\t\t<div class=\"text -mode-dark\">\n\t\t\t\t\t\t\t\t\t\t\t\t\t\t\t\t\t\t\t<p class=\"is-style-eyebrow-heading\">Bewertung und Analyse<\/p>\n\t\t\t\t\t\t\t\t\t\t\t\t\t\t\t\t\t\t                                                                                                                                                <h2 class=\"block-title\">Wir sehen Herausforderungen als Chancen.<\/h2>\t\t\t\t\t\t\t\t\t\t\t\t\t\t\t\t\t\t\t<p>Wir analysieren Ihre Ger\u00e4te, Prozesse und Arbeitsabl\u00e4ufe, um Verbesserungsbereiche zu identifizieren. Indem wir Ihre spezifischen Bed\u00fcrfnisse und Herausforderungen verstehen, k\u00f6nnen wir ma\u00dfgeschneiderte L\u00f6sungen entwickeln, die Ergebnisse liefern. Mithilfe unserer hochmodernen Prozesssimulationssoftware k\u00f6nnen wir den Return-on-Investment und Prozesseinsparungen ermitteln und berechnen.<\/p>\n\n\t\t\t\t\t\t\t\t\t\t\t\t\t\t\t\t\t\t\t\t\t\t\t\t\t\t<\/div>\n\t\t\t\t\t\t\t<\/div>\n\t\t\t\t\t\t<\/div>\n\t\t\t\t\t\t\t\t\t\t\t<div class=\"tab_panel\" tabindex=\"0\" role=\"tabpanel\" id=\"block_584fa60050f86510ac2ebabfbde43bd7-2\" hidden=\"\">\n\t\t\t\t\t\t\t<div class=\"tab-background\">\n\t\t\t\t\t\t\t\t<div class=\"image\">\n\t\t\t\t\t\t\t\t\t\t\t\t\t\t\t\t\t\t\t\t\t\t\t\t\t\t\t\t\t\t\t\t\t\t\t\t\t\t\t\t\t\t\t\t\t\t\t\t\t\t\t\t\t\t<picture>\n\t\t\t\t\t\t\t\t\t\t<source media=\"(max-width: 499px)\" srcset=\"https:\/\/img.nmcdn.io\/e1\/w:600,h:800,v:1\/cpm\/wp-content\/uploads\/2025\/04\/Customer-Care_Lennon_Griffin_Industrial-Solutions-scaled.jpg?s=1f428eb6\">\n\t\t\t\t\t\t\t\t\t\t<source media=\"(max-width: 899px)\" srcset=\"https:\/\/img.nmcdn.io\/e1\/w:1200,h:724,v:1\/cpm\/wp-content\/uploads\/2025\/04\/Customer-Care_Lennon_Griffin_Industrial-Solutions-scaled.jpg?s=4bdf1047\">\n\t\t\t\t\t\t\t\t\t\t<img decoding=\"async\" loading=\"eager\" style=\"aspect-ratio: 1.6578947368421;\" src=\"https:\/\/img.nmcdn.io\/e1\/w:1800,h:1086,v:1\/cpm\/wp-content\/uploads\/2025\/04\/Customer-Care_Lennon_Griffin_Industrial-Solutions-scaled.jpg?s=d86e610d\" width=\"1800\" height=\"1086\" alt=\"\" aria-hidden=\"true\">\n\t\t\t\t\t\t\t\t\t<\/picture>\n\t\t\t\t\t\t\t\t<\/div>\n\t\t\t\t\t\t\t<\/div>\n\t\t\t\t\t\t\t<div class=\"tab-wrap -right\">\n\t\t\t\t\t\t\t\t<div class=\"text -mode-dark\">\n\t\t\t\t\t\t\t\t\t\t\t\t\t\t\t\t\t\t\t<p class=\"is-style-eyebrow-heading\">Ma\u00dfgeschneiderte L\u00f6sungen<\/p>\n\t\t\t\t\t\t\t\t\t\t\t\t\t\t\t\t\t\t                                                                                                                                <h2 class=\"block-title\">Intelligente L\u00f6sungen f\u00fcr Ihre Anforderungen.<\/h2>\t\t\t\t\t\t\t\t\t\t\t\t\t\t\t\t\t\t\t<p>Es gibt bei der Optimierung keine Einheitsl\u00f6sung, aber unsere Techniker und Ingenieure verf\u00fcgen \u00fcber das n\u00f6tige Fachwissen, um Ihre L\u00f6sung zu finden und die Verbesserungen herbeizuf\u00fchren, die Sie brauchen.<\/p>\n<p>Mithilfe unserer Tools, Tests und Fachkenntnisse ermitteln wir, wo Sie die Effizienz Ihres Betriebs verbessern k\u00f6nnen, entdecken L\u00fccken in der Technologie und Automatisierung und schlagen empfehlenswerte M\u00f6glichkeiten und Interventionen vor.<\/p>\n\n\t\t\t\t\t\t\t\t\t\t\t\t\t\t\t\t\t\t\t\t\t\t\t\t\t\t<\/div>\n\t\t\t\t\t\t\t<\/div>\n\t\t\t\t\t\t<\/div>\n\t\t\t\t\t\t\t\t\t\t\t<div class=\"tab_panel\" tabindex=\"0\" role=\"tabpanel\" id=\"block_584fa60050f86510ac2ebabfbde43bd7-3\" hidden=\"\">\n\t\t\t\t\t\t\t<div class=\"tab-background\">\n\t\t\t\t\t\t\t\t<div class=\"image\">\n\t\t\t\t\t\t\t\t\t\t\t\t\t\t\t\t\t\t\t\t\t\t\t\t\t\t\t\t\t\t\t\t\t\t\t\t\t\t\t\t\t\t\t\t\t\t\t\t\t\t\t\t\t\t<picture>\n\t\t\t\t\t\t\t\t\t\t<source media=\"(max-width: 499px)\" srcset=\"https:\/\/img.nmcdn.io\/e1\/w:600,h:800,v:1\/cpm\/wp-content\/uploads\/2024\/07\/aftermarket-processopt-tab3.jpg?s=265304cb\">\n\t\t\t\t\t\t\t\t\t\t<source media=\"(max-width: 899px)\" srcset=\"https:\/\/img.nmcdn.io\/e1\/w:1200,h:724,v:1\/cpm\/wp-content\/uploads\/2024\/07\/aftermarket-processopt-tab3.jpg?s=6db60ca1\">\n\t\t\t\t\t\t\t\t\t\t<img decoding=\"async\" loading=\"eager\" style=\"aspect-ratio: 1.6578947368421;\" src=\"https:\/\/img.nmcdn.io\/e1\/w:1800,h:1086,v:1\/cpm\/wp-content\/uploads\/2024\/07\/aftermarket-processopt-tab3.jpg?s=8bd874ae\" width=\"1800\" height=\"1086\" alt=\"\" aria-hidden=\"true\">\n\t\t\t\t\t\t\t\t\t<\/picture>\n\t\t\t\t\t\t\t\t<\/div>\n\t\t\t\t\t\t\t<\/div>\n\t\t\t\t\t\t\t<div class=\"tab-wrap -left\">\n\t\t\t\t\t\t\t\t<div class=\"text -mode-dark\">\n\t\t\t\t\t\t\t\t\t\t\t\t\t\t\t\t\t\t\t<p class=\"is-style-eyebrow-heading\">St\u00e4ndige Verbesserung<\/p>\n\t\t\t\t\t\t\t\t\t\t\t\t\t\t\t\t\t\t                                                                                                                                    <h2 class=\"block-title\">Es wird einfach immer besser.<\/h2>\t\t\t\t\t\t\t\t\t\t\t\t\t\t\t\t\t\t\t<p>Optimierung ist ein fortlaufender Prozess. Unsere Daten erm\u00f6glichen Ihnen fundierte Entscheidungen \u00fcber Ihre n\u00e4chsten Schritte bei Prozess- und Betriebsverbesserungen. Und wir sind bereit, Sie bei jedem Schritt auf dem Weg zu unterst\u00fctzen, indem wir regelm\u00e4\u00dfige Check-Ins, Leistungsbewertungen und Best Practices sowie sogar die vollst\u00e4ndige Entwicklung und Bereitstellung der Technologie- und Automatisierungsl\u00f6sung anbieten.<\/p>\n\n\t\t\t\t\t\t\t\t\t\t\t\t\t\t\t\t\t\t\t\t\t\t\t\t\t\t<\/div>\n\t\t\t\t\t\t\t<\/div>\n\t\t\t\t\t\t<\/div>\n\t\t\t\t\t\t\t\t\t\t\n\t\t\t\t<\/div>\n\t\t\t<\/div>\n\n\t\t\t\n\t\t<\/div>\n\t<\/div>\n\n\t\n\t\t\t<\/div>\n\n\t\t\t\t\n\t<\/div>\n\n\n\n\t\n\n\t\t\t\t\t\t\t\n\n<div id=\"block_d5944147fb282c7ae7df9d6c7745f244\" class=\"nmc-block nmc-block--story-cta block-container alignfull\">\n\t\n\t\t\n\t\t\t<div class=\"blockbody\">\n\t\t\t\t<div class=\"bound boundfull\">\n\t<div class=\"story-wrap -mode-dark\">\n\t\t<div class=\"story-background\">\n\t\t\t<div class=\"image\">\n\t\t\t\t\t\t\t\t\n<picture>\n\t<source srcset=\"https:\/\/img.nmcdn.io\/e1\/w:900,h:600,v:1\/cpm\/wp-content\/uploads\/imported-files\/news-building-equipment-lifetime-california-pellet-mill.jpg?s=9655c320\" width=\"900\" height=\"600\" media=\"(max-width: 900px)\" type=\"image\/webp\">\n\t<source srcset=\"https:\/\/img.nmcdn.io\/e1\/w:900,h:600,v:1\/cpm\/wp-content\/uploads\/imported-files\/news-building-equipment-lifetime-california-pellet-mill.jpg?s=9655c320\" width=\"900\" height=\"600\" media=\"(max-width: 900px)\">\n\t<source srcset=\"https:\/\/img.nmcdn.io\/e1\/w:1256,h:615,v:1\/cpm\/wp-content\/uploads\/imported-files\/news-building-equipment-lifetime-california-pellet-mill.jpg?s=2280a070\" type=\"image\/webp\">\n\t<img loading=\"lazy\" decoding=\"async\" src=\"https:\/\/img.nmcdn.io\/e1\/w:1256,h:615,v:1\/cpm\/wp-content\/uploads\/imported-files\/news-building-equipment-lifetime-california-pellet-mill.jpg?s=2280a070\" width=\"1256\" height=\"615\" alt=\"building equipment news\">\n<\/picture>\n\t\t\t<\/div>\n\t\t<\/div>\n\t\t<div class=\"story-content\">\n\t\t\t<div class=\"supheading\">L\u00f6sungen im Spotlight<\/div>\n\t\t\t<div class=\"content\">\n\t\t\t\t                                                                                                                                                                                                                        <h2 class=\"block-title\">Bau und Erhaltung von Ger\u00e4ten, die ein Leben lang halten<\/h2>\t\t\t\t\t\t\t\t<a href=\"https:\/\/onecpm.com\/de\/success-story\/building-supporting-equipment-that-lasts-a-lifetime\/\" target=\"\" class=\"btn -non-btn\">Weiter lesen <svg xmlns=\"http:\/\/www.w3.org\/2000\/svg\" width=\"17\" height=\"12\" viewbox=\"0 0 17 12\" fill=\"none\" role=\"img\" aria-hidden=\"true\" focusable=\"false\"><title>arrow<\/title>\n<path fill-rule=\"evenodd\" clip-rule=\"evenodd\" d=\"M13.9176 6.28571L8.65133 10.5863L9.42733 11.4286L16.3999 5.71429L9.41476 0L8.65362 0.860571L13.9153 5.14286L0.399902 5.14286L0.399902 6.28571L13.9176 6.28571Z\" fill=\"white\"\/>\n<\/svg><span class=\"sr\"> \u00fcber den Bau und die Unterst\u00fctzung von Ger\u00e4ten, die ein Leben lang halten<\/span><\/a>\n\t\t\t<\/div>\n\t\t<\/div>\n\t<\/div>\n<\/div>\n\t\t\t<\/div>\n\n\t\t\t\t\n\t<\/div>\n\n\n\n\t\n\n\t\t\t\t\t\t\t\n\t\n<div id=\"block_7d75a855c814650c53bd1f10b87c373d\" class=\"nmc-block nmc-block--split block-container alignfull -Width alignfull\">\n\t\n\t\t\n\t\t\t<div class=\"blockbody\">\n\t\t\t\t\t<div class=\"bound boundwider\">\n\t\t\n\n<div class=\"split-half\">\n\t<div class=\"split-half-content\">\n\n\t\t\n\n<div class=\"split-half-image\">\n\t\t\t\t\t\t\t\t\t\t<picture>\n\t\t<source media=\"(max-width: 400px)\" srcset=\"https:\/\/img.nmcdn.io\/e1\/w:500,h:530,v:1\/cpm\/wp-content\/uploads\/2024\/07\/aftermarket-processopt-CTA-1.jpg?s=c4776635\">\n\t\t<img decoding=\"async\" loading=\"lazy\" style=\"aspect-ratio: 0.94339622641509;\" src=\"https:\/\/img.nmcdn.io\/e1\/w:800,h:848,v:1\/cpm\/wp-content\/uploads\/2024\/07\/aftermarket-processopt-CTA-1.jpg?s=59152cd7\" width=\"800\" height=\"848\" alt=\"Process Optimization\">\n\t<\/picture>\n<\/div>\n\n\n\t\t\n\t<\/div>\n<\/div>\n\n\n<div class=\"split-half\">\n\t<div class=\"split-half-content\">\n\n\t\t\n\n<p class=\"is-style-eyebrow-heading\">Kontaktieren Sie uns<\/p>\n\n\n\n<h2 class=\"wp-block-heading\"><strong>Holen Sie das Beste heraus<\/strong> aus Ihrem CPM-Ger\u00e4t<\/h2>\n\n\n\n<p>Sparen Sie mit den Prozessoptimierungsexperten von CPM Zeit und Ressourcen und verbessern Sie Ihr Gesch\u00e4ftsergebnis. Kontaktieren Sie uns noch heute, um zu erfahren, wie wir Ihnen beim Erreichen Ihrer Betriebsziele helfen k\u00f6nnen.<\/p>\n\n\n\n\n\n\t\t\t\t\n\n<div class=\"nmc-block nmc-block--buttons\" id=\"block_db8666238a897a8e29738a6d96c676a5\">\n\t<div class=\"blockbody\">\n\t\n\t\t\t\t\t\t\n\t\t<a href=\"https:\/\/onecpm.com\/de\/about-cpm\/contact-us\/\" class=\"btn -btn\" >Kontaktieren Sie uns<\/a>\n\t\t<\/div>\n<\/div>\n\n\t\t\n\t<\/div>\n<\/div>\n\n\t<\/div>\n\t\t\t<\/div>\n\n\t\t\t\t\n\t<\/div>","protected":false},"excerpt":{"rendered":"","protected":false},"author":1,"featured_media":0,"parent":772,"menu_order":1,"comment_status":"closed","ping_status":"closed","template":"","meta":{"_acf_changed":false,"footnotes":""},"class_list":["post-3570","page","type-page","status-publish","hentry"],"acf":[],"_links":{"self":[{"href":"https:\/\/onecpm.com\/de\/wp-json\/wp\/v2\/pages\/3570","targetHints":{"allow":["GET"]}}],"collection":[{"href":"https:\/\/onecpm.com\/de\/wp-json\/wp\/v2\/pages"}],"about":[{"href":"https:\/\/onecpm.com\/de\/wp-json\/wp\/v2\/types\/page"}],"author":[{"embeddable":true,"href":"https:\/\/onecpm.com\/de\/wp-json\/wp\/v2\/users\/1"}],"replies":[{"embeddable":true,"href":"https:\/\/onecpm.com\/de\/wp-json\/wp\/v2\/comments?post=3570"}],"version-history":[{"count":20,"href":"https:\/\/onecpm.com\/de\/wp-json\/wp\/v2\/pages\/3570\/revisions"}],"predecessor-version":[{"id":10991,"href":"https:\/\/onecpm.com\/de\/wp-json\/wp\/v2\/pages\/3570\/revisions\/10991"}],"up":[{"embeddable":true,"href":"https:\/\/onecpm.com\/de\/wp-json\/wp\/v2\/pages\/772"}],"wp:attachment":[{"href":"https:\/\/onecpm.com\/de\/wp-json\/wp\/v2\/media?parent=3570"}],"curies":[{"name":"wp","href":"https:\/\/api.w.org\/{rel}","templated":true}]}}