{"id":7276,"date":"2024-07-24T19:58:28","date_gmt":"2024-07-24T19:58:28","guid":{"rendered":"https:\/\/cpm.epicenter1.com\/safety-by-design\/cpm-photo-contest-privacy-notice"},"modified":"2024-07-24T20:03:07","modified_gmt":"2024-07-24T20:03:07","slug":"cpm-photo-contest-privacy-notice","status":"publish","type":"page","link":"https:\/\/onecpm.com\/de\/safety-by-design\/cpm-photo-contest-privacy-notice","title":{"rendered":"Datenschutzhinweis zum Fotowettbewerb CPM"},"content":{"rendered":"<p class=\"is-style-eyebrow-heading\"><strong>ANHANG I<\/strong><\/p>\n\n\n\n<p class=\"is-style-small-heading\"><strong>DATENSCHUTZERKL\u00c4RUNG ZUM FOTOWETTBEWERB VON CPM HOLDINGS, INC.<\/strong><\/p>\n\n\n\n<p><\/p>\n\n\n\n<p class=\"is-style-heading-6\"><strong>1. Einleitung<\/strong><\/p>\n\n\n\n<p>Dieser Datenschutzhinweis zum Fotowettbewerb (\u201e<strong>Beachten<\/strong>\u201d) beschreibt die Schritte, die&nbsp;<strong>CPM Holdings, Inc.&nbsp;<\/strong>(\u201e<strong>Unternehmen<\/strong>\u201d, \u201c<strong>Wir<\/strong>&quot; oder &quot;<strong>uns<\/strong>\u201d), Teil der CPM-Unternehmensgruppe (\u201e<strong>CPM<\/strong>&nbsp;<strong>Gruppe<\/strong>\u201d, \u201c<strong>Wir<\/strong>&quot; oder &quot;<strong>uns<\/strong>\u201d), ergreift Ma\u00dfnahmen zum Schutz der personenbezogenen Daten, die wir \u00fcber unsere Mitarbeiter im Rahmen des CPM-Fotowettbewerbs verarbeiten (\u201e<strong>Fotowettbewerb<\/strong>\u201d). Im Zusammenhang mit Ihrer Teilnahme am Fotowettbewerb, sei es als Fotograf oder als Motiv eines im Rahmen des Fotowettbewerbs eingereichten Fotos, erheben, speichern, verwenden und verarbeiten wir personenbezogene Daten \u00fcber Sie f\u00fcr verschiedene, unten aufgef\u00fchrte Marketingzwecke. Das Unternehmen verpflichtet sich, die personenbezogenen Daten, die wir \u00fcber Sie verarbeiten, gem\u00e4\u00df den Datenschutzgrunds\u00e4tzen der Datenschutz-Grundverordnung der Europ\u00e4ischen Union (\u201e<strong>DSGVO<\/strong>\u201d).&nbsp;<\/p>\n\n\n\n<p>Dieser Hinweis bezieht sich nur auf alle personenbezogenen Daten im Rahmen des Fotowettbewerbs und \u00e4ndert oder ersetzt nicht den Datenschutzhinweis f\u00fcr Mitarbeiter CPM.<\/p>\n\n\n\n<p>Diese Mitteilung kann von Zeit zu Zeit ge\u00e4ndert werden. Wir werden Sie innerhalb einer angemessenen Frist vor dem Inkrafttreten der \u00c4nderung \u00fcber \u00c4nderungen informieren.<\/p>\n\n\n\n<p>In dieser Mitteilung verwendete gro\u00dfgeschriebene Begriffe werden in Abschnitt 9 dieser Mitteilung definiert.<\/p>\n\n\n\n<p class=\"is-style-heading-6\"><strong>2. Identit\u00e4t des Verantwortlichen und Datenschutzbeauftragten<\/strong><\/p>\n\n\n\n<p>Das Unternehmen ist f\u00fcr die Verarbeitung Ihrer personenbezogenen Daten verantwortlich und fungiert als Datenverantwortlicher. Dar\u00fcber hinaus hat das Unternehmen einen Datenschutzbeauftragten ernannt, der unter den folgenden Kontaktdaten erreichbar ist:\u00a0<\/p>\n\n\n\n<figure class=\"wp-block-table is-style-stripes\"><table><thead><tr><th><strong>Name<\/strong><\/th><th><strong>Telefonnummer<\/strong><\/th><\/tr><\/thead><tbody><tr><td>Sean M. Callison<\/td><td>319-493-3906<\/td><\/tr><\/tbody><\/table><\/figure>\n\n\n\n<p class=\"is-style-heading-6\"><strong>3. Zwecke und Rechtsgrundlagen f\u00fcr die Verarbeitung personenbezogener Daten<\/strong><\/p>\n\n\n\n<p>Das Unternehmen st\u00fctzt sich auf&nbsp;<strong>Ihre Einwilligung<\/strong>&nbsp;Verarbeitet Ihre im Zusammenhang mit dem Fotowettbewerb \u00fcbermittelten personenbezogenen Daten f\u00fcr die folgenden Zwecke:<\/p>\n\n\n\n<ul class=\"wp-block-list\">\n<li>zur Aufnahme in s\u00e4mtliche Ver\u00f6ffentlichungen des Unternehmens, einschlie\u00dflich webbasierter Ver\u00f6ffentlichungen zur Werbung f\u00fcr das Unternehmen;<\/li>\n\n\n\n<li>zur Verwendung in allgemeinen Werbekampagnen des Unternehmens und f\u00fcr bestimmte Produkte; und<\/li>\n\n\n\n<li>zur Verwendung im B\u00fcro und anderen Arbeitsbereichen.<\/li>\n\n\n\n<li>Alle oben aufgef\u00fchrten Zwecke k\u00f6nnen in allen Rechtsr\u00e4umen ausgef\u00fchrt werden, in denen unser Unternehmen weltweit t\u00e4tig ist.<\/li>\n<\/ul>\n\n\n\n<p class=\"is-style-heading-6\"><strong>4. Kategorien und Quellen der von uns verarbeiteten personenbezogenen Daten<\/strong><\/p>\n\n\n\n<p>Das Unternehmen verarbeitet zu diesen Zwecken die folgenden Kategorien personenbezogener Daten:<\/p>\n\n\n\n<ul class=\"wp-block-list\">\n<li>Name<\/li>\n\n\n\n<li>Gesch\u00e4ftliche Kontaktdaten<\/li>\n\n\n\n<li>Pers\u00f6nliche E-Mail-Adresse oder andere private Kontaktdaten, um auch nach Beendigung Ihres Besch\u00e4ftigungsverh\u00e4ltnisses mit dem Unternehmen Kontakt halten zu k\u00f6nnen<\/li>\n\n\n\n<li>Bild\u00a0<\/li>\n\n\n\n<li>Berufsbezeichnung<\/li>\n\n\n\n<li>Arbeitsplatzstandort\u00a0\u00a0\u00a0<\/li>\n<\/ul>\n\n\n\n<p>Wir verarbeiten im Zusammenhang mit dem Fotowettbewerb keine besonderen Kategorien personenbezogener Daten, beispielsweise personenbezogene Daten im Zusammenhang mit Ihrer Gesundheit, Ihrem Sexualleben oder Ihrer sexuellen Orientierung.<\/p>\n\n\n\n<p>Die meisten personenbezogenen Daten, die wir verarbeiten, haben wir direkt von Ihnen erhalten. Andere personenbezogene Daten k\u00f6nnen bereitgestellt werden von<em>:<\/em>&nbsp;Ihre Vorgesetzten, die Personalabteilung, ein Mitarbeiter, der Ihr Foto macht, oder andere.<\/p>\n\n\n\n<p class=\"is-style-heading-6\"><strong>5. Ihre Rechte<\/strong><\/p>\n\n\n\n<p>Die DSGVO gew\u00e4hrt Ihnen bestimmte Rechte in Bezug auf die Verarbeitung Ihrer personenbezogenen Daten, darunter:<\/p>\n\n\n\n<ul class=\"wp-block-list\">\n<li><strong>Fordern Sie Zugriff auf Ihre pers\u00f6nlichen Daten an\u00a0<\/strong>(allgemein bekannt als \u201e<strong>Auskunftsanfrage der betroffenen Person<\/strong>\u201d). Dadurch haben Sie die M\u00f6glichkeit, eine Kopie der von uns \u00fcber Sie gespeicherten personenbezogenen Daten zu erhalten und zu \u00fcberpr\u00fcfen, ob wir diese rechtm\u00e4\u00dfig verarbeiten.<\/li>\n\n\n\n<li><strong>Antrag auf Berichtigung, Korrektur oder Aktualisierung Ihrer personenbezogenen Daten<\/strong>. Auf diese Weise k\u00f6nnen Sie unvollst\u00e4ndige oder ungenaue Informationen, die wir \u00fcber Sie gespeichert haben, berichtigen oder aktualisieren lassen.<\/li>\n\n\n\n<li><strong>Antrag auf Daten\u00fcbertragbarkeit (dass Ihnen Ihre personenbezogenen Daten in einem maschinenlesbaren Format bereitgestellt werden)<\/strong>\u00a0soweit dieses Recht im Besch\u00e4ftigungskontext relevant ist.<\/li>\n\n\n\n<li><strong>Fordern Sie die L\u00f6schung (eines Teils) Ihrer personenbezogenen Daten an<\/strong>. Damit k\u00f6nnen Sie uns auffordern, personenbezogene Daten zu l\u00f6schen oder zu entfernen, wenn es keinen triftigen Grund f\u00fcr unsere weitere Verarbeitung gibt. Sie haben auch das Recht, uns aufzufordern, personenbezogene Daten zu l\u00f6schen oder zu entfernen, wenn Sie von Ihrem Widerspruchsrecht gegen die Verarbeitung Gebrauch gemacht haben (siehe unten).<\/li>\n\n\n\n<li><strong>Antrag auf Einschr\u00e4nkung der Verarbeitung Ihrer personenbezogenen Daten<\/strong>. Auf diese Weise k\u00f6nnen Sie uns auffordern, die Verarbeitung Ihrer personenbezogenen Daten auszusetzen (z. B. wenn Sie m\u00f6chten, dass wir deren Richtigkeit oder den Grund f\u00fcr die Verarbeitung feststellen).<\/li>\n\n\n\n<li><strong>Unter bestimmten Umst\u00e4nden k\u00f6nnen Sie der Verarbeitung Ihrer personenbezogenen Daten widersprechen.<\/strong>\u00a0Dieses Recht kann gelten, wenn die Verarbeitung Ihrer personenbezogenen Daten auf den berechtigten Interessen des Unternehmens beruht oder wenn Entscheidungen \u00fcber Sie ausschlie\u00dflich auf einer automatisierten Verarbeitung, einschlie\u00dflich Profilerstellung, beruhen.\u00a0<\/li>\n\n\n\n<li><strong>Widerruf Ihrer Einwilligung zur Verarbeitung Ihrer personenbezogenen Daten<\/strong>. Wir verlassen uns auf Ihre Zustimmung zur Verarbeitung Ihrer personenbezogenen Daten im Zusammenhang mit diesem Fotowettbewerb. Sie haben das Recht, Ihre Zustimmung jederzeit zu widerrufen. Ab diesem Zeitpunkt k\u00f6nnen wir Ihre personenbezogenen Daten nicht mehr verarbeiten und m\u00fcssen alle Fotos von Ihnen entfernen, die im Rahmen des Fotowettbewerbs eingereicht wurden und die wir f\u00fcr die oben genannten Zwecke verwenden.<\/li>\n<\/ul>\n\n\n\n<p>Bitte beachten Sie, dass die Verarbeitung Ihrer personenbezogenen Daten nicht f\u00fcr eine automatisierte Entscheidungsfindung (einschlie\u00dflich Profiling) erfolgt.&nbsp;&nbsp;<\/p>\n\n\n\n<p>Bitte beachten Sie auch, dass die Bereitstellung Ihrer personenbezogenen Daten weder gesetzlich noch vertraglich vorgeschrieben ist und auch keine Voraussetzung f\u00fcr den Abschluss eines Vertrags mit Ihnen darstellt. Wenn Sie jedoch am Fotowettbewerb teilnehmen m\u00f6chten, m\u00fcssen Sie uns bestimmte begrenzte Informationen zur Verf\u00fcgung stellen.<\/p>\n\n\n\n<p>Wenn Sie die Ihnen durch die DSGVO zustehenden Rechte aus\u00fcben m\u00f6chten, wenden Sie sich bitte an die Rechtsabteilung.<\/p>\n\n\n\n<p>Sie haben au\u00dferdem das Recht, bei der zust\u00e4ndigen Datenschutzaufsichtsbeh\u00f6rde Beschwerde einzulegen, wenn Sie mit der Art und Weise, wie das Unternehmen Ihre personenbezogenen Daten verarbeitet, nicht zufrieden sind und wir Ihr Anliegen nicht zufriedenstellend l\u00f6sen k\u00f6nnen.<\/p>\n\n\n\n<p class=\"is-style-heading-6\"><strong>6. Datenfreigabe und internationale Daten\u00fcbertragungen: Konzernintern und an Dritte<\/strong><\/p>\n\n\n\n<p>a) Internationale Daten\u00fcbermittlung<\/p>\n\n\n\n<p>Wenn wir Ihre personenbezogenen Daten an ein Unternehmen der CPM-Gruppe in einem Land au\u00dferhalb des Europ\u00e4ischen Wirtschaftsraums \u00fcbermitteln, das nach Ansicht der Europ\u00e4ischen Kommission kein angemessenes Schutzniveau f\u00fcr Ihre personenbezogenen Daten bietet, \u00fcbermitteln wir Ihre personenbezogenen Daten nur, wenn angemessene Sicherheitsvorkehrungen zum Schutz Ihrer personenbezogenen Daten getroffen wurden. Internationale \u00dcbermittlungen innerhalb der Unternehmensgruppe unterliegen den von der EU-Kommission genehmigten Standardvertragsklauseln f\u00fcr Verantwortliche und, sofern relevant, f\u00fcr Auftragsverarbeiter.<\/p>\n\n\n\n<p>Sie k\u00f6nnen bei Ihrer Rechtsabteilung eine Kopie der Standardvertragsklauseln anfordern.<\/p>\n\n\n\n<p>b) Drittanbieter&nbsp;<\/p>\n\n\n\n<p>Das Unternehmen gibt personenbezogene Daten an externe Dritte weiter, darunter externe Marketing- und Werbeagenturen sowie Webmanagementdienste, die wir beauftragen, in unserem Namen und nach unseren Anweisungen Dienstleistungen oder Funktionen auszuf\u00fchren. Wenn sich diese Dritten innerhalb der EU befinden, unterliegt ihre Verarbeitung Ihrer Daten den Anforderungen der DSGVO. Das Unternehmen stellt au\u00dferdem sicher, dass seine Vertr\u00e4ge mit diesen Parteien gew\u00e4hrleisten, dass sie personenbezogene Daten nur gem\u00e4\u00df unseren Anweisungen und zur Bereitstellung der vereinbarten Dienstleistungen verarbeiten und die Integrit\u00e4t und Vertraulichkeit der ihnen anvertrauten personenbezogenen Daten gem\u00e4\u00df den Anforderungen der DSGVO sch\u00fctzen.<\/p>\n\n\n\n<p>Einige der Drittparteien, die wir mit der Verarbeitung personenbezogener Daten f\u00fcr Fotowettbewerbe beauftragen, haben ihren Sitz au\u00dferhalb des Europ\u00e4ischen Wirtschaftsraums. Wenn wir Ihre personenbezogenen Daten an eine Drittpartei in einem Land au\u00dferhalb des Europ\u00e4ischen Wirtschaftsraums \u00fcbermitteln, das nach Auffassung der Europ\u00e4ischen Kommission kein angemessenes Schutzniveau f\u00fcr Ihre personenbezogenen Daten bietet, \u00fcbermitteln wir Ihre personenbezogenen Daten nur nach der Umsetzung von Standardvertragsklauseln, die angemessene oder geeignete Schutzma\u00dfnahmen vorsehen.<\/p>\n\n\n\n<p class=\"is-style-heading-6\"><strong>7. Aufbewahrung personenbezogener Daten<\/strong><\/p>\n\n\n\n<p>Das Unternehmen wird Ihre personenbezogenen Daten nur so lange aufbewahren und verarbeiten, wie dies f\u00fcr die Zwecke erforderlich ist, f\u00fcr die sie im Zusammenhang mit Ihrer Besch\u00e4ftigung bei dem Unternehmen erhoben wurden, es sei denn, das Unternehmen ist gesetzlich dazu berechtigt oder verpflichtet, die Daten f\u00fcr einen l\u00e4ngeren Zeitraum aufzubewahren, oder die Daten sind f\u00fcr die Begr\u00fcndung, Aus\u00fcbung oder Verteidigung von Rechtsanspr\u00fcchen erforderlich.&nbsp;<\/p>\n\n\n\n<p class=\"is-style-heading-6\"><strong>8. Kontaktinformationen<\/strong><\/p>\n\n\n\n<p>Wenn Sie Fragen zu dieser Mitteilung haben, wenden Sie sich bitte an die Rechtsabteilung.<\/p>\n\n\n\n<p class=\"is-style-heading-6\"><strong>9. Begriffsbestimmungen<\/strong><\/p>\n\n\n\n<p>Die in dieser Mitteilung verwendeten Begriffe werden wie folgt definiert:<\/p>\n\n\n\n<p>\u201e<strong>CPM Holdings, Inc.<\/strong>\u201e\u201c ist ein Unternehmen aus Delaware.&nbsp;<\/p>\n\n\n\n<p>\u201e<strong>CPM-Gruppe<\/strong>\u201e\u201c ist die Unternehmensgruppe, die direkt oder indirekt von CPM Holdings, Inc. gehalten und\/oder kontrolliert wird, einem Unternehmen mit Hauptgesch\u00e4ftssitz in 9879 Naples St NE. Blaine, MN 55449 USA.<\/p>\n\n\n\n<p>\u201e<strong>Verantwortlicher<\/strong>\u201e\u201c bezeichnet die nat\u00fcrliche oder juristische Person, Beh\u00f6rde, Einrichtung oder andere Stelle, die allein oder gemeinsam mit anderen \u00fcber die Zwecke und Mittel der Verarbeitung von personenbezogenen Daten entscheidet; sind die Zwecke und Mittel der Verarbeitung durch einzelstaatliches oder EU-Recht vorgegeben, so kann der Verantwortliche beziehungsweise k\u00f6nnen die bestimmten Kriterien seiner Benennung nach einzelstaatlichem oder EU-Recht bestimmt werden.<\/p>\n\n\n\n<p>\u201e<strong>Auftragsverarbeiter<\/strong>\u201e\u201c bezeichnet eine nat\u00fcrliche oder juristische Person, Beh\u00f6rde, Agentur oder andere Stelle, die personenbezogene Daten im Auftrag des Datenverantwortlichen verarbeitet.<\/p>\n\n\n\n<p>\u201e<strong>Mitarbeiter<\/strong>\u201e\u201c bezeichnet befristete, voll- und teilzeitbesch\u00e4ftigte Vertragsmitarbeiter, Praktikanten, Leiharbeiter, Rentner und ehemalige Mitarbeiter.<\/p>\n\n\n\n<p>\u201e<strong>CPM Fotowettbewerb<\/strong>&quot; oder &quot;<strong>Fotowettbewerb<\/strong>\u201e\u201c bezeichnet den von der Marketingabteilung des Unternehmens veranstalteten Fotowettbewerb, in dessen Rahmen Mitarbeiter Fotos von sich selbst oder anderen Mitarbeitern einreichen, wobei die besten Fotos Preise gewinnen und einige der Fotos f\u00fcr Marketingzwecke verwendet werden.&nbsp;<\/p>\n\n\n\n<p>\u201e<strong>Europ\u00e4ischer Wirtschaftsraum<\/strong>&quot; oder &quot;<strong>EWR<\/strong>\u201e\u201c bezeichnet die Mitgliedstaaten der Europ\u00e4ischen Union sowie Norwegen, Island und Liechtenstein.&nbsp;&nbsp;<\/p>\n\n\n\n<p>\u201e<strong>DSGVO<\/strong>\u201e\u201c bezeichnet die EU-Datenschutz-Grundverordnung 2016\/679 einschlie\u00dflich der nationalen Gesetze zur Umsetzung oder Erg\u00e4nzung der DSGVO.<\/p>\n\n\n\n<p>\u201e<strong>Personenbezogene Daten<\/strong>\u201e\u201c alle Informationen, die sich auf eine identifizierte oder identifizierbare nat\u00fcrliche Person (auch \u201ebetroffene Person\u201c genannt) beziehen; als identifizierbar wird eine Person angesehen, die direkt oder indirekt, insbesondere mittels Zuordnung zu einer Kennung wie einem Namen, zu einer Kennnummer, zu Standortdaten, zu einer Online-Kennung oder zu einem oder mehreren besonderen Merkmalen identifiziert werden kann, die Ausdruck der physischen, physiologischen, genetischen, psychischen, wirtschaftlichen, kulturellen oder sozialen Identit\u00e4t dieser nat\u00fcrlichen Person sind.<\/p>\n\n\n\n<p>\u201e<strong>Pers\u00f6nliche Daten zum Fotowettbewerb<\/strong>\u201e\u201c bezeichnet alle personenbezogenen Daten von Mitarbeitern, die im Rahmen des Fotowettbewerbs \u00fcbermittelt werden.&nbsp;<\/p>\n\n\n\n<p>\u201e<strong>Verfahren<\/strong>&quot; oder &quot;<strong>Verarbeitung<\/strong>\u201e\u201c bezeichnet jeden mit oder ohne Hilfe automatisierter Verfahren ausgef\u00fchrten Vorgang oder jede solche Vorgangsreihe im Zusammenhang mit personenbezogenen Daten oder einer Menge personenbezogener Daten wie das Erheben, das Aufzeichnen, die Organisation, das Ordnen, die Speicherung, die Anpassung oder Ver\u00e4nderung, das Auslesen, das Abfragen, die Verwendung, die Offenlegung durch \u00dcbermittlung, Verbreitung oder eine andere Form der Bereitstellung, den Abgleich oder die Verkn\u00fcpfung, die Einschr\u00e4nkung, das L\u00f6schen oder die Vernichtung.&nbsp;&nbsp;<\/p>\n\n\n\n<p>\u201e<strong>Datenschutzbeauftragter<\/strong>\u201e\u201c bezeichnet die Person, die die Anwendung und Einhaltung der DSGVO \u00fcberwacht. Der Datenschutzbeauftragte ist kein Datenschutzbeauftragter im Sinne der DSGVO.<\/p>\n\n\n\n<p>\u201e<strong>Besondere Kategorien personenbezogener Daten<\/strong>\u201e\u201c sind personenbezogene Daten, aus denen die ethnische Herkunft, politische Meinungen, religi\u00f6se oder philosophische \u00dcberzeugungen oder die Gewerkschaftsmitgliedschaft hervorgehen, sowie die Verarbeitung genetischer Daten, biometrischer Daten zur Identifizierung einer Person, Gesundheitsdaten oder Daten zum Sexualleben oder der sexuellen Orientierung einer nat\u00fcrlichen Person.&nbsp;&nbsp;<\/p>\n\n\n\n<p>\u201e<strong>Aufsichtsbeh\u00f6rde<\/strong>\u201d bezeichnet eine unabh\u00e4ngige \u00f6ffentliche Beh\u00f6rde, die von einem Mitgliedstaat gem\u00e4\u00df Artikel 51 der DSGVO eingerichtet wurde (in den Niederlanden ist dies die \u201e<em>Autorit\u00e9it<\/em>&nbsp;<em>Personendaten<\/em>\u201d).<\/p>","protected":false},"excerpt":{"rendered":"<p>ANNEX I CPM HOLDINGS, INC. PHOTO CONTEST PRIVACY NOTICE 1. Introduction This Photo Contest Privacy Notice (\u201cNotice\u201d) describes the steps that&nbsp;CPM Holdings, Inc.&nbsp;(\u201cCompany\u201d, \u201cwe\u201d or \u201cus\u201d), part of the CPM group of companies&nbsp;(\u201cCPM&nbsp;Group\u201d, \u201cwe\u201d or \u201cus\u201d),&nbsp;takes to protect the Personal Data that we Process about our Employees in respect of the CPM Photo Contest (\u201cPhoto [&hellip;]<\/p>\n","protected":false},"author":1,"featured_media":0,"parent":7176,"menu_order":1,"comment_status":"closed","ping_status":"closed","template":"","meta":{"_acf_changed":false,"footnotes":""},"class_list":["post-7276","page","type-page","status-publish","hentry"],"acf":[],"_links":{"self":[{"href":"https:\/\/onecpm.com\/de\/wp-json\/wp\/v2\/pages\/7276","targetHints":{"allow":["GET"]}}],"collection":[{"href":"https:\/\/onecpm.com\/de\/wp-json\/wp\/v2\/pages"}],"about":[{"href":"https:\/\/onecpm.com\/de\/wp-json\/wp\/v2\/types\/page"}],"author":[{"embeddable":true,"href":"https:\/\/onecpm.com\/de\/wp-json\/wp\/v2\/users\/1"}],"replies":[{"embeddable":true,"href":"https:\/\/onecpm.com\/de\/wp-json\/wp\/v2\/comments?post=7276"}],"version-history":[{"count":2,"href":"https:\/\/onecpm.com\/de\/wp-json\/wp\/v2\/pages\/7276\/revisions"}],"predecessor-version":[{"id":7283,"href":"https:\/\/onecpm.com\/de\/wp-json\/wp\/v2\/pages\/7276\/revisions\/7283"}],"up":[{"embeddable":true,"href":"https:\/\/onecpm.com\/de\/wp-json\/wp\/v2\/pages\/7176"}],"wp:attachment":[{"href":"https:\/\/onecpm.com\/de\/wp-json\/wp\/v2\/media?parent=7276"}],"curies":[{"name":"wp","href":"https:\/\/api.w.org\/{rel}","templated":true}]}}