{"id":10732,"date":"2025-04-28T21:32:29","date_gmt":"2025-04-28T21:32:29","guid":{"rendered":"https:\/\/onecpm.com\/?page_id=10732"},"modified":"2025-05-01T00:59:32","modified_gmt":"2025-05-01T00:59:32","slug":"other-markets","status":"publish","type":"page","link":"https:\/\/onecpm.com\/es\/other-markets","title":{"rendered":"Otros mercados"},"content":{"rendered":"<div id=\"block_208f7421faa826a6b5409c0bd4b06bba\" class=\"nmc-block nmc-block--masthead-basic block-container\">\n\t\n\t\t\n\t\t\t<div class=\"blockbody\">\n\t\t\t\t\t<div class=\"masthead-content -center\">\n\t\t\t\t\t\t\t\t\t\t\t\t\t\t\t\t\t\t\t\t\t\t\t\t\t\t\t\t\t\t\t\t\t\t\t\t\t\t\t\t\t\t\t\t\t\t\t<h1 class=\"page-title\">Otros mercados<\/h1>\n\t<div class=\"page-intro\"><p>Proporcionamos las herramientas y la experiencia para ayudar a los clientes de todo el mundo a mejorar sus procesos y aplicaciones. Obtenga m\u00e1s informaci\u00f3n sobre c\u00f3mo nuestras tecnolog\u00edas avanzadas y nuestro compromiso con la sostenibilidad marcan la diferencia en casi todas las industrias.<\/p>\n<\/div>\t\t\t<a href=\"https:\/\/onecpm.com\/es\/markets\/\" target=\"\" class=\"btn -non-btn\">Explorar mercados <svg xmlns=\"http:\/\/www.w3.org\/2000\/svg\" width=\"17\" height=\"12\" viewbox=\"0 0 17 12\" fill=\"none\" role=\"img\" aria-hidden=\"true\" focusable=\"false\"><title>arrow<\/title>\n<path fill-rule=\"evenodd\" clip-rule=\"evenodd\" d=\"M13.9176 6.28571L8.65133 10.5863L9.42733 11.4286L16.3999 5.71429L9.41476 0L8.65362 0.860571L13.9153 5.14286L0.399902 5.14286L0.399902 6.28571L13.9176 6.28571Z\" fill=\"white\"\/>\n<\/svg><\/a>\n\t<\/div>\n\t\t\t<\/div>\n\n\t\t\t\t\n\t<\/div>\n\n\n\n\n<style>\n.nmc-block--multicolumn-partials .content-wrap {justify-content: flex-start;}\n\n@media (min-width: 1150px) {\n#block_369d7a7935161cd7effc2650fed4de70 .boundwider {width: var(--wideWidth);}\n}\n\n.content-wrap .is-style-eyebrow-heading {font-size: var(--body-large); text-transform: uppercase; color: #cc092f; font-weight: 900; letter-spacing: 1.5px; margin: 0 0 -30px;}\n\n.nmc-block--multicolumn-partials .partial-container .text h3.heading { color: var(--text-heading); font-size: 20px; line-height: 1.5; font-weight: 600;}\n\n.listing-wrapper .excerpt {font-size: var(--body-small); font-weight: 700; margin-top: 0; margin-bottom: .5em; font-family: 'OpenSans',sans-serif; line-height: 1.8; color: var(--surface-accent); text-transform: uppercase; letter-spacing: 1px;}\n<\/style>\n\n\n\n\n\t\n\n\t\t\t\t\t\t\t\n\n<div id=\"block_369d7a7935161cd7effc2650fed4de70\" class=\"nmc-block nmc-block--multicolumn-partials block-container alignfull\">\n\t\n\t\t\n\t\t\t<div class=\"blockbody\">\n\t\t\t\t\t<div class=\"bound boundwider\">\n\t\t<div class=\"content-wrap\">\n\t\t\t<div class=\"content\">\n\t\t\t\t\t\t\t\t\t<p class=\"is-style-eyebrow-heading\">Explorar otros mercados<\/p>\n\t\t\t\t\t\t\t\t        \t\t\t\t\t\t\t<\/div>\n\n\t\t\t\t\t\n\t\t\t\n\t\t<\/div>\n\t\t<div class=\"listing-wrapper -columns-3\">\n\t\t\t\t\t\t\t\t\n\t\t\t\t<div class=\"partial-container\">\n\t\t\t\t\t<div class=\"partial\">\n\t\t\t\t\t\t<div class=\"text\">\n\t\t\t\t\t\t\t<h3 class=\"heading\">\n\t\t\t\t\t\t\t\t\t\t\t\t\t\t\t\t\t<a href=\"https:\/\/onecpm.com\/es\/markets\/ethanol\/\" target=\"_blank\" class=\"link\"><span>Etanol<\/span> <svg xmlns=\"http:\/\/www.w3.org\/2000\/svg\" width=\"26\" height=\"26\" viewbox=\"0 0 26 26\" fill=\"none\" role=\"img\" aria-hidden=\"true\" focusable=\"false\">\n<mask class=\"path-1-inside-1_2439_3058\" fill=\"white\">\n<path fill-rule=\"evenodd\" clip-rule=\"evenodd\" d=\"M16.6399 13.5496L12.7999 16.6855L13.3657 17.2996L18.4499 13.133L13.3565 8.96631L12.8015 9.59381L16.6382 12.7163H6.7832V13.5496H16.6399Z\"\/>\n<\/mask>\n<path fill-rule=\"evenodd\" clip-rule=\"evenodd\" d=\"M16.6399 13.5496L12.7999 16.6855L13.3657 17.2996L18.4499 13.133L13.3565 8.96631L12.8015 9.59381L16.6382 12.7163H6.7832V13.5496H16.6399Z\" fill=\"#CC092F\"\/>\n<path d=\"M16.6399 13.5496L17.2724 14.3242L19.4454 12.5496H16.6399V13.5496ZM12.7999 16.6855L12.1674 15.9109L11.3452 16.5824L12.0644 17.3631L12.7999 16.6855ZM13.3657 17.2996L12.6303 17.9772L13.2697 18.6713L13.9996 18.0731L13.3657 17.2996ZM18.4499 13.133L19.0837 13.9064L20.0283 13.1323L19.0831 12.359L18.4499 13.133ZM13.3565 8.96631L13.9897 8.19231L13.245 7.58305L12.6075 8.3038L13.3565 8.96631ZM12.8015 9.59381L12.0525 8.9313L11.3622 9.71174L12.1703 10.3694L12.8015 9.59381ZM16.6382 12.7163V13.7163H19.4511L17.2694 11.9407L16.6382 12.7163ZM6.7832 12.7163V11.7163H5.7832V12.7163H6.7832ZM6.7832 13.5496H5.7832V14.5496H6.7832V13.5496ZM16.0074 12.7751L12.1674 15.9109L13.4324 17.46L17.2724 14.3242L16.0074 12.7751ZM12.0644 17.3631L12.6303 17.9772L14.1012 16.6221L13.5353 16.0079L12.0644 17.3631ZM13.9996 18.0731L19.0837 13.9064L17.816 12.3595L12.7318 16.5262L13.9996 18.0731ZM19.0831 12.359L13.9897 8.19231L12.7234 9.74031L17.8167 13.907L19.0831 12.359ZM12.6075 8.3038L12.0525 8.9313L13.5506 10.2563L14.1056 9.62882L12.6075 8.3038ZM12.1703 10.3694L16.007 13.4919L17.2694 11.9407L13.4328 8.81821L12.1703 10.3694ZM16.6382 11.7163H6.7832V13.7163H16.6382V11.7163ZM5.7832 12.7163V13.5496H7.7832V12.7163H5.7832ZM6.7832 14.5496H16.6399V12.5496H6.7832V14.5496Z\" fill=\"#CC092F\" mask=\"url(.path-1-inside-1_2439_3058)\"\/>\n<circle cx=\"12.6172\" cy=\"13.1329\" r=\"12\" stroke=\"#CC092F\"\/>\n<\/svg><\/a>\n\t\t\t\t\t\t\t\t\t\t\t\t\t\t\t<\/h3>\n\t\t\t\t\t\t\t<div class=\"excerpt\">Combustibles renovables<\/div>\n\t\t\t\t\t\t<\/div>\n\t\t\t\t\t\t<div class=\"image\">\n\t\t\t\t\t\t\t\n<div class=\"image-auto\" style=\"aspect-ratio: 1000 \/ 567;\">\n\t<picture>\n\t\t<source \n\t\t\tmedia=\"(max-width: 600px)\"\n\t\t\tsrcset=\"https:\/\/img.nmcdn.io\/e1\/w:480,h:272,v:1\/cpm\/wp-content\/uploads\/2025\/04\/solutions-ethanol.jpg?s=8e4c333e\">\n\t\t<img  loading=\"lazy\"src=\"https:\/\/img.nmcdn.io\/e1\/w:600,h:340,v:1\/cpm\/wp-content\/uploads\/2025\/04\/solutions-ethanol.jpg?s=a4e65786\" width=\"1000\" height=\"567\" alt=\"Ethanol\" aria-hidden=\"true\">\n\t<\/picture>\n<\/div>\n\t\t\t\t\t\t<\/div>\n\t\t\t\t\t<\/div>\n\t\t\t\t<\/div>\n\t\t\t\t\t\t\t\t\n\t\t\t\t<div class=\"partial-container\">\n\t\t\t\t\t<div class=\"partial -no-link\">\n\t\t\t\t\t\t<div class=\"text\">\n\t\t\t\t\t\t\t<h3 class=\"heading\">\n\t\t\t\t\t\t\t\t\t\t\t\t\t\t\t\t\t<span>Pretratamiento de biodiesel<\/span>\n\t\t\t\t\t\t\t\t\t\t\t\t\t\t\t<\/h3>\n\t\t\t\t\t\t\t<div class=\"excerpt\">Di\u00e9sel renovable<\/div>\n\t\t\t\t\t\t<\/div>\n\t\t\t\t\t\t<div class=\"image\">\n\t\t\t\t\t\t\t\n<div class=\"image-auto\" style=\"aspect-ratio: 800 \/ 453;\">\n\t<picture>\n\t\t<source \n\t\t\tmedia=\"(max-width: 600px)\"\n\t\t\tsrcset=\"https:\/\/img.nmcdn.io\/e1\/w:480,h:272,v:1\/cpm\/wp-content\/uploads\/2025\/04\/other-markets_biodiesel-pretreatment.jpg?s=a8b840a5\">\n\t\t<img  loading=\"lazy\"src=\"https:\/\/img.nmcdn.io\/e1\/w:600,h:340,v:1\/cpm\/wp-content\/uploads\/2025\/04\/other-markets_biodiesel-pretreatment.jpg?s=b9a65bd2\" width=\"800\" height=\"453\" alt=\"Biodiesel Pretreatment\" aria-hidden=\"true\">\n\t<\/picture>\n<\/div>\n\t\t\t\t\t\t<\/div>\n\t\t\t\t\t<\/div>\n\t\t\t\t<\/div>\n\t\t\t\t\t\t\t\t\n\t\t\t\t<div class=\"partial-container\">\n\t\t\t\t\t<div class=\"partial -no-link\">\n\t\t\t\t\t\t<div class=\"text\">\n\t\t\t\t\t\t\t<h3 class=\"heading\">\n\t\t\t\t\t\t\t\t\t\t\t\t\t\t\t\t\t<span>Biog\u00e1s<\/span>\n\t\t\t\t\t\t\t\t\t\t\t\t\t\t\t<\/h3>\n\t\t\t\t\t\t\t<div class=\"excerpt\">Combustibles renovables<\/div>\n\t\t\t\t\t\t<\/div>\n\t\t\t\t\t\t<div class=\"image\">\n\t\t\t\t\t\t\t\n<div class=\"image-auto\" style=\"aspect-ratio: 800 \/ 453;\">\n\t<picture>\n\t\t<source \n\t\t\tmedia=\"(max-width: 600px)\"\n\t\t\tsrcset=\"https:\/\/img.nmcdn.io\/e1\/w:480,h:272,v:1\/cpm\/wp-content\/uploads\/2025\/04\/other-markets_biogas.png?s=8d5be917\">\n\t\t<img  loading=\"lazy\"src=\"https:\/\/img.nmcdn.io\/e1\/w:600,h:340,v:1\/cpm\/wp-content\/uploads\/2025\/04\/other-markets_biogas.png?s=ff333255\" width=\"800\" height=\"453\" alt=\"Biogas\" aria-hidden=\"true\">\n\t<\/picture>\n<\/div>\n\t\t\t\t\t\t<\/div>\n\t\t\t\t\t<\/div>\n\t\t\t\t<\/div>\n\t\t\t\t\t\t\t\t\n\t\t\t\t<div class=\"partial-container\">\n\t\t\t\t\t<div class=\"partial -no-link\">\n\t\t\t\t\t\t<div class=\"text\">\n\t\t\t\t\t\t\t<h3 class=\"heading\">\n\t\t\t\t\t\t\t\t\t\t\t\t\t\t\t\t\t<span>Alimentos para el desayuno<\/span>\n\t\t\t\t\t\t\t\t\t\t\t\t\t\t\t<\/h3>\n\t\t\t\t\t\t\t<div class=\"excerpt\">Feed de consumidores<\/div>\n\t\t\t\t\t\t<\/div>\n\t\t\t\t\t\t<div class=\"image\">\n\t\t\t\t\t\t\t\n<div class=\"image-auto\" style=\"aspect-ratio: 800 \/ 453;\">\n\t<picture>\n\t\t<source \n\t\t\tmedia=\"(max-width: 600px)\"\n\t\t\tsrcset=\"https:\/\/img.nmcdn.io\/e1\/w:480,h:272,v:1\/cpm\/wp-content\/uploads\/2025\/04\/other-markets_breakfast-foods.jpg?s=4a111670\">\n\t\t<img  loading=\"lazy\"src=\"https:\/\/img.nmcdn.io\/e1\/w:600,h:340,v:1\/cpm\/wp-content\/uploads\/2025\/04\/other-markets_breakfast-foods.jpg?s=24f31377\" width=\"800\" height=\"453\" alt=\"Breakfast Foods\" aria-hidden=\"true\">\n\t<\/picture>\n<\/div>\n\t\t\t\t\t\t<\/div>\n\t\t\t\t\t<\/div>\n\t\t\t\t<\/div>\n\t\t\t\t\t\t\t\t\n\t\t\t\t<div class=\"partial-container\">\n\t\t\t\t\t<div class=\"partial -no-link\">\n\t\t\t\t\t\t<div class=\"text\">\n\t\t\t\t\t\t\t<h3 class=\"heading\">\n\t\t\t\t\t\t\t\t\t\t\t\t\t\t\t\t\t<span>Canola y colza<\/span>\n\t\t\t\t\t\t\t\t\t\t\t\t\t\t\t<\/h3>\n\t\t\t\t\t\t\t<div class=\"excerpt\">Semillas oleaginosas<\/div>\n\t\t\t\t\t\t<\/div>\n\t\t\t\t\t\t<div class=\"image\">\n\t\t\t\t\t\t\t\n<div class=\"image-auto\" style=\"aspect-ratio: 1013 \/ 574;\">\n\t<picture>\n\t\t<source \n\t\t\tmedia=\"(max-width: 600px)\"\n\t\t\tsrcset=\"https:\/\/img.nmcdn.io\/e1\/w:480,h:272,v:1\/cpm\/wp-content\/uploads\/2025\/04\/other-markets_canola-rapeseed.jpg?s=3a0ff7c5\">\n\t\t<img  loading=\"lazy\"src=\"https:\/\/img.nmcdn.io\/e1\/w:600,h:340,v:1\/cpm\/wp-content\/uploads\/2025\/04\/other-markets_canola-rapeseed.jpg?s=0f06c61c\" width=\"1013\" height=\"574\" alt=\"Canola and Rapeseed production\" aria-hidden=\"true\">\n\t<\/picture>\n<\/div>\n\t\t\t\t\t\t<\/div>\n\t\t\t\t\t<\/div>\n\t\t\t\t<\/div>\n\t\t\t\t\t\t\t\t\n\t\t\t\t<div class=\"partial-container\">\n\t\t\t\t\t<div class=\"partial -no-link\">\n\t\t\t\t\t\t<div class=\"text\">\n\t\t\t\t\t\t\t<h3 class=\"heading\">\n\t\t\t\t\t\t\t\t\t\t\t\t\t\t\t\t\t<span>Productos qu\u00edmicos<\/span>\n\t\t\t\t\t\t\t\t\t\t\t\t\t\t\t<\/h3>\n\t\t\t\t\t\t\t<div class=\"excerpt\">Otras industrias<\/div>\n\t\t\t\t\t\t<\/div>\n\t\t\t\t\t\t<div class=\"image\">\n\t\t\t\t\t\t\t\n<div class=\"image-auto\" style=\"aspect-ratio: 800 \/ 453;\">\n\t<picture>\n\t\t<source \n\t\t\tmedia=\"(max-width: 600px)\"\n\t\t\tsrcset=\"https:\/\/img.nmcdn.io\/e1\/w:480,h:272,v:1\/cpm\/wp-content\/uploads\/2025\/04\/other-markets_chemicals.jpg?s=7c093e93\">\n\t\t<img  loading=\"lazy\"src=\"https:\/\/img.nmcdn.io\/e1\/w:600,h:340,v:1\/cpm\/wp-content\/uploads\/2025\/04\/other-markets_chemicals.jpg?s=64b90413\" width=\"800\" height=\"453\" alt=\"Chemicals\" aria-hidden=\"true\">\n\t<\/picture>\n<\/div>\n\t\t\t\t\t\t<\/div>\n\t\t\t\t\t<\/div>\n\t\t\t\t<\/div>\n\t\t\t\t\t\t\t\t\n\t\t\t\t<div class=\"partial-container\">\n\t\t\t\t\t<div class=\"partial -no-link\">\n\t\t\t\t\t\t<div class=\"text\">\n\t\t\t\t\t\t\t<h3 class=\"heading\">\n\t\t\t\t\t\t\t\t\t\t\t\t\t\t\t\t\t<span>Fibra<\/span>\n\t\t\t\t\t\t\t\t\t\t\t\t\t\t\t<\/h3>\n\t\t\t\t\t\t\t<div class=\"excerpt\">Otras industrias<\/div>\n\t\t\t\t\t\t<\/div>\n\t\t\t\t\t\t<div class=\"image\">\n\t\t\t\t\t\t\t\n<div class=\"image-auto\" style=\"aspect-ratio: 800 \/ 453;\">\n\t<picture>\n\t\t<source \n\t\t\tmedia=\"(max-width: 600px)\"\n\t\t\tsrcset=\"https:\/\/img.nmcdn.io\/e1\/w:480,h:272,v:1\/cpm\/wp-content\/uploads\/2025\/04\/other-markets_fiber.jpg?s=ff37f919\">\n\t\t<img  loading=\"lazy\"src=\"https:\/\/img.nmcdn.io\/e1\/w:600,h:340,v:1\/cpm\/wp-content\/uploads\/2025\/04\/other-markets_fiber.jpg?s=0545fad3\" width=\"800\" height=\"453\" alt=\"Fiber\" aria-hidden=\"true\">\n\t<\/picture>\n<\/div>\n\t\t\t\t\t\t<\/div>\n\t\t\t\t\t<\/div>\n\t\t\t\t<\/div>\n\t\t\t\t\t\t\t\t\n\t\t\t\t<div class=\"partial-container\">\n\t\t\t\t\t<div class=\"partial -no-link\">\n\t\t\t\t\t\t<div class=\"text\">\n\t\t\t\t\t\t\t<h3 class=\"heading\">\n\t\t\t\t\t\t\t\t\t\t\t\t\t\t\t\t\t<span>Alimento para peces<\/span>\n\t\t\t\t\t\t\t\t\t\t\t\t\t\t\t<\/h3>\n\t\t\t\t\t\t\t<div class=\"excerpt\">Alimentaci\u00f3n acu\u00edcola<\/div>\n\t\t\t\t\t\t<\/div>\n\t\t\t\t\t\t<div class=\"image\">\n\t\t\t\t\t\t\t\n<div class=\"image-auto\" style=\"aspect-ratio: 800 \/ 453;\">\n\t<picture>\n\t\t<source \n\t\t\tmedia=\"(max-width: 600px)\"\n\t\t\tsrcset=\"https:\/\/img.nmcdn.io\/e1\/w:480,h:272,v:1\/cpm\/wp-content\/uploads\/2025\/04\/other-markets_fish-feed.jpg?s=d54d983e\">\n\t\t<img  loading=\"lazy\"src=\"https:\/\/img.nmcdn.io\/e1\/w:600,h:340,v:1\/cpm\/wp-content\/uploads\/2025\/04\/other-markets_fish-feed.jpg?s=0c45e7d2\" width=\"800\" height=\"453\" alt=\"Fish feed\" aria-hidden=\"true\">\n\t<\/picture>\n<\/div>\n\t\t\t\t\t\t<\/div>\n\t\t\t\t\t<\/div>\n\t\t\t\t<\/div>\n\t\t\t\t\t\t\t\t\n\t\t\t\t<div class=\"partial-container\">\n\t\t\t\t\t<div class=\"partial -no-link\">\n\t\t\t\t\t\t<div class=\"text\">\n\t\t\t\t\t\t\t<h3 class=\"heading\">\n\t\t\t\t\t\t\t\t\t\t\t\t\t\t\t\t\t<span>Frutas y verduras<\/span>\n\t\t\t\t\t\t\t\t\t\t\t\t\t\t\t<\/h3>\n\t\t\t\t\t\t\t<div class=\"excerpt\">Feed de consumidores<\/div>\n\t\t\t\t\t\t<\/div>\n\t\t\t\t\t\t<div class=\"image\">\n\t\t\t\t\t\t\t\n<div class=\"image-auto\" style=\"aspect-ratio: 800 \/ 453;\">\n\t<picture>\n\t\t<source \n\t\t\tmedia=\"(max-width: 600px)\"\n\t\t\tsrcset=\"https:\/\/img.nmcdn.io\/e1\/w:480,h:272,v:1\/cpm\/wp-content\/uploads\/2025\/04\/other-markets_fruits-vegetables.jpg?s=52cbb140\">\n\t\t<img  loading=\"lazy\"src=\"https:\/\/img.nmcdn.io\/e1\/w:600,h:340,v:1\/cpm\/wp-content\/uploads\/2025\/04\/other-markets_fruits-vegetables.jpg?s=c5d8bc39\" width=\"800\" height=\"453\" alt=\"Fruits and vegetables\" aria-hidden=\"true\">\n\t<\/picture>\n<\/div>\n\t\t\t\t\t\t<\/div>\n\t\t\t\t\t<\/div>\n\t\t\t\t<\/div>\n\t\t\t\t\t\t\t\t\n\t\t\t\t<div class=\"partial-container\">\n\t\t\t\t\t<div class=\"partial -no-link\">\n\t\t\t\t\t\t<div class=\"text\">\n\t\t\t\t\t\t\t<h3 class=\"heading\">\n\t\t\t\t\t\t\t\t\t\t\t\t\t\t\t\t\t<span>C\u00e1\u00f1amo<\/span>\n\t\t\t\t\t\t\t\t\t\t\t\t\t\t\t<\/h3>\n\t\t\t\t\t\t\t<div class=\"excerpt\">Otras industrias<\/div>\n\t\t\t\t\t\t<\/div>\n\t\t\t\t\t\t<div class=\"image\">\n\t\t\t\t\t\t\t\n<div class=\"image-auto\" style=\"aspect-ratio: 800 \/ 453;\">\n\t<picture>\n\t\t<source \n\t\t\tmedia=\"(max-width: 600px)\"\n\t\t\tsrcset=\"https:\/\/img.nmcdn.io\/e1\/w:480,h:272,v:1\/cpm\/wp-content\/uploads\/2025\/04\/other-markets_hemp.jpg?s=2e438207\">\n\t\t<img  loading=\"lazy\"src=\"https:\/\/img.nmcdn.io\/e1\/w:600,h:340,v:1\/cpm\/wp-content\/uploads\/2025\/04\/other-markets_hemp.jpg?s=51bf3d61\" width=\"800\" height=\"453\" alt=\"Hemp\" aria-hidden=\"true\">\n\t<\/picture>\n<\/div>\n\t\t\t\t\t\t<\/div>\n\t\t\t\t\t<\/div>\n\t\t\t\t<\/div>\n\t\t\t\t\t\t\t\t\n\t\t\t\t<div class=\"partial-container\">\n\t\t\t\t\t<div class=\"partial -no-link\">\n\t\t\t\t\t\t<div class=\"text\">\n\t\t\t\t\t\t\t<h3 class=\"heading\">\n\t\t\t\t\t\t\t\t\t\t\t\t\t\t\t\t\t<span>Monog\u00e1stricos (caballos, cerdos)<\/span>\n\t\t\t\t\t\t\t\t\t\t\t\t\t\t\t<\/h3>\n\t\t\t\t\t\t\t<div class=\"excerpt\">Alimentaci\u00f3n animal<\/div>\n\t\t\t\t\t\t<\/div>\n\t\t\t\t\t\t<div class=\"image\">\n\t\t\t\t\t\t\t\n<div class=\"image-auto\" style=\"aspect-ratio: 800 \/ 453;\">\n\t<picture>\n\t\t<source \n\t\t\tmedia=\"(max-width: 600px)\"\n\t\t\tsrcset=\"https:\/\/img.nmcdn.io\/e1\/w:480,h:272,v:1\/cpm\/wp-content\/uploads\/2025\/04\/other-markets_monogastric.jpg?s=5065eb11\">\n\t\t<img  loading=\"lazy\"src=\"https:\/\/img.nmcdn.io\/e1\/w:600,h:340,v:1\/cpm\/wp-content\/uploads\/2025\/04\/other-markets_monogastric.jpg?s=ee4d6e49\" width=\"800\" height=\"453\" alt=\"Monogastric\" aria-hidden=\"true\">\n\t<\/picture>\n<\/div>\n\t\t\t\t\t\t<\/div>\n\t\t\t\t\t<\/div>\n\t\t\t\t<\/div>\n\t\t\t\t\t\t\t\t\n\t\t\t\t<div class=\"partial-container\">\n\t\t\t\t\t<div class=\"partial -no-link\">\n\t\t\t\t\t\t<div class=\"text\">\n\t\t\t\t\t\t\t<h3 class=\"heading\">\n\t\t\t\t\t\t\t\t\t\t\t\t\t\t\t\t\t<span>Nueces y semillas<\/span>\n\t\t\t\t\t\t\t\t\t\t\t\t\t\t\t<\/h3>\n\t\t\t\t\t\t\t<div class=\"excerpt\">Feed de consumidores<\/div>\n\t\t\t\t\t\t<\/div>\n\t\t\t\t\t\t<div class=\"image\">\n\t\t\t\t\t\t\t\n<div class=\"image-auto\" style=\"aspect-ratio: 800 \/ 453;\">\n\t<picture>\n\t\t<source \n\t\t\tmedia=\"(max-width: 600px)\"\n\t\t\tsrcset=\"https:\/\/img.nmcdn.io\/e1\/w:480,h:272,v:1\/cpm\/wp-content\/uploads\/2025\/04\/other-markets_nuts-seeds.jpg?s=d4819294\">\n\t\t<img  loading=\"lazy\"src=\"https:\/\/img.nmcdn.io\/e1\/w:600,h:340,v:1\/cpm\/wp-content\/uploads\/2025\/04\/other-markets_nuts-seeds.jpg?s=9a127037\" width=\"800\" height=\"453\" alt=\"Nuts and seeds\" aria-hidden=\"true\">\n\t<\/picture>\n<\/div>\n\t\t\t\t\t\t<\/div>\n\t\t\t\t\t<\/div>\n\t\t\t\t<\/div>\n\t\t\t\t\t\t\t\t\n\t\t\t\t<div class=\"partial-container\">\n\t\t\t\t\t<div class=\"partial -no-link\">\n\t\t\t\t\t\t<div class=\"text\">\n\t\t\t\t\t\t\t<h3 class=\"heading\">\n\t\t\t\t\t\t\t\t\t\t\t\t\t\t\t\t\t<span>Aves de corral (pollo, pavo, pato)<\/span>\n\t\t\t\t\t\t\t\t\t\t\t\t\t\t\t<\/h3>\n\t\t\t\t\t\t\t<div class=\"excerpt\">Alimentaci\u00f3n animal<\/div>\n\t\t\t\t\t\t<\/div>\n\t\t\t\t\t\t<div class=\"image\">\n\t\t\t\t\t\t\t\n<div class=\"image-auto\" style=\"aspect-ratio: 800 \/ 453;\">\n\t<picture>\n\t\t<source \n\t\t\tmedia=\"(max-width: 600px)\"\n\t\t\tsrcset=\"https:\/\/img.nmcdn.io\/e1\/w:480,h:272,v:1\/cpm\/wp-content\/uploads\/2025\/04\/other-markets_poultry.jpg?s=319346d7\">\n\t\t<img  loading=\"lazy\"src=\"https:\/\/img.nmcdn.io\/e1\/w:600,h:340,v:1\/cpm\/wp-content\/uploads\/2025\/04\/other-markets_poultry.jpg?s=820ca472\" width=\"800\" height=\"453\" alt=\"Poultry\" aria-hidden=\"true\">\n\t<\/picture>\n<\/div>\n\t\t\t\t\t\t<\/div>\n\t\t\t\t\t<\/div>\n\t\t\t\t<\/div>\n\t\t\t\t\t\t\t\t\n\t\t\t\t<div class=\"partial-container\">\n\t\t\t\t\t<div class=\"partial -no-link\">\n\t\t\t\t\t\t<div class=\"text\">\n\t\t\t\t\t\t\t<h3 class=\"heading\">\n\t\t\t\t\t\t\t\t\t\t\t\t\t\t\t\t\t<span>Rumiantes (vacas, cabras, ovejas)<\/span>\n\t\t\t\t\t\t\t\t\t\t\t\t\t\t\t<\/h3>\n\t\t\t\t\t\t\t<div class=\"excerpt\">Alimentaci\u00f3n animal<\/div>\n\t\t\t\t\t\t<\/div>\n\t\t\t\t\t\t<div class=\"image\">\n\t\t\t\t\t\t\t\n<div class=\"image-auto\" style=\"aspect-ratio: 800 \/ 453;\">\n\t<picture>\n\t\t<source \n\t\t\tmedia=\"(max-width: 600px)\"\n\t\t\tsrcset=\"https:\/\/img.nmcdn.io\/e1\/w:480,h:272,v:1\/cpm\/wp-content\/uploads\/2025\/04\/other-markets_ruminants.jpg?s=3b81fd6a\">\n\t\t<img  loading=\"lazy\"src=\"https:\/\/img.nmcdn.io\/e1\/w:600,h:340,v:1\/cpm\/wp-content\/uploads\/2025\/04\/other-markets_ruminants.jpg?s=310f2783\" width=\"800\" height=\"453\" alt=\"Ruminants\" aria-hidden=\"true\">\n\t<\/picture>\n<\/div>\n\t\t\t\t\t\t<\/div>\n\t\t\t\t\t<\/div>\n\t\t\t\t<\/div>\n\t\t\t\t\t\t\t\t\n\t\t\t\t<div class=\"partial-container\">\n\t\t\t\t\t<div class=\"partial -no-link\">\n\t\t\t\t\t\t<div class=\"text\">\n\t\t\t\t\t\t\t<h3 class=\"heading\">\n\t\t\t\t\t\t\t\t\t\t\t\t\t\t\t\t\t<span>Alimento para camarones<\/span>\n\t\t\t\t\t\t\t\t\t\t\t\t\t\t\t<\/h3>\n\t\t\t\t\t\t\t<div class=\"excerpt\">Alimentaci\u00f3n acu\u00edcola<\/div>\n\t\t\t\t\t\t<\/div>\n\t\t\t\t\t\t<div class=\"image\">\n\t\t\t\t\t\t\t\n<div class=\"image-auto\" style=\"aspect-ratio: 800 \/ 453;\">\n\t<picture>\n\t\t<source \n\t\t\tmedia=\"(max-width: 600px)\"\n\t\t\tsrcset=\"https:\/\/img.nmcdn.io\/e1\/w:480,h:272,v:1\/cpm\/wp-content\/uploads\/2025\/04\/other-markets_shrimp-feed.jpg?s=a23c1335\">\n\t\t<img  loading=\"lazy\"src=\"https:\/\/img.nmcdn.io\/e1\/w:600,h:340,v:1\/cpm\/wp-content\/uploads\/2025\/04\/other-markets_shrimp-feed.jpg?s=f9168171\" width=\"800\" height=\"453\" alt=\"Shrimp feed\" aria-hidden=\"true\">\n\t<\/picture>\n<\/div>\n\t\t\t\t\t\t<\/div>\n\t\t\t\t\t<\/div>\n\t\t\t\t<\/div>\n\t\t\t\t\t\t\t\t\n\t\t\t\t<div class=\"partial-container\">\n\t\t\t\t\t<div class=\"partial -no-link\">\n\t\t\t\t\t\t<div class=\"text\">\n\t\t\t\t\t\t\t<h3 class=\"heading\">\n\t\t\t\t\t\t\t\t\t\t\t\t\t\t\t\t\t<span>Snacks y cereales<\/span>\n\t\t\t\t\t\t\t\t\t\t\t\t\t\t\t<\/h3>\n\t\t\t\t\t\t\t<div class=\"excerpt\">Feed de consumidores<\/div>\n\t\t\t\t\t\t<\/div>\n\t\t\t\t\t\t<div class=\"image\">\n\t\t\t\t\t\t\t\n<div class=\"image-auto\" style=\"aspect-ratio: 800 \/ 453;\">\n\t<picture>\n\t\t<source \n\t\t\tmedia=\"(max-width: 600px)\"\n\t\t\tsrcset=\"https:\/\/img.nmcdn.io\/e1\/w:480,h:272,v:1\/cpm\/wp-content\/uploads\/2025\/04\/other-markets_snacks-cereals.jpg?s=5d6e2b52\">\n\t\t<img  loading=\"lazy\"src=\"https:\/\/img.nmcdn.io\/e1\/w:600,h:340,v:1\/cpm\/wp-content\/uploads\/2025\/04\/other-markets_snacks-cereals.jpg?s=1108abaf\" width=\"800\" height=\"453\" alt=\"Snacks and cereals\" aria-hidden=\"true\">\n\t<\/picture>\n<\/div>\n\t\t\t\t\t\t<\/div>\n\t\t\t\t\t<\/div>\n\t\t\t\t<\/div>\n\t\t\t\t\t\t\t\t\n\t\t\t\t<div class=\"partial-container\">\n\t\t\t\t\t<div class=\"partial -no-link\">\n\t\t\t\t\t\t<div class=\"text\">\n\t\t\t\t\t\t\t<h3 class=\"heading\">\n\t\t\t\t\t\t\t\t\t\t\t\t\t\t\t\t\t<span>Haba de soja<\/span>\n\t\t\t\t\t\t\t\t\t\t\t\t\t\t\t<\/h3>\n\t\t\t\t\t\t\t<div class=\"excerpt\">Semillas oleaginosas<\/div>\n\t\t\t\t\t\t<\/div>\n\t\t\t\t\t\t<div class=\"image\">\n\t\t\t\t\t\t\t\n<div class=\"image-auto\" style=\"aspect-ratio: 1013 \/ 574;\">\n\t<picture>\n\t\t<source \n\t\t\tmedia=\"(max-width: 600px)\"\n\t\t\tsrcset=\"https:\/\/img.nmcdn.io\/e1\/w:480,h:272,v:1\/cpm\/wp-content\/uploads\/2025\/04\/other-markets_soybean.jpg?s=dd3a766e\">\n\t\t<img  loading=\"lazy\"src=\"https:\/\/img.nmcdn.io\/e1\/w:600,h:340,v:1\/cpm\/wp-content\/uploads\/2025\/04\/other-markets_soybean.jpg?s=f6aabb19\" width=\"1013\" height=\"574\" alt=\"Soybean\" aria-hidden=\"true\">\n\t<\/picture>\n<\/div>\n\t\t\t\t\t\t<\/div>\n\t\t\t\t\t<\/div>\n\t\t\t\t<\/div>\n\t\t\t\t\t\t\t\t\n\t\t\t\t<div class=\"partial-container\">\n\t\t\t\t\t<div class=\"partial -no-link\">\n\t\t\t\t\t\t<div class=\"text\">\n\t\t\t\t\t\t\t<h3 class=\"heading\">\n\t\t\t\t\t\t\t\t\t\t\t\t\t\t\t\t\t<span>Girasol<\/span>\n\t\t\t\t\t\t\t\t\t\t\t\t\t\t\t<\/h3>\n\t\t\t\t\t\t\t<div class=\"excerpt\">Semillas oleaginosas<\/div>\n\t\t\t\t\t\t<\/div>\n\t\t\t\t\t\t<div class=\"image\">\n\t\t\t\t\t\t\t\n<div class=\"image-auto\" style=\"aspect-ratio: 1013 \/ 574;\">\n\t<picture>\n\t\t<source \n\t\t\tmedia=\"(max-width: 600px)\"\n\t\t\tsrcset=\"https:\/\/img.nmcdn.io\/e1\/w:480,h:272,v:1\/cpm\/wp-content\/uploads\/2025\/04\/other-markets_sunflower.jpg?s=66b6fe39\">\n\t\t<img  loading=\"lazy\"src=\"https:\/\/img.nmcdn.io\/e1\/w:600,h:340,v:1\/cpm\/wp-content\/uploads\/2025\/04\/other-markets_sunflower.jpg?s=864ca3ff\" width=\"1013\" height=\"574\" alt=\"Sunflower\" aria-hidden=\"true\">\n\t<\/picture>\n<\/div>\n\t\t\t\t\t\t<\/div>\n\t\t\t\t\t<\/div>\n\t\t\t\t<\/div>\n\t\t\t\t\t<\/div>\n\t\t\n\t<\/div>\n\t\t\t<\/div>\n\n\t\t\t\t\n\t<\/div>","protected":false},"excerpt":{"rendered":"","protected":false},"author":4,"featured_media":0,"parent":0,"menu_order":0,"comment_status":"closed","ping_status":"closed","template":"","meta":{"_acf_changed":false,"footnotes":""},"class_list":["post-10732","page","type-page","status-publish","hentry"],"acf":[],"_links":{"self":[{"href":"https:\/\/onecpm.com\/es\/wp-json\/wp\/v2\/pages\/10732","targetHints":{"allow":["GET"]}}],"collection":[{"href":"https:\/\/onecpm.com\/es\/wp-json\/wp\/v2\/pages"}],"about":[{"href":"https:\/\/onecpm.com\/es\/wp-json\/wp\/v2\/types\/page"}],"author":[{"embeddable":true,"href":"https:\/\/onecpm.com\/es\/wp-json\/wp\/v2\/users\/4"}],"replies":[{"embeddable":true,"href":"https:\/\/onecpm.com\/es\/wp-json\/wp\/v2\/comments?post=10732"}],"version-history":[{"count":33,"href":"https:\/\/onecpm.com\/es\/wp-json\/wp\/v2\/pages\/10732\/revisions"}],"predecessor-version":[{"id":10807,"href":"https:\/\/onecpm.com\/es\/wp-json\/wp\/v2\/pages\/10732\/revisions\/10807"}],"wp:attachment":[{"href":"https:\/\/onecpm.com\/es\/wp-json\/wp\/v2\/media?parent=10732"}],"curies":[{"name":"wp","href":"https:\/\/api.w.org\/{rel}","templated":true}]}}