{"id":12139,"date":"2026-04-17T08:17:23","date_gmt":"2026-04-17T08:17:23","guid":{"rendered":"https:\/\/onecpm.com\/?page_id=12139"},"modified":"2026-04-29T14:59:29","modified_gmt":"2026-04-29T14:59:29","slug":"myinsights","status":"publish","type":"page","link":"https:\/\/onecpm.com\/es\/myinsights","title":{"rendered":"mis reflexiones"},"content":{"rendered":"<div id=\"block_69278e3f1438ea6778005a6d48540a1f\" class=\"nmc-block nmc-block--masthead-aftermarket block-container alignfull -mode-dark\">\n\t\n\t\t\n\t\t\t<div class=\"blockbody\">\n\t\t\t\t<div class=\"masthead-media -overlay\">\n\t\t<div class=\"image\">\n\t\t\t\t\t\t\t\t\t\t\t\t<picture>\n\t\t\t<source media=\"(max-width: 499px)\" srcset=\"https:\/\/img.nmcdn.io\/e1\/w:600,h:338,v:1\/cpm\/wp-content\/uploads\/2026\/04\/EDL-Landing-Page-Header-1.png?s=a1de771a\">\n\t\t\t<source media=\"(max-width: 899px)\" srcset=\"https:\/\/img.nmcdn.io\/e1\/w:1200,h:675,v:1\/cpm\/wp-content\/uploads\/2026\/04\/EDL-Landing-Page-Header-1.png?s=e711b845\">\n\t\t\t<img fetchpriority=\"high\" decoding=\"async\" loading=\"eager\" style=\"aspect-ratio: 1.7777777777778;\" src=\"https:\/\/img.nmcdn.io\/e1\/w:1800,h:1013,v:1\/cpm\/wp-content\/uploads\/2026\/04\/EDL-Landing-Page-Header-1.png?s=90205be8\" width=\"1800\" height=\"1013\" alt=\"\" aria-hidden=\"true\">\n\t\t<\/picture>\n\t<\/div>\n\t\t\n<\/div>\n<div class=\"bound boundwider\">\n\t<div class=\"masthead-content\">\n\t\t<p class=\"is-style-eyebrow-heading\">An\u00e1lisis industrial para una toma de decisiones m\u00e1s inteligente y basada en datos.<\/strong><\/p>\n\t\t<h1 class=\"page-title\">mis reflexiones<\/h1>\n\t\t\t\t\t<\/div>\n<\/div>\n\n<script>\n(function(){\n\tdocument.documentElement.classList.add('-transparent-header');\n})();\n<\/script>\n\t\t\t<\/div>\n\n\t\t\t\t\n\t<\/div>\n\n\n\n\n\n\t\n\n\t\t\t\t\t\t\t\n\n<div id=\"block_a84759c59d281604961b2e87065900bd\" class=\"nmc-block nmc-block--intro-complex block-container alignfull\">\n\t\n\t\t\n\t\t\t<div class=\"blockbody\">\n\t\t\t\t\n\t<div class=\"wrap\">\n\t\t<div class=\"block-intro\">\n\t\t\t\t\t\t\t<p class=\"is-style-eyebrow-heading\">Predecir. Optimizar. Mejorar.<\/p>\n\t\t\t\t\t\t\t\t\t\t                                                                                                                                                                                                                                                            <h2 class=\"block-title\">An\u00e1lisis industrial para una toma de decisiones m\u00e1s inteligente y basada en datos.<\/h2>\t\t\t\t\t\t\t\t\t<div class=\"text\">\n\t\t\t\t<p data-start=\"523\" data-end=\"849\">myinsights es la plataforma de an\u00e1lisis industrial de CPM, dise\u00f1ada para transformar los datos de las m\u00e1quinas en informaci\u00f3n clara y \u00fatil. Al combinar la monitorizaci\u00f3n del rendimiento en tiempo real, el contexto econ\u00f3mico y algoritmos avanzados, myinsights permite a operadores, ingenieros y responsables de planta tomar decisiones basadas en datos con total confianza.<\/p>\n<p data-start=\"851\" data-end=\"1047\">La plataforma conecta los datos de las m\u00e1quinas con la experiencia sectorial de CPM para mejorar la productividad, reducir los costes operativos y respaldar operaciones m\u00e1s seguras y sostenibles en plantas, activos y procesos.<\/p>\n\t\t\t<\/div>\n\t\t\t\n\t\t\t\t\t\t\t<a href=\"https:\/\/onecpm.com\/es\/about-cpm\/contact-us\/\" class=\"btn -non-btn\" >Ponerse en contacto<svg xmlns=\"http:\/\/www.w3.org\/2000\/svg\" width=\"17\" height=\"12\" viewbox=\"0 0 17 12\" fill=\"none\" role=\"img\" aria-hidden=\"true\" focusable=\"false\"><title>arrow<\/title>\n<path fill-rule=\"evenodd\" clip-rule=\"evenodd\" d=\"M13.9176 6.28571L8.65133 10.5863L9.42733 11.4286L16.3999 5.71429L9.41476 0L8.65362 0.860571L13.9153 5.14286L0.399902 5.14286L0.399902 6.28571L13.9176 6.28571Z\" fill=\"white\"\/>\n<\/svg><\/a>\t\t\t\t\t<\/div>\n\n\t\t<div class=\"image\">\n\t\t\t\n<div class=\"image-auto\" style=\"aspect-ratio: 800 \/ 984;\">\n\t<picture>\n\t\t<source \n\t\t\tmedia=\"(max-width: 600px)\"\n\t\t\tsrcset=\"https:\/\/img.nmcdn.io\/e1\/w:480,h:591,v:1\/cpm\/wp-content\/uploads\/2026\/04\/Workers-on-tablets-in-Preparation-area.jpg?s=4f4700b3\">\n\t\t<img  loading=\"lazy\"src=\"https:\/\/img.nmcdn.io\/e1\/w:600,h:738,v:1\/cpm\/wp-content\/uploads\/2026\/04\/Workers-on-tablets-in-Preparation-area.jpg?s=c0a2bf5b\" width=\"800\" height=\"984\" alt=\"\">\n\t<\/picture>\n<\/div>\n\n\t\t\t\t\t<\/div>\n\t<\/div>\n\n\t\t\t<\/div>\n\n\t\t\t\t\n\t<\/div>\n\n\n\n\t\n\n\t\t\t\t\t\t\t\n\n<div id=\"block_4680192a367c51126c58f446463dd183\" class=\"nmc-block nmc-block--tabbed-ctas block-container alignfull\">\n\t\n\t\t\n\t\t\t<div class=\"blockbody\">\n\t\t\t\t\t\n\t<div class=\"block-wrap gray\">\n\t\t<div class=\"bound boundwider\">\n\t\t\t<div class=\"block-intro -mode-gray\">\n\t\t\t\t<div class=\"block-left\">\n\t\t\t\t\t                                                                                                                                                                                                        <h2 class=\"block-title\">C\u00f3mo myinsights transforma el rendimiento operativo<\/h2>\t\t\t\t\t\t\t\t\t\t\t<div class=\"content\">myinsights conecta los datos de las m\u00e1quinas en tiempo real con an\u00e1lisis predictivos y datos operativos estructurados para ofrecer informaci\u00f3n clara que mejora el rendimiento, reduce las ineficiencias y facilita una mejor toma de decisiones en toda su operaci\u00f3n.<\/div>\n\t\t\t\t\t\t\t\t\t<\/div>\n\n\t\t\t\t\t\t\t<\/div>\n\n\t\t\t<div class=\"tabs\">\n\t\t\t\t<div class=\"tabs_list\" role=\"tablist\">\n\t\t\t\t\t\t\t\t\t\t\t<button type=\"button\" class=\"tab\" role=\"tab\" aria-controls=\"block_4680192a367c51126c58f446463dd183-1\" id=\"tab-block_4680192a367c51126c58f446463dd183-1\" tabindex=\"\">Optimizaci\u00f3n predictiva<\/button>\n\t\t\t\t\t\t\t\t\t\t\t<button type=\"button\" class=\"tab\" role=\"tab\" aria-controls=\"block_4680192a367c51126c58f446463dd183-2\" id=\"tab-block_4680192a367c51126c58f446463dd183-2\" tabindex=\"-1\">An\u00e1lisis y monitorizaci\u00f3n digital<\/button>\n\t\t\t\t\t\t\t\t\t\t\t<button type=\"button\" class=\"tab\" role=\"tab\" aria-controls=\"block_4680192a367c51126c58f446463dd183-3\" id=\"tab-block_4680192a367c51126c58f446463dd183-3\" tabindex=\"-1\">Registro de actividades y seguimiento de consumibles<\/button>\n\t\t\t\t\t\t\t\t\t<\/div>\n\n\t\t\t\t<div class=\"tab-content\">\n\n\t\t\t\t\t\t\t\t\t\t\t<div class=\"tab_panel\" tabindex=\"0\" role=\"tabpanel\" id=\"block_4680192a367c51126c58f446463dd183-1\" >\n\t\t\t\t\t\t\t<div class=\"tab-background\">\n\t\t\t\t\t\t\t\t<div class=\"image\">\n\t\t\t\t\t\t\t\t\t\t\t\t\t\t\t\t\t\t\t\t\t\t\t\t\t\t\t\t\t\t\t\t\t\t\t\t\t\t\t\t\t\t\t\t\t\t\t\t\t\t\t\t\t\t<picture>\n\t\t\t\t\t\t\t\t\t\t<source media=\"(max-width: 499px)\" srcset=\"https:\/\/img.nmcdn.io\/e1\/w:600,h:800,v:1\/cpm\/wp-content\/uploads\/2026\/04\/Workers-plugging-into-machine.jpg?s=0675def1\">\n\t\t\t\t\t\t\t\t\t\t<source media=\"(max-width: 899px)\" srcset=\"https:\/\/img.nmcdn.io\/e1\/w:1200,h:724,v:1\/cpm\/wp-content\/uploads\/2026\/04\/Workers-plugging-into-machine.jpg?s=505ba28a\">\n\t\t\t\t\t\t\t\t\t\t<img decoding=\"async\" loading=\"eager\" style=\"aspect-ratio: 1.6578947368421;\" src=\"https:\/\/img.nmcdn.io\/e1\/w:1800,h:1086,v:1\/cpm\/wp-content\/uploads\/2026\/04\/Workers-plugging-into-machine.jpg?s=e9ff1973\" width=\"1800\" height=\"1086\" alt=\"\" aria-hidden=\"true\">\n\t\t\t\t\t\t\t\t\t<\/picture>\n\t\t\t\t\t\t\t\t<\/div>\n\t\t\t\t\t\t\t<\/div>\n\t\t\t\t\t\t\t<div class=\"tab-wrap -left\">\n\t\t\t\t\t\t\t\t<div class=\"text -mode-dark\">\n\t\t\t\t\t\t\t\t\t\t\t\t\t\t\t\t\t\t                                                                                                <h2 class=\"block-title\">Act\u00faa en el momento adecuado<\/h2>\t\t\t\t\t\t\t\t\t\t\t\t\t\t\t\t\t\t\t<p data-start=\"1549\" data-end=\"1810\">myinsights identifica el momento \u00f3ptimo para tomar decisiones operativas combinando datos de rendimiento de las m\u00e1quinas con el contexto econ\u00f3mico. Esto permite a los equipos actuar en el momento preciso para maximizar la eficiencia y evitar costes o interrupciones innecesarias.<\/p>\n<p data-start=\"1812\" data-end=\"2056\">Las capacidades de optimizaci\u00f3n predictiva incluyen: an\u00e1lisis del rendimiento econ\u00f3mico, identificaci\u00f3n del punto de cambio \u00f3ptimo, informaci\u00f3n sobre la eficiencia de la producci\u00f3n, monitorizaci\u00f3n del consumo energ\u00e9tico, apoyo a la planificaci\u00f3n del mantenimiento, recomendaciones y alertas automatizadas.<\/p>\n\n\t\t\t\t\t\t\t\t\t\t\t\t\t\t\t\t\t\t\t\t\t\t\t\t\t\t<\/div>\n\t\t\t\t\t\t\t<\/div>\n\t\t\t\t\t\t<\/div>\n\t\t\t\t\t\t\t\t\t\t\t<div class=\"tab_panel\" tabindex=\"0\" role=\"tabpanel\" id=\"block_4680192a367c51126c58f446463dd183-2\" hidden=\"\">\n\t\t\t\t\t\t\t<div class=\"tab-background\">\n\t\t\t\t\t\t\t\t<div class=\"image\">\n\t\t\t\t\t\t\t\t\t\t\t\t\t\t\t\t\t\t\t\t\t\t\t\t\t\t\t\t\t\t\t\t\t\t\t\t\t\t\t\t\t\t\t\t\t\t\t\t\t\t\t\t\t\t<picture>\n\t\t\t\t\t\t\t\t\t\t<source media=\"(max-width: 499px)\" srcset=\"https:\/\/img.nmcdn.io\/e1\/w:600,h:800,v:1\/cpm\/wp-content\/uploads\/2026\/04\/Workers-in-Control-Room-3.jpg?s=4ff985eb\">\n\t\t\t\t\t\t\t\t\t\t<source media=\"(max-width: 899px)\" srcset=\"https:\/\/img.nmcdn.io\/e1\/w:1200,h:724,v:1\/cpm\/wp-content\/uploads\/2026\/04\/Workers-in-Control-Room-3.jpg?s=1b124594\">\n\t\t\t\t\t\t\t\t\t\t<img decoding=\"async\" loading=\"eager\" style=\"aspect-ratio: 1.6578947368421;\" src=\"https:\/\/img.nmcdn.io\/e1\/w:1800,h:1086,v:1\/cpm\/wp-content\/uploads\/2026\/04\/Workers-in-Control-Room-3.jpg?s=211e459e\" width=\"1800\" height=\"1086\" alt=\"\" aria-hidden=\"true\">\n\t\t\t\t\t\t\t\t\t<\/picture>\n\t\t\t\t\t\t\t\t<\/div>\n\t\t\t\t\t\t\t<\/div>\n\t\t\t\t\t\t\t<div class=\"tab-wrap -left\">\n\t\t\t\t\t\t\t\t<div class=\"text -mode-dark\">\n\t\t\t\t\t\t\t\t\t\t\t\t\t\t\t\t\t\t                                                                                                                                                                                                <h2 class=\"block-title\">Visibilidad del rendimiento en tiempo real e hist\u00f3rico<\/h2>\t\t\t\t\t\t\t\t\t\t\t\t\t\t\t\t\t\t\t<p data-start=\"2168\" data-end=\"2456\">myinsights ofrece visibilidad continua del rendimiento de m\u00e1quinas y procesos mediante paneles intuitivos y monitorizaci\u00f3n en tiempo real. Al combinar datos en directo con an\u00e1lisis hist\u00f3ricos, la plataforma permite a los equipos identificar ineficiencias y mejorar el rendimiento operativo.<\/p>\n<p data-start=\"2458\" data-end=\"2701\">Las capacidades de an\u00e1lisis digital incluyen: monitorizaci\u00f3n del rendimiento en tiempo real, an\u00e1lisis hist\u00f3rico de la producci\u00f3n, comparaci\u00f3n entre m\u00e1quinas, an\u00e1lisis de tendencias a lo largo de los ciclos de producci\u00f3n, alertas y notificaciones automatizadas, informaci\u00f3n operativa basada en datos.<\/p>\n\n\t\t\t\t\t\t\t\t\t\t\t\t\t\t\t\t\t\t\t\t\t\t\t\t\t\t<\/div>\n\t\t\t\t\t\t\t<\/div>\n\t\t\t\t\t\t<\/div>\n\t\t\t\t\t\t\t\t\t\t\t<div class=\"tab_panel\" tabindex=\"0\" role=\"tabpanel\" id=\"block_4680192a367c51126c58f446463dd183-3\" hidden=\"\">\n\t\t\t\t\t\t\t<div class=\"tab-background\">\n\t\t\t\t\t\t\t\t<div class=\"image\">\n\t\t\t\t\t\t\t\t\t\t\t\t\t\t\t\t\t\t\t\t\t\t\t\t\t\t\t\t\t\t\t\t\t\t\t\t\t\t\t\t\t\t\t\t\t\t\t\t\t\t\t\t\t\t<picture>\n\t\t\t\t\t\t\t\t\t\t<source media=\"(max-width: 499px)\" srcset=\"https:\/\/img.nmcdn.io\/e1\/w:600,h:800,v:1\/cpm\/wp-content\/uploads\/2026\/04\/myinsights-logbook.jpg?s=2cf83d7d\">\n\t\t\t\t\t\t\t\t\t\t<source media=\"(max-width: 899px)\" srcset=\"https:\/\/img.nmcdn.io\/e1\/w:1200,h:724,v:1\/cpm\/wp-content\/uploads\/2026\/04\/myinsights-logbook.jpg?s=694fd86d\">\n\t\t\t\t\t\t\t\t\t\t<img decoding=\"async\" loading=\"eager\" style=\"aspect-ratio: 1.6578947368421;\" src=\"https:\/\/img.nmcdn.io\/e1\/w:1800,h:1086,v:1\/cpm\/wp-content\/uploads\/2026\/04\/myinsights-logbook.jpg?s=61182ebe\" width=\"1800\" height=\"1086\" alt=\"\" aria-hidden=\"true\">\n\t\t\t\t\t\t\t\t\t<\/picture>\n\t\t\t\t\t\t\t\t<\/div>\n\t\t\t\t\t\t\t<\/div>\n\t\t\t\t\t\t\t<div class=\"tab-wrap -left\">\n\t\t\t\t\t\t\t\t<div class=\"text -mode-dark\">\n\t\t\t\t\t\t\t\t\t\t\t\t\t\t\t\t\t\t                                                                                                                                                    <h2 class=\"block-title\">Datos estructurados para tomar mejores decisiones<\/h2>\t\t\t\t\t\t\t\t\t\t\t\t\t\t\t\t\t\t\t<p data-start=\"2801\" data-end=\"3078\">El registro integrado facilita el registro digital del uso de consumibles para garantizar la trazabilidad y el control en la planta. Al estandarizar la captura de datos, myinsights crea un historial operativo fiable que contribuye a una mejor planificaci\u00f3n y toma de decisiones.<\/p>\n<p data-start=\"3080\" data-end=\"3346\">Las funcionalidades del libro de registro incluyen: registro estructurado del uso de consumibles, seguimiento de eventos de cambio y entradas operativas, comparaci\u00f3n del rendimiento hist\u00f3rico, trazabilidad mejorada a lo largo de los ciclos de producci\u00f3n, soporte para la planificaci\u00f3n del mantenimiento y la coherencia operativa.<\/p>\n\n\t\t\t\t\t\t\t\t\t\t\t\t\t\t\t\t\t\t\t\t\t\t\t\t\t\t<\/div>\n\t\t\t\t\t\t\t<\/div>\n\t\t\t\t\t\t<\/div>\n\t\t\t\t\t\t\t\t\t\t\n\t\t\t\t<\/div>\n\t\t\t<\/div>\n\n\t\t\t\n\t\t<\/div>\n\t<\/div>\n\n\t\n\t\t\t<\/div>\n\n\t\t\t\t\n\t<\/div>\n\n\n\n\t\n\n\t\t\t\t\t\t\t\n\n<div id=\"block_f5385ab5b1b02a9eab1ed41816aa642d\" class=\"nmc-block nmc-block--process-slider block-container alignfull\">\n\t\n\t\t\n\t\t\t<div class=\"blockbody\">\n\t\t\t\t\t<div class=\"bound boundwide\">\n\t\t<div class=\"block-intro\">\n\t\t\t<div class=\"block-intro-left\">\n\t\t\t\t\t\t\t\t\t<p class=\"is-style-eyebrow-heading\">El proceso<\/p>\n\t\t\t\t\t\t\t\t                                                                                                            <h2 class=\"block-title\">Capacidades de la plataforma principal<\/h2>\t\t\t\t\t\t\t<\/div>\n\t\t\t\n\t\t\t\t\t\t\t\n\t\t<\/div>\n\t\t\n\t<\/div>\n\n\t<div class=\"bound boundwider\">\n\t\t<div id=\"slider-block_f5385ab5b1b02a9eab1ed41816aa642d-slider\" class=\"nmc-slider scrollable snaps\" data-nmc-slider role=\"region\" aria-label=\"Carrusel de vista previa de contenido\">\n\t\t\t\t\t\t\t\n\t\t\t\t\n\t\t\t\t<div class=\"nmc-slide\" role=\"group\" aria-label=\"Diapositiva 1 de 0\" aria-current=\"true\">\n\t\t\t\t\t<div class=\"process-slide\">\n\t\t\t\t\t\t<div class=\"image\">\n\t\t\t\t\t\t\t\n<div class=\"image-auto\" style=\"aspect-ratio: 800 \/ 434;\">\n\t<picture>\n\t\t<source \n\t\t\tmedia=\"(max-width: 600px)\"\n\t\t\tsrcset=\"https:\/\/img.nmcdn.io\/e1\/w:480,h:261,v:1\/cpm\/wp-content\/uploads\/2026\/04\/laptop-myinsights-analytics.jpg?s=a2cde473\">\n\t\t<img  loading=\"lazy\"src=\"https:\/\/img.nmcdn.io\/e1\/w:600,h:326,v:1\/cpm\/wp-content\/uploads\/2026\/04\/laptop-myinsights-analytics.jpg?s=ea31981d\" width=\"800\" height=\"434\" alt=\"\">\n\t<\/picture>\n<\/div>\n\t\t\t\t\t\t<\/div>\n\t\t\t\t\t\t<div class=\"content\">\n\t\t\t\t\t\t\t<div class=\"number\">1<\/div>\n\t\t\t\t\t\t\tPanel de an\u00e1lisis: Obtenga visibilidad del rendimiento de las m\u00e1quinas y los consumibles a lo largo del tiempo. El panel de an\u00e1lisis proporciona informaci\u00f3n hist\u00f3rica de d\u00edas, semanas, meses y a\u00f1os, lo que permite a los operadores y gerentes de planta identificar tendencias, comparar el rendimiento y respaldar la optimizaci\u00f3n a largo plazo.\n\t\t\t\t\t\t<\/div>\n\t\t\t\t\t<\/div>\n\t\t\t\t<\/div>\n\t\t\t\t\t\t\t\n\t\t\t\t\n\t\t\t\t<div class=\"nmc-slide\" role=\"group\" aria-label=\"Diapositiva 2 de 0\" >\n\t\t\t\t\t<div class=\"process-slide\">\n\t\t\t\t\t\t<div class=\"image\">\n\t\t\t\t\t\t\t\n<div class=\"image-auto\" style=\"aspect-ratio: 1400 \/ 759;\">\n\t<picture>\n\t\t<source \n\t\t\tmedia=\"(max-width: 600px)\"\n\t\t\tsrcset=\"https:\/\/img.nmcdn.io\/e1\/w:480,h:261,v:1\/cpm\/wp-content\/uploads\/2026\/04\/laptop-myinsights-dashboard.png?s=bca2249c\">\n\t\t<img  loading=\"lazy\"src=\"https:\/\/img.nmcdn.io\/e1\/w:600,h:326,v:1\/cpm\/wp-content\/uploads\/2026\/04\/laptop-myinsights-dashboard.png?s=b81fc136\" width=\"1400\" height=\"759\" alt=\"\">\n\t<\/picture>\n<\/div>\n\t\t\t\t\t\t<\/div>\n\t\t\t\t\t\t<div class=\"content\">\n\t\t\t\t\t\t\t<div class=\"number\">2<\/div>\n\t\t\t\t\t\t\tDatos en tiempo real: Supervise el rendimiento operativo con datos en directo de los equipos de producci\u00f3n. La monitorizaci\u00f3n en tiempo real permite a los equipos identificar r\u00e1pidamente los cambios en el rendimiento y reaccionar antes de que la productividad o la eficiencia se vean afectadas.\n\t\t\t\t\t\t<\/div>\n\t\t\t\t\t<\/div>\n\t\t\t\t<\/div>\n\t\t\t\t\t\t\t\n\t\t\t\t\n\t\t\t\t<div class=\"nmc-slide\" role=\"group\" aria-label=\"Diapositiva 3 de 0\" >\n\t\t\t\t\t<div class=\"process-slide\">\n\t\t\t\t\t\t<div class=\"image\">\n\t\t\t\t\t\t\t\n<div class=\"image-auto\" style=\"aspect-ratio: 1400 \/ 759;\">\n\t<picture>\n\t\t<source \n\t\t\tmedia=\"(max-width: 600px)\"\n\t\t\tsrcset=\"https:\/\/img.nmcdn.io\/e1\/w:480,h:261,v:1\/cpm\/wp-content\/uploads\/2026\/04\/laptop-myinsights-EDL.png?s=3044691e\">\n\t\t<img  loading=\"lazy\"src=\"https:\/\/img.nmcdn.io\/e1\/w:600,h:326,v:1\/cpm\/wp-content\/uploads\/2026\/04\/laptop-myinsights-EDL.png?s=29c61c88\" width=\"1400\" height=\"759\" alt=\"\">\n\t<\/picture>\n<\/div>\n\t\t\t\t\t\t<\/div>\n\t\t\t\t\t\t<div class=\"content\">\n\t\t\t\t\t\t\t<div class=\"number\">3<\/div>\n\t\t\t\t\t\t\tCalculadora de vida \u00fatil econ\u00f3mica de matrices: Eval\u00fae el impacto financiero de las decisiones sobre cambios en los consumibles. La calculadora permite a los usuarios ingresar datos de costos y producci\u00f3n para determinar la estrategia de vida \u00fatil de matrices m\u00e1s rentable.\n\t\t\t\t\t\t<\/div>\n\t\t\t\t\t<\/div>\n\t\t\t\t<\/div>\n\t\t\t\t\t\t\t\n\t\t\t\t\n\t\t\t\t<div class=\"nmc-slide\" role=\"group\" aria-label=\"Diapositiva 4 de 0\" >\n\t\t\t\t\t<div class=\"process-slide\">\n\t\t\t\t\t\t<div class=\"image\">\n\t\t\t\t\t\t\t\n<div class=\"image-auto\" style=\"aspect-ratio: 1400 \/ 759;\">\n\t<picture>\n\t\t<source \n\t\t\tmedia=\"(max-width: 600px)\"\n\t\t\tsrcset=\"https:\/\/img.nmcdn.io\/e1\/w:480,h:261,v:1\/cpm\/wp-content\/uploads\/2026\/04\/laptop-myinsights-logbook.png?s=1731af37\">\n\t\t<img  loading=\"lazy\"src=\"https:\/\/img.nmcdn.io\/e1\/w:600,h:326,v:1\/cpm\/wp-content\/uploads\/2026\/04\/laptop-myinsights-logbook.png?s=099f4445\" width=\"1400\" height=\"759\" alt=\"\">\n\t<\/picture>\n<\/div>\n\t\t\t\t\t\t<\/div>\n\t\t\t\t\t\t<div class=\"content\">\n\t\t\t\t\t\t\t<div class=\"number\">4<\/div>\n\t\t\t\t\t\t\tLibro de registro: Realice un seguimiento de los reemplazos de consumibles y las actividades de mantenimiento mediante un registro digital estructurado. El libro de registro crea un historial fiable de las decisiones operativas y el rendimiento de los consumibles.\n\t\t\t\t\t\t<\/div>\n\t\t\t\t\t<\/div>\n\t\t\t\t<\/div>\n\t\t\t\t\t<\/div>\n\n\t\t<div class=\"slider-nav-wrap\">\n\t\t\t\n\t\t\t<ul class=\"nmc-dots\">\n\t\t\t<button type=\"button\" class=\"slider-nav prev\" aria-label=\"Diapositiva anterior\" data-nmc-slider-target=\"#slider-block_f5385ab5b1b02a9eab1ed41816aa642d-slider\" data-nmc-slider-action=\"prev\"><svg xmlns=\"http:\/\/www.w3.org\/2000\/svg\" width=\"17\" height=\"28\" viewbox=\"0 0 17 28\" role=\"img\" aria-hidden=\"true\" focusable=\"false\"><path d=\"M.1 14.4a.5.5 0 0 1 0-.7L13.7 0h.7l1.8 2c.2.2.2.5 0 .7L4.8 14l11 11.1c.4.4.4 1 0 1.4l-1 1a1 1 0 0 1-1.5 0L.1 14.5Z\"\/><\/svg><\/button>\n\t\t\t\t\t\t\t\t\t<li class=\"active\">\n\t\t\t\t\t\t<button type=\"button\" id=\"slider-1-dot-1\" aria-controls=\"slider-block_f5385ab5b1b02a9eab1ed41816aa642d-slider-1\" class=\"jumpbutton active\" data-nmc-slider-target=\"#slider-block_f5385ab5b1b02a9eab1ed41816aa642d-slider\" aria-label=\"Ir a la diapositiva 1 de \" data-nmc-slider-action=\"slide-1\">1<\/button>\n\t\t\t\t\t<\/li>\n\t\t\t\t\t\t\t\t\t<li class=\"\">\n\t\t\t\t\t\t<button type=\"button\" id=\"slider-1-dot-2\" aria-controls=\"slider-block_f5385ab5b1b02a9eab1ed41816aa642d-slider-2\" class=\"jumpbutton\" data-nmc-slider-target=\"#slider-block_f5385ab5b1b02a9eab1ed41816aa642d-slider\" aria-label=\"Ir a la diapositiva 2 de \" data-nmc-slider-action=\"slide-2\">2<\/button>\n\t\t\t\t\t<\/li>\n\t\t\t\t\t\t\t\t\t<li class=\"\">\n\t\t\t\t\t\t<button type=\"button\" id=\"slider-1-dot-3\" aria-controls=\"slider-block_f5385ab5b1b02a9eab1ed41816aa642d-slider-3\" class=\"jumpbutton\" data-nmc-slider-target=\"#slider-block_f5385ab5b1b02a9eab1ed41816aa642d-slider\" aria-label=\"Vaya a la diapositiva 3 de \" data-nmc-slider-action=\"slide-3\">3<\/button>\n\t\t\t\t\t<\/li>\n\t\t\t\t\t\t\t\t\t<li class=\"\">\n\t\t\t\t\t\t<button type=\"button\" id=\"slider-1-dot-4\" aria-controls=\"slider-block_f5385ab5b1b02a9eab1ed41816aa642d-slider-4\" class=\"jumpbutton\" data-nmc-slider-target=\"#slider-block_f5385ab5b1b02a9eab1ed41816aa642d-slider\" aria-label=\"Ir a la diapositiva 4 de \" data-nmc-slider-action=\"slide-4\">4<\/button>\n\t\t\t\t\t<\/li>\n\t\t\t\t\t\t\t\t<button type=\"button\" class=\"slider-nav next\" aria-label=\"Diapositiva siguiente\" data-nmc-slider-target=\"#slider-block_f5385ab5b1b02a9eab1ed41816aa642d-slider\" data-nmc-slider-action=\"next\"><svg xmlns=\"http:\/\/www.w3.org\/2000\/svg\" width=\"17\" height=\"28\" viewbox=\"0 0 17 28\" role=\"img\" aria-hidden=\"true\" focusable=\"false\"><path d=\"M16.2 14.4c.2-.2.2-.5 0-.7L2.6 0a.5.5 0 0 0-.7 0L.1 2v.7L11.5 14 .5 25.1a1 1 0 0 0 0 1.4l1 1c.5.5 1.1.5 1.5 0l13.2-13.1Z\"\/><\/svg><\/button>\n\t\t\t<\/ul>\n\t\t\t\n\t\t<\/div>\n\t<\/div>\n\n\t\t\t<\/div>\n\n\t\t\t\t\n\t<\/div>\n\n\n\n\t\n\n\t\t\t\t\t\t\t\n\n<div id=\"block_d463d1d71c686a741eb8d816a221efa0\" class=\"nmc-block nmc-block--intro-video block-container alignfull\">\n\t\n\t\t\n\t\t\t<div class=\"blockbody\">\n\t\t\t\t\t\t<div class=\"bound boundwider wrap\">\n\t\t\t<div class=\"block-intro\">\n\t\t\t\t\t\t\t\t\t                                                                                                                                                                                                            <h2 class=\"block-title\">Vida \u00fatil econ\u00f3mica de los troqueles: Optimizaci\u00f3n del rendimiento de los consumibles<\/h2>\t\t\t\t\t\t\t\t\t\t\t<p class=\"content\">La funci\u00f3n de Vida \u00datil Econ\u00f3mica de Troqueles (EDL, por sus siglas en ingl\u00e9s) es una aplicaci\u00f3n clave dentro de la plataforma myinsights, dise\u00f1ada para optimizar el rendimiento de troqueles y rodillos mediante an\u00e1lisis predictivos y modelado econ\u00f3mico. Al identificar el punto de inflexi\u00f3n econ\u00f3mico real, EDL garantiza que los componentes se reemplacen en el momento \u00f3ptimo, equilibrando la productividad, el consumo de energ\u00eda y la vida \u00fatil de los consumibles.<\/p>\n\t\t\t\t\t\t\t\t\t\t<a href=\"https:\/\/onecpm.com\/es\/about-cpm\/contact-us\/\" target=\"\" class=\"btn\">Solicitar m\u00e1s informaci\u00f3n<\/a>\t\t\t<\/div>\n\t\t\t<div class=\"block-video\">\n\t\t\t\t<div class=\"video_wrap\">\n\t\t\t\t\t<div class=\"wistia-aspect\">\n\t\t\t\t\t\t\n\t\t\t\t\t\t<iframe loading=\"lazy\" src=\"https:\/\/fast.wistia.net\/embed\/iframe\/7gl0s7evcf?seo=true&#038;videoFoam=false\" allow=\"autoplay; fullscreen\" allowtransparency=\"true\" frameborder=\"0\" scrolling=\"no\" class=\"wistia_embed\" name=\"wistia_embed\" msallowfullscreen width=\"640\" height=\"360\"><\/iframe>\n\t\t\t\t\t\t<script src=\"https:\/\/fast.wistia.net\/assets\/external\/E-v1.js\" async><\/script>\n\t\t\t\t\t<\/div>\n\t\t\t\t<\/div>\n\t\t\t<\/div>\n\t\t<\/div>\n\t\t\t<\/div>\n\n\t\t\t\t\n\t<\/div>\n\n\n\n\t\n\n\t\t\t\t\t\t\t\n\t\n<div id=\"block_eab71630d8369bd98238daf563e3db5e\" class=\"nmc-block nmc-block--split block-container alignfull -Width alignfull\">\n\t\n\t\t\n\t\t\t<div class=\"blockbody\">\n\t\t\t\t\t<div class=\"bound boundwider\">\n\t\t\n\n<div class=\"split-half\">\n\t<div class=\"split-half-content\">\n\n\t\t\n\n<div class=\"split-half-image\">\n\t\t\t\t\t\t\t\t\t\t<picture>\n\t\t<source media=\"(max-width: 400px)\" srcset=\"https:\/\/img.nmcdn.io\/e1\/w:500,h:530,v:1\/cpm\/wp-content\/uploads\/2026\/04\/EDL-Landing-Page-Header-1.png?s=0e83f022\">\n\t\t<img decoding=\"async\" loading=\"lazy\" style=\"aspect-ratio: 0.94339622641509;\" src=\"https:\/\/img.nmcdn.io\/e1\/w:800,h:848,v:1\/cpm\/wp-content\/uploads\/2026\/04\/EDL-Landing-Page-Header-1.png?s=71413067\" width=\"800\" height=\"848\" alt=\"\">\n\t<\/picture>\n<\/div>\n\n\n\t\t\n\t<\/div>\n<\/div>\n\n\n<div class=\"split-half\">\n\t<div class=\"split-half-content\">\n\n\t\t\n\n<p class=\"is-style-eyebrow-heading\">Cont\u00e1ctenos<\/p>\n\n\n\n<h2 class=\"wp-block-heading\">Comienza tu <strong>Viaje impulsado por datos<\/strong><\/h2>\n\n\n\n<p><\/p>\n\n\n\n<p>myinsights ayuda a transformar los datos operativos en informaci\u00f3n \u00fatil, lo que permite tomar decisiones m\u00e1s inteligentes y lograr una mejora continua en toda su operaci\u00f3n.<\/p>\n\n\n\n<p><br>P\u00f3ngase en contacto con CPM para obtener m\u00e1s informaci\u00f3n sobre myinsights y c\u00f3mo Economic Die Life puede mejorar el rendimiento de su planta.<\/p>\n\n\n\n\n\n\t\t\t\t\n\n<div class=\"nmc-block nmc-block--buttons\" id=\"block_30a3ceb5789a580028dd97f4f0f55551\">\n\t<div class=\"blockbody\">\n\t\n\t\t\t\t\t\t\n\t\t<a href=\"https:\/\/onecpm.com\/es\/about-cpm\/contact-us\/\" class=\"btn -btn\" >Hablemos<\/a>\n\t\t<\/div>\n<\/div>\n\n\t\t\n\t<\/div>\n<\/div>\n\n\t<\/div>\n\t\t\t<\/div>\n\n\t\t\t\t\n\t<\/div>","protected":false},"excerpt":{"rendered":"","protected":false},"author":21,"featured_media":0,"parent":0,"menu_order":0,"comment_status":"closed","ping_status":"closed","template":"","meta":{"_acf_changed":false,"footnotes":""},"class_list":["post-12139","page","type-page","status-publish","hentry"],"acf":[],"_links":{"self":[{"href":"https:\/\/onecpm.com\/es\/wp-json\/wp\/v2\/pages\/12139","targetHints":{"allow":["GET"]}}],"collection":[{"href":"https:\/\/onecpm.com\/es\/wp-json\/wp\/v2\/pages"}],"about":[{"href":"https:\/\/onecpm.com\/es\/wp-json\/wp\/v2\/types\/page"}],"author":[{"embeddable":true,"href":"https:\/\/onecpm.com\/es\/wp-json\/wp\/v2\/users\/21"}],"replies":[{"embeddable":true,"href":"https:\/\/onecpm.com\/es\/wp-json\/wp\/v2\/comments?post=12139"}],"version-history":[{"count":20,"href":"https:\/\/onecpm.com\/es\/wp-json\/wp\/v2\/pages\/12139\/revisions"}],"predecessor-version":[{"id":12558,"href":"https:\/\/onecpm.com\/es\/wp-json\/wp\/v2\/pages\/12139\/revisions\/12558"}],"wp:attachment":[{"href":"https:\/\/onecpm.com\/es\/wp-json\/wp\/v2\/media?parent=12139"}],"curies":[{"name":"wp","href":"https:\/\/api.w.org\/{rel}","templated":true}]}}