{"id":3562,"date":"2024-06-12T16:40:58","date_gmt":"2024-06-12T16:40:58","guid":{"rendered":"https:\/\/cpm.epicenter1.com\/?page_id=3562"},"modified":"2026-01-27T14:30:41","modified_gmt":"2026-01-27T14:30:41","slug":"parts-supplies","status":"publish","type":"page","link":"https:\/\/onecpm.com\/es\/aftermarket-service\/parts-supplies","title":{"rendered":"Piezas y suministros"},"content":{"rendered":"<div id=\"block_18b9dc5a1ddfadef91e1c61ea2b89151\" class=\"nmc-block nmc-block--masthead-aftermarket block-container alignfull -mode-dark\">\n\t\n\t\t\n\t\t\t<div class=\"blockbody\">\n\t\t\t\t<div class=\"masthead-media -overlay\">\n\t\t<div class=\"image\">\n\t\t\t\t\t\t\t\t\t\t\t\t<picture>\n\t\t\t<source media=\"(max-width: 499px)\" srcset=\"https:\/\/img.nmcdn.io\/e1\/w:600,h:338,v:1\/cpm\/wp-content\/uploads\/2024\/07\/aftermarket-partssupplies-hero.jpg?s=4f910f04\">\n\t\t\t<source media=\"(max-width: 899px)\" srcset=\"https:\/\/img.nmcdn.io\/e1\/w:1200,h:675,v:1\/cpm\/wp-content\/uploads\/2024\/07\/aftermarket-partssupplies-hero.jpg?s=dfd2a842\">\n\t\t\t<img fetchpriority=\"high\" decoding=\"async\" loading=\"eager\" style=\"aspect-ratio: 1.7777777777778;\" src=\"https:\/\/img.nmcdn.io\/e1\/w:1800,h:1013,v:1\/cpm\/wp-content\/uploads\/2024\/07\/aftermarket-partssupplies-hero.jpg?s=ae45019b\" width=\"1800\" height=\"1013\" alt=\"\" aria-hidden=\"true\">\n\t\t<\/picture>\n\t<\/div>\n\t\t\n<\/div>\n<div class=\"bound boundwider\">\n\t<div class=\"masthead-content\">\n\t\t<p class=\"is-style-eyebrow-heading\">Posventa y servicio<\/strong><\/p>\n\t\t<h1 class=\"page-title\">Piezas y suministros<\/h1>\n\t\t\t\t\t<\/div>\n<\/div>\n\n<script>\n(function(){\n\tdocument.documentElement.classList.add('-transparent-header');\n})();\n<\/script>\n\t\t\t<\/div>\n\n\t\t\t\t\n\t<\/div>\n\n\n\n\n<style>\n#block_4a150b847cfe9bb74c1c9f928fb613ab .logo {\ndisplay: none;\n}\n<\/style>\n\n\n\n\n\t\n\n\t\t\t\t\t\t\t\n\n<div id=\"block_24e99bbaea37e44539906bba6f27a20c\" class=\"nmc-block nmc-block--brand-intro block-container alignfull\">\n\t\n\t\t\n\t\t\t<div class=\"blockbody\">\n\t\t\t\t\t<div class=\"bound boundwiderhang\">\n\t\t\t\t\t<p class=\"is-style-eyebrow-heading\">Descripci\u00f3n general<\/p>\n\t\t\t\t<div class=\"wrap\">\n\t\t\t\n\t\t\t<div class=\"logo\">\n\t\t\t\t<img decoding=\"async\" src=\"https:\/\/onecpm.com\/wp-content\/uploads\/2025\/04\/Screen-Shot-2025-04-17-at-4.00.54-PM.png\" width=\"472\" height=\"398\" alt=\"Parts &amp;amp; Supplies Logo\" loading=\"eager\">\n\t\t\t<\/div>\n\t\t\t<div class=\"intro\">\n\t\t\t\t                                                                                                    <h2 class=\"block-title\">Piezas y <strong>Suministros<\/strong><\/h2>\t\t\t\t<p>En CPM, sabemos que mantener su equipo en \u00f3ptimas condiciones es fundamental para sus operaciones. Por eso, ofrecemos una amplia gama de repuestos y suministros de alta calidad para todos nuestros equipos, ya sea que hayan estado funcionando durante 70 d\u00edas o 70 a\u00f1os.<\/p>\n<h6 style=\"font-size: 16px; color: #2a2723;\"><strong><a href=\"https:\/\/onecpm.com\/es\/about-cpm\/contact-us\/\">CONT\u00c1CTENOS<\/a>\u2192<\/strong><\/h6>\n\n\n\t\t\t\t\t\t\t\t\t<div class=\"links\">\n\t\t\t\t\t\t\n\t\t\t\t\t\t<a href=\"https:\/\/e1.nmcdn.io\/assets\/cpm\/wp-content\/uploads\/2025\/07\/Replacement-Parts-Rework-Service_Brochure_July-2025_A4.pdf\" target=\"\" class=\"btn -non-btn\">Descargar folleto <svg xmlns=\"http:\/\/www.w3.org\/2000\/svg\" width=\"17\" height=\"12\" viewbox=\"0 0 17 12\" fill=\"none\" role=\"img\" aria-hidden=\"true\" focusable=\"false\"><title>arrow<\/title>\n<path fill-rule=\"evenodd\" clip-rule=\"evenodd\" d=\"M13.9176 6.28571L8.65133 10.5863L9.42733 11.4286L16.3999 5.71429L9.41476 0L8.65362 0.860571L13.9153 5.14286L0.399902 5.14286L0.399902 6.28571L13.9176 6.28571Z\" fill=\"white\"\/>\n<\/svg><\/a>\n\t\t\t\t\t\t\n\t\t\t\t\t<\/div>\n\t\t\t\t\n\t\t\t\t\n\t\t\t<\/div>\n\t\t\t<div class=\"illustration\">\n\t\t\t\t<img decoding=\"async\" src=\"https:\/\/onecpm.com\/wp-content\/uploads\/2024\/07\/aftermarket-partssupplies-quote.jpg\" width=\"600\" height=\"738\" alt=\"Parts &amp;amp; Supplies Illustration\" loading=\"eager\">\n\t\t\t<\/div>\n\t\t<\/div>\n\t<\/div>\n\n\t\t\t<\/div>\n\n\t\t\t\t\n\t<\/div>\n\n\n\n\t\n\n\t\t\t\t\t\t\t\n\n<div id=\"block_f8ddaaab7fbd8eb1180cb5d751b200ec\" class=\"nmc-block nmc-block--tabbed-ctas block-container alignfull\">\n\t\n\t\t\n\t\t\t<div class=\"blockbody\">\n\t\t\t\t\t\n\t<div class=\"block-wrap gray\">\n\t\t<div class=\"bound boundwider\">\n\t\t\t<div class=\"block-intro -mode-gray\">\n\t\t\t\t<div class=\"block-left\">\n\t\t\t\t\t                                                                                                                                                                        <h2 class=\"block-title\">La mejor calidad para el mejor rendimiento<\/h2>\t\t\t\t\t\t\t\t\t\t\t<div class=\"content\">Nuestras piezas est\u00e1n dise\u00f1adas y fabricadas para cumplir con los m\u00e1s altos est\u00e1ndares de calidad y durabilidad. Entendemos que tener repuestos a pedido es esencial para su tiempo de funcionamiento. Es por eso que ofrecemos los repuestos adecuados disponibles en el lugar correcto, en el momento correcto para garantizar que su operaci\u00f3n de procesamiento funcione a su m\u00e1ximo potencial. <\/div>\n\t\t\t\t\t\t\t\t\t<\/div>\n\n\t\t\t\t\t\t\t<\/div>\n\n\t\t\t<div class=\"tabs\">\n\t\t\t\t<div class=\"tabs_list\" role=\"tablist\">\n\t\t\t\t\t\t\t\t\t\t\t<button type=\"button\" class=\"tab\" role=\"tab\" aria-controls=\"block_f8ddaaab7fbd8eb1180cb5d751b200ec-1\" id=\"tab-block_f8ddaaab7fbd8eb1180cb5d751b200ec-1\" tabindex=\"\">Piezas de repuesto<\/button>\n\t\t\t\t\t\t\t\t\t\t\t<button type=\"button\" class=\"tab\" role=\"tab\" aria-controls=\"block_f8ddaaab7fbd8eb1180cb5d751b200ec-2\" id=\"tab-block_f8ddaaab7fbd8eb1180cb5d751b200ec-2\" tabindex=\"-1\">Pedidos f\u00e1ciles<\/button>\n\t\t\t\t\t\t\t\t\t\t\t<button type=\"button\" class=\"tab\" role=\"tab\" aria-controls=\"block_f8ddaaab7fbd8eb1180cb5d751b200ec-3\" id=\"tab-block_f8ddaaab7fbd8eb1180cb5d751b200ec-3\" tabindex=\"-1\">Soporte de expertos<\/button>\n\t\t\t\t\t\t\t\t\t<\/div>\n\n\t\t\t\t<div class=\"tab-content\">\n\n\t\t\t\t\t\t\t\t\t\t\t<div class=\"tab_panel\" tabindex=\"0\" role=\"tabpanel\" id=\"block_f8ddaaab7fbd8eb1180cb5d751b200ec-1\" >\n\t\t\t\t\t\t\t<div class=\"tab-background\">\n\t\t\t\t\t\t\t\t<div class=\"image\">\n\t\t\t\t\t\t\t\t\t\t\t\t\t\t\t\t\t\t\t\t\t\t\t\t\t\t\t\t\t\t\t\t\t\t\t\t\t\t\t\t\t\t\t\t\t\t\t\t\t\t\t\t\t\t<picture>\n\t\t\t\t\t\t\t\t\t\t<source media=\"(max-width: 499px)\" srcset=\"https:\/\/img.nmcdn.io\/e1\/w:600,h:800,v:1\/cpm\/wp-content\/uploads\/2024\/07\/aftermarket-partssupplies-tab1-1.jpg?s=1d3f30ec\">\n\t\t\t\t\t\t\t\t\t\t<source media=\"(max-width: 899px)\" srcset=\"https:\/\/img.nmcdn.io\/e1\/w:1200,h:724,v:1\/cpm\/wp-content\/uploads\/2024\/07\/aftermarket-partssupplies-tab1-1.jpg?s=7e03399f\">\n\t\t\t\t\t\t\t\t\t\t<img decoding=\"async\" loading=\"eager\" style=\"aspect-ratio: 1.6578947368421;\" src=\"https:\/\/img.nmcdn.io\/e1\/w:1800,h:1086,v:1\/cpm\/wp-content\/uploads\/2024\/07\/aftermarket-partssupplies-tab1-1.jpg?s=4e2849ba\" width=\"1800\" height=\"1086\" alt=\"\" aria-hidden=\"true\">\n\t\t\t\t\t\t\t\t\t<\/picture>\n\t\t\t\t\t\t\t\t<\/div>\n\t\t\t\t\t\t\t<\/div>\n\t\t\t\t\t\t\t<div class=\"tab-wrap -left\">\n\t\t\t\t\t\t\t\t<div class=\"text -mode-dark\">\n\t\t\t\t\t\t\t\t\t\t\t\t\t\t\t\t\t\t\t<p class=\"is-style-eyebrow-heading\">Piezas de repuesto<\/p>\n\t\t\t\t\t\t\t\t\t\t\t\t\t\t\t\t\t\t                                                                                                                                                            <h2 class=\"block-title\">Inventario de repuestos para equipos bien abastecido<\/h2>\t\t\t\t\t\t\t\t\t\t\t\t\t\t\t\t\t\t\t<p>Nos esforzamos por mantener un inventario completo de piezas y suministros para equipos en nuestras ubicaciones en todo el mundo. Desde molinos de pellets hasta extrusoras, si necesita ayuda, estamos aqu\u00ed para ayudarlo.<\/p>\n\n\t\t\t\t\t\t\t\t\t\t\t\t\t\t\t\t\t\t\t\t\t\t\t\t\t\t<\/div>\n\t\t\t\t\t\t\t<\/div>\n\t\t\t\t\t\t<\/div>\n\t\t\t\t\t\t\t\t\t\t\t<div class=\"tab_panel\" tabindex=\"0\" role=\"tabpanel\" id=\"block_f8ddaaab7fbd8eb1180cb5d751b200ec-2\" hidden=\"\">\n\t\t\t\t\t\t\t<div class=\"tab-background\">\n\t\t\t\t\t\t\t\t<div class=\"image\">\n\t\t\t\t\t\t\t\t\t\t\t\t\t\t\t\t\t\t\t\t\t\t\t\t\t\t\t\t\t\t\t\t\t\t\t\t\t\t\t\t\t\t\t\t\t\t\t\t\t\t\t\t\t\t<picture>\n\t\t\t\t\t\t\t\t\t\t<source media=\"(max-width: 499px)\" srcset=\"https:\/\/img.nmcdn.io\/e1\/w:600,h:800,v:1\/cpm\/wp-content\/uploads\/2024\/07\/aftermarket-partssupplies-tab2-1.jpg?s=6b590e3d\">\n\t\t\t\t\t\t\t\t\t\t<source media=\"(max-width: 899px)\" srcset=\"https:\/\/img.nmcdn.io\/e1\/w:1200,h:724,v:1\/cpm\/wp-content\/uploads\/2024\/07\/aftermarket-partssupplies-tab2-1.jpg?s=e06fc845\">\n\t\t\t\t\t\t\t\t\t\t<img decoding=\"async\" loading=\"eager\" style=\"aspect-ratio: 1.6578947368421;\" src=\"https:\/\/img.nmcdn.io\/e1\/w:1800,h:1086,v:1\/cpm\/wp-content\/uploads\/2024\/07\/aftermarket-partssupplies-tab2-1.jpg?s=68fc3e07\" width=\"1800\" height=\"1086\" alt=\"\" aria-hidden=\"true\">\n\t\t\t\t\t\t\t\t\t<\/picture>\n\t\t\t\t\t\t\t\t<\/div>\n\t\t\t\t\t\t\t<\/div>\n\t\t\t\t\t\t\t<div class=\"tab-wrap -right\">\n\t\t\t\t\t\t\t\t<div class=\"text -mode-dark\">\n\t\t\t\t\t\t\t\t\t\t\t\t\t\t\t\t\t\t\t<p class=\"is-style-eyebrow-heading\">Pedidos f\u00e1ciles<\/p>\n\t\t\t\t\t\t\t\t\t\t\t\t\t\t\t\t\t\t                                                                                                                                                                <h2 class=\"block-title\">Las piezas que necesita, cuando las necesita.<\/h2>\t\t\t\t\t\t\t\t\t\t\t\t\t\t\t\t\t\t\t<p>Simplificamos la b\u00fasqueda y el pedido de las piezas y los suministros que necesita y los entregamos r\u00e1pidamente a su domicilio. Conf\u00ede en nosotros para un servicio confiable en cualquier momento y en cualquier lugar.<\/p>\n\n\t\t\t\t\t\t\t\t\t\t\t\t\t\t\t\t\t\t\t\t\t\t\t\t\t\t<\/div>\n\t\t\t\t\t\t\t<\/div>\n\t\t\t\t\t\t<\/div>\n\t\t\t\t\t\t\t\t\t\t\t<div class=\"tab_panel\" tabindex=\"0\" role=\"tabpanel\" id=\"block_f8ddaaab7fbd8eb1180cb5d751b200ec-3\" hidden=\"\">\n\t\t\t\t\t\t\t<div class=\"tab-background\">\n\t\t\t\t\t\t\t\t<div class=\"image\">\n\t\t\t\t\t\t\t\t\t\t\t\t\t\t\t\t\t\t\t\t\t\t\t\t\t\t\t\t\t\t\t\t\t\t\t\t\t\t\t\t\t\t\t\t\t\t\t\t\t\t\t\t\t\t<picture>\n\t\t\t\t\t\t\t\t\t\t<source media=\"(max-width: 499px)\" srcset=\"https:\/\/img.nmcdn.io\/e1\/w:600,h:800,v:1\/cpm\/wp-content\/uploads\/2024\/07\/aftermarket-partssupplies-tab3-1.jpg?s=38210351\">\n\t\t\t\t\t\t\t\t\t\t<source media=\"(max-width: 899px)\" srcset=\"https:\/\/img.nmcdn.io\/e1\/w:1200,h:724,v:1\/cpm\/wp-content\/uploads\/2024\/07\/aftermarket-partssupplies-tab3-1.jpg?s=9c53c7a1\">\n\t\t\t\t\t\t\t\t\t\t<img decoding=\"async\" loading=\"eager\" style=\"aspect-ratio: 1.6578947368421;\" src=\"https:\/\/img.nmcdn.io\/e1\/w:1800,h:1086,v:1\/cpm\/wp-content\/uploads\/2024\/07\/aftermarket-partssupplies-tab3-1.jpg?s=82ac256f\" width=\"1800\" height=\"1086\" alt=\"\" aria-hidden=\"true\">\n\t\t\t\t\t\t\t\t\t<\/picture>\n\t\t\t\t\t\t\t\t<\/div>\n\t\t\t\t\t\t\t<\/div>\n\t\t\t\t\t\t\t<div class=\"tab-wrap -left\">\n\t\t\t\t\t\t\t\t<div class=\"text -mode-dark\">\n\t\t\t\t\t\t\t\t\t\t\t\t\t\t\t\t\t\t\t<p class=\"is-style-eyebrow-heading\">Soporte de expertos<\/p>\n\t\t\t\t\t\t\t\t\t\t\t\t\t\t\t\t\t\t                                                                                                                                                            <h2 class=\"block-title\">\u00bfNo est\u00e1s seguro de lo que necesitas? Podemos ayudarte. <\/h2>\t\t\t\t\t\t\t\t\t\t\t\t\t\t\t\t\t\t\t<p>Con d\u00e9cadas de experiencia en la industria, nuestro equipo de posventa puede ayudarlo a encontrar la pieza exacta que necesita para mantener su m\u00e1quina funcionando de por vida.<\/p>\n\n\t\t\t\t\t\t\t\t\t\t\t\t\t\t\t\t\t\t\t\t\t\t\t\t\t\t<\/div>\n\t\t\t\t\t\t\t<\/div>\n\t\t\t\t\t\t<\/div>\n\t\t\t\t\t\t\t\t\t\t\n\t\t\t\t<\/div>\n\t\t\t<\/div>\n\n\t\t\t\n\t\t<\/div>\n\t<\/div>\n\n\t\n\t\t\t<\/div>\n\n\t\t\t\t\n\t<\/div>\n\n\n\n\t\n\n\t\t\t\t\t\t\t\n\n<div id=\"block_08d93dc559572c3acc5eca99a9d6127f\" class=\"nmc-block nmc-block--story-cta block-container alignfull\">\n\t\n\t\t\n\t\t\t<div class=\"blockbody\">\n\t\t\t\t<div class=\"bound boundfull\">\n\t<div class=\"story-wrap -mode-dark\">\n\t\t<div class=\"story-background\">\n\t\t\t<div class=\"image\">\n\t\t\t\t\t\t\t\t\n<picture>\n\t<source srcset=\"https:\/\/img.nmcdn.io\/e1\/w:900,h:600,v:1\/cpm\/wp-content\/uploads\/imported-files\/news-building-equipment-lifetime-california-pellet-mill.jpg?s=9655c320\" width=\"900\" height=\"600\" media=\"(max-width: 900px)\" type=\"image\/webp\">\n\t<source srcset=\"https:\/\/img.nmcdn.io\/e1\/w:900,h:600,v:1\/cpm\/wp-content\/uploads\/imported-files\/news-building-equipment-lifetime-california-pellet-mill.jpg?s=9655c320\" width=\"900\" height=\"600\" media=\"(max-width: 900px)\">\n\t<source srcset=\"https:\/\/img.nmcdn.io\/e1\/w:1256,h:615,v:1\/cpm\/wp-content\/uploads\/imported-files\/news-building-equipment-lifetime-california-pellet-mill.jpg?s=2280a070\" type=\"image\/webp\">\n\t<img loading=\"lazy\" decoding=\"async\" src=\"https:\/\/img.nmcdn.io\/e1\/w:1256,h:615,v:1\/cpm\/wp-content\/uploads\/imported-files\/news-building-equipment-lifetime-california-pellet-mill.jpg?s=2280a070\" width=\"1256\" height=\"615\" alt=\"building equipment news\">\n<\/picture>\n\t\t\t<\/div>\n\t\t<\/div>\n\t\t<div class=\"story-content\">\n\t\t\t<div class=\"supheading\">Soluciones destacadas<\/div>\n\t\t\t<div class=\"content\">\n\t\t\t\t                                                                                                                                                                                                                        <h2 class=\"block-title\">Equipos de construcci\u00f3n y soporte que duran toda la vida<\/h2>\t\t\t\t\t\t\t\t<a href=\"https:\/\/onecpm.com\/es\/success-story\/building-supporting-equipment-that-lasts-a-lifetime\/\" target=\"\" class=\"btn -non-btn\">Sigue leyendo <svg xmlns=\"http:\/\/www.w3.org\/2000\/svg\" width=\"17\" height=\"12\" viewbox=\"0 0 17 12\" fill=\"none\" role=\"img\" aria-hidden=\"true\" focusable=\"false\"><title>arrow<\/title>\n<path fill-rule=\"evenodd\" clip-rule=\"evenodd\" d=\"M13.9176 6.28571L8.65133 10.5863L9.42733 11.4286L16.3999 5.71429L9.41476 0L8.65362 0.860571L13.9153 5.14286L0.399902 5.14286L0.399902 6.28571L13.9176 6.28571Z\" fill=\"white\"\/>\n<\/svg><span class=\"sr\"> Acerca de la construcci\u00f3n y el soporte de equipos que duran toda la vida<\/span><\/a>\n\t\t\t<\/div>\n\t\t<\/div>\n\t<\/div>\n<\/div>\n\t\t\t<\/div>\n\n\t\t\t\t\n\t<\/div>\n\n\n\n\t\n\n\t\t\t\n\t\n<div id=\"block_c2512b0c3fdec4ac377d4c0ff2eae734\" class=\"nmc-block nmc-block--split block-container -Width alignfull\">\n\t\n\t\t\n\t\t\t<div class=\"blockbody\">\n\t\t\t\t\t<div class=\"bound boundwider\">\n\t\t\n\n<div class=\"split-half\">\n\t<div class=\"split-half-content\">\n\n\t\t\n\n<div class=\"split-half-image\">\n\t\t\t\t\t\t\t\t\t\t<picture>\n\t\t<source media=\"(max-width: 400px)\" srcset=\"https:\/\/img.nmcdn.io\/e1\/w:500,h:530,v:1\/cpm\/wp-content\/uploads\/2024\/07\/aftermarket-partssupplies-CTA.jpg?s=72284527\">\n\t\t<img decoding=\"async\" loading=\"lazy\" style=\"aspect-ratio: 0.94339622641509;\" src=\"https:\/\/img.nmcdn.io\/e1\/w:800,h:848,v:1\/cpm\/wp-content\/uploads\/2024\/07\/aftermarket-partssupplies-CTA.jpg?s=196d2b9a\" width=\"800\" height=\"848\" alt=\"aftermarket parts &amp; supplies\">\n\t<\/picture>\n<\/div>\n\n\n\t\t\n\t<\/div>\n<\/div>\n\n\n<div class=\"split-half\">\n\t<div class=\"split-half-content\">\n\n\t\t\n\n<p class=\"is-style-eyebrow-heading\">Cont\u00e1ctenos<\/p>\n\n\n\n<h2 class=\"wp-block-heading\"><strong>Aprovecha al m\u00e1ximo<\/strong> de tu Equipo CPM<\/h2>\n\n\n\n<p>Aseg\u00farese de que su equipo CPM se mantenga en \u00f3ptimas condiciones con nuestras piezas y suministros OEM. Cont\u00e1ctenos hoy para obtener m\u00e1s informaci\u00f3n sobre c\u00f3mo podemos ayudarlo con sus necesidades de mantenimiento.<\/p>\n\n\n\n\n\n\t\t\t\t\n\n<div class=\"nmc-block nmc-block--buttons\" id=\"block_cfefba1e611285649301f7d9600bdf07\">\n\t<div class=\"blockbody\">\n\t\n\t\t\t\t\t\t\n\t\t<a href=\"https:\/\/onecpm.com\/es\/about-cpm\/contact-us\/\" class=\"btn -btn\" >Cont\u00e1ctenos<\/a>\n\t\t<\/div>\n<\/div>\n\n\t\t\n\t<\/div>\n<\/div>\n\n\t<\/div>\n\t\t\t<\/div>\n\n\t\t\t\t\n\t<\/div>","protected":false},"excerpt":{"rendered":"","protected":false},"author":1,"featured_media":0,"parent":772,"menu_order":1,"comment_status":"closed","ping_status":"closed","template":"","meta":{"_acf_changed":false,"footnotes":""},"class_list":["post-3562","page","type-page","status-publish","hentry"],"acf":[],"_links":{"self":[{"href":"https:\/\/onecpm.com\/es\/wp-json\/wp\/v2\/pages\/3562","targetHints":{"allow":["GET"]}}],"collection":[{"href":"https:\/\/onecpm.com\/es\/wp-json\/wp\/v2\/pages"}],"about":[{"href":"https:\/\/onecpm.com\/es\/wp-json\/wp\/v2\/types\/page"}],"author":[{"embeddable":true,"href":"https:\/\/onecpm.com\/es\/wp-json\/wp\/v2\/users\/1"}],"replies":[{"embeddable":true,"href":"https:\/\/onecpm.com\/es\/wp-json\/wp\/v2\/comments?post=3562"}],"version-history":[{"count":24,"href":"https:\/\/onecpm.com\/es\/wp-json\/wp\/v2\/pages\/3562\/revisions"}],"predecessor-version":[{"id":12006,"href":"https:\/\/onecpm.com\/es\/wp-json\/wp\/v2\/pages\/3562\/revisions\/12006"}],"up":[{"embeddable":true,"href":"https:\/\/onecpm.com\/es\/wp-json\/wp\/v2\/pages\/772"}],"wp:attachment":[{"href":"https:\/\/onecpm.com\/es\/wp-json\/wp\/v2\/media?parent=3562"}],"curies":[{"name":"wp","href":"https:\/\/api.w.org\/{rel}","templated":true}]}}