{"id":4352,"date":"2024-07-01T14:02:09","date_gmt":"2024-07-01T14:02:09","guid":{"rendered":"https:\/\/cpm.epicenter1.com\/?page_id=4352"},"modified":"2024-07-17T18:07:30","modified_gmt":"2024-07-17T18:07:30","slug":"press","status":"publish","type":"page","link":"https:\/\/onecpm.com\/es\/newsroom\/press","title":{"rendered":"Prensa"},"content":{"rendered":"<div id=\"block_b9beb8520ac0cfcef4b1f5d929d5b33e\" class=\"nmc-block nmc-block--masthead-basic block-container\">\n\t\n\t\t\n\t\t\t<div class=\"blockbody\">\n\t\t\t\t\t<div class=\"masthead-content -center\">\n\t\t\t\t\t\t\t\t\t\t\t\t\t\t\t\t\t\t\t\t\t\t\t<h1 class=\"page-title\">Prensa<\/h1>\n\t<div class=\"page-intro\"><p>Mant\u00e9ngase al d\u00eda con las \u00faltimas novedades sobre CPM y c\u00f3mo nuestras innovadoras soluciones de equipos ayudan a los clientes de todo el mundo. Desde una mejor calidad del producto hasta la sostenibilidad, ayudamos a las empresas a impulsar su negocio mientras resuelven los desaf\u00edos del futuro.<\/p>\n<\/div>\t\t\t\t<\/div>\n\t\t\t<\/div>\n\n\t\t\t\t\n\t<\/div>\n\n\n\n\n\n\t\n\n\t\t\t\t\n\t\n<div id=\"block_5b4233bc061c24bf16144dc4abfae7ab\" class=\"nmc-block nmc-block--press-listing block-container alignwide\">\n\t\n\t\t\n\t\t\t<div class=\"blockbody\">\n\t\t\t\t\n\n\n\n\n\n\n\n\n\n<div class=\"block-listing\">\n\n\t\n\n\t\t<div class=\"paginated grid-3\">\n\t\t\t<div class=\"partial-container\">\n\t\t\t<div class=\"partial -press -card\">\n    <div class=\"text\">\n        <p class=\"is-style-eyebrow-heading\">Prensa<\/p>\n\n        <h2 class=\"item-title\">\n            <a href=\"https:\/\/e1.nmcdn.io\/assets\/cpm\/wp-content\/uploads\/2026\/04\/Conveyor-Press-Release.pdf\" target=\"_blank\" class=\"link\">CPM|Crown ampl\u00eda su oferta con una l\u00ednea completa de soluciones de transporte.<\/a>\n        <\/h2>\n        <div class=\"post-meta\">\n                    <\/div>\n    <\/div>\n<\/div>\t\t<\/div>\n\t\t\t<div class=\"partial-container\">\n\t\t\t<div class=\"partial -press -card\">\n    <div class=\"text\">\n        <p class=\"is-style-eyebrow-heading\">Prensa<\/p>\n\n        <h2 class=\"item-title\">\n            <a href=\"https:\/\/e1.nmcdn.io\/assets\/cpm\/wp-content\/uploads\/2026\/04\/UK-Office-Open-Press-Release-Final.pdf\" target=\"_blank\" class=\"link\">CPM|Crown inaugura un nuevo centro de operaciones europeo de \u00faltima generaci\u00f3n.<\/a>\n        <\/h2>\n        <div class=\"post-meta\">\n                    <\/div>\n    <\/div>\n<\/div>\t\t<\/div>\n\t\t\t<div class=\"partial-container\">\n\t\t\t<div class=\"partial -press -card\">\n    <div class=\"text\">\n        <p class=\"is-style-eyebrow-heading\">Prensa<\/p>\n\n        <h2 class=\"item-title\">\n            <a href=\"https:\/\/biomassmagazine.com\/articles\/cpm-launches-revolutionary-direct-drive-high-capacity-pellet-mill\" target=\"_blank\" class=\"link\">CPM lanza una revolucionaria peletizadora de alta capacidad con accionamiento directo.<\/a>\n        <\/h2>\n        <div class=\"post-meta\">\n                    <\/div>\n    <\/div>\n<\/div>\t\t<\/div>\n\t\t\t<div class=\"partial-container\">\n\t\t\t<div class=\"partial -press -card\">\n    <div class=\"text\">\n        <p class=\"is-style-eyebrow-heading\">Prensa<\/p>\n\n        <h2 class=\"item-title\">\n            <a href=\"https:\/\/e1.nmcdn.io\/assets\/cpm\/wp-content\/uploads\/2026\/02\/UK-Building-Press-Release-FINAL.pdf\" target=\"_blank\" class=\"link\">CPM|Crown abrir\u00e1 un nuevo centro de operaciones europeo de vanguardia<\/a>\n        <\/h2>\n        <div class=\"post-meta\">\n                    <\/div>\n    <\/div>\n<\/div>\t\t<\/div>\n\t\t\t<div class=\"partial-container\">\n\t\t\t<div class=\"partial -press -card\">\n    <div class=\"text\">\n        <p class=\"is-style-eyebrow-heading\">Prensa<\/p>\n\n        <h2 class=\"item-title\">\n            <a href=\"https:\/\/en.allpetfood.net\/magazine\/october-2025\/?page=62\" target=\"_blank\" class=\"link\">Soluciones completas de procesamiento para productores de alimentos para mascotas<\/a>\n        <\/h2>\n        <div class=\"post-meta\">\n            <span> Todos los alimentos para mascotas<\/span>        <\/div>\n    <\/div>\n<\/div>\t\t<\/div>\n\t\t\t<div class=\"partial-container\">\n\t\t\t<div class=\"partial -press -card\">\n    <div class=\"text\">\n        <p class=\"is-style-eyebrow-heading\">Prensa<\/p>\n\n        <h2 class=\"item-title\">\n            <a href=\"https:\/\/allaquaculture.com\/videos\/cpm-in-the-aquaculture-industry-1204\/\" target=\"_blank\" class=\"link\">CPM en la industria de la acuicultura<\/a>\n        <\/h2>\n        <div class=\"post-meta\">\n            <span>Toda la acuicultura<\/span>        <\/div>\n    <\/div>\n<\/div>\t\t<\/div>\n\t\t<\/div>\n\n\t\n\t\t\t\t\t<nav class=\"pagination load-more\" role=\"navigation\" aria-label=\"Navegaci\u00f3n de paginaci\u00f3n\">\n\t\t\t\t\t\t\t\t\t\t<link rel=\"prefetch\" href=\"https:\/\/\/onecpm.com\/es\/wp-json\/wp\/v2\/pages\/4352?pg=2\">\n\t\t\t\t<a href=\"https:\/\/\/onecpm.com\/es\/wp-json\/wp\/v2\/pages\/4352?pg=2\" class=\"loadmore btn\" aria-label=\"Cargar p\u00e1gina siguiente\">Carga m\u00e1s<\/a>\n\t\t\t\t\t<\/nav>\n\t\n<\/div>\n\t\t\t<\/div>\n\n\t\t\t\t\n\t<\/div>","protected":false},"excerpt":{"rendered":"","protected":false},"author":1,"featured_media":0,"parent":2116,"menu_order":0,"comment_status":"closed","ping_status":"closed","template":"","meta":{"_acf_changed":false,"footnotes":""},"class_list":["post-4352","page","type-page","status-publish","hentry"],"acf":[],"_links":{"self":[{"href":"https:\/\/onecpm.com\/es\/wp-json\/wp\/v2\/pages\/4352","targetHints":{"allow":["GET"]}}],"collection":[{"href":"https:\/\/onecpm.com\/es\/wp-json\/wp\/v2\/pages"}],"about":[{"href":"https:\/\/onecpm.com\/es\/wp-json\/wp\/v2\/types\/page"}],"author":[{"embeddable":true,"href":"https:\/\/onecpm.com\/es\/wp-json\/wp\/v2\/users\/1"}],"replies":[{"embeddable":true,"href":"https:\/\/onecpm.com\/es\/wp-json\/wp\/v2\/comments?post=4352"}],"version-history":[{"count":3,"href":"https:\/\/onecpm.com\/es\/wp-json\/wp\/v2\/pages\/4352\/revisions"}],"predecessor-version":[{"id":5864,"href":"https:\/\/onecpm.com\/es\/wp-json\/wp\/v2\/pages\/4352\/revisions\/5864"}],"up":[{"embeddable":true,"href":"https:\/\/onecpm.com\/es\/wp-json\/wp\/v2\/pages\/2116"}],"wp:attachment":[{"href":"https:\/\/onecpm.com\/es\/wp-json\/wp\/v2\/media?parent=4352"}],"curies":[{"name":"wp","href":"https:\/\/api.w.org\/{rel}","templated":true}]}}