{"id":7276,"date":"2024-07-24T19:58:28","date_gmt":"2024-07-24T19:58:28","guid":{"rendered":"https:\/\/cpm.epicenter1.com\/safety-by-design\/cpm-photo-contest-privacy-notice"},"modified":"2024-07-24T20:03:07","modified_gmt":"2024-07-24T20:03:07","slug":"cpm-photo-contest-privacy-notice","status":"publish","type":"page","link":"https:\/\/onecpm.com\/es\/safety-by-design\/cpm-photo-contest-privacy-notice","title":{"rendered":"Aviso de privacidad del concurso de fotograf\u00eda CPM"},"content":{"rendered":"<p class=\"is-style-eyebrow-heading\"><strong>ANEXO I<\/strong><\/p>\n\n\n\n<p class=\"is-style-small-heading\"><strong>AVISO DE PRIVACIDAD DEL CONCURSO DE FOTOGRAF\u00cdA DE CPM HOLDINGS, INC.<\/strong><\/p>\n\n\n\n<p><\/p>\n\n\n\n<p class=\"is-style-heading-6\"><strong>1. Introducci\u00f3n<\/strong><\/p>\n\n\n\n<p>Este Aviso de Privacidad del Concurso de Fotograf\u00eda (\u201c<strong>Aviso<\/strong>\u201d) describe los pasos que&nbsp;<strong>CPM Holdings, Inc.&nbsp;<\/strong>(\u201c<strong>Compa\u00f1\u00eda<\/strong>\u201d, \u201c<strong>nosotros<\/strong>&quot; o &quot;<strong>a nosotros<\/strong>\u201d), parte del grupo de empresas CPM (\u201c<strong>CPM<\/strong>&nbsp;<strong>Grupo<\/strong>\u201d, \u201c<strong>nosotros<\/strong>&quot; o &quot;<strong>a nosotros<\/strong>\u201d), toma medidas para proteger los Datos Personales que Procesamos sobre nuestros Empleados con respecto al Concurso de Fotograf\u00eda CPM (\u201c<strong>Concurso de fotograf\u00eda<\/strong>\u201d). En relaci\u00f3n con su participaci\u00f3n en el Concurso de fotograf\u00eda, ya sea como fot\u00f3grafo o sujeto de una fotograf\u00eda presentada como parte del Concurso de fotograf\u00eda, recopilamos, almacenamos, usamos y procesamos de otro modo sus Datos personales para diversos fines de marketing que se detallan a continuaci\u00f3n. La Compa\u00f1\u00eda se compromete a proteger los Datos personales que procesamos sobre usted de acuerdo con los principios de protecci\u00f3n de datos establecidos en el Reglamento General de Protecci\u00f3n de Datos de la Uni\u00f3n Europea (\u201c<strong>RGPD<\/strong>\u201d).&nbsp;<\/p>\n\n\n\n<p>Este Aviso se aplica \u00fanicamente a todos los Datos Personales del Concurso de Fotograf\u00eda y no modifica ni reemplaza el Aviso de Privacidad de Empleados de CPM.<\/p>\n\n\n\n<p>Este Aviso puede modificarse peri\u00f3dicamente. Le informaremos sobre los cambios dentro de un per\u00edodo de tiempo razonable antes de la fecha de entrada en vigor del cambio.<\/p>\n\n\n\n<p>Los t\u00e9rminos en may\u00fascula utilizados en este Aviso se definen en la Secci\u00f3n 9 de este Aviso.<\/p>\n\n\n\n<p class=\"is-style-heading-6\"><strong>2. Identidad del Responsable del Tratamiento de Datos y del Delegado de Privacidad<\/strong><\/p>\n\n\n\n<p>La Compa\u00f1\u00eda es responsable del Tratamiento de sus Datos Personales y es el Responsable del Tratamiento de los Datos. Adem\u00e1s, la Compa\u00f1\u00eda ha designado un Responsable de Privacidad, con el que podr\u00e1 ponerse en contacto mediante los siguientes datos de contacto:\u00a0<\/p>\n\n\n\n<figure class=\"wp-block-table is-style-stripes\"><table><thead><tr><th><strong>Nombre<\/strong><\/th><th><strong>N\u00famero de tel\u00e9fono<\/strong><\/th><\/tr><\/thead><tbody><tr><td>Sean M. Callison<\/td><td>319-493-3906<\/td><\/tr><\/tbody><\/table><\/figure>\n\n\n\n<p class=\"is-style-heading-6\"><strong>3. Finalidades y bases legales para el Tratamiento de Datos Personales<\/strong><\/p>\n\n\n\n<p>La empresa se basa en&nbsp;<strong>Su consentimiento<\/strong>&nbsp;Procesa sus Datos Personales enviados en relaci\u00f3n con el Concurso de Fotograf\u00eda y para los siguientes fines:<\/p>\n\n\n\n<ul class=\"wp-block-list\">\n<li>para su inclusi\u00f3n en todas y cada una de las publicaciones de la Compa\u00f1\u00eda, incluidas las publicaciones web para promocionar la Compa\u00f1\u00eda;<\/li>\n\n\n\n<li>para su uso en campa\u00f1as publicitarias generales de la Compa\u00f1\u00eda y de productos espec\u00edficos; y<\/li>\n\n\n\n<li>Para uso en oficinas y otros espacios de trabajo.<\/li>\n\n\n\n<li>Todos los prop\u00f3sitos enumerados anteriormente podr\u00e1n llevarse a cabo en cualquiera de las jurisdicciones en las que nuestra Compa\u00f1\u00eda opera a nivel mundial.<\/li>\n<\/ul>\n\n\n\n<p class=\"is-style-heading-6\"><strong>4. Categor\u00edas y fuentes de datos personales que procesamos<\/strong><\/p>\n\n\n\n<p>La Compa\u00f1\u00eda procesar\u00e1 las siguientes categor\u00edas de Datos Personales para estos fines:<\/p>\n\n\n\n<ul class=\"wp-block-list\">\n<li>Nombre<\/li>\n\n\n\n<li>Datos de contacto del trabajo<\/li>\n\n\n\n<li>Direcci\u00f3n de correo electr\u00f3nico personal u otros datos de contacto no laborales para mantener el contacto m\u00e1s all\u00e1 del per\u00edodo de su empleo en la empresa<\/li>\n\n\n\n<li>Imagen\u00a0<\/li>\n\n\n\n<li>T\u00edtulo profesional<\/li>\n\n\n\n<li>Ubicaci\u00f3n del lugar de trabajo\u00a0\u00a0\u00a0<\/li>\n<\/ul>\n\n\n\n<p>No procesaremos ninguna categor\u00eda especial de datos personales en relaci\u00f3n con el Concurso de fotograf\u00eda, por ejemplo, datos personales relacionados con su salud, vida sexual u orientaci\u00f3n sexual.<\/p>\n\n\n\n<p>La mayor\u00eda de los datos personales que procesamos los hemos obtenido directamente de usted. Otros datos personales pueden ser proporcionados por<em>:<\/em>&nbsp;sus gerentes, RRHH, un empleado que le toma una fotograf\u00eda u otros.<\/p>\n\n\n\n<p class=\"is-style-heading-6\"><strong>5. Sus derechos<\/strong><\/p>\n\n\n\n<p>El RGPD le otorga ciertos derechos en relaci\u00f3n con el procesamiento de sus datos personales, incluidos:<\/p>\n\n\n\n<ul class=\"wp-block-list\">\n<li><strong>Solicitud de acceso a sus Datos Personales\u00a0<\/strong>(com\u00fanmente conocido como \u201c<strong>Solicitud de acceso del interesado a los datos<\/strong>\u201d). Esto le permite recibir una copia de los Datos Personales que tenemos sobre usted y verificar si los estamos procesando legalmente.<\/li>\n\n\n\n<li><strong>Solicitud de rectificaci\u00f3n, correcci\u00f3n o actualizaci\u00f3n de sus Datos Personales<\/strong>Esto le permite rectificar o actualizar cualquier informaci\u00f3n incompleta o inexacta que tengamos sobre usted.<\/li>\n\n\n\n<li><strong>Solicitud de portabilidad de datos (que sus Datos Personales le sean facilitados en un formato legible por m\u00e1quina)<\/strong>\u00a0en la medida en que este derecho sea relevante en el contexto laboral.<\/li>\n\n\n\n<li><strong>Solicitar el borrado (de cualquier parte) de sus Datos Personales<\/strong>Esto le permite solicitarnos que eliminemos o borremos Datos Personales cuando no exista una buena raz\u00f3n para que sigamos proces\u00e1ndolos. Tambi\u00e9n tiene derecho a solicitarnos que eliminemos o borremos Datos Personales cuando haya ejercido su derecho a oponerse al Procesamiento (ver a continuaci\u00f3n).<\/li>\n\n\n\n<li><strong>Solicitud de restricci\u00f3n del Tratamiento de sus Datos Personales<\/strong>Esto le permite solicitarnos que suspendamos el procesamiento de sus datos personales (por ejemplo, si desea que establezcamos su precisi\u00f3n o el motivo de su procesamiento).<\/li>\n\n\n\n<li><strong>Oponerse al tratamiento de sus datos personales en determinadas circunstancias.<\/strong>\u00a0Este derecho puede aplicarse cuando el procesamiento de sus datos personales se basa en los intereses leg\u00edtimos de la empresa o cuando las decisiones sobre usted se basan \u00fanicamente en el procesamiento automatizado, incluida la elaboraci\u00f3n de perfiles.\u00a0<\/li>\n\n\n\n<li><strong>Retirar su consentimiento para el tratamiento de sus datos personales<\/strong>Dependemos de su consentimiento para procesar sus datos personales en relaci\u00f3n con este concurso de fotograf\u00eda. Tiene derecho a retirar su consentimiento en cualquier momento, momento en el que ya no podremos procesar sus datos personales y tendremos que eliminar todas las fotograf\u00edas suyas que se hayan enviado como parte del concurso de fotograf\u00eda y que estemos utilizando para los fines establecidos anteriormente.<\/li>\n<\/ul>\n\n\n\n<p>Le informamos que el Tratamiento de sus Datos Personales no se est\u00e1 aplicando para la toma de decisiones automatizadas (incluida la elaboraci\u00f3n de perfiles).&nbsp;&nbsp;<\/p>\n\n\n\n<p>Tenga en cuenta tambi\u00e9n que no es una obligaci\u00f3n legal ni contractual proporcionar sus Datos Personales ni una condici\u00f3n para celebrar un acuerdo con usted. Sin embargo, si desea participar en el Concurso de Fotograf\u00eda, hay cierta informaci\u00f3n limitada que deber\u00e1 proporcionarnos.<\/p>\n\n\n\n<p>Si desea ejercer los derechos que le otorga el RGPD, p\u00f3ngase en contacto con el Departamento Jur\u00eddico.<\/p>\n\n\n\n<p>Tambi\u00e9n tiene derecho a presentar una reclamaci\u00f3n ante la Autoridad de Supervisi\u00f3n de protecci\u00f3n de datos competente, si no est\u00e1 satisfecho con la forma en que la Compa\u00f1\u00eda procesa sus Datos Personales y no pudimos brindarle una resoluci\u00f3n satisfactoria a su solicitud.<\/p>\n\n\n\n<p class=\"is-style-heading-6\"><strong>6. Intercambio de datos y transferencias internacionales de datos: dentro del grupo y a terceros<\/strong><\/p>\n\n\n\n<p>a) Transferencias internacionales de datos<\/p>\n\n\n\n<p>Cuando transferimos su informaci\u00f3n personal a una empresa del Grupo CPM en un pa\u00eds fuera del Espacio Econ\u00f3mico Europeo que la Comisi\u00f3n Europea no considera que proporcione un nivel adecuado de protecci\u00f3n a sus datos personales, solo transferiremos sus datos personales en caso de que existan las salvaguardas adecuadas para proteger sus Datos Personales. Las transferencias internacionales dentro del grupo corporativo se rigen por las Cl\u00e1usulas Contractuales Tipo aprobadas por la Comisi\u00f3n Europea para Responsables del Tratamiento y, cuando sea pertinente, para Encargados del Tratamiento.<\/p>\n\n\n\n<p>Puede solicitar una copia de las Cl\u00e1usulas Contractuales Tipo a su Departamento Jur\u00eddico.<\/p>\n\n\n\n<p>b) Proveedores externos&nbsp;<\/p>\n\n\n\n<p>La Compa\u00f1\u00eda comparte Datos Personales con terceros externos, entre los que se encuentran agencias de marketing y publicidad externas y servicios de gesti\u00f3n web que contratamos para realizar servicios o funciones en nuestro nombre y bajo nuestras instrucciones. Cuando estos terceros est\u00e9n ubicados dentro de la UE, el Procesamiento de sus datos por parte de estos estar\u00e1 sujeto a los requisitos del RGPD. La Compa\u00f1\u00eda tambi\u00e9n se asegurar\u00e1 de que sus contratos con estas partes garanticen que solo procesan Datos Personales de acuerdo con nuestras instrucciones y con el fin de proporcionar los servicios acordados y proteger la integridad y confidencialidad de los Datos Personales que se les conf\u00edan, de acuerdo con los requisitos del RGPD.<\/p>\n\n\n\n<p>Algunos de los terceros que contratamos para procesar los datos personales del concurso de fotograf\u00eda se encuentran fuera del Espacio Econ\u00f3mico Europeo. Cuando transferimos su informaci\u00f3n personal a un tercero en un pa\u00eds fuera del Espacio Econ\u00f3mico Europeo que la Comisi\u00f3n Europea no considera que proporcione un nivel adecuado de protecci\u00f3n a sus datos personales, solo transferiremos sus datos personales despu\u00e9s de haber ejecutado las cl\u00e1usulas contractuales est\u00e1ndar que establecen las salvaguardas apropiadas o adecuadas.<\/p>\n\n\n\n<p class=\"is-style-heading-6\"><strong>7. Conservaci\u00f3n de datos personales<\/strong><\/p>\n\n\n\n<p>La Compa\u00f1\u00eda conservar\u00e1 y procesar\u00e1 sus Datos Personales solo durante el tiempo que sea necesario para los fines para los cuales fueron recopilados en relaci\u00f3n con su empleo en la Compa\u00f1\u00eda, a menos que la Compa\u00f1\u00eda tenga un derecho u obligaci\u00f3n legal de retener los datos por un per\u00edodo m\u00e1s largo, o los datos sean necesarios para el establecimiento, ejercicio o defensa de reclamaciones legales.&nbsp;<\/p>\n\n\n\n<p class=\"is-style-heading-6\"><strong>8. Informaci\u00f3n de contacto<\/strong><\/p>\n\n\n\n<p>Si tiene alguna pregunta sobre este Aviso, comun\u00edquese con el Departamento Legal.<\/p>\n\n\n\n<p class=\"is-style-heading-6\"><strong>9. Definiciones<\/strong><\/p>\n\n\n\n<p>Los siguientes t\u00e9rminos utilizados en este Aviso se definen de la siguiente manera:<\/p>\n\n\n\n<p>&quot;<strong>CPM Holdings, Inc.<\/strong>&quot; es una corporaci\u00f3n de Delaware.&nbsp;<\/p>\n\n\n\n<p>&quot;<strong>Grupo CPM<\/strong>\u201d es el grupo de empresas que, directa o indirectamente, son propiedad y\/o est\u00e1n controladas por CPM Holdings, Inc., una empresa con sede principal en 9879 Naples St NE. Blaine, MN 55449 EE. UU.<\/p>\n\n\n\n<p>&quot;<strong>Responsable del tratamiento de datos<\/strong>\u201d significa la persona f\u00edsica o jur\u00eddica, autoridad p\u00fablica, agencia o cualquier otro organismo que solo o junto con otros determina los fines y medios del procesamiento de datos personales; cuando los fines y medios del procesamiento est\u00e9n determinados por leyes o reglamentos nacionales o de la UE, el responsable del tratamiento o los criterios espec\u00edficos para su designaci\u00f3n podr\u00e1n ser designados por la legislaci\u00f3n nacional o de la UE.<\/p>\n\n\n\n<p>&quot;<strong>Encargado del tratamiento de datos<\/strong>\u201d significa una persona f\u00edsica o jur\u00eddica, autoridad p\u00fablica, agencia o cualquier otro organismo que procese Datos Personales en nombre del Responsable del Tratamiento.<\/p>\n\n\n\n<p>&quot;<strong>Empleados<\/strong>\u201d significa empleados contratados temporales, de tiempo completo y de tiempo parcial, pasantes, trabajadores contingentes, jubilados y ex empleados.<\/p>\n\n\n\n<p>&quot;<strong>Concurso de fotograf\u00eda CPM<\/strong>&quot; o &quot;<strong>Concurso de fotograf\u00eda<\/strong>\u201d significa el concurso de fotograf\u00eda organizado por el departamento de marketing de la Compa\u00f1\u00eda, como parte del cual los Empleados env\u00edan fotograf\u00edas de ellos mismos o de otros Empleados, y las mejores fotograf\u00edas ganan premios y algunas de las fotograf\u00edas se utilizan con fines de marketing.&nbsp;<\/p>\n\n\n\n<p>&quot;<strong>Espacio Econ\u00f3mico Europeo<\/strong>&quot; o &quot;<strong>EEE<\/strong>&quot; significa los Estados miembros de la Uni\u00f3n Europea, m\u00e1s Noruega, Islandia y Liechtenstein.&nbsp;&nbsp;<\/p>\n\n\n\n<p>&quot;<strong>RGPD<\/strong>&quot; significa el Reglamento General de Protecci\u00f3n de Datos de la UE 2016\/679, incluidas las leyes nacionales que implementan o complementan el RGPD.<\/p>\n\n\n\n<p>&quot;<strong>Datos personales<\/strong>\u201d significa cualquier informaci\u00f3n relativa a una persona f\u00edsica identificada o identificable (tambi\u00e9n denominada \u201cInteresado\u201d); se considerar\u00e1 persona identificable toda persona cuya identidad pueda determinarse, directa o indirectamente, en particular mediante un identificador, como por ejemplo un nombre, un n\u00famero de identificaci\u00f3n, datos de localizaci\u00f3n, un identificador en l\u00ednea o uno o varios elementos propios de la identidad f\u00edsica, fisiol\u00f3gica, gen\u00e9tica, ps\u00edquica, econ\u00f3mica, cultural o social de dicha persona.<\/p>\n\n\n\n<p>&quot;<strong>Datos personales del concurso de fotograf\u00eda<\/strong>&quot; significa cualquier Dato Personal relacionado con los Empleados enviado como parte del Concurso de Fotograf\u00eda.&nbsp;<\/p>\n\n\n\n<p>&quot;<strong>Proceso<\/strong>&quot; o &quot;<strong>Tratamiento<\/strong>\u201d significa cualquier operaci\u00f3n o conjunto de operaciones realizadas sobre Datos Personales o conjuntos de Datos Personales, ya sea por procedimientos automatizados o no, como la recogida, registro, organizaci\u00f3n, estructuraci\u00f3n, conservaci\u00f3n, adaptaci\u00f3n o modificaci\u00f3n, extracci\u00f3n, consulta, utilizaci\u00f3n, comunicaci\u00f3n por transmisi\u00f3n, difusi\u00f3n o cualquier otra forma de habilitaci\u00f3n de acceso, cotejo o interconexi\u00f3n, limitaci\u00f3n, supresi\u00f3n o destrucci\u00f3n.&nbsp;&nbsp;<\/p>\n\n\n\n<p>&quot;<strong>Responsable de privacidad<\/strong>\u201d significa la persona que supervisa la aplicaci\u00f3n y el cumplimiento del RGPD. El Responsable de Privacidad no es un Responsable de Protecci\u00f3n de Datos en el sentido del RGPD.<\/p>\n\n\n\n<p>&quot;<strong>Categor\u00edas especiales de datos personales<\/strong>\u201d son Datos Personales que revelen el origen racial o \u00e9tnico, las opiniones pol\u00edticas, las convicciones religiosas o filos\u00f3ficas o la afiliaci\u00f3n sindical, y el tratamiento de datos gen\u00e9ticos, datos biom\u00e9tricos dirigidos a identificar a una persona f\u00edsica, datos relativos a la salud o datos relativos a la vida sexual o la orientaci\u00f3n sexual de una persona f\u00edsica.&nbsp;&nbsp;<\/p>\n\n\n\n<p>&quot;<strong>Autoridad supervisora<\/strong>&quot; significa una autoridad p\u00fablica independiente establecida por un Estado miembro de conformidad con el art\u00edculo 51 del RGPD (en los Pa\u00edses Bajos, &quot;<em>Autoridad<\/em>&nbsp;<em>Respeto de la persona<\/em>\u201d).<\/p>","protected":false},"excerpt":{"rendered":"<p>ANNEX I CPM HOLDINGS, INC. PHOTO CONTEST PRIVACY NOTICE 1. Introduction This Photo Contest Privacy Notice (\u201cNotice\u201d) describes the steps that&nbsp;CPM Holdings, Inc.&nbsp;(\u201cCompany\u201d, \u201cwe\u201d or \u201cus\u201d), part of the CPM group of companies&nbsp;(\u201cCPM&nbsp;Group\u201d, \u201cwe\u201d or \u201cus\u201d),&nbsp;takes to protect the Personal Data that we Process about our Employees in respect of the CPM Photo Contest (\u201cPhoto [&hellip;]<\/p>\n","protected":false},"author":1,"featured_media":0,"parent":7176,"menu_order":1,"comment_status":"closed","ping_status":"closed","template":"","meta":{"_acf_changed":false,"footnotes":""},"class_list":["post-7276","page","type-page","status-publish","hentry"],"acf":[],"_links":{"self":[{"href":"https:\/\/onecpm.com\/es\/wp-json\/wp\/v2\/pages\/7276","targetHints":{"allow":["GET"]}}],"collection":[{"href":"https:\/\/onecpm.com\/es\/wp-json\/wp\/v2\/pages"}],"about":[{"href":"https:\/\/onecpm.com\/es\/wp-json\/wp\/v2\/types\/page"}],"author":[{"embeddable":true,"href":"https:\/\/onecpm.com\/es\/wp-json\/wp\/v2\/users\/1"}],"replies":[{"embeddable":true,"href":"https:\/\/onecpm.com\/es\/wp-json\/wp\/v2\/comments?post=7276"}],"version-history":[{"count":2,"href":"https:\/\/onecpm.com\/es\/wp-json\/wp\/v2\/pages\/7276\/revisions"}],"predecessor-version":[{"id":7283,"href":"https:\/\/onecpm.com\/es\/wp-json\/wp\/v2\/pages\/7276\/revisions\/7283"}],"up":[{"embeddable":true,"href":"https:\/\/onecpm.com\/es\/wp-json\/wp\/v2\/pages\/7176"}],"wp:attachment":[{"href":"https:\/\/onecpm.com\/es\/wp-json\/wp\/v2\/media?parent=7276"}],"curies":[{"name":"wp","href":"https:\/\/api.w.org\/{rel}","templated":true}]}}