{"id":2196,"date":"2024-05-17T17:03:48","date_gmt":"2024-05-17T17:03:48","guid":{"rendered":"https:\/\/cpm.epicenter1.com\/?post_type=product&#038;p=2196"},"modified":"2025-10-30T23:26:09","modified_gmt":"2025-10-30T23:26:09","slug":"tornado-dryer","status":"publish","type":"product","link":"https:\/\/onecpm.com\/es\/product\/tornado-dryer","title":{"rendered":"Secador de tornado"},"content":{"rendered":"<div id=\"block_1cd5b251c1dfcc2927b4eaeb2b89c363\" class=\"nmc-block nmc-block--product-intro block-container alignfull\">\n\t\n\t\t\n\t\t\t<div class=\"blockbody\">\n\t\t\t\t\t<div class=\"bound boundwider wrap\">\n\t\t<div class=\"product-content\">\n\t\t\t\n\n<div class=\"split-half\">\n\t<div class=\"split-half-content\">\n\n\t\t\n\n<p>El Tornado Dryer, dise\u00f1ado y desarrollado por Greenbank Technology, reduce la energ\u00eda y el espacio requerido por las secadoras convencionales.<\/p>\n\n\n\n<p>Con un peso continuo de latas m\u00e1s livianas y una producci\u00f3n de latas m\u00e1s altas, la Tornado Dryer ha reemplazado efectivamente a las lavadoras secadoras de latas convencionales en la industria. El Tornado Dryer proporciona una estabilidad de latas muy mejorada y seca la lata en menos de 60 segundos.<\/p>\n\n\n\n<p>Desarrollada por Greenbank y combinada con nuestras lavadoras Torrent, la secadora Tornado seca la lata para que est\u00e9 lista para la decoraci\u00f3n.<\/p>\n\n\n\n\n\t\n\n\t\t\t\t\n\n<div id=\"block_e9ad8319c6725856180385b8b874f950\" class=\"nmc-block nmc-block--accordion block-container\">\n\t\n\t\t\n\t\t\t<div class=\"blockbody\">\n\t\t\t\t        <div class=\"accordion\">\n\t\n\n<div class=\"block-accordion-group\">\n\n\t<div class=\"accordion_item\" id=\"item-block_3d54c63d8ff0ae017352d6d67a5a64e1\">\n\t\t<h2 class=\"accordion_item-title\">\n\t\t\t<button aria-expanded=\"false\">\n\t\t\t\tVentajas\n\t\t\t\t<div class=\"indicator\">\n\t\t\t\t\t<svg viewbox=\"0 0 9 9\" aria-hidden=\"true\" focusable=\"false\" role=\"img\">\n\t\t\t\t\t\t<rect class=\"vert\" height=\"9\" width=\"1\" y=\"0\" x=\"4\"\/>\n\t\t\t\t\t\t<rect height=\"1\" width=\"9\" y=\"4\" x=\"0\"\/>\n\t\t\t\t\t<\/svg>\n\t\t\t\t<\/div>\n\t\t\t<\/button>\n\t\t<\/h2>\n\t\t<div class=\"accordion_item-content\" hidden>\n\t\t\t<div>\n\t\t\t\t<div class=\"gutenberg\">\n\t\t\t\t\t\n\n<p>Con sus capacidades de procesamiento de alta calidad, el Tornado Dryer puede maximizar su operaci\u00f3n. Con la capacidad de ajustar la altura de la boquilla para adaptarse a una amplia gama de tama\u00f1os de latas, puede secar hasta 8000 latas por minuto en menos de un minuto. Los quemadores altamente eficientes del Tornado Dryer, la longitud corta de la m\u00e1quina, los variadores de velocidad y la transferencia t\u00e9rmica eficiente tambi\u00e9n le permitir\u00e1n ahorrar dinero y espacio.<\/p>\n\n\t\t\t\t<\/div>\n\t\t\t<\/div>\n\t\t<\/div>\n\t<\/div>\n\n<\/div>\n\n\n<div class=\"block-accordion-group\">\n\n\t<div class=\"accordion_item\" id=\"item-block_ea5158b016d3379b2fffdbff0a1a29a1\">\n\t\t<h2 class=\"accordion_item-title\">\n\t\t\t<button aria-expanded=\"false\">\n\t\t\t\tCaracter\u00edsticas est\u00e1ndar\n\t\t\t\t<div class=\"indicator\">\n\t\t\t\t\t<svg viewbox=\"0 0 9 9\" aria-hidden=\"true\" focusable=\"false\" role=\"img\">\n\t\t\t\t\t\t<rect class=\"vert\" height=\"9\" width=\"1\" y=\"0\" x=\"4\"\/>\n\t\t\t\t\t\t<rect height=\"1\" width=\"9\" y=\"4\" x=\"0\"\/>\n\t\t\t\t\t<\/svg>\n\t\t\t\t<\/div>\n\t\t\t<\/button>\n\t\t<\/h2>\n\t\t<div class=\"accordion_item-content\" hidden>\n\t\t\t<div>\n\t\t\t\t<div class=\"gutenberg\">\n\t\t\t\t\t\n\n<p><\/p>\n\n\n\n<ul class=\"wp-block-list\">\n<li>La estabilidad de la lata se mantiene durante todo el proceso mediante un sistema de succi\u00f3n al vac\u00edo.<\/li>\n\n\n\n<li>Elija entre una correa de Kevlar o de acero inoxidable energ\u00e9ticamente eficiente<\/li>\n\n\n\n<li>Ahorre espacio con una huella reducida<\/li>\n<\/ul>\n\n\t\t\t\t<\/div>\n\t\t\t<\/div>\n\t\t<\/div>\n\t<\/div>\n\n<\/div>\n\n<\/div>\n\t\t\t<\/div>\n\n\t\t\t\t\n\t<\/div>\n\n\t\t\n\t<\/div>\n<\/div>\n\n\t\t<\/div>\n\t\t<div class=\"key-features\">\n\t\t\t<p class=\"is-style-eyebrow-heading\">Caracter\u00edsticas clave<\/p>\n\t\t\t<ul>\n\t\t\t\t\t\t\t\t\t<li>Mayor estabilidad de la lata gracias al sistema de succi\u00f3n al vac\u00edo.\r<\/li>\n\t\t\t\t\t\t\t\t\t<li>Hasta 8000 latas por minuto\r<\/li>\n\t\t\t\t\t\t\t\t\t<li>Ajuste autom\u00e1tico de la altura de la boquilla de serie \r<\/li>\n\t\t\t\t\t\t\t\t\t<li>Elecci\u00f3n del material del cintur\u00f3n.<\/li>\n\t\t\t\t\t\t\t<\/ul>\n\t\t<\/div>\n\t\n\t<\/div>\n\t\t\t<\/div>\n\n\t\t\t\t\n\t<\/div>\n\n\n\n\t\n\n\t\t\t\t\t\t\t\n\t\n<div id=\"block_446dca8e43681360ceff7bd8cc29cf22\" class=\"nmc-block nmc-block--background block-container alignfull -mode-gray filled padding-double\">\n\t\n\t\t\n\t\t\t<div class=\"blockbody\">\n\t\t\t\t<div class=\"gutenberg\">\n\t\n\n\n\t\n\n\t\t\t\t\t\t\t\n\n<div id=\"block_43c2f42e8dea85e42a7402bdad22fa7e\" class=\"nmc-block nmc-block--product-table block-container alignfull\">\n\t\n\t\t\n\t\t\t<div class=\"blockbody\">\n\t\t\t\t\t<div class=\"bound boundwider wrap\">\n\t\t                                                                                                                        <h2 class=\"block-title\">Especificaciones y dimensiones<\/h2>\t\t\n\t\t\n\t\t<div id=\"tables\">\n\t\t\n\t\t\n\t\t\t\t\t\t\t\t\t\t\t\t\t\t\t\t\t\t\t\t\t\t\t\t\t\t\t\t\t\t\n\t\t\t\t\t\t\t\t\t\t\t\t\t\t\t\t\t\t\t\t\t\t\t\t\t\t\t\t\t\n\t\t\t\t\n\t\t\t\t\t<div class=\"table-wrapper active\" id=\"\">\n\t\t\t\t\t\t\t\t\t\t\t\t<figure class=\"wp-block-table is-style-stripes h-scroll\" table-width=\"full\">\n\t\t\t\t\t\t\t\t\t\t\t\t\t\t<div class=\"table-wrap\">\n\t\t\t\t\t\t\t\t<div class=\"scroll-table\">\n\t\t\t\t\t\t\t\t\t\t\t\t\t\t\t\t<table>\n\t\t\t\t\t\t\t\t\t\t\t\t\t\t\t\t<thead>\n\t\t\t\t\t\t\t\t\t<tr>\n\t\t\t\t\t\t\t\t\t\t\t\t\t\t\t\t\t\t\t<th>Especificaci\u00f3n<\/th>\n\t\t\t\t\t\t\t\t\t\t\t\t\t\t\t\t\t\t\t<th>Secador de tornado<\/th>\n\t\t\t\t\t\t\t\t\t\t\t\t\t\t\t\t\t\t<\/tr>\n\t\t\t\t\t\t\t\t<\/thead>\n\t\t\t\t\t\t\t\t\t\t\t\t\t\t\t\t<tbody>\n\t\t\t\t\t\t\t\t\t\t\t\t\t\t\t\t\t\t<tr>\n\t\t\t\t\t\t\t\t\t\t\t\t\t\t\t\t\t\t\t<td>Material de proceso<\/td>\n\t\t\t\t\t\t\t\t\t\t\t\t\t\t\t\t\t\t\t<td>Aluminio o Acero<\/td>\n\t\t\t\t\t\t\t\t\t\t\t\t\t\t\t\t\t\t<\/tr>\n\t\t\t\t\t\t\t\t\t\t\t\t\t\t\t\t\t\t<tr>\n\t\t\t\t\t\t\t\t\t\t\t\t\t\t\t\t\t\t\t<td>Velocidad de producci\u00f3n<\/td>\n\t\t\t\t\t\t\t\t\t\t\t\t\t\t\t\t\t\t\t<td>Hasta 8000cpm @ 211 di\u00e1metro<\/td>\n\t\t\t\t\t\t\t\t\t\t\t\t\t\t\t\t\t\t<\/tr>\n\t\t\t\t\t\t\t\t\t\t\t\t\t\t\t\t\t\t<tr>\n\t\t\t\t\t\t\t\t\t\t\t\t\t\t\t\t\t\t\t<td>Tama\u00f1o\/altura de la lata<\/td>\n\t\t\t\t\t\t\t\t\t\t\t\t\t\t\t\t\t\t\t<td>Di\u00e1metro interior de 202 a 300 mm (88 a 200 mm)<\/td>\n\t\t\t\t\t\t\t\t\t\t\t\t\t\t\t\t\t\t<\/tr>\n\t\t\t\t\t\t\t\t\t\t\t\t\t\t\t\t\t\t<tr>\n\t\t\t\t\t\t\t\t\t\t\t\t\t\t\t\t\t\t\t<td>Densidad del paquete<\/td>\n\t\t\t\t\t\t\t\t\t\t\t\t\t\t\t\t\t\t\t<td>85% a cpm m\u00e1ximas<\/td>\n\t\t\t\t\t\t\t\t\t\t\t\t\t\t\t\t\t\t<\/tr>\n\t\t\t\t\t\t\t\t\t\t\t\t\t\t\t\t\t\t<tr>\n\t\t\t\t\t\t\t\t\t\t\t\t\t\t\t\t\t\t\t<td>Temperatura de funcionamiento<\/td>\n\t\t\t\t\t\t\t\t\t\t\t\t\t\t\t\t\t\t\t<td>Sin l\u00edmite inferior a 230\u00b0c m\u00e1ximo<\/td>\n\t\t\t\t\t\t\t\t\t\t\t\t\t\t\t\t\t\t<\/tr>\n\t\t\t\t\t\t\t\t\t\t\t\t\t\t\t\t\t\t<tr>\n\t\t\t\t\t\t\t\t\t\t\t\t\t\t\t\t\t\t\t<td>Medio de calentamiento<\/td>\n\t\t\t\t\t\t\t\t\t\t\t\t\t\t\t\t\t\t\t<td>Quemador de gas<\/td>\n\t\t\t\t\t\t\t\t\t\t\t\t\t\t\t\t\t\t<\/tr>\n\t\t\t\t\t\t\t\t\t\t\t\t\t\t\t\t\t\t<tr>\n\t\t\t\t\t\t\t\t\t\t\t\t\t\t\t\t\t\t\t<td>Combustible<\/td>\n\t\t\t\t\t\t\t\t\t\t\t\t\t\t\t\t\t\t\t<td>Gas Natural o GLP<\/td>\n\t\t\t\t\t\t\t\t\t\t\t\t\t\t\t\t\t\t<\/tr>\n\t\t\t\t\t\t\t\t\t\t\t\t\t\t\t\t\t\t<tr>\n\t\t\t\t\t\t\t\t\t\t\t\t\t\t\t\t\t\t\t<td>Configuraci\u00f3n de zona<\/td>\n\t\t\t\t\t\t\t\t\t\t\t\t\t\t\t\t\t\t\t<td>1 o 2 zonas<\/td>\n\t\t\t\t\t\t\t\t\t\t\t\t\t\t\t\t\t\t<\/tr>\n\t\t\t\t\t\t\t\t\t\t\t\t\t\t\t\t\t\t<tr>\n\t\t\t\t\t\t\t\t\t\t\t\t\t\t\t\t\t\t\t<td>Ancho de la cinta transportadora<\/td>\n\t\t\t\t\t\t\t\t\t\t\t\t\t\t\t\t\t\t\t<td>1,2 m (4 pies), 1,83 m (6 pies), 2,4 m (8 pies) <\/td>\n\t\t\t\t\t\t\t\t\t\t\t\t\t\t\t\t\t\t<\/tr>\n\t\t\t\t\t\t\t\t\t\t\t\t\t\t\t\t\t\t<tr>\n\t\t\t\t\t\t\t\t\t\t\t\t\t\t\t\t\t\t\t<td>Tipo de cinta transportadora<\/td>\n\t\t\t\t\t\t\t\t\t\t\t\t\t\t\t\t\t\t\t<td>Kevlar o acero inoxidable<\/td>\n\t\t\t\t\t\t\t\t\t\t\t\t\t\t\t\t\t\t<\/tr>\n\t\t\t\t\t\t\t\t\t\t\t\t\t\t\t\t\t\t<tr>\n\t\t\t\t\t\t\t\t\t\t\t\t\t\t\t\t\t\t\t<td>Junta de cinta transportadora<\/td>\n\t\t\t\t\t\t\t\t\t\t\t\t\t\t\t\t\t\t\t<td>Junta de pasador o soldada<\/td>\n\t\t\t\t\t\t\t\t\t\t\t\t\t\t\t\t\t\t<\/tr>\n\t\t\t\t\t\t\t\t\t\t\t\t\t\t\t\t\t\t<tr>\n\t\t\t\t\t\t\t\t\t\t\t\t\t\t\t\t\t\t\t<td>Ajuste de la boquilla<\/td>\n\t\t\t\t\t\t\t\t\t\t\t\t\t\t\t\t\t\t\t<td>Como est\u00e1ndar: autom\u00e1tico<\/td>\n\t\t\t\t\t\t\t\t\t\t\t\t\t\t\t\t\t\t<\/tr>\n\t\t\t\t\t\t\t\t\t\t\t\t\t\t\t\t\t\t<tr>\n\t\t\t\t\t\t\t\t\t\t\t\t\t\t\t\t\t\t\t<td>L\u00ednea de esta\u00f1o est\u00e1ndar<\/td>\n\t\t\t\t\t\t\t\t\t\t\t\t\t\t\t\t\t\t\t<td>1524 mm (5 pies) o 1828 mm (6 pies)<\/td>\n\t\t\t\t\t\t\t\t\t\t\t\t\t\t\t\t\t\t<\/tr>\n\t\t\t\t\t\t\t\t\t\t\t\t\t\t\t\t\t\t<tr>\n\t\t\t\t\t\t\t\t\t\t\t\t\t\t\t\t\t\t\t<td>Aficionados<\/td>\n\t\t\t\t\t\t\t\t\t\t\t\t\t\t\t\t\t\t\t<td>IE3 o superior \u2013 Control VFD <\/td>\n\t\t\t\t\t\t\t\t\t\t\t\t\t\t\t\t\t\t<\/tr>\n\t\t\t\t\t\t\t\t\t\t\t\t\t\t\t\t\t\t<tr>\n\t\t\t\t\t\t\t\t\t\t\t\t\t\t\t\t\t\t\t<td>Suministro el\u00e9ctrico<\/td>\n\t\t\t\t\t\t\t\t\t\t\t\t\t\t\t\t\t\t\t<td>Para adaptarse a los requisitos del cliente<\/td>\n\t\t\t\t\t\t\t\t\t\t\t\t\t\t\t\t\t\t<\/tr>\n\t\t\t\t\t\t\t\t\t\t\t\t\t\t\t\t\t<\/tbody>\n\t\t\t\t\t\t\t<\/table>\n\t\t\t\t\t\t\n\t\t\t\t\t\t\t\t<\/div>\n\t\t\t\t\t\t\t<\/div>\n\t\t\t\t\t\t\t\t\t\t\t\t\t\t\t\t\t\t\t\t<\/figure>\n\t\t\t\t\t\t\t\t\t\t\t<\/div>\n\t\t\t\t\n\t\t\t\t\n\t\t\t\n\t\t\t\t<\/div>\n\t<\/div>\n\n\n\t\n\t\t\t<\/div>\n\n\t\t\t\t\n\t<\/div>\n<\/div>\n\t\t\t<\/div>\n\n\t\t\t\t\n\t<\/div>\n\n\n\n\t\n\n\t\t\t\t\t\t\t\n\n<div id=\"block_61a395b2eef5a540cf1482294c582834\" class=\"nmc-block nmc-block--solutions-slider block-container alignfull\">\n\t\n\t\t\n\t\t\t<div class=\"blockbody\">\n\t\t\t\t\t<div class=\"bound boundwider\">\n\t\t<div class=\"content-wrap\">\n\t\t\t<div class=\"content\">\n\t\t\t\t\t\t\t\t                                                                                                                                                                                                                                                                                    <h2 class=\"block-title\">Explore soluciones utilizando el <strong>Secador de tornado<\/strong> &#038; <strong>Aerosoles<\/strong><\/h2>\t\t\t\t\t\t\t\t\t<p><p>Mejore la estabilidad de las latas y acorte el tiempo de secado a menos de un minuto. Ahorrar\u00e1 energ\u00eda y espacio.<\/p>\n<\/p>\n\t\t\t\t\t\t\t\t<a href=\"https:\/\/onecpm.com\/es\/market-solutions\/\" target=\"\" class=\"btn -non-btn\">Explora todas las soluciones <svg xmlns=\"http:\/\/www.w3.org\/2000\/svg\" width=\"17\" height=\"12\" viewbox=\"0 0 17 12\" fill=\"none\" role=\"img\" aria-hidden=\"true\" focusable=\"false\"><title>arrow<\/title>\n<path fill-rule=\"evenodd\" clip-rule=\"evenodd\" d=\"M13.9176 6.28571L8.65133 10.5863L9.42733 11.4286L16.3999 5.71429L9.41476 0L8.65362 0.860571L13.9153 5.14286L0.399902 5.14286L0.399902 6.28571L13.9176 6.28571Z\" fill=\"white\"\/>\n<\/svg><\/a>\t\t\t<\/div>\n\n\t\t\t\t\t\n\t\t\t\t\t\t\t<div class=\"slider-nav slide-count-2\">\n\t\t\t\t\t<div class=\"arrows\">\n\t\t\t\t\t\t<button class=\"prev\" data-nmc-slider-target=\"#slider-block_61a395b2eef5a540cf1482294c582834-slider\" data-nmc-slider-action=\"prev\" aria-label=\"Diapositiva anterior\">\n\t\t\t\t\t\t\t<svg xmlns=\"http:\/\/www.w3.org\/2000\/svg\" width=\"43\" height=\"43\" fill=\"none\" viewbox=\"0 0 43 43\" role=\"img\" aria-hidden=\"true\" focusable=\"false\"><path fill=\"#CC092F\" d=\"M0 0h43v43H0z\"\/><path fill=\"#fff\" fill-rule=\"evenodd\" d=\"m15.54 22.64 6.14 5-.9.99-8.13-6.66 8.14-6.66.89 1-6.13 5h15.74v1.33H15.54Z\" clip-rule=\"evenodd\"\/><\/svg>\n\t\t\t\t\t\t<\/button>\n\t\t\t\t\t\t<button class=\"next\" data-nmc-slider-target=\"#slider-block_61a395b2eef5a540cf1482294c582834-slider\" data-nmc-slider-action=\"next\" aria-label=\"Diapositiva siguiente\">\n\t\t\t\t\t\t\t<svg xmlns=\"http:\/\/www.w3.org\/2000\/svg\" width=\"43\" height=\"43\" fill=\"none\" viewbox=\"0 0 43 43\" role=\"img\" aria-hidden=\"true\" focusable=\"false\"><path fill=\"#CC092F\" d=\"M0 0h43v43H0z\"\/><path fill=\"#fff\" fill-rule=\"evenodd\" d=\"m28.4 21.97-6.13 5.01.9.98 8.12-6.65-8.14-6.66-.88 1 6.13 4.99H12.65v1.33H28.4Z\" clip-rule=\"evenodd\"\/><\/svg>\n\t\t\t\t\t\t<\/button>\n\t\t\t\t\t<\/div>\n\t\t\t\t<\/div>\n\n\t\t\t\t\t\t\n\t\t<\/div>\n\n\t\t\t\t\t<div class=\"slider-wrap\">\n\t\t\t\t<div id=\"slider-block_61a395b2eef5a540cf1482294c582834-slider\" class=\"nmc-slider scrollable snaps\" data-nmc-slider data-nmc-slider-loop role=\"region\" aria-label=\"Carrusel de vista previa de contenido\">\n\t\t\t\t\t\t\t\t\t\t\t\t\t\t\t\t\t<div class=\"nmc-slide\" role=\"group\" aria-label=\"Diapositiva 1 de 2\" aria-current=\"true\">\n\t\t\t\t\t\t\t<div class=\"partial-container\">\n\t\t\t\t\t\t\t\t<div class=\"partial\">\n\t\t\t\t\t\t\t\t\t<div class=\"text\">\n\t\t\t\t\t\t\t\t\t\t<h3 class=\"heading\">\n\t\t\t\t\t\t\t\t\t\t\t<a href=\"https:\/\/onecpm.com\/es\/market-solution\/food-packaging\/\" target=\"\" class=\"link\"><span>Envasado de alimentos<\/span> <svg xmlns=\"http:\/\/www.w3.org\/2000\/svg\" width=\"26\" height=\"26\" viewbox=\"0 0 26 26\" fill=\"none\" role=\"img\" aria-hidden=\"true\" focusable=\"false\">\n<mask class=\"path-1-inside-1_2439_3058\" fill=\"white\">\n<path fill-rule=\"evenodd\" clip-rule=\"evenodd\" d=\"M16.6399 13.5496L12.7999 16.6855L13.3657 17.2996L18.4499 13.133L13.3565 8.96631L12.8015 9.59381L16.6382 12.7163H6.7832V13.5496H16.6399Z\"\/>\n<\/mask>\n<path fill-rule=\"evenodd\" clip-rule=\"evenodd\" d=\"M16.6399 13.5496L12.7999 16.6855L13.3657 17.2996L18.4499 13.133L13.3565 8.96631L12.8015 9.59381L16.6382 12.7163H6.7832V13.5496H16.6399Z\" fill=\"#CC092F\"\/>\n<path d=\"M16.6399 13.5496L17.2724 14.3242L19.4454 12.5496H16.6399V13.5496ZM12.7999 16.6855L12.1674 15.9109L11.3452 16.5824L12.0644 17.3631L12.7999 16.6855ZM13.3657 17.2996L12.6303 17.9772L13.2697 18.6713L13.9996 18.0731L13.3657 17.2996ZM18.4499 13.133L19.0837 13.9064L20.0283 13.1323L19.0831 12.359L18.4499 13.133ZM13.3565 8.96631L13.9897 8.19231L13.245 7.58305L12.6075 8.3038L13.3565 8.96631ZM12.8015 9.59381L12.0525 8.9313L11.3622 9.71174L12.1703 10.3694L12.8015 9.59381ZM16.6382 12.7163V13.7163H19.4511L17.2694 11.9407L16.6382 12.7163ZM6.7832 12.7163V11.7163H5.7832V12.7163H6.7832ZM6.7832 13.5496H5.7832V14.5496H6.7832V13.5496ZM16.0074 12.7751L12.1674 15.9109L13.4324 17.46L17.2724 14.3242L16.0074 12.7751ZM12.0644 17.3631L12.6303 17.9772L14.1012 16.6221L13.5353 16.0079L12.0644 17.3631ZM13.9996 18.0731L19.0837 13.9064L17.816 12.3595L12.7318 16.5262L13.9996 18.0731ZM19.0831 12.359L13.9897 8.19231L12.7234 9.74031L17.8167 13.907L19.0831 12.359ZM12.6075 8.3038L12.0525 8.9313L13.5506 10.2563L14.1056 9.62882L12.6075 8.3038ZM12.1703 10.3694L16.007 13.4919L17.2694 11.9407L13.4328 8.81821L12.1703 10.3694ZM16.6382 11.7163H6.7832V13.7163H16.6382V11.7163ZM5.7832 12.7163V13.5496H7.7832V12.7163H5.7832ZM6.7832 14.5496H16.6399V12.5496H6.7832V14.5496Z\" fill=\"#CC092F\" mask=\"url(.path-1-inside-1_2439_3058)\"\/>\n<circle cx=\"12.6172\" cy=\"13.1329\" r=\"12\" stroke=\"#CC092F\"\/>\n<\/svg><\/a>\n\t\t\t\t\t\t\t\t\t\t<\/h3>\n\t\t\t\t\t\t\t\t\t\t<div class=\"excerpt\">Seque cualquier rastro de humedad que quede en sus latas antes de envasar sus productos alimenticios.<\/div>\n\t\t\t\t\t\t\t\t\t<\/div>\n\t\t\t\t\t\t\t\t\t<div class=\"image\">\n\t\t\t\t\t\t\t\t\t\t\n<div class=\"image-auto\" style=\"aspect-ratio: 600 \/ 600;\">\n\t<picture>\n\t\t<source \n\t\t\tmedia=\"(max-width: 600px)\"\n\t\t\tsrcset=\"https:\/\/img.nmcdn.io\/e1\/w:480,h:480,v:1\/cpm\/wp-content\/uploads\/2024\/05\/solutions-foodpackaging-square.jpg?s=ce9e36af\">\n\t\t<img  loading=\"lazy\"src=\"https:\/\/img.nmcdn.io\/e1\/w:600,h:600,v:1\/cpm\/wp-content\/uploads\/2024\/05\/solutions-foodpackaging-square.jpg?s=d89d22c7\" width=\"600\" height=\"600\" alt=\"Food Packaging\" aria-hidden=\"true\">\n\t<\/picture>\n<\/div>\n\t\t\t\t\t\t\t\t\t<\/div>\n\t\t\t\t\t\t\t\t<\/div>\n\t\t\t\t\t\t\t<\/div>\n\t\t\t\t\t\t<\/div>\n\t\t\t\t\t\t\t\t\t\t\t\t\t\t\t\t\t<div class=\"nmc-slide\" role=\"group\" aria-label=\"Diapositiva 2 de 2\" >\n\t\t\t\t\t\t\t<div class=\"partial-container\">\n\t\t\t\t\t\t\t\t<div class=\"partial\">\n\t\t\t\t\t\t\t\t\t<div class=\"text\">\n\t\t\t\t\t\t\t\t\t\t<h3 class=\"heading\">\n\t\t\t\t\t\t\t\t\t\t\t<a href=\"https:\/\/onecpm.com\/es\/market-solution\/beverage\/\" target=\"\" class=\"link\"><span>Bebida<\/span> <svg xmlns=\"http:\/\/www.w3.org\/2000\/svg\" width=\"26\" height=\"26\" viewbox=\"0 0 26 26\" fill=\"none\" role=\"img\" aria-hidden=\"true\" focusable=\"false\">\n<mask class=\"path-1-inside-1_2439_3058\" fill=\"white\">\n<path fill-rule=\"evenodd\" clip-rule=\"evenodd\" d=\"M16.6399 13.5496L12.7999 16.6855L13.3657 17.2996L18.4499 13.133L13.3565 8.96631L12.8015 9.59381L16.6382 12.7163H6.7832V13.5496H16.6399Z\"\/>\n<\/mask>\n<path fill-rule=\"evenodd\" clip-rule=\"evenodd\" d=\"M16.6399 13.5496L12.7999 16.6855L13.3657 17.2996L18.4499 13.133L13.3565 8.96631L12.8015 9.59381L16.6382 12.7163H6.7832V13.5496H16.6399Z\" fill=\"#CC092F\"\/>\n<path d=\"M16.6399 13.5496L17.2724 14.3242L19.4454 12.5496H16.6399V13.5496ZM12.7999 16.6855L12.1674 15.9109L11.3452 16.5824L12.0644 17.3631L12.7999 16.6855ZM13.3657 17.2996L12.6303 17.9772L13.2697 18.6713L13.9996 18.0731L13.3657 17.2996ZM18.4499 13.133L19.0837 13.9064L20.0283 13.1323L19.0831 12.359L18.4499 13.133ZM13.3565 8.96631L13.9897 8.19231L13.245 7.58305L12.6075 8.3038L13.3565 8.96631ZM12.8015 9.59381L12.0525 8.9313L11.3622 9.71174L12.1703 10.3694L12.8015 9.59381ZM16.6382 12.7163V13.7163H19.4511L17.2694 11.9407L16.6382 12.7163ZM6.7832 12.7163V11.7163H5.7832V12.7163H6.7832ZM6.7832 13.5496H5.7832V14.5496H6.7832V13.5496ZM16.0074 12.7751L12.1674 15.9109L13.4324 17.46L17.2724 14.3242L16.0074 12.7751ZM12.0644 17.3631L12.6303 17.9772L14.1012 16.6221L13.5353 16.0079L12.0644 17.3631ZM13.9996 18.0731L19.0837 13.9064L17.816 12.3595L12.7318 16.5262L13.9996 18.0731ZM19.0831 12.359L13.9897 8.19231L12.7234 9.74031L17.8167 13.907L19.0831 12.359ZM12.6075 8.3038L12.0525 8.9313L13.5506 10.2563L14.1056 9.62882L12.6075 8.3038ZM12.1703 10.3694L16.007 13.4919L17.2694 11.9407L13.4328 8.81821L12.1703 10.3694ZM16.6382 11.7163H6.7832V13.7163H16.6382V11.7163ZM5.7832 12.7163V13.5496H7.7832V12.7163H5.7832ZM6.7832 14.5496H16.6399V12.5496H6.7832V14.5496Z\" fill=\"#CC092F\" mask=\"url(.path-1-inside-1_2439_3058)\"\/>\n<circle cx=\"12.6172\" cy=\"13.1329\" r=\"12\" stroke=\"#CC092F\"\/>\n<\/svg><\/a>\n\t\t\t\t\t\t\t\t\t\t<\/h3>\n\t\t\t\t\t\t\t\t\t\t<div class=\"excerpt\">Con la capacidad de secar sus latas tan r\u00e1pidamente, puede maximizar su operaci\u00f3n de bebidas.<\/div>\n\t\t\t\t\t\t\t\t\t<\/div>\n\t\t\t\t\t\t\t\t\t<div class=\"image\">\n\t\t\t\t\t\t\t\t\t\t\n<div class=\"image-auto\" style=\"aspect-ratio: 600 \/ 600;\">\n\t<picture>\n\t\t<source \n\t\t\tmedia=\"(max-width: 600px)\"\n\t\t\tsrcset=\"https:\/\/img.nmcdn.io\/e1\/w:480,h:480,v:1\/cpm\/wp-content\/uploads\/2024\/05\/solutions-beverage-square.jpg?s=e13dac93\">\n\t\t<img  loading=\"lazy\"src=\"https:\/\/img.nmcdn.io\/e1\/w:600,h:600,v:1\/cpm\/wp-content\/uploads\/2024\/05\/solutions-beverage-square.jpg?s=4542934b\" width=\"600\" height=\"600\" alt=\"Beverage\" aria-hidden=\"true\">\n\t<\/picture>\n<\/div>\n\t\t\t\t\t\t\t\t\t<\/div>\n\t\t\t\t\t\t\t\t<\/div>\n\t\t\t\t\t\t\t<\/div>\n\t\t\t\t\t\t<\/div>\n\t\t\t\t\t\t\t\t\t<\/div>\n\t\t\t<\/div>\n\t\t\t\t\n\t<\/div>\n\t\t\t<\/div>\n\n\t\t\t\t\n\t<\/div>\n\n\n\n\t\n\n\t\t\t\n\t\n<div id=\"block_42500d42f188a4b16e907567d0f4369f\" class=\"nmc-block nmc-block--split block-container -Width alignfull\">\n\t\n\t\t\n\t\t\t<div class=\"blockbody\">\n\t\t\t\t\t<div class=\"bound boundwider\">\n\t\t\n\n<div class=\"split-half\">\n\t<div class=\"split-half-content\">\n\n\t\t\n\n<p><\/p>\n\n\n\t\t\n\t<\/div>\n<\/div>\n\n\n<div class=\"split-half\">\n\t<div class=\"split-half-content\">\n\n\t\t\n\n<p class=\"is-style-eyebrow-heading\">Complete sus soluciones<\/p>\n\n\n\n<h2 class=\"wp-block-heading\">Lleno <strong>Soluciones de ciclo de vida<\/strong><\/h2>\n\n\n\n<p>Desde soporte global de repuestos y servicios hasta sistemas de automatizaci\u00f3n avanzados, CPM mantiene sus operaciones funcionando sin problemas, de manera eficiente y sin interrupciones.<\/p>\n\n\n\t\t\n\t<\/div>\n<\/div>\n\n\t<\/div>\n\t\t\t<\/div>\n\n\t\t\t\t\n\t<\/div>\n\n\n\n\t\n\n\t\t\t\n\t\n<div id=\"block_5835e0ae16fd7aa8e7b0c9c6b2b84928\" class=\"nmc-block nmc-block--split block-container -Width alignfull\">\n\t\n\t\t\n\t\t\t<div class=\"blockbody\">\n\t\t\t\t\t<div class=\"bound boundwider\">\n\t\t\n\n<div class=\"split-half\">\n\t<div class=\"split-half-content\">\n\n\t\t\n\n<div class=\"split-half-image\">\n\t\t\t\t\t\t\t\t\t\t<picture>\n\t\t<source media=\"(max-width: 400px)\" srcset=\"https:\/\/img.nmcdn.io\/e1\/w:500,h:282,v:1\/cpm\/wp-content\/uploads\/2024\/07\/aftermarket-fieldservices-tab1.jpg?s=9cb68f03\">\n\t\t<img decoding=\"async\" loading=\"lazy\" style=\"aspect-ratio: 1.7777777777778;\" src=\"https:\/\/img.nmcdn.io\/e1\/w:800,h:450,v:1\/cpm\/wp-content\/uploads\/2024\/07\/aftermarket-fieldservices-tab1.jpg?s=56d17541\" width=\"800\" height=\"450\" alt=\"Field Services\">\n\t<\/picture>\n<\/div>\n\n\n\n<h3 class=\"wp-block-heading\" style=\"font-style:normal;font-weight:500\">Automatizaci\u00f3n<\/h3>\n\n\n\n\n\n\t\t\t\t\n\n<div class=\"nmc-block nmc-block--buttons\" id=\"block_11c0f475562508c6482b69850a0708f1\">\n\t<div class=\"blockbody\">\n\t\n\t\t\t\t\t\t\t\t\t\t\t\n\t\t<a href=\"https:\/\/onecpm.com\/es\/automation\/\" class=\"btn -non-btn  -icon\" >Aprende m\u00e1s<svg xmlns=\"http:\/\/www.w3.org\/2000\/svg\" width=\"17\" height=\"12\" viewbox=\"0 0 17 12\" fill=\"none\" role=\"img\" aria-hidden=\"true\" focusable=\"false\"><title>arrow<\/title>\n<path fill-rule=\"evenodd\" clip-rule=\"evenodd\" d=\"M13.9176 6.28571L8.65133 10.5863L9.42733 11.4286L16.3999 5.71429L9.41476 0L8.65362 0.860571L13.9153 5.14286L0.399902 5.14286L0.399902 6.28571L13.9176 6.28571Z\" fill=\"white\"\/>\n<\/svg><\/a>\n\t\t<\/div>\n<\/div>\n\n\t\t\n\t<\/div>\n<\/div>\n\n\n<div class=\"split-half\">\n\t<div class=\"split-half-content\">\n\n\t\t\n\n\n\n\n<div class=\"split-half-image\">\n\t\t\t\t\t\t\t\t\t\t<picture>\n\t\t<source media=\"(max-width: 400px)\" srcset=\"https:\/\/img.nmcdn.io\/e1\/w:500,h:282,v:1\/cpm\/wp-content\/uploads\/2024\/07\/aftermarket-fieldservices-tab1-1.jpg?s=b4c16c93\">\n\t\t<img decoding=\"async\" loading=\"lazy\" style=\"aspect-ratio: 1.7777777777778;\" src=\"https:\/\/img.nmcdn.io\/e1\/w:800,h:450,v:1\/cpm\/wp-content\/uploads\/2024\/07\/aftermarket-fieldservices-tab1-1.jpg?s=9bc1048b\" width=\"800\" height=\"450\" alt=\"Field Services\">\n\t<\/picture>\n<\/div>\n\n\n\n<h3 class=\"wp-block-heading\" style=\"font-style:normal;font-weight:400\">mercado de accesorios<\/h3>\n\n\n\n\n\n\t\t\t\t\n\n<div class=\"nmc-block nmc-block--buttons\" id=\"block_e14f1d9d57d839d9e3640d3b9dd487cf\">\n\t<div class=\"blockbody\">\n\t\n\t\t\t\t\t\t\t\t\t\t\t\n\t\t<a href=\"https:\/\/onecpm.com\/es\/aftermarket-service\/\" class=\"btn -non-btn  -icon\" >Aprende m\u00e1s<svg xmlns=\"http:\/\/www.w3.org\/2000\/svg\" width=\"17\" height=\"12\" viewbox=\"0 0 17 12\" fill=\"none\" role=\"img\" aria-hidden=\"true\" focusable=\"false\"><title>arrow<\/title>\n<path fill-rule=\"evenodd\" clip-rule=\"evenodd\" d=\"M13.9176 6.28571L8.65133 10.5863L9.42733 11.4286L16.3999 5.71429L9.41476 0L8.65362 0.860571L13.9153 5.14286L0.399902 5.14286L0.399902 6.28571L13.9176 6.28571Z\" fill=\"white\"\/>\n<\/svg><\/a>\n\t\t<\/div>\n<\/div>\n\n\n\n\n\t\t\t\t\n\n<div class=\"nmc-block nmc-block--buttons\" id=\"block_a28bbcd2cb01c85bcaba70c7feb8ef41\">\n\t<div class=\"blockbody\">\n\t\n\t\t\t\t\t\t\t\t\t\t\t\n\t\t\n\t\t<\/div>\n<\/div>\n\n\t\t\n\t<\/div>\n<\/div>\n\n\t<\/div>\n\t\t\t<\/div>\n\n\t\t\t\t\n\t<\/div>\n\n\n\n\t\n\n\t\t\t\t\t\t\t\n\t\n<div id=\"block_595cd67ddf872a477edda8d3be46a629\" class=\"nmc-block nmc-block--cta block-container alignfull -widerWidth\">\n\t\n\t\t\n\t\t\t<div class=\"blockbody\">\n\t\t\t\t<div class=\"bound boundwider\">\n\t<div class=\"cta-wrap -mode-dark\">\n\t\t<div class=\"cta-background\">\n\t\t\t<div class=\"image\">\n\t\t\t\t\t\t\t\t\n<picture>\n\t<source srcset=\"https:\/\/img.nmcdn.io\/e1\/w:900,h:750,v:1\/cpm\/wp-content\/uploads\/2024\/04\/global-equipment_CTA2.jpg?s=68d3ce6a\" width=\"900\" height=\"750\" media=\"(max-width: 900px)\" type=\"image\/webp\">\n\t<source srcset=\"https:\/\/img.nmcdn.io\/e1\/w:900,h:750,v:1\/cpm\/wp-content\/uploads\/2024\/04\/global-equipment_CTA2.jpg?s=68d3ce6a\" width=\"900\" height=\"750\" media=\"(max-width: 900px)\">\n\t<source srcset=\"https:\/\/img.nmcdn.io\/e1\/w:1440,h:725,v:1\/cpm\/wp-content\/uploads\/2024\/04\/global-equipment_CTA2.jpg?s=0967c4d0\" type=\"image\/webp\">\n\t<img loading=\"lazy\" decoding=\"async\" src=\"https:\/\/img.nmcdn.io\/e1\/w:1440,h:725,v:1\/cpm\/wp-content\/uploads\/2024\/04\/global-equipment_CTA2.jpg?s=0967c4d0\" width=\"1440\" height=\"725\" alt=\"\">\n<\/picture>\n\t\t\t<\/div>\n\t\t<\/div>\n\t\t<div class=\"cta-content\">\n\t\t\t<div class=\"content\">\n\t\t\t\t                                                                                                                                                                                                            <h2 class=\"block-title\"><strong>Ver por ti mismo<\/strong> lo que nuestro equipo puede hacer<\/h2>\t\t\t\t\t\t\t\t\n\t\t\t\t\t\t\t\t\t<div class=\"buttons\">\n\t\t\t\t\t\t\t\t\t\t\t\t\t<a href=\"https:\/\/onecpm.com\/es\/about-cpm\/contact-us\/\" target=\"\" class=\"btn -non-btn\">Ponerse en contacto <svg xmlns=\"http:\/\/www.w3.org\/2000\/svg\" width=\"17\" height=\"12\" viewbox=\"0 0 17 12\" fill=\"none\" role=\"img\" aria-hidden=\"true\" focusable=\"false\"><title>arrow<\/title>\n<path fill-rule=\"evenodd\" clip-rule=\"evenodd\" d=\"M13.9176 6.28571L8.65133 10.5863L9.42733 11.4286L16.3999 5.71429L9.41476 0L8.65362 0.860571L13.9153 5.14286L0.399902 5.14286L0.399902 6.28571L13.9176 6.28571Z\" fill=\"white\"\/>\n<\/svg><\/a>\n\t\t\t\t\t\t\t\t\t\t\t<\/div>\n\t\t\t\t\t\t\t\t\n\t\t\t<\/div>\n\t\t<\/div>\n\t<\/div>\n<\/div>\n\t\t\t<\/div>\n\n\t\t\t\t\n\t<\/div>","protected":false},"template":"","class_list":["post-2196","product","type-product","status-publish","hentry"],"acf":[],"_links":{"self":[{"href":"https:\/\/onecpm.com\/es\/wp-json\/wp\/v2\/product\/2196","targetHints":{"allow":["GET"]}}],"collection":[{"href":"https:\/\/onecpm.com\/es\/wp-json\/wp\/v2\/product"}],"about":[{"href":"https:\/\/onecpm.com\/es\/wp-json\/wp\/v2\/types\/product"}],"wp:attachment":[{"href":"https:\/\/onecpm.com\/es\/wp-json\/wp\/v2\/media?parent=2196"}],"curies":[{"name":"wp","href":"https:\/\/api.w.org\/{rel}","templated":true}]}}