{"id":1490,"date":"2024-04-16T21:42:41","date_gmt":"2024-04-16T21:42:41","guid":{"rendered":"https:\/\/cpm.epicenter1.com\/?page_id=1490"},"modified":"2025-06-24T23:18:22","modified_gmt":"2025-06-24T23:18:22","slug":"automation","status":"publish","type":"page","link":"https:\/\/onecpm.com\/fr\/automation","title":{"rendered":"Automatisation"},"content":{"rendered":"<div id=\"block_2bce42d168348bc3b8fd0c2570a294ac\" class=\"nmc-block nmc-block--masthead-aftermarket block-container alignfull -mode-dark\">\n\t\n\t\t\n\t\t\t<div class=\"blockbody\">\n\t\t\t\t<div class=\"masthead-media -overlay\">\n\t\t<div class=\"image\">\n\t\t\t\t\t\t\t\t\t\t\t\t<picture>\n\t\t\t<source media=\"(max-width: 499px)\" srcset=\"https:\/\/img.nmcdn.io\/e1\/w:600,h:338,v:1\/cpm\/wp-content\/uploads\/2024\/07\/aftermarket-automation-hero.jpg?s=73393dbe\">\n\t\t\t<source media=\"(max-width: 899px)\" srcset=\"https:\/\/img.nmcdn.io\/e1\/w:1200,h:675,v:1\/cpm\/wp-content\/uploads\/2024\/07\/aftermarket-automation-hero.jpg?s=a7c23538\">\n\t\t\t<img fetchpriority=\"high\" decoding=\"async\" loading=\"eager\" style=\"aspect-ratio: 1.7777777777778;\" src=\"https:\/\/img.nmcdn.io\/e1\/w:1800,h:1013,v:1\/cpm\/wp-content\/uploads\/2024\/07\/aftermarket-automation-hero.jpg?s=197bd4c0\" width=\"1800\" height=\"1013\" alt=\"\" aria-hidden=\"true\">\n\t\t<\/picture>\n\t<\/div>\n\t\t\n<\/div>\n<div class=\"bound boundwider\">\n\t<div class=\"masthead-content\">\n\t\t<p class=\"is-style-eyebrow-heading\">Innovation et technologie<\/strong><\/p>\n\t\t<h1 class=\"page-title\">Automatisation<\/h1>\n\t\t\t\t\t<\/div>\n<\/div>\n\n<script>\n(function(){\n\tdocument.documentElement.classList.add('-transparent-header');\n})();\n<\/script>\n\t\t\t<\/div>\n\n\t\t\t\t\n\t<\/div>\n\n\n\n\n\n\t\n\n\t\t\t\t\t\t\t\n\n<div id=\"block_1c7eb2fbdc0bff12ad27e36bba89bfcd\" class=\"nmc-block nmc-block--intro-video block-container alignfull\">\n\t\n\t\t\n\t\t\t<div class=\"blockbody\">\n\t\t\t\t\t\t\t\t\t\t\n\t\t\t<div class=\"bound boundwider wrap\">\n\t\t\t<div class=\"block-intro\">\n\t\t\t\t\t\t\t\t\t\t<p class=\"is-style-eyebrow-heading\">Aper\u00e7u<\/p>\n\t\t\t\t\t\t\t\t\t\t                                                                                                                                <h2 class=\"block-title\"><strong>Tout est sous contr\u00f4le.<\/strong><\/h2>\t\t\t\t\t\t\t\t\t\t\t<p class=\"content\">Les solutions de contr\u00f4le de processus de CPM Automation am\u00e9liorent l&#039;efficacit\u00e9 des processus et r\u00e9duisent les temps d&#039;arr\u00eat impr\u00e9vus. Notre expertise en mati\u00e8re de syst\u00e8mes de contr\u00f4le nous permet de fournir des solutions de processus pour n&#039;importe quel secteur. Les solutions de contr\u00f4le sont adapt\u00e9es \u00e0 vos besoins individuels en fonction de la port\u00e9e et du budget du projet. Nous pouvons fournir des solutions pour le contr\u00f4le complet des processus de l&#039;usine ou des syst\u00e8mes autonomes, quel que soit le fabricant de l&#039;\u00e9quipement. Gr\u00e2ce \u00e0 notre \u00e9quipe d&#039;assistance technique interne disponible 24h\/24 et 7j\/7, vous pouvez \u00eatre s\u00fbr que nous serons l\u00e0 lorsque vous en aurez le plus besoin.<\/p>\n\t\t\t\t\t\t\t\t\t\t<a href=\"https:\/\/onecpm.com\/fr\/about-cpm\/contact-us\/\" target=\"\" class=\"btn\">Connectez-vous avec un expert en automatisation<\/a>\t\t\t<\/div>\n\t\t\t<div class=\"block-video\">\n\t\t\t\t<div class=\"video_wrap\">\n\t\t\t\t\t<a  href=\"https:\/\/www.youtube.com\/watch?v=bFZ7IQjSnIk\"  data-video-id=\"bFZ7IQjSnIk\" aria-label=\"Lire la vid\u00e9o int\u00e9gr\u00e9e\" data-video-source=\"youtube\">\n\t\t\t\t\t\t\t\t\t\t\t<img decoding=\"async\" loading=\"lazy\" src=\"https:\/\/i.ytimg.com\/vi\/bFZ7IQjSnIk\/maxresdefault.jpg\" width=\"640\" height=\"360\" style=\"display: block; width: 100%\" alt=\"\">\n\t\t\t\n\t\t\t\t\t<\/a>\n\t\t\t\t<\/div>\n\t\t\t<\/div>\n\t\t<\/div>\n\t\t\t<\/div>\n\n\t\t\t\t\n\t<\/div>\n\n\n\n\t\n\n\t\t\t\t\t\t\t\n\n<div id=\"block_e17330ffc4b2fffbf10a238bed007558\" class=\"nmc-block nmc-block--tabbed-ctas block-container alignfull\">\n\t\n\t\t\n\t\t\t<div class=\"blockbody\">\n\t\t\t\t\t\n\t<div class=\"block-wrap gray\">\n\t\t<div class=\"bound boundwider\">\n\t\t\t<div class=\"block-intro -mode-gray\">\n\t\t\t\t<div class=\"block-left\">\n\t\t\t\t\t                                                                                                                        <h2 class=\"block-title\">L&#039;efficacit\u00e9 gr\u00e2ce \u00e0 l&#039;automatisation<\/h2>\t\t\t\t\t\t\t\t\t\t\t<div class=\"content\">Nos solutions d\u2019automatisation \u00e9prouv\u00e9es et enti\u00e8rement int\u00e9gr\u00e9es peuvent contribuer \u00e0 rendre vos op\u00e9rations de traitement plus intelligentes. Si vous souhaitez maximiser l\u2019efficacit\u00e9, am\u00e9liorer la s\u00e9curit\u00e9 des employ\u00e9s, optimiser la consommation et la production d\u2019\u00e9nergie, am\u00e9liorer la qualit\u00e9 des produits et pr\u00e9voir la maintenance, l\u2019automatisation est le choix logique. Maintenez le fonctionnement efficace de vos op\u00e9rations, 24 heures sur 24 et 7 jours sur 7, gr\u00e2ce \u00e0 nos solutions d&#039;automatisation et \u00e0 notre assistance.<\/div>\n\t\t\t\t\t\t\t\t\t<\/div>\n\n\t\t\t\t\t\t\t<\/div>\n\n\t\t\t<div class=\"tabs\">\n\t\t\t\t<div class=\"tabs_list\" role=\"tablist\">\n\t\t\t\t\t\t\t\t\t\t\t<button type=\"button\" class=\"tab\" role=\"tab\" aria-controls=\"block_e17330ffc4b2fffbf10a238bed007558-1\" id=\"tab-block_e17330ffc4b2fffbf10a238bed007558-1\" tabindex=\"\">Automatisation des processus<\/button>\n\t\t\t\t\t\t\t\t\t\t\t<button type=\"button\" class=\"tab\" role=\"tab\" aria-controls=\"block_e17330ffc4b2fffbf10a238bed007558-2\" id=\"tab-block_e17330ffc4b2fffbf10a238bed007558-2\" tabindex=\"-1\">Contr\u00f4le des machines<\/button>\n\t\t\t\t\t\t\t\t\t\t\t<button type=\"button\" class=\"tab\" role=\"tab\" aria-controls=\"block_e17330ffc4b2fffbf10a238bed007558-3\" id=\"tab-block_e17330ffc4b2fffbf10a238bed007558-3\" tabindex=\"-1\">CONCEPTION\/FABRICATION DU PANNEAU DE CONTR\u00d4LE<\/button>\n\t\t\t\t\t\t\t\t\t<\/div>\n\n\t\t\t\t<div class=\"tab-content\">\n\n\t\t\t\t\t\t\t\t\t\t\t<div class=\"tab_panel\" tabindex=\"0\" role=\"tabpanel\" id=\"block_e17330ffc4b2fffbf10a238bed007558-1\" >\n\t\t\t\t\t\t\t<div class=\"tab-background\">\n\t\t\t\t\t\t\t\t<div class=\"image\">\n\t\t\t\t\t\t\t\t\t\t\t\t\t\t\t\t\t\t\t\t\t\t\t\t\t\t\t\t\t\t\t\t\t\t\t\t\t\t\t\t\t\t\t\t\t\t\t\t\t\t\t\t\t\t<picture>\n\t\t\t\t\t\t\t\t\t\t<source media=\"(max-width: 499px)\" srcset=\"https:\/\/img.nmcdn.io\/e1\/w:600,h:800,v:1\/cpm\/?s=4383b5a1\">\n\t\t\t\t\t\t\t\t\t\t<source media=\"(max-width: 899px)\" srcset=\"https:\/\/img.nmcdn.io\/e1\/w:1200,h:724,v:1\/cpm\/?s=aa1efeb2\">\n\t\t\t\t\t\t\t\t\t\t<img decoding=\"async\" loading=\"eager\" style=\"aspect-ratio: 1.6578947368421;\" src=\"https:\/\/img.nmcdn.io\/e1\/w:1800,h:1086,v:1\/cpm\/?s=d70b96b8\" width=\"1800\" height=\"1086\" alt=\"\" aria-hidden=\"true\">\n\t\t\t\t\t\t\t\t\t<\/picture>\n\t\t\t\t\t\t\t\t<\/div>\n\t\t\t\t\t\t\t<\/div>\n\t\t\t\t\t\t\t<div class=\"tab-wrap -left\">\n\t\t\t\t\t\t\t\t<div class=\"text -mode-dark\">\n\t\t\t\t\t\t\t\t\t\t\t\t\t\t\t\t\t\t\t<p class=\"is-style-eyebrow-heading\">Automatisation des processus<\/p>\n\t\t\t\t\t\t\t\t\t\t\t\t\t\t\t\t\t\t                                                                                                                                                                                                                                                                                                                                                <h2 class=\"block-title\">Optimisez votre efficacit\u00e9 op\u00e9rationnelle avec nos solutions de processus automatis\u00e9s sur mesure.<\/h2>\t\t\t\t\t\t\t\t\t\t\t\t\t\t\t\t\t\t\t<p>Gr\u00e2ce \u00e0 des solutions d&#039;automatisation des processus pour le traitement par lots, la gestion des recettes, la bios\u00e9curit\u00e9 et bien plus encore, nous pouvons automatiser votre processus depuis la mati\u00e8re premi\u00e8re jusqu&#039;au produit fini. Nos syst\u00e8mes sont con\u00e7us pour s&#039;int\u00e9grer facilement \u00e0 vos syst\u00e8mes de planification des ressources de l&#039;entreprise (ERP) et financiers existants.<\/p>\n<p>Les capacit\u00e9s d&#039;automatisation des processus incluent : la mise en r\u00e9seau OT (technologie op\u00e9rationnelle), les serveurs\/calculs industriels, la virtualisation, les rapports bas\u00e9s sur le cloud, l&#039;int\u00e9gration ERP, l&#039;analyse des donn\u00e9es, les contr\u00f4les PLC\/IHM : r\u00e9ception, broyage, dosage, granulation, chargement, extrusion-composition, pr\u00e9paration, extraction et plus encore.<\/p>\n\n\t\t\t\t\t\t\t\t\t\t\t\t\t\t\t\t\t\t\t\t\t\t\t\t\t\t<\/div>\n\t\t\t\t\t\t\t<\/div>\n\t\t\t\t\t\t<\/div>\n\t\t\t\t\t\t\t\t\t\t\t<div class=\"tab_panel\" tabindex=\"0\" role=\"tabpanel\" id=\"block_e17330ffc4b2fffbf10a238bed007558-2\" hidden=\"\">\n\t\t\t\t\t\t\t<div class=\"tab-background\">\n\t\t\t\t\t\t\t\t<div class=\"image\">\n\t\t\t\t\t\t\t\t\t\t\t\t\t\t\t\t\t\t\t\t\t\t\t\t\t\t\t\t\t\t\t\t\t\t\t\t\t\t\t\t\t\t\t\t\t\t\t\t\t\t\t\t\t\t<picture>\n\t\t\t\t\t\t\t\t\t\t<source media=\"(max-width: 499px)\" srcset=\"https:\/\/img.nmcdn.io\/e1\/w:600,h:800,v:1\/cpm\/wp-content\/uploads\/2024\/07\/aftermarket-automation-tab2-1.jpg?s=2265582a\">\n\t\t\t\t\t\t\t\t\t\t<source media=\"(max-width: 899px)\" srcset=\"https:\/\/img.nmcdn.io\/e1\/w:1200,h:724,v:1\/cpm\/wp-content\/uploads\/2024\/07\/aftermarket-automation-tab2-1.jpg?s=ab74d07b\">\n\t\t\t\t\t\t\t\t\t\t<img decoding=\"async\" loading=\"eager\" style=\"aspect-ratio: 1.6578947368421;\" src=\"https:\/\/img.nmcdn.io\/e1\/w:1800,h:1086,v:1\/cpm\/wp-content\/uploads\/2024\/07\/aftermarket-automation-tab2-1.jpg?s=3d9c11e0\" width=\"1800\" height=\"1086\" alt=\"\" aria-hidden=\"true\">\n\t\t\t\t\t\t\t\t\t<\/picture>\n\t\t\t\t\t\t\t\t<\/div>\n\t\t\t\t\t\t\t<\/div>\n\t\t\t\t\t\t\t<div class=\"tab-wrap -right\">\n\t\t\t\t\t\t\t\t<div class=\"text -mode-dark\">\n\t\t\t\t\t\t\t\t\t\t\t\t\t\t\t\t\t\t\t<p class=\"is-style-eyebrow-heading\">Contr\u00f4le des machines<\/p>\n\t\t\t\t\t\t\t\t\t\t\t\t\t\t\t\t\t\t                                                                                                                                                                                                                                                                                        <h2 class=\"block-title\">Augmentez la production, r\u00e9duisez les co\u00fbts de main-d\u2019\u0153uvre et am\u00e9liorez la s\u00e9curit\u00e9 des employ\u00e9s.<\/h2>\t\t\t\t\t\t\t\t\t\t\t\t\t\t\t\t\t\t\t<p>Nous pouvons vous aider \u00e0 optimiser la s\u00e9curit\u00e9 et l&#039;efficacit\u00e9 de votre \u00e9quipement de traitement industriel existant en garantissant que tous les composants de contr\u00f4le sont \u00e0 jour et en fournissant des commandes op\u00e9rateur intuitives, faciles \u00e0 apprendre et \u00e0 utiliser.<\/p>\n\n\t\t\t\t\t\t\t\t\t\t\t\t\t\t\t\t\t\t\t\t\t\t\t\t\t\t<\/div>\n\t\t\t\t\t\t\t<\/div>\n\t\t\t\t\t\t<\/div>\n\t\t\t\t\t\t\t\t\t\t\t<div class=\"tab_panel\" tabindex=\"0\" role=\"tabpanel\" id=\"block_e17330ffc4b2fffbf10a238bed007558-3\" hidden=\"\">\n\t\t\t\t\t\t\t<div class=\"tab-background\">\n\t\t\t\t\t\t\t\t<div class=\"image\">\n\t\t\t\t\t\t\t\t\t\t\t\t\t\t\t\t\t\t\t\t\t\t\t\t\t\t\t\t\t\t\t\t\t\t\t\t\t\t\t\t\t\t\t\t\t\t\t\t\t\t\t\t\t\t<picture>\n\t\t\t\t\t\t\t\t\t\t<source media=\"(max-width: 499px)\" srcset=\"https:\/\/img.nmcdn.io\/e1\/w:600,h:800,v:1\/cpm\/wp-content\/uploads\/2024\/08\/aftermarket-automation-tab3.jpg?s=28781187\">\n\t\t\t\t\t\t\t\t\t\t<source media=\"(max-width: 899px)\" srcset=\"https:\/\/img.nmcdn.io\/e1\/w:1200,h:724,v:1\/cpm\/wp-content\/uploads\/2024\/08\/aftermarket-automation-tab3.jpg?s=98fa2e52\">\n\t\t\t\t\t\t\t\t\t\t<img decoding=\"async\" loading=\"eager\" style=\"aspect-ratio: 1.6578947368421;\" src=\"https:\/\/img.nmcdn.io\/e1\/w:1800,h:1086,v:1\/cpm\/wp-content\/uploads\/2024\/08\/aftermarket-automation-tab3.jpg?s=058e01de\" width=\"1800\" height=\"1086\" alt=\"\" aria-hidden=\"true\">\n\t\t\t\t\t\t\t\t\t<\/picture>\n\t\t\t\t\t\t\t\t<\/div>\n\t\t\t\t\t\t\t<\/div>\n\t\t\t\t\t\t\t<div class=\"tab-wrap -left\">\n\t\t\t\t\t\t\t\t<div class=\"text -mode-dark\">\n\t\t\t\t\t\t\t\t\t\t\t\t\t\t\t\t\t\t\t<p class=\"is-style-eyebrow-heading\">CONCEPTION\/FABRICATION DU PANNEAU DE CONTR\u00d4LE<\/p>\n\t\t\t\t\t\t\t\t\t\t\t\t\t\t\t\t\t\t                                                                                                                                                                                                                                                                                                                                                                                                                                                                                                                                                                                    <h2 class=\"block-title\">Notre atelier interne de fabrication de panneaux UL508A et notre \u00e9quipe d&#039;ing\u00e9nieurs concepteurs fournissent des solutions de panneaux de contr\u00f4le personnalis\u00e9s sp\u00e9cifiques \u00e0 votre processus et \u00e0 votre environnement.<\/h2>\t\t\t\t\t\t\t\t\t\t\t\t\t\t\t\t\t\t\t<p>Con\u00e7us et fabriqu\u00e9s pour \u00eatre aussi fiables que nos solutions de contr\u00f4le, nos panneaux de contr\u00f4le sont con\u00e7us pour durer plus longtemps que votre \u00e9quipement. Nous pr\u00eatons attention aux plus petits d\u00e9tails pour garantir que votre \u00e9quipement fonctionnera comme pr\u00e9vu pendant des ann\u00e9es. Des panneaux PLC, des panneaux de contr\u00f4le de moteur et des stations d&#039;interface op\u00e9rateur aux simples bo\u00eetes de jonction, nous pouvons personnaliser et construire tout type de panneau dont vous avez besoin.<\/p>\n\n\t\t\t\t\t\t\t\t\t\t\t\t\t\t\t\t\t\t\t\t\t\t\t\t\t\t<\/div>\n\t\t\t\t\t\t\t<\/div>\n\t\t\t\t\t\t<\/div>\n\t\t\t\t\t\t\t\t\t\t\n\t\t\t\t<\/div>\n\t\t\t<\/div>\n\n\t\t\t\n\t\t<\/div>\n\t<\/div>\n\n\t\n\t\t\t<\/div>\n\n\t\t\t\t\n\t<\/div>\n\n\n\n\t\n\n\t\t\t\t\t\t\t\n\n<div id=\"block_1bc52f3d126b7fa31f73d69c71431915\" class=\"nmc-block nmc-block--process-slider block-container alignfull\">\n\t\n\t\t\n\t\t\t<div class=\"blockbody\">\n\t\t\t\t\t<div class=\"bound boundwide\">\n\t\t<div class=\"block-intro\">\n\t\t\t<div class=\"block-intro-left\">\n\t\t\t\t\t\t\t\t\t<p class=\"is-style-eyebrow-heading\">Le processus<\/p>\n\t\t\t\t\t\t\t\t                                                    <h2 class=\"block-title\">Comment \u00e7a fonctionne<\/h2>\t\t\t\t<a href=\"https:\/\/onecpm.com\/fr\/about-cpm\/contact-us\/\" target=\"\" class=\"btn\">R\u00e9servez une consultation gratuite<\/a>\t\t\t<\/div>\n\t\t\t\n\t\t\t\t\t\t\t<p class=\"content\">Qu&#039;il s&#039;agisse d&#039;agrandir, de moderniser les contr\u00f4les ou de construire une nouvelle usine, nos solutions d&#039;automatisation intelligentes peuvent \u00eatre personnalis\u00e9es pour r\u00e9pondre \u00e0 tous les besoins et \u00e0 tous les budgets.<\/p>\n\t\t\t\t\t\t\t\n\t\t<\/div>\n\t\t\n\t<\/div>\n\n\t<div class=\"bound boundwider\">\n\t\t<div id=\"slider-block_1bc52f3d126b7fa31f73d69c71431915-slider\" class=\"nmc-slider scrollable snaps\" data-nmc-slider role=\"region\" aria-label=\"Carrousel d\u2019aper\u00e7u du contenu\">\n\t\t\t\t\t\t\t\n\t\t\t\t\n\t\t\t\t<div class=\"nmc-slide\" role=\"group\" aria-label=\"Diapositive 1 sur 0\" aria-current=\"true\">\n\t\t\t\t\t<div class=\"process-slide\">\n\t\t\t\t\t\t<div class=\"image\">\n\t\t\t\t\t\t\t\n<div class=\"image-auto\" style=\"aspect-ratio: 1400 \/ 759;\">\n\t<picture>\n\t\t<source \n\t\t\tmedia=\"(max-width: 600px)\"\n\t\t\tsrcset=\"https:\/\/img.nmcdn.io\/e1\/w:480,h:261,v:1\/cpm\/wp-content\/uploads\/2024\/07\/Laptop_01-1.png?s=a5129a6a\">\n\t\t<img  loading=\"lazy\"src=\"https:\/\/img.nmcdn.io\/e1\/w:600,h:326,v:1\/cpm\/wp-content\/uploads\/2024\/07\/Laptop_01-1.png?s=87524b77\" width=\"1400\" height=\"759\" alt=\"\">\n\t<\/picture>\n<\/div>\n\t\t\t\t\t\t<\/div>\n\t\t\t\t\t\t<div class=\"content\">\n\t\t\t\t\t\t\t<div class=\"number\">1<\/div>\n\t\t\t\t\t\t\tNous \u00e9valuons votre processus unique pour d\u00e9terminer comment l\u2019automatisation pourrait am\u00e9liorer votre production, votre s\u00e9curit\u00e9 et votre rentabilit\u00e9.\n\t\t\t\t\t\t<\/div>\n\t\t\t\t\t<\/div>\n\t\t\t\t<\/div>\n\t\t\t\t\t\t\t\n\t\t\t\t\n\t\t\t\t<div class=\"nmc-slide\" role=\"group\" aria-label=\"Diapositive 2 sur 0\" >\n\t\t\t\t\t<div class=\"process-slide\">\n\t\t\t\t\t\t<div class=\"image\">\n\t\t\t\t\t\t\t\n<div class=\"image-auto\" style=\"aspect-ratio: 1400 \/ 759;\">\n\t<picture>\n\t\t<source \n\t\t\tmedia=\"(max-width: 600px)\"\n\t\t\tsrcset=\"https:\/\/img.nmcdn.io\/e1\/w:480,h:261,v:1\/cpm\/wp-content\/uploads\/2024\/07\/Laptop_02-1.png?s=6c80dba8\">\n\t\t<img  loading=\"lazy\"src=\"https:\/\/img.nmcdn.io\/e1\/w:600,h:326,v:1\/cpm\/wp-content\/uploads\/2024\/07\/Laptop_02-1.png?s=bdb66f92\" width=\"1400\" height=\"759\" alt=\"\">\n\t<\/picture>\n<\/div>\n\t\t\t\t\t\t<\/div>\n\t\t\t\t\t\t<div class=\"content\">\n\t\t\t\t\t\t\t<div class=\"number\">2<\/div>\n\t\t\t\t\t\t\tNous utilisons notre expertise du secteur pour vous aider \u00e0 identifier les inefficacit\u00e9s et la mani\u00e8re dont les syst\u00e8mes et contr\u00f4les intelligents de CPM Automation peuvent am\u00e9liorer votre processus.\n\t\t\t\t\t\t<\/div>\n\t\t\t\t\t<\/div>\n\t\t\t\t<\/div>\n\t\t\t\t\t\t\t\n\t\t\t\t\n\t\t\t\t<div class=\"nmc-slide\" role=\"group\" aria-label=\"Diapositive 3 sur 0\" >\n\t\t\t\t\t<div class=\"process-slide\">\n\t\t\t\t\t\t<div class=\"image\">\n\t\t\t\t\t\t\t\n<div class=\"image-auto\" style=\"aspect-ratio: 1400 \/ 759;\">\n\t<picture>\n\t\t<source \n\t\t\tmedia=\"(max-width: 600px)\"\n\t\t\tsrcset=\"https:\/\/img.nmcdn.io\/e1\/w:480,h:261,v:1\/cpm\/wp-content\/uploads\/2024\/07\/Laptop_03-1.png?s=abdbc4b6\">\n\t\t<img  loading=\"lazy\"src=\"https:\/\/img.nmcdn.io\/e1\/w:600,h:326,v:1\/cpm\/wp-content\/uploads\/2024\/07\/Laptop_03-1.png?s=63e68340\" width=\"1400\" height=\"759\" alt=\"\">\n\t<\/picture>\n<\/div>\n\t\t\t\t\t\t<\/div>\n\t\t\t\t\t\t<div class=\"content\">\n\t\t\t\t\t\t\t<div class=\"number\">3<\/div>\n\t\t\t\t\t\t\tNous vous aidons \u00e0 visualiser et \u00e0 comprendre vos donn\u00e9es pour vous donner la confiance n\u00e9cessaire pour prendre des d\u00e9cisions en temps r\u00e9el.\n\t\t\t\t\t\t<\/div>\n\t\t\t\t\t<\/div>\n\t\t\t\t<\/div>\n\t\t\t\t\t<\/div>\n\n\t\t<div class=\"slider-nav-wrap\">\n\t\t\t\n\t\t\t<ul class=\"nmc-dots\">\n\t\t\t<button type=\"button\" class=\"slider-nav prev\" aria-label=\"Diapositive pr\u00e9c\u00e9dente\" data-nmc-slider-target=\"#slider-block_1bc52f3d126b7fa31f73d69c71431915-slider\" data-nmc-slider-action=\"prev\"><svg xmlns=\"http:\/\/www.w3.org\/2000\/svg\" width=\"17\" height=\"28\" viewbox=\"0 0 17 28\" role=\"img\" aria-hidden=\"true\" focusable=\"false\"><path d=\"M.1 14.4a.5.5 0 0 1 0-.7L13.7 0h.7l1.8 2c.2.2.2.5 0 .7L4.8 14l11 11.1c.4.4.4 1 0 1.4l-1 1a1 1 0 0 1-1.5 0L.1 14.5Z\"\/><\/svg><\/button>\n\t\t\t\t\t\t\t\t\t<li class=\"active\">\n\t\t\t\t\t\t<button type=\"button\" id=\"slider-1-dot-1\" aria-controls=\"slider-block_1bc52f3d126b7fa31f73d69c71431915-slider-1\" class=\"jumpbutton active\" data-nmc-slider-target=\"#slider-block_1bc52f3d126b7fa31f73d69c71431915-slider\" aria-label=\"Allez \u00e0 la diapositive 1 de \" data-nmc-slider-action=\"slide-1\">1<\/button>\n\t\t\t\t\t<\/li>\n\t\t\t\t\t\t\t\t\t<li class=\"\">\n\t\t\t\t\t\t<button type=\"button\" id=\"slider-1-dot-2\" aria-controls=\"slider-block_1bc52f3d126b7fa31f73d69c71431915-slider-2\" class=\"jumpbutton\" data-nmc-slider-target=\"#slider-block_1bc52f3d126b7fa31f73d69c71431915-slider\" aria-label=\"Allez \u00e0 la diapositive 2 de \" data-nmc-slider-action=\"slide-2\">2<\/button>\n\t\t\t\t\t<\/li>\n\t\t\t\t\t\t\t\t\t<li class=\"\">\n\t\t\t\t\t\t<button type=\"button\" id=\"slider-1-dot-3\" aria-controls=\"slider-block_1bc52f3d126b7fa31f73d69c71431915-slider-3\" class=\"jumpbutton\" data-nmc-slider-target=\"#slider-block_1bc52f3d126b7fa31f73d69c71431915-slider\" aria-label=\"Allez \u00e0 la diapositive 3 de \" data-nmc-slider-action=\"slide-3\">3<\/button>\n\t\t\t\t\t<\/li>\n\t\t\t\t\t\t\t\t<button type=\"button\" class=\"slider-nav next\" aria-label=\"Diapositive suivante\" data-nmc-slider-target=\"#slider-block_1bc52f3d126b7fa31f73d69c71431915-slider\" data-nmc-slider-action=\"next\"><svg xmlns=\"http:\/\/www.w3.org\/2000\/svg\" width=\"17\" height=\"28\" viewbox=\"0 0 17 28\" role=\"img\" aria-hidden=\"true\" focusable=\"false\"><path d=\"M16.2 14.4c.2-.2.2-.5 0-.7L2.6 0a.5.5 0 0 0-.7 0L.1 2v.7L11.5 14 .5 25.1a1 1 0 0 0 0 1.4l1 1c.5.5 1.1.5 1.5 0l13.2-13.1Z\"\/><\/svg><\/button>\n\t\t\t<\/ul>\n\t\t\t\n\t\t<\/div>\n\t<\/div>\n\n\t\t\t<\/div>\n\n\t\t\t\t\n\t<\/div>\n\n\n\n\t\n\n\t\t\t\t\t\t\t\n\n<div id=\"block_888850c54f210ba517a6bea727d90eca\" class=\"nmc-block nmc-block--story-cta block-container alignfull\">\n\t\n\t\t\n\t\t\t<div class=\"blockbody\">\n\t\t\t\t<div class=\"bound boundfull\">\n\t<div class=\"story-wrap -mode-dark\">\n\t\t<div class=\"story-background\">\n\t\t\t<div class=\"image\">\n\t\t\t\t\t\t\t\t\n<picture>\n\t<source srcset=\"https:\/\/img.nmcdn.io\/e1\/w:900,h:600,v:1\/cpm\/wp-content\/uploads\/2024\/03\/solutions-animalfeed-hero.jpg?s=a5b651b3\" width=\"900\" height=\"600\" media=\"(max-width: 900px)\" type=\"image\/webp\">\n\t<source srcset=\"https:\/\/img.nmcdn.io\/e1\/w:900,h:600,v:1\/cpm\/wp-content\/uploads\/2024\/03\/solutions-animalfeed-hero.jpg?s=a5b651b3\" width=\"900\" height=\"600\" media=\"(max-width: 900px)\">\n\t<source srcset=\"https:\/\/img.nmcdn.io\/e1\/w:1256,h:615,v:1\/cpm\/wp-content\/uploads\/2024\/03\/solutions-animalfeed-hero.jpg?s=433aacd2\" type=\"image\/webp\">\n\t<img loading=\"lazy\" decoding=\"async\" src=\"https:\/\/img.nmcdn.io\/e1\/w:1256,h:615,v:1\/cpm\/wp-content\/uploads\/2024\/03\/solutions-animalfeed-hero.jpg?s=433aacd2\" width=\"1256\" height=\"615\" alt=\"\">\n<\/picture>\n\t\t\t<\/div>\n\t\t<\/div>\n\t\t<div class=\"story-content\">\n\t\t\t<div class=\"supheading\">Pleins feux sur les solutions<\/div>\n\t\t\t<div class=\"content\">\n\t\t\t\t                                                                                                                                                                                                                                        <h2 class=\"block-title\">L\u2019automatisation CPM permet une production d\u2019aliments plus efficace<\/h2>\t\t\t\t\t\t\t\t<a href=\"https:\/\/onecpm.com\/fr\/success-story\/adding-sustainability-to-animal-feed-production-with-recycling-efficiency-recapture\/\" target=\"\" class=\"btn -non-btn\">Continue de lire <svg xmlns=\"http:\/\/www.w3.org\/2000\/svg\" width=\"17\" height=\"12\" viewbox=\"0 0 17 12\" fill=\"none\" role=\"img\" aria-hidden=\"true\" focusable=\"false\"><title>arrow<\/title>\n<path fill-rule=\"evenodd\" clip-rule=\"evenodd\" d=\"M13.9176 6.28571L8.65133 10.5863L9.42733 11.4286L16.3999 5.71429L9.41476 0L8.65362 0.860571L13.9153 5.14286L0.399902 5.14286L0.399902 6.28571L13.9176 6.28571Z\" fill=\"white\"\/>\n<\/svg><span class=\"sr\"> \u00c0 propos de CPM L&#039;automatisation permet une production d&#039;aliments plus efficace<\/span><\/a>\n\t\t\t<\/div>\n\t\t<\/div>\n\t<\/div>\n<\/div>\n\t\t\t<\/div>\n\n\t\t\t\t\n\t<\/div>\n\n\n\n\t\n\n\t\t\t\t\t\t\t\n\t\n<div id=\"block_f9a85162f334c34b77555dad01c14c05\" class=\"nmc-block nmc-block--split block-container alignfull -Width alignfull\">\n\t\n\t\t\n\t\t\t<div class=\"blockbody\">\n\t\t\t\t\t<div class=\"bound boundwider\">\n\t\t\n\n<div class=\"split-half\">\n\t<div class=\"split-half-content\">\n\n\t\t\n\n<div class=\"split-half-image\">\n\t\t\t\t\t\t\t\t\t\t<picture>\n\t\t<source media=\"(max-width: 400px)\" srcset=\"https:\/\/img.nmcdn.io\/e1\/w:500,h:530,v:1\/cpm\/wp-content\/uploads\/2024\/07\/aftermarket-automation-CTA.jpg?s=46d038b0\">\n\t\t<img decoding=\"async\" loading=\"lazy\" style=\"aspect-ratio: 0.94339622641509;\" src=\"https:\/\/img.nmcdn.io\/e1\/w:800,h:848,v:1\/cpm\/wp-content\/uploads\/2024\/07\/aftermarket-automation-CTA.jpg?s=89fd60e0\" width=\"800\" height=\"848\" alt=\"Automation Aftermarket\">\n\t<\/picture>\n<\/div>\n\n\n\t\t\n\t<\/div>\n<\/div>\n\n\n<div class=\"split-half\">\n\t<div class=\"split-half-content\">\n\n\t\t\n\n<p class=\"is-style-eyebrow-heading\">Contactez-nous<\/p>\n\n\n\n<h2 class=\"wp-block-heading\"><strong>Obtenez le maximum<\/strong> hors de votre \u00e9quipement CPM<\/h2>\n\n\n\n<p>Notre \u00e9quipement est con\u00e7u pour durer toute la vie, et avec le soutien appropri\u00e9, il le sera. Notre \u00e9quipe d&#039;automatisation peut vous aider \u00e0 moderniser, mettre \u00e0 jour et rendre votre \u00e9quipement plus efficace que jamais, en vous assurant que vous pouvez mesurer la dur\u00e9e de vie de votre \u00e9quipement en d\u00e9cennies.<\/p>\n\n\n\n\n\n\t\t\t\t\n\n<div class=\"nmc-block nmc-block--buttons\" id=\"block_b20bfbd65dd6a346bb0427b5ce54c3bd\">\n\t<div class=\"blockbody\">\n\t\n\t\t\t\t\t\t\n\t\t<a href=\"https:\/\/onecpm.com\/fr\/about-cpm\/contact-us\/\" class=\"btn -btn\" >Parlons<\/a>\n\t\t<\/div>\n<\/div>\n\n\t\t\n\t<\/div>\n<\/div>\n\n\t<\/div>\n\t\t\t<\/div>\n\n\t\t\t\t\n\t<\/div>","protected":false},"excerpt":{"rendered":"","protected":false},"author":1,"featured_media":0,"parent":0,"menu_order":0,"comment_status":"closed","ping_status":"closed","template":"","meta":{"_acf_changed":false,"footnotes":""},"class_list":["post-1490","page","type-page","status-publish","hentry"],"acf":[],"_links":{"self":[{"href":"https:\/\/onecpm.com\/fr\/wp-json\/wp\/v2\/pages\/1490","targetHints":{"allow":["GET"]}}],"collection":[{"href":"https:\/\/onecpm.com\/fr\/wp-json\/wp\/v2\/pages"}],"about":[{"href":"https:\/\/onecpm.com\/fr\/wp-json\/wp\/v2\/types\/page"}],"author":[{"embeddable":true,"href":"https:\/\/onecpm.com\/fr\/wp-json\/wp\/v2\/users\/1"}],"replies":[{"embeddable":true,"href":"https:\/\/onecpm.com\/fr\/wp-json\/wp\/v2\/comments?post=1490"}],"version-history":[{"count":43,"href":"https:\/\/onecpm.com\/fr\/wp-json\/wp\/v2\/pages\/1490\/revisions"}],"predecessor-version":[{"id":10984,"href":"https:\/\/onecpm.com\/fr\/wp-json\/wp\/v2\/pages\/1490\/revisions\/10984"}],"wp:attachment":[{"href":"https:\/\/onecpm.com\/fr\/wp-json\/wp\/v2\/media?parent=1490"}],"curies":[{"name":"wp","href":"https:\/\/api.w.org\/{rel}","templated":true}]}}