{"id":3566,"date":"2024-06-12T16:41:31","date_gmt":"2024-06-12T16:41:31","guid":{"rendered":"https:\/\/cpm.epicenter1.com\/?page_id=3566"},"modified":"2025-06-24T23:22:16","modified_gmt":"2025-06-24T23:22:16","slug":"field-services","status":"publish","type":"page","link":"https:\/\/onecpm.com\/fr\/aftermarket-service\/field-services","title":{"rendered":"Services sur le terrain"},"content":{"rendered":"<div id=\"block_643cab5273f7c016585a0010b5aaa84c\" class=\"nmc-block nmc-block--masthead-aftermarket block-container alignfull -mode-dark\">\n\t\n\t\t\n\t\t\t<div class=\"blockbody\">\n\t\t\t\t<div class=\"masthead-media -overlay\">\n\t\t<div class=\"image\">\n\t\t\t\t\t\t\t\t\t\t\t\t<picture>\n\t\t\t<source media=\"(max-width: 499px)\" srcset=\"https:\/\/img.nmcdn.io\/e1\/w:600,h:338,v:1\/cpm\/wp-content\/uploads\/2024\/08\/aftermarket-fieldservices-hero.jpg?s=3b3a1dce\">\n\t\t\t<source media=\"(max-width: 899px)\" srcset=\"https:\/\/img.nmcdn.io\/e1\/w:1200,h:675,v:1\/cpm\/wp-content\/uploads\/2024\/08\/aftermarket-fieldservices-hero.jpg?s=0505667a\">\n\t\t\t<img fetchpriority=\"high\" decoding=\"async\" loading=\"eager\" style=\"aspect-ratio: 1.7777777777778;\" src=\"https:\/\/img.nmcdn.io\/e1\/w:1800,h:1013,v:1\/cpm\/wp-content\/uploads\/2024\/08\/aftermarket-fieldservices-hero.jpg?s=2fb9ef7d\" width=\"1800\" height=\"1013\" alt=\"\" aria-hidden=\"true\">\n\t\t<\/picture>\n\t<\/div>\n\t\t\n<\/div>\n<div class=\"bound boundwider\">\n\t<div class=\"masthead-content\">\n\t\t<p class=\"is-style-eyebrow-heading\">March\u00e9 secondaire et service<\/strong><\/p>\n\t\t<h1 class=\"page-title translation-block\"><strong>Services<\/strong> sur le terrain<\/h1>\n\t\t\t\t\t<\/div>\n<\/div>\n\n<script>\n(function(){\n\tdocument.documentElement.classList.add('-transparent-header');\n})();\n<\/script>\n\t\t\t<\/div>\n\n\t\t\t\t\n\t<\/div>\n\n\n\n\n\n\t\n\n\t\t\t\t\t\t\t\n\n<div id=\"block_3d7f38e16169c301ddef67a191dd270d\" class=\"nmc-block nmc-block--intro-complex block-container alignfull\">\n\t\n\t\t\n\t\t\t<div class=\"blockbody\">\n\t\t\t\t\n\t<div class=\"wrap\">\n\t\t<div class=\"block-intro\">\n\t\t\t\t\t\t\t<p class=\"is-style-eyebrow-heading\">Aper\u00e7u<\/p>\n\t\t\t\t\t\t\t\t\t\t                                                                                            <h2 class=\"block-title translation-block\"><strong>Services<\/strong> sur le terrain<\/h2>\t\t\t\t\t\t\t\t\t<div class=\"text\">\n\t\t\t\t<p>Une visite sur place du CPM am\u00e9liorera votre fonctionnement. Notre service sur le terrain et nos audits sur site peuvent vous aider \u00e0 optimiser votre op\u00e9ration. Que vous poss\u00e9diez votre \u00e9quipement depuis six mois ou 30 ans, nos experts sont l\u00e0 pour vous. Des broyeurs \u00e0 granul\u00e9s aux m\u00e9langeurs en passant par chaque pi\u00e8ce de machinerie CPM entre les deux, faites appel \u00e0 nous pour des inspections d&#039;usure, des audits de service, de l&#039;aide pour le remplacement de pi\u00e8ces et toute autre assistance dont vous avez besoin.<\/p>\n<p>Notre \u00e9quipe d&#039;experts en processus, d&#039;ing\u00e9nieurs d&#039;applications et de techniciens de service travaillera avec vous pour garantir que vous tirez le meilleur parti de votre \u00e9quipement CPM, en am\u00e9liorant les performances et l&#039;efficacit\u00e9, afin d&#039;am\u00e9liorer vos r\u00e9sultats.<\/p>\n\t\t\t<\/div>\n\t\t\t\n\t\t\t\t\t\t\t<a href=\"https:\/\/onecpm.com\/fr\/about-cpm\/contact-us\/\" class=\"btn -non-btn\" >Entrer en contact<svg xmlns=\"http:\/\/www.w3.org\/2000\/svg\" width=\"17\" height=\"12\" viewbox=\"0 0 17 12\" fill=\"none\" role=\"img\" aria-hidden=\"true\" focusable=\"false\"><title>arrow<\/title>\n<path fill-rule=\"evenodd\" clip-rule=\"evenodd\" d=\"M13.9176 6.28571L8.65133 10.5863L9.42733 11.4286L16.3999 5.71429L9.41476 0L8.65362 0.860571L13.9153 5.14286L0.399902 5.14286L0.399902 6.28571L13.9176 6.28571Z\" fill=\"white\"\/>\n<\/svg><\/a>\t\t\t\t\t<\/div>\n\n\t\t<div class=\"image\">\n\t\t\t\n<div class=\"image-auto\" style=\"aspect-ratio: 1400 \/ 1722;\">\n\t<picture>\n\t\t<source \n\t\t\tmedia=\"(max-width: 600px)\"\n\t\t\tsrcset=\"https:\/\/img.nmcdn.io\/e1\/w:480,h:591,v:1\/cpm\/wp-content\/uploads\/2025\/04\/Coupling-installation.jpg?s=538422e5\">\n\t\t<img  loading=\"lazy\"src=\"https:\/\/img.nmcdn.io\/e1\/w:600,h:738,v:1\/cpm\/wp-content\/uploads\/2025\/04\/Coupling-installation.jpg?s=b8242f6a\" width=\"1400\" height=\"1722\" alt=\"\">\n\t<\/picture>\n<\/div>\n\n\t\t\t\t\t\t\t<div class=\"quote-slider\">\n\t\t\t\t\t\t\t\t\t\t<div id=\"slider-block_3d7f38e16169c301ddef67a191dd270d-slider\" class=\"nmc-slider scrollable snaps\" data-nmc-slider data-nmc-slider-loop role=\"region\" aria-label=\"Carrousel d\u2019aper\u00e7u du contenu\">\n\t\t\t\t\t\t\t\t\t\t\t\t\t<div class=\"nmc-slide\" role=\"group\" aria-label=\"Diapositive 1 de \" aria-current=\"true\">\n\t\t\t\t\t\t\t\t<div class=\"quote-wrap\">\n\t\t\t\t\t\t\t\t\t<div class=\"quote\">\n\t\t\t\t\t\t\t\t\t\tIls ont des produits de qualit\u00e9 et l\u2019int\u00e9grit\u00e9 n\u00e9cessaire pour les soutenir. Ils ne sont qu&#039;\u00e0 un coup de t\u00e9l\u00e9phone.\n\t\t\t\t\t\t\t\t\t<\/div>\n\t\t\t\t\t\t\t\t\t<div class=\"source\">Emory Forrester, directeur de la meunerie d&#039;aliments pour animaux chez Fieldale Farms<\/div>\t\t\t\t\t\t\t\t<\/div>\n\t\t\t\t\t\t\t<\/div>\n\t\t\t\t\t\t\t\t\t\t\t<\/div>\n\t\t\t\t<\/div>\n\n\t\t\t\t\t<\/div>\n\t<\/div>\n\n\t\t\t<\/div>\n\n\t\t\t\t\n\t<\/div>\n\n\n\n\t\n\n\t\t\t\t\t\t\t\n\n<div id=\"block_578d6f7e35bd3d7c5c45888169141b13\" class=\"nmc-block nmc-block--tabbed-ctas block-container alignfull\">\n\t\n\t\t\n\t\t\t<div class=\"blockbody\">\n\t\t\t\t\t\n\t<div class=\"block-wrap gray\">\n\t\t<div class=\"bound boundwider\">\n\t\t\t<div class=\"block-intro -mode-gray\">\n\t\t\t\t<div class=\"block-left\">\n\t\t\t\t\t                                                                        <h2 class=\"block-title translation-block\">Assistance <strong>permanente<\/strong><\/h2>\t\t\t\t\t\t\t\t\t\t\t<div class=\"content\">Chez CPM, nous nous engageons \u00e0 garantir que votre \u00e9quipement et vos op\u00e9rations fonctionnent de mani\u00e8re optimale. Du d\u00e9marrage de l&#039;usine au d\u00e9pannage, en passant par les mises \u00e0 niveau, la maintenance et bien plus encore, notre \u00e9quipe de services sur le terrain est pr\u00eate \u00e0 intervenir et \u00e0 vous aider sur des sites partout dans le monde.<\/div>\n\t\t\t\t\t\t\t\t\t<\/div>\n\n\t\t\t\t\t\t\t<\/div>\n\n\t\t\t<div class=\"tabs\">\n\t\t\t\t<div class=\"tabs_list\" role=\"tablist\">\n\t\t\t\t\t\t\t\t\t\t\t<button type=\"button\" class=\"tab\" role=\"tab\" aria-controls=\"block_578d6f7e35bd3d7c5c45888169141b13-1\" id=\"tab-block_578d6f7e35bd3d7c5c45888169141b13-1\" tabindex=\"\">Pi\u00e8ces et fournitures <\/button>\n\t\t\t\t\t\t\t\t\t\t\t<button type=\"button\" class=\"tab\" role=\"tab\" aria-controls=\"block_578d6f7e35bd3d7c5c45888169141b13-2\" id=\"tab-block_578d6f7e35bd3d7c5c45888169141b13-2\" tabindex=\"-1\">Mises \u00e0 niveau et reconditionnement<\/button>\n\t\t\t\t\t\t\t\t\t\t\t<button type=\"button\" class=\"tab\" role=\"tab\" aria-controls=\"block_578d6f7e35bd3d7c5c45888169141b13-3\" id=\"tab-block_578d6f7e35bd3d7c5c45888169141b13-3\" tabindex=\"-1\">Entrainement sur place<\/button>\n\t\t\t\t\t\t\t\t\t<\/div>\n\n\t\t\t\t<div class=\"tab-content\">\n\n\t\t\t\t\t\t\t\t\t\t\t<div class=\"tab_panel\" tabindex=\"0\" role=\"tabpanel\" id=\"block_578d6f7e35bd3d7c5c45888169141b13-1\" >\n\t\t\t\t\t\t\t<div class=\"tab-background\">\n\t\t\t\t\t\t\t\t<div class=\"image\">\n\t\t\t\t\t\t\t\t\t\t\t\t\t\t\t\t\t\t\t\t\t\t\t\t\t\t\t\t\t\t\t\t\t\t\t\t\t\t\t\t\t\t\t\t\t\t\t\t\t\t\t\t\t\t<picture>\n\t\t\t\t\t\t\t\t\t\t<source media=\"(max-width: 499px)\" srcset=\"https:\/\/img.nmcdn.io\/e1\/w:600,h:800,v:1\/cpm\/wp-content\/uploads\/2024\/07\/aftermarket-fieldservices-tab1-1.jpg?s=e04b46c9\">\n\t\t\t\t\t\t\t\t\t\t<source media=\"(max-width: 899px)\" srcset=\"https:\/\/img.nmcdn.io\/e1\/w:1200,h:724,v:1\/cpm\/wp-content\/uploads\/2024\/07\/aftermarket-fieldservices-tab1-1.jpg?s=eba7f784\">\n\t\t\t\t\t\t\t\t\t\t<img decoding=\"async\" loading=\"eager\" style=\"aspect-ratio: 1.6578947368421;\" src=\"https:\/\/img.nmcdn.io\/e1\/w:1800,h:1086,v:1\/cpm\/wp-content\/uploads\/2024\/07\/aftermarket-fieldservices-tab1-1.jpg?s=fc7d4001\" width=\"1800\" height=\"1086\" alt=\"\" aria-hidden=\"true\">\n\t\t\t\t\t\t\t\t\t<\/picture>\n\t\t\t\t\t\t\t\t<\/div>\n\t\t\t\t\t\t\t<\/div>\n\t\t\t\t\t\t\t<div class=\"tab-wrap -left\">\n\t\t\t\t\t\t\t\t<div class=\"text -mode-dark\">\n\t\t\t\t\t\t\t\t\t\t\t\t\t\t\t\t\t\t\t<p class=\"is-style-eyebrow-heading\">Pi\u00e8ces et fournitures <\/p>\n\t\t\t\t\t\t\t\t\t\t\t\t\t\t\t\t\t\t                                                                    <h2 class=\"block-title\">Audits d&#039;\u00e9quipement<\/h2>\t\t\t\t\t\t\t\t\t\t\t\t\t\t\t\t\t\t\t<p>Notre \u00e9quipe d&#039;ing\u00e9nieurs d&#039;application et de techniciens de service travaillera avec vous pour garantir que vous tiriez le meilleur parti de votre \u00e9quipement CPM, am\u00e9liorant ainsi les performances et l&#039;efficacit\u00e9, afin d&#039;am\u00e9liorer vos r\u00e9sultats.<\/p>\n<p>Nos audits de machines comprennent une inspection visuelle compl\u00e8te de la machine et sont personnalis\u00e9s en fonction de votre type d&#039;\u00e9quipement. Int\u00e9grez le CPM \u00e0 votre programme de maintenance pr\u00e9ventive pour favoriser la disponibilit\u00e9 de votre op\u00e9ration de traitement.<\/p>\n\n\t\t\t\t\t\t\t\t\t\t\t\t\t\t\t\t\t\t\t\t\t\t\t\t\t\t<\/div>\n\t\t\t\t\t\t\t<\/div>\n\t\t\t\t\t\t<\/div>\n\t\t\t\t\t\t\t\t\t\t\t<div class=\"tab_panel\" tabindex=\"0\" role=\"tabpanel\" id=\"block_578d6f7e35bd3d7c5c45888169141b13-2\" hidden=\"\">\n\t\t\t\t\t\t\t<div class=\"tab-background\">\n\t\t\t\t\t\t\t\t<div class=\"image\">\n\t\t\t\t\t\t\t\t\t\t\t\t\t\t\t\t\t\t\t\t\t\t\t\t\t\t\t\t\t\t\t\t\t\t\t\t\t\t\t\t\t\t\t\t\t\t\t\t\t\t\t\t\t\t<picture>\n\t\t\t\t\t\t\t\t\t\t<source media=\"(max-width: 499px)\" srcset=\"https:\/\/img.nmcdn.io\/e1\/w:600,h:800,v:1\/cpm\/wp-content\/uploads\/2024\/07\/aftermarket-fieldservices-tab2.jpg?s=2955ca4f\">\n\t\t\t\t\t\t\t\t\t\t<source media=\"(max-width: 899px)\" srcset=\"https:\/\/img.nmcdn.io\/e1\/w:1200,h:724,v:1\/cpm\/wp-content\/uploads\/2024\/07\/aftermarket-fieldservices-tab2.jpg?s=0b398529\">\n\t\t\t\t\t\t\t\t\t\t<img decoding=\"async\" loading=\"eager\" style=\"aspect-ratio: 1.6578947368421;\" src=\"https:\/\/img.nmcdn.io\/e1\/w:1800,h:1086,v:1\/cpm\/wp-content\/uploads\/2024\/07\/aftermarket-fieldservices-tab2.jpg?s=5b8f6a21\" width=\"1800\" height=\"1086\" alt=\"\" aria-hidden=\"true\">\n\t\t\t\t\t\t\t\t\t<\/picture>\n\t\t\t\t\t\t\t\t<\/div>\n\t\t\t\t\t\t\t<\/div>\n\t\t\t\t\t\t\t<div class=\"tab-wrap -right\">\n\t\t\t\t\t\t\t\t<div class=\"text -mode-dark\">\n\t\t\t\t\t\t\t\t\t\t\t\t\t\t\t\t\t\t\t<p class=\"is-style-eyebrow-heading\">Mises \u00e0 niveau et reconditionnement<\/p>\n\t\t\t\t\t\t\t\t\t\t\t\t\t\t\t\t\t\t                                                                                                                                                                    <h2 class=\"block-title\">Rendez l&#039;\u00e9quipement dont vous disposez encore meilleur.<\/h2>\t\t\t\t\t\t\t\t\t\t\t\t\t\t\t\t\t\t\t<p>Notre \u00e9quipe de services sur le terrain peut venir sur place pour vous aider \u00e0 planifier, ex\u00e9cuter et optimiser les projets de mise \u00e0 niveau et de remise \u00e0 neuf de votre \u00e9quipement. Laissez-nous vous aider \u00e0 moderniser votre \u00e9quipement pour un fonctionnement meilleur, plus rapide et plus automatis\u00e9.<\/p>\n\n\t\t\t\t\t\t\t\t\t\t\t\t\t\t\t\t\t\t\t\t\t\t\t\t\t\t<\/div>\n\t\t\t\t\t\t\t<\/div>\n\t\t\t\t\t\t<\/div>\n\t\t\t\t\t\t\t\t\t\t\t<div class=\"tab_panel\" tabindex=\"0\" role=\"tabpanel\" id=\"block_578d6f7e35bd3d7c5c45888169141b13-3\" hidden=\"\">\n\t\t\t\t\t\t\t<div class=\"tab-background\">\n\t\t\t\t\t\t\t\t<div class=\"image\">\n\t\t\t\t\t\t\t\t\t\t\t\t\t\t\t\t\t\t\t\t\t\t\t\t\t\t\t\t\t\t\t\t\t\t\t\t\t\t\t\t\t\t\t\t\t\t\t\t\t\t\t\t\t\t<picture>\n\t\t\t\t\t\t\t\t\t\t<source media=\"(max-width: 499px)\" srcset=\"https:\/\/img.nmcdn.io\/e1\/w:600,h:800,v:1\/cpm\/wp-content\/uploads\/2024\/07\/aftermarket-fieldservices-tab3.jpg?s=edc28b3e\">\n\t\t\t\t\t\t\t\t\t\t<source media=\"(max-width: 899px)\" srcset=\"https:\/\/img.nmcdn.io\/e1\/w:1200,h:724,v:1\/cpm\/wp-content\/uploads\/2024\/07\/aftermarket-fieldservices-tab3.jpg?s=763e12f5\">\n\t\t\t\t\t\t\t\t\t\t<img decoding=\"async\" loading=\"eager\" style=\"aspect-ratio: 1.6578947368421;\" src=\"https:\/\/img.nmcdn.io\/e1\/w:1800,h:1086,v:1\/cpm\/wp-content\/uploads\/2024\/07\/aftermarket-fieldservices-tab3.jpg?s=022836bf\" width=\"1800\" height=\"1086\" alt=\"\" aria-hidden=\"true\">\n\t\t\t\t\t\t\t\t\t<\/picture>\n\t\t\t\t\t\t\t\t<\/div>\n\t\t\t\t\t\t\t<\/div>\n\t\t\t\t\t\t\t<div class=\"tab-wrap -left\">\n\t\t\t\t\t\t\t\t<div class=\"text -mode-dark\">\n\t\t\t\t\t\t\t\t\t\t\t\t\t\t\t\t\t\t\t<p class=\"is-style-eyebrow-heading\">Entrainement sur place<\/p>\n\t\t\t\t\t\t\t\t\t\t\t\t\t\t\t\t\t\t                                                                                                                                            <h2 class=\"block-title\">Formation en personne pour votre \u00e9quipe.<\/h2>\t\t\t\t\t\t\t\t\t\t\t\t\t\t\t\t\t\t\t<p>Que vous ayez une \u00e9quipe compos\u00e9e de v\u00e9t\u00e9rans ou de nouveaux op\u00e9rateurs, notre \u00e9quipe de services sur le terrain peut fournir une formation sur site qui am\u00e9liore ses capacit\u00e9s pour les aider \u00e0 tirer le meilleur parti de leur \u00e9quipement et de leurs processus.<\/p>\n\n\t\t\t\t\t\t\t\t\t\t\t\t\t\t\t\t\t\t\t\t\t\t\t\t\t\t<\/div>\n\t\t\t\t\t\t\t<\/div>\n\t\t\t\t\t\t<\/div>\n\t\t\t\t\t\t\t\t\t\t\n\t\t\t\t<\/div>\n\t\t\t<\/div>\n\n\t\t\t\n\t\t<\/div>\n\t<\/div>\n\n\t\n\t\t\t<\/div>\n\n\t\t\t\t\n\t<\/div>\n\n\n\n\t\n\n\t\t\t\t\t\t\t\n\n<div id=\"block_17fa22baebf22f229abf27e170fae43d\" class=\"nmc-block nmc-block--story-cta block-container alignfull\">\n\t\n\t\t\n\t\t\t<div class=\"blockbody\">\n\t\t\t\t<div class=\"bound boundfull\">\n\t<div class=\"story-wrap -mode-dark\">\n\t\t<div class=\"story-background\">\n\t\t\t<div class=\"image\">\n\t\t\t\t\t\t\t\t\n<picture>\n\t<source srcset=\"https:\/\/img.nmcdn.io\/e1\/w:900,h:600,v:1\/cpm\/wp-content\/uploads\/imported-files\/news-building-equipment-lifetime-california-pellet-mill.jpg?s=9655c320\" width=\"900\" height=\"600\" media=\"(max-width: 900px)\" type=\"image\/webp\">\n\t<source srcset=\"https:\/\/img.nmcdn.io\/e1\/w:900,h:600,v:1\/cpm\/wp-content\/uploads\/imported-files\/news-building-equipment-lifetime-california-pellet-mill.jpg?s=9655c320\" width=\"900\" height=\"600\" media=\"(max-width: 900px)\">\n\t<source srcset=\"https:\/\/img.nmcdn.io\/e1\/w:1256,h:615,v:1\/cpm\/wp-content\/uploads\/imported-files\/news-building-equipment-lifetime-california-pellet-mill.jpg?s=2280a070\" type=\"image\/webp\">\n\t<img loading=\"lazy\" decoding=\"async\" src=\"https:\/\/img.nmcdn.io\/e1\/w:1256,h:615,v:1\/cpm\/wp-content\/uploads\/imported-files\/news-building-equipment-lifetime-california-pellet-mill.jpg?s=2280a070\" width=\"1256\" height=\"615\" alt=\"building equipment news\">\n<\/picture>\n\t\t\t<\/div>\n\t\t<\/div>\n\t\t<div class=\"story-content\">\n\t\t\t<div class=\"supheading\">Pleins feux sur les solutions<\/div>\n\t\t\t<div class=\"content\">\n\t\t\t\t                                                                                                                                                                                                                        <h2 class=\"block-title\">Construire et soutenir un \u00e9quipement qui dure toute une vie<\/h2>\t\t\t\t\t\t\t\t<a href=\"https:\/\/onecpm.com\/fr\/success-story\/building-supporting-equipment-that-lasts-a-lifetime\/\" target=\"\" class=\"btn -non-btn\">Continue de lire <svg xmlns=\"http:\/\/www.w3.org\/2000\/svg\" width=\"17\" height=\"12\" viewbox=\"0 0 17 12\" fill=\"none\" role=\"img\" aria-hidden=\"true\" focusable=\"false\"><title>arrow<\/title>\n<path fill-rule=\"evenodd\" clip-rule=\"evenodd\" d=\"M13.9176 6.28571L8.65133 10.5863L9.42733 11.4286L16.3999 5.71429L9.41476 0L8.65362 0.860571L13.9153 5.14286L0.399902 5.14286L0.399902 6.28571L13.9176 6.28571Z\" fill=\"white\"\/>\n<\/svg><span class=\"sr\"> \u00e0 propos de la construction et de l&#039;entretien d&#039;\u00e9quipements qui durent toute une vie<\/span><\/a>\n\t\t\t<\/div>\n\t\t<\/div>\n\t<\/div>\n<\/div>\n\t\t\t<\/div>\n\n\t\t\t\t\n\t<\/div>\n\n\n\n\t\n\n\t\t\t\t\t\t\t\n\t\n<div id=\"block_ffc0d05e016659642b35111b6559ab83\" class=\"nmc-block nmc-block--split block-container alignfull -Width alignfull\">\n\t\n\t\t\n\t\t\t<div class=\"blockbody\">\n\t\t\t\t\t<div class=\"bound boundwider\">\n\t\t\n\n<div class=\"split-half\">\n\t<div class=\"split-half-content\">\n\n\t\t\n\n<div class=\"split-half-image\">\n\t\t\t\t\t\t\t\t\t\t<picture>\n\t\t<source media=\"(max-width: 400px)\" srcset=\"https:\/\/img.nmcdn.io\/e1\/w:500,h:530,v:1\/cpm\/wp-content\/uploads\/2024\/07\/aftermarket-fieldservices-CTA.jpg?s=fde3cc2b\">\n\t\t<img decoding=\"async\" loading=\"lazy\" style=\"aspect-ratio: 0.94339622641509;\" src=\"https:\/\/img.nmcdn.io\/e1\/w:800,h:848,v:1\/cpm\/wp-content\/uploads\/2024\/07\/aftermarket-fieldservices-CTA.jpg?s=3ace419c\" width=\"800\" height=\"848\" alt=\"Field Services\">\n\t<\/picture>\n<\/div>\n\n\n\t\t\n\t<\/div>\n<\/div>\n\n\n<div class=\"split-half\">\n\t<div class=\"split-half-content\">\n\n\t\t\n\n<p class=\"is-style-eyebrow-heading\">Contactez-nous<\/p>\n\n\n\n<h2 class=\"wp-block-heading\"><strong>Obtenez le maximum<\/strong> hors de votre \u00e9quipement CPM<\/h2>\n\n\n\n<p>Notre \u00e9quipement est con\u00e7u pour durer toute la vie, et avec le soutien appropri\u00e9, il le sera. Nos services d&#039;assistance sur le terrain peuvent amener nos experts sur place pour vous aider \u00e0 tirer le meilleur parti de votre installation.<\/p>\n\n\n\n\n\n\t\t\t\t\n\n<div class=\"nmc-block nmc-block--buttons\" id=\"block_c13159565246d68bb7b874e41a2a6fac\">\n\t<div class=\"blockbody\">\n\t\n\t\t\t\t\t\t\n\t\t<a href=\"https:\/\/onecpm.com\/fr\/about-cpm\/contact-us\/\" class=\"btn -btn\" >Contactez-nous<\/a>\n\t\t<\/div>\n<\/div>\n\n\t\t\n\t<\/div>\n<\/div>\n\n\t<\/div>\n\t\t\t<\/div>\n\n\t\t\t\t\n\t<\/div>","protected":false},"excerpt":{"rendered":"","protected":false},"author":1,"featured_media":0,"parent":772,"menu_order":1,"comment_status":"closed","ping_status":"closed","template":"","meta":{"_acf_changed":false,"footnotes":""},"class_list":["post-3566","page","type-page","status-publish","hentry"],"acf":[],"_links":{"self":[{"href":"https:\/\/onecpm.com\/fr\/wp-json\/wp\/v2\/pages\/3566","targetHints":{"allow":["GET"]}}],"collection":[{"href":"https:\/\/onecpm.com\/fr\/wp-json\/wp\/v2\/pages"}],"about":[{"href":"https:\/\/onecpm.com\/fr\/wp-json\/wp\/v2\/types\/page"}],"author":[{"embeddable":true,"href":"https:\/\/onecpm.com\/fr\/wp-json\/wp\/v2\/users\/1"}],"replies":[{"embeddable":true,"href":"https:\/\/onecpm.com\/fr\/wp-json\/wp\/v2\/comments?post=3566"}],"version-history":[{"count":30,"href":"https:\/\/onecpm.com\/fr\/wp-json\/wp\/v2\/pages\/3566\/revisions"}],"predecessor-version":[{"id":10989,"href":"https:\/\/onecpm.com\/fr\/wp-json\/wp\/v2\/pages\/3566\/revisions\/10989"}],"up":[{"embeddable":true,"href":"https:\/\/onecpm.com\/fr\/wp-json\/wp\/v2\/pages\/772"}],"wp:attachment":[{"href":"https:\/\/onecpm.com\/fr\/wp-json\/wp\/v2\/media?parent=3566"}],"curies":[{"name":"wp","href":"https:\/\/api.w.org\/{rel}","templated":true}]}}