{"id":3568,"date":"2024-06-12T16:41:51","date_gmt":"2024-06-12T16:41:51","guid":{"rendered":"https:\/\/cpm.epicenter1.com\/?page_id=3568"},"modified":"2025-06-24T23:22:33","modified_gmt":"2025-06-24T23:22:33","slug":"training","status":"publish","type":"page","link":"https:\/\/onecpm.com\/fr\/aftermarket-service\/training","title":{"rendered":"Entra\u00eenement"},"content":{"rendered":"<div id=\"block_75098a876e4c014996bf8ef6da1b5758\" class=\"nmc-block nmc-block--masthead-aftermarket block-container alignfull -mode-dark\">\n\t\n\t\t\n\t\t\t<div class=\"blockbody\">\n\t\t\t\t<div class=\"masthead-media -overlay\">\n\t\t<div class=\"image\">\n\t\t\t\t\t\t\t\t\t\t\t\t<picture>\n\t\t\t<source media=\"(max-width: 499px)\" srcset=\"https:\/\/img.nmcdn.io\/e1\/w:600,h:338,v:1\/cpm\/wp-content\/uploads\/2025\/04\/two-Engineers-At-CNC.jpg?s=7306a556\">\n\t\t\t<source media=\"(max-width: 899px)\" srcset=\"https:\/\/img.nmcdn.io\/e1\/w:1200,h:675,v:1\/cpm\/wp-content\/uploads\/2025\/04\/two-Engineers-At-CNC.jpg?s=fa17e001\">\n\t\t\t<img fetchpriority=\"high\" decoding=\"async\" loading=\"eager\" style=\"aspect-ratio: 1.7777777777778;\" src=\"https:\/\/img.nmcdn.io\/e1\/w:1800,h:1013,v:1\/cpm\/wp-content\/uploads\/2025\/04\/two-Engineers-At-CNC.jpg?s=bfa0b912\" width=\"1800\" height=\"1013\" alt=\"\" aria-hidden=\"true\">\n\t\t<\/picture>\n\t<\/div>\n\t\t\n<\/div>\n<div class=\"bound boundwider\">\n\t<div class=\"masthead-content\">\n\t\t<p class=\"is-style-eyebrow-heading\">March\u00e9 secondaire et service<\/strong><\/p>\n\t\t<h1 class=\"page-title\">Entra\u00eenement<\/h1>\n\t\t\t\t\t<\/div>\n<\/div>\n\n<script>\n(function(){\n\tdocument.documentElement.classList.add('-transparent-header');\n})();\n<\/script>\n\t\t\t<\/div>\n\n\t\t\t\t\n\t<\/div>\n\n\n\n\n\n\t\n\n\t\t\t\t\t\t\t\n\n<div id=\"block_b53a2d646f7d4d0231575d0ac337beee\" class=\"nmc-block nmc-block--intro-complex block-container alignfull\">\n\t\n\t\t\n\t\t\t<div class=\"blockbody\">\n\t\t\t\t\n\t<div class=\"wrap\">\n\t\t<div class=\"block-intro\">\n\t\t\t\t\t\t\t<p class=\"is-style-eyebrow-heading\">Aper\u00e7u<\/p>\n\t\t\t\t\t\t\t\t\t\t                                                                                                            <h2 class=\"block-title\">Entra\u00eenement &amp; <strong>Essai<\/strong><\/h2>\t\t\t\t\t\t\t\t\t<div class=\"text\">\n\t\t\t\t<p>Nous ne nous contentons pas de fabriquer des \u00e9quipements de pointe, nous proposons \u00e9galement une formation compl\u00e8te pour garantir que vos op\u00e9rateurs et techniciens sont parfaitement \u00e9quip\u00e9s pour optimiser les performances et l&#039;efficacit\u00e9 de nos machines et de notre technologie de traitement. La formation garantit que vos employ\u00e9s sont comp\u00e9tents et confiants dans l&#039;entretien et l&#039;utilisation de notre technologie comme pr\u00e9vu, ce qui conduit \u00e0 un environnement de travail florissant et professionnel dans lequel les employ\u00e9s souhaitent rester. <\/p>\n\t\t\t<\/div>\n\t\t\t\n\t\t\t\t\t\t\t<a href=\"https:\/\/onecpm.com\/fr\/about-cpm\/contact-us\/\" class=\"btn -non-btn\" >Entrer en contact<svg xmlns=\"http:\/\/www.w3.org\/2000\/svg\" width=\"17\" height=\"12\" viewbox=\"0 0 17 12\" fill=\"none\" role=\"img\" aria-hidden=\"true\" focusable=\"false\"><title>arrow<\/title>\n<path fill-rule=\"evenodd\" clip-rule=\"evenodd\" d=\"M13.9176 6.28571L8.65133 10.5863L9.42733 11.4286L16.3999 5.71429L9.41476 0L8.65362 0.860571L13.9153 5.14286L0.399902 5.14286L0.399902 6.28571L13.9176 6.28571Z\" fill=\"white\"\/>\n<\/svg><\/a>\t\t\t\t\t<\/div>\n\n\t\t<div class=\"image\">\n\t\t\t\n<div class=\"image-auto\" style=\"aspect-ratio: 1400 \/ 1722;\">\n\t<picture>\n\t\t<source \n\t\t\tmedia=\"(max-width: 600px)\"\n\t\t\tsrcset=\"https:\/\/img.nmcdn.io\/e1\/w:480,h:591,v:1\/cpm\/wp-content\/uploads\/2025\/04\/Worker-checking-work-scaled.jpg?s=1777e2af\">\n\t\t<img  loading=\"lazy\"src=\"https:\/\/img.nmcdn.io\/e1\/w:600,h:738,v:1\/cpm\/wp-content\/uploads\/2025\/04\/Worker-checking-work-scaled.jpg?s=4a48cacc\" width=\"1400\" height=\"1722\" alt=\"\">\n\t<\/picture>\n<\/div>\n\n\t\t\t\t\t<\/div>\n\t<\/div>\n\n\t\t\t<\/div>\n\n\t\t\t\t\n\t<\/div>\n\n\n\n\t\n\n\t\t\t\t\t\t\t\n\n<div id=\"block_6e2e89c4b6936570b299d8f212f22ae5\" class=\"nmc-block nmc-block--tabbed-ctas block-container alignfull\">\n\t\n\t\t\n\t\t\t<div class=\"blockbody\">\n\t\t\t\t\t\n\t<div class=\"block-wrap gray\">\n\t\t<div class=\"bound boundwider\">\n\t\t\t<div class=\"block-intro -mode-gray\">\n\t\t\t\t<div class=\"block-left\">\n\t\t\t\t\t                                                                                                                                                                    <h2 class=\"block-title\">Formation et tests du fabricant<\/h2>\t\t\t\t\t\t\t\t\t\t\t<div class=\"content\">Parce que nous concevons et construisons les \u00e9quipements, nous les connaissons parfaitement. CPM est donc le meilleur partenaire pour former vos op\u00e9rateurs et techniciens. Nos programmes de formation aideront votre personnel \u00e0 utiliser les machines efficacement, \u00e0 r\u00e9duire les temps d&#039;arr\u00eat et \u00e0 augmenter la productivit\u00e9.\r\n<\/div>\n\t\t\t\t\t\t\t\t\t<\/div>\n\n\t\t\t\t\t\t\t<\/div>\n\n\t\t\t<div class=\"tabs\">\n\t\t\t\t<div class=\"tabs_list\" role=\"tablist\">\n\t\t\t\t\t\t\t\t\t\t\t<button type=\"button\" class=\"tab\" role=\"tab\" aria-controls=\"block_6e2e89c4b6936570b299d8f212f22ae5-1\" id=\"tab-block_6e2e89c4b6936570b299d8f212f22ae5-1\" tabindex=\"\">Programmes de formation<\/button>\n\t\t\t\t\t\t\t\t\t\t\t<button type=\"button\" class=\"tab\" role=\"tab\" aria-controls=\"block_6e2e89c4b6936570b299d8f212f22ae5-2\" id=\"tab-block_6e2e89c4b6936570b299d8f212f22ae5-2\" tabindex=\"-1\">Comp\u00e9tence des employ\u00e9s<\/button>\n\t\t\t\t\t\t\t\t\t\t\t<button type=\"button\" class=\"tab\" role=\"tab\" aria-controls=\"block_6e2e89c4b6936570b299d8f212f22ae5-3\" id=\"tab-block_6e2e89c4b6936570b299d8f212f22ae5-3\" tabindex=\"-1\">Soutien et apprentissage continus<\/button>\n\t\t\t\t\t\t\t\t\t<\/div>\n\n\t\t\t\t<div class=\"tab-content\">\n\n\t\t\t\t\t\t\t\t\t\t\t<div class=\"tab_panel\" tabindex=\"0\" role=\"tabpanel\" id=\"block_6e2e89c4b6936570b299d8f212f22ae5-1\" >\n\t\t\t\t\t\t\t<div class=\"tab-background\">\n\t\t\t\t\t\t\t\t<div class=\"image\">\n\t\t\t\t\t\t\t\t\t\t\t\t\t\t\t\t\t\t\t\t\t\t\t\t\t\t\t\t\t\t\t\t\t\t\t\t\t\t\t\t\t\t\t\t\t\t\t\t\t\t\t\t\t\t<picture>\n\t\t\t\t\t\t\t\t\t\t<source media=\"(max-width: 499px)\" srcset=\"https:\/\/img.nmcdn.io\/e1\/w:600,h:800,v:1\/cpm\/wp-content\/uploads\/2025\/04\/Mechnical_Assembly.jpg?s=92a65db4\">\n\t\t\t\t\t\t\t\t\t\t<source media=\"(max-width: 899px)\" srcset=\"https:\/\/img.nmcdn.io\/e1\/w:1200,h:724,v:1\/cpm\/wp-content\/uploads\/2025\/04\/Mechnical_Assembly.jpg?s=c307ac96\">\n\t\t\t\t\t\t\t\t\t\t<img decoding=\"async\" loading=\"eager\" style=\"aspect-ratio: 1.6578947368421;\" src=\"https:\/\/img.nmcdn.io\/e1\/w:1800,h:1086,v:1\/cpm\/wp-content\/uploads\/2025\/04\/Mechnical_Assembly.jpg?s=a4ba32bd\" width=\"1800\" height=\"1086\" alt=\"\" aria-hidden=\"true\">\n\t\t\t\t\t\t\t\t\t<\/picture>\n\t\t\t\t\t\t\t\t<\/div>\n\t\t\t\t\t\t\t<\/div>\n\t\t\t\t\t\t\t<div class=\"tab-wrap -left\">\n\t\t\t\t\t\t\t\t<div class=\"text -mode-dark\">\n\t\t\t\t\t\t\t\t\t\t\t\t\t\t\t\t\t\t\t<p class=\"is-style-eyebrow-heading\">Programmes de formation<\/p>\n\t\t\t\t\t\t\t\t\t\t\t\t\t\t\t\t\t\t                                                                                                                                                                                <h2 class=\"block-title\">Formation personnalis\u00e9e selon vos besoins sp\u00e9cifiques.<\/h2>\t\t\t\t\t\t\t\t\t\t\t\t\t\t\t\t\t\t\t<p>Qu&#039;il s&#039;agisse d&#039;op\u00e9rations de base, de maintenance ou de d\u00e9pannage avanc\u00e9, notre formation pratique donnera \u00e0 votre \u00e9quipe les comp\u00e9tences dont elle a besoin pour assurer le bon fonctionnement de votre \u00e9quipement. Nous pouvons d\u00e9ployer des formateurs d\u00e9di\u00e9s et des experts en la mati\u00e8re pour enseigner la th\u00e9orie du traitement des mat\u00e9riaux, la conception, le fonctionnement, la maintenance, les d\u00e9marrages et les arr\u00eats. Nous mettons l&#039;accent sur l&#039;apprentissage exp\u00e9rientiel pratique afin que vos employ\u00e9s puissent appliquer leurs connaissances directement \u00e0 vos op\u00e9rations.<\/p>\n\n\t\t\t\t\t\t\t\t\t\t\t\t\t\t\t\t\t\t\t\t\t\t\t\t\t\t<\/div>\n\t\t\t\t\t\t\t<\/div>\n\t\t\t\t\t\t<\/div>\n\t\t\t\t\t\t\t\t\t\t\t<div class=\"tab_panel\" tabindex=\"0\" role=\"tabpanel\" id=\"block_6e2e89c4b6936570b299d8f212f22ae5-2\" hidden=\"\">\n\t\t\t\t\t\t\t<div class=\"tab-background\">\n\t\t\t\t\t\t\t\t<div class=\"image\">\n\t\t\t\t\t\t\t\t\t\t\t\t\t\t\t\t\t\t\t\t\t\t\t\t\t\t\t\t\t\t\t\t\t\t\t\t\t\t\t\t\t\t\t\t\t\t\t\t\t\t\t\t\t\t<picture>\n\t\t\t\t\t\t\t\t\t\t<source media=\"(max-width: 499px)\" srcset=\"https:\/\/img.nmcdn.io\/e1\/w:600,h:800,v:1\/cpm\/wp-content\/uploads\/2024\/07\/aftermarket-trainingtesting-tab2.jpg?s=63831db5\">\n\t\t\t\t\t\t\t\t\t\t<source media=\"(max-width: 899px)\" srcset=\"https:\/\/img.nmcdn.io\/e1\/w:1200,h:724,v:1\/cpm\/wp-content\/uploads\/2024\/07\/aftermarket-trainingtesting-tab2.jpg?s=5d70cab3\">\n\t\t\t\t\t\t\t\t\t\t<img decoding=\"async\" loading=\"eager\" style=\"aspect-ratio: 1.6578947368421;\" src=\"https:\/\/img.nmcdn.io\/e1\/w:1800,h:1086,v:1\/cpm\/wp-content\/uploads\/2024\/07\/aftermarket-trainingtesting-tab2.jpg?s=1e81d38d\" width=\"1800\" height=\"1086\" alt=\"\" aria-hidden=\"true\">\n\t\t\t\t\t\t\t\t\t<\/picture>\n\t\t\t\t\t\t\t\t<\/div>\n\t\t\t\t\t\t\t<\/div>\n\t\t\t\t\t\t\t<div class=\"tab-wrap -right\">\n\t\t\t\t\t\t\t\t<div class=\"text -mode-dark\">\n\t\t\t\t\t\t\t\t\t\t\t\t\t\t\t\t\t\t\t<p class=\"is-style-eyebrow-heading\">Comp\u00e9tence des employ\u00e9s<\/p>\n\t\t\t\t\t\t\t\t\t\t\t\t\t\t\t\t\t\t                                                                                                                                                                                                                                                                                        <h2 class=\"block-title\">Augmentez la production, r\u00e9duisez les co\u00fbts de main-d\u2019\u0153uvre et am\u00e9liorez la s\u00e9curit\u00e9 des employ\u00e9s.<\/h2>\t\t\t\t\t\t\t\t\t\t\t\t\t\t\t\t\t\t\t<p>La formation des employ\u00e9s peut am\u00e9liorer la s\u00e9curit\u00e9 et la sant\u00e9 au travail. Une \u00e9quipe bien form\u00e9e peut \u00e9galement \u00e9conomiser du temps et de l&#039;argent en r\u00e9duisant les arr\u00eats impr\u00e9vus et en augmentant l&#039;efficacit\u00e9 et la productivit\u00e9. Nos programmes de formation mettent l&#039;accent sur l&#039;apprentissage exp\u00e9rientiel pratique afin que vos employ\u00e9s puissent appliquer leurs connaissances directement aux op\u00e9rations de votre usine, renfor\u00e7ant ainsi leurs comp\u00e9tences et leur confiance.<\/p>\n\n\t\t\t\t\t\t\t\t\t\t\t\t\t\t\t\t\t\t\t\t\t\t\t\t\t\t<\/div>\n\t\t\t\t\t\t\t<\/div>\n\t\t\t\t\t\t<\/div>\n\t\t\t\t\t\t\t\t\t\t\t<div class=\"tab_panel\" tabindex=\"0\" role=\"tabpanel\" id=\"block_6e2e89c4b6936570b299d8f212f22ae5-3\" hidden=\"\">\n\t\t\t\t\t\t\t<div class=\"tab-background\">\n\t\t\t\t\t\t\t\t<div class=\"image\">\n\t\t\t\t\t\t\t\t\t\t\t\t\t\t\t\t\t\t\t\t\t\t\t\t\t\t\t\t\t\t\t\t\t\t\t\t\t\t\t\t\t\t\t\t\t\t\t\t\t\t\t\t\t\t<picture>\n\t\t\t\t\t\t\t\t\t\t<source media=\"(max-width: 499px)\" srcset=\"https:\/\/img.nmcdn.io\/e1\/w:600,h:800,v:1\/cpm\/wp-content\/uploads\/2024\/07\/aftermarket-trainingtesting-tab3.jpg?s=e2315f0d\">\n\t\t\t\t\t\t\t\t\t\t<source media=\"(max-width: 899px)\" srcset=\"https:\/\/img.nmcdn.io\/e1\/w:1200,h:724,v:1\/cpm\/wp-content\/uploads\/2024\/07\/aftermarket-trainingtesting-tab3.jpg?s=1262d39e\">\n\t\t\t\t\t\t\t\t\t\t<img decoding=\"async\" loading=\"eager\" style=\"aspect-ratio: 1.6578947368421;\" src=\"https:\/\/img.nmcdn.io\/e1\/w:1800,h:1086,v:1\/cpm\/wp-content\/uploads\/2024\/07\/aftermarket-trainingtesting-tab3.jpg?s=222bfa74\" width=\"1800\" height=\"1086\" alt=\"\" aria-hidden=\"true\">\n\t\t\t\t\t\t\t\t\t<\/picture>\n\t\t\t\t\t\t\t\t<\/div>\n\t\t\t\t\t\t\t<\/div>\n\t\t\t\t\t\t\t<div class=\"tab-wrap -left\">\n\t\t\t\t\t\t\t\t<div class=\"text -mode-dark\">\n\t\t\t\t\t\t\t\t\t\t\t\t\t\t\t\t\t\t\t<p class=\"is-style-eyebrow-heading\">Soutien et apprentissage continus<\/p>\n\t\t\t\t\t\t\t\t\t\t\t\t\t\t\t\t\t\t                                                                                                                                        <h2 class=\"block-title\">Au-del\u00e0 d\u2019une seule s\u00e9ance d\u2019entra\u00eenement.<\/h2>\t\t\t\t\t\t\t\t\t\t\t\t\t\t\t\t\t\t\t<p>Nous fournissons des ressources et un soutien continus pour que votre \u00e9quipe soit inform\u00e9e des derni\u00e8res et meilleures pratiques et technologies. Cet apprentissage continu garantit que votre personnel reste comp\u00e9tent et que vos op\u00e9rations restent efficaces.<\/p>\n<p>Les lieux de formation sont flexibles : nous viendrons dans vos locaux, ou votre \u00e9quipe peut se rendre dans l\u2019un de nos centres d\u2019innovation ou laboratoires de test de classe mondiale pour une exp\u00e9rience immersive et concr\u00e8te.<\/p>\n\n\t\t\t\t\t\t\t\t\t\t\t\t\t\t\t\t\t\t\t\t\t\t\t\t\t\t<\/div>\n\t\t\t\t\t\t\t<\/div>\n\t\t\t\t\t\t<\/div>\n\t\t\t\t\t\t\t\t\t\t\n\t\t\t\t<\/div>\n\t\t\t<\/div>\n\n\t\t\t\n\t\t<\/div>\n\t<\/div>\n\n\t\n\t\t\t<\/div>\n\n\t\t\t\t\n\t<\/div>\n\n\n\n\t\n\n\t\t\t\t\t\t\t\n\n<div id=\"block_48dfe6b08408e0fce0b4f4ebfc7a0c47\" class=\"nmc-block nmc-block--story-cta block-container alignfull\">\n\t\n\t\t\n\t\t\t<div class=\"blockbody\">\n\t\t\t\t<div class=\"bound boundfull\">\n\t<div class=\"story-wrap -mode-dark\">\n\t\t<div class=\"story-background\">\n\t\t\t<div class=\"image\">\n\t\t\t\t\t\t\t\t\n<picture>\n\t<source srcset=\"https:\/\/img.nmcdn.io\/e1\/w:900,h:600,v:1\/cpm\/wp-content\/uploads\/imported-files\/news-building-equipment-lifetime-california-pellet-mill.jpg?s=9655c320\" width=\"900\" height=\"600\" media=\"(max-width: 900px)\" type=\"image\/webp\">\n\t<source srcset=\"https:\/\/img.nmcdn.io\/e1\/w:900,h:600,v:1\/cpm\/wp-content\/uploads\/imported-files\/news-building-equipment-lifetime-california-pellet-mill.jpg?s=9655c320\" width=\"900\" height=\"600\" media=\"(max-width: 900px)\">\n\t<source srcset=\"https:\/\/img.nmcdn.io\/e1\/w:1256,h:615,v:1\/cpm\/wp-content\/uploads\/imported-files\/news-building-equipment-lifetime-california-pellet-mill.jpg?s=2280a070\" type=\"image\/webp\">\n\t<img loading=\"lazy\" decoding=\"async\" src=\"https:\/\/img.nmcdn.io\/e1\/w:1256,h:615,v:1\/cpm\/wp-content\/uploads\/imported-files\/news-building-equipment-lifetime-california-pellet-mill.jpg?s=2280a070\" width=\"1256\" height=\"615\" alt=\"building equipment news\">\n<\/picture>\n\t\t\t<\/div>\n\t\t<\/div>\n\t\t<div class=\"story-content\">\n\t\t\t<div class=\"supheading\">Pleins feux sur les solutions<\/div>\n\t\t\t<div class=\"content\">\n\t\t\t\t                                                                                                                                                                                                                        <h2 class=\"block-title\">Construire et soutenir un \u00e9quipement qui dure toute une vie<\/h2>\t\t\t\t\t\t\t\t<a href=\"https:\/\/onecpm.com\/fr\/success-story\/building-supporting-equipment-that-lasts-a-lifetime\/\" target=\"\" class=\"btn -non-btn\">Continue de lire <svg xmlns=\"http:\/\/www.w3.org\/2000\/svg\" width=\"17\" height=\"12\" viewbox=\"0 0 17 12\" fill=\"none\" role=\"img\" aria-hidden=\"true\" focusable=\"false\"><title>arrow<\/title>\n<path fill-rule=\"evenodd\" clip-rule=\"evenodd\" d=\"M13.9176 6.28571L8.65133 10.5863L9.42733 11.4286L16.3999 5.71429L9.41476 0L8.65362 0.860571L13.9153 5.14286L0.399902 5.14286L0.399902 6.28571L13.9176 6.28571Z\" fill=\"white\"\/>\n<\/svg><span class=\"sr\"> \u00e0 propos de la construction et de l&#039;entretien d&#039;\u00e9quipements qui durent toute une vie<\/span><\/a>\n\t\t\t<\/div>\n\t\t<\/div>\n\t<\/div>\n<\/div>\n\t\t\t<\/div>\n\n\t\t\t\t\n\t<\/div>\n\n\n\n\t\n\n\t\t\t\t\t\t\t\n\t\n<div id=\"block_0d3e0b2d865bbda7eddfa7dab8657730\" class=\"nmc-block nmc-block--split block-container alignfull -Width alignfull\">\n\t\n\t\t\n\t\t\t<div class=\"blockbody\">\n\t\t\t\t\t<div class=\"bound boundwider\">\n\t\t\n\n<div class=\"split-half\">\n\t<div class=\"split-half-content\">\n\n\t\t\n\n<div class=\"split-half-image\">\n\t\t\t\t\t\t\t\t\t\t<picture>\n\t\t<source media=\"(max-width: 400px)\" srcset=\"https:\/\/img.nmcdn.io\/e1\/w:500,h:530,v:1\/cpm\/wp-content\/uploads\/2024\/07\/aftermarket-trainingtesting-CTA.jpg?s=064f0585\">\n\t\t<img decoding=\"async\" loading=\"lazy\" style=\"aspect-ratio: 0.94339622641509;\" src=\"https:\/\/img.nmcdn.io\/e1\/w:800,h:848,v:1\/cpm\/wp-content\/uploads\/2024\/07\/aftermarket-trainingtesting-CTA.jpg?s=e8ab537e\" width=\"800\" height=\"848\" alt=\"Training Testing\">\n\t<\/picture>\n<\/div>\n\n\n\t\t\n\t<\/div>\n<\/div>\n\n\n<div class=\"split-half\">\n\t<div class=\"split-half-content\">\n\n\t\t\n\n<p class=\"is-style-eyebrow-heading\">Contactez-nous<\/p>\n\n\n\n<h2 class=\"wp-block-heading\"><strong>Obtenez le maximum<\/strong> hors de votre \u00e9quipement CPM<\/h2>\n\n\n\n<p>Investissez dans les services de formation de CPM pour vous assurer de tirer le meilleur parti de votre \u00e9quipement. Contactez-nous d\u00e8s aujourd&#039;hui pour savoir comment nous pouvons aider votre entreprise.<\/p>\n\n\n\n\n\n\t\t\t\t\n\n<div class=\"nmc-block nmc-block--buttons\" id=\"block_23131bbfe1636f45f1e292d98dcfc0fd\">\n\t<div class=\"blockbody\">\n\t\n\t\t\t\t\t\t\n\t\t<a href=\"https:\/\/onecpm.com\/fr\/about-cpm\/contact-us\/\" class=\"btn -btn\" >Contactez-nous<\/a>\n\t\t<\/div>\n<\/div>\n\n\t\t\n\t<\/div>\n<\/div>\n\n\t<\/div>\n\t\t\t<\/div>\n\n\t\t\t\t\n\t<\/div>","protected":false},"excerpt":{"rendered":"","protected":false},"author":1,"featured_media":0,"parent":772,"menu_order":1,"comment_status":"closed","ping_status":"closed","template":"","meta":{"_acf_changed":false,"footnotes":""},"class_list":["post-3568","page","type-page","status-publish","hentry"],"acf":[],"_links":{"self":[{"href":"https:\/\/onecpm.com\/fr\/wp-json\/wp\/v2\/pages\/3568","targetHints":{"allow":["GET"]}}],"collection":[{"href":"https:\/\/onecpm.com\/fr\/wp-json\/wp\/v2\/pages"}],"about":[{"href":"https:\/\/onecpm.com\/fr\/wp-json\/wp\/v2\/types\/page"}],"author":[{"embeddable":true,"href":"https:\/\/onecpm.com\/fr\/wp-json\/wp\/v2\/users\/1"}],"replies":[{"embeddable":true,"href":"https:\/\/onecpm.com\/fr\/wp-json\/wp\/v2\/comments?post=3568"}],"version-history":[{"count":25,"href":"https:\/\/onecpm.com\/fr\/wp-json\/wp\/v2\/pages\/3568\/revisions"}],"predecessor-version":[{"id":10990,"href":"https:\/\/onecpm.com\/fr\/wp-json\/wp\/v2\/pages\/3568\/revisions\/10990"}],"up":[{"embeddable":true,"href":"https:\/\/onecpm.com\/fr\/wp-json\/wp\/v2\/pages\/772"}],"wp:attachment":[{"href":"https:\/\/onecpm.com\/fr\/wp-json\/wp\/v2\/media?parent=3568"}],"curies":[{"name":"wp","href":"https:\/\/api.w.org\/{rel}","templated":true}]}}