{"id":3574,"date":"2024-06-12T16:46:29","date_gmt":"2024-06-12T16:46:29","guid":{"rendered":"https:\/\/cpm.epicenter1.com\/?page_id=3574"},"modified":"2024-07-05T19:42:57","modified_gmt":"2024-07-05T19:42:57","slug":"megatrends","status":"publish","type":"page","link":"https:\/\/onecpm.com\/fr\/megatrends","title":{"rendered":"M\u00e9gatendances"},"content":{"rendered":"<div id=\"block_314db05f22257e4b12779085cee50e45\" class=\"nmc-block nmc-block--masthead-media-bg block-container alignfull -mode-dark\">\n\t\n\t\t\n\t\t\t<div class=\"blockbody\">\n\t\t\t\t<div class=\"masthead-media -overlay\">\n\t\t<div class=\"image\">\n\t\t\t\t\t\t\t\t\t\t\t\t<picture>\n\t\t\t<source media=\"(max-width: 599px)\" srcset=\"https:\/\/img.nmcdn.io\/e1\/w:600,h:600,v:1\/cpm\/wp-content\/uploads\/2024\/06\/megatrend-hero.jpg?s=114a60c7\">\n\t\t\t<source media=\"(max-width: 899px)\" srcset=\"https:\/\/img.nmcdn.io\/e1\/w:1200,h:675,v:1\/cpm\/wp-content\/uploads\/2024\/06\/megatrend-hero.jpg?s=5d5fb792\">\n\t\t\t<img fetchpriority=\"high\" decoding=\"async\" loading=\"eager\" style=\"aspect-ratio: 1.7777777777778;\" src=\"https:\/\/img.nmcdn.io\/e1\/w:1800,h:1013,v:1\/cpm\/wp-content\/uploads\/2024\/06\/megatrend-hero.jpg?s=2613def7\" width=\"1800\" height=\"1013\" alt=\"\" aria-hidden=\"true\">\n\t\t<\/picture>\n\t<\/div>\n\t\t<\/div>\n<div class=\"bound boundwider\">\n\t<div class=\"masthead-content\">\n\t\t<h1 class=\"page-title\">M\u00e9gatendances<\/h1>\n\t\t<div class=\"page-intro\"><p><span style=\"font-weight: 400;\">Des solutions innovantes pour un monde en \u00e9volution<\/span><\/p>\n<\/div>\t\t\t<\/div>\n<\/div>\n\n<script>\n(function(){\n\tdocument.documentElement.classList.add('-transparent-header');\n})();\n<\/script>\n\t\t\t<\/div>\n\n\t\t\t\t\n\t<\/div>\n\n\n\n\n\n\t\n\n\t\t\t\t\t\t\t\n\t\n<div id=\"block_2032670f62b3cf792d9fd42120eab9b6\" class=\"nmc-block nmc-block--background block-container alignfull -mode-brown filled padding-quadruple\">\n\t\n\t\t\n\t\t\t<div class=\"blockbody\">\n\t\t\t\t<div class=\"gutenberg\">\n\t\n\n\n\t\n\n\t\t\t\t\t\t\t\n\n<div id=\"block_a31c53b02309f0e6282facc69cf4687b\" class=\"nmc-block nmc-block--megatrends block-container alignfull\">\n\t\n\t\t\n\t\t\t<div class=\"blockbody\">\n\t\t\t\t\t<div class=\"bound boundwider\">\n\t\t<div class=\"wrap\">\n\t\t\t<div class=\"block-intro\">\n\t\t\t\t\t\t\t\t\t<p class=\"is-style-eyebrow-heading\">M\u00e9gatendances<\/p>\n\t\t\t\t\t\t\t\t                                                                                                                                                                                                                                                <h2 class=\"block-title\"><strong>Relever les d\u00e9fis mondiaux avec des solutions innovantes<\/strong><\/h2>\t\t\t\t\t\t\t\t\t<p class=\"content\">Le monde \u00e9volue \u00e0 un rythme sans pr\u00e9c\u00e9dent. Ces changements sont \u00e0 l\u2019origine de m\u00e9gatendances qui remod\u00e8lent les industries et red\u00e9finissent l\u2019avenir. Nous proposons des solutions qui permettent aux entreprises de s&#039;adapter aux changements mondiaux et de tirer parti des opportunit\u00e9s \u00e9mergentes. \r\n<\/p>\n\t\t\t\t\t\t\t<\/div>\n\t\t\t\n\t\t\t<div class=\"megatrends-listing\">\n\t\t\t\t\t\t\t\t\t<div class=\"partial -megatrend -card\">\n\t\t\t\t\t\t<div class=\"image\">\n\t\t\t\t\t\t\t\n<div class=\"image-auto\" style=\"aspect-ratio: 600 \/ 720;\">\n\t<picture>\n\t\t<source \n\t\t\tmedia=\"(max-width: 600px)\"\n\t\t\tsrcset=\"https:\/\/img.nmcdn.io\/e1\/w:480,h:576,v:1\/cpm\/wp-content\/uploads\/2024\/06\/megatrend-circulareconomy.jpg?s=cc8923e5\">\n\t\t<img  loading=\"lazy\"src=\"https:\/\/img.nmcdn.io\/e1\/w:600,h:720,v:1\/cpm\/wp-content\/uploads\/2024\/06\/megatrend-circulareconomy.jpg?s=f9c2fd7e\" width=\"600\" height=\"720\" alt=\"\">\n\t<\/picture>\n<\/div>\n\t\t\t\t\t\t<\/div>\n\t\t\t\t\t\t<div class=\"text\">\n\t\t\t\t\t\t\t<h3 class=\"heading\">\n\t\t\t\t\t\t\t\t<a href=\"https:\/\/onecpm.com\/fr\/megatrends\/circular-economy\/\" class=\"link\">\u00c9conomie Circulaire<\/a>\n\t\t\t\t\t\t\t<\/h3>\n\t\t\t\t\t\t\t<div class=\"partial-arrow\">\n\t\t\t\t\t\t\t\t<svg xmlns=\"http:\/\/www.w3.org\/2000\/svg\" width=\"28\" height=\"28\" viewbox=\"0 0 28 28\" fill=\"none\" role=\"img\" aria-hidden=\"true\" focusable=\"false\"><path fill-rule=\"evenodd\" clip-rule=\"evenodd\" d=\"M18.5063 14.4666L14.2055 17.9787L14.8392 18.6666L20.5335 13.9999L14.8289 9.33325L14.2073 10.0361L18.5044 13.5333H7.4668V14.4666H18.5063Z\" fill=\"white\"\/><circle cx=\"14\" cy=\"14\" r=\"13.5\" stroke=\"white\"\/><\/svg>\n\t\t\t\t\t\t\t<\/div>\n\t\t\t\t\t\t<\/div>\n\t\t\t\t\t<\/div>\n\t\t\t\t\t\t\t\t\t<div class=\"partial -megatrend -card\">\n\t\t\t\t\t\t<div class=\"image\">\n\t\t\t\t\t\t\t\n<div class=\"image-auto\" style=\"aspect-ratio: 600 \/ 720;\">\n\t<picture>\n\t\t<source \n\t\t\tmedia=\"(max-width: 600px)\"\n\t\t\tsrcset=\"https:\/\/img.nmcdn.io\/e1\/w:480,h:576,v:1\/cpm\/wp-content\/uploads\/2024\/06\/megatrend-greenenergy.jpg?s=c2e66bba\">\n\t\t<img  loading=\"lazy\"src=\"https:\/\/img.nmcdn.io\/e1\/w:600,h:720,v:1\/cpm\/wp-content\/uploads\/2024\/06\/megatrend-greenenergy.jpg?s=10f965a8\" width=\"600\" height=\"720\" alt=\"\">\n\t<\/picture>\n<\/div>\n\t\t\t\t\t\t<\/div>\n\t\t\t\t\t\t<div class=\"text\">\n\t\t\t\t\t\t\t<h3 class=\"heading\">\n\t\t\t\t\t\t\t\t<a href=\"https:\/\/onecpm.com\/fr\/megatrends\/green-energy\/\" class=\"link\">\u00c9nergie verte<\/a>\n\t\t\t\t\t\t\t<\/h3>\n\t\t\t\t\t\t\t<div class=\"partial-arrow\">\n\t\t\t\t\t\t\t\t<svg xmlns=\"http:\/\/www.w3.org\/2000\/svg\" width=\"28\" height=\"28\" viewbox=\"0 0 28 28\" fill=\"none\" role=\"img\" aria-hidden=\"true\" focusable=\"false\"><path fill-rule=\"evenodd\" clip-rule=\"evenodd\" d=\"M18.5063 14.4666L14.2055 17.9787L14.8392 18.6666L20.5335 13.9999L14.8289 9.33325L14.2073 10.0361L18.5044 13.5333H7.4668V14.4666H18.5063Z\" fill=\"white\"\/><circle cx=\"14\" cy=\"14\" r=\"13.5\" stroke=\"white\"\/><\/svg>\n\t\t\t\t\t\t\t<\/div>\n\t\t\t\t\t\t<\/div>\n\t\t\t\t\t<\/div>\n\t\t\t\t\t\t\t\t\t<div class=\"partial -megatrend -card\">\n\t\t\t\t\t\t<div class=\"image\">\n\t\t\t\t\t\t\t\n<div class=\"image-auto\" style=\"aspect-ratio: 600 \/ 720;\">\n\t<picture>\n\t\t<source \n\t\t\tmedia=\"(max-width: 600px)\"\n\t\t\tsrcset=\"https:\/\/img.nmcdn.io\/e1\/w:480,h:576,v:1\/cpm\/wp-content\/uploads\/2024\/06\/megatrend-protein.jpg?s=240644f1\">\n\t\t<img  loading=\"lazy\"src=\"https:\/\/img.nmcdn.io\/e1\/w:600,h:720,v:1\/cpm\/wp-content\/uploads\/2024\/06\/megatrend-protein.jpg?s=495b2452\" width=\"600\" height=\"720\" alt=\"\">\n\t<\/picture>\n<\/div>\n\t\t\t\t\t\t<\/div>\n\t\t\t\t\t\t<div class=\"text\">\n\t\t\t\t\t\t\t<h3 class=\"heading\">\n\t\t\t\t\t\t\t\t<a href=\"https:\/\/onecpm.com\/fr\/megatrends\/protein-consumption\/\" class=\"link\">Consommation de prot\u00e9ines<\/a>\n\t\t\t\t\t\t\t<\/h3>\n\t\t\t\t\t\t\t<div class=\"partial-arrow\">\n\t\t\t\t\t\t\t\t<svg xmlns=\"http:\/\/www.w3.org\/2000\/svg\" width=\"28\" height=\"28\" viewbox=\"0 0 28 28\" fill=\"none\" role=\"img\" aria-hidden=\"true\" focusable=\"false\"><path fill-rule=\"evenodd\" clip-rule=\"evenodd\" d=\"M18.5063 14.4666L14.2055 17.9787L14.8392 18.6666L20.5335 13.9999L14.8289 9.33325L14.2073 10.0361L18.5044 13.5333H7.4668V14.4666H18.5063Z\" fill=\"white\"\/><circle cx=\"14\" cy=\"14\" r=\"13.5\" stroke=\"white\"\/><\/svg>\n\t\t\t\t\t\t\t<\/div>\n\t\t\t\t\t\t<\/div>\n\t\t\t\t\t<\/div>\n\t\t\t\t\t\t\t\t\t<div class=\"partial -megatrend -card\">\n\t\t\t\t\t\t<div class=\"image\">\n\t\t\t\t\t\t\t\n<div class=\"image-auto\" style=\"aspect-ratio: 600 \/ 720;\">\n\t<picture>\n\t\t<source \n\t\t\tmedia=\"(max-width: 600px)\"\n\t\t\tsrcset=\"https:\/\/img.nmcdn.io\/e1\/w:480,h:576,v:1\/cpm\/wp-content\/uploads\/2024\/06\/megatrend-sustainablepackaging.jpg?s=2af34f50\">\n\t\t<img  loading=\"lazy\"src=\"https:\/\/img.nmcdn.io\/e1\/w:600,h:720,v:1\/cpm\/wp-content\/uploads\/2024\/06\/megatrend-sustainablepackaging.jpg?s=053d0acf\" width=\"600\" height=\"720\" alt=\"\">\n\t<\/picture>\n<\/div>\n\t\t\t\t\t\t<\/div>\n\t\t\t\t\t\t<div class=\"text\">\n\t\t\t\t\t\t\t<h3 class=\"heading\">\n\t\t\t\t\t\t\t\t<a href=\"https:\/\/onecpm.com\/fr\/megatrends\/sustainable-packaging\/\" class=\"link\">Emballage durable<\/a>\n\t\t\t\t\t\t\t<\/h3>\n\t\t\t\t\t\t\t<div class=\"partial-arrow\">\n\t\t\t\t\t\t\t\t<svg xmlns=\"http:\/\/www.w3.org\/2000\/svg\" width=\"28\" height=\"28\" viewbox=\"0 0 28 28\" fill=\"none\" role=\"img\" aria-hidden=\"true\" focusable=\"false\"><path fill-rule=\"evenodd\" clip-rule=\"evenodd\" d=\"M18.5063 14.4666L14.2055 17.9787L14.8392 18.6666L20.5335 13.9999L14.8289 9.33325L14.2073 10.0361L18.5044 13.5333H7.4668V14.4666H18.5063Z\" fill=\"white\"\/><circle cx=\"14\" cy=\"14\" r=\"13.5\" stroke=\"white\"\/><\/svg>\n\t\t\t\t\t\t\t<\/div>\n\t\t\t\t\t\t<\/div>\n\t\t\t\t\t<\/div>\n\t\t\t\t\t\t\t\t\t<div class=\"partial -megatrend -card\">\n\t\t\t\t\t\t<div class=\"image\">\n\t\t\t\t\t\t\t\n<div class=\"image-auto\" style=\"aspect-ratio: 600 \/ 720;\">\n\t<picture>\n\t\t<source \n\t\t\tmedia=\"(max-width: 600px)\"\n\t\t\tsrcset=\"https:\/\/img.nmcdn.io\/e1\/w:480,h:576,v:1\/cpm\/wp-content\/uploads\/2024\/07\/megatrend-wastemanagement.jpg?s=b82f6b06\">\n\t\t<img  loading=\"lazy\"src=\"https:\/\/img.nmcdn.io\/e1\/w:600,h:720,v:1\/cpm\/wp-content\/uploads\/2024\/07\/megatrend-wastemanagement.jpg?s=59ac6e41\" width=\"600\" height=\"720\" alt=\"\">\n\t<\/picture>\n<\/div>\n\t\t\t\t\t\t<\/div>\n\t\t\t\t\t\t<div class=\"text\">\n\t\t\t\t\t\t\t<h3 class=\"heading\">\n\t\t\t\t\t\t\t\t<a href=\"https:\/\/onecpm.com\/fr\/megatrends\/waste-management\/\" class=\"link\">La gestion des d\u00e9chets<\/a>\n\t\t\t\t\t\t\t<\/h3>\n\t\t\t\t\t\t\t<div class=\"partial-arrow\">\n\t\t\t\t\t\t\t\t<svg xmlns=\"http:\/\/www.w3.org\/2000\/svg\" width=\"28\" height=\"28\" viewbox=\"0 0 28 28\" fill=\"none\" role=\"img\" aria-hidden=\"true\" focusable=\"false\"><path fill-rule=\"evenodd\" clip-rule=\"evenodd\" d=\"M18.5063 14.4666L14.2055 17.9787L14.8392 18.6666L20.5335 13.9999L14.8289 9.33325L14.2073 10.0361L18.5044 13.5333H7.4668V14.4666H18.5063Z\" fill=\"white\"\/><circle cx=\"14\" cy=\"14\" r=\"13.5\" stroke=\"white\"\/><\/svg>\n\t\t\t\t\t\t\t<\/div>\n\t\t\t\t\t\t<\/div>\n\t\t\t\t\t<\/div>\n\t\t\t\t\t\t\t<\/div>\n\t\t<\/div>\n\t<\/div>\n\n\t\t\t<\/div>\n\n\t\t\t\t\n\t<\/div>\n<\/div>\n\t\t\t<\/div>\n\n\t\t\t\t\n\t<\/div>","protected":false},"excerpt":{"rendered":"","protected":false},"author":1,"featured_media":0,"parent":0,"menu_order":0,"comment_status":"closed","ping_status":"closed","template":"","meta":{"_acf_changed":false,"footnotes":""},"class_list":["post-3574","page","type-page","status-publish","hentry"],"acf":[],"_links":{"self":[{"href":"https:\/\/onecpm.com\/fr\/wp-json\/wp\/v2\/pages\/3574","targetHints":{"allow":["GET"]}}],"collection":[{"href":"https:\/\/onecpm.com\/fr\/wp-json\/wp\/v2\/pages"}],"about":[{"href":"https:\/\/onecpm.com\/fr\/wp-json\/wp\/v2\/types\/page"}],"author":[{"embeddable":true,"href":"https:\/\/onecpm.com\/fr\/wp-json\/wp\/v2\/users\/1"}],"replies":[{"embeddable":true,"href":"https:\/\/onecpm.com\/fr\/wp-json\/wp\/v2\/comments?post=3574"}],"version-history":[{"count":19,"href":"https:\/\/onecpm.com\/fr\/wp-json\/wp\/v2\/pages\/3574\/revisions"}],"predecessor-version":[{"id":4595,"href":"https:\/\/onecpm.com\/fr\/wp-json\/wp\/v2\/pages\/3574\/revisions\/4595"}],"wp:attachment":[{"href":"https:\/\/onecpm.com\/fr\/wp-json\/wp\/v2\/media?parent=3574"}],"curies":[{"name":"wp","href":"https:\/\/api.w.org\/{rel}","templated":true}]}}