{"id":4352,"date":"2024-07-01T14:02:09","date_gmt":"2024-07-01T14:02:09","guid":{"rendered":"https:\/\/cpm.epicenter1.com\/?page_id=4352"},"modified":"2024-07-17T18:07:30","modified_gmt":"2024-07-17T18:07:30","slug":"press","status":"publish","type":"page","link":"https:\/\/onecpm.com\/fr\/newsroom\/press","title":{"rendered":"Presse"},"content":{"rendered":"<div id=\"block_b9beb8520ac0cfcef4b1f5d929d5b33e\" class=\"nmc-block nmc-block--masthead-basic block-container\">\n\t\n\t\t\n\t\t\t<div class=\"blockbody\">\n\t\t\t\t\t<div class=\"masthead-content -center\">\n\t\t\t\t\t\t\t\t\t\t\t\t\t\t\t\t\t\t\t\t\t\t\t<h1 class=\"page-title\">Presse<\/h1>\n\t<div class=\"page-intro\"><p>Restez inform\u00e9 des derni\u00e8res actualit\u00e9s concernant CPM et de la mani\u00e8re dont nos solutions d&#039;\u00e9quipement innovantes aident les clients du monde entier. De l&#039;am\u00e9lioration de la qualit\u00e9 des produits \u00e0 la durabilit\u00e9, nous aidons les entreprises \u00e0 dynamiser leur activit\u00e9 tout en r\u00e9solvant les d\u00e9fis de demain.<\/p>\n<\/div>\t\t\t\t<\/div>\n\t\t\t<\/div>\n\n\t\t\t\t\n\t<\/div>\n\n\n\n\n\n\t\n\n\t\t\t\t\n\t\n<div id=\"block_5b4233bc061c24bf16144dc4abfae7ab\" class=\"nmc-block nmc-block--press-listing block-container alignwide\">\n\t\n\t\t\n\t\t\t<div class=\"blockbody\">\n\t\t\t\t\n\n\n\n\n\n\n\n\n\n<div class=\"block-listing\">\n\n\t\n\n\t\t<div class=\"paginated grid-3\">\n\t\t\t<div class=\"partial-container\">\n\t\t\t<div class=\"partial -press -card\">\n    <div class=\"text\">\n        <p class=\"is-style-eyebrow-heading\">Presse<\/p>\n\n        <h2 class=\"item-title\">\n            <a href=\"https:\/\/e1.nmcdn.io\/assets\/cpm\/wp-content\/uploads\/2026\/04\/Conveyor-Press-Release.pdf\" target=\"_blank\" class=\"link\">CPM|Crown \u00e9largit son offre avec une gamme compl\u00e8te de solutions de convoyage<\/a>\n        <\/h2>\n        <div class=\"post-meta\">\n                    <\/div>\n    <\/div>\n<\/div>\t\t<\/div>\n\t\t\t<div class=\"partial-container\">\n\t\t\t<div class=\"partial -press -card\">\n    <div class=\"text\">\n        <p class=\"is-style-eyebrow-heading\">Presse<\/p>\n\n        <h2 class=\"item-title\">\n            <a href=\"https:\/\/e1.nmcdn.io\/assets\/cpm\/wp-content\/uploads\/2026\/04\/UK-Office-Open-Press-Release-Final.pdf\" target=\"_blank\" class=\"link\">CPM|Crown inaugure un nouveau centre d&#039;op\u00e9rations europ\u00e9en ultramoderne<\/a>\n        <\/h2>\n        <div class=\"post-meta\">\n                    <\/div>\n    <\/div>\n<\/div>\t\t<\/div>\n\t\t\t<div class=\"partial-container\">\n\t\t\t<div class=\"partial -press -card\">\n    <div class=\"text\">\n        <p class=\"is-style-eyebrow-heading\">Presse<\/p>\n\n        <h2 class=\"item-title\">\n            <a href=\"https:\/\/biomassmagazine.com\/articles\/cpm-launches-revolutionary-direct-drive-high-capacity-pellet-mill\" target=\"_blank\" class=\"link\">CPM lance une presse \u00e0 granul\u00e9s r\u00e9volutionnaire \u00e0 entra\u00eenement direct et haute capacit\u00e9<\/a>\n        <\/h2>\n        <div class=\"post-meta\">\n                    <\/div>\n    <\/div>\n<\/div>\t\t<\/div>\n\t\t\t<div class=\"partial-container\">\n\t\t\t<div class=\"partial -press -card\">\n    <div class=\"text\">\n        <p class=\"is-style-eyebrow-heading\">Presse<\/p>\n\n        <h2 class=\"item-title\">\n            <a href=\"https:\/\/e1.nmcdn.io\/assets\/cpm\/wp-content\/uploads\/2026\/02\/UK-Building-Press-Release-FINAL.pdf\" target=\"_blank\" class=\"link\">CPM|Crown : ouverture d&#039;un nouveau centre d&#039;op\u00e9rations europ\u00e9en ultramoderne<\/a>\n        <\/h2>\n        <div class=\"post-meta\">\n                    <\/div>\n    <\/div>\n<\/div>\t\t<\/div>\n\t\t\t<div class=\"partial-container\">\n\t\t\t<div class=\"partial -press -card\">\n    <div class=\"text\">\n        <p class=\"is-style-eyebrow-heading\">Presse<\/p>\n\n        <h2 class=\"item-title\">\n            <a href=\"https:\/\/en.allpetfood.net\/magazine\/october-2025\/?page=62\" target=\"_blank\" class=\"link\">Solutions de transformation compl\u00e8tes pour les producteurs d&#039;aliments pour animaux de compagnie<\/a>\n        <\/h2>\n        <div class=\"post-meta\">\n            <span> Tous les aliments pour animaux de compagnie<\/span>        <\/div>\n    <\/div>\n<\/div>\t\t<\/div>\n\t\t\t<div class=\"partial-container\">\n\t\t\t<div class=\"partial -press -card\">\n    <div class=\"text\">\n        <p class=\"is-style-eyebrow-heading\">Presse<\/p>\n\n        <h2 class=\"item-title\">\n            <a href=\"https:\/\/allaquaculture.com\/videos\/cpm-in-the-aquaculture-industry-1204\/\" target=\"_blank\" class=\"link\">CPM dans l&#039;industrie aquacole<\/a>\n        <\/h2>\n        <div class=\"post-meta\">\n            <span>Toute l&#039;aquaculture<\/span>        <\/div>\n    <\/div>\n<\/div>\t\t<\/div>\n\t\t<\/div>\n\n\t\n\t\t\t\t\t<nav class=\"pagination load-more\" role=\"navigation\" aria-label=\"Navigation par pagination\">\n\t\t\t\t\t\t\t\t\t\t<link rel=\"prefetch\" href=\"https:\/\/\/onecpm.com\/fr\/wp-json\/wp\/v2\/pages\/4352?pg=2\">\n\t\t\t\t<a href=\"https:\/\/\/onecpm.com\/fr\/wp-json\/wp\/v2\/pages\/4352?pg=2\" class=\"loadmore btn\" aria-label=\"Charger la page suivante\">Charger plus<\/a>\n\t\t\t\t\t<\/nav>\n\t\n<\/div>\n\t\t\t<\/div>\n\n\t\t\t\t\n\t<\/div>","protected":false},"excerpt":{"rendered":"","protected":false},"author":1,"featured_media":0,"parent":2116,"menu_order":0,"comment_status":"closed","ping_status":"closed","template":"","meta":{"_acf_changed":false,"footnotes":""},"class_list":["post-4352","page","type-page","status-publish","hentry"],"acf":[],"_links":{"self":[{"href":"https:\/\/onecpm.com\/fr\/wp-json\/wp\/v2\/pages\/4352","targetHints":{"allow":["GET"]}}],"collection":[{"href":"https:\/\/onecpm.com\/fr\/wp-json\/wp\/v2\/pages"}],"about":[{"href":"https:\/\/onecpm.com\/fr\/wp-json\/wp\/v2\/types\/page"}],"author":[{"embeddable":true,"href":"https:\/\/onecpm.com\/fr\/wp-json\/wp\/v2\/users\/1"}],"replies":[{"embeddable":true,"href":"https:\/\/onecpm.com\/fr\/wp-json\/wp\/v2\/comments?post=4352"}],"version-history":[{"count":3,"href":"https:\/\/onecpm.com\/fr\/wp-json\/wp\/v2\/pages\/4352\/revisions"}],"predecessor-version":[{"id":5864,"href":"https:\/\/onecpm.com\/fr\/wp-json\/wp\/v2\/pages\/4352\/revisions\/5864"}],"up":[{"embeddable":true,"href":"https:\/\/onecpm.com\/fr\/wp-json\/wp\/v2\/pages\/2116"}],"wp:attachment":[{"href":"https:\/\/onecpm.com\/fr\/wp-json\/wp\/v2\/media?parent=4352"}],"curies":[{"name":"wp","href":"https:\/\/api.w.org\/{rel}","templated":true}]}}