{"id":3568,"date":"2024-06-12T16:41:51","date_gmt":"2024-06-12T16:41:51","guid":{"rendered":"https:\/\/cpm.epicenter1.com\/?page_id=3568"},"modified":"2025-06-24T23:22:33","modified_gmt":"2025-06-24T23:22:33","slug":"training","status":"publish","type":"page","link":"https:\/\/onecpm.com\/it\/aftermarket-service\/training","title":{"rendered":"Formazione"},"content":{"rendered":"<div id=\"block_75098a876e4c014996bf8ef6da1b5758\" class=\"nmc-block nmc-block--masthead-aftermarket block-container alignfull -mode-dark\">\n\t\n\t\t\n\t\t\t<div class=\"blockbody\">\n\t\t\t\t<div class=\"masthead-media -overlay\">\n\t\t<div class=\"image\">\n\t\t\t\t\t\t\t\t\t\t\t\t<picture>\n\t\t\t<source media=\"(max-width: 499px)\" srcset=\"https:\/\/img.nmcdn.io\/e1\/w:600,h:338,v:1\/cpm\/wp-content\/uploads\/2025\/04\/two-Engineers-At-CNC.jpg?s=7306a556\">\n\t\t\t<source media=\"(max-width: 899px)\" srcset=\"https:\/\/img.nmcdn.io\/e1\/w:1200,h:675,v:1\/cpm\/wp-content\/uploads\/2025\/04\/two-Engineers-At-CNC.jpg?s=fa17e001\">\n\t\t\t<img fetchpriority=\"high\" decoding=\"async\" loading=\"eager\" style=\"aspect-ratio: 1.7777777777778;\" src=\"https:\/\/img.nmcdn.io\/e1\/w:1800,h:1013,v:1\/cpm\/wp-content\/uploads\/2025\/04\/two-Engineers-At-CNC.jpg?s=bfa0b912\" width=\"1800\" height=\"1013\" alt=\"\" aria-hidden=\"true\">\n\t\t<\/picture>\n\t<\/div>\n\t\t\n<\/div>\n<div class=\"bound boundwider\">\n\t<div class=\"masthead-content\">\n\t\t<p class=\"is-style-eyebrow-heading\">Mercato post-vendita e assistenza<\/strong><\/p>\n\t\t<h1 class=\"page-title\">Formazione<\/h1>\n\t\t\t\t\t<\/div>\n<\/div>\n\n<script>\n(function(){\n\tdocument.documentElement.classList.add('-transparent-header');\n})();\n<\/script>\n\t\t\t<\/div>\n\n\t\t\t\t\n\t<\/div>\n\n\n\n\n\n\t\n\n\t\t\t\t\t\t\t\n\n<div id=\"block_b53a2d646f7d4d0231575d0ac337beee\" class=\"nmc-block nmc-block--intro-complex block-container alignfull\">\n\t\n\t\t\n\t\t\t<div class=\"blockbody\">\n\t\t\t\t\n\t<div class=\"wrap\">\n\t\t<div class=\"block-intro\">\n\t\t\t\t\t\t\t<p class=\"is-style-eyebrow-heading\">Panoramica<\/p>\n\t\t\t\t\t\t\t\t\t\t                                                                                                            <h2 class=\"block-title\">Formazione &amp; <strong>Prova<\/strong><\/h2>\t\t\t\t\t\t\t\t\t<div class=\"text\">\n\t\t\t\t<p>Non ci limitiamo a produrre attrezzature leader del settore, ma forniamo anche una formazione completa per garantire che i tuoi operatori e tecnici siano completamente attrezzati per massimizzare le prestazioni e l&#039;efficienza delle nostre macchine e della tecnologia di elaborazione. La formazione garantisce che i tuoi dipendenti siano competenti e sicuri nel mantenere e utilizzare la nostra tecnologia come progettato, creando un ambiente di lavoro fiorente e professionale in cui i dipendenti desiderano rimanere. <\/p>\n\t\t\t<\/div>\n\t\t\t\n\t\t\t\t\t\t\t<a href=\"https:\/\/onecpm.com\/it\/about-cpm\/contact-us\/\" class=\"btn -non-btn\" >Mettiti in contatto<svg xmlns=\"http:\/\/www.w3.org\/2000\/svg\" width=\"17\" height=\"12\" viewbox=\"0 0 17 12\" fill=\"none\" role=\"img\" aria-hidden=\"true\" focusable=\"false\"><title>arrow<\/title>\n<path fill-rule=\"evenodd\" clip-rule=\"evenodd\" d=\"M13.9176 6.28571L8.65133 10.5863L9.42733 11.4286L16.3999 5.71429L9.41476 0L8.65362 0.860571L13.9153 5.14286L0.399902 5.14286L0.399902 6.28571L13.9176 6.28571Z\" fill=\"white\"\/>\n<\/svg><\/a>\t\t\t\t\t<\/div>\n\n\t\t<div class=\"image\">\n\t\t\t\n<div class=\"image-auto\" style=\"aspect-ratio: 1400 \/ 1722;\">\n\t<picture>\n\t\t<source \n\t\t\tmedia=\"(max-width: 600px)\"\n\t\t\tsrcset=\"https:\/\/img.nmcdn.io\/e1\/w:480,h:591,v:1\/cpm\/wp-content\/uploads\/2025\/04\/Worker-checking-work-scaled.jpg?s=1777e2af\">\n\t\t<img  loading=\"lazy\"src=\"https:\/\/img.nmcdn.io\/e1\/w:600,h:738,v:1\/cpm\/wp-content\/uploads\/2025\/04\/Worker-checking-work-scaled.jpg?s=4a48cacc\" width=\"1400\" height=\"1722\" alt=\"\">\n\t<\/picture>\n<\/div>\n\n\t\t\t\t\t<\/div>\n\t<\/div>\n\n\t\t\t<\/div>\n\n\t\t\t\t\n\t<\/div>\n\n\n\n\t\n\n\t\t\t\t\t\t\t\n\n<div id=\"block_6e2e89c4b6936570b299d8f212f22ae5\" class=\"nmc-block nmc-block--tabbed-ctas block-container alignfull\">\n\t\n\t\t\n\t\t\t<div class=\"blockbody\">\n\t\t\t\t\t\n\t<div class=\"block-wrap gray\">\n\t\t<div class=\"bound boundwider\">\n\t\t\t<div class=\"block-intro -mode-gray\">\n\t\t\t\t<div class=\"block-left\">\n\t\t\t\t\t                                                                                                                                                                    <h2 class=\"block-title\">Formazione e test dal produttore<\/h2>\t\t\t\t\t\t\t\t\t\t\t<div class=\"content\">Poich\u00e9 progettiamo e costruiamo l&#039;attrezzatura, la conosciamo dentro e fuori. Questo rende CPM il partner migliore per formare i tuoi operatori e tecnici. I nostri programmi di formazione aiuteranno il tuo personale a far funzionare le macchine in modo efficiente, ridurre i tempi di fermo e aumentare la produttivit\u00e0.\r\n<\/div>\n\t\t\t\t\t\t\t\t\t<\/div>\n\n\t\t\t\t\t\t\t<\/div>\n\n\t\t\t<div class=\"tabs\">\n\t\t\t\t<div class=\"tabs_list\" role=\"tablist\">\n\t\t\t\t\t\t\t\t\t\t\t<button type=\"button\" class=\"tab\" role=\"tab\" aria-controls=\"block_6e2e89c4b6936570b299d8f212f22ae5-1\" id=\"tab-block_6e2e89c4b6936570b299d8f212f22ae5-1\" tabindex=\"\">Programmi di formazione<\/button>\n\t\t\t\t\t\t\t\t\t\t\t<button type=\"button\" class=\"tab\" role=\"tab\" aria-controls=\"block_6e2e89c4b6936570b299d8f212f22ae5-2\" id=\"tab-block_6e2e89c4b6936570b299d8f212f22ae5-2\" tabindex=\"-1\">Competenza dei dipendenti<\/button>\n\t\t\t\t\t\t\t\t\t\t\t<button type=\"button\" class=\"tab\" role=\"tab\" aria-controls=\"block_6e2e89c4b6936570b299d8f212f22ae5-3\" id=\"tab-block_6e2e89c4b6936570b299d8f212f22ae5-3\" tabindex=\"-1\">Supporto e apprendimento continui<\/button>\n\t\t\t\t\t\t\t\t\t<\/div>\n\n\t\t\t\t<div class=\"tab-content\">\n\n\t\t\t\t\t\t\t\t\t\t\t<div class=\"tab_panel\" tabindex=\"0\" role=\"tabpanel\" id=\"block_6e2e89c4b6936570b299d8f212f22ae5-1\" >\n\t\t\t\t\t\t\t<div class=\"tab-background\">\n\t\t\t\t\t\t\t\t<div class=\"image\">\n\t\t\t\t\t\t\t\t\t\t\t\t\t\t\t\t\t\t\t\t\t\t\t\t\t\t\t\t\t\t\t\t\t\t\t\t\t\t\t\t\t\t\t\t\t\t\t\t\t\t\t\t\t\t<picture>\n\t\t\t\t\t\t\t\t\t\t<source media=\"(max-width: 499px)\" srcset=\"https:\/\/img.nmcdn.io\/e1\/w:600,h:800,v:1\/cpm\/wp-content\/uploads\/2025\/04\/Mechnical_Assembly.jpg?s=92a65db4\">\n\t\t\t\t\t\t\t\t\t\t<source media=\"(max-width: 899px)\" srcset=\"https:\/\/img.nmcdn.io\/e1\/w:1200,h:724,v:1\/cpm\/wp-content\/uploads\/2025\/04\/Mechnical_Assembly.jpg?s=c307ac96\">\n\t\t\t\t\t\t\t\t\t\t<img decoding=\"async\" loading=\"eager\" style=\"aspect-ratio: 1.6578947368421;\" src=\"https:\/\/img.nmcdn.io\/e1\/w:1800,h:1086,v:1\/cpm\/wp-content\/uploads\/2025\/04\/Mechnical_Assembly.jpg?s=a4ba32bd\" width=\"1800\" height=\"1086\" alt=\"\" aria-hidden=\"true\">\n\t\t\t\t\t\t\t\t\t<\/picture>\n\t\t\t\t\t\t\t\t<\/div>\n\t\t\t\t\t\t\t<\/div>\n\t\t\t\t\t\t\t<div class=\"tab-wrap -left\">\n\t\t\t\t\t\t\t\t<div class=\"text -mode-dark\">\n\t\t\t\t\t\t\t\t\t\t\t\t\t\t\t\t\t\t\t<p class=\"is-style-eyebrow-heading\">Programmi di formazione<\/p>\n\t\t\t\t\t\t\t\t\t\t\t\t\t\t\t\t\t\t                                                                                                                                                                                <h2 class=\"block-title\">Formazione personalizzata in base alle tue specifiche esigenze.<\/h2>\t\t\t\t\t\t\t\t\t\t\t\t\t\t\t\t\t\t\t<p>Che si tratti di operazioni di base, manutenzione o risoluzione avanzata dei problemi, la nostra formazione pratica fornir\u00e0 al tuo team le competenze necessarie per far funzionare senza problemi le tue apparecchiature. Possiamo schierare formatori dedicati ed esperti in materia per insegnare la teoria della lavorazione dei materiali, la progettazione, il funzionamento, la manutenzione, gli avvii e gli arresti. Diamo importanza all&#039;apprendimento esperienziale pratico in modo che i tuoi dipendenti possano applicare le loro conoscenze direttamente alle tue operazioni.<\/p>\n\n\t\t\t\t\t\t\t\t\t\t\t\t\t\t\t\t\t\t\t\t\t\t\t\t\t\t<\/div>\n\t\t\t\t\t\t\t<\/div>\n\t\t\t\t\t\t<\/div>\n\t\t\t\t\t\t\t\t\t\t\t<div class=\"tab_panel\" tabindex=\"0\" role=\"tabpanel\" id=\"block_6e2e89c4b6936570b299d8f212f22ae5-2\" hidden=\"\">\n\t\t\t\t\t\t\t<div class=\"tab-background\">\n\t\t\t\t\t\t\t\t<div class=\"image\">\n\t\t\t\t\t\t\t\t\t\t\t\t\t\t\t\t\t\t\t\t\t\t\t\t\t\t\t\t\t\t\t\t\t\t\t\t\t\t\t\t\t\t\t\t\t\t\t\t\t\t\t\t\t\t<picture>\n\t\t\t\t\t\t\t\t\t\t<source media=\"(max-width: 499px)\" srcset=\"https:\/\/img.nmcdn.io\/e1\/w:600,h:800,v:1\/cpm\/wp-content\/uploads\/2024\/07\/aftermarket-trainingtesting-tab2.jpg?s=63831db5\">\n\t\t\t\t\t\t\t\t\t\t<source media=\"(max-width: 899px)\" srcset=\"https:\/\/img.nmcdn.io\/e1\/w:1200,h:724,v:1\/cpm\/wp-content\/uploads\/2024\/07\/aftermarket-trainingtesting-tab2.jpg?s=5d70cab3\">\n\t\t\t\t\t\t\t\t\t\t<img decoding=\"async\" loading=\"eager\" style=\"aspect-ratio: 1.6578947368421;\" src=\"https:\/\/img.nmcdn.io\/e1\/w:1800,h:1086,v:1\/cpm\/wp-content\/uploads\/2024\/07\/aftermarket-trainingtesting-tab2.jpg?s=1e81d38d\" width=\"1800\" height=\"1086\" alt=\"\" aria-hidden=\"true\">\n\t\t\t\t\t\t\t\t\t<\/picture>\n\t\t\t\t\t\t\t\t<\/div>\n\t\t\t\t\t\t\t<\/div>\n\t\t\t\t\t\t\t<div class=\"tab-wrap -right\">\n\t\t\t\t\t\t\t\t<div class=\"text -mode-dark\">\n\t\t\t\t\t\t\t\t\t\t\t\t\t\t\t\t\t\t\t<p class=\"is-style-eyebrow-heading\">Competenza dei dipendenti<\/p>\n\t\t\t\t\t\t\t\t\t\t\t\t\t\t\t\t\t\t                                                                                                                                                                                                                                                                                        <h2 class=\"block-title\">Aumentare la produzione, ridurre i costi del lavoro e migliorare la sicurezza dei dipendenti.<\/h2>\t\t\t\t\t\t\t\t\t\t\t\t\t\t\t\t\t\t\t<p>La formazione dei dipendenti pu\u00f2 aumentare la sicurezza e la salute sul lavoro. Un team ben formato pu\u00f2 anche far risparmiare tempo e costi riducendo gli arresti imprevisti e aumentando l&#039;efficienza e la produttivit\u00e0. I nostri programmi di formazione enfatizzano l&#039;apprendimento esperienziale pratico in modo che i tuoi dipendenti possano applicare le loro conoscenze direttamente alle operazioni del tuo impianto, rafforzando cos\u00ec la loro competenza e sicurezza.<\/p>\n\n\t\t\t\t\t\t\t\t\t\t\t\t\t\t\t\t\t\t\t\t\t\t\t\t\t\t<\/div>\n\t\t\t\t\t\t\t<\/div>\n\t\t\t\t\t\t<\/div>\n\t\t\t\t\t\t\t\t\t\t\t<div class=\"tab_panel\" tabindex=\"0\" role=\"tabpanel\" id=\"block_6e2e89c4b6936570b299d8f212f22ae5-3\" hidden=\"\">\n\t\t\t\t\t\t\t<div class=\"tab-background\">\n\t\t\t\t\t\t\t\t<div class=\"image\">\n\t\t\t\t\t\t\t\t\t\t\t\t\t\t\t\t\t\t\t\t\t\t\t\t\t\t\t\t\t\t\t\t\t\t\t\t\t\t\t\t\t\t\t\t\t\t\t\t\t\t\t\t\t\t<picture>\n\t\t\t\t\t\t\t\t\t\t<source media=\"(max-width: 499px)\" srcset=\"https:\/\/img.nmcdn.io\/e1\/w:600,h:800,v:1\/cpm\/wp-content\/uploads\/2024\/07\/aftermarket-trainingtesting-tab3.jpg?s=e2315f0d\">\n\t\t\t\t\t\t\t\t\t\t<source media=\"(max-width: 899px)\" srcset=\"https:\/\/img.nmcdn.io\/e1\/w:1200,h:724,v:1\/cpm\/wp-content\/uploads\/2024\/07\/aftermarket-trainingtesting-tab3.jpg?s=1262d39e\">\n\t\t\t\t\t\t\t\t\t\t<img decoding=\"async\" loading=\"eager\" style=\"aspect-ratio: 1.6578947368421;\" src=\"https:\/\/img.nmcdn.io\/e1\/w:1800,h:1086,v:1\/cpm\/wp-content\/uploads\/2024\/07\/aftermarket-trainingtesting-tab3.jpg?s=222bfa74\" width=\"1800\" height=\"1086\" alt=\"\" aria-hidden=\"true\">\n\t\t\t\t\t\t\t\t\t<\/picture>\n\t\t\t\t\t\t\t\t<\/div>\n\t\t\t\t\t\t\t<\/div>\n\t\t\t\t\t\t\t<div class=\"tab-wrap -left\">\n\t\t\t\t\t\t\t\t<div class=\"text -mode-dark\">\n\t\t\t\t\t\t\t\t\t\t\t\t\t\t\t\t\t\t\t<p class=\"is-style-eyebrow-heading\">Supporto e apprendimento continui<\/p>\n\t\t\t\t\t\t\t\t\t\t\t\t\t\t\t\t\t\t                                                                                                                                        <h2 class=\"block-title\">Oltre una singola sessione di allenamento.<\/h2>\t\t\t\t\t\t\t\t\t\t\t\t\t\t\t\t\t\t\t<p>Forniamo risorse e supporto continui per tenere il tuo team aggiornato sulle ultime e migliori pratiche e tecnologie. Questo apprendimento continuo assicura che il tuo staff rimanga competente e che la tua attivit\u00e0 rimanga efficiente.<\/p>\n<p>Le sedi di formazione sono flessibili: verremo noi presso la tua struttura oppure il tuo team potr\u00e0 recarsi in uno dei nostri centri di innovazione o laboratori di prova di livello mondiale per un&#039;esperienza immersiva e reale.<\/p>\n\n\t\t\t\t\t\t\t\t\t\t\t\t\t\t\t\t\t\t\t\t\t\t\t\t\t\t<\/div>\n\t\t\t\t\t\t\t<\/div>\n\t\t\t\t\t\t<\/div>\n\t\t\t\t\t\t\t\t\t\t\n\t\t\t\t<\/div>\n\t\t\t<\/div>\n\n\t\t\t\n\t\t<\/div>\n\t<\/div>\n\n\t\n\t\t\t<\/div>\n\n\t\t\t\t\n\t<\/div>\n\n\n\n\t\n\n\t\t\t\t\t\t\t\n\n<div id=\"block_48dfe6b08408e0fce0b4f4ebfc7a0c47\" class=\"nmc-block nmc-block--story-cta block-container alignfull\">\n\t\n\t\t\n\t\t\t<div class=\"blockbody\">\n\t\t\t\t<div class=\"bound boundfull\">\n\t<div class=\"story-wrap -mode-dark\">\n\t\t<div class=\"story-background\">\n\t\t\t<div class=\"image\">\n\t\t\t\t\t\t\t\t\n<picture>\n\t<source srcset=\"https:\/\/img.nmcdn.io\/e1\/w:900,h:600,v:1\/cpm\/wp-content\/uploads\/imported-files\/news-building-equipment-lifetime-california-pellet-mill.jpg?s=9655c320\" width=\"900\" height=\"600\" media=\"(max-width: 900px)\" type=\"image\/webp\">\n\t<source srcset=\"https:\/\/img.nmcdn.io\/e1\/w:900,h:600,v:1\/cpm\/wp-content\/uploads\/imported-files\/news-building-equipment-lifetime-california-pellet-mill.jpg?s=9655c320\" width=\"900\" height=\"600\" media=\"(max-width: 900px)\">\n\t<source srcset=\"https:\/\/img.nmcdn.io\/e1\/w:1256,h:615,v:1\/cpm\/wp-content\/uploads\/imported-files\/news-building-equipment-lifetime-california-pellet-mill.jpg?s=2280a070\" type=\"image\/webp\">\n\t<img loading=\"lazy\" decoding=\"async\" src=\"https:\/\/img.nmcdn.io\/e1\/w:1256,h:615,v:1\/cpm\/wp-content\/uploads\/imported-files\/news-building-equipment-lifetime-california-pellet-mill.jpg?s=2280a070\" width=\"1256\" height=\"615\" alt=\"building equipment news\">\n<\/picture>\n\t\t\t<\/div>\n\t\t<\/div>\n\t\t<div class=\"story-content\">\n\t\t\t<div class=\"supheading\">Soluzioni in primo piano<\/div>\n\t\t\t<div class=\"content\">\n\t\t\t\t                                                                                                                                                                                                                        <h2 class=\"block-title\">Costruire e supportare apparecchiature che durano una vita<\/h2>\t\t\t\t\t\t\t\t<a href=\"https:\/\/onecpm.com\/it\/success-story\/building-supporting-equipment-that-lasts-a-lifetime\/\" target=\"\" class=\"btn -non-btn\">Continua a leggere <svg xmlns=\"http:\/\/www.w3.org\/2000\/svg\" width=\"17\" height=\"12\" viewbox=\"0 0 17 12\" fill=\"none\" role=\"img\" aria-hidden=\"true\" focusable=\"false\"><title>arrow<\/title>\n<path fill-rule=\"evenodd\" clip-rule=\"evenodd\" d=\"M13.9176 6.28571L8.65133 10.5863L9.42733 11.4286L16.3999 5.71429L9.41476 0L8.65362 0.860571L13.9153 5.14286L0.399902 5.14286L0.399902 6.28571L13.9176 6.28571Z\" fill=\"white\"\/>\n<\/svg><span class=\"sr\"> Informazioni su Attrezzature per l&#039;edilizia e il supporto che durano una vita<\/span><\/a>\n\t\t\t<\/div>\n\t\t<\/div>\n\t<\/div>\n<\/div>\n\t\t\t<\/div>\n\n\t\t\t\t\n\t<\/div>\n\n\n\n\t\n\n\t\t\t\t\t\t\t\n\t\n<div id=\"block_0d3e0b2d865bbda7eddfa7dab8657730\" class=\"nmc-block nmc-block--split block-container alignfull -Width alignfull\">\n\t\n\t\t\n\t\t\t<div class=\"blockbody\">\n\t\t\t\t\t<div class=\"bound boundwider\">\n\t\t\n\n<div class=\"split-half\">\n\t<div class=\"split-half-content\">\n\n\t\t\n\n<div class=\"split-half-image\">\n\t\t\t\t\t\t\t\t\t\t<picture>\n\t\t<source media=\"(max-width: 400px)\" srcset=\"https:\/\/img.nmcdn.io\/e1\/w:500,h:530,v:1\/cpm\/wp-content\/uploads\/2024\/07\/aftermarket-trainingtesting-CTA.jpg?s=064f0585\">\n\t\t<img decoding=\"async\" loading=\"lazy\" style=\"aspect-ratio: 0.94339622641509;\" src=\"https:\/\/img.nmcdn.io\/e1\/w:800,h:848,v:1\/cpm\/wp-content\/uploads\/2024\/07\/aftermarket-trainingtesting-CTA.jpg?s=e8ab537e\" width=\"800\" height=\"848\" alt=\"Training Testing\">\n\t<\/picture>\n<\/div>\n\n\n\t\t\n\t<\/div>\n<\/div>\n\n\n<div class=\"split-half\">\n\t<div class=\"split-half-content\">\n\n\t\t\n\n<p class=\"is-style-eyebrow-heading\">Contattaci<\/p>\n\n\n\n<h2 class=\"wp-block-heading\"><strong>Ottieni il massimo<\/strong> dalla tua apparecchiatura CPM<\/h2>\n\n\n\n<p>Investi nei servizi di formazione di CPM per assicurarti di ottenere il massimo dalla tua attrezzatura. Contattaci oggi stesso per scoprire come possiamo aiutare la tua attivit\u00e0.<\/p>\n\n\n\n\n\n\t\t\t\t\n\n<div class=\"nmc-block nmc-block--buttons\" id=\"block_23131bbfe1636f45f1e292d98dcfc0fd\">\n\t<div class=\"blockbody\">\n\t\n\t\t\t\t\t\t\n\t\t<a href=\"https:\/\/onecpm.com\/it\/about-cpm\/contact-us\/\" class=\"btn -btn\" >Contattaci<\/a>\n\t\t<\/div>\n<\/div>\n\n\t\t\n\t<\/div>\n<\/div>\n\n\t<\/div>\n\t\t\t<\/div>\n\n\t\t\t\t\n\t<\/div>","protected":false},"excerpt":{"rendered":"","protected":false},"author":1,"featured_media":0,"parent":772,"menu_order":1,"comment_status":"closed","ping_status":"closed","template":"","meta":{"_acf_changed":false,"footnotes":""},"class_list":["post-3568","page","type-page","status-publish","hentry"],"acf":[],"_links":{"self":[{"href":"https:\/\/onecpm.com\/it\/wp-json\/wp\/v2\/pages\/3568","targetHints":{"allow":["GET"]}}],"collection":[{"href":"https:\/\/onecpm.com\/it\/wp-json\/wp\/v2\/pages"}],"about":[{"href":"https:\/\/onecpm.com\/it\/wp-json\/wp\/v2\/types\/page"}],"author":[{"embeddable":true,"href":"https:\/\/onecpm.com\/it\/wp-json\/wp\/v2\/users\/1"}],"replies":[{"embeddable":true,"href":"https:\/\/onecpm.com\/it\/wp-json\/wp\/v2\/comments?post=3568"}],"version-history":[{"count":25,"href":"https:\/\/onecpm.com\/it\/wp-json\/wp\/v2\/pages\/3568\/revisions"}],"predecessor-version":[{"id":10990,"href":"https:\/\/onecpm.com\/it\/wp-json\/wp\/v2\/pages\/3568\/revisions\/10990"}],"up":[{"embeddable":true,"href":"https:\/\/onecpm.com\/it\/wp-json\/wp\/v2\/pages\/772"}],"wp:attachment":[{"href":"https:\/\/onecpm.com\/it\/wp-json\/wp\/v2\/media?parent=3568"}],"curies":[{"name":"parola chiave","href":"https:\/\/api.w.org\/{rel}","templated":true}]}}