{"id":4564,"date":"2024-07-03T19:44:22","date_gmt":"2024-07-03T19:44:22","guid":{"rendered":"https:\/\/cpm.epicenter1.com\/?page_id=4564"},"modified":"2024-07-16T18:50:26","modified_gmt":"2024-07-16T18:50:26","slug":"cpm-supplier-code-of-conduct","status":"publish","type":"page","link":"https:\/\/onecpm.com\/it\/cpm-supplier-code-of-conduct","title":{"rendered":"Codice di condotta dei fornitori"},"content":{"rendered":"<div id=\"block_c8a2d07ace8fd446d9cdf4d7eb7e4e0c\" class=\"nmc-block nmc-block--masthead-basic block-container alignwider\">\n\t\n\t\t\n\t\t\t<div class=\"blockbody\">\n\t\t\t\t<div class=\"masthead-content\">\n\t\t\t\t\t\t\t\t\t\t\t\t\t\t\t\t\t\t\t\t\t\t\t\t\t\t\t\t\t\t\t\t\t\t\t\t\t\t\t\t\t\t\t\t\t\t\t\t\t\t\t\t\t\t\t\t\t\t\t\t\t\t\t\t\t\t\t\t\t\t\t\t\t\t\t\t\t\t\t\t<h1 class=\"page-title\">Codice di condotta dei fornitori<\/h1>\n\t<div class=\"page-intro\"><p>Ultima revisione: 3 luglio 2024<\/p>\n<\/div>\t\t\t\t<\/div>\n\t\t\t<\/div>\n\n\t\t\t\t\n\t<\/div>\n\n\n\n\n<hr class=\"wp-block-separator alignfull has-alpha-channel-opacity\"\/>\n\n\n\n<p>Il Codice di condotta per i fornitori CPM (il &quot;Codice&quot;) \u00e8 applicabile a tutti i fornitori del gruppo di aziende CPM. Tutti i fornitori, venditori, appaltatori, consulenti, agenti, subappaltatori e altri fornitori di beni e servizi e i rispettivi direttori, funzionari, dirigenti, azionisti, membri, dipendenti, agenti, appaltatori o altri rappresentanti (collettivamente &quot;fornitori&quot;) devono familiarizzare con il Codice e rispettarlo come condizione per fare affari con CPM. Il Codice riconosce che CPM richiede ai propri fornitori i pi\u00f9 elevati standard di etica aziendale. La mancata osservanza del Codice pu\u00f2 comportare la risoluzione degli attuali contratti di fornitura di un fornitore e l&#039;ineleggibilit\u00e0 per qualsiasi futuro contratto di fornitura con CPM. Inoltre, sar\u00e0 responsabilit\u00e0 del fornitore garantire che tutti i suoi subappaltatori, subfornitori, venditori o altri agenti e rappresentanti rispettino in ogni momento il Codice e qualsiasi violazione del Codice da parte di uno dei soggetti sopra menzionati sar\u00e0 considerata una violazione del Codice da parte del fornitore.<\/p>\n\n\n\n<p>CPM richiede ai propri fornitori di condurre la propria attivit\u00e0 in modo etico e di rispettare i seguenti principi:<\/p>\n\n\n\n<p><strong>Rispettare la legge<\/strong><\/p>\n\n\n\n<p>L&#039;impegno di CPM per l&#039;integrit\u00e0 inizia con il rispetto delle leggi, delle norme e dei regolamenti nei luoghi in cui operiamo. I fornitori devono comprendere e rispettare in ogni momento le leggi, le norme e i regolamenti applicabili a loro. Inoltre, in quanto azienda con sede negli Stati Uniti, CPM richiede a tutti i fornitori di rispettare rigorosamente il Foreign Corrupt Practices Act statunitense, nonch\u00e9 qualsiasi legge anticorruzione applicabile simile.<\/p>\n\n\n\n<p><strong>Concorrenza<\/strong><\/p>\n\n\n\n<p>CPM \u00e8 dedita a una concorrenza etica, leale e vigorosa. I fornitori devono prendere decisioni indipendenti in materia di prezzi e marketing e non devono cooperare o coordinare impropriamente le attivit\u00e0 con i loro concorrenti o dipendenti di CPM. I fornitori non devono offrire o sollecitare pagamenti o gratifiche impropri in relazione alla vendita di beni o servizi a CPM. Ai fornitori \u00e8 severamente vietato impegnarsi in accordi corrotti con clienti, subfornitori, funzionari governativi o altre terze parti. Inoltre, CPM proibisce ai propri fornitori di impegnarsi in qualsiasi forma di corruzione nel settore pubblico o commerciale. I fornitori non devono offrire, promettere o fornire nulla di valore, direttamente o indirettamente, a funzionari governativi o a persone o entit\u00e0 private, allo scopo di indurre il destinatario ad aiutare il fornitore (o CPM) a ottenere un vantaggio personale o commerciale.<\/p>\n\n\n\n<p><strong>Conflitti di interessi; regali, gratificazioni e cortesie commerciali<\/strong><\/p>\n\n\n\n<p>Il Fornitore deve evitare qualsiasi relazione o attivit\u00e0 che possa compromettere, o anche solo sembrare compromettere, la sua capacit\u00e0 di prendere decisioni oggettive ed eque quando ha a che fare con CPM. Il Fornitore deve evitare qualsiasi accordo finanziario o di altro tipo con i dipendenti di CPM che possa essere considerato inappropriato.<\/p>\n\n\n\n<p>Ai dipendenti di CPM \u00e8 vietato intraprendere azioni che creino la percezione che un trattamento favorevole di un fornitore sia stato cercato, ricevuto o concesso in cambio di cortesie aziendali personali. Le cortesie aziendali includono regali, mance, pasti, rinfreschi, intrattenimento o altri benefici da persone o aziende con cui CPM fa o potrebbe fare affari. Il fornitore non deve dare n\u00e9 accettare cortesie aziendali che costituiscano, o potrebbero ragionevolmente essere percepite come costituenti, incentivi aziendali sleali che violerebbero la legge, i regolamenti o le politiche di CPM, o causerebbero imbarazzo o rifletterebbero negativamente sulla reputazione di CPM.<\/p>\n\n\n\n<p><strong>Controlli commerciali<\/strong><\/p>\n\n\n\n<p>CPM e i suoi fornitori sono soggetti a determinate leggi statunitensi e internazionali sul controllo del commercio che definiscono dove CPM pu\u00f2 acquistare prodotti o servizi. I fornitori non devono avere rapporti diretti o indiretti con persone o territori soggetti a sanzioni che impedirebbero a CPM (incluse le sue affiliate) di trattare con tali persone o territori. Il fornitore deve sempre rispettare tutte le leggi applicabili sul controllo del commercio relative all&#039;importazione, all&#039;esportazione, alla vendita e all&#039;acquisto di beni o servizi da fornire dal fornitore a CPM. Il fornitore deve tenere registri completi e accurati per quanto riguarda tutti i beni e servizi di provenienza e fornire l&#039;ubicazione delle strutture e le origini note dei materiali per consentire la tracciabilit\u00e0, su richiesta di CPM. Il fornitore deve immediatamente notificare a CPM qualsiasi azione, causa, procedimento, inchiesta o indagine in corso o minacciata da parte di qualsiasi autorit\u00e0 governativa nei confronti del fornitore in merito a qualsiasi presunta violazione di sanzioni o rapporti con persone o territori sanzionati.<\/p>\n\n\n\n<p><strong>Informazioni proprietarie<\/strong><\/p>\n\n\n\n<p>Il Fornitore deve sempre adottare tutte le precauzioni necessarie per proteggere e mantenere le informazioni proprietarie e riservate di CPM. Il Fornitore non deve divulgare alcuna informazione proprietaria o riservata di CPM a terzi, a meno che non sia autorizzato per iscritto da CPM, e deve utilizzare le informazioni proprietarie e riservate di CPM solo nella misura necessaria per fornire i beni o i servizi contrattualizzati. Il Fornitore non deve acquisire o cercare di acquisire con mezzi impropri nessuno dei segreti commerciali o altre informazioni proprietarie o riservate del suo concorrente. Il Fornitore non deve impegnarsi in un uso non autorizzato, nella copia, nella distribuzione o nell&#039;alterazione di software o altra propriet\u00e0 intellettuale.<\/p>\n\n\n\n<p><strong>Tenuta dei registri aziendali<\/strong><\/p>\n\n\n\n<p>Il fornitore dovr\u00e0 creare e mantenere registrazioni finanziarie e aziendali accurate in conformit\u00e0 con tutti i requisiti legali e normativi applicabili, coerenti con tutti gli standard contabili applicabili. Tali registrazioni finanziarie e aziendali dovranno essere rese disponibili per la verifica su richiesta di CPM. Tutte le fatture inviate a CPM dovranno essere veritiere, complete, accurate, in conformit\u00e0 con tutte le leggi applicabili e contenere tutte le informazioni ragionevolmente richieste da CPM di volta in volta.<\/p>\n\n\n\n<p><strong>Trattare i dipendenti con rispetto<\/strong><\/p>\n\n\n\n<p>Il fornitore deve fornire ambienti di lavoro sicuri per tutti i suoi dipendenti. Il fornitore deve sempre mantenere e rispettare un piano di salute e sicurezza ambientale ragionevolmente soddisfacente per CPM. Tale piano di salute e sicurezza ambientale e tutti i registri mantenuti in conformit\u00e0 con esso devono essere resi disponibili a CPM su richiesta. Il fornitore deve sempre soddisfare o superare tutti gli altri requisiti legali per la sicurezza dei dipendenti e le condizioni di lavoro.<\/p>\n\n\n\n<p>Il Fornitore dovr\u00e0 fornire ai propri dipendenti un luogo di lavoro libero da molestie, discriminazioni o altre forme di comportamento verbale, visivo o fisico che creino (o potrebbero essere percepiti come creanti) un ambiente di lavoro ostile. Il Fornitore dovr\u00e0 rispettare i diritti dei propri dipendenti alla libert\u00e0 di associazione e alla contrattazione collettiva.<\/p>\n\n\n\n<p>Il Fornitore pagher\u00e0 tutti i suoi dipendenti in conformit\u00e0 con tutte le leggi e i regolamenti applicabili in materia di salari e benefit. Il Fornitore non violer\u00e0 alcun requisito legale in materia di orario di lavoro. Il Fornitore non utilizzer\u00e0 mai alcun lavoro forzato o minorile (come definito dagli standard dell&#039;Organizzazione Internazionale del Lavoro (OIL)).<\/p>\n\n\n\n<p>Il fornitore dovr\u00e0 ispirarsi a standard, convenzioni e dichiarazioni internazionali, tra cui i Principi guida delle Nazioni Unite su imprese e diritti umani (UNGP), la Carta internazionale dei diritti umani, i Principi e diritti fondamentali dell&#039;Organizzazione internazionale del lavoro sul lavoro e le Linee guida dell&#039;OCSE per le imprese multinazionali, per un trattamento equo e rispettoso dei dipendenti.<\/p>\n\n\n\n<p><strong>Segnalazione delle violazioni del Codice<\/strong><\/p>\n\n\n\n<p>Se il fornitore viene a conoscenza di una violazione effettiva o sospetta del Codice da parte del fornitore (inclusa qualsiasi persona o entit\u00e0 che fornisca servizi o beni al fornitore o per suo conto), il fornitore deve immediatamente informare CPM inviando una descrizione dettagliata della violazione effettiva o sospetta a&nbsp;<a href=\"mailto:compliance@cpm.net\">compliance@cpm.net<\/a>. CPM si riserva il diritto di sottoporre a verifica il fornitore (inclusi i suoi libri e registri) in qualsiasi momento per confermare la conformit\u00e0 al Codice.<\/p>","protected":false},"excerpt":{"rendered":"<p>The CPM Supplier Code of Conduct (the \u201cCode\u201d) is applicable to all suppliers of the CPM group of companies. All suppliers, vendors, contractors, consultants, agent, subcontractors, and other providers of goods and services and their respective directors, officers, managers, shareholders, members, employees, agents, contractors, or other representatives (collectively \u201csuppliers\u201d) are expected to familiarize themselves with [&hellip;]<\/p>\n","protected":false},"author":7,"featured_media":0,"parent":0,"menu_order":0,"comment_status":"closed","ping_status":"closed","template":"","meta":{"_acf_changed":false,"footnotes":""},"class_list":["post-4564","page","type-page","status-publish","hentry"],"acf":[],"_links":{"self":[{"href":"https:\/\/onecpm.com\/it\/wp-json\/wp\/v2\/pages\/4564","targetHints":{"allow":["GET"]}}],"collection":[{"href":"https:\/\/onecpm.com\/it\/wp-json\/wp\/v2\/pages"}],"about":[{"href":"https:\/\/onecpm.com\/it\/wp-json\/wp\/v2\/types\/page"}],"author":[{"embeddable":true,"href":"https:\/\/onecpm.com\/it\/wp-json\/wp\/v2\/users\/7"}],"replies":[{"embeddable":true,"href":"https:\/\/onecpm.com\/it\/wp-json\/wp\/v2\/comments?post=4564"}],"version-history":[{"count":2,"href":"https:\/\/onecpm.com\/it\/wp-json\/wp\/v2\/pages\/4564\/revisions"}],"predecessor-version":[{"id":4566,"href":"https:\/\/onecpm.com\/it\/wp-json\/wp\/v2\/pages\/4564\/revisions\/4566"}],"wp:attachment":[{"href":"https:\/\/onecpm.com\/it\/wp-json\/wp\/v2\/media?parent=4564"}],"curies":[{"name":"parola chiave","href":"https:\/\/api.w.org\/{rel}","templated":true}]}}