{"id":10597,"date":"2025-04-08T10:30:26","date_gmt":"2025-04-08T10:30:26","guid":{"rendered":"https:\/\/onecpm.com\/?page_id=10597"},"modified":"2025-04-08T10:38:20","modified_gmt":"2025-04-08T10:38:20","slug":"ethanol","status":"publish","type":"page","link":"https:\/\/onecpm.com\/nl\/ethanol","title":{"rendered":"Ethanol"},"content":{"rendered":"<div id=\"block_199d98c0a4e2ca904b096c77236b654b\" class=\"nmc-block nmc-block--masthead-basic block-container\">\n\t\n\t\t\n\t\t\t<div class=\"blockbody\">\n\t\t\t\t<div class=\"masthead-content\">\n\t\t\t\t\t\t\t\t\t\t\t\t\t\t\t\t\t\t\t\t\t\t\t\t\t\t\t\t\t<h1 class=\"page-title\">Ethanol<\/h1>\n\t<div class=\"page-intro\"><p>De Crown biedt twee processen om de effici\u00ebntie en winstgevendheid van ethanolinstallaties te verbeteren door apparatuur v\u00f3\u00f3r of n\u00e1 het ethanolfermentatieproces toe te voegen.<\/p>\n<\/div>\t\t\t\t<\/div>\n\t\t\t<\/div>\n\n\t\t\t\t\n\t<\/div>\n\n\n\n\n<figure class=\"wp-block-image size-large\"><img loading=\"lazy\" decoding=\"async\" width=\"1024\" height=\"307\" src=\"https:\/\/onecpm.com\/wp-content\/uploads\/2025\/04\/ethanol-1024x307.jpg\" alt=\"\" class=\"wp-image-10598\" srcset=\"https:\/\/onecpm.com\/wp-content\/uploads\/2025\/04\/ethanol-1024x307.jpg 1024w, https:\/\/onecpm.com\/wp-content\/uploads\/2025\/04\/ethanol-300x90.jpg 300w, https:\/\/onecpm.com\/wp-content\/uploads\/2025\/04\/ethanol-768x230.jpg 768w, https:\/\/onecpm.com\/wp-content\/uploads\/2025\/04\/ethanol-18x5.jpg 18w, https:\/\/onecpm.com\/wp-content\/uploads\/2025\/04\/ethanol-540x162.jpg 540w, https:\/\/onecpm.com\/wp-content\/uploads\/2025\/04\/ethanol-900x270.jpg 900w, https:\/\/onecpm.com\/wp-content\/uploads\/2025\/04\/ethanol.jpg 1200w\" sizes=\"auto, (max-width: 1024px) 100vw, 1024px\" \/><\/figure>\n\n\n\n<p>Fractionering van ma\u00efs is het proces waarbij de kiem en zemelen van het zetmeel worden gescheiden, zodat deze producten als producten met toegevoegde waarde kunnen worden verkocht en niet in het zetmeelfermentatieproces terechtkomen. De kiem kan opnieuw worden gescheiden om de olie te verwijderen door de oplosmiddelextractie- en olieraffinagetechnologie\u00ebn van Crown toe te voegen. Deze technologie\u00ebn zetten de kiem om in twee extra premiumproducten: diervoeder en eetbare olie. Een typische ma\u00efskorrel bevat 4%-olie die kan worden verkocht als olie van voedingskwaliteit, wat meer waarde heeft dan ruwe olie.<\/p>\n\n\n\n<p>Biodieselvoorbehandeling is het proces waarbij de ruwe olie, gewonnen uit de achterkant van een drooggemalen ethanolproces, geschikt wordt gemaakt voor gebruik in een biodieselfabriek, omdat de kwaliteit van deze ruwe olie doorgaans lager is dan wat de meeste biodieselfabrieken nodig hebben. Sommige biodieselfabrieken hebben al besloten om deze voorbehandelingsapparatuur op dezelfde locatie als de biodieselfabriek te installeren. Andere beschikken momenteel niet over voorbehandelingscapaciteit en zullen correct voorbehandelde olie moeten aanschaffen.<\/p>\n\n\n\n<figure class=\"wp-block-image size-full\"><img loading=\"lazy\" decoding=\"async\" width=\"766\" height=\"395\" src=\"https:\/\/onecpm.com\/wp-content\/uploads\/2025\/04\/corn-fractionation.jpg\" alt=\"\" class=\"wp-image-10605\" srcset=\"https:\/\/onecpm.com\/wp-content\/uploads\/2025\/04\/corn-fractionation.jpg 766w, https:\/\/onecpm.com\/wp-content\/uploads\/2025\/04\/corn-fractionation-300x155.jpg 300w, https:\/\/onecpm.com\/wp-content\/uploads\/2025\/04\/corn-fractionation-18x9.jpg 18w, https:\/\/onecpm.com\/wp-content\/uploads\/2025\/04\/corn-fractionation-540x278.jpg 540w\" sizes=\"auto, (max-width: 766px) 100vw, 766px\" \/><\/figure>\n\n\n\n<h2 class=\"wp-block-heading\">Ma\u00efsfractionering<\/h2>\n\n\n\n<p>Het Crown fractioneringssysteem scheidt ma\u00efs in drie componenten: zetmeel, kiemen en zemelen. Het scheiden van de niet-fermenteerbare producten, zoals kiemen en zemelen, van het zetmeel verhoogt de effici\u00ebntie en de doorvoer per bushel van een ethanolfabriek en is de eerste stap naar het cre\u00ebren van waardevolle bijproducten.<\/p>\n\n\n\n<p>Dit proces begint met het temperen van de ma\u00efs, waardoor de ma\u00efs het vocht kan opnemen dat nodig is voor fractionering. De getemperde ma\u00efs wordt naar de kiemmachine getransporteerd, waar deze wordt gebroken. Het zetmeel wordt gescheiden, terwijl de kiem intact blijft. De gefractioneerde ma\u00efs wordt gezeefd en geaspireerd, waarbij het zetmeel, de kiem en de zemelen worden gescheiden. Het zetmeel gaat naar de ethanolfabriek en de zemelen naar de opslag voor verkoop. De kiemen kunnen naar de oliewinning worden gestuurd of worden gemalen en als veevoer worden verkocht.<\/p>\n\n\n\n<p>De olie kan worden gewonnen door:&nbsp;<a href=\"https:\/\/www.crowniron.com\/technologies\/oilseed-extraction\/model-iii-extractor\">mechanische extractie<\/a>&nbsp;of&nbsp;<a href=\"https:\/\/www.crowniron.com\/technologies\/oilseed-extraction\">oplosmiddelextractie<\/a>. Mechanische extractie wordt gedaan met een mechanische schroef&nbsp;<a href=\"https:\/\/www.crowniron.com\/technologies\/oilseed-preparation\/presses\">persen<\/a>De mechanische schroefpers perst de olie uit de kiem. De olie wordt geklaard en kan vervolgens worden gebruikt.&nbsp;<a href=\"https:\/\/www.crowniron.com\/technologies\/oils-and-fats\/refining\">verfijnd<\/a>&nbsp;tot een eetbare olie. Solventextractie is een chemische extractie waarbij de olie wordt ge\u00ebxtraheerd met behulp van een oplosmiddel. De olie uit de solventextractie kan ook worden geraffineerd tot een eetbare olie.<\/p>\n\n\n\n<p>Door de extractie- en olieraffinagetechnologie\u00ebn van Crown toe te voegen, wordt de kiem omgezet in twee extra premiumproducten: diervoeder en eetbare olie. Een typische kern bevat 4%-olie, die kan worden verkocht als olie van voedingskwaliteit, met meer<\/p>\n\n\n\n\n\t\n\n\t\t\t\t\t\t\t\n\n<div id=\"block_d526f2f2717f5a69f510400d7e487866\" class=\"nmc-block nmc-block--related-resources block-container alignfull\">\n\t\n\t\t\n\t\t\t<div class=\"blockbody\">\n\t\t\t\t\t<div class=\"bound boundwider\">\n\t\t<div class=\"block-intro\">\n\t\t\t                                                                        <h2 class=\"block-title\">Verwante bronnen<\/h2>\t\t\t\t\t<\/div>\n\t\t\t\t\t\t\t<div class=\"slider-wrap\">\n\t\t\t<div id=\"slider-block_d526f2f2717f5a69f510400d7e487866-slider\" class=\"nmc-slider scrollable snaps\" data-nmc-slider data-nmc-slider-loop role=\"region\" aria-label=\"Carrousel met voorbeeld van inhoud\">\n\t\t\t\t\t\t\t\t\t\t\t\t\t\t\t\t\t\t\t<div class=\"nmc-slide\" role=\"group\" aria-label=\"Dia 1 van 1\" aria-current=\"true\">\n\t\t\t\t\t\t\n<div class=\"partial -resource -card\">\n    <div class=\"text\">\n        <h3 class=\"heading\">\n            <a href=\"https:\/\/onecpm.com\/nl\/resource\/corn-fractionation\" target=\"_blank\" class=\"link\">Ma\u00efsfractionering<\/a>\n        <\/h3>\n                    <div class=\"excerpt\"><\/div>\n            <\/div>\n    <div class=\"download-bottom\" aria-hidden=\"true\">\n                    Toegang tot bronnen <svg xmlns=\"http:\/\/www.w3.org\/2000\/svg\" width=\"18\" height=\"18\" viewbox=\"0 0 18 18\" fill=\"none\" role=\"img\" aria-hidden=\"true\" focusable=\"false\">\n\t<title>download<\/title>\n    <path d=\"M8.99872 4.82129C8.90339 4.82129 8.81192 4.85915 8.74451 4.92656C8.67704 4.99403 8.63918 5.08543 8.63918 5.18083V10.7537L6.39926 8.50295C6.30838 8.41207 6.1759 8.37655 6.05178 8.40979C5.92767 8.44309 5.83064 8.54005 5.79741 8.66416C5.76417 8.78834 5.79964 8.92077 5.89051 9.01164L8.74524 11.8664C8.76203 11.8827 8.78005 11.8977 8.79919 11.9113H8.81359L8.86034 11.9365H8.88194H8.88188C8.89692 11.9426 8.9126 11.9468 8.92863 11.949C8.95192 11.9518 8.97545 11.9518 8.99874 11.949C9.02261 11.9517 9.04672 11.9517 9.07066 11.949C9.08605 11.9465 9.10115 11.9423 9.1156 11.9365H9.13719L9.18395 11.9113H9.19834L9.25406 11.8664L12.107 9.01164C12.1979 8.92076 12.2333 8.78834 12.2001 8.66416C12.1668 8.54004 12.0698 8.44308 11.9457 8.40979C11.8216 8.37655 11.6891 8.41207 11.5982 8.50295L9.35832 10.7447V5.18083C9.35832 5.08545 9.32046 4.99404 9.25299 4.92656C9.18557 4.85915 9.09412 4.82129 8.99878 4.82129H8.99872Z\" fill=\"white\"\/>\n    <path d=\"M6.14472 13.4754H11.8542C11.9826 13.4754 12.1013 13.4069 12.1655 13.2957C12.2298 13.1844 12.2298 13.0474 12.1655 12.9361C12.1013 12.8249 11.9826 12.7563 11.8542 12.7563H6.14472C6.01627 12.7563 5.89754 12.8249 5.83335 12.9361C5.76909 13.0474 5.76909 13.1844 5.83335 13.2957C5.89754 13.4069 6.01628 13.4754 6.14472 13.4754Z\" fill=\"white\"\/>\n    <circle cx=\"9\" cy=\"9\" r=\"8.5\" stroke=\"white\"\/>\n<\/svg>            <\/div>\n<\/div>\t\t\t\t\t<\/div>\n\t\t\t\t\t\t\t<\/div>\n\t\t<\/div>\n\t<\/div>\n\t\t\t<\/div>\n\n\t\t\t\t\n\t<\/div>","protected":false},"excerpt":{"rendered":"<p>Corn fractionation is the process of separating the germ and bran from the starch so that these products can be sold as value-added products and not end up as part of the starch fermentation process. The germ can be separated again to remove the oil by adding Crown\u2019s solvent extraction and oil refining technologies to [&hellip;]<\/p>\n","protected":false},"author":4,"featured_media":0,"parent":0,"menu_order":0,"comment_status":"closed","ping_status":"closed","template":"","meta":{"_acf_changed":false,"footnotes":""},"class_list":["post-10597","page","type-page","status-publish","hentry"],"acf":[],"_links":{"self":[{"href":"https:\/\/onecpm.com\/nl\/wp-json\/wp\/v2\/pages\/10597","targetHints":{"allow":["GET"]}}],"collection":[{"href":"https:\/\/onecpm.com\/nl\/wp-json\/wp\/v2\/pages"}],"about":[{"href":"https:\/\/onecpm.com\/nl\/wp-json\/wp\/v2\/types\/page"}],"author":[{"embeddable":true,"href":"https:\/\/onecpm.com\/nl\/wp-json\/wp\/v2\/users\/4"}],"replies":[{"embeddable":true,"href":"https:\/\/onecpm.com\/nl\/wp-json\/wp\/v2\/comments?post=10597"}],"version-history":[{"count":3,"href":"https:\/\/onecpm.com\/nl\/wp-json\/wp\/v2\/pages\/10597\/revisions"}],"predecessor-version":[{"id":10606,"href":"https:\/\/onecpm.com\/nl\/wp-json\/wp\/v2\/pages\/10597\/revisions\/10606"}],"wp:attachment":[{"href":"https:\/\/onecpm.com\/nl\/wp-json\/wp\/v2\/media?parent=10597"}],"curies":[{"name":"wp","href":"https:\/\/api.w.org\/{rel}","templated":true}]}}