{"id":11907,"date":"2026-04-22T10:43:23","date_gmt":"2026-04-22T10:43:23","guid":{"rendered":"https:\/\/onecpm.com\/?page_id=11907"},"modified":"2026-04-29T14:59:57","modified_gmt":"2026-04-29T14:59:57","slug":"cpm-insights","status":"publish","type":"page","link":"https:\/\/onecpm.com\/pt_br\/aftermarket-service\/cpm-insights","title":{"rendered":"Informa\u00e7\u00f5es sobre o CPM"},"content":{"rendered":"<div id=\"block_803fa43db97d29537e25a3811cdf6e39\" class=\"nmc-block nmc-block--masthead-basic block-container\">\n\t\n\t\t\n\t\t\t<div class=\"blockbody\">\n\t\t\t\t<div class=\"masthead-content\">\n\t\t\t\t\t\t\t\t\t\t\t\t\t\t\t\t\t\t\t\t\t\t\t\t\t\t\t\t\t\t\t\t\t\t\t\t\t\t\t\t\t\t\t\t\t\t\t\t\t\t\t\t\t\t\t\t\t\t\t\t\t\t\t\t\t\t\t\t\t\t\t\t\t\t\t\t\t\t\t\t\t\t\t\t\t\t\t\t\t\t\t\t\t\t\t\t\t\t\t\t\t\t\t\t\t\t\t\t\t\t\t\t\t\t\t\t\t\t\t\t\t\t\t\t\t\t\t\t\t\t\t\t\t\t\t\t\t\t\t\t\t\t\t\t\t\t\t\t\t\t\t\t\t\t\t\t\t\t\t\t\t\t\t\t\t\t\t\t\t\t\t\t\t<h1 class=\"page-title\">Centro de Informa\u00e7\u00f5es CPM: Ideias, Perspectivas e Conhecimento Especializado do Setor<\/h1>\n\t<div class=\"page-intro\"><p>Um espa\u00e7o central para as ideias mais recentes da CPM, reunindo insights de especialistas, relat\u00f3rios t\u00e9cnicos e conte\u00fado aprofundado, concebido para apoiar a tomada de decis\u00f5es informadas em todos os setores em que atuamos. Criado para compartilhar conhecimento, desafiar perspectivas e conectar tend\u00eancias de mercado ao impacto real nos neg\u00f3cios.<\/p>\n<\/div>\t\t\t\t<\/div>\n\t\t\t<\/div>\n\n\t\t\t\t\n\t<\/div>\n\n\n\n\n\n\t\n\n\t\t\t\t\t\t\t\n\n<div id=\"block_b6b8965e2756294fc5cabf338095cc9a\" class=\"nmc-block nmc-block--latest-insights-alt block-container alignfull\">\n\t\n\t\t\n\t\t\t<div class=\"blockbody\">\n\t\t\t\t<div class=\"bound boundwider\">\n\t<div class=\"block-intro\">\n\t\t        \t\t\t<\/div>\n\t\n\n\t\n\t\t\n\t\n\t<section class=\"listing-wrapper -columns-3\">\n\t\t\t\t\t<div class=\"partial-container\">\n\t\t\t\t<div class=\"partial -news -card\">\n\t\t<div class=\"image\">\n\t\t\n<div class=\"image-auto\" style=\"aspect-ratio: 960 \/ 889;\">\n\t<picture>\n\t\t<source \n\t\t\tmedia=\"(max-width: 600px)\"\n\t\t\tsrcset=\"https:\/\/img.nmcdn.io\/e1\/w:480,h:445,v:1\/cpm\/wp-content\/uploads\/2026\/03\/Scientist-analyzing-small-plant.jpg?s=9c74d127\">\n\t\t<img  loading=\"lazy\"src=\"https:\/\/img.nmcdn.io\/e1\/w:600,h:556,v:1\/cpm\/wp-content\/uploads\/2026\/03\/Scientist-analyzing-small-plant.jpg?s=5786176b\" width=\"960\" height=\"889\" alt=\"\" aria-hidden=\"true\">\n\t<\/picture>\n<\/div>\n\t<\/div>\n        <div class=\"text\">\n\t\t        <h2 class=\"item-title\">\n\t\t\t<a href=\"https:\/\/onecpm.com\/pt_br\/insights\/why-food-security-is-built-long-before-food-reaches-the-plate\" class=\"link\">\n                Por que a seguran\u00e7a alimentar \u00e9 constru\u00edda muito antes de o alimento chegar ao prato?\n            <\/a>\n        <\/h2>\n\t\t\t\t\t\t\t<p class=\"is-style-eyebrow-heading\">Entendimento<\/p>\n\t\t\t\t<div class=\"excerpt\"><\/div>\n    <\/div>\n<\/div>\t\t\t<\/div>\n\t\t\t\t\t<div class=\"partial-container\">\n\t\t\t\t<div class=\"partial -news -card\">\n\t\t<div class=\"image\">\n\t\t\n<div class=\"image-auto\" style=\"aspect-ratio: 1162 \/ 1076;\">\n\t<picture>\n\t\t<source \n\t\t\tmedia=\"(max-width: 600px)\"\n\t\t\tsrcset=\"https:\/\/img.nmcdn.io\/e1\/w:480,h:445,v:1\/cpm\/wp-content\/uploads\/2026\/04\/Spark-Detection.jpg?s=44b6d331\">\n\t\t<img  loading=\"lazy\"src=\"https:\/\/img.nmcdn.io\/e1\/w:600,h:556,v:1\/cpm\/wp-content\/uploads\/2026\/04\/Spark-Detection.jpg?s=4aff7e91\" width=\"1162\" height=\"1076\" alt=\"\" aria-hidden=\"true\">\n\t<\/picture>\n<\/div>\n\t<\/div>\n        <div class=\"text\">\n\t\t        <h2 class=\"item-title\">\n\t\t\t<a href=\"https:\/\/onecpm.com\/pt_br\/insights\/spark-detection-and-fire-prevention-solutions\" class=\"link\">\n                Solu\u00e7\u00f5es de Detec\u00e7\u00e3o de Fa\u00edscas e Preven\u00e7\u00e3o de Inc\u00eandios\u00a0\n            <\/a>\n        <\/h2>\n\t\t\t\t\t\t\t<p class=\"is-style-eyebrow-heading\">Entendimento<\/p>\n\t\t\t\t<div class=\"excerpt\"><\/div>\n    <\/div>\n<\/div>\t\t\t<\/div>\n\t\t\t\t\t<div class=\"partial-container\">\n\t\t\t\t<div class=\"partial -news -card\">\n\t\t<div class=\"image\">\n\t\t\n<div class=\"image-auto\" style=\"aspect-ratio: 1000 \/ 926;\">\n\t<picture>\n\t\t<source \n\t\t\tmedia=\"(max-width: 600px)\"\n\t\t\tsrcset=\"https:\/\/img.nmcdn.io\/e1\/w:480,h:445,v:1\/cpm\/wp-content\/uploads\/2026\/04\/energy_monitoring.png?s=bfaf501c\">\n\t\t<img  loading=\"lazy\"src=\"https:\/\/img.nmcdn.io\/e1\/w:600,h:556,v:1\/cpm\/wp-content\/uploads\/2026\/04\/energy_monitoring.png?s=7a38cb15\" width=\"1000\" height=\"926\" alt=\"\" aria-hidden=\"true\">\n\t<\/picture>\n<\/div>\n\t<\/div>\n        <div class=\"text\">\n\t\t        <h2 class=\"item-title\">\n\t\t\t<a href=\"https:\/\/onecpm.com\/pt_br\/insights\/the-strategic-value-of-energy-monitoring-in-process-manufacturing\" class=\"link\">\n                O valor estrat\u00e9gico do monitoramento de energia na fabrica\u00e7\u00e3o de processos.\u00a0\n            <\/a>\n        <\/h2>\n\t\t\t\t\t\t\t<p class=\"is-style-eyebrow-heading\">Entendimento<\/p>\n\t\t\t\t<div class=\"excerpt\"><\/div>\n    <\/div>\n<\/div>\t\t\t<\/div>\n\t\t\t<\/section>\n\t\n<\/div>\n\t\t\t<\/div>\n\n\t\t\t\t\n\t<\/div>\n\n\n<p><\/p>","protected":false},"excerpt":{"rendered":"","protected":false},"author":1,"featured_media":0,"parent":772,"menu_order":0,"comment_status":"closed","ping_status":"closed","template":"","meta":{"_acf_changed":false,"footnotes":""},"class_list":["post-11907","page","type-page","status-publish","hentry"],"acf":[],"_links":{"self":[{"href":"https:\/\/onecpm.com\/pt_br\/wp-json\/wp\/v2\/pages\/11907","targetHints":{"allow":["GET"]}}],"collection":[{"href":"https:\/\/onecpm.com\/pt_br\/wp-json\/wp\/v2\/pages"}],"about":[{"href":"https:\/\/onecpm.com\/pt_br\/wp-json\/wp\/v2\/types\/page"}],"author":[{"embeddable":true,"href":"https:\/\/onecpm.com\/pt_br\/wp-json\/wp\/v2\/users\/1"}],"replies":[{"embeddable":true,"href":"https:\/\/onecpm.com\/pt_br\/wp-json\/wp\/v2\/comments?post=11907"}],"version-history":[{"count":11,"href":"https:\/\/onecpm.com\/pt_br\/wp-json\/wp\/v2\/pages\/11907\/revisions"}],"predecessor-version":[{"id":12565,"href":"https:\/\/onecpm.com\/pt_br\/wp-json\/wp\/v2\/pages\/11907\/revisions\/12565"}],"up":[{"embeddable":true,"href":"https:\/\/onecpm.com\/pt_br\/wp-json\/wp\/v2\/pages\/772"}],"wp:attachment":[{"href":"https:\/\/onecpm.com\/pt_br\/wp-json\/wp\/v2\/media?parent=11907"}],"curies":[{"name":"wp","href":"https:\/\/api.w.org\/{rel}","templated":true}]}}