{"id":12139,"date":"2026-04-17T08:17:23","date_gmt":"2026-04-17T08:17:23","guid":{"rendered":"https:\/\/onecpm.com\/?page_id=12139"},"modified":"2026-04-29T14:59:29","modified_gmt":"2026-04-29T14:59:29","slug":"myinsights","status":"publish","type":"page","link":"https:\/\/onecpm.com\/pt_br\/myinsights","title":{"rendered":"minhas percep\u00e7\u00f5es"},"content":{"rendered":"<div id=\"block_69278e3f1438ea6778005a6d48540a1f\" class=\"nmc-block nmc-block--masthead-aftermarket block-container alignfull -mode-dark\">\n\t\n\t\t\n\t\t\t<div class=\"blockbody\">\n\t\t\t\t<div class=\"masthead-media -overlay\">\n\t\t<div class=\"image\">\n\t\t\t\t\t\t\t\t\t\t\t\t<picture>\n\t\t\t<source media=\"(max-width: 499px)\" srcset=\"https:\/\/img.nmcdn.io\/e1\/w:600,h:338,v:1\/cpm\/wp-content\/uploads\/2026\/04\/EDL-Landing-Page-Header-1.png?s=a1de771a\">\n\t\t\t<source media=\"(max-width: 899px)\" srcset=\"https:\/\/img.nmcdn.io\/e1\/w:1200,h:675,v:1\/cpm\/wp-content\/uploads\/2026\/04\/EDL-Landing-Page-Header-1.png?s=e711b845\">\n\t\t\t<img fetchpriority=\"high\" decoding=\"async\" loading=\"eager\" style=\"aspect-ratio: 1.7777777777778;\" src=\"https:\/\/img.nmcdn.io\/e1\/w:1800,h:1013,v:1\/cpm\/wp-content\/uploads\/2026\/04\/EDL-Landing-Page-Header-1.png?s=90205be8\" width=\"1800\" height=\"1013\" alt=\"\" aria-hidden=\"true\">\n\t\t<\/picture>\n\t<\/div>\n\t\t\n<\/div>\n<div class=\"bound boundwider\">\n\t<div class=\"masthead-content\">\n\t\t<p class=\"is-style-eyebrow-heading\">An\u00e1lises industriais para uma tomada de decis\u00e3o mais inteligente e baseada em dados.<\/strong><\/p>\n\t\t<h1 class=\"page-title\">minhas percep\u00e7\u00f5es<\/h1>\n\t\t\t\t\t<\/div>\n<\/div>\n\n<script>\n(function(){\n\tdocument.documentElement.classList.add('-transparent-header');\n})();\n<\/script>\n\t\t\t<\/div>\n\n\t\t\t\t\n\t<\/div>\n\n\n\n\n\n\t\n\n\t\t\t\t\t\t\t\n\n<div id=\"block_a84759c59d281604961b2e87065900bd\" class=\"nmc-block nmc-block--intro-complex block-container alignfull\">\n\t\n\t\t\n\t\t\t<div class=\"blockbody\">\n\t\t\t\t\n\t<div class=\"wrap\">\n\t\t<div class=\"block-intro\">\n\t\t\t\t\t\t\t<p class=\"is-style-eyebrow-heading\">Prever. Otimizar. Melhorar.<\/p>\n\t\t\t\t\t\t\t\t\t\t                                                                                                                                                                                                                                                            <h2 class=\"block-title\">An\u00e1lises industriais para uma tomada de decis\u00e3o mais inteligente e baseada em dados.<\/h2>\t\t\t\t\t\t\t\t\t<div class=\"text\">\n\t\t\t\t<p data-start=\"523\" data-end=\"849\">O myinsights \u00e9 a plataforma de an\u00e1lise industrial da CPM, projetada para transformar dados de m\u00e1quinas em informa\u00e7\u00f5es claras e acion\u00e1veis. Combinando monitoramento de desempenho em tempo real, contexto econ\u00f4mico e algoritmos avan\u00e7ados, o myinsights permite que operadores, engenheiros e l\u00edderes de f\u00e1brica tomem decis\u00f5es confiantes e baseadas em dados.<\/p>\n<p data-start=\"851\" data-end=\"1047\">A plataforma conecta dados de m\u00e1quinas com a expertise da CPM para melhorar a produtividade, reduzir custos operacionais e dar suporte a opera\u00e7\u00f5es mais seguras e sustent\u00e1veis em f\u00e1bricas, ativos e processos.<\/p>\n\t\t\t<\/div>\n\t\t\t\n\t\t\t\t\t\t\t<a href=\"https:\/\/onecpm.com\/pt_br\/about-cpm\/contact-us\/\" class=\"btn -non-btn\" >Entrar em contato<svg xmlns=\"http:\/\/www.w3.org\/2000\/svg\" width=\"17\" height=\"12\" viewbox=\"0 0 17 12\" fill=\"none\" role=\"img\" aria-hidden=\"true\" focusable=\"false\"><title>arrow<\/title>\n<path fill-rule=\"evenodd\" clip-rule=\"evenodd\" d=\"M13.9176 6.28571L8.65133 10.5863L9.42733 11.4286L16.3999 5.71429L9.41476 0L8.65362 0.860571L13.9153 5.14286L0.399902 5.14286L0.399902 6.28571L13.9176 6.28571Z\" fill=\"white\"\/>\n<\/svg><\/a>\t\t\t\t\t<\/div>\n\n\t\t<div class=\"image\">\n\t\t\t\n<div class=\"image-auto\" style=\"aspect-ratio: 800 \/ 984;\">\n\t<picture>\n\t\t<source \n\t\t\tmedia=\"(max-width: 600px)\"\n\t\t\tsrcset=\"https:\/\/img.nmcdn.io\/e1\/w:480,h:591,v:1\/cpm\/wp-content\/uploads\/2026\/04\/Workers-on-tablets-in-Preparation-area.jpg?s=4f4700b3\">\n\t\t<img  loading=\"lazy\"src=\"https:\/\/img.nmcdn.io\/e1\/w:600,h:738,v:1\/cpm\/wp-content\/uploads\/2026\/04\/Workers-on-tablets-in-Preparation-area.jpg?s=c0a2bf5b\" width=\"800\" height=\"984\" alt=\"\">\n\t<\/picture>\n<\/div>\n\n\t\t\t\t\t<\/div>\n\t<\/div>\n\n\t\t\t<\/div>\n\n\t\t\t\t\n\t<\/div>\n\n\n\n\t\n\n\t\t\t\t\t\t\t\n\n<div id=\"block_4680192a367c51126c58f446463dd183\" class=\"nmc-block nmc-block--tabbed-ctas block-container alignfull\">\n\t\n\t\t\n\t\t\t<div class=\"blockbody\">\n\t\t\t\t\t\n\t<div class=\"block-wrap gray\">\n\t\t<div class=\"bound boundwider\">\n\t\t\t<div class=\"block-intro -mode-gray\">\n\t\t\t\t<div class=\"block-left\">\n\t\t\t\t\t                                                                                                                                                                                                        <h2 class=\"block-title\">Como o myinsights transforma o desempenho operacional<\/h2>\t\t\t\t\t\t\t\t\t\t\t<div class=\"content\">O myinsights conecta dados de m\u00e1quinas em tempo real com an\u00e1lises preditivas e entradas operacionais estruturadas para fornecer insights claros que melhoram o desempenho, reduzem as inefici\u00eancias e apoiam uma melhor tomada de decis\u00f5es em toda a sua opera\u00e7\u00e3o.<\/div>\n\t\t\t\t\t\t\t\t\t<\/div>\n\n\t\t\t\t\t\t\t<\/div>\n\n\t\t\t<div class=\"tabs\">\n\t\t\t\t<div class=\"tabs_list\" role=\"tablist\">\n\t\t\t\t\t\t\t\t\t\t\t<button type=\"button\" class=\"tab\" role=\"tab\" aria-controls=\"block_4680192a367c51126c58f446463dd183-1\" id=\"tab-block_4680192a367c51126c58f446463dd183-1\" tabindex=\"\">Otimiza\u00e7\u00e3o preditiva<\/button>\n\t\t\t\t\t\t\t\t\t\t\t<button type=\"button\" class=\"tab\" role=\"tab\" aria-controls=\"block_4680192a367c51126c58f446463dd183-2\" id=\"tab-block_4680192a367c51126c58f446463dd183-2\" tabindex=\"-1\">An\u00e1lise e monitoramento digital<\/button>\n\t\t\t\t\t\t\t\t\t\t\t<button type=\"button\" class=\"tab\" role=\"tab\" aria-controls=\"block_4680192a367c51126c58f446463dd183-3\" id=\"tab-block_4680192a367c51126c58f446463dd183-3\" tabindex=\"-1\">Registro de bordo e controle de consum\u00edveis<\/button>\n\t\t\t\t\t\t\t\t\t<\/div>\n\n\t\t\t\t<div class=\"tab-content\">\n\n\t\t\t\t\t\t\t\t\t\t\t<div class=\"tab_panel\" tabindex=\"0\" role=\"tabpanel\" id=\"block_4680192a367c51126c58f446463dd183-1\" >\n\t\t\t\t\t\t\t<div class=\"tab-background\">\n\t\t\t\t\t\t\t\t<div class=\"image\">\n\t\t\t\t\t\t\t\t\t\t\t\t\t\t\t\t\t\t\t\t\t\t\t\t\t\t\t\t\t\t\t\t\t\t\t\t\t\t\t\t\t\t\t\t\t\t\t\t\t\t\t\t\t\t<picture>\n\t\t\t\t\t\t\t\t\t\t<source media=\"(max-width: 499px)\" srcset=\"https:\/\/img.nmcdn.io\/e1\/w:600,h:800,v:1\/cpm\/wp-content\/uploads\/2026\/04\/Workers-plugging-into-machine.jpg?s=0675def1\">\n\t\t\t\t\t\t\t\t\t\t<source media=\"(max-width: 899px)\" srcset=\"https:\/\/img.nmcdn.io\/e1\/w:1200,h:724,v:1\/cpm\/wp-content\/uploads\/2026\/04\/Workers-plugging-into-machine.jpg?s=505ba28a\">\n\t\t\t\t\t\t\t\t\t\t<img decoding=\"async\" loading=\"eager\" style=\"aspect-ratio: 1.6578947368421;\" src=\"https:\/\/img.nmcdn.io\/e1\/w:1800,h:1086,v:1\/cpm\/wp-content\/uploads\/2026\/04\/Workers-plugging-into-machine.jpg?s=e9ff1973\" width=\"1800\" height=\"1086\" alt=\"\" aria-hidden=\"true\">\n\t\t\t\t\t\t\t\t\t<\/picture>\n\t\t\t\t\t\t\t\t<\/div>\n\t\t\t\t\t\t\t<\/div>\n\t\t\t\t\t\t\t<div class=\"tab-wrap -left\">\n\t\t\t\t\t\t\t\t<div class=\"text -mode-dark\">\n\t\t\t\t\t\t\t\t\t\t\t\t\t\t\t\t\t\t                                                                                                <h2 class=\"block-title\">Aja no momento certo<\/h2>\t\t\t\t\t\t\t\t\t\t\t\t\t\t\t\t\t\t\t<p data-start=\"1549\" data-end=\"1810\">O myinsights identifica o momento ideal para decis\u00f5es operacionais, combinando dados de desempenho de m\u00e1quinas com o contexto econ\u00f4mico. Isso permite que as equipes ajam no momento certo para maximizar a efici\u00eancia e evitar custos ou interrup\u00e7\u00f5es desnecess\u00e1rias.<\/p>\n<p data-start=\"1812\" data-end=\"2056\">As funcionalidades de otimiza\u00e7\u00e3o preditiva incluem: an\u00e1lise de desempenho econ\u00f4mico, identifica\u00e7\u00e3o do ponto de mudan\u00e7a ideal, insights sobre a efici\u00eancia da produ\u00e7\u00e3o, monitoramento do consumo de energia, suporte ao planejamento de manuten\u00e7\u00e3o, recomenda\u00e7\u00f5es e alertas automatizados.<\/p>\n\n\t\t\t\t\t\t\t\t\t\t\t\t\t\t\t\t\t\t\t\t\t\t\t\t\t\t<\/div>\n\t\t\t\t\t\t\t<\/div>\n\t\t\t\t\t\t<\/div>\n\t\t\t\t\t\t\t\t\t\t\t<div class=\"tab_panel\" tabindex=\"0\" role=\"tabpanel\" id=\"block_4680192a367c51126c58f446463dd183-2\" hidden=\"\">\n\t\t\t\t\t\t\t<div class=\"tab-background\">\n\t\t\t\t\t\t\t\t<div class=\"image\">\n\t\t\t\t\t\t\t\t\t\t\t\t\t\t\t\t\t\t\t\t\t\t\t\t\t\t\t\t\t\t\t\t\t\t\t\t\t\t\t\t\t\t\t\t\t\t\t\t\t\t\t\t\t\t<picture>\n\t\t\t\t\t\t\t\t\t\t<source media=\"(max-width: 499px)\" srcset=\"https:\/\/img.nmcdn.io\/e1\/w:600,h:800,v:1\/cpm\/wp-content\/uploads\/2026\/04\/Workers-in-Control-Room-3.jpg?s=4ff985eb\">\n\t\t\t\t\t\t\t\t\t\t<source media=\"(max-width: 899px)\" srcset=\"https:\/\/img.nmcdn.io\/e1\/w:1200,h:724,v:1\/cpm\/wp-content\/uploads\/2026\/04\/Workers-in-Control-Room-3.jpg?s=1b124594\">\n\t\t\t\t\t\t\t\t\t\t<img decoding=\"async\" loading=\"eager\" style=\"aspect-ratio: 1.6578947368421;\" src=\"https:\/\/img.nmcdn.io\/e1\/w:1800,h:1086,v:1\/cpm\/wp-content\/uploads\/2026\/04\/Workers-in-Control-Room-3.jpg?s=211e459e\" width=\"1800\" height=\"1086\" alt=\"\" aria-hidden=\"true\">\n\t\t\t\t\t\t\t\t\t<\/picture>\n\t\t\t\t\t\t\t\t<\/div>\n\t\t\t\t\t\t\t<\/div>\n\t\t\t\t\t\t\t<div class=\"tab-wrap -left\">\n\t\t\t\t\t\t\t\t<div class=\"text -mode-dark\">\n\t\t\t\t\t\t\t\t\t\t\t\t\t\t\t\t\t\t                                                                                                                                                                                                <h2 class=\"block-title\">Visibilidade de desempenho em tempo real e hist\u00f3rico<\/h2>\t\t\t\t\t\t\t\t\t\t\t\t\t\t\t\t\t\t\t<p data-start=\"2168\" data-end=\"2456\">O myinsights oferece visibilidade cont\u00ednua do desempenho de m\u00e1quinas e processos por meio de pain\u00e9is intuitivos e monitoramento em tempo real. Ao combinar dados em tempo real com an\u00e1lises hist\u00f3ricas, a plataforma permite que as equipes identifiquem inefici\u00eancias e melhorem o desempenho operacional.<\/p>\n<p data-start=\"2458\" data-end=\"2701\">As funcionalidades de an\u00e1lise digital incluem: monitoramento de desempenho em tempo real, an\u00e1lise hist\u00f3rica da produ\u00e7\u00e3o, compara\u00e7\u00e3o entre m\u00e1quinas, an\u00e1lise de tend\u00eancias ao longo dos ciclos de produ\u00e7\u00e3o, alertas e notifica\u00e7\u00f5es automatizados e insights operacionais baseados em dados.<\/p>\n\n\t\t\t\t\t\t\t\t\t\t\t\t\t\t\t\t\t\t\t\t\t\t\t\t\t\t<\/div>\n\t\t\t\t\t\t\t<\/div>\n\t\t\t\t\t\t<\/div>\n\t\t\t\t\t\t\t\t\t\t\t<div class=\"tab_panel\" tabindex=\"0\" role=\"tabpanel\" id=\"block_4680192a367c51126c58f446463dd183-3\" hidden=\"\">\n\t\t\t\t\t\t\t<div class=\"tab-background\">\n\t\t\t\t\t\t\t\t<div class=\"image\">\n\t\t\t\t\t\t\t\t\t\t\t\t\t\t\t\t\t\t\t\t\t\t\t\t\t\t\t\t\t\t\t\t\t\t\t\t\t\t\t\t\t\t\t\t\t\t\t\t\t\t\t\t\t\t<picture>\n\t\t\t\t\t\t\t\t\t\t<source media=\"(max-width: 499px)\" srcset=\"https:\/\/img.nmcdn.io\/e1\/w:600,h:800,v:1\/cpm\/wp-content\/uploads\/2026\/04\/myinsights-logbook.jpg?s=2cf83d7d\">\n\t\t\t\t\t\t\t\t\t\t<source media=\"(max-width: 899px)\" srcset=\"https:\/\/img.nmcdn.io\/e1\/w:1200,h:724,v:1\/cpm\/wp-content\/uploads\/2026\/04\/myinsights-logbook.jpg?s=694fd86d\">\n\t\t\t\t\t\t\t\t\t\t<img decoding=\"async\" loading=\"eager\" style=\"aspect-ratio: 1.6578947368421;\" src=\"https:\/\/img.nmcdn.io\/e1\/w:1800,h:1086,v:1\/cpm\/wp-content\/uploads\/2026\/04\/myinsights-logbook.jpg?s=61182ebe\" width=\"1800\" height=\"1086\" alt=\"\" aria-hidden=\"true\">\n\t\t\t\t\t\t\t\t\t<\/picture>\n\t\t\t\t\t\t\t\t<\/div>\n\t\t\t\t\t\t\t<\/div>\n\t\t\t\t\t\t\t<div class=\"tab-wrap -left\">\n\t\t\t\t\t\t\t\t<div class=\"text -mode-dark\">\n\t\t\t\t\t\t\t\t\t\t\t\t\t\t\t\t\t\t                                                                                                                                                    <h2 class=\"block-title\">Dados estruturados para melhores decis\u00f5es<\/h2>\t\t\t\t\t\t\t\t\t\t\t\t\t\t\t\t\t\t\t<p data-start=\"2801\" data-end=\"3078\">O livro de registro integrado facilita o registro digital do uso de consum\u00edveis, garantindo rastreabilidade e controle na planta. Ao padronizar a forma como os dados s\u00e3o coletados, o myinsights cria um hist\u00f3rico operacional confi\u00e1vel que auxilia no planejamento e na tomada de decis\u00f5es.<\/p>\n<p data-start=\"3080\" data-end=\"3346\">As funcionalidades do di\u00e1rio de bordo incluem: registro estruturado do uso de consum\u00edveis, rastreamento de eventos de mudan\u00e7a e entradas operacionais, compara\u00e7\u00e3o de desempenho hist\u00f3rico, rastreabilidade aprimorada ao longo dos ciclos de produ\u00e7\u00e3o, suporte ao planejamento de manuten\u00e7\u00e3o e consist\u00eancia operacional.<\/p>\n\n\t\t\t\t\t\t\t\t\t\t\t\t\t\t\t\t\t\t\t\t\t\t\t\t\t\t<\/div>\n\t\t\t\t\t\t\t<\/div>\n\t\t\t\t\t\t<\/div>\n\t\t\t\t\t\t\t\t\t\t\n\t\t\t\t<\/div>\n\t\t\t<\/div>\n\n\t\t\t\n\t\t<\/div>\n\t<\/div>\n\n\t\n\t\t\t<\/div>\n\n\t\t\t\t\n\t<\/div>\n\n\n\n\t\n\n\t\t\t\t\t\t\t\n\n<div id=\"block_f5385ab5b1b02a9eab1ed41816aa642d\" class=\"nmc-block nmc-block--process-slider block-container alignfull\">\n\t\n\t\t\n\t\t\t<div class=\"blockbody\">\n\t\t\t\t\t<div class=\"bound boundwide\">\n\t\t<div class=\"block-intro\">\n\t\t\t<div class=\"block-intro-left\">\n\t\t\t\t\t\t\t\t\t<p class=\"is-style-eyebrow-heading\">O processo<\/p>\n\t\t\t\t\t\t\t\t                                                                                                            <h2 class=\"block-title\">Principais funcionalidades da plataforma<\/h2>\t\t\t\t\t\t\t<\/div>\n\t\t\t\n\t\t\t\t\t\t\t\n\t\t<\/div>\n\t\t\n\t<\/div>\n\n\t<div class=\"bound boundwider\">\n\t\t<div id=\"slider-block_f5385ab5b1b02a9eab1ed41816aa642d-slider\" class=\"nmc-slider scrollable snaps\" data-nmc-slider role=\"region\" aria-label=\"Carrossel de visualiza\u00e7\u00e3o de conte\u00fado\">\n\t\t\t\t\t\t\t\n\t\t\t\t\n\t\t\t\t<div class=\"nmc-slide\" role=\"group\" aria-label=\"Diapositivo 1 de 0\" aria-current=\"true\">\n\t\t\t\t\t<div class=\"process-slide\">\n\t\t\t\t\t\t<div class=\"image\">\n\t\t\t\t\t\t\t\n<div class=\"image-auto\" style=\"aspect-ratio: 800 \/ 434;\">\n\t<picture>\n\t\t<source \n\t\t\tmedia=\"(max-width: 600px)\"\n\t\t\tsrcset=\"https:\/\/img.nmcdn.io\/e1\/w:480,h:261,v:1\/cpm\/wp-content\/uploads\/2026\/04\/laptop-myinsights-analytics.jpg?s=a2cde473\">\n\t\t<img  loading=\"lazy\"src=\"https:\/\/img.nmcdn.io\/e1\/w:600,h:326,v:1\/cpm\/wp-content\/uploads\/2026\/04\/laptop-myinsights-analytics.jpg?s=ea31981d\" width=\"800\" height=\"434\" alt=\"\">\n\t<\/picture>\n<\/div>\n\t\t\t\t\t\t<\/div>\n\t\t\t\t\t\t<div class=\"content\">\n\t\t\t\t\t\t\t<div class=\"number\">1<\/div>\n\t\t\t\t\t\t\tPainel de An\u00e1lise: Obtenha visibilidade do desempenho da m\u00e1quina e dos consum\u00edveis ao longo do tempo. O painel de an\u00e1lise fornece informa\u00e7\u00f5es hist\u00f3ricas por dias, semanas, meses e anos, permitindo que operadores e gerentes de f\u00e1brica identifiquem tend\u00eancias, comparem o desempenho e apoiem a otimiza\u00e7\u00e3o a longo prazo.\n\t\t\t\t\t\t<\/div>\n\t\t\t\t\t<\/div>\n\t\t\t\t<\/div>\n\t\t\t\t\t\t\t\n\t\t\t\t\n\t\t\t\t<div class=\"nmc-slide\" role=\"group\" aria-label=\"Diapositivo 2 de 0\" >\n\t\t\t\t\t<div class=\"process-slide\">\n\t\t\t\t\t\t<div class=\"image\">\n\t\t\t\t\t\t\t\n<div class=\"image-auto\" style=\"aspect-ratio: 1400 \/ 759;\">\n\t<picture>\n\t\t<source \n\t\t\tmedia=\"(max-width: 600px)\"\n\t\t\tsrcset=\"https:\/\/img.nmcdn.io\/e1\/w:480,h:261,v:1\/cpm\/wp-content\/uploads\/2026\/04\/laptop-myinsights-dashboard.png?s=bca2249c\">\n\t\t<img  loading=\"lazy\"src=\"https:\/\/img.nmcdn.io\/e1\/w:600,h:326,v:1\/cpm\/wp-content\/uploads\/2026\/04\/laptop-myinsights-dashboard.png?s=b81fc136\" width=\"1400\" height=\"759\" alt=\"\">\n\t<\/picture>\n<\/div>\n\t\t\t\t\t\t<\/div>\n\t\t\t\t\t\t<div class=\"content\">\n\t\t\t\t\t\t\t<div class=\"number\">2<\/div>\n\t\t\t\t\t\t\tDados em tempo real: Monitore o desempenho operacional com dados ao vivo dos equipamentos de produ\u00e7\u00e3o. O monitoramento em tempo real permite que as equipes identifiquem rapidamente mudan\u00e7as no desempenho e respondam antes que a produtividade ou a efici\u00eancia sejam afetadas.\n\t\t\t\t\t\t<\/div>\n\t\t\t\t\t<\/div>\n\t\t\t\t<\/div>\n\t\t\t\t\t\t\t\n\t\t\t\t\n\t\t\t\t<div class=\"nmc-slide\" role=\"group\" aria-label=\"Diapositivo 3 de 0\" >\n\t\t\t\t\t<div class=\"process-slide\">\n\t\t\t\t\t\t<div class=\"image\">\n\t\t\t\t\t\t\t\n<div class=\"image-auto\" style=\"aspect-ratio: 1400 \/ 759;\">\n\t<picture>\n\t\t<source \n\t\t\tmedia=\"(max-width: 600px)\"\n\t\t\tsrcset=\"https:\/\/img.nmcdn.io\/e1\/w:480,h:261,v:1\/cpm\/wp-content\/uploads\/2026\/04\/laptop-myinsights-EDL.png?s=3044691e\">\n\t\t<img  loading=\"lazy\"src=\"https:\/\/img.nmcdn.io\/e1\/w:600,h:326,v:1\/cpm\/wp-content\/uploads\/2026\/04\/laptop-myinsights-EDL.png?s=29c61c88\" width=\"1400\" height=\"759\" alt=\"\">\n\t<\/picture>\n<\/div>\n\t\t\t\t\t\t<\/div>\n\t\t\t\t\t\t<div class=\"content\">\n\t\t\t\t\t\t\t<div class=\"number\">3<\/div>\n\t\t\t\t\t\t\tCalculadora Econ\u00f4mica de Vida \u00datil de Matrizes: Avalie o impacto financeiro das decis\u00f5es de troca de consum\u00edveis. A calculadora permite que os usu\u00e1rios insiram dados de custo e produ\u00e7\u00e3o para determinar a estrat\u00e9gia de vida \u00fatil de matrizes mais rent\u00e1vel.\n\t\t\t\t\t\t<\/div>\n\t\t\t\t\t<\/div>\n\t\t\t\t<\/div>\n\t\t\t\t\t\t\t\n\t\t\t\t\n\t\t\t\t<div class=\"nmc-slide\" role=\"group\" aria-label=\"Diapositivo 4 de 0\" >\n\t\t\t\t\t<div class=\"process-slide\">\n\t\t\t\t\t\t<div class=\"image\">\n\t\t\t\t\t\t\t\n<div class=\"image-auto\" style=\"aspect-ratio: 1400 \/ 759;\">\n\t<picture>\n\t\t<source \n\t\t\tmedia=\"(max-width: 600px)\"\n\t\t\tsrcset=\"https:\/\/img.nmcdn.io\/e1\/w:480,h:261,v:1\/cpm\/wp-content\/uploads\/2026\/04\/laptop-myinsights-logbook.png?s=1731af37\">\n\t\t<img  loading=\"lazy\"src=\"https:\/\/img.nmcdn.io\/e1\/w:600,h:326,v:1\/cpm\/wp-content\/uploads\/2026\/04\/laptop-myinsights-logbook.png?s=099f4445\" width=\"1400\" height=\"759\" alt=\"\">\n\t<\/picture>\n<\/div>\n\t\t\t\t\t\t<\/div>\n\t\t\t\t\t\t<div class=\"content\">\n\t\t\t\t\t\t\t<div class=\"number\">4<\/div>\n\t\t\t\t\t\t\tDi\u00e1rio de bordo: Monitore as substitui\u00e7\u00f5es de consum\u00edveis e as atividades de manuten\u00e7\u00e3o por meio de um registro digital estruturado. O di\u00e1rio de bordo cria um hist\u00f3rico confi\u00e1vel das decis\u00f5es operacionais e do desempenho dos consum\u00edveis.\n\t\t\t\t\t\t<\/div>\n\t\t\t\t\t<\/div>\n\t\t\t\t<\/div>\n\t\t\t\t\t<\/div>\n\n\t\t<div class=\"slider-nav-wrap\">\n\t\t\t\n\t\t\t<ul class=\"nmc-dots\">\n\t\t\t<button type=\"button\" class=\"slider-nav prev\" aria-label=\"Slide anterior\" data-nmc-slider-target=\"#slider-block_f5385ab5b1b02a9eab1ed41816aa642d-slider\" data-nmc-slider-action=\"prev\"><svg xmlns=\"http:\/\/www.w3.org\/2000\/svg\" width=\"17\" height=\"28\" viewbox=\"0 0 17 28\" role=\"img\" aria-hidden=\"true\" focusable=\"false\"><path d=\"M.1 14.4a.5.5 0 0 1 0-.7L13.7 0h.7l1.8 2c.2.2.2.5 0 .7L4.8 14l11 11.1c.4.4.4 1 0 1.4l-1 1a1 1 0 0 1-1.5 0L.1 14.5Z\"\/><\/svg><\/button>\n\t\t\t\t\t\t\t\t\t<li class=\"active\">\n\t\t\t\t\t\t<button type=\"button\" id=\"slider-1-dot-1\" aria-controls=\"slider-block_f5385ab5b1b02a9eab1ed41816aa642d-slider-1\" class=\"jumpbutton active\" data-nmc-slider-target=\"#slider-block_f5385ab5b1b02a9eab1ed41816aa642d-slider\" aria-label=\"V\u00e1 para o slide 1 de \" data-nmc-slider-action=\"slide-1\">1<\/button>\n\t\t\t\t\t<\/li>\n\t\t\t\t\t\t\t\t\t<li class=\"\">\n\t\t\t\t\t\t<button type=\"button\" id=\"slider-1-dot-2\" aria-controls=\"slider-block_f5385ab5b1b02a9eab1ed41816aa642d-slider-2\" class=\"jumpbutton\" data-nmc-slider-target=\"#slider-block_f5385ab5b1b02a9eab1ed41816aa642d-slider\" aria-label=\"V\u00e1 para o slide 2 de \" data-nmc-slider-action=\"slide-2\">2<\/button>\n\t\t\t\t\t<\/li>\n\t\t\t\t\t\t\t\t\t<li class=\"\">\n\t\t\t\t\t\t<button type=\"button\" id=\"slider-1-dot-3\" aria-controls=\"slider-block_f5385ab5b1b02a9eab1ed41816aa642d-slider-3\" class=\"jumpbutton\" data-nmc-slider-target=\"#slider-block_f5385ab5b1b02a9eab1ed41816aa642d-slider\" aria-label=\"V\u00e1 para o slide 3 de \" data-nmc-slider-action=\"slide-3\">3<\/button>\n\t\t\t\t\t<\/li>\n\t\t\t\t\t\t\t\t\t<li class=\"\">\n\t\t\t\t\t\t<button type=\"button\" id=\"slider-1-dot-4\" aria-controls=\"slider-block_f5385ab5b1b02a9eab1ed41816aa642d-slider-4\" class=\"jumpbutton\" data-nmc-slider-target=\"#slider-block_f5385ab5b1b02a9eab1ed41816aa642d-slider\" aria-label=\"V\u00e1 para o Slide 4 de \" data-nmc-slider-action=\"slide-4\">4<\/button>\n\t\t\t\t\t<\/li>\n\t\t\t\t\t\t\t\t<button type=\"button\" class=\"slider-nav next\" aria-label=\"Pr\u00f3ximo slide\" data-nmc-slider-target=\"#slider-block_f5385ab5b1b02a9eab1ed41816aa642d-slider\" data-nmc-slider-action=\"next\"><svg xmlns=\"http:\/\/www.w3.org\/2000\/svg\" width=\"17\" height=\"28\" viewbox=\"0 0 17 28\" role=\"img\" aria-hidden=\"true\" focusable=\"false\"><path d=\"M16.2 14.4c.2-.2.2-.5 0-.7L2.6 0a.5.5 0 0 0-.7 0L.1 2v.7L11.5 14 .5 25.1a1 1 0 0 0 0 1.4l1 1c.5.5 1.1.5 1.5 0l13.2-13.1Z\"\/><\/svg><\/button>\n\t\t\t<\/ul>\n\t\t\t\n\t\t<\/div>\n\t<\/div>\n\n\t\t\t<\/div>\n\n\t\t\t\t\n\t<\/div>\n\n\n\n\t\n\n\t\t\t\t\t\t\t\n\n<div id=\"block_d463d1d71c686a741eb8d816a221efa0\" class=\"nmc-block nmc-block--intro-video block-container alignfull\">\n\t\n\t\t\n\t\t\t<div class=\"blockbody\">\n\t\t\t\t\t\t<div class=\"bound boundwider wrap\">\n\t\t\t<div class=\"block-intro\">\n\t\t\t\t\t\t\t\t\t                                                                                                                                                                                                            <h2 class=\"block-title\">Vida \u00fatil econ\u00f4mica da matriz: otimize o desempenho dos consum\u00edveis.<\/h2>\t\t\t\t\t\t\t\t\t\t\t<p class=\"content\">A An\u00e1lise Econ\u00f4mica da Vida \u00datil da Matriz (EDL, na sigla em ingl\u00eas) \u00e9 uma aplica\u00e7\u00e3o fundamental da plataforma myinsights, projetada para otimizar o desempenho de matrizes e rolos por meio de an\u00e1lises preditivas e modelagem econ\u00f4mica. Ao identificar o verdadeiro ponto de inflex\u00e3o econ\u00f4mica, a EDL garante que os componentes sejam substitu\u00eddos no momento ideal, equilibrando produtividade, consumo de energia e vida \u00fatil dos consum\u00edveis.<\/p>\n\t\t\t\t\t\t\t\t\t\t<a href=\"https:\/\/onecpm.com\/pt_br\/about-cpm\/contact-us\/\" target=\"\" class=\"btn\">Solicite mais informa\u00e7\u00f5es<\/a>\t\t\t<\/div>\n\t\t\t<div class=\"block-video\">\n\t\t\t\t<div class=\"video_wrap\">\n\t\t\t\t\t<div class=\"wistia-aspect\">\n\t\t\t\t\t\t\n\t\t\t\t\t\t<iframe loading=\"lazy\" src=\"https:\/\/fast.wistia.net\/embed\/iframe\/7gl0s7evcf?seo=true&#038;videoFoam=false\" allow=\"autoplay; fullscreen\" allowtransparency=\"true\" frameborder=\"0\" scrolling=\"no\" class=\"wistia_embed\" name=\"wistia_embed\" msallowfullscreen width=\"640\" height=\"360\"><\/iframe>\n\t\t\t\t\t\t<script src=\"https:\/\/fast.wistia.net\/assets\/external\/E-v1.js\" async><\/script>\n\t\t\t\t\t<\/div>\n\t\t\t\t<\/div>\n\t\t\t<\/div>\n\t\t<\/div>\n\t\t\t<\/div>\n\n\t\t\t\t\n\t<\/div>\n\n\n\n\t\n\n\t\t\t\t\t\t\t\n\t\n<div id=\"block_eab71630d8369bd98238daf563e3db5e\" class=\"nmc-block nmc-block--split block-container alignfull -Width alignfull\">\n\t\n\t\t\n\t\t\t<div class=\"blockbody\">\n\t\t\t\t\t<div class=\"bound boundwider\">\n\t\t\n\n<div class=\"split-half\">\n\t<div class=\"split-half-content\">\n\n\t\t\n\n<div class=\"split-half-image\">\n\t\t\t\t\t\t\t\t\t\t<picture>\n\t\t<source media=\"(max-width: 400px)\" srcset=\"https:\/\/img.nmcdn.io\/e1\/w:500,h:530,v:1\/cpm\/wp-content\/uploads\/2026\/04\/EDL-Landing-Page-Header-1.png?s=0e83f022\">\n\t\t<img decoding=\"async\" loading=\"lazy\" style=\"aspect-ratio: 0.94339622641509;\" src=\"https:\/\/img.nmcdn.io\/e1\/w:800,h:848,v:1\/cpm\/wp-content\/uploads\/2026\/04\/EDL-Landing-Page-Header-1.png?s=71413067\" width=\"800\" height=\"848\" alt=\"\">\n\t<\/picture>\n<\/div>\n\n\n\t\t\n\t<\/div>\n<\/div>\n\n\n<div class=\"split-half\">\n\t<div class=\"split-half-content\">\n\n\t\t\n\n<p class=\"is-style-eyebrow-heading\">Contate-nos<\/p>\n\n\n\n<h2 class=\"wp-block-heading\">Comece o seu <strong>Jornada Orientada por Dados<\/strong><\/h2>\n\n\n\n<p><\/p>\n\n\n\n<p>O myinsights ajuda a transformar dados operacionais em informa\u00e7\u00f5es pr\u00e1ticas, permitindo decis\u00f5es mais inteligentes e melhoria cont\u00ednua em toda a sua opera\u00e7\u00e3o.<\/p>\n\n\n\n<p><br>Entre em contato com CPM para saber mais sobre o myinsights e como o Economic Die Life pode contribuir para o desempenho da sua f\u00e1brica.<\/p>\n\n\n\n\n\n\t\t\t\t\n\n<div class=\"nmc-block nmc-block--buttons\" id=\"block_30a3ceb5789a580028dd97f4f0f55551\">\n\t<div class=\"blockbody\">\n\t\n\t\t\t\t\t\t\n\t\t<a href=\"https:\/\/onecpm.com\/pt_br\/about-cpm\/contact-us\/\" class=\"btn -btn\" >Vamos conversar<\/a>\n\t\t<\/div>\n<\/div>\n\n\t\t\n\t<\/div>\n<\/div>\n\n\t<\/div>\n\t\t\t<\/div>\n\n\t\t\t\t\n\t<\/div>","protected":false},"excerpt":{"rendered":"","protected":false},"author":21,"featured_media":0,"parent":0,"menu_order":0,"comment_status":"closed","ping_status":"closed","template":"","meta":{"_acf_changed":false,"footnotes":""},"class_list":["post-12139","page","type-page","status-publish","hentry"],"acf":[],"_links":{"self":[{"href":"https:\/\/onecpm.com\/pt_br\/wp-json\/wp\/v2\/pages\/12139","targetHints":{"allow":["GET"]}}],"collection":[{"href":"https:\/\/onecpm.com\/pt_br\/wp-json\/wp\/v2\/pages"}],"about":[{"href":"https:\/\/onecpm.com\/pt_br\/wp-json\/wp\/v2\/types\/page"}],"author":[{"embeddable":true,"href":"https:\/\/onecpm.com\/pt_br\/wp-json\/wp\/v2\/users\/21"}],"replies":[{"embeddable":true,"href":"https:\/\/onecpm.com\/pt_br\/wp-json\/wp\/v2\/comments?post=12139"}],"version-history":[{"count":20,"href":"https:\/\/onecpm.com\/pt_br\/wp-json\/wp\/v2\/pages\/12139\/revisions"}],"predecessor-version":[{"id":12558,"href":"https:\/\/onecpm.com\/pt_br\/wp-json\/wp\/v2\/pages\/12139\/revisions\/12558"}],"wp:attachment":[{"href":"https:\/\/onecpm.com\/pt_br\/wp-json\/wp\/v2\/media?parent=12139"}],"curies":[{"name":"wp","href":"https:\/\/api.w.org\/{rel}","templated":true}]}}