{"id":1490,"date":"2024-04-16T21:42:41","date_gmt":"2024-04-16T21:42:41","guid":{"rendered":"https:\/\/cpm.epicenter1.com\/?page_id=1490"},"modified":"2025-06-24T23:18:22","modified_gmt":"2025-06-24T23:18:22","slug":"automation","status":"publish","type":"page","link":"https:\/\/onecpm.com\/pt_br\/automation","title":{"rendered":"Automa\u00e7\u00e3o"},"content":{"rendered":"<div id=\"block_2bce42d168348bc3b8fd0c2570a294ac\" class=\"nmc-block nmc-block--masthead-aftermarket block-container alignfull -mode-dark\">\n\t\n\t\t\n\t\t\t<div class=\"blockbody\">\n\t\t\t\t<div class=\"masthead-media -overlay\">\n\t\t<div class=\"image\">\n\t\t\t\t\t\t\t\t\t\t\t\t<picture>\n\t\t\t<source media=\"(max-width: 499px)\" srcset=\"https:\/\/img.nmcdn.io\/e1\/w:600,h:338,v:1\/cpm\/wp-content\/uploads\/2024\/07\/aftermarket-automation-hero.jpg?s=73393dbe\">\n\t\t\t<source media=\"(max-width: 899px)\" srcset=\"https:\/\/img.nmcdn.io\/e1\/w:1200,h:675,v:1\/cpm\/wp-content\/uploads\/2024\/07\/aftermarket-automation-hero.jpg?s=a7c23538\">\n\t\t\t<img fetchpriority=\"high\" decoding=\"async\" loading=\"eager\" style=\"aspect-ratio: 1.7777777777778;\" src=\"https:\/\/img.nmcdn.io\/e1\/w:1800,h:1013,v:1\/cpm\/wp-content\/uploads\/2024\/07\/aftermarket-automation-hero.jpg?s=197bd4c0\" width=\"1800\" height=\"1013\" alt=\"\" aria-hidden=\"true\">\n\t\t<\/picture>\n\t<\/div>\n\t\t\n<\/div>\n<div class=\"bound boundwider\">\n\t<div class=\"masthead-content\">\n\t\t<p class=\"is-style-eyebrow-heading\">Inova\u00e7\u00e3o e Tecnologia<\/strong><\/p>\n\t\t<h1 class=\"page-title\">Automa\u00e7\u00e3o<\/h1>\n\t\t\t\t\t<\/div>\n<\/div>\n\n<script>\n(function(){\n\tdocument.documentElement.classList.add('-transparent-header');\n})();\n<\/script>\n\t\t\t<\/div>\n\n\t\t\t\t\n\t<\/div>\n\n\n\n\n\n\t\n\n\t\t\t\t\t\t\t\n\n<div id=\"block_1c7eb2fbdc0bff12ad27e36bba89bfcd\" class=\"nmc-block nmc-block--intro-video block-container alignfull\">\n\t\n\t\t\n\t\t\t<div class=\"blockbody\">\n\t\t\t\t\t\t\t\t\t\t\n\t\t\t<div class=\"bound boundwider wrap\">\n\t\t\t<div class=\"block-intro\">\n\t\t\t\t\t\t\t\t\t\t<p class=\"is-style-eyebrow-heading\">Vis\u00e3o geral<\/p>\n\t\t\t\t\t\t\t\t\t\t                                                                                                                                <h2 class=\"block-title\"><strong>Est\u00e1 tudo sob controle.<\/strong><\/h2>\t\t\t\t\t\t\t\t\t\t\t<p class=\"content\">As solu\u00e7\u00f5es de controle de processo da CPM Automation melhoram a efici\u00eancia do processo e reduzem o tempo de inatividade n\u00e3o planejado. Nossa expertise em sistemas de controle nos permite fornecer solu\u00e7\u00f5es de processo para qualquer ind\u00fastria. As solu\u00e7\u00f5es de controle s\u00e3o adaptadas \u00e0s suas necessidades individuais com base no escopo e or\u00e7amento do projeto. Podemos fornecer solu\u00e7\u00f5es para controle de processo de planta completa ou sistemas aut\u00f4nomos, independentemente do fabricante do equipamento. Apoiados por nossa equipe de suporte t\u00e9cnico interno 24 horas por dia, 7 dias por semana, voc\u00ea pode ter certeza de que estaremos l\u00e1 quando voc\u00ea mais precisar.<\/p>\n\t\t\t\t\t\t\t\t\t\t<a href=\"https:\/\/onecpm.com\/pt_br\/about-cpm\/contact-us\/\" target=\"\" class=\"btn\">Conecte-se com um especialista em automa\u00e7\u00e3o<\/a>\t\t\t<\/div>\n\t\t\t<div class=\"block-video\">\n\t\t\t\t<div class=\"video_wrap\">\n\t\t\t\t\t<a  href=\"https:\/\/www.youtube.com\/watch?v=bFZ7IQjSnIk\"  data-video-id=\"bFZ7IQjSnIk\" aria-label=\"Reproduzir v\u00eddeo incorporado\" data-video-source=\"youtube\">\n\t\t\t\t\t\t\t\t\t\t\t<img decoding=\"async\" loading=\"lazy\" src=\"https:\/\/i.ytimg.com\/vi\/bFZ7IQjSnIk\/maxresdefault.jpg\" width=\"640\" height=\"360\" style=\"display: block; width: 100%\" alt=\"\">\n\t\t\t\n\t\t\t\t\t<\/a>\n\t\t\t\t<\/div>\n\t\t\t<\/div>\n\t\t<\/div>\n\t\t\t<\/div>\n\n\t\t\t\t\n\t<\/div>\n\n\n\n\t\n\n\t\t\t\t\t\t\t\n\n<div id=\"block_e17330ffc4b2fffbf10a238bed007558\" class=\"nmc-block nmc-block--tabbed-ctas block-container alignfull\">\n\t\n\t\t\n\t\t\t<div class=\"blockbody\">\n\t\t\t\t\t\n\t<div class=\"block-wrap gray\">\n\t\t<div class=\"bound boundwider\">\n\t\t\t<div class=\"block-intro -mode-gray\">\n\t\t\t\t<div class=\"block-left\">\n\t\t\t\t\t                                                                                                                        <h2 class=\"block-title\">Efici\u00eancia por meio da automa\u00e7\u00e3o<\/h2>\t\t\t\t\t\t\t\t\t\t\t<div class=\"content\">Nossas solu\u00e7\u00f5es de automa\u00e7\u00e3o comprovadas e totalmente integradas podem ajudar a tornar sua opera\u00e7\u00e3o de processamento mais inteligente. Se voc\u00ea deseja maximizar a efici\u00eancia, melhorar a seguran\u00e7a dos funcion\u00e1rios, otimizar o uso e a produ\u00e7\u00e3o de energia, melhorar a qualidade do produto e prever a manuten\u00e7\u00e3o, a automa\u00e7\u00e3o \u00e9 a escolha l\u00f3gica. Mantenha suas opera\u00e7\u00f5es funcionando de forma eficiente, 24 horas por dia, 7 dias por semana, com nossas solu\u00e7\u00f5es de automa\u00e7\u00e3o e suporte.<\/div>\n\t\t\t\t\t\t\t\t\t<\/div>\n\n\t\t\t\t\t\t\t<\/div>\n\n\t\t\t<div class=\"tabs\">\n\t\t\t\t<div class=\"tabs_list\" role=\"tablist\">\n\t\t\t\t\t\t\t\t\t\t\t<button type=\"button\" class=\"tab\" role=\"tab\" aria-controls=\"block_e17330ffc4b2fffbf10a238bed007558-1\" id=\"tab-block_e17330ffc4b2fffbf10a238bed007558-1\" tabindex=\"\">Automa\u00e7\u00e3o do processo<\/button>\n\t\t\t\t\t\t\t\t\t\t\t<button type=\"button\" class=\"tab\" role=\"tab\" aria-controls=\"block_e17330ffc4b2fffbf10a238bed007558-2\" id=\"tab-block_e17330ffc4b2fffbf10a238bed007558-2\" tabindex=\"-1\">Controle de M\u00e1quina<\/button>\n\t\t\t\t\t\t\t\t\t\t\t<button type=\"button\" class=\"tab\" role=\"tab\" aria-controls=\"block_e17330ffc4b2fffbf10a238bed007558-3\" id=\"tab-block_e17330ffc4b2fffbf10a238bed007558-3\" tabindex=\"-1\">PROJETO\/FABRICA\u00c7\u00c3O DE PAINEL DE CONTROLE<\/button>\n\t\t\t\t\t\t\t\t\t<\/div>\n\n\t\t\t\t<div class=\"tab-content\">\n\n\t\t\t\t\t\t\t\t\t\t\t<div class=\"tab_panel\" tabindex=\"0\" role=\"tabpanel\" id=\"block_e17330ffc4b2fffbf10a238bed007558-1\" >\n\t\t\t\t\t\t\t<div class=\"tab-background\">\n\t\t\t\t\t\t\t\t<div class=\"image\">\n\t\t\t\t\t\t\t\t\t\t\t\t\t\t\t\t\t\t\t\t\t\t\t\t\t\t\t\t\t\t\t\t\t\t\t\t\t\t\t\t\t\t\t\t\t\t\t\t\t\t\t\t\t\t<picture>\n\t\t\t\t\t\t\t\t\t\t<source media=\"(max-width: 499px)\" srcset=\"https:\/\/img.nmcdn.io\/e1\/w:600,h:800,v:1\/cpm\/?s=4383b5a1\">\n\t\t\t\t\t\t\t\t\t\t<source media=\"(max-width: 899px)\" srcset=\"https:\/\/img.nmcdn.io\/e1\/w:1200,h:724,v:1\/cpm\/?s=aa1efeb2\">\n\t\t\t\t\t\t\t\t\t\t<img decoding=\"async\" loading=\"eager\" style=\"aspect-ratio: 1.6578947368421;\" src=\"https:\/\/img.nmcdn.io\/e1\/w:1800,h:1086,v:1\/cpm\/?s=d70b96b8\" width=\"1800\" height=\"1086\" alt=\"\" aria-hidden=\"true\">\n\t\t\t\t\t\t\t\t\t<\/picture>\n\t\t\t\t\t\t\t\t<\/div>\n\t\t\t\t\t\t\t<\/div>\n\t\t\t\t\t\t\t<div class=\"tab-wrap -left\">\n\t\t\t\t\t\t\t\t<div class=\"text -mode-dark\">\n\t\t\t\t\t\t\t\t\t\t\t\t\t\t\t\t\t\t\t<p class=\"is-style-eyebrow-heading\">Automa\u00e7\u00e3o do processo<\/p>\n\t\t\t\t\t\t\t\t\t\t\t\t\t\t\t\t\t\t                                                                                                                                                                                                                                                                                                                                                <h2 class=\"block-title\">Otimize sua efici\u00eancia operacional com nossas solu\u00e7\u00f5es personalizadas de processos automatizados.<\/h2>\t\t\t\t\t\t\t\t\t\t\t\t\t\t\t\t\t\t\t<p>Com solu\u00e7\u00f5es de automa\u00e7\u00e3o de processos para loteamento, gerenciamento de receitas, biosseguran\u00e7a e muito mais, podemos automatizar seu processo da mat\u00e9ria-prima ao produto final. Nossos sistemas s\u00e3o projetados para integrar-se facilmente com seus sistemas de Enterprise Resource Planning (ERP) e finan\u00e7as existentes.<\/p>\n<p>Os recursos de automa\u00e7\u00e3o de processos incluem: rede OT (Tecnologia Operacional), servidores\/computa\u00e7\u00e3o industriais, virtualiza\u00e7\u00e3o, relat\u00f3rios baseados em nuvem, integra\u00e7\u00e3o com ERP, an\u00e1lise de dados, controles PLC\/HMI: recebimento, moagem, dosagem, peletiza\u00e7\u00e3o, carregamento, extrusora-composi\u00e7\u00e3o, prepara\u00e7\u00e3o, extra\u00e7\u00e3o e muito mais.<\/p>\n\n\t\t\t\t\t\t\t\t\t\t\t\t\t\t\t\t\t\t\t\t\t\t\t\t\t\t<\/div>\n\t\t\t\t\t\t\t<\/div>\n\t\t\t\t\t\t<\/div>\n\t\t\t\t\t\t\t\t\t\t\t<div class=\"tab_panel\" tabindex=\"0\" role=\"tabpanel\" id=\"block_e17330ffc4b2fffbf10a238bed007558-2\" hidden=\"\">\n\t\t\t\t\t\t\t<div class=\"tab-background\">\n\t\t\t\t\t\t\t\t<div class=\"image\">\n\t\t\t\t\t\t\t\t\t\t\t\t\t\t\t\t\t\t\t\t\t\t\t\t\t\t\t\t\t\t\t\t\t\t\t\t\t\t\t\t\t\t\t\t\t\t\t\t\t\t\t\t\t\t<picture>\n\t\t\t\t\t\t\t\t\t\t<source media=\"(max-width: 499px)\" srcset=\"https:\/\/img.nmcdn.io\/e1\/w:600,h:800,v:1\/cpm\/wp-content\/uploads\/2024\/07\/aftermarket-automation-tab2-1.jpg?s=2265582a\">\n\t\t\t\t\t\t\t\t\t\t<source media=\"(max-width: 899px)\" srcset=\"https:\/\/img.nmcdn.io\/e1\/w:1200,h:724,v:1\/cpm\/wp-content\/uploads\/2024\/07\/aftermarket-automation-tab2-1.jpg?s=ab74d07b\">\n\t\t\t\t\t\t\t\t\t\t<img decoding=\"async\" loading=\"eager\" style=\"aspect-ratio: 1.6578947368421;\" src=\"https:\/\/img.nmcdn.io\/e1\/w:1800,h:1086,v:1\/cpm\/wp-content\/uploads\/2024\/07\/aftermarket-automation-tab2-1.jpg?s=3d9c11e0\" width=\"1800\" height=\"1086\" alt=\"\" aria-hidden=\"true\">\n\t\t\t\t\t\t\t\t\t<\/picture>\n\t\t\t\t\t\t\t\t<\/div>\n\t\t\t\t\t\t\t<\/div>\n\t\t\t\t\t\t\t<div class=\"tab-wrap -right\">\n\t\t\t\t\t\t\t\t<div class=\"text -mode-dark\">\n\t\t\t\t\t\t\t\t\t\t\t\t\t\t\t\t\t\t\t<p class=\"is-style-eyebrow-heading\">Controle de M\u00e1quina<\/p>\n\t\t\t\t\t\t\t\t\t\t\t\t\t\t\t\t\t\t                                                                                                                                                                                                                                                                                        <h2 class=\"block-title\">Aumente a produ\u00e7\u00e3o, reduza os custos trabalhistas e melhore a seguran\u00e7a dos funcion\u00e1rios.<\/h2>\t\t\t\t\t\t\t\t\t\t\t\t\t\t\t\t\t\t\t<p>Podemos ajudar voc\u00ea a otimizar a seguran\u00e7a e a efici\u00eancia do seu equipamento de processamento industrial existente, garantindo que todos os componentes de controle estejam atualizados e fornecendo controles de opera\u00e7\u00e3o intuitivos, f\u00e1ceis de aprender e usar.<\/p>\n\n\t\t\t\t\t\t\t\t\t\t\t\t\t\t\t\t\t\t\t\t\t\t\t\t\t\t<\/div>\n\t\t\t\t\t\t\t<\/div>\n\t\t\t\t\t\t<\/div>\n\t\t\t\t\t\t\t\t\t\t\t<div class=\"tab_panel\" tabindex=\"0\" role=\"tabpanel\" id=\"block_e17330ffc4b2fffbf10a238bed007558-3\" hidden=\"\">\n\t\t\t\t\t\t\t<div class=\"tab-background\">\n\t\t\t\t\t\t\t\t<div class=\"image\">\n\t\t\t\t\t\t\t\t\t\t\t\t\t\t\t\t\t\t\t\t\t\t\t\t\t\t\t\t\t\t\t\t\t\t\t\t\t\t\t\t\t\t\t\t\t\t\t\t\t\t\t\t\t\t<picture>\n\t\t\t\t\t\t\t\t\t\t<source media=\"(max-width: 499px)\" srcset=\"https:\/\/img.nmcdn.io\/e1\/w:600,h:800,v:1\/cpm\/wp-content\/uploads\/2024\/08\/aftermarket-automation-tab3.jpg?s=28781187\">\n\t\t\t\t\t\t\t\t\t\t<source media=\"(max-width: 899px)\" srcset=\"https:\/\/img.nmcdn.io\/e1\/w:1200,h:724,v:1\/cpm\/wp-content\/uploads\/2024\/08\/aftermarket-automation-tab3.jpg?s=98fa2e52\">\n\t\t\t\t\t\t\t\t\t\t<img decoding=\"async\" loading=\"eager\" style=\"aspect-ratio: 1.6578947368421;\" src=\"https:\/\/img.nmcdn.io\/e1\/w:1800,h:1086,v:1\/cpm\/wp-content\/uploads\/2024\/08\/aftermarket-automation-tab3.jpg?s=058e01de\" width=\"1800\" height=\"1086\" alt=\"\" aria-hidden=\"true\">\n\t\t\t\t\t\t\t\t\t<\/picture>\n\t\t\t\t\t\t\t\t<\/div>\n\t\t\t\t\t\t\t<\/div>\n\t\t\t\t\t\t\t<div class=\"tab-wrap -left\">\n\t\t\t\t\t\t\t\t<div class=\"text -mode-dark\">\n\t\t\t\t\t\t\t\t\t\t\t\t\t\t\t\t\t\t\t<p class=\"is-style-eyebrow-heading\">PROJETO\/FABRICA\u00c7\u00c3O DE PAINEL DE CONTROLE<\/p>\n\t\t\t\t\t\t\t\t\t\t\t\t\t\t\t\t\t\t                                                                                                                                                                                                                                                                                                                                                                                                                                                                                                                                                                                    <h2 class=\"block-title\">Nossa oficina interna de pain\u00e9is UL508A e nossa equipe de engenheiros de projeto fornecem solu\u00e7\u00f5es de pain\u00e9is de controle personalizadas, espec\u00edficas para seu processo e ambiente.<\/h2>\t\t\t\t\t\t\t\t\t\t\t\t\t\t\t\t\t\t\t<p>Projetados e constru\u00eddos para serem t\u00e3o confi\u00e1veis quanto nossas solu\u00e7\u00f5es de controle, nossos pain\u00e9is de controle s\u00e3o constru\u00eddos para durar mais que seu equipamento. Prestamos aten\u00e7\u00e3o aos menores detalhes, garantindo que seu equipamento funcionar\u00e1 conforme o necess\u00e1rio nos pr\u00f3ximos anos. De pain\u00e9is PLC, pain\u00e9is de controle de motor e esta\u00e7\u00f5es de interface do operador a caixas de jun\u00e7\u00e3o simples, podemos personalizar e construir qualquer tipo de painel que voc\u00ea precisar.<\/p>\n\n\t\t\t\t\t\t\t\t\t\t\t\t\t\t\t\t\t\t\t\t\t\t\t\t\t\t<\/div>\n\t\t\t\t\t\t\t<\/div>\n\t\t\t\t\t\t<\/div>\n\t\t\t\t\t\t\t\t\t\t\n\t\t\t\t<\/div>\n\t\t\t<\/div>\n\n\t\t\t\n\t\t<\/div>\n\t<\/div>\n\n\t\n\t\t\t<\/div>\n\n\t\t\t\t\n\t<\/div>\n\n\n\n\t\n\n\t\t\t\t\t\t\t\n\n<div id=\"block_1bc52f3d126b7fa31f73d69c71431915\" class=\"nmc-block nmc-block--process-slider block-container alignfull\">\n\t\n\t\t\n\t\t\t<div class=\"blockbody\">\n\t\t\t\t\t<div class=\"bound boundwide\">\n\t\t<div class=\"block-intro\">\n\t\t\t<div class=\"block-intro-left\">\n\t\t\t\t\t\t\t\t\t<p class=\"is-style-eyebrow-heading\">O processo<\/p>\n\t\t\t\t\t\t\t\t                                                    <h2 class=\"block-title\">Como funciona<\/h2>\t\t\t\t<a href=\"https:\/\/onecpm.com\/pt_br\/about-cpm\/contact-us\/\" target=\"\" class=\"btn\">Agende uma consulta gratuita<\/a>\t\t\t<\/div>\n\t\t\t\n\t\t\t\t\t\t\t<p class=\"content\">Seja expandindo, atualizando controles ou construindo uma nova planta \u2013 nossas solu\u00e7\u00f5es de automa\u00e7\u00e3o inteligente podem ser personalizadas para atender a qualquer necessidade e or\u00e7amento.<\/p>\n\t\t\t\t\t\t\t\n\t\t<\/div>\n\t\t\n\t<\/div>\n\n\t<div class=\"bound boundwider\">\n\t\t<div id=\"slider-block_1bc52f3d126b7fa31f73d69c71431915-slider\" class=\"nmc-slider scrollable snaps\" data-nmc-slider role=\"region\" aria-label=\"Carrossel de visualiza\u00e7\u00e3o de conte\u00fado\">\n\t\t\t\t\t\t\t\n\t\t\t\t\n\t\t\t\t<div class=\"nmc-slide\" role=\"group\" aria-label=\"Diapositivo 1 de 0\" aria-current=\"true\">\n\t\t\t\t\t<div class=\"process-slide\">\n\t\t\t\t\t\t<div class=\"image\">\n\t\t\t\t\t\t\t\n<div class=\"image-auto\" style=\"aspect-ratio: 1400 \/ 759;\">\n\t<picture>\n\t\t<source \n\t\t\tmedia=\"(max-width: 600px)\"\n\t\t\tsrcset=\"https:\/\/img.nmcdn.io\/e1\/w:480,h:261,v:1\/cpm\/wp-content\/uploads\/2024\/07\/Laptop_01-1.png?s=a5129a6a\">\n\t\t<img  loading=\"lazy\"src=\"https:\/\/img.nmcdn.io\/e1\/w:600,h:326,v:1\/cpm\/wp-content\/uploads\/2024\/07\/Laptop_01-1.png?s=87524b77\" width=\"1400\" height=\"759\" alt=\"\">\n\t<\/picture>\n<\/div>\n\t\t\t\t\t\t<\/div>\n\t\t\t\t\t\t<div class=\"content\">\n\t\t\t\t\t\t\t<div class=\"number\">1<\/div>\n\t\t\t\t\t\t\tAvaliamos seu processo exclusivo para determinar como a automa\u00e7\u00e3o pode melhorar sua produ\u00e7\u00e3o, seguran\u00e7a e lucratividade.\n\t\t\t\t\t\t<\/div>\n\t\t\t\t\t<\/div>\n\t\t\t\t<\/div>\n\t\t\t\t\t\t\t\n\t\t\t\t\n\t\t\t\t<div class=\"nmc-slide\" role=\"group\" aria-label=\"Diapositivo 2 de 0\" >\n\t\t\t\t\t<div class=\"process-slide\">\n\t\t\t\t\t\t<div class=\"image\">\n\t\t\t\t\t\t\t\n<div class=\"image-auto\" style=\"aspect-ratio: 1400 \/ 759;\">\n\t<picture>\n\t\t<source \n\t\t\tmedia=\"(max-width: 600px)\"\n\t\t\tsrcset=\"https:\/\/img.nmcdn.io\/e1\/w:480,h:261,v:1\/cpm\/wp-content\/uploads\/2024\/07\/Laptop_02-1.png?s=6c80dba8\">\n\t\t<img  loading=\"lazy\"src=\"https:\/\/img.nmcdn.io\/e1\/w:600,h:326,v:1\/cpm\/wp-content\/uploads\/2024\/07\/Laptop_02-1.png?s=bdb66f92\" width=\"1400\" height=\"759\" alt=\"\">\n\t<\/picture>\n<\/div>\n\t\t\t\t\t\t<\/div>\n\t\t\t\t\t\t<div class=\"content\">\n\t\t\t\t\t\t\t<div class=\"number\">2<\/div>\n\t\t\t\t\t\t\tUsamos nossa experi\u00eancia no setor para ajudar a identificar inefici\u00eancias e como os sistemas e controles inteligentes da CPM Automation podem melhorar seu processo.\n\t\t\t\t\t\t<\/div>\n\t\t\t\t\t<\/div>\n\t\t\t\t<\/div>\n\t\t\t\t\t\t\t\n\t\t\t\t\n\t\t\t\t<div class=\"nmc-slide\" role=\"group\" aria-label=\"Diapositivo 3 de 0\" >\n\t\t\t\t\t<div class=\"process-slide\">\n\t\t\t\t\t\t<div class=\"image\">\n\t\t\t\t\t\t\t\n<div class=\"image-auto\" style=\"aspect-ratio: 1400 \/ 759;\">\n\t<picture>\n\t\t<source \n\t\t\tmedia=\"(max-width: 600px)\"\n\t\t\tsrcset=\"https:\/\/img.nmcdn.io\/e1\/w:480,h:261,v:1\/cpm\/wp-content\/uploads\/2024\/07\/Laptop_03-1.png?s=abdbc4b6\">\n\t\t<img  loading=\"lazy\"src=\"https:\/\/img.nmcdn.io\/e1\/w:600,h:326,v:1\/cpm\/wp-content\/uploads\/2024\/07\/Laptop_03-1.png?s=63e68340\" width=\"1400\" height=\"759\" alt=\"\">\n\t<\/picture>\n<\/div>\n\t\t\t\t\t\t<\/div>\n\t\t\t\t\t\t<div class=\"content\">\n\t\t\t\t\t\t\t<div class=\"number\">3<\/div>\n\t\t\t\t\t\t\tAjudamos voc\u00ea a visualizar e compreender seus dados para lhe dar confian\u00e7a para tomar decis\u00f5es em tempo real.\n\t\t\t\t\t\t<\/div>\n\t\t\t\t\t<\/div>\n\t\t\t\t<\/div>\n\t\t\t\t\t<\/div>\n\n\t\t<div class=\"slider-nav-wrap\">\n\t\t\t\n\t\t\t<ul class=\"nmc-dots\">\n\t\t\t<button type=\"button\" class=\"slider-nav prev\" aria-label=\"Slide anterior\" data-nmc-slider-target=\"#slider-block_1bc52f3d126b7fa31f73d69c71431915-slider\" data-nmc-slider-action=\"prev\"><svg xmlns=\"http:\/\/www.w3.org\/2000\/svg\" width=\"17\" height=\"28\" viewbox=\"0 0 17 28\" role=\"img\" aria-hidden=\"true\" focusable=\"false\"><path d=\"M.1 14.4a.5.5 0 0 1 0-.7L13.7 0h.7l1.8 2c.2.2.2.5 0 .7L4.8 14l11 11.1c.4.4.4 1 0 1.4l-1 1a1 1 0 0 1-1.5 0L.1 14.5Z\"\/><\/svg><\/button>\n\t\t\t\t\t\t\t\t\t<li class=\"active\">\n\t\t\t\t\t\t<button type=\"button\" id=\"slider-1-dot-1\" aria-controls=\"slider-block_1bc52f3d126b7fa31f73d69c71431915-slider-1\" class=\"jumpbutton active\" data-nmc-slider-target=\"#slider-block_1bc52f3d126b7fa31f73d69c71431915-slider\" aria-label=\"V\u00e1 para o slide 1 de \" data-nmc-slider-action=\"slide-1\">1<\/button>\n\t\t\t\t\t<\/li>\n\t\t\t\t\t\t\t\t\t<li class=\"\">\n\t\t\t\t\t\t<button type=\"button\" id=\"slider-1-dot-2\" aria-controls=\"slider-block_1bc52f3d126b7fa31f73d69c71431915-slider-2\" class=\"jumpbutton\" data-nmc-slider-target=\"#slider-block_1bc52f3d126b7fa31f73d69c71431915-slider\" aria-label=\"V\u00e1 para o slide 2 de \" data-nmc-slider-action=\"slide-2\">2<\/button>\n\t\t\t\t\t<\/li>\n\t\t\t\t\t\t\t\t\t<li class=\"\">\n\t\t\t\t\t\t<button type=\"button\" id=\"slider-1-dot-3\" aria-controls=\"slider-block_1bc52f3d126b7fa31f73d69c71431915-slider-3\" class=\"jumpbutton\" data-nmc-slider-target=\"#slider-block_1bc52f3d126b7fa31f73d69c71431915-slider\" aria-label=\"V\u00e1 para o slide 3 de \" data-nmc-slider-action=\"slide-3\">3<\/button>\n\t\t\t\t\t<\/li>\n\t\t\t\t\t\t\t\t<button type=\"button\" class=\"slider-nav next\" aria-label=\"Pr\u00f3ximo slide\" data-nmc-slider-target=\"#slider-block_1bc52f3d126b7fa31f73d69c71431915-slider\" data-nmc-slider-action=\"next\"><svg xmlns=\"http:\/\/www.w3.org\/2000\/svg\" width=\"17\" height=\"28\" viewbox=\"0 0 17 28\" role=\"img\" aria-hidden=\"true\" focusable=\"false\"><path d=\"M16.2 14.4c.2-.2.2-.5 0-.7L2.6 0a.5.5 0 0 0-.7 0L.1 2v.7L11.5 14 .5 25.1a1 1 0 0 0 0 1.4l1 1c.5.5 1.1.5 1.5 0l13.2-13.1Z\"\/><\/svg><\/button>\n\t\t\t<\/ul>\n\t\t\t\n\t\t<\/div>\n\t<\/div>\n\n\t\t\t<\/div>\n\n\t\t\t\t\n\t<\/div>\n\n\n\n\t\n\n\t\t\t\t\t\t\t\n\n<div id=\"block_888850c54f210ba517a6bea727d90eca\" class=\"nmc-block nmc-block--story-cta block-container alignfull\">\n\t\n\t\t\n\t\t\t<div class=\"blockbody\">\n\t\t\t\t<div class=\"bound boundfull\">\n\t<div class=\"story-wrap -mode-dark\">\n\t\t<div class=\"story-background\">\n\t\t\t<div class=\"image\">\n\t\t\t\t\t\t\t\t\n<picture>\n\t<source srcset=\"https:\/\/img.nmcdn.io\/e1\/w:900,h:600,v:1\/cpm\/wp-content\/uploads\/2024\/03\/solutions-animalfeed-hero.jpg?s=a5b651b3\" width=\"900\" height=\"600\" media=\"(max-width: 900px)\" type=\"image\/webp\">\n\t<source srcset=\"https:\/\/img.nmcdn.io\/e1\/w:900,h:600,v:1\/cpm\/wp-content\/uploads\/2024\/03\/solutions-animalfeed-hero.jpg?s=a5b651b3\" width=\"900\" height=\"600\" media=\"(max-width: 900px)\">\n\t<source srcset=\"https:\/\/img.nmcdn.io\/e1\/w:1256,h:615,v:1\/cpm\/wp-content\/uploads\/2024\/03\/solutions-animalfeed-hero.jpg?s=433aacd2\" type=\"image\/webp\">\n\t<img loading=\"lazy\" decoding=\"async\" src=\"https:\/\/img.nmcdn.io\/e1\/w:1256,h:615,v:1\/cpm\/wp-content\/uploads\/2024\/03\/solutions-animalfeed-hero.jpg?s=433aacd2\" width=\"1256\" height=\"615\" alt=\"\">\n<\/picture>\n\t\t\t<\/div>\n\t\t<\/div>\n\t\t<div class=\"story-content\">\n\t\t\t<div class=\"supheading\">Destaque de solu\u00e7\u00f5es<\/div>\n\t\t\t<div class=\"content\">\n\t\t\t\t                                                                                                                                                                                                                                        <h2 class=\"block-title\">A automa\u00e7\u00e3o CPM est\u00e1 impulsionando uma produ\u00e7\u00e3o de ra\u00e7\u00e3o mais eficiente<\/h2>\t\t\t\t\t\t\t\t<a href=\"https:\/\/onecpm.com\/pt_br\/success-story\/adding-sustainability-to-animal-feed-production-with-recycling-efficiency-recapture\/\" target=\"\" class=\"btn -non-btn\">Continue lendo <svg xmlns=\"http:\/\/www.w3.org\/2000\/svg\" width=\"17\" height=\"12\" viewbox=\"0 0 17 12\" fill=\"none\" role=\"img\" aria-hidden=\"true\" focusable=\"false\"><title>arrow<\/title>\n<path fill-rule=\"evenodd\" clip-rule=\"evenodd\" d=\"M13.9176 6.28571L8.65133 10.5863L9.42733 11.4286L16.3999 5.71429L9.41476 0L8.65362 0.860571L13.9153 5.14286L0.399902 5.14286L0.399902 6.28571L13.9176 6.28571Z\" fill=\"white\"\/>\n<\/svg><span class=\"sr\"> sobre a automa\u00e7\u00e3o CPM est\u00e1 impulsionando uma produ\u00e7\u00e3o de ra\u00e7\u00e3o mais eficiente<\/span><\/a>\n\t\t\t<\/div>\n\t\t<\/div>\n\t<\/div>\n<\/div>\n\t\t\t<\/div>\n\n\t\t\t\t\n\t<\/div>\n\n\n\n\t\n\n\t\t\t\t\t\t\t\n\t\n<div id=\"block_f9a85162f334c34b77555dad01c14c05\" class=\"nmc-block nmc-block--split block-container alignfull -Width alignfull\">\n\t\n\t\t\n\t\t\t<div class=\"blockbody\">\n\t\t\t\t\t<div class=\"bound boundwider\">\n\t\t\n\n<div class=\"split-half\">\n\t<div class=\"split-half-content\">\n\n\t\t\n\n<div class=\"split-half-image\">\n\t\t\t\t\t\t\t\t\t\t<picture>\n\t\t<source media=\"(max-width: 400px)\" srcset=\"https:\/\/img.nmcdn.io\/e1\/w:500,h:530,v:1\/cpm\/wp-content\/uploads\/2024\/07\/aftermarket-automation-CTA.jpg?s=46d038b0\">\n\t\t<img decoding=\"async\" loading=\"lazy\" style=\"aspect-ratio: 0.94339622641509;\" src=\"https:\/\/img.nmcdn.io\/e1\/w:800,h:848,v:1\/cpm\/wp-content\/uploads\/2024\/07\/aftermarket-automation-CTA.jpg?s=89fd60e0\" width=\"800\" height=\"848\" alt=\"Automation Aftermarket\">\n\t<\/picture>\n<\/div>\n\n\n\t\t\n\t<\/div>\n<\/div>\n\n\n<div class=\"split-half\">\n\t<div class=\"split-half-content\">\n\n\t\t\n\n<p class=\"is-style-eyebrow-heading\">Contate-nos<\/p>\n\n\n\n<h2 class=\"wp-block-heading\"><strong>Obtenha o m\u00e1ximo<\/strong> do seu equipamento CPM<\/h2>\n\n\n\n<p>Nosso equipamento \u00e9 constru\u00eddo para durar a vida toda e, com o suporte certo, isso durar\u00e1. Nossa equipe de automa\u00e7\u00e3o pode ajud\u00e1-lo a modernizar, atualizar e tornar seu equipamento mais eficiente do que nunca, garantindo que voc\u00ea possa medir a vida \u00fatil do seu equipamento em d\u00e9cadas.<\/p>\n\n\n\n\n\n\t\t\t\t\n\n<div class=\"nmc-block nmc-block--buttons\" id=\"block_b20bfbd65dd6a346bb0427b5ce54c3bd\">\n\t<div class=\"blockbody\">\n\t\n\t\t\t\t\t\t\n\t\t<a href=\"https:\/\/onecpm.com\/pt_br\/about-cpm\/contact-us\/\" class=\"btn -btn\" >Vamos conversar<\/a>\n\t\t<\/div>\n<\/div>\n\n\t\t\n\t<\/div>\n<\/div>\n\n\t<\/div>\n\t\t\t<\/div>\n\n\t\t\t\t\n\t<\/div>","protected":false},"excerpt":{"rendered":"","protected":false},"author":1,"featured_media":0,"parent":0,"menu_order":0,"comment_status":"closed","ping_status":"closed","template":"","meta":{"_acf_changed":false,"footnotes":""},"class_list":["post-1490","page","type-page","status-publish","hentry"],"acf":[],"_links":{"self":[{"href":"https:\/\/onecpm.com\/pt_br\/wp-json\/wp\/v2\/pages\/1490","targetHints":{"allow":["GET"]}}],"collection":[{"href":"https:\/\/onecpm.com\/pt_br\/wp-json\/wp\/v2\/pages"}],"about":[{"href":"https:\/\/onecpm.com\/pt_br\/wp-json\/wp\/v2\/types\/page"}],"author":[{"embeddable":true,"href":"https:\/\/onecpm.com\/pt_br\/wp-json\/wp\/v2\/users\/1"}],"replies":[{"embeddable":true,"href":"https:\/\/onecpm.com\/pt_br\/wp-json\/wp\/v2\/comments?post=1490"}],"version-history":[{"count":43,"href":"https:\/\/onecpm.com\/pt_br\/wp-json\/wp\/v2\/pages\/1490\/revisions"}],"predecessor-version":[{"id":10984,"href":"https:\/\/onecpm.com\/pt_br\/wp-json\/wp\/v2\/pages\/1490\/revisions\/10984"}],"wp:attachment":[{"href":"https:\/\/onecpm.com\/pt_br\/wp-json\/wp\/v2\/media?parent=1490"}],"curies":[{"name":"wp","href":"https:\/\/api.w.org\/{rel}","templated":true}]}}