{"id":193,"date":"2021-10-12T13:14:20","date_gmt":"2021-10-12T13:14:20","guid":{"rendered":"https:\/\/wpbase.epicenter1.com\/?page_id=193"},"modified":"2024-07-09T18:59:53","modified_gmt":"2024-07-09T18:59:53","slug":"news","status":"publish","type":"page","link":"https:\/\/onecpm.com\/pt_br\/newsroom\/news","title":{"rendered":"Not\u00edcias"},"content":{"rendered":"<div id=\"block_fce216feeb44d9941a218003fefa343a\" class=\"nmc-block nmc-block--masthead-basic block-container\">\n\t\n\t\t\n\t\t\t<div class=\"blockbody\">\n\t\t\t\t\t<div class=\"masthead-content -center\">\n\t\t\t\t\t\t\t\t\t\t\t\t\t\t\t\t\t\t\t\t<h1 class=\"page-title\">Not\u00edcias<\/h1>\n\t<div class=\"page-intro\"><p>Fique atualizado sobre tudo o que acontece no OneCPM. Aqui, voc\u00ea encontrar\u00e1 an\u00fancios sobre nossos neg\u00f3cios, nossas ofertas e as \u00faltimas inova\u00e7\u00f5es projetadas para otimizar suas opera\u00e7\u00f5es de processamento.<\/p>\n<\/div>\t\t\t\t<\/div>\n\t\t\t<\/div>\n\n\t\t\t\t\n\t<\/div>\n\n\n\n\n\n\t\n\n\t\t\t\t\n\t\n<div id=\"block_d5e15a916f75fe4bc21e02dd319fa486\" class=\"nmc-block nmc-block--news-listing block-container alignwide\">\n\t\n\t\t\n\t\t\t<div class=\"blockbody\">\n\t\t\t\t\n\n\n\n\n\n\n\n\n\n\n\n<div class=\"block-filter\">\n\t<form action=\"https:\/\/onecpm.com\/pt_br\/newsroom\/news\/#block_d5e15a916f75fe4bc21e02dd319fa486\" class=\"filter-form\" data-trp-original-action=\"https:\/\/onecpm.com\/pt_br\/newsroom\/news#block_d5e15a916f75fe4bc21e02dd319fa486\">\n\n\t\t\t\t\n\n\t\t\t\t\t\t\t\t\t\t\t\t\t\t\t\t\t\t\t\t\t\t\t\t\t\t\t\t\t\t\t\t\t\t\t\t\t\t\t\t\t\t\t\t\t\t\t\t\t\t\t\t\t\t\t\t\t\t\t\t\t\t\t\t\t\t\t\t\t\t\t\t\t\t\t\t\t\t\t\t\t\t\t\t\t\t\t\t\t\t\t\t\t\t\t\t\t\t\t\t\t\t\t\t\t\n\t\t\t\t\t\t<div class=\"field -select\">\n\t\t\t<label for=\"filterFieldName\">Filtrar por marca<\/label>\n\t\t\t<select name=\"filterFieldName\" id=\"filterFieldName\">\n\t\t\t\t<option value=\"0\">Filtrar por marca<\/option>\n\t\t\t\t\t\t\t\t\t<option value=\"9582\">Jacobs Global<\/option>\n\t\t\t\t\t\t\t\t\t<option value=\"7380\">Servi\u00e7os Lifecycle360\u2122<\/option>\n\t\t\t\t\t\t\t\t\t<option value=\"3873\">TSA Griddle<\/option>\n\t\t\t\t\t\t\t\t\t<option value=\"3872\">Roskamp<\/option>\n\t\t\t\t\t\t\t\t\t<option value=\"3871\">D&amp;G Electrical Engineering<\/option>\n\t\t\t\t\t\t\t\t\t<option value=\"3870\">Beta Raven<\/option>\n\t\t\t\t\t\t\t\t\t<option value=\"1518\">Ruiya<\/option>\n\t\t\t\t\t\t\t\t\t<option value=\"1517\">Di Piu<\/option>\n\t\t\t\t\t\t\t\t\t<option value=\"1515\">Extricom<\/option>\n\t\t\t\t\t\t\t\t\t<option value=\"1513\">Planet Dryers<\/option>\n\t\t\t\t\t\t\t\t\t<option value=\"1511\">Bliss<\/option>\n\t\t\t\t\t\t\t\t\t<option value=\"1510\">Wolverine Proctor<\/option>\n\t\t\t\t\t\t\t\t\t<option value=\"1509\">Century Extrusion<\/option>\n\t\t\t\t\t\t\t\t\t<option value=\"1508\">Proline<\/option>\n\t\t\t\t\t\t\t\t\t<option value=\"1507\">Greenbank<\/option>\n\t\t\t\t\t\t\t\t\t<option value=\"1504\">CPM<\/option>\n\t\t\t\t\t\t\t\t\t<option value=\"1500\">Dorssers<\/option>\n\t\t\t\t\t\t\t\t\t<option value=\"1496\">IDAH<\/option>\n\t\t\t\t\t\t\t\t\t<option value=\"1005\">A Crown<\/option>\n\t\t\t\t\t\t\t<\/select>\n\t\t<\/div>\n\t\t\n\n\n\t\t\t\t<div class=\"field -keyword\">\n\t\t\t<label for=\"filterKeyword\">Palavra-chave<\/label>\n\t\t\t<input type=\"search\" name=\"filterKeyword\" id=\"filterKeyword\" placeholder=\"Palavra-chave...\" value=\"\">\n\t\t<\/div>\n\n\t\t<div class=\"field -submit\">\n\t\t\t<button type=\"submit\" class=\"btn\">Filtro<\/button>\n\t\t<\/div>\n\n\t\t\n\t<input type=\"hidden\" name=\"trp-form-language\" value=\"pt_br\"\/><\/form>\n<\/div>\n<div class=\"block-listing\">\n\n\t\n\n\t\t<div class=\"paginated grid-3\">\n\t\t\t<div class=\"partial-container\">\n\t\t\t<div class=\"partial -news -card\">\n\t\t<div class=\"image\">\n\t\t\n<div class=\"image-auto\" style=\"aspect-ratio: 600 \/ 556;\">\n\t<picture>\n\t\t<source \n\t\t\tmedia=\"(max-width: 600px)\"\n\t\t\tsrcset=\"https:\/\/img.nmcdn.io\/e1\/w:480,h:445,v:1\/cpm\/wp-content\/uploads\/2026\/02\/Biobased-Diesel-Feb-2026-Sponsored-Content.jpg?s=4fb88bd7\">\n\t\t<img  loading=\"lazy\"src=\"https:\/\/img.nmcdn.io\/e1\/w:600,h:556,v:1\/cpm\/wp-content\/uploads\/2026\/02\/Biobased-Diesel-Feb-2026-Sponsored-Content.jpg?s=8a144e9f\" width=\"600\" height=\"556\" alt=\"\" aria-hidden=\"true\">\n\t<\/picture>\n<\/div>\n\t<\/div>\n        <div class=\"text\">\n\t\t        <h2 class=\"item-title\">\n\t\t\t<a href=\"https:\/\/onecpm.com\/pt_br\/news\/cpm-crowns-global-innovation-center\" class=\"link\">\n                CPM | Centro Global de Inova\u00e7\u00e3o e Planta Piloto de L\u00edquidos da Crown\n            <\/a>\n        <\/h2>\n\t\t\t\t\t\t\t<p class=\"is-style-eyebrow-heading\">Not\u00edcias<\/p>\n\t\t\t\t<div class=\"excerpt\"><\/div>\n    <\/div>\n<\/div>\t\t<\/div>\n\t\t\t<div class=\"partial-container\">\n\t\t\t<div class=\"partial -news -card\">\n\t\t<div class=\"image\">\n\t\t\n<div class=\"image-auto\" style=\"aspect-ratio: 600 \/ 556;\">\n\t<picture>\n\t\t<source \n\t\t\tmedia=\"(max-width: 600px)\"\n\t\t\tsrcset=\"https:\/\/img.nmcdn.io\/e1\/w:480,h:445,v:1\/cpm\/wp-content\/uploads\/2025\/10\/Monarc-webstie-thumbnail.jpg?s=fabfb6bd\">\n\t\t<img  loading=\"lazy\"src=\"https:\/\/img.nmcdn.io\/e1\/w:600,h:556,v:1\/cpm\/wp-content\/uploads\/2025\/10\/Monarc-webstie-thumbnail.jpg?s=a6408a8e\" width=\"600\" height=\"556\" alt=\"\" aria-hidden=\"true\">\n\t<\/picture>\n<\/div>\n\t<\/div>\n        <div class=\"text\">\n\t\t        <h2 class=\"item-title\">\n\t\t\t<a href=\"https:\/\/onecpm.com\/pt_br\/news\/cpm-unveils-monarc-clean-oilseed-processing\" class=\"link\">\n                CPM revela o processamento limpo de sementes oleaginosas Monarc\u2122\n            <\/a>\n        <\/h2>\n\t\t\t\t\t\t\t<p class=\"is-style-eyebrow-heading\">Not\u00edcias<\/p>\n\t\t\t\t<div class=\"excerpt\"><\/div>\n    <\/div>\n<\/div>\t\t<\/div>\n\t\t\t<div class=\"partial-container\">\n\t\t\t<div class=\"partial -news -card\">\n\t\t<div class=\"image\">\n\t\t\n<div class=\"image-auto\" style=\"aspect-ratio: 376 \/ 348;\">\n\t<picture>\n\t\t<source \n\t\t\tmedia=\"(max-width: 600px)\"\n\t\t\tsrcset=\"https:\/\/img.nmcdn.io\/e1\/w:480,h:445,v:1\/cpm\/wp-content\/uploads\/2025\/10\/biofuels-Sep-Oct-2025_cover.jpg?s=edf3c698\">\n\t\t<img  loading=\"lazy\"src=\"https:\/\/img.nmcdn.io\/e1\/w:600,h:556,v:1\/cpm\/wp-content\/uploads\/2025\/10\/biofuels-Sep-Oct-2025_cover.jpg?s=454f14de\" width=\"376\" height=\"348\" alt=\"\" aria-hidden=\"true\">\n\t<\/picture>\n<\/div>\n\t<\/div>\n        <div class=\"text\">\n\t\t        <h2 class=\"item-title\">\n\t\t\t<a href=\"https:\/\/onecpm.com\/pt_br\/news\/cpm-is-featured-again-in-biofuels-international\" class=\"link\">\n                CPM \u00e9 destaque novamente na Biofuels International!\n            <\/a>\n        <\/h2>\n\t\t\t\t\t\t\t<p class=\"is-style-eyebrow-heading\">Not\u00edcias<\/p>\n\t\t\t\t<div class=\"excerpt\">Temos o prazer de anunciar que o CPM est\u00e1 novamente em destaque na Biofuels International! Em seu artigo &quot;O Custo Oculto da Complexidade&quot;, Brock Harrington, nosso Diretor Global de Vendas Industriais e Combust\u00edveis Alternativos, discute um estudo independente recente que comprova os benef\u00edcios energ\u00e9ticos e de manuten\u00e7\u00e3o oferecidos pela tecnologia de peletiza\u00e7\u00e3o de acionamento direto do CPM. <\/div>\n    <\/div>\n<\/div>\t\t<\/div>\n\t\t\t<div class=\"partial-container\">\n\t\t\t<div class=\"partial -news -card\">\n\t\t<div class=\"image\">\n\t\t\n<div class=\"image-auto\" style=\"aspect-ratio: 1400 \/ 1296;\">\n\t<picture>\n\t\t<source \n\t\t\tmedia=\"(max-width: 600px)\"\n\t\t\tsrcset=\"https:\/\/img.nmcdn.io\/e1\/w:480,h:445,v:1\/cpm\/wp-content\/uploads\/2025\/08\/CPM_Update_Cooperativa_Tradicao_Image.png?s=6f98a518\">\n\t\t<img  loading=\"lazy\"src=\"https:\/\/img.nmcdn.io\/e1\/w:600,h:556,v:1\/cpm\/wp-content\/uploads\/2025\/08\/CPM_Update_Cooperativa_Tradicao_Image.png?s=06fefebe\" width=\"1400\" height=\"1296\" alt=\"\" aria-hidden=\"true\">\n\t<\/picture>\n<\/div>\n\t<\/div>\n        <div class=\"text\">\n\t\t        <h2 class=\"item-title\">\n\t\t\t<a href=\"https:\/\/onecpm.com\/pt_br\/news\/cpms-crown-update-on-the-cooperativa-tradicao-soy-crushing-plant\" class=\"link\">\n                Atualiza\u00e7\u00e3o Crown da CPM na Planta de Britagem de Soja da Cooperativa Tradi\u00e7\u00e3o\n            <\/a>\n        <\/h2>\n\t\t\t\t\t\t\t<p class=\"is-style-eyebrow-heading\">Not\u00edcias<\/p>\n\t\t\t\t<div class=\"excerpt\"><\/div>\n    <\/div>\n<\/div>\t\t<\/div>\n\t\t\t<div class=\"partial-container\">\n\t\t\t<div class=\"partial -news -card\">\n\t\t<div class=\"image\">\n\t\t\n<div class=\"image-auto\" style=\"aspect-ratio: 1400 \/ 1296;\">\n\t<picture>\n\t\t<source \n\t\t\tmedia=\"(max-width: 600px)\"\n\t\t\tsrcset=\"https:\/\/img.nmcdn.io\/e1\/w:480,h:445,v:1\/cpm\/wp-content\/uploads\/2025\/04\/Direct_Drive_Machine-scaled.jpg?s=81a9c175\">\n\t\t<img  loading=\"lazy\"src=\"https:\/\/img.nmcdn.io\/e1\/w:600,h:556,v:1\/cpm\/wp-content\/uploads\/2025\/04\/Direct_Drive_Machine-scaled.jpg?s=f72eb7ca\" width=\"1400\" height=\"1296\" alt=\"\" aria-hidden=\"true\">\n\t<\/picture>\n<\/div>\n\t<\/div>\n        <div class=\"text\">\n\t\t        <h2 class=\"item-title\">\n\t\t\t<a href=\"https:\/\/onecpm.com\/pt_br\/news\/cpm-showcases-revolutionary-direct-drive-dd-high-capacity-pellet-mill-at-ligna-2025\" class=\"link\">\n                CPM apresenta moinho de pellets revolucion\u00e1rio de acionamento direto (DD) e alta capacidade na LIGNA 2025\n            <\/a>\n        <\/h2>\n\t\t\t\t\t\t\t<p class=\"is-style-eyebrow-heading\">Not\u00edcias<\/p>\n\t\t\t\t<div class=\"excerpt\"><\/div>\n    <\/div>\n<\/div>\t\t<\/div>\n\t\t\t<div class=\"partial-container\">\n\t\t\t<div class=\"partial -news -card\">\n\t\t<div class=\"image\">\n\t\t\n<div class=\"image-auto\" style=\"aspect-ratio: 700 \/ 648;\">\n\t<picture>\n\t\t<source \n\t\t\tmedia=\"(max-width: 600px)\"\n\t\t\tsrcset=\"https:\/\/img.nmcdn.io\/e1\/w:480,h:445,v:1\/cpm\/wp-content\/uploads\/2025\/03\/news-pet-food-processing-solutions.jpg?s=c32e8aa5\">\n\t\t<img  loading=\"lazy\"src=\"https:\/\/img.nmcdn.io\/e1\/w:600,h:556,v:1\/cpm\/wp-content\/uploads\/2025\/03\/news-pet-food-processing-solutions.jpg?s=4713075d\" width=\"700\" height=\"648\" alt=\"Pet food processing machinery\" aria-hidden=\"true\">\n\t<\/picture>\n<\/div>\n\t<\/div>\n        <div class=\"text\">\n\t\t        <h2 class=\"item-title\">\n\t\t\t<a href=\"https:\/\/onecpm.com\/pt_br\/news\/cpm-unveils-pet-food-processing-solutions-at-viv-asia-2025\" class=\"link\">\n                CPM revela solu\u00e7\u00f5es de processamento de alimentos para animais de estima\u00e7\u00e3o na VIV Asia 2025\n            <\/a>\n        <\/h2>\n\t\t\t\t\t\t\t<p class=\"is-style-eyebrow-heading\">Not\u00edcias<\/p>\n\t\t\t\t<div class=\"excerpt\"><\/div>\n    <\/div>\n<\/div>\t\t<\/div>\n\t\t<\/div>\n\n\t\n\t\t\t\t\t<nav class=\"pagination load-more\" role=\"navigation\" aria-label=\"Navega\u00e7\u00e3o de pagina\u00e7\u00e3o\">\n\t\t\t\t\t\t\t\t\t\t<link rel=\"prefetch\" href=\"https:\/\/\/onecpm.com\/pt_br\/wp-json\/wp\/v2\/pages\/193?pg=2\">\n\t\t\t\t<a href=\"https:\/\/\/onecpm.com\/pt_br\/wp-json\/wp\/v2\/pages\/193?pg=2\" class=\"loadmore btn\" aria-label=\"Carregar pr\u00f3xima p\u00e1gina\">Carregue mais<\/a>\n\t\t\t\t\t<\/nav>\n\t\n<\/div>\n\t\t\t<\/div>\n\n\t\t\t\t\n\t<\/div>","protected":false},"excerpt":{"rendered":"","protected":false},"author":1,"featured_media":0,"parent":2116,"menu_order":0,"comment_status":"closed","ping_status":"closed","template":"","meta":{"_acf_changed":false,"footnotes":""},"class_list":["post-193","page","type-page","status-publish","hentry"],"acf":[],"_links":{"self":[{"href":"https:\/\/onecpm.com\/pt_br\/wp-json\/wp\/v2\/pages\/193","targetHints":{"allow":["GET"]}}],"collection":[{"href":"https:\/\/onecpm.com\/pt_br\/wp-json\/wp\/v2\/pages"}],"about":[{"href":"https:\/\/onecpm.com\/pt_br\/wp-json\/wp\/v2\/types\/page"}],"author":[{"embeddable":true,"href":"https:\/\/onecpm.com\/pt_br\/wp-json\/wp\/v2\/users\/1"}],"replies":[{"embeddable":true,"href":"https:\/\/onecpm.com\/pt_br\/wp-json\/wp\/v2\/comments?post=193"}],"version-history":[{"count":15,"href":"https:\/\/onecpm.com\/pt_br\/wp-json\/wp\/v2\/pages\/193\/revisions"}],"predecessor-version":[{"id":4977,"href":"https:\/\/onecpm.com\/pt_br\/wp-json\/wp\/v2\/pages\/193\/revisions\/4977"}],"up":[{"embeddable":true,"href":"https:\/\/onecpm.com\/pt_br\/wp-json\/wp\/v2\/pages\/2116"}],"wp:attachment":[{"href":"https:\/\/onecpm.com\/pt_br\/wp-json\/wp\/v2\/media?parent=193"}],"curies":[{"name":"wp","href":"https:\/\/api.w.org\/{rel}","templated":true}]}}