{"id":2082,"date":"2024-05-14T16:13:13","date_gmt":"2024-05-14T16:13:13","guid":{"rendered":"https:\/\/cpm.epicenter1.com\/?page_id=2082"},"modified":"2025-06-24T23:17:40","modified_gmt":"2025-06-24T23:17:40","slug":"resource-library","status":"publish","type":"page","link":"https:\/\/onecpm.com\/pt_br\/resource-library","title":{"rendered":"Biblioteca de recursos"},"content":{"rendered":"<div id=\"block_6a446f7dd6d6b4566931f8add91cbd52\" class=\"nmc-block nmc-block--masthead-basic block-container alignwider\">\n\t\n\t\t\n\t\t\t<div class=\"blockbody\">\n\t\t\t\t<div class=\"masthead-content\">\n\t\t\t\t\t\t\t\t\t\t\t\t\t\t\t\t\t\t\t\t\t\t\t\t\t\t\t\t\t\t\t\t\t\t\t\t\t\t\t\t\t\t\t\t\t\t\t\t\t\t\t\t\t\t\t\t<h1 class=\"page-title\">Biblioteca de recursos<\/h1>\n\t<div class=\"page-intro\"><p>Mergulhe mais fundo em conte\u00fado valioso e obtenha insights para alimentar sua experi\u00eancia.<\/p>\n<\/div>\t\t\t\t<\/div>\n\t\t\t<\/div>\n\n\t\t\t\t\n\t<\/div>\n\n\n\n\n\n\t\n\n\t\t\t\t\t\t\t\n\n<div id=\"block_6f7e502616b4fa2fb8f3ae85cf52739d\" class=\"nmc-block nmc-block--resource-intro block-container alignfull\">\n\t\n\t\t\n\t\t\t<div class=\"blockbody\">\n\t\t\t\t<div class=\"bound boundwider\">\n\t<div class=\"featured-video partial\">\n\t\t\t\t\t\t<div class=\"background\">\n\t\t\t\n<div class=\"image-auto\" style=\"aspect-ratio: 1137 \/ 559;\">\n\t<picture>\n\t\t<source \n\t\t\tmedia=\"(max-width: 600px)\"\n\t\t\tsrcset=\"https:\/\/img.nmcdn.io\/e1\/w:480,h:237,v:1\/cpm\/wp-content\/uploads\/2024\/03\/2.equipment-pelletingsystems-tab1.jpg?s=b080214f\">\n\t\t<img loading=\"lazy\" decoding=\"async\" src=\"https:\/\/img.nmcdn.io\/e1\/w:600,h:296,v:1\/cpm\/wp-content\/uploads\/2024\/03\/2.equipment-pelletingsystems-tab1.jpg?s=73c33235\" width=\"1137\" height=\"559\" alt=\"\">\n\t<\/picture>\n<\/div>\n\t\t<\/div>\n\t\t<div class=\"content\">\n\t\t\t<p class=\"is-style-eyebrow-heading\">Apresentou<\/p>\n\t\t\t<h2 class=\"video-title\">Automa\u00e7\u00e3o CPM \u2013 Seu parceiro de automa\u00e7\u00e3o<\/h2>\n\t\t\t<a href=\"https:\/\/onecpm.com\/pt_br\/videos\/cpm-automation-your-automation-partner\" class=\"link btn -non-btn\">Assista v\u00eddeo <svg xmlns=\"http:\/\/www.w3.org\/2000\/svg\" width=\"17\" height=\"12\" viewbox=\"0 0 17 12\" fill=\"none\" role=\"img\" aria-hidden=\"true\" focusable=\"false\"><title>arrow<\/title>\n<path fill-rule=\"evenodd\" clip-rule=\"evenodd\" d=\"M13.9176 6.28571L8.65133 10.5863L9.42733 11.4286L16.3999 5.71429L9.41476 0L8.65362 0.860571L13.9153 5.14286L0.399902 5.14286L0.399902 6.28571L13.9176 6.28571Z\" fill=\"white\"\/>\n<\/svg><span class=\"sr\">sobre CPM Automation\u2014Seu parceiro de automa\u00e7\u00e3o<\/span><\/a>\n\t\t<\/div>\n\t\t\t<\/div>\n\n\t<\/div>\n\t\t\t<\/div>\n\n\t\t\t\t\n\t<\/div>\n\n\n\n\t\n\n\t\t\t\t\t\t\t\n\n<div id=\"block_149be65f241cdc8a630f5a1eb0bdf453\" class=\"nmc-block nmc-block--related-resources block-container alignfull\">\n\t\n\t\t\n\t\t\t<div class=\"blockbody\">\n\t\t\t\t\t<div class=\"bound boundwider\">\n\t\t<div class=\"block-intro\">\n\t\t\t                                                                                                                            <h2 class=\"block-title\">Literatura sobre equipamentos e processos<\/h2>\t\t\t\t\t\t\t<a href=\"https:\/\/onecpm.com\/pt_br\/resource-library\/resources\/\" target=\"\" class=\"btn -non-btn\">Ver todos os recursos de equipamentos e processos <svg xmlns=\"http:\/\/www.w3.org\/2000\/svg\" width=\"17\" height=\"12\" viewbox=\"0 0 17 12\" fill=\"none\" role=\"img\" aria-hidden=\"true\" focusable=\"false\"><title>arrow<\/title>\n<path fill-rule=\"evenodd\" clip-rule=\"evenodd\" d=\"M13.9176 6.28571L8.65133 10.5863L9.42733 11.4286L16.3999 5.71429L9.41476 0L8.65362 0.860571L13.9153 5.14286L0.399902 5.14286L0.399902 6.28571L13.9176 6.28571Z\" fill=\"white\"\/>\n<\/svg><\/a>\n\t\t\t\t\t<\/div>\n\t\t\t\t\t\t\t<div class=\"slider-wrap\">\n\t\t\t<div id=\"slider-block_149be65f241cdc8a630f5a1eb0bdf453-slider\" class=\"nmc-slider scrollable snaps\" data-nmc-slider data-nmc-slider-loop role=\"region\" aria-label=\"Carrossel de visualiza\u00e7\u00e3o de conte\u00fado\">\n\t\t\t\t\t\t\t\t\t\t\t\t\t\t\t\t\t\t\t<div class=\"nmc-slide\" role=\"group\" aria-label=\"Diapositivo 1 de 4\" aria-current=\"true\">\n\t\t\t\t\t\t\n<div class=\"partial -resource -card\">\n    <div class=\"text\">\n        <h3 class=\"heading\">\n            <a href=\"https:\/\/onecpm.com\/pt_br\/resource\/3000-series-pellet-mill\" target=\"_blank\" class=\"link\">Moinho de pelotiza\u00e7\u00e3o s\u00e9rie 3000<\/a>\n        <\/h3>\n                    <div class=\"excerpt\">Quaisquer que sejam os desafios de pelotiza\u00e7\u00e3o ou densifica\u00e7\u00e3o que voc\u00ea enfrenta, a peletizadora s\u00e9rie 3000 tem as respostas.<\/div>\n            <\/div>\n    <div class=\"download-bottom\" aria-hidden=\"true\">\n                    Acessar recurso <svg xmlns=\"http:\/\/www.w3.org\/2000\/svg\" width=\"18\" height=\"18\" viewbox=\"0 0 18 18\" fill=\"none\" role=\"img\" aria-hidden=\"true\" focusable=\"false\">\n\t<title>download<\/title>\n    <path d=\"M8.99872 4.82129C8.90339 4.82129 8.81192 4.85915 8.74451 4.92656C8.67704 4.99403 8.63918 5.08543 8.63918 5.18083V10.7537L6.39926 8.50295C6.30838 8.41207 6.1759 8.37655 6.05178 8.40979C5.92767 8.44309 5.83064 8.54005 5.79741 8.66416C5.76417 8.78834 5.79964 8.92077 5.89051 9.01164L8.74524 11.8664C8.76203 11.8827 8.78005 11.8977 8.79919 11.9113H8.81359L8.86034 11.9365H8.88194H8.88188C8.89692 11.9426 8.9126 11.9468 8.92863 11.949C8.95192 11.9518 8.97545 11.9518 8.99874 11.949C9.02261 11.9517 9.04672 11.9517 9.07066 11.949C9.08605 11.9465 9.10115 11.9423 9.1156 11.9365H9.13719L9.18395 11.9113H9.19834L9.25406 11.8664L12.107 9.01164C12.1979 8.92076 12.2333 8.78834 12.2001 8.66416C12.1668 8.54004 12.0698 8.44308 11.9457 8.40979C11.8216 8.37655 11.6891 8.41207 11.5982 8.50295L9.35832 10.7447V5.18083C9.35832 5.08545 9.32046 4.99404 9.25299 4.92656C9.18557 4.85915 9.09412 4.82129 8.99878 4.82129H8.99872Z\" fill=\"white\"\/>\n    <path d=\"M6.14472 13.4754H11.8542C11.9826 13.4754 12.1013 13.4069 12.1655 13.2957C12.2298 13.1844 12.2298 13.0474 12.1655 12.9361C12.1013 12.8249 11.9826 12.7563 11.8542 12.7563H6.14472C6.01627 12.7563 5.89754 12.8249 5.83335 12.9361C5.76909 13.0474 5.76909 13.1844 5.83335 13.2957C5.89754 13.4069 6.01628 13.4754 6.14472 13.4754Z\" fill=\"white\"\/>\n    <circle cx=\"9\" cy=\"9\" r=\"8.5\" stroke=\"white\"\/>\n<\/svg>            <\/div>\n<\/div>\t\t\t\t\t<\/div>\n\t\t\t\t\t\t\t\t\t\t\t\t\t\t\t\t\t\t\t<div class=\"nmc-slide\" role=\"group\" aria-label=\"Diapositivo 2 de 4\" >\n\t\t\t\t\t\t\n<div class=\"partial -resource -card\">\n    <div class=\"text\">\n        <h3 class=\"heading\">\n            <a href=\"https:\/\/onecpm.com\/pt_br\/resource\/9000-series-pellet-mill\" target=\"_blank\" class=\"link\">Moinho de pelotiza\u00e7\u00e3o s\u00e9rie 9000<\/a>\n        <\/h3>\n                    <div class=\"excerpt\">Se voc\u00ea deseja grande efici\u00eancia, grande economia e resultados ainda maiores, ent\u00e3o voc\u00ea precisa de nossa peletizadora s\u00e9rie 9000.<\/div>\n            <\/div>\n    <div class=\"download-bottom\" aria-hidden=\"true\">\n                    Acessar recurso <svg xmlns=\"http:\/\/www.w3.org\/2000\/svg\" width=\"18\" height=\"18\" viewbox=\"0 0 18 18\" fill=\"none\" role=\"img\" aria-hidden=\"true\" focusable=\"false\">\n\t<title>download<\/title>\n    <path d=\"M8.99872 4.82129C8.90339 4.82129 8.81192 4.85915 8.74451 4.92656C8.67704 4.99403 8.63918 5.08543 8.63918 5.18083V10.7537L6.39926 8.50295C6.30838 8.41207 6.1759 8.37655 6.05178 8.40979C5.92767 8.44309 5.83064 8.54005 5.79741 8.66416C5.76417 8.78834 5.79964 8.92077 5.89051 9.01164L8.74524 11.8664C8.76203 11.8827 8.78005 11.8977 8.79919 11.9113H8.81359L8.86034 11.9365H8.88194H8.88188C8.89692 11.9426 8.9126 11.9468 8.92863 11.949C8.95192 11.9518 8.97545 11.9518 8.99874 11.949C9.02261 11.9517 9.04672 11.9517 9.07066 11.949C9.08605 11.9465 9.10115 11.9423 9.1156 11.9365H9.13719L9.18395 11.9113H9.19834L9.25406 11.8664L12.107 9.01164C12.1979 8.92076 12.2333 8.78834 12.2001 8.66416C12.1668 8.54004 12.0698 8.44308 11.9457 8.40979C11.8216 8.37655 11.6891 8.41207 11.5982 8.50295L9.35832 10.7447V5.18083C9.35832 5.08545 9.32046 4.99404 9.25299 4.92656C9.18557 4.85915 9.09412 4.82129 8.99878 4.82129H8.99872Z\" fill=\"white\"\/>\n    <path d=\"M6.14472 13.4754H11.8542C11.9826 13.4754 12.1013 13.4069 12.1655 13.2957C12.2298 13.1844 12.2298 13.0474 12.1655 12.9361C12.1013 12.8249 11.9826 12.7563 11.8542 12.7563H6.14472C6.01627 12.7563 5.89754 12.8249 5.83335 12.9361C5.76909 13.0474 5.76909 13.1844 5.83335 13.2957C5.89754 13.4069 6.01628 13.4754 6.14472 13.4754Z\" fill=\"white\"\/>\n    <circle cx=\"9\" cy=\"9\" r=\"8.5\" stroke=\"white\"\/>\n<\/svg>            <\/div>\n<\/div>\t\t\t\t\t<\/div>\n\t\t\t\t\t\t\t\t\t\t\t\t\t\t\t\t\t\t\t<div class=\"nmc-slide\" role=\"group\" aria-label=\"Diapositivo 3 de 4\" >\n\t\t\t\t\t\t\n<div class=\"partial -resource -card\">\n    <div class=\"text\">\n        <h3 class=\"heading\">\n            <a href=\"https:\/\/onecpm.com\/pt_br\/resource\/dryers-roasters-toasters-coolers-and-ovens-for-the-food-industry\" target=\"_blank\" class=\"link\">Secadores, Torradeiras, Torradeiras, Refrigeradores e Fornos para a Ind\u00fastria Alimentar<\/a>\n        <\/h3>\n                    <div class=\"excerpt\">CPM conhece processos de transporte, secagem e resfriamento.<\/div>\n            <\/div>\n    <div class=\"download-bottom\" aria-hidden=\"true\">\n                    Acessar recurso <svg xmlns=\"http:\/\/www.w3.org\/2000\/svg\" width=\"18\" height=\"18\" viewbox=\"0 0 18 18\" fill=\"none\" role=\"img\" aria-hidden=\"true\" focusable=\"false\">\n\t<title>download<\/title>\n    <path d=\"M8.99872 4.82129C8.90339 4.82129 8.81192 4.85915 8.74451 4.92656C8.67704 4.99403 8.63918 5.08543 8.63918 5.18083V10.7537L6.39926 8.50295C6.30838 8.41207 6.1759 8.37655 6.05178 8.40979C5.92767 8.44309 5.83064 8.54005 5.79741 8.66416C5.76417 8.78834 5.79964 8.92077 5.89051 9.01164L8.74524 11.8664C8.76203 11.8827 8.78005 11.8977 8.79919 11.9113H8.81359L8.86034 11.9365H8.88194H8.88188C8.89692 11.9426 8.9126 11.9468 8.92863 11.949C8.95192 11.9518 8.97545 11.9518 8.99874 11.949C9.02261 11.9517 9.04672 11.9517 9.07066 11.949C9.08605 11.9465 9.10115 11.9423 9.1156 11.9365H9.13719L9.18395 11.9113H9.19834L9.25406 11.8664L12.107 9.01164C12.1979 8.92076 12.2333 8.78834 12.2001 8.66416C12.1668 8.54004 12.0698 8.44308 11.9457 8.40979C11.8216 8.37655 11.6891 8.41207 11.5982 8.50295L9.35832 10.7447V5.18083C9.35832 5.08545 9.32046 4.99404 9.25299 4.92656C9.18557 4.85915 9.09412 4.82129 8.99878 4.82129H8.99872Z\" fill=\"white\"\/>\n    <path d=\"M6.14472 13.4754H11.8542C11.9826 13.4754 12.1013 13.4069 12.1655 13.2957C12.2298 13.1844 12.2298 13.0474 12.1655 12.9361C12.1013 12.8249 11.9826 12.7563 11.8542 12.7563H6.14472C6.01627 12.7563 5.89754 12.8249 5.83335 12.9361C5.76909 13.0474 5.76909 13.1844 5.83335 13.2957C5.89754 13.4069 6.01628 13.4754 6.14472 13.4754Z\" fill=\"white\"\/>\n    <circle cx=\"9\" cy=\"9\" r=\"8.5\" stroke=\"white\"\/>\n<\/svg>            <\/div>\n<\/div>\t\t\t\t\t<\/div>\n\t\t\t\t\t\t\t\t\t\t\t\t\t\t\t\t\t\t\t<div class=\"nmc-slide\" role=\"group\" aria-label=\"Diapositivo 4 de 4\" >\n\t\t\t\t\t\t\n<div class=\"partial -resource -card\">\n    <div class=\"text\">\n        <h3 class=\"heading\">\n            <a href=\"https:\/\/onecpm.com\/pt_br\/resource\/hm-series\" target=\"_blank\" class=\"link\">Moinho de martelo s\u00e9rie HM<\/a>\n        <\/h3>\n                    <div class=\"excerpt\">Quando se trata de retifica\u00e7\u00e3o pesada, os moinhos de martelo da s\u00e9rie HM est\u00e3o prontos para o trabalho.<\/div>\n            <\/div>\n    <div class=\"download-bottom\" aria-hidden=\"true\">\n                    Acessar recurso <svg xmlns=\"http:\/\/www.w3.org\/2000\/svg\" width=\"18\" height=\"18\" viewbox=\"0 0 18 18\" fill=\"none\" role=\"img\" aria-hidden=\"true\" focusable=\"false\">\n\t<title>download<\/title>\n    <path d=\"M8.99872 4.82129C8.90339 4.82129 8.81192 4.85915 8.74451 4.92656C8.67704 4.99403 8.63918 5.08543 8.63918 5.18083V10.7537L6.39926 8.50295C6.30838 8.41207 6.1759 8.37655 6.05178 8.40979C5.92767 8.44309 5.83064 8.54005 5.79741 8.66416C5.76417 8.78834 5.79964 8.92077 5.89051 9.01164L8.74524 11.8664C8.76203 11.8827 8.78005 11.8977 8.79919 11.9113H8.81359L8.86034 11.9365H8.88194H8.88188C8.89692 11.9426 8.9126 11.9468 8.92863 11.949C8.95192 11.9518 8.97545 11.9518 8.99874 11.949C9.02261 11.9517 9.04672 11.9517 9.07066 11.949C9.08605 11.9465 9.10115 11.9423 9.1156 11.9365H9.13719L9.18395 11.9113H9.19834L9.25406 11.8664L12.107 9.01164C12.1979 8.92076 12.2333 8.78834 12.2001 8.66416C12.1668 8.54004 12.0698 8.44308 11.9457 8.40979C11.8216 8.37655 11.6891 8.41207 11.5982 8.50295L9.35832 10.7447V5.18083C9.35832 5.08545 9.32046 4.99404 9.25299 4.92656C9.18557 4.85915 9.09412 4.82129 8.99878 4.82129H8.99872Z\" fill=\"white\"\/>\n    <path d=\"M6.14472 13.4754H11.8542C11.9826 13.4754 12.1013 13.4069 12.1655 13.2957C12.2298 13.1844 12.2298 13.0474 12.1655 12.9361C12.1013 12.8249 11.9826 12.7563 11.8542 12.7563H6.14472C6.01627 12.7563 5.89754 12.8249 5.83335 12.9361C5.76909 13.0474 5.76909 13.1844 5.83335 13.2957C5.89754 13.4069 6.01628 13.4754 6.14472 13.4754Z\" fill=\"white\"\/>\n    <circle cx=\"9\" cy=\"9\" r=\"8.5\" stroke=\"white\"\/>\n<\/svg>            <\/div>\n<\/div>\t\t\t\t\t<\/div>\n\t\t\t\t\t\t\t<\/div>\n\t\t<\/div>\n\t<\/div>\n\t\t\t<\/div>\n\n\t\t\t\t\n\t<\/div>\n\n\n\n\t\n\n\t\t\t\t\t\t\t\n\t\n<div id=\"block_b8ecbe6092dd4365036e8100dd16f0fd\" class=\"nmc-block nmc-block--background block-container alignfull -mode-gray filled padding-triple\">\n\t\n\t\t\n\t\t\t<div class=\"blockbody\">\n\t\t\t\t<div class=\"gutenberg\">\n\t\n\n\n\t\n\n\t\t\t\t\t\t\t\n\n<div id=\"block_5d06e837332f9684f0456348441148a7\" class=\"nmc-block nmc-block--featured-videos block-container alignfull\">\n\t\n\t\t\n\t\t\t<div class=\"blockbody\">\n\t\t\t\t<div class=\"bound boundwider\">\n\t<div class=\"block-intro\">\n\t\t<h2 class=\"block-title\">V\u00eddeos e webinars em destaque<\/h2>\n\t\t<a href=\"https:\/\/onecpm.com\/pt_br\/resource-library\/videos\/\" class=\"btn -non-btn\">Ver todos os v\u00eddeos <svg xmlns=\"http:\/\/www.w3.org\/2000\/svg\" width=\"17\" height=\"12\" viewbox=\"0 0 17 12\" fill=\"none\" role=\"img\" aria-hidden=\"true\" focusable=\"false\"><title>arrow<\/title>\n<path fill-rule=\"evenodd\" clip-rule=\"evenodd\" d=\"M13.9176 6.28571L8.65133 10.5863L9.42733 11.4286L16.3999 5.71429L9.41476 0L8.65362 0.860571L13.9153 5.14286L0.399902 5.14286L0.399902 6.28571L13.9176 6.28571Z\" fill=\"white\"\/>\n<\/svg><\/a>\n\t<\/div>\n\t<div class=\"wrap\">\n\t\t\t\t\t\n        \n<div class=\"partial -card -video\">\n    <div class=\"image\">\n        \t\t\t\t\t\t\t\t\t\t\t\t\t\t\t\t\t\t\t<picture>\n\t\t\t\t\t\t\t<source media=\"(max-width: 500px)\" srcset=\"https:\/\/img.nmcdn.io\/e1\/w:600,h:338,v:1\/cpm\/wp-content\/uploads\/2024\/04\/01.equipment-pelletingsystems-conveyorsys-hero.jpg?s=25e3f64e\">\n\t\t\t\t<source media=\"(max-width: 800px)\" srcset=\"https:\/\/img.nmcdn.io\/e1\/w:1000,h:563,v:1\/cpm\/wp-content\/uploads\/2024\/04\/01.equipment-pelletingsystems-conveyorsys-hero.jpg?s=f25385c3\">\n\t\t\t\t<source media=\"(max-width: 1200px)\" srcset=\"https:\/\/img.nmcdn.io\/e1\/w:1500,h:844,v:1\/cpm\/wp-content\/uploads\/2024\/04\/01.equipment-pelletingsystems-conveyorsys-hero.jpg?s=31de5c51\">\n\t\t\t\n\t\t\t<img decoding=\"async\" loading=\"lazy\" style=\"aspect-ratio: 1.7777777777778;\" src=\"https:\/\/img.nmcdn.io\/e1\/w:2000,h:1125,v:1\/cpm\/wp-content\/uploads\/2024\/04\/01.equipment-pelletingsystems-conveyorsys-hero.jpg?s=6879c608\" width=\"2000\" height=\"1125\" alt=\"\" aria-hidden=\"true\">\n\t\t<\/picture>\n\t\n    <\/div>\n    <div class=\"text\">\n        <h3 class=\"item-title\"><a class=\"link\" href=\"https:\/\/onecpm.com\/pt_br\/videos\/how-does-a-pellet-mill-work\">Como funciona uma pelotizadora?<\/a><\/h3>\n    <\/div>\n<\/div>\t\t\t\t\t\n        \n<div class=\"partial -card -video\">\n    <div class=\"image\">\n        \t\t\t\t\t\t\t\t\t\t\t\t\t\t\t\t\t\t\t<picture>\n\t\t\t\t\t\t\t<source media=\"(max-width: 500px)\" srcset=\"https:\/\/img.nmcdn.io\/e1\/w:600,h:338,v:1\/cpm\/wp-content\/uploads\/2024\/03\/1.equipment-pelletingsystems-hero.jpg?s=bc545732\">\n\t\t\t\t<source media=\"(max-width: 800px)\" srcset=\"https:\/\/img.nmcdn.io\/e1\/w:1000,h:563,v:1\/cpm\/wp-content\/uploads\/2024\/03\/1.equipment-pelletingsystems-hero.jpg?s=1ca0037c\">\n\t\t\t\t<source media=\"(max-width: 1200px)\" srcset=\"https:\/\/img.nmcdn.io\/e1\/w:1500,h:844,v:1\/cpm\/wp-content\/uploads\/2024\/03\/1.equipment-pelletingsystems-hero.jpg?s=62b49395\">\n\t\t\t\n\t\t\t<img decoding=\"async\" loading=\"lazy\" style=\"aspect-ratio: 1.7777777777778;\" src=\"https:\/\/img.nmcdn.io\/e1\/w:2000,h:1125,v:1\/cpm\/wp-content\/uploads\/2024\/03\/1.equipment-pelletingsystems-hero.jpg?s=3c054f98\" width=\"2000\" height=\"1125\" alt=\"\" aria-hidden=\"true\">\n\t\t<\/picture>\n\t\n    <\/div>\n    <div class=\"text\">\n        <h3 class=\"item-title\"><a class=\"link\" href=\"https:\/\/onecpm.com\/pt_br\/videos\/champion-series-hammermill-animation\">Anima\u00e7\u00e3o de moinho de martelo da s\u00e9rie Champion<\/a><\/h3>\n    <\/div>\n<\/div>\t\t\t<\/div>\t\n<\/div>\n\n\n\t\t\t<\/div>\n\n\t\t\t\t\n\t<\/div>\n<\/div>\n\t\t\t<\/div>\n\n\t\t\t\t\n\t<\/div>\n\n\n\n\t\n\n\t\t\t\t\t\t\t\n\t\n<div id=\"block_3998b29b917492804842dc86c4417e3f\" class=\"nmc-block nmc-block--cta block-container alignfull -fullWidth\">\n\t\n\t\t\n\t\t\t<div class=\"blockbody\">\n\t\t\t\t<div class=\"bound boundfull\">\n\t<div class=\"cta-wrap -mode-dark\">\n\t\t<div class=\"cta-background\">\n\t\t\t<div class=\"image\">\n\t\t\t\t\t\t\t\t\n<picture>\n\t<source srcset=\"https:\/\/img.nmcdn.io\/e1\/w:900,h:750,v:1\/cpm\/wp-content\/uploads\/2025\/04\/Innovation_Hollars_Matthew_Engineering-scaled.jpg?s=7be164cd\" width=\"900\" height=\"750\" media=\"(max-width: 900px)\" type=\"image\/webp\">\n\t<source srcset=\"https:\/\/img.nmcdn.io\/e1\/w:900,h:750,v:1\/cpm\/wp-content\/uploads\/2025\/04\/Innovation_Hollars_Matthew_Engineering-scaled.jpg?s=7be164cd\" width=\"900\" height=\"750\" media=\"(max-width: 900px)\">\n\t<source srcset=\"https:\/\/img.nmcdn.io\/e1\/w:1440,h:725,v:1\/cpm\/wp-content\/uploads\/2025\/04\/Innovation_Hollars_Matthew_Engineering-scaled.jpg?s=f42a3955\" type=\"image\/webp\">\n\t<img loading=\"lazy\" decoding=\"async\" src=\"https:\/\/img.nmcdn.io\/e1\/w:1440,h:725,v:1\/cpm\/wp-content\/uploads\/2025\/04\/Innovation_Hollars_Matthew_Engineering-scaled.jpg?s=f42a3955\" width=\"1440\" height=\"725\" alt=\"\">\n<\/picture>\n\t\t\t<\/div>\n\t\t<\/div>\n\t\t<div class=\"cta-content\">\n\t\t\t<div class=\"content\">\n\t\t\t\t                                                                                                                                                                                                                                        <h2 class=\"block-title\">N\u00e3o fa\u00e7a isso sozinho.<br> <strong>Coloque-nos para trabalhar para voc\u00ea.<\/strong><\/h2>\t\t\t\t\t\t\t\t\t<div class=\"text\">Saiba como ajudamos a aumentar a produtividade, obter economia de custos e fornecer solu\u00e7\u00f5es para os nossos clientes.<\/div>\n\t\t\t\t\t\t\t\t\n\t\t\t\t\t\t\t\t\t<div class=\"buttons\">\n\t\t\t\t\t\t\t\t\t\t\t\t\t<a href=\"#\" target=\"\" class=\"btn -non-btn\">Vamos conversar <svg xmlns=\"http:\/\/www.w3.org\/2000\/svg\" width=\"17\" height=\"12\" viewbox=\"0 0 17 12\" fill=\"none\" role=\"img\" aria-hidden=\"true\" focusable=\"false\"><title>arrow<\/title>\n<path fill-rule=\"evenodd\" clip-rule=\"evenodd\" d=\"M13.9176 6.28571L8.65133 10.5863L9.42733 11.4286L16.3999 5.71429L9.41476 0L8.65362 0.860571L13.9153 5.14286L0.399902 5.14286L0.399902 6.28571L13.9176 6.28571Z\" fill=\"white\"\/>\n<\/svg><\/a>\n\t\t\t\t\t\t\t\t\t\t\t<\/div>\n\t\t\t\t\t\t\t\t\n\t\t\t<\/div>\n\t\t<\/div>\n\t<\/div>\n<\/div>\n\t\t\t<\/div>\n\n\t\t\t\t\n\t<\/div>","protected":false},"excerpt":{"rendered":"","protected":false},"author":1,"featured_media":0,"parent":0,"menu_order":0,"comment_status":"closed","ping_status":"closed","template":"","meta":{"_acf_changed":false,"footnotes":""},"class_list":["post-2082","page","type-page","status-publish","hentry"],"acf":[],"_links":{"self":[{"href":"https:\/\/onecpm.com\/pt_br\/wp-json\/wp\/v2\/pages\/2082","targetHints":{"allow":["GET"]}}],"collection":[{"href":"https:\/\/onecpm.com\/pt_br\/wp-json\/wp\/v2\/pages"}],"about":[{"href":"https:\/\/onecpm.com\/pt_br\/wp-json\/wp\/v2\/types\/page"}],"author":[{"embeddable":true,"href":"https:\/\/onecpm.com\/pt_br\/wp-json\/wp\/v2\/users\/1"}],"replies":[{"embeddable":true,"href":"https:\/\/onecpm.com\/pt_br\/wp-json\/wp\/v2\/comments?post=2082"}],"version-history":[{"count":9,"href":"https:\/\/onecpm.com\/pt_br\/wp-json\/wp\/v2\/pages\/2082\/revisions"}],"predecessor-version":[{"id":10982,"href":"https:\/\/onecpm.com\/pt_br\/wp-json\/wp\/v2\/pages\/2082\/revisions\/10982"}],"wp:attachment":[{"href":"https:\/\/onecpm.com\/pt_br\/wp-json\/wp\/v2\/media?parent=2082"}],"curies":[{"name":"wp","href":"https:\/\/api.w.org\/{rel}","templated":true}]}}