{"id":2084,"date":"2024-05-14T19:05:20","date_gmt":"2024-05-14T19:05:20","guid":{"rendered":"https:\/\/cpm.epicenter1.com\/?page_id=2084"},"modified":"2025-04-19T11:48:03","modified_gmt":"2025-04-19T11:48:03","slug":"webinars","status":"publish","type":"page","link":"https:\/\/onecpm.com\/pt_br\/resource-library\/webinars","title":{"rendered":"Semin\u00e1rios on-line"},"content":{"rendered":"<div id=\"block_fb96d8db4d34c96dc08db9e3ce7989fe\" class=\"nmc-block nmc-block--masthead-basic block-container alignwider\">\n\t\n\t\t\n\t\t\t<div class=\"blockbody\">\n\t\t\t\t<div class=\"masthead-content\">\n\t\t\t\t\t\t\t\t\t\t\t\t\t\t\t\t\t\t\t\t\t\t\t\t\t\t\t\t\t\t\t\t\t\t\t\t\t\t\t\t\t\t\t\t\t\t\t\t\t\t\t\t\t\t\t\t\t\t\t\t<h1 class=\"page-title\">CPM <strong>Semin\u00e1rios on-line<\/strong><\/h1>\n\t<div class=\"page-intro\"><p>Inscreva-se para um pr\u00f3ximo webinar ou explore nossa biblioteca on-line contendo mais de cinquenta webinars de treinamento de uma hora sobre uma variedade de t\u00f3picos dispon\u00edveis para download ou transmiss\u00e3o sob demanda.<\/p>\n<p>Esses webinars fornecem um excelente recurso de treinamento para departamentos de opera\u00e7\u00f5es, manuten\u00e7\u00e3o, P&amp;D e engenharia.<\/p>\n<\/div>\t\t\t\t<\/div>\n\t\t\t<\/div>\n\n\t\t\t\t\n\t<\/div>\n\n\n\n\n\n\t\n\n\t\t\t\t\t\t\t\n\n<div id=\"block_af93f07957f46eab2cbe0cfe0cee57dc\" class=\"nmc-block nmc-block--video-listing block-container alignfull\">\n\t\n\t\t\n\t\t\t<div class=\"blockbody\">\n\t\t\t\t\n\n<div class=\"faux-masthead\">\n\t<div class=\"bound boundwider\">\n\t\t<div class=\"block-intro\">\n\t\t\t<div class=\"intro-left\">\n\t\t\t\t<p class=\"is-style-eyebrow-heading\">Recursos<\/p>\n\t\t\t\t<h1 class=\"page-title\">Biblioteca de Webinars<\/h1>\n\t\t\t<\/div>\n\t\t\t\n\t\t\t\t\t<\/div>\n\t<\/div>\n<\/div>\n\n<div id=\"hidden-filters\">\n\t<div class=\"bound boundwider\">\n\t\t<div class=\"block-intro\">\n\t\t\t<div class=\"intro-left\">\n\t\t\t\t<p class=\"is-style-eyebrow-heading\">Recursos<\/p>\n\t\t\t\t<h1 class=\"page-title\">Biblioteca de Webinars<\/h1>\n\t\t\t<\/div>\n\t\t\t<button class=\"btn -outline closeFilters\">Filtro <svg xmlns=\"http:\/\/www.w3.org\/2000\/svg\" width=\"19\" height=\"18\" viewbox=\"0 0 19 18\" fill=\"none\" role=\"img\" aria-hidden=\"true\" focusable=\"false\">\n<path d=\"M12.6559 5.63965L12.5675 5.55124L12.4791 5.63964L9.5005 8.61809L6.52205 5.63964L6.43367 5.55125L6.34528 5.63964L5.72899 6.25592L5.64061 6.34431L5.72899 6.4327L8.70744 9.41115L5.72899 12.3898L5.64059 12.4782L5.72901 12.5665L6.34529 13.1826L6.43369 13.271L6.52206 13.1826L9.5005 10.2038L12.4791 13.1826L12.5675 13.271L12.6559 13.1826L13.272 12.5665L13.3604 12.4781L13.272 12.3898L10.2932 9.41115L13.272 6.4327L13.3603 6.34433L13.272 6.25594L12.6559 5.63965Z\" fill=\"white\" stroke=\"white\" stroke-width=\"0.25\"\/>\n<path d=\"M9.50033 0.952637C4.83629 0.952637 1.04199 4.74693 1.04199 9.41097C1.04199 14.075 4.83629 17.8693 9.50033 17.8693C14.1644 17.8693 17.9587 14.075 17.9587 9.41097C17.9587 4.74693 14.1644 0.952637 9.50033 0.952637ZM9.50033 16.7478C5.4547 16.7478 2.16349 13.4564 2.16349 9.41097C2.16349 5.36551 5.45486 2.07414 9.50033 2.07414C13.5458 2.07414 16.8372 5.36551 16.8372 9.41097C16.8372 13.4564 13.5458 16.7478 9.50033 16.7478Z\" fill=\"white\" stroke=\"white\" stroke-width=\"0.25\"\/>\n<\/svg><\/button>\n\t\t<\/div>\n\t<\/div>\n\t<div class=\"filter-wrap\">\n\t\t<div class=\"bound boundwide\">\n\t\t\t<form action=\"https:\/\/onecpm.com\/pt_br\/resource-library\/webinars\/#block_af93f07957f46eab2cbe0cfe0cee57dc\" class=\"filter-form\" data-trp-original-action=\"https:\/\/onecpm.com\/pt_br\/resource-library\/webinars#block_af93f07957f46eab2cbe0cfe0cee57dc\">\n\n\t\t\t\t\t\t\t\t\n\n\t\t\t\t\t\t\t\t\t\t\t\t\t\t\t\t\t\t\t\t\t\t\t\t\t\t\t\t\t\t\t\t\t\t\t\t\t\t\t\t\t\t\t\n\t\t\t\t\t\t\t\t\t\t\t\t<div class=\"checkboxes -columns-1\">\n\t\t\t\t\t<fieldset class=\"field -checkbox\">\n\t\t\t\t\t\t<legend for=\"filterType\">Tipo de hist\u00f3ria<\/legend>\n\n\t\t\t\t\t\t<div class=\"checkbox-grid\">\n\t\t\t\t\t\t\t\t\t\t\t\t\t\t\t<div>\n\t\t\t\t\t\t\t\t\t<input type=\"checkbox\" id=\"filterType\" name=\"filterType\" value=\"14\">\n\t\t\t\t\t\t\t\t\t<label for=\"filterType\">Construir<\/label>\n\t\t\t\t\t\t\t\t<\/div>\n\t\t\t\t\t\t\t\t\t\t\t\t\t\t\t<div>\n\t\t\t\t\t\t\t\t\t<input type=\"checkbox\" id=\"filterType\" name=\"filterType\" value=\"12\">\n\t\t\t\t\t\t\t\t\t<label for=\"filterType\">Alimentar<\/label>\n\t\t\t\t\t\t\t\t<\/div>\n\t\t\t\t\t\t\t\t\t\t\t\t\t\t\t<div>\n\t\t\t\t\t\t\t\t\t<input type=\"checkbox\" id=\"filterType\" name=\"filterType\" value=\"13\">\n\t\t\t\t\t\t\t\t\t<label for=\"filterType\">Abastecer<\/label>\n\t\t\t\t\t\t\t\t<\/div>\n\t\t\t\t\t\t\t\t\t\t\t\t\t<\/div>\n\n\t\t\t\t\t<\/fieldset>\n\t\t\t\t<\/div>\n\t\t\t\t\n\n\n\t\t\t\t\t\t\t\t\n\n\t\t\t\t\t\t\t\t\n\t\t\t\t<div class=\"field -submit\">\n\t\t\t\t\t<button type=\"submit\" class=\"btn\">Filtrar webinars <svg xmlns=\"http:\/\/www.w3.org\/2000\/svg\" width=\"22\" height=\"17\" viewbox=\"0 0 22 17\" fill=\"none\" role=\"img\" aria-hidden=\"true\" focusable=\"false\">\n<path d=\"M7.56119 4.16829H20.4859C20.8316 4.16829 21.1248 3.87517 21.1248 3.52946C21.1248 3.18374 20.8316 2.89062 20.4859 2.89062H7.56119C7.21548 2.89062 6.92236 3.18374 6.92236 3.52946C6.92236 3.87517 7.21548 4.16829 7.56119 4.16829Z\" fill=\"#454545\" stroke=\"#454545\" stroke-width=\"0.25\"\/>\n<path d=\"M1.51383 4.16829H3.52963C3.92115 4.16829 4.16846 3.86872 4.16846 3.52946C4.16846 3.18374 3.87534 2.89062 3.52963 2.89062H1.51383C1.16812 2.89062 0.875 3.18374 0.875 3.52946C0.875 3.87517 1.16812 4.16829 1.51383 4.16829Z\" fill=\"#454545\" stroke=\"#454545\" stroke-width=\"0.25\"\/>\n<path d=\"M17.0871 9.0301H20.4863C20.832 9.0301 21.1251 8.73699 21.1251 8.39127C21.1251 8.04556 20.832 7.75244 20.4863 7.75244H17.0871C16.7414 7.75244 16.4482 8.04556 16.4482 8.39127C16.4482 8.73699 16.7414 9.0301 17.0871 9.0301Z\" fill=\"#454545\" stroke=\"#454545\" stroke-width=\"0.25\"\/>\n<path d=\"M1.51383 9.0301H13.0553C13.401 9.0301 13.6941 8.73699 13.6941 8.39127C13.6941 8.04556 13.401 7.75244 13.0553 7.75244H1.51383C1.16812 7.75244 0.875 8.04556 0.875 8.39127C0.875 8.73699 1.16812 9.0301 1.51383 9.0301Z\" fill=\"#454545\" stroke=\"#454545\" stroke-width=\"0.25\"\/>\n<path d=\"M7.56119 13.9312H20.4859C20.8316 13.9312 21.1248 13.6381 21.1248 13.2924C21.1248 12.9467 20.8316 12.6536 20.4859 12.6536H7.56119C7.21548 12.6536 6.92236 12.9467 6.92236 13.2924C6.92236 13.6381 7.21548 13.9312 7.56119 13.9312Z\" fill=\"#454545\" stroke=\"#454545\" stroke-width=\"0.25\"\/>\n<path d=\"M1.51383 13.9312H3.52963C3.90923 13.9312 4.21356 13.6409 4.16841 13.245C4.16402 12.9027 3.87272 12.614 3.52963 12.614H1.51383C1.16215 12.614 0.875 12.9133 0.875 13.2924C0.875 13.6381 1.16812 13.9312 1.51383 13.9312Z\" fill=\"#454545\" stroke=\"#454545\" stroke-width=\"0.25\"\/>\n<path d=\"M2.89111 3.52963C2.89111 4.98206 4.09332 6.18426 5.54574 6.18426C7.03897 6.18426 8.20037 4.98078 8.20037 3.52963C8.20037 2.0772 6.99817 0.875 5.54574 0.875C4.09332 0.875 2.89111 2.0772 2.89111 3.52963ZM4.16878 3.52963C4.16878 2.76863 4.78474 2.15266 5.54574 2.15266C6.30674 2.15266 6.92271 2.76863 6.92271 3.52963C6.92271 4.29063 6.30674 4.9066 5.54574 4.9066C4.78474 4.9066 4.16878 4.29063 4.16878 3.52963Z\" fill=\"#454545\" stroke=\"#454545\" stroke-width=\"0.25\"\/>\n<path d=\"M12.4165 8.3912C12.4165 9.84363 13.6187 11.0458 15.0711 11.0458C16.5644 11.0458 17.7258 9.84235 17.7258 8.3912C17.7258 6.93878 16.5236 5.73657 15.0711 5.73657C13.6187 5.73657 12.4165 6.93878 12.4165 8.3912ZM13.6942 8.3912C13.6942 7.6302 14.3101 7.01423 15.0711 7.01423C15.8321 7.01423 16.4481 7.6302 16.4481 8.3912C16.4481 9.1522 15.8321 9.76817 15.0711 9.76817C14.3101 9.76817 13.6942 9.1522 13.6942 8.3912Z\" fill=\"#454545\" stroke=\"#454545\" stroke-width=\"0.25\"\/>\n<path d=\"M2.89111 13.2923C2.89111 14.7448 4.09332 15.947 5.54574 15.947L8.07537 13.2923H8.20037C8.20037 13.2917 8.20037 13.2911 8.20037 13.2905C8.19939 11.8389 6.99758 10.6377 5.54574 10.6377C4.09459 10.6377 2.89111 11.7991 2.89111 13.2923ZM4.16878 13.2923C4.16878 12.5313 4.78474 11.9154 5.54574 11.9154C6.30674 11.9154 6.92271 12.5313 6.92271 13.2923C6.92271 14.0533 6.30674 14.6693 5.54574 14.6693C4.78474 14.6693 4.16878 14.0533 4.16878 13.2923Z\" fill=\"#454545\" stroke=\"#454545\" stroke-width=\"0.25\"\/>\n<\/svg><\/button>\n\n\t\t\t\t\t\t\t\t\t<\/div>\n\n\t\t\t\t\n\n\t\t\t<input type=\"hidden\" name=\"trp-form-language\" value=\"pt_br\"\/><\/form>\n\n\t\t<\/div>\n\t<\/div>\n\t\n<\/div>\n\n\n\n\t\n\t\n\n\n<div class=\"bound boundwider\">\n\n\t\n\t\n<section class=\"listing-wrapper paginated -columns-3\">\n            <div class=\"partial-container\">\n                    \n\t\n<div class=\"partial -card -video\">\n    <div class=\"image\">\n        \t\t\t<img decoding=\"async\" loading=\"lazy\" src=\"https:\/\/onecpm.com\/wp-content\/uploads\/2025\/09\/Extruder-Control-Systems-\u2013-Options-and-Upgrades-scaled.png\" width=\"640\" height=\"360\" style=\"display: block; width: 100%\" alt=\"\">\n\t\n    <\/div>\n    <div class=\"text\">\n        <h3 class=\"item-title\"><a class=\"link\" href=\"https:\/\/onecpm.com\/pt_br\/videos\/extruder-control-systems-options-and-upgrades\">Sistemas de controle de extrusoras \u2013 op\u00e7\u00f5es e atualiza\u00e7\u00f5es<\/a><\/h3>\n    <\/div>\n<\/div>                <\/div>\n            <div class=\"partial-container\">\n                    \n\t\n<div class=\"partial -card -video\">\n    <div class=\"image\">\n        \t\t\t<img decoding=\"async\" loading=\"lazy\" src=\"https:\/\/onecpm.com\/wp-content\/uploads\/2025\/06\/CPM_Machine-to-Machine-Transfer-of-Applications-scaled.jpg\" width=\"640\" height=\"360\" style=\"display: block; width: 100%\" alt=\"\">\n\t\n    <\/div>\n    <div class=\"text\">\n        <h3 class=\"item-title\"><a class=\"link\" href=\"https:\/\/onecpm.com\/pt_br\/videos\/machine-to-machine-transfer-of-applications\">Transfer\u00eancia de aplica\u00e7\u00f5es de m\u00e1quina para m\u00e1quina<\/a><\/h3>\n    <\/div>\n<\/div>                <\/div>\n            <div class=\"partial-container\">\n                    \n\t\n<div class=\"partial -card -video\">\n    <div class=\"image\">\n        \t\t\t<img decoding=\"async\" loading=\"lazy\" src=\"https:\/\/onecpm.com\/wp-content\/uploads\/2025\/06\/Understanding-CPMs-Unique-RingExtruder-Technology-scaled.png\" width=\"640\" height=\"360\" style=\"display: block; width: 100%\" alt=\"\">\n\t\n    <\/div>\n    <div class=\"text\">\n        <h3 class=\"item-title\"><a class=\"link\" href=\"https:\/\/onecpm.com\/pt_br\/videos\/understanding-cpms-unique-ringextruder-technology\">Compreendendo a tecnologia exclusiva RingExtruder do CPM<\/a><\/h3>\n    <\/div>\n<\/div>                <\/div>\n            <div class=\"partial-container\">\n                    \n\t\n<div class=\"partial -card -video\">\n    <div class=\"image\">\n        \t\t\t<img decoding=\"async\" loading=\"lazy\" src=\"https:\/\/onecpm.com\/wp-content\/uploads\/2025\/05\/Understanding-the-Basics-of-Screw-Design--scaled.png\" width=\"640\" height=\"360\" style=\"display: block; width: 100%\" alt=\"\">\n\t\n    <\/div>\n    <div class=\"text\">\n        <h3 class=\"item-title\"><a class=\"link\" href=\"https:\/\/onecpm.com\/pt_br\/videos\/understanding-the-basics-of-screw-design\">Compreendendo os princ\u00edpios b\u00e1sicos do projeto de parafusos<\/a><\/h3>\n    <\/div>\n<\/div>                <\/div>\n            <div class=\"partial-container\">\n                    \n\t\n<div class=\"partial -card -video\">\n    <div class=\"image\">\n        \t\t\t<img decoding=\"async\" loading=\"lazy\" src=\"https:\/\/onecpm.com\/wp-content\/uploads\/2025\/04\/Twin-Screw-Compounding-Basics-Webinar.jpg\" width=\"640\" height=\"360\" style=\"display: block; width: 100%\" alt=\"\">\n\t\n    <\/div>\n    <div class=\"text\">\n        <h3 class=\"item-title\"><a class=\"link\" href=\"https:\/\/onecpm.com\/pt_br\/videos\/twin-screw-compounding-basics\">No\u00e7\u00f5es b\u00e1sicas sobre compostos de parafuso duplo<\/a><\/h3>\n    <\/div>\n<\/div>                <\/div>\n            <div class=\"partial-container\">\n                    \n\t\n<div class=\"partial -card -video\">\n    <div class=\"image\">\n        \t\t\t<img decoding=\"async\" loading=\"lazy\" src=\"https:\/\/onecpm.com\/wp-content\/uploads\/2025\/03\/video-webinar-cover-strand-pelletizing.jpg\" width=\"640\" height=\"360\" style=\"display: block; width: 100%\" alt=\"\">\n\t\n    <\/div>\n    <div class=\"text\">\n        <h3 class=\"item-title\"><a class=\"link\" href=\"https:\/\/onecpm.com\/pt_br\/videos\/overview-of-strand-pelletizing-application\">Vis\u00e3o geral da aplica\u00e7\u00e3o de peletiza\u00e7\u00e3o de fios<\/a><\/h3>\n    <\/div>\n<\/div>                <\/div>\n            <div class=\"partial-container\">\n                    \n\t\n<div class=\"partial -card -video\">\n    <div class=\"image\">\n        \t\t\t<img decoding=\"async\" loading=\"lazy\" src=\"https:\/\/onecpm.com\/wp-content\/uploads\/2025\/01\/video-webinar-extruders-coupling.jpg\" width=\"640\" height=\"360\" style=\"display: block; width: 100%\" alt=\"\">\n\t\n    <\/div>\n    <div class=\"text\">\n        <h3 class=\"item-title\"><a class=\"link\" href=\"https:\/\/onecpm.com\/pt_br\/videos\/why-extruders-need-a-torque-limiting-coupling\">Por que as extrusoras precisam de um acoplamento limitador de torque<\/a><\/h3>\n    <\/div>\n<\/div>                <\/div>\n            <div class=\"partial-container\">\n                    \n\t\n<div class=\"partial -card -video\">\n    <div class=\"image\">\n        \t\t\t<img decoding=\"async\" loading=\"lazy\" src=\"https:\/\/onecpm.com\/wp-content\/uploads\/2024\/12\/webinar-thumb-screw-metallurgy.jpg\" width=\"640\" height=\"360\" style=\"display: block; width: 100%\" alt=\"\">\n\t\n    <\/div>\n    <div class=\"text\">\n        <h3 class=\"item-title\"><a class=\"link\" href=\"https:\/\/onecpm.com\/pt_br\/videos\/understanding-screw-element-metallurgy\">Compreendendo a metalurgia dos elementos de parafuso<\/a><\/h3>\n    <\/div>\n<\/div>                <\/div>\n            <div class=\"partial-container\">\n                    \n\t\n<div class=\"partial -card -video\">\n    <div class=\"image\">\n        \t\t\t<img decoding=\"async\" loading=\"lazy\" src=\"https:\/\/onecpm.com\/wp-content\/uploads\/2024\/11\/video-thumb-differences-single-twin-screw.jpg\" width=\"640\" height=\"360\" style=\"display: block; width: 100%\" alt=\"\">\n\t\n    <\/div>\n    <div class=\"text\">\n        <h3 class=\"item-title\"><a class=\"link\" href=\"https:\/\/onecpm.com\/pt_br\/videos\/key-differences-between-single-twin-screw-extrusion-processing\">As principais diferen\u00e7as entre o processamento de extrus\u00e3o de parafuso \u00fanico e duplo<\/a><\/h3>\n    <\/div>\n<\/div>                <\/div>\n            <div class=\"partial-container\">\n                    \n\t\n<div class=\"partial -card -video\">\n    <div class=\"image\">\n        \t\t\t<img decoding=\"async\" loading=\"lazy\" src=\"https:\/\/onecpm.com\/wp-content\/uploads\/2024\/10\/Screenshot-2024-10-02-at-6.15.24\u202fPM-1.png\" width=\"640\" height=\"360\" style=\"display: block; width: 100%\" alt=\"\">\n\t\n    <\/div>\n    <div class=\"text\">\n        <h3 class=\"item-title\"><a class=\"link\" href=\"https:\/\/onecpm.com\/pt_br\/videos\/common-process-challenges-in-twin-screw-extrusion\">Desafios comuns de processo em extrus\u00e3o de parafuso duplo<\/a><\/h3>\n    <\/div>\n<\/div>                <\/div>\n            <div class=\"partial-container\">\n                    \n\t\n<div class=\"partial -card -video\">\n    <div class=\"image\">\n        \t\t\t<img decoding=\"async\" loading=\"lazy\" src=\"https:\/\/onecpm.com\/wp-content\/uploads\/2024\/10\/Screenshot-2024-10-02-at-6.15.38\u202fPM.png\" width=\"640\" height=\"360\" style=\"display: block; width: 100%\" alt=\"\">\n\t\n    <\/div>\n    <div class=\"text\">\n        <h3 class=\"item-title\"><a class=\"link\" href=\"https:\/\/onecpm.com\/pt_br\/videos\/solving-vent-problems-2\">Resolvendo problemas de ventila\u00e7\u00e3o<\/a><\/h3>\n    <\/div>\n<\/div>                <\/div>\n            <div class=\"partial-container\">\n                    \n                \n<div class=\"partial -card -video\">\n    <div class=\"image\">\n        \t\t\t\t\t\t\t\t\t\t\t\t\t\t\t\t\t\t\t<picture>\n\t\t\t\t\t\t\t<source media=\"(max-width: 500px)\" srcset=\"https:\/\/img.nmcdn.io\/e1\/w:600,h:338,v:1\/cpm\/wp-content\/uploads\/2024\/07\/vumbnail-50.jpg?s=41ee6728\">\n\t\t\t\t<source media=\"(max-width: 800px)\" srcset=\"https:\/\/img.nmcdn.io\/e1\/w:1000,h:563,v:1\/cpm\/wp-content\/uploads\/2024\/07\/vumbnail-50.jpg?s=5dfc3a0e\">\n\t\t\t\t<source media=\"(max-width: 1200px)\" srcset=\"https:\/\/img.nmcdn.io\/e1\/w:1500,h:844,v:1\/cpm\/wp-content\/uploads\/2024\/07\/vumbnail-50.jpg?s=38094a9a\">\n\t\t\t\n\t\t\t<img decoding=\"async\" loading=\"lazy\" style=\"aspect-ratio: 1.7777777777778;\" src=\"https:\/\/img.nmcdn.io\/e1\/w:2000,h:1125,v:1\/cpm\/wp-content\/uploads\/2024\/07\/vumbnail-50.jpg?s=7d9c58af\" width=\"2000\" height=\"1125\" alt=\"\" aria-hidden=\"true\">\n\t\t<\/picture>\n\t\n    <\/div>\n    <div class=\"text\">\n        <h3 class=\"item-title\"><a class=\"link\" href=\"https:\/\/onecpm.com\/pt_br\/videos\/all-about-polymer-mixing\">Tudo sobre mistura de pol\u00edmeros<\/a><\/h3>\n    <\/div>\n<\/div>                <\/div>\n    <\/section>\n\n\t\t\t<nav class=\"pagination\" role=\"navigation\" aria-label=\"Navega\u00e7\u00e3o de pagina\u00e7\u00e3o\">\n\t\t<ul class=\"paginationPages\">\n\t\t\t<li class=\"paginationPrev paginationDirection\">\n\t\t\t\t<a class=\"prev\"><svg xmlns=\"http:\/\/www.w3.org\/2000\/svg\" width=\"9\" height=\"13\" viewbox=\"0 0 9 13\" fill=\"none\" role=\"img\" aria-hidden=\"true\" focusable=\"false\"><path d=\"M8 11.9243L2 6.92432L8 1.92432\" stroke=\"#CC092F\" stroke-width=\"2\" stroke-linecap=\"round\"\/><\/svg><\/a>\n\t\t\t<\/li>\n\t\t\t\t\t\t\t\t\t\t<li class=\"paginationItem\">\n\t\t\t\t\t\t\t\t\t\t\t<a class=\"paginationCurrent page-number page-numbers current\" aria-label=\"P\u00e1gina atual, p\u00e1gina 1\" aria-current=\"true\">1<\/a>\n\t\t\t\t\t\t\t\t\t<\/li>\n\t\t\t\t\t\t\t<li class=\"paginationItem\">\n\t\t\t\t\t\t\t\t\t\t\t<a href=\"https:\/\/onecpm.com\/pt_br\/wp-json\/wp\/v2\/pages\/2084?pg=2\" class=\"paginationLink page-number page-numbers\" aria-label=\"Ir para a p\u00e1gina 2\">2<\/a>\n\t\t\t\t\t\t\t\t\t<\/li>\n\t\t\t\t\t\t\t<li class=\"paginationItem\">\n\t\t\t\t\t\t\t\t\t\t\t<a href=\"https:\/\/onecpm.com\/pt_br\/wp-json\/wp\/v2\/pages\/2084?pg=3\" class=\"paginationLink page-number page-numbers\" aria-label=\"Ir para a p\u00e1gina 3\">3<\/a>\n\t\t\t\t\t\t\t\t\t<\/li>\n\t\t\t\t\t\t\t<li class=\"paginationItem\">\n\t\t\t\t\t\t\t\t\t\t\t<a href=\"https:\/\/onecpm.com\/pt_br\/wp-json\/wp\/v2\/pages\/2084?pg=4\" class=\"paginationLink page-number page-numbers\" aria-label=\"Ir para a p\u00e1gina 4\">4<\/a>\n\t\t\t\t\t\t\t\t\t<\/li>\n\t\t\t\t\t\t\t<li class=\"paginationItem\">\n\t\t\t\t\t\t\t\t\t\t\t<a href=\"https:\/\/onecpm.com\/pt_br\/wp-json\/wp\/v2\/pages\/2084?pg=5\" class=\"paginationLink page-number page-numbers\" aria-label=\"Ir para a p\u00e1gina 5\">5<\/a>\n\t\t\t\t\t\t\t\t\t<\/li>\n\t\t\t\t\t\t\t<li class=\"paginationItem\">\n\t\t\t\t\t\t\t\t\t\t\t<a href=\"https:\/\/onecpm.com\/pt_br\/wp-json\/wp\/v2\/pages\/2084?pg=6\" class=\"paginationLink page-number page-numbers\" aria-label=\"Ir para a p\u00e1gina 6\">6<\/a>\n\t\t\t\t\t\t\t\t\t<\/li>\n\t\t\t\t\t\t\t\t\t<li class=\"paginationNext paginationDirection\">\n\t\t\t\t<a aria-label=\"Pr\u00f3xima p\u00e1gina\" href=\"https:\/\/onecpm.com\/pt_br\/wp-json\/wp\/v2\/pages\/2084?pg=2\" class=\"next\"><svg xmlns=\"http:\/\/www.w3.org\/2000\/svg\" width=\"9\" height=\"12\" viewbox=\"0 0 9 12\" fill=\"none\" role=\"img\" aria-hidden=\"true\" focusable=\"false\"><path d=\"M1 1L7 6L1 11\" stroke=\"#CC092F\" stroke-width=\"2\" stroke-linecap=\"round\"\/><\/svg><\/a>\n\t\t\t<\/li>\n\t\t<\/ul>\n\t\t<div class=\"pagination-status\">P\u00e1gina 1 de 6<\/div>\n\t<\/nav>\n\t\t<\/div>\n\n<script>\n\t(function () {\n\t\tconst openFilter = document.querySelector('button.openFilters');\n\t\tconst closeFilter = document.querySelector('button.closeFilters');\n\t\tconst filterWrap = document.querySelector('#hidden-filters');\n\n\t\tfunction filterOpen() {\n\t\t\tfilterWrap.classList.add('active');\n\t\t}\n\n\t\tfunction filterClose() {\n\t\t\tfilterWrap.classList.remove('active');\n\t\t}\n\n\t\topenFilter.onclick = filterOpen;\n\n\t\tcloseFilter.onclick = filterClose;\n\n\t\t\n\n\t})();\n\n<\/script>\n\n<script>\n(function(){\n\tdocument.documentElement.classList.add('-grey-header');\n})();\n<\/script>\n\n\t\t\t<\/div>\n\n\t\t\t\t\n\t<\/div>\n\n\n\n\t\n\n\t\t\t\t\t\t\t\n\t\n<div id=\"block_a896a44ba8ddf6c3454c747cc89d4187\" class=\"nmc-block nmc-block--cta block-container alignfull -fullWidth\">\n\t\n\t\t\n\t\t\t<div class=\"blockbody\">\n\t\t\t\t<div class=\"bound boundfull\">\n\t<div class=\"cta-wrap -mode-dark\">\n\t\t<div class=\"cta-background\">\n\t\t\t<div class=\"image\">\n\t\t\t\t\t\t\t\t\n<picture>\n\t<source srcset=\"https:\/\/img.nmcdn.io\/e1\/w:900,h:750,v:1\/cpm\/wp-content\/uploads\/2025\/04\/Innovation_Hollars_Matthew_Engineering-scaled.jpg?s=7be164cd\" width=\"900\" height=\"750\" media=\"(max-width: 900px)\" type=\"image\/webp\">\n\t<source srcset=\"https:\/\/img.nmcdn.io\/e1\/w:900,h:750,v:1\/cpm\/wp-content\/uploads\/2025\/04\/Innovation_Hollars_Matthew_Engineering-scaled.jpg?s=7be164cd\" width=\"900\" height=\"750\" media=\"(max-width: 900px)\">\n\t<source srcset=\"https:\/\/img.nmcdn.io\/e1\/w:1440,h:725,v:1\/cpm\/wp-content\/uploads\/2025\/04\/Innovation_Hollars_Matthew_Engineering-scaled.jpg?s=f42a3955\" type=\"image\/webp\">\n\t<img loading=\"lazy\" decoding=\"async\" src=\"https:\/\/img.nmcdn.io\/e1\/w:1440,h:725,v:1\/cpm\/wp-content\/uploads\/2025\/04\/Innovation_Hollars_Matthew_Engineering-scaled.jpg?s=f42a3955\" width=\"1440\" height=\"725\" alt=\"\">\n<\/picture>\n\t\t\t<\/div>\n\t\t<\/div>\n\t\t<div class=\"cta-content\">\n\t\t\t<div class=\"content\">\n\t\t\t\t                                                                                                                                                                                                                            <h2 class=\"block-title\">N\u00e3o v\u00e1 sozinho.<br> <strong>Coloque-nos para trabalhar para voc\u00ea.<\/strong><\/h2>\t\t\t\t\t\t\t\t\t<div class=\"text\">Saiba como ajudamos a aumentar a produtividade, obter economia de custos e fornecer solu\u00e7\u00f5es para os nossos clientes.<\/div>\n\t\t\t\t\t\t\t\t\n\t\t\t\t\t\t\t\t\t<div class=\"buttons\">\n\t\t\t\t\t\t\t\t\t\t\t\t\t<a href=\"https:\/\/onecpm.com\/pt_br\/about-cpm\/contact-us\/\" target=\"\" class=\"btn -non-btn\">Vamos conversar <svg xmlns=\"http:\/\/www.w3.org\/2000\/svg\" width=\"17\" height=\"12\" viewbox=\"0 0 17 12\" fill=\"none\" role=\"img\" aria-hidden=\"true\" focusable=\"false\"><title>arrow<\/title>\n<path fill-rule=\"evenodd\" clip-rule=\"evenodd\" d=\"M13.9176 6.28571L8.65133 10.5863L9.42733 11.4286L16.3999 5.71429L9.41476 0L8.65362 0.860571L13.9153 5.14286L0.399902 5.14286L0.399902 6.28571L13.9176 6.28571Z\" fill=\"white\"\/>\n<\/svg><\/a>\n\t\t\t\t\t\t\t\t\t\t\t<\/div>\n\t\t\t\t\t\t\t\t\n\t\t\t<\/div>\n\t\t<\/div>\n\t<\/div>\n<\/div>\n\t\t\t<\/div>\n\n\t\t\t\t\n\t<\/div>","protected":false},"excerpt":{"rendered":"","protected":false},"author":1,"featured_media":0,"parent":2082,"menu_order":0,"comment_status":"closed","ping_status":"closed","template":"","meta":{"_acf_changed":false,"footnotes":""},"class_list":["post-2084","page","type-page","status-publish","hentry"],"acf":[],"_links":{"self":[{"href":"https:\/\/onecpm.com\/pt_br\/wp-json\/wp\/v2\/pages\/2084","targetHints":{"allow":["GET"]}}],"collection":[{"href":"https:\/\/onecpm.com\/pt_br\/wp-json\/wp\/v2\/pages"}],"about":[{"href":"https:\/\/onecpm.com\/pt_br\/wp-json\/wp\/v2\/types\/page"}],"author":[{"embeddable":true,"href":"https:\/\/onecpm.com\/pt_br\/wp-json\/wp\/v2\/users\/1"}],"replies":[{"embeddable":true,"href":"https:\/\/onecpm.com\/pt_br\/wp-json\/wp\/v2\/comments?post=2084"}],"version-history":[{"count":13,"href":"https:\/\/onecpm.com\/pt_br\/wp-json\/wp\/v2\/pages\/2084\/revisions"}],"predecessor-version":[{"id":10717,"href":"https:\/\/onecpm.com\/pt_br\/wp-json\/wp\/v2\/pages\/2084\/revisions\/10717"}],"up":[{"embeddable":true,"href":"https:\/\/onecpm.com\/pt_br\/wp-json\/wp\/v2\/pages\/2082"}],"wp:attachment":[{"href":"https:\/\/onecpm.com\/pt_br\/wp-json\/wp\/v2\/media?parent=2084"}],"curies":[{"name":"wp","href":"https:\/\/api.w.org\/{rel}","templated":true}]}}