{"id":3568,"date":"2024-06-12T16:41:51","date_gmt":"2024-06-12T16:41:51","guid":{"rendered":"https:\/\/cpm.epicenter1.com\/?page_id=3568"},"modified":"2025-06-24T23:22:33","modified_gmt":"2025-06-24T23:22:33","slug":"training","status":"publish","type":"page","link":"https:\/\/onecpm.com\/pt_br\/aftermarket-service\/training","title":{"rendered":"Treinamento"},"content":{"rendered":"<div id=\"block_75098a876e4c014996bf8ef6da1b5758\" class=\"nmc-block nmc-block--masthead-aftermarket block-container alignfull -mode-dark\">\n\t\n\t\t\n\t\t\t<div class=\"blockbody\">\n\t\t\t\t<div class=\"masthead-media -overlay\">\n\t\t<div class=\"image\">\n\t\t\t\t\t\t\t\t\t\t\t\t<picture>\n\t\t\t<source media=\"(max-width: 499px)\" srcset=\"https:\/\/img.nmcdn.io\/e1\/w:600,h:338,v:1\/cpm\/wp-content\/uploads\/2025\/04\/two-Engineers-At-CNC.jpg?s=7306a556\">\n\t\t\t<source media=\"(max-width: 899px)\" srcset=\"https:\/\/img.nmcdn.io\/e1\/w:1200,h:675,v:1\/cpm\/wp-content\/uploads\/2025\/04\/two-Engineers-At-CNC.jpg?s=fa17e001\">\n\t\t\t<img fetchpriority=\"high\" decoding=\"async\" loading=\"eager\" style=\"aspect-ratio: 1.7777777777778;\" src=\"https:\/\/img.nmcdn.io\/e1\/w:1800,h:1013,v:1\/cpm\/wp-content\/uploads\/2025\/04\/two-Engineers-At-CNC.jpg?s=bfa0b912\" width=\"1800\" height=\"1013\" alt=\"\" aria-hidden=\"true\">\n\t\t<\/picture>\n\t<\/div>\n\t\t\n<\/div>\n<div class=\"bound boundwider\">\n\t<div class=\"masthead-content\">\n\t\t<p class=\"is-style-eyebrow-heading\">P\u00f3s-venda e servi\u00e7o<\/strong><\/p>\n\t\t<h1 class=\"page-title\">Treinamento<\/h1>\n\t\t\t\t\t<\/div>\n<\/div>\n\n<script>\n(function(){\n\tdocument.documentElement.classList.add('-transparent-header');\n})();\n<\/script>\n\t\t\t<\/div>\n\n\t\t\t\t\n\t<\/div>\n\n\n\n\n\n\t\n\n\t\t\t\t\t\t\t\n\n<div id=\"block_b53a2d646f7d4d0231575d0ac337beee\" class=\"nmc-block nmc-block--intro-complex block-container alignfull\">\n\t\n\t\t\n\t\t\t<div class=\"blockbody\">\n\t\t\t\t\n\t<div class=\"wrap\">\n\t\t<div class=\"block-intro\">\n\t\t\t\t\t\t\t<p class=\"is-style-eyebrow-heading\">Vis\u00e3o geral<\/p>\n\t\t\t\t\t\t\t\t\t\t                                                                                                            <h2 class=\"block-title\">Treinamento &amp; <strong>Testando<\/strong><\/h2>\t\t\t\t\t\t\t\t\t<div class=\"text\">\n\t\t\t\t<p>N\u00e3o apenas fabricamos equipamentos l\u00edderes do setor, mas tamb\u00e9m fornecemos treinamento abrangente para garantir que seus operadores e t\u00e9cnicos estejam totalmente equipados para maximizar o desempenho e a efici\u00eancia de nossas m\u00e1quinas e tecnologia de processamento. O treinamento garante que seus funcion\u00e1rios sejam competentes e confiantes em manter e operar nossa tecnologia conforme projetada, levando a um ambiente de trabalho pr\u00f3spero e profissional, onde os funcion\u00e1rios querem ficar. <\/p>\n\t\t\t<\/div>\n\t\t\t\n\t\t\t\t\t\t\t<a href=\"https:\/\/onecpm.com\/pt_br\/about-cpm\/contact-us\/\" class=\"btn -non-btn\" >Entrar em contato<svg xmlns=\"http:\/\/www.w3.org\/2000\/svg\" width=\"17\" height=\"12\" viewbox=\"0 0 17 12\" fill=\"none\" role=\"img\" aria-hidden=\"true\" focusable=\"false\"><title>arrow<\/title>\n<path fill-rule=\"evenodd\" clip-rule=\"evenodd\" d=\"M13.9176 6.28571L8.65133 10.5863L9.42733 11.4286L16.3999 5.71429L9.41476 0L8.65362 0.860571L13.9153 5.14286L0.399902 5.14286L0.399902 6.28571L13.9176 6.28571Z\" fill=\"white\"\/>\n<\/svg><\/a>\t\t\t\t\t<\/div>\n\n\t\t<div class=\"image\">\n\t\t\t\n<div class=\"image-auto\" style=\"aspect-ratio: 1400 \/ 1722;\">\n\t<picture>\n\t\t<source \n\t\t\tmedia=\"(max-width: 600px)\"\n\t\t\tsrcset=\"https:\/\/img.nmcdn.io\/e1\/w:480,h:591,v:1\/cpm\/wp-content\/uploads\/2025\/04\/Worker-checking-work-scaled.jpg?s=1777e2af\">\n\t\t<img  loading=\"lazy\"src=\"https:\/\/img.nmcdn.io\/e1\/w:600,h:738,v:1\/cpm\/wp-content\/uploads\/2025\/04\/Worker-checking-work-scaled.jpg?s=4a48cacc\" width=\"1400\" height=\"1722\" alt=\"\">\n\t<\/picture>\n<\/div>\n\n\t\t\t\t\t<\/div>\n\t<\/div>\n\n\t\t\t<\/div>\n\n\t\t\t\t\n\t<\/div>\n\n\n\n\t\n\n\t\t\t\t\t\t\t\n\n<div id=\"block_6e2e89c4b6936570b299d8f212f22ae5\" class=\"nmc-block nmc-block--tabbed-ctas block-container alignfull\">\n\t\n\t\t\n\t\t\t<div class=\"blockbody\">\n\t\t\t\t\t\n\t<div class=\"block-wrap gray\">\n\t\t<div class=\"bound boundwider\">\n\t\t\t<div class=\"block-intro -mode-gray\">\n\t\t\t\t<div class=\"block-left\">\n\t\t\t\t\t                                                                                                                                                                    <h2 class=\"block-title\">Treinamento e testes do fabricante<\/h2>\t\t\t\t\t\t\t\t\t\t\t<div class=\"content\">Como projetamos e constru\u00edmos o equipamento, n\u00f3s o conhecemos de dentro para fora. Isso faz da CPM a melhor parceira para treinar seus operadores e t\u00e9cnicos. Nossos programas de treinamento ajudar\u00e3o sua equipe a operar as m\u00e1quinas com efici\u00eancia, reduzir o tempo de inatividade e aumentar a produtividade.\r\n<\/div>\n\t\t\t\t\t\t\t\t\t<\/div>\n\n\t\t\t\t\t\t\t<\/div>\n\n\t\t\t<div class=\"tabs\">\n\t\t\t\t<div class=\"tabs_list\" role=\"tablist\">\n\t\t\t\t\t\t\t\t\t\t\t<button type=\"button\" class=\"tab\" role=\"tab\" aria-controls=\"block_6e2e89c4b6936570b299d8f212f22ae5-1\" id=\"tab-block_6e2e89c4b6936570b299d8f212f22ae5-1\" tabindex=\"\">Programas de treinamento<\/button>\n\t\t\t\t\t\t\t\t\t\t\t<button type=\"button\" class=\"tab\" role=\"tab\" aria-controls=\"block_6e2e89c4b6936570b299d8f212f22ae5-2\" id=\"tab-block_6e2e89c4b6936570b299d8f212f22ae5-2\" tabindex=\"-1\">Compet\u00eancia do funcion\u00e1rio<\/button>\n\t\t\t\t\t\t\t\t\t\t\t<button type=\"button\" class=\"tab\" role=\"tab\" aria-controls=\"block_6e2e89c4b6936570b299d8f212f22ae5-3\" id=\"tab-block_6e2e89c4b6936570b299d8f212f22ae5-3\" tabindex=\"-1\">Suporte e aprendizagem cont\u00ednuos<\/button>\n\t\t\t\t\t\t\t\t\t<\/div>\n\n\t\t\t\t<div class=\"tab-content\">\n\n\t\t\t\t\t\t\t\t\t\t\t<div class=\"tab_panel\" tabindex=\"0\" role=\"tabpanel\" id=\"block_6e2e89c4b6936570b299d8f212f22ae5-1\" >\n\t\t\t\t\t\t\t<div class=\"tab-background\">\n\t\t\t\t\t\t\t\t<div class=\"image\">\n\t\t\t\t\t\t\t\t\t\t\t\t\t\t\t\t\t\t\t\t\t\t\t\t\t\t\t\t\t\t\t\t\t\t\t\t\t\t\t\t\t\t\t\t\t\t\t\t\t\t\t\t\t\t<picture>\n\t\t\t\t\t\t\t\t\t\t<source media=\"(max-width: 499px)\" srcset=\"https:\/\/img.nmcdn.io\/e1\/w:600,h:800,v:1\/cpm\/wp-content\/uploads\/2025\/04\/Mechnical_Assembly.jpg?s=92a65db4\">\n\t\t\t\t\t\t\t\t\t\t<source media=\"(max-width: 899px)\" srcset=\"https:\/\/img.nmcdn.io\/e1\/w:1200,h:724,v:1\/cpm\/wp-content\/uploads\/2025\/04\/Mechnical_Assembly.jpg?s=c307ac96\">\n\t\t\t\t\t\t\t\t\t\t<img decoding=\"async\" loading=\"eager\" style=\"aspect-ratio: 1.6578947368421;\" src=\"https:\/\/img.nmcdn.io\/e1\/w:1800,h:1086,v:1\/cpm\/wp-content\/uploads\/2025\/04\/Mechnical_Assembly.jpg?s=a4ba32bd\" width=\"1800\" height=\"1086\" alt=\"\" aria-hidden=\"true\">\n\t\t\t\t\t\t\t\t\t<\/picture>\n\t\t\t\t\t\t\t\t<\/div>\n\t\t\t\t\t\t\t<\/div>\n\t\t\t\t\t\t\t<div class=\"tab-wrap -left\">\n\t\t\t\t\t\t\t\t<div class=\"text -mode-dark\">\n\t\t\t\t\t\t\t\t\t\t\t\t\t\t\t\t\t\t\t<p class=\"is-style-eyebrow-heading\">Programas de treinamento<\/p>\n\t\t\t\t\t\t\t\t\t\t\t\t\t\t\t\t\t\t                                                                                                                                                                                <h2 class=\"block-title\">Treinamento personalizado de acordo com suas necessidades espec\u00edficas.<\/h2>\t\t\t\t\t\t\t\t\t\t\t\t\t\t\t\t\t\t\t<p>Seja opera\u00e7\u00e3o b\u00e1sica, manuten\u00e7\u00e3o ou solu\u00e7\u00e3o de problemas avan\u00e7ada, nosso treinamento pr\u00e1tico dar\u00e1 \u00e0 sua equipe as habilidades necess\u00e1rias para manter seu equipamento funcionando perfeitamente. Podemos implantar instrutores dedicados e especialistas em mat\u00e9ria para ensinar teoria de processamento de materiais, design, opera\u00e7\u00e3o, manuten\u00e7\u00e3o, inicializa\u00e7\u00f5es e desligamentos. Enfatizamos o aprendizado experimental pr\u00e1tico para que seus funcion\u00e1rios possam aplicar seus conhecimentos diretamente \u00e0s suas opera\u00e7\u00f5es.<\/p>\n\n\t\t\t\t\t\t\t\t\t\t\t\t\t\t\t\t\t\t\t\t\t\t\t\t\t\t<\/div>\n\t\t\t\t\t\t\t<\/div>\n\t\t\t\t\t\t<\/div>\n\t\t\t\t\t\t\t\t\t\t\t<div class=\"tab_panel\" tabindex=\"0\" role=\"tabpanel\" id=\"block_6e2e89c4b6936570b299d8f212f22ae5-2\" hidden=\"\">\n\t\t\t\t\t\t\t<div class=\"tab-background\">\n\t\t\t\t\t\t\t\t<div class=\"image\">\n\t\t\t\t\t\t\t\t\t\t\t\t\t\t\t\t\t\t\t\t\t\t\t\t\t\t\t\t\t\t\t\t\t\t\t\t\t\t\t\t\t\t\t\t\t\t\t\t\t\t\t\t\t\t<picture>\n\t\t\t\t\t\t\t\t\t\t<source media=\"(max-width: 499px)\" srcset=\"https:\/\/img.nmcdn.io\/e1\/w:600,h:800,v:1\/cpm\/wp-content\/uploads\/2024\/07\/aftermarket-trainingtesting-tab2.jpg?s=63831db5\">\n\t\t\t\t\t\t\t\t\t\t<source media=\"(max-width: 899px)\" srcset=\"https:\/\/img.nmcdn.io\/e1\/w:1200,h:724,v:1\/cpm\/wp-content\/uploads\/2024\/07\/aftermarket-trainingtesting-tab2.jpg?s=5d70cab3\">\n\t\t\t\t\t\t\t\t\t\t<img decoding=\"async\" loading=\"eager\" style=\"aspect-ratio: 1.6578947368421;\" src=\"https:\/\/img.nmcdn.io\/e1\/w:1800,h:1086,v:1\/cpm\/wp-content\/uploads\/2024\/07\/aftermarket-trainingtesting-tab2.jpg?s=1e81d38d\" width=\"1800\" height=\"1086\" alt=\"\" aria-hidden=\"true\">\n\t\t\t\t\t\t\t\t\t<\/picture>\n\t\t\t\t\t\t\t\t<\/div>\n\t\t\t\t\t\t\t<\/div>\n\t\t\t\t\t\t\t<div class=\"tab-wrap -right\">\n\t\t\t\t\t\t\t\t<div class=\"text -mode-dark\">\n\t\t\t\t\t\t\t\t\t\t\t\t\t\t\t\t\t\t\t<p class=\"is-style-eyebrow-heading\">Compet\u00eancia do funcion\u00e1rio<\/p>\n\t\t\t\t\t\t\t\t\t\t\t\t\t\t\t\t\t\t                                                                                                                                                                                                                                                                                        <h2 class=\"block-title\">Aumente a produ\u00e7\u00e3o, reduza os custos trabalhistas e melhore a seguran\u00e7a dos funcion\u00e1rios.<\/h2>\t\t\t\t\t\t\t\t\t\t\t\t\t\t\t\t\t\t\t<p>O treinamento de funcion\u00e1rios pode aumentar a seguran\u00e7a e a sa\u00fade ocupacional. Uma equipe bem treinada tamb\u00e9m pode economizar tempo e custos reduzindo paradas inesperadas e aumentando a efici\u00eancia e a produtividade. Nossos programas de treinamento enfatizam o aprendizado pr\u00e1tico e experiencial para que seus funcion\u00e1rios possam aplicar seus conhecimentos diretamente \u00e0s opera\u00e7\u00f5es da sua planta, construindo assim sua compet\u00eancia e confian\u00e7a.<\/p>\n\n\t\t\t\t\t\t\t\t\t\t\t\t\t\t\t\t\t\t\t\t\t\t\t\t\t\t<\/div>\n\t\t\t\t\t\t\t<\/div>\n\t\t\t\t\t\t<\/div>\n\t\t\t\t\t\t\t\t\t\t\t<div class=\"tab_panel\" tabindex=\"0\" role=\"tabpanel\" id=\"block_6e2e89c4b6936570b299d8f212f22ae5-3\" hidden=\"\">\n\t\t\t\t\t\t\t<div class=\"tab-background\">\n\t\t\t\t\t\t\t\t<div class=\"image\">\n\t\t\t\t\t\t\t\t\t\t\t\t\t\t\t\t\t\t\t\t\t\t\t\t\t\t\t\t\t\t\t\t\t\t\t\t\t\t\t\t\t\t\t\t\t\t\t\t\t\t\t\t\t\t<picture>\n\t\t\t\t\t\t\t\t\t\t<source media=\"(max-width: 499px)\" srcset=\"https:\/\/img.nmcdn.io\/e1\/w:600,h:800,v:1\/cpm\/wp-content\/uploads\/2024\/07\/aftermarket-trainingtesting-tab3.jpg?s=e2315f0d\">\n\t\t\t\t\t\t\t\t\t\t<source media=\"(max-width: 899px)\" srcset=\"https:\/\/img.nmcdn.io\/e1\/w:1200,h:724,v:1\/cpm\/wp-content\/uploads\/2024\/07\/aftermarket-trainingtesting-tab3.jpg?s=1262d39e\">\n\t\t\t\t\t\t\t\t\t\t<img decoding=\"async\" loading=\"eager\" style=\"aspect-ratio: 1.6578947368421;\" src=\"https:\/\/img.nmcdn.io\/e1\/w:1800,h:1086,v:1\/cpm\/wp-content\/uploads\/2024\/07\/aftermarket-trainingtesting-tab3.jpg?s=222bfa74\" width=\"1800\" height=\"1086\" alt=\"\" aria-hidden=\"true\">\n\t\t\t\t\t\t\t\t\t<\/picture>\n\t\t\t\t\t\t\t\t<\/div>\n\t\t\t\t\t\t\t<\/div>\n\t\t\t\t\t\t\t<div class=\"tab-wrap -left\">\n\t\t\t\t\t\t\t\t<div class=\"text -mode-dark\">\n\t\t\t\t\t\t\t\t\t\t\t\t\t\t\t\t\t\t\t<p class=\"is-style-eyebrow-heading\">Suporte e aprendizagem cont\u00ednuos<\/p>\n\t\t\t\t\t\t\t\t\t\t\t\t\t\t\t\t\t\t                                                                                                                                        <h2 class=\"block-title\">Al\u00e9m de uma \u00fanica sess\u00e3o de treinamento.<\/h2>\t\t\t\t\t\t\t\t\t\t\t\t\t\t\t\t\t\t\t<p>Fornecemos recursos e suporte cont\u00ednuos para manter sua equipe atualizada sobre as melhores e mais recentes pr\u00e1ticas e tecnologias. Esse aprendizado cont\u00ednuo garante que sua equipe permane\u00e7a proficiente e sua opera\u00e7\u00e3o permane\u00e7a eficiente.<\/p>\n<p>Os locais de treinamento s\u00e3o flex\u00edveis: iremos at\u00e9 sua instala\u00e7\u00e3o, ou sua equipe pode ir at\u00e9 um de nossos centros de inova\u00e7\u00e3o de classe mundial ou laborat\u00f3rios de teste para uma experi\u00eancia imersiva no mundo real.<\/p>\n\n\t\t\t\t\t\t\t\t\t\t\t\t\t\t\t\t\t\t\t\t\t\t\t\t\t\t<\/div>\n\t\t\t\t\t\t\t<\/div>\n\t\t\t\t\t\t<\/div>\n\t\t\t\t\t\t\t\t\t\t\n\t\t\t\t<\/div>\n\t\t\t<\/div>\n\n\t\t\t\n\t\t<\/div>\n\t<\/div>\n\n\t\n\t\t\t<\/div>\n\n\t\t\t\t\n\t<\/div>\n\n\n\n\t\n\n\t\t\t\t\t\t\t\n\n<div id=\"block_48dfe6b08408e0fce0b4f4ebfc7a0c47\" class=\"nmc-block nmc-block--story-cta block-container alignfull\">\n\t\n\t\t\n\t\t\t<div class=\"blockbody\">\n\t\t\t\t<div class=\"bound boundfull\">\n\t<div class=\"story-wrap -mode-dark\">\n\t\t<div class=\"story-background\">\n\t\t\t<div class=\"image\">\n\t\t\t\t\t\t\t\t\n<picture>\n\t<source srcset=\"https:\/\/img.nmcdn.io\/e1\/w:900,h:600,v:1\/cpm\/wp-content\/uploads\/imported-files\/news-building-equipment-lifetime-california-pellet-mill.jpg?s=9655c320\" width=\"900\" height=\"600\" media=\"(max-width: 900px)\" type=\"image\/webp\">\n\t<source srcset=\"https:\/\/img.nmcdn.io\/e1\/w:900,h:600,v:1\/cpm\/wp-content\/uploads\/imported-files\/news-building-equipment-lifetime-california-pellet-mill.jpg?s=9655c320\" width=\"900\" height=\"600\" media=\"(max-width: 900px)\">\n\t<source srcset=\"https:\/\/img.nmcdn.io\/e1\/w:1256,h:615,v:1\/cpm\/wp-content\/uploads\/imported-files\/news-building-equipment-lifetime-california-pellet-mill.jpg?s=2280a070\" type=\"image\/webp\">\n\t<img loading=\"lazy\" decoding=\"async\" src=\"https:\/\/img.nmcdn.io\/e1\/w:1256,h:615,v:1\/cpm\/wp-content\/uploads\/imported-files\/news-building-equipment-lifetime-california-pellet-mill.jpg?s=2280a070\" width=\"1256\" height=\"615\" alt=\"building equipment news\">\n<\/picture>\n\t\t\t<\/div>\n\t\t<\/div>\n\t\t<div class=\"story-content\">\n\t\t\t<div class=\"supheading\">Destaque de solu\u00e7\u00f5es<\/div>\n\t\t\t<div class=\"content\">\n\t\t\t\t                                                                                                                                                                                                                        <h2 class=\"block-title\">Equipamento de constru\u00e7\u00e3o e suporte que dura a vida toda<\/h2>\t\t\t\t\t\t\t\t<a href=\"https:\/\/onecpm.com\/pt_br\/success-story\/building-supporting-equipment-that-lasts-a-lifetime\/\" target=\"\" class=\"btn -non-btn\">Continue lendo <svg xmlns=\"http:\/\/www.w3.org\/2000\/svg\" width=\"17\" height=\"12\" viewbox=\"0 0 17 12\" fill=\"none\" role=\"img\" aria-hidden=\"true\" focusable=\"false\"><title>arrow<\/title>\n<path fill-rule=\"evenodd\" clip-rule=\"evenodd\" d=\"M13.9176 6.28571L8.65133 10.5863L9.42733 11.4286L16.3999 5.71429L9.41476 0L8.65362 0.860571L13.9153 5.14286L0.399902 5.14286L0.399902 6.28571L13.9176 6.28571Z\" fill=\"white\"\/>\n<\/svg><span class=\"sr\"> sobre constru\u00e7\u00e3o e suporte de equipamentos que duram a vida toda<\/span><\/a>\n\t\t\t<\/div>\n\t\t<\/div>\n\t<\/div>\n<\/div>\n\t\t\t<\/div>\n\n\t\t\t\t\n\t<\/div>\n\n\n\n\t\n\n\t\t\t\t\t\t\t\n\t\n<div id=\"block_0d3e0b2d865bbda7eddfa7dab8657730\" class=\"nmc-block nmc-block--split block-container alignfull -Width alignfull\">\n\t\n\t\t\n\t\t\t<div class=\"blockbody\">\n\t\t\t\t\t<div class=\"bound boundwider\">\n\t\t\n\n<div class=\"split-half\">\n\t<div class=\"split-half-content\">\n\n\t\t\n\n<div class=\"split-half-image\">\n\t\t\t\t\t\t\t\t\t\t<picture>\n\t\t<source media=\"(max-width: 400px)\" srcset=\"https:\/\/img.nmcdn.io\/e1\/w:500,h:530,v:1\/cpm\/wp-content\/uploads\/2024\/07\/aftermarket-trainingtesting-CTA.jpg?s=064f0585\">\n\t\t<img decoding=\"async\" loading=\"lazy\" style=\"aspect-ratio: 0.94339622641509;\" src=\"https:\/\/img.nmcdn.io\/e1\/w:800,h:848,v:1\/cpm\/wp-content\/uploads\/2024\/07\/aftermarket-trainingtesting-CTA.jpg?s=e8ab537e\" width=\"800\" height=\"848\" alt=\"Training Testing\">\n\t<\/picture>\n<\/div>\n\n\n\t\t\n\t<\/div>\n<\/div>\n\n\n<div class=\"split-half\">\n\t<div class=\"split-half-content\">\n\n\t\t\n\n<p class=\"is-style-eyebrow-heading\">Contate-nos<\/p>\n\n\n\n<h2 class=\"wp-block-heading\"><strong>Obtenha o m\u00e1ximo<\/strong> do seu equipamento CPM<\/h2>\n\n\n\n<p>Invista nos servi\u00e7os de treinamento da CPM para garantir que voc\u00ea esteja aproveitando ao m\u00e1ximo seu equipamento. Entre em contato conosco hoje mesmo para saber como podemos ajudar sua empresa.<\/p>\n\n\n\n\n\n\t\t\t\t\n\n<div class=\"nmc-block nmc-block--buttons\" id=\"block_23131bbfe1636f45f1e292d98dcfc0fd\">\n\t<div class=\"blockbody\">\n\t\n\t\t\t\t\t\t\n\t\t<a href=\"https:\/\/onecpm.com\/pt_br\/about-cpm\/contact-us\/\" class=\"btn -btn\" >Contate-nos<\/a>\n\t\t<\/div>\n<\/div>\n\n\t\t\n\t<\/div>\n<\/div>\n\n\t<\/div>\n\t\t\t<\/div>\n\n\t\t\t\t\n\t<\/div>","protected":false},"excerpt":{"rendered":"","protected":false},"author":1,"featured_media":0,"parent":772,"menu_order":1,"comment_status":"closed","ping_status":"closed","template":"","meta":{"_acf_changed":false,"footnotes":""},"class_list":["post-3568","page","type-page","status-publish","hentry"],"acf":[],"_links":{"self":[{"href":"https:\/\/onecpm.com\/pt_br\/wp-json\/wp\/v2\/pages\/3568","targetHints":{"allow":["GET"]}}],"collection":[{"href":"https:\/\/onecpm.com\/pt_br\/wp-json\/wp\/v2\/pages"}],"about":[{"href":"https:\/\/onecpm.com\/pt_br\/wp-json\/wp\/v2\/types\/page"}],"author":[{"embeddable":true,"href":"https:\/\/onecpm.com\/pt_br\/wp-json\/wp\/v2\/users\/1"}],"replies":[{"embeddable":true,"href":"https:\/\/onecpm.com\/pt_br\/wp-json\/wp\/v2\/comments?post=3568"}],"version-history":[{"count":25,"href":"https:\/\/onecpm.com\/pt_br\/wp-json\/wp\/v2\/pages\/3568\/revisions"}],"predecessor-version":[{"id":10990,"href":"https:\/\/onecpm.com\/pt_br\/wp-json\/wp\/v2\/pages\/3568\/revisions\/10990"}],"up":[{"embeddable":true,"href":"https:\/\/onecpm.com\/pt_br\/wp-json\/wp\/v2\/pages\/772"}],"wp:attachment":[{"href":"https:\/\/onecpm.com\/pt_br\/wp-json\/wp\/v2\/media?parent=3568"}],"curies":[{"name":"wp","href":"https:\/\/api.w.org\/{rel}","templated":true}]}}