{"id":4564,"date":"2024-07-03T19:44:22","date_gmt":"2024-07-03T19:44:22","guid":{"rendered":"https:\/\/cpm.epicenter1.com\/?page_id=4564"},"modified":"2024-07-16T18:50:26","modified_gmt":"2024-07-16T18:50:26","slug":"cpm-supplier-code-of-conduct","status":"publish","type":"page","link":"https:\/\/onecpm.com\/pt_br\/cpm-supplier-code-of-conduct","title":{"rendered":"C\u00f3digo de conduta do fornecedor"},"content":{"rendered":"<div id=\"block_c8a2d07ace8fd446d9cdf4d7eb7e4e0c\" class=\"nmc-block nmc-block--masthead-basic block-container alignwider\">\n\t\n\t\t\n\t\t\t<div class=\"blockbody\">\n\t\t\t\t<div class=\"masthead-content\">\n\t\t\t\t\t\t\t\t\t\t\t\t\t\t\t\t\t\t\t\t\t\t\t\t\t\t\t\t\t\t\t\t\t\t\t\t\t\t\t\t\t\t\t\t\t\t\t\t\t\t\t\t\t\t\t\t\t\t\t\t\t\t\t\t\t\t\t\t\t\t\t\t\t\t\t\t\t\t\t\t<h1 class=\"page-title\">C\u00f3digo de conduta do fornecedor<\/h1>\n\t<div class=\"page-intro\"><p>\u00daltima revis\u00e3o: 3 de julho de 2024<\/p>\n<\/div>\t\t\t\t<\/div>\n\t\t\t<\/div>\n\n\t\t\t\t\n\t<\/div>\n\n\n\n\n<hr class=\"wp-block-separator alignfull has-alpha-channel-opacity\"\/>\n\n\n\n<p>O C\u00f3digo de Conduta do Fornecedor CPM (o \u201cC\u00f3digo\u201d) \u00e9 aplic\u00e1vel a todos os fornecedores do grupo de empresas CPM. Todos os fornecedores, vendedores, contratados, consultores, agentes, subcontratados e outros provedores de bens e servi\u00e7os e seus respectivos diretores, executivos, gerentes, acionistas, membros, funcion\u00e1rios, agentes, contratados ou outros representantes (coletivamente \u201cfornecedores\u201d) devem se familiarizar e cumprir o C\u00f3digo como condi\u00e7\u00e3o para fazer neg\u00f3cios com a CPM. O C\u00f3digo reconhece que a CPM mant\u00e9m seus fornecedores nos mais altos padr\u00f5es de \u00e9tica empresarial. O n\u00e3o cumprimento do C\u00f3digo pode resultar na rescis\u00e3o do(s) contrato(s) de fornecimento atual(ais) de um fornecedor e na inelegibilidade para qualquer contrato(s) de fornecimento futuro(s) com a CPM. Al\u00e9m disso, ser\u00e1 responsabilidade do fornecedor garantir que cada um de seus subcontratados, subfornecedores, vendedores ou outros agentes e representantes estejam sempre em conformidade com o C\u00f3digo, e uma viola\u00e7\u00e3o do C\u00f3digo por qualquer um dos itens acima ser\u00e1 considerada uma viola\u00e7\u00e3o do C\u00f3digo pelo fornecedor.<\/p>\n\n\n\n<p>O CPM exige que seus fornecedores conduzam neg\u00f3cios de forma \u00e9tica e cumpram os seguintes princ\u00edpios:<\/p>\n\n\n\n<p><strong>Cumpra a Lei<\/strong><\/p>\n\n\n\n<p>O compromisso da CPM com a integridade come\u00e7a com o cumprimento das leis, regras e regulamentos onde fazemos neg\u00f3cios. Os fornecedores devem entender e permanecer em conformidade com as leis, regras e regulamentos aplic\u00e1veis a eles. Al\u00e9m disso, como uma empresa sediada nos Estados Unidos, a CPM exige que todos os fornecedores cumpram rigorosamente o US Foreign Corrupt Practices Act, bem como quaisquer leis anticorrup\u00e7\u00e3o aplic\u00e1veis semelhantes.<\/p>\n\n\n\n<p><strong>Concorr\u00eancia<\/strong><\/p>\n\n\n\n<p>A CPM se dedica \u00e0 competi\u00e7\u00e3o \u00e9tica, justa e vigorosa. Os fornecedores devem tomar decis\u00f5es independentes sobre pre\u00e7os e marketing e n\u00e3o devem cooperar ou coordenar atividades indevidamente com seus concorrentes ou funcion\u00e1rios da CPM. Os fornecedores n\u00e3o devem oferecer ou solicitar pagamentos ou gratifica\u00e7\u00f5es indevidas em conex\u00e3o com a venda de bens ou servi\u00e7os \u00e0 CPM. Os fornecedores s\u00e3o estritamente proibidos de se envolver em acordos corruptos com clientes, subfornecedores, funcion\u00e1rios do governo ou outros terceiros. Al\u00e9m disso, a CPM pro\u00edbe seus fornecedores de se envolverem em qualquer forma de suborno do setor p\u00fablico ou comercial. Os fornecedores n\u00e3o devem oferecer, prometer ou fornecer nada de valor, direta ou indiretamente, a nenhum funcion\u00e1rio do governo ou a qualquer pessoa ou entidade privada, com o prop\u00f3sito de induzir o destinat\u00e1rio a ajudar o fornecedor (ou a CPM) a obter um benef\u00edcio pessoal ou comercial.<\/p>\n\n\n\n<p><strong>Conflitos de interesse; presentes, gratifica\u00e7\u00f5es e cortesias comerciais<\/strong><\/p>\n\n\n\n<p>O fornecedor deve evitar qualquer relacionamento ou atividade que possa prejudicar, ou mesmo parecer prejudicar, sua capacidade de tomar decis\u00f5es objetivas e justas ao lidar com a CPM. O fornecedor deve evitar qualquer acordo financeiro ou de outro tipo com funcion\u00e1rios da CPM que possa ser considerado inapropriado.<\/p>\n\n\n\n<p>Os funcion\u00e1rios da CPM est\u00e3o proibidos de se envolver em quaisquer a\u00e7\u00f5es que criem uma percep\u00e7\u00e3o de que tratamento favor\u00e1vel a um fornecedor foi buscado, recebido ou dado em troca de cortesias comerciais pessoais. Cortesias comerciais incluem presentes, gratifica\u00e7\u00f5es, refei\u00e7\u00f5es, refrescos, entretenimento ou outros benef\u00edcios de pessoas ou empresas com as quais a CPM faz ou pode fazer neg\u00f3cios. O fornecedor n\u00e3o deve dar nem aceitar cortesias comerciais que constituam, ou possam ser razoavelmente percebidas como constituintes, indu\u00e7\u00f5es comerciais injustas que violem a lei, regulamenta\u00e7\u00e3o ou pol\u00edticas da CPM, ou causem constrangimento ou reflitam negativamente na reputa\u00e7\u00e3o da CPM.<\/p>\n\n\n\n<p><strong>Controles Comerciais<\/strong><\/p>\n\n\n\n<p>A CPM e seus fornecedores est\u00e3o sujeitos a certas leis de controle comercial dos EUA e internacionais que definem onde a CPM pode comprar produtos ou servi\u00e7os. Os fornecedores n\u00e3o devem ter nenhuma negocia\u00e7\u00e3o direta ou indireta com qualquer pessoa ou territ\u00f3rio sujeito a san\u00e7\u00f5es que impe\u00e7am a CPM (incluindo qualquer uma de suas afiliadas) de negociar com tal pessoa ou territ\u00f3rio. O fornecedor deve estar sempre em conformidade com todas as leis de controle comercial aplic\u00e1veis relacionadas \u00e0 importa\u00e7\u00e3o, exporta\u00e7\u00e3o, venda e compra de bens ou servi\u00e7os a serem fornecidos pelo fornecedor \u00e0 CPM. O fornecedor deve manter registros completos e precisos com rela\u00e7\u00e3o a todos os bens e servi\u00e7os de origem e fornecer a localiza\u00e7\u00e3o das instala\u00e7\u00f5es e origens conhecidas dos materiais para permitir a rastreabilidade, mediante solicita\u00e7\u00e3o da CPM. O fornecedor deve notificar imediatamente a CPM sobre qualquer a\u00e7\u00e3o pendente ou amea\u00e7ada, processo, processo, inqu\u00e9rito ou investiga\u00e7\u00e3o por qualquer autoridade governamental contra o fornecedor com rela\u00e7\u00e3o a qualquer suposta viola\u00e7\u00e3o de san\u00e7\u00f5es ou negocia\u00e7\u00e3o com qualquer pessoa ou territ\u00f3rio sancionado.<\/p>\n\n\n\n<p><strong>Informa\u00e7\u00f5es propriet\u00e1rias<\/strong><\/p>\n\n\n\n<p>O fornecedor deve sempre tomar todas as precau\u00e7\u00f5es necess\u00e1rias para proteger e manter as informa\u00e7\u00f5es propriet\u00e1rias e confidenciais da CPM. O fornecedor n\u00e3o deve divulgar nenhuma informa\u00e7\u00e3o propriet\u00e1ria ou confidencial da CPM a terceiros, a menos que autorizado por escrito pela CPM, e deve usar as informa\u00e7\u00f5es propriet\u00e1rias e confidenciais da CPM somente na medida necess\u00e1ria para fornecer os bens ou servi\u00e7os contratados. O fornecedor n\u00e3o deve adquirir ou tentar adquirir por meios impr\u00f3prios nenhum segredo comercial de seu concorrente ou outras informa\u00e7\u00f5es propriet\u00e1rias ou confidenciais. O fornecedor n\u00e3o deve se envolver em uso, c\u00f3pia, distribui\u00e7\u00e3o ou altera\u00e7\u00e3o n\u00e3o autorizados de software ou outra propriedade intelectual.<\/p>\n\n\n\n<p><strong>Manuten\u00e7\u00e3o de registros corporativos<\/strong><\/p>\n\n\n\n<p>O Fornecedor deve criar e manter registros financeiros e comerciais precisos de acordo com todos os requisitos legais e regulat\u00f3rios aplic\u00e1veis, consistentes com todos os padr\u00f5es cont\u00e1beis aplic\u00e1veis. Tais registros financeiros e comerciais devem ser disponibilizados para auditoria mediante solicita\u00e7\u00e3o da CPM. Todas as faturas enviadas \u00e0 CPM devem ser verdadeiras, completas, precisas, de acordo com todas as leis aplic\u00e1veis, e conter todas as informa\u00e7\u00f5es razoavelmente solicitadas pela CPM de tempos em tempos.<\/p>\n\n\n\n<p><strong>Trate os funcion\u00e1rios com respeito<\/strong><\/p>\n\n\n\n<p>O fornecedor deve fornecer ambientes de trabalho seguros para todos os seus funcion\u00e1rios. O fornecedor deve sempre manter e aderir a um plano de sa\u00fade e seguran\u00e7a ambiental razoavelmente satisfat\u00f3rio para CPM. Esse plano de sa\u00fade e seguran\u00e7a ambiental, e quaisquer registros mantidos de acordo com ele, devem ser disponibilizados para CPM mediante solicita\u00e7\u00e3o. O fornecedor deve sempre atender ou exceder todos os outros requisitos legais para seguran\u00e7a dos funcion\u00e1rios e condi\u00e7\u00f5es de trabalho.<\/p>\n\n\n\n<p>O fornecedor deve fornecer aos seus funcion\u00e1rios um local de trabalho livre de ass\u00e9dio, discrimina\u00e7\u00e3o ou outras formas de comportamento verbal, visual ou f\u00edsico que criem (ou possam ser percebidos como criadores de) um ambiente de trabalho hostil. O fornecedor deve respeitar os direitos de seus funcion\u00e1rios \u00e0 liberdade de associa\u00e7\u00e3o e negocia\u00e7\u00e3o coletiva.<\/p>\n\n\n\n<p>O fornecedor dever\u00e1 pagar todos os seus funcion\u00e1rios de acordo com todas as leis e regulamentos aplic\u00e1veis de sal\u00e1rios e benef\u00edcios. O fornecedor n\u00e3o dever\u00e1 violar nenhum requisito legal de horas de trabalho. O fornecedor nunca dever\u00e1 usar trabalho for\u00e7ado ou trabalho infantil (conforme definido pelos padr\u00f5es da Organiza\u00e7\u00e3o Internacional do Trabalho (OIT)).<\/p>\n\n\n\n<p>O fornecedor deve se orientar por normas, conven\u00e7\u00f5es e declara\u00e7\u00f5es internacionais, incluindo os Princ\u00edpios Orientadores das Na\u00e7\u00f5es Unidas sobre Empresas e Direitos Humanos (UNGPs), a Carta Internacional dos Direitos Humanos, os Princ\u00edpios e Direitos Fundamentais no Trabalho da Organiza\u00e7\u00e3o Internacional do Trabalho e as Diretrizes da OCDE para Empresas Multinacionais para tratamento respeitoso e justo dos funcion\u00e1rios.<\/p>\n\n\n\n<p><strong>Relatar viola\u00e7\u00f5es do c\u00f3digo<\/strong><\/p>\n\n\n\n<p>Se o fornecedor tomar conhecimento de uma viola\u00e7\u00e3o real ou suspeita do C\u00f3digo pelo fornecedor (incluindo qualquer pessoa ou entidade que forne\u00e7a servi\u00e7os ou bens ao fornecedor ou em seu nome), o fornecedor dever\u00e1 notificar imediatamente o CPM enviando uma descri\u00e7\u00e3o detalhada da viola\u00e7\u00e3o real ou suspeita para&nbsp;<a href=\"mailto:compliance@cpm.net\">compliance@cpm.net<\/a>. A CPM reserva-se o direito de auditar o fornecedor (incluindo seus livros e registros) a qualquer momento para confirmar a conformidade com o C\u00f3digo.<\/p>","protected":false},"excerpt":{"rendered":"<p>The CPM Supplier Code of Conduct (the \u201cCode\u201d) is applicable to all suppliers of the CPM group of companies. All suppliers, vendors, contractors, consultants, agent, subcontractors, and other providers of goods and services and their respective directors, officers, managers, shareholders, members, employees, agents, contractors, or other representatives (collectively \u201csuppliers\u201d) are expected to familiarize themselves with [&hellip;]<\/p>\n","protected":false},"author":7,"featured_media":0,"parent":0,"menu_order":0,"comment_status":"closed","ping_status":"closed","template":"","meta":{"_acf_changed":false,"footnotes":""},"class_list":["post-4564","page","type-page","status-publish","hentry"],"acf":[],"_links":{"self":[{"href":"https:\/\/onecpm.com\/pt_br\/wp-json\/wp\/v2\/pages\/4564","targetHints":{"allow":["GET"]}}],"collection":[{"href":"https:\/\/onecpm.com\/pt_br\/wp-json\/wp\/v2\/pages"}],"about":[{"href":"https:\/\/onecpm.com\/pt_br\/wp-json\/wp\/v2\/types\/page"}],"author":[{"embeddable":true,"href":"https:\/\/onecpm.com\/pt_br\/wp-json\/wp\/v2\/users\/7"}],"replies":[{"embeddable":true,"href":"https:\/\/onecpm.com\/pt_br\/wp-json\/wp\/v2\/comments?post=4564"}],"version-history":[{"count":2,"href":"https:\/\/onecpm.com\/pt_br\/wp-json\/wp\/v2\/pages\/4564\/revisions"}],"predecessor-version":[{"id":4566,"href":"https:\/\/onecpm.com\/pt_br\/wp-json\/wp\/v2\/pages\/4564\/revisions\/4566"}],"wp:attachment":[{"href":"https:\/\/onecpm.com\/pt_br\/wp-json\/wp\/v2\/media?parent=4564"}],"curies":[{"name":"wp","href":"https:\/\/api.w.org\/{rel}","templated":true}]}}