{"id":5202,"date":"2024-07-10T17:40:01","date_gmt":"2024-07-10T17:40:01","guid":{"rendered":"https:\/\/cpm.epicenter1.com\/?page_id=5202"},"modified":"2025-06-24T23:18:01","modified_gmt":"2025-06-24T23:18:01","slug":"processes","status":"publish","type":"page","link":"https:\/\/onecpm.com\/pt_br\/processes","title":{"rendered":"Processos"},"content":{"rendered":"<div id=\"block_2d5949f4ae3379d097029fe92eba1bf3\" class=\"nmc-block nmc-block--masthead-basic block-container\">\n\t\n\t\t\n\t\t\t<div class=\"blockbody\">\n\t\t\t\t\t<div class=\"masthead-content -center\">\n\t\t\t\t\t\t\t\t\t\t\t\t\t\t\t\t\t\t\t\t\t\t\t\t\t\t\t\t\t\t\t\t\t\t\t<h1 class=\"page-title\">Processos<\/h1>\n\t\t\t\t\t<\/div>\n\t\t\t<\/div>\n\n\t\t\t\t\n\t<\/div>\n\n\n\n\n\n\t\n\n\t\t\t\t\t\t\t\n\n<div id=\"block_41b083711f8ca88c0121ed72d1d0c629\" class=\"nmc-block nmc-block--process-category-tiles block-container alignfull\">\n\t\n\t\t\n\t\t\t<div class=\"blockbody\">\n\t\t\t\t<div class=\"bound boundwider\">\n      <p class=\"is-style-eyebrow-heading\">Navegar por categorias de processos<\/p>\n  \t\t\n<section class=\"listing-wrapper paginated -columns-3\">\n            <div class=\"partial-container\">\n                    \n<div class=\"partial -card -process-category\">\n    <div class=\"text\">\n        <h3 class=\"heading\">\n            <a href=\"https:\/\/onecpm.com\/pt_br\/process-category\/grinding-pelleting\" class=\"link\"><span>Moagem e Peletiza\u00e7\u00e3o<\/span> <svg xmlns=\"http:\/\/www.w3.org\/2000\/svg\" width=\"26\" height=\"26\" viewbox=\"0 0 26 26\" fill=\"none\" role=\"img\" aria-hidden=\"true\" focusable=\"false\">\n<mask class=\"path-1-inside-1_2439_3058\" fill=\"white\">\n<path fill-rule=\"evenodd\" clip-rule=\"evenodd\" d=\"M16.6399 13.5496L12.7999 16.6855L13.3657 17.2996L18.4499 13.133L13.3565 8.96631L12.8015 9.59381L16.6382 12.7163H6.7832V13.5496H16.6399Z\"\/>\n<\/mask>\n<path fill-rule=\"evenodd\" clip-rule=\"evenodd\" d=\"M16.6399 13.5496L12.7999 16.6855L13.3657 17.2996L18.4499 13.133L13.3565 8.96631L12.8015 9.59381L16.6382 12.7163H6.7832V13.5496H16.6399Z\" fill=\"#CC092F\"\/>\n<path d=\"M16.6399 13.5496L17.2724 14.3242L19.4454 12.5496H16.6399V13.5496ZM12.7999 16.6855L12.1674 15.9109L11.3452 16.5824L12.0644 17.3631L12.7999 16.6855ZM13.3657 17.2996L12.6303 17.9772L13.2697 18.6713L13.9996 18.0731L13.3657 17.2996ZM18.4499 13.133L19.0837 13.9064L20.0283 13.1323L19.0831 12.359L18.4499 13.133ZM13.3565 8.96631L13.9897 8.19231L13.245 7.58305L12.6075 8.3038L13.3565 8.96631ZM12.8015 9.59381L12.0525 8.9313L11.3622 9.71174L12.1703 10.3694L12.8015 9.59381ZM16.6382 12.7163V13.7163H19.4511L17.2694 11.9407L16.6382 12.7163ZM6.7832 12.7163V11.7163H5.7832V12.7163H6.7832ZM6.7832 13.5496H5.7832V14.5496H6.7832V13.5496ZM16.0074 12.7751L12.1674 15.9109L13.4324 17.46L17.2724 14.3242L16.0074 12.7751ZM12.0644 17.3631L12.6303 17.9772L14.1012 16.6221L13.5353 16.0079L12.0644 17.3631ZM13.9996 18.0731L19.0837 13.9064L17.816 12.3595L12.7318 16.5262L13.9996 18.0731ZM19.0831 12.359L13.9897 8.19231L12.7234 9.74031L17.8167 13.907L19.0831 12.359ZM12.6075 8.3038L12.0525 8.9313L13.5506 10.2563L14.1056 9.62882L12.6075 8.3038ZM12.1703 10.3694L16.007 13.4919L17.2694 11.9407L13.4328 8.81821L12.1703 10.3694ZM16.6382 11.7163H6.7832V13.7163H16.6382V11.7163ZM5.7832 12.7163V13.5496H7.7832V12.7163H5.7832ZM6.7832 14.5496H16.6399V12.5496H6.7832V14.5496Z\" fill=\"#CC092F\" mask=\"url(.path-1-inside-1_2439_3058)\"\/>\n<circle cx=\"12.6172\" cy=\"13.1329\" r=\"12\" stroke=\"#CC092F\"\/>\n<\/svg><\/a>\n        <\/h3>\n    <\/div>\n    <div class=\"image\">\n        \n<div class=\"image-auto\" style=\"aspect-ratio: 1400 \/ 793;\">\n\t<picture>\n\t\t<source \n\t\t\tmedia=\"(max-width: 600px)\"\n\t\t\tsrcset=\"https:\/\/img.nmcdn.io\/e1\/w:480,h:272,v:1\/cpm\/wp-content\/uploads\/2024\/05\/prprocesses-grindingpelleting-hullpelleting-hero.jpg?s=e1e7ceb3\">\n\t\t<img  loading=\"lazy\"src=\"https:\/\/img.nmcdn.io\/e1\/w:600,h:340,v:1\/cpm\/wp-content\/uploads\/2024\/05\/prprocesses-grindingpelleting-hullpelleting-hero.jpg?s=96af1e41\" width=\"1400\" height=\"793\" alt=\"Hull Grinding grinding pelleting processes\" aria-hidden=\"true\">\n\t<\/picture>\n<\/div>\n    <\/div>\n<\/div>                <\/div>\n            <div class=\"partial-container\">\n                    \n<div class=\"partial -card -process-category\">\n    <div class=\"text\">\n        <h3 class=\"heading\">\n            <a href=\"https:\/\/onecpm.com\/pt_br\/process-category\/pretreatment-refining-oleo\" class=\"link\"><span>Pr\u00e9-tratamento, Refino e \u00d3leo<\/span> <svg xmlns=\"http:\/\/www.w3.org\/2000\/svg\" width=\"26\" height=\"26\" viewbox=\"0 0 26 26\" fill=\"none\" role=\"img\" aria-hidden=\"true\" focusable=\"false\">\n<mask class=\"path-1-inside-1_2439_3058\" fill=\"white\">\n<path fill-rule=\"evenodd\" clip-rule=\"evenodd\" d=\"M16.6399 13.5496L12.7999 16.6855L13.3657 17.2996L18.4499 13.133L13.3565 8.96631L12.8015 9.59381L16.6382 12.7163H6.7832V13.5496H16.6399Z\"\/>\n<\/mask>\n<path fill-rule=\"evenodd\" clip-rule=\"evenodd\" d=\"M16.6399 13.5496L12.7999 16.6855L13.3657 17.2996L18.4499 13.133L13.3565 8.96631L12.8015 9.59381L16.6382 12.7163H6.7832V13.5496H16.6399Z\" fill=\"#CC092F\"\/>\n<path d=\"M16.6399 13.5496L17.2724 14.3242L19.4454 12.5496H16.6399V13.5496ZM12.7999 16.6855L12.1674 15.9109L11.3452 16.5824L12.0644 17.3631L12.7999 16.6855ZM13.3657 17.2996L12.6303 17.9772L13.2697 18.6713L13.9996 18.0731L13.3657 17.2996ZM18.4499 13.133L19.0837 13.9064L20.0283 13.1323L19.0831 12.359L18.4499 13.133ZM13.3565 8.96631L13.9897 8.19231L13.245 7.58305L12.6075 8.3038L13.3565 8.96631ZM12.8015 9.59381L12.0525 8.9313L11.3622 9.71174L12.1703 10.3694L12.8015 9.59381ZM16.6382 12.7163V13.7163H19.4511L17.2694 11.9407L16.6382 12.7163ZM6.7832 12.7163V11.7163H5.7832V12.7163H6.7832ZM6.7832 13.5496H5.7832V14.5496H6.7832V13.5496ZM16.0074 12.7751L12.1674 15.9109L13.4324 17.46L17.2724 14.3242L16.0074 12.7751ZM12.0644 17.3631L12.6303 17.9772L14.1012 16.6221L13.5353 16.0079L12.0644 17.3631ZM13.9996 18.0731L19.0837 13.9064L17.816 12.3595L12.7318 16.5262L13.9996 18.0731ZM19.0831 12.359L13.9897 8.19231L12.7234 9.74031L17.8167 13.907L19.0831 12.359ZM12.6075 8.3038L12.0525 8.9313L13.5506 10.2563L14.1056 9.62882L12.6075 8.3038ZM12.1703 10.3694L16.007 13.4919L17.2694 11.9407L13.4328 8.81821L12.1703 10.3694ZM16.6382 11.7163H6.7832V13.7163H16.6382V11.7163ZM5.7832 12.7163V13.5496H7.7832V12.7163H5.7832ZM6.7832 14.5496H16.6399V12.5496H6.7832V14.5496Z\" fill=\"#CC092F\" mask=\"url(.path-1-inside-1_2439_3058)\"\/>\n<circle cx=\"12.6172\" cy=\"13.1329\" r=\"12\" stroke=\"#CC092F\"\/>\n<\/svg><\/a>\n        <\/h3>\n    <\/div>\n    <div class=\"image\">\n        \n<div class=\"image-auto\" style=\"aspect-ratio: 1400 \/ 793;\">\n\t<picture>\n\t\t<source \n\t\t\tmedia=\"(max-width: 600px)\"\n\t\t\tsrcset=\"https:\/\/img.nmcdn.io\/e1\/w:480,h:272,v:1\/cpm\/wp-content\/uploads\/2024\/08\/processes-liquids-hero.jpg?s=3e9ce1b6\">\n\t\t<img  loading=\"lazy\"src=\"https:\/\/img.nmcdn.io\/e1\/w:600,h:340,v:1\/cpm\/wp-content\/uploads\/2024\/08\/processes-liquids-hero.jpg?s=987f3ba4\" width=\"1400\" height=\"793\" alt=\"processed liquids\" aria-hidden=\"true\">\n\t<\/picture>\n<\/div>\n    <\/div>\n<\/div>                <\/div>\n            <div class=\"partial-container\">\n                    \n<div class=\"partial -card -process-category\">\n    <div class=\"text\">\n        <h3 class=\"heading\">\n            <a href=\"https:\/\/onecpm.com\/pt_br\/process-category\/oilseed-extraction\" class=\"link\"><span>Extra\u00e7\u00e3o de Sementes Oleaginosas<\/span> <svg xmlns=\"http:\/\/www.w3.org\/2000\/svg\" width=\"26\" height=\"26\" viewbox=\"0 0 26 26\" fill=\"none\" role=\"img\" aria-hidden=\"true\" focusable=\"false\">\n<mask class=\"path-1-inside-1_2439_3058\" fill=\"white\">\n<path fill-rule=\"evenodd\" clip-rule=\"evenodd\" d=\"M16.6399 13.5496L12.7999 16.6855L13.3657 17.2996L18.4499 13.133L13.3565 8.96631L12.8015 9.59381L16.6382 12.7163H6.7832V13.5496H16.6399Z\"\/>\n<\/mask>\n<path fill-rule=\"evenodd\" clip-rule=\"evenodd\" d=\"M16.6399 13.5496L12.7999 16.6855L13.3657 17.2996L18.4499 13.133L13.3565 8.96631L12.8015 9.59381L16.6382 12.7163H6.7832V13.5496H16.6399Z\" fill=\"#CC092F\"\/>\n<path d=\"M16.6399 13.5496L17.2724 14.3242L19.4454 12.5496H16.6399V13.5496ZM12.7999 16.6855L12.1674 15.9109L11.3452 16.5824L12.0644 17.3631L12.7999 16.6855ZM13.3657 17.2996L12.6303 17.9772L13.2697 18.6713L13.9996 18.0731L13.3657 17.2996ZM18.4499 13.133L19.0837 13.9064L20.0283 13.1323L19.0831 12.359L18.4499 13.133ZM13.3565 8.96631L13.9897 8.19231L13.245 7.58305L12.6075 8.3038L13.3565 8.96631ZM12.8015 9.59381L12.0525 8.9313L11.3622 9.71174L12.1703 10.3694L12.8015 9.59381ZM16.6382 12.7163V13.7163H19.4511L17.2694 11.9407L16.6382 12.7163ZM6.7832 12.7163V11.7163H5.7832V12.7163H6.7832ZM6.7832 13.5496H5.7832V14.5496H6.7832V13.5496ZM16.0074 12.7751L12.1674 15.9109L13.4324 17.46L17.2724 14.3242L16.0074 12.7751ZM12.0644 17.3631L12.6303 17.9772L14.1012 16.6221L13.5353 16.0079L12.0644 17.3631ZM13.9996 18.0731L19.0837 13.9064L17.816 12.3595L12.7318 16.5262L13.9996 18.0731ZM19.0831 12.359L13.9897 8.19231L12.7234 9.74031L17.8167 13.907L19.0831 12.359ZM12.6075 8.3038L12.0525 8.9313L13.5506 10.2563L14.1056 9.62882L12.6075 8.3038ZM12.1703 10.3694L16.007 13.4919L17.2694 11.9407L13.4328 8.81821L12.1703 10.3694ZM16.6382 11.7163H6.7832V13.7163H16.6382V11.7163ZM5.7832 12.7163V13.5496H7.7832V12.7163H5.7832ZM6.7832 14.5496H16.6399V12.5496H6.7832V14.5496Z\" fill=\"#CC092F\" mask=\"url(.path-1-inside-1_2439_3058)\"\/>\n<circle cx=\"12.6172\" cy=\"13.1329\" r=\"12\" stroke=\"#CC092F\"\/>\n<\/svg><\/a>\n        <\/h3>\n    <\/div>\n    <div class=\"image\">\n        \n<div class=\"image-auto\" style=\"aspect-ratio: 1400 \/ 793;\">\n\t<picture>\n\t\t<source \n\t\t\tmedia=\"(max-width: 600px)\"\n\t\t\tsrcset=\"https:\/\/img.nmcdn.io\/e1\/w:480,h:272,v:1\/cpm\/wp-content\/uploads\/2024\/05\/processes-oilseedextraction-hero.jpg?s=f5028d55\">\n\t\t<img  loading=\"lazy\"src=\"https:\/\/img.nmcdn.io\/e1\/w:600,h:340,v:1\/cpm\/wp-content\/uploads\/2024\/05\/processes-oilseedextraction-hero.jpg?s=75ca4d66\" width=\"1400\" height=\"793\" alt=\"Oilseed Extraction processes\" aria-hidden=\"true\">\n\t<\/picture>\n<\/div>\n    <\/div>\n<\/div>                <\/div>\n            <div class=\"partial-container\">\n                    \n<div class=\"partial -card -process-category\">\n    <div class=\"text\">\n        <h3 class=\"heading\">\n            <a href=\"https:\/\/onecpm.com\/pt_br\/process-category\/oilseed-preparation\" class=\"link\"><span>Prepara\u00e7\u00e3o de Oleaginosas<\/span> <svg xmlns=\"http:\/\/www.w3.org\/2000\/svg\" width=\"26\" height=\"26\" viewbox=\"0 0 26 26\" fill=\"none\" role=\"img\" aria-hidden=\"true\" focusable=\"false\">\n<mask class=\"path-1-inside-1_2439_3058\" fill=\"white\">\n<path fill-rule=\"evenodd\" clip-rule=\"evenodd\" d=\"M16.6399 13.5496L12.7999 16.6855L13.3657 17.2996L18.4499 13.133L13.3565 8.96631L12.8015 9.59381L16.6382 12.7163H6.7832V13.5496H16.6399Z\"\/>\n<\/mask>\n<path fill-rule=\"evenodd\" clip-rule=\"evenodd\" d=\"M16.6399 13.5496L12.7999 16.6855L13.3657 17.2996L18.4499 13.133L13.3565 8.96631L12.8015 9.59381L16.6382 12.7163H6.7832V13.5496H16.6399Z\" fill=\"#CC092F\"\/>\n<path d=\"M16.6399 13.5496L17.2724 14.3242L19.4454 12.5496H16.6399V13.5496ZM12.7999 16.6855L12.1674 15.9109L11.3452 16.5824L12.0644 17.3631L12.7999 16.6855ZM13.3657 17.2996L12.6303 17.9772L13.2697 18.6713L13.9996 18.0731L13.3657 17.2996ZM18.4499 13.133L19.0837 13.9064L20.0283 13.1323L19.0831 12.359L18.4499 13.133ZM13.3565 8.96631L13.9897 8.19231L13.245 7.58305L12.6075 8.3038L13.3565 8.96631ZM12.8015 9.59381L12.0525 8.9313L11.3622 9.71174L12.1703 10.3694L12.8015 9.59381ZM16.6382 12.7163V13.7163H19.4511L17.2694 11.9407L16.6382 12.7163ZM6.7832 12.7163V11.7163H5.7832V12.7163H6.7832ZM6.7832 13.5496H5.7832V14.5496H6.7832V13.5496ZM16.0074 12.7751L12.1674 15.9109L13.4324 17.46L17.2724 14.3242L16.0074 12.7751ZM12.0644 17.3631L12.6303 17.9772L14.1012 16.6221L13.5353 16.0079L12.0644 17.3631ZM13.9996 18.0731L19.0837 13.9064L17.816 12.3595L12.7318 16.5262L13.9996 18.0731ZM19.0831 12.359L13.9897 8.19231L12.7234 9.74031L17.8167 13.907L19.0831 12.359ZM12.6075 8.3038L12.0525 8.9313L13.5506 10.2563L14.1056 9.62882L12.6075 8.3038ZM12.1703 10.3694L16.007 13.4919L17.2694 11.9407L13.4328 8.81821L12.1703 10.3694ZM16.6382 11.7163H6.7832V13.7163H16.6382V11.7163ZM5.7832 12.7163V13.5496H7.7832V12.7163H5.7832ZM6.7832 14.5496H16.6399V12.5496H6.7832V14.5496Z\" fill=\"#CC092F\" mask=\"url(.path-1-inside-1_2439_3058)\"\/>\n<circle cx=\"12.6172\" cy=\"13.1329\" r=\"12\" stroke=\"#CC092F\"\/>\n<\/svg><\/a>\n        <\/h3>\n    <\/div>\n    <div class=\"image\">\n        \n<div class=\"image-auto\" style=\"aspect-ratio: 1400 \/ 793;\">\n\t<picture>\n\t\t<source \n\t\t\tmedia=\"(max-width: 600px)\"\n\t\t\tsrcset=\"https:\/\/img.nmcdn.io\/e1\/w:480,h:272,v:1\/cpm\/wp-content\/uploads\/2024\/08\/processes-oilpreparation-hero.jpg?s=c87cbb6e\">\n\t\t<img  loading=\"lazy\"src=\"https:\/\/img.nmcdn.io\/e1\/w:600,h:340,v:1\/cpm\/wp-content\/uploads\/2024\/08\/processes-oilpreparation-hero.jpg?s=0f270275\" width=\"1400\" height=\"793\" alt=\"oil preparation\" aria-hidden=\"true\">\n\t<\/picture>\n<\/div>\n    <\/div>\n<\/div>                <\/div>\n            <div class=\"partial-container\">\n                    \n<div class=\"partial -card -process-category\">\n    <div class=\"text\">\n        <h3 class=\"heading\">\n            <a href=\"https:\/\/onecpm.com\/pt_br\/process-category\/plant-based-proteins\" class=\"link\"><span>Prote\u00ednas Vegetais<\/span> <svg xmlns=\"http:\/\/www.w3.org\/2000\/svg\" width=\"26\" height=\"26\" viewbox=\"0 0 26 26\" fill=\"none\" role=\"img\" aria-hidden=\"true\" focusable=\"false\">\n<mask class=\"path-1-inside-1_2439_3058\" fill=\"white\">\n<path fill-rule=\"evenodd\" clip-rule=\"evenodd\" d=\"M16.6399 13.5496L12.7999 16.6855L13.3657 17.2996L18.4499 13.133L13.3565 8.96631L12.8015 9.59381L16.6382 12.7163H6.7832V13.5496H16.6399Z\"\/>\n<\/mask>\n<path fill-rule=\"evenodd\" clip-rule=\"evenodd\" d=\"M16.6399 13.5496L12.7999 16.6855L13.3657 17.2996L18.4499 13.133L13.3565 8.96631L12.8015 9.59381L16.6382 12.7163H6.7832V13.5496H16.6399Z\" fill=\"#CC092F\"\/>\n<path d=\"M16.6399 13.5496L17.2724 14.3242L19.4454 12.5496H16.6399V13.5496ZM12.7999 16.6855L12.1674 15.9109L11.3452 16.5824L12.0644 17.3631L12.7999 16.6855ZM13.3657 17.2996L12.6303 17.9772L13.2697 18.6713L13.9996 18.0731L13.3657 17.2996ZM18.4499 13.133L19.0837 13.9064L20.0283 13.1323L19.0831 12.359L18.4499 13.133ZM13.3565 8.96631L13.9897 8.19231L13.245 7.58305L12.6075 8.3038L13.3565 8.96631ZM12.8015 9.59381L12.0525 8.9313L11.3622 9.71174L12.1703 10.3694L12.8015 9.59381ZM16.6382 12.7163V13.7163H19.4511L17.2694 11.9407L16.6382 12.7163ZM6.7832 12.7163V11.7163H5.7832V12.7163H6.7832ZM6.7832 13.5496H5.7832V14.5496H6.7832V13.5496ZM16.0074 12.7751L12.1674 15.9109L13.4324 17.46L17.2724 14.3242L16.0074 12.7751ZM12.0644 17.3631L12.6303 17.9772L14.1012 16.6221L13.5353 16.0079L12.0644 17.3631ZM13.9996 18.0731L19.0837 13.9064L17.816 12.3595L12.7318 16.5262L13.9996 18.0731ZM19.0831 12.359L13.9897 8.19231L12.7234 9.74031L17.8167 13.907L19.0831 12.359ZM12.6075 8.3038L12.0525 8.9313L13.5506 10.2563L14.1056 9.62882L12.6075 8.3038ZM12.1703 10.3694L16.007 13.4919L17.2694 11.9407L13.4328 8.81821L12.1703 10.3694ZM16.6382 11.7163H6.7832V13.7163H16.6382V11.7163ZM5.7832 12.7163V13.5496H7.7832V12.7163H5.7832ZM6.7832 14.5496H16.6399V12.5496H6.7832V14.5496Z\" fill=\"#CC092F\" mask=\"url(.path-1-inside-1_2439_3058)\"\/>\n<circle cx=\"12.6172\" cy=\"13.1329\" r=\"12\" stroke=\"#CC092F\"\/>\n<\/svg><\/a>\n        <\/h3>\n    <\/div>\n    <div class=\"image\">\n        \n<div class=\"image-auto\" style=\"aspect-ratio: 1400 \/ 793;\">\n\t<picture>\n\t\t<source \n\t\t\tmedia=\"(max-width: 600px)\"\n\t\t\tsrcset=\"https:\/\/img.nmcdn.io\/e1\/w:480,h:272,v:1\/cpm\/wp-content\/uploads\/2024\/03\/solutions-plantbasedprotein-stats.jpg?s=5e586533\">\n\t\t<img  loading=\"lazy\"src=\"https:\/\/img.nmcdn.io\/e1\/w:600,h:340,v:1\/cpm\/wp-content\/uploads\/2024\/03\/solutions-plantbasedprotein-stats.jpg?s=83c7917f\" width=\"1400\" height=\"793\" alt=\"\" aria-hidden=\"true\">\n\t<\/picture>\n<\/div>\n    <\/div>\n<\/div>                <\/div>\n    <\/section>\n<\/div>\n\t\t\t<\/div>\n\n\t\t\t\t\n\t<\/div>\n\n\n\n\t\n\n\t\t\t\t\n\t\n<div id=\"block_b901ac5a338b76130889435cdda5924b\" class=\"nmc-block nmc-block--process-listing block-container alignwide\">\n\t\n\t\t\n\t\t\t<div class=\"blockbody\">\n\t\t\t\t\n\n\n\n\n\n\n\n\n\n<div class=\"block-listing\">\n\n\t\n\n\t\t<div class=\"paginated grid-3\">\n\t\t\t<div class=\"partial-container\">\n\t\t\t<div class=\"partial -process -card\">\n\t\t<div class=\"image\">\n\t\t\n<div class=\"image-auto\" style=\"aspect-ratio: 600 \/ 556;\">\n\t<picture>\n\t\t<source \n\t\t\tmedia=\"(max-width: 600px)\"\n\t\t\tsrcset=\"https:\/\/img.nmcdn.io\/e1\/w:480,h:445,v:1\/cpm\/wp-content\/uploads\/2024\/08\/processes-polymers_waxes_fibers.jpg?s=156a9d0a\">\n\t\t<img  loading=\"lazy\"src=\"https:\/\/img.nmcdn.io\/e1\/w:600,h:556,v:1\/cpm\/wp-content\/uploads\/2024\/08\/processes-polymers_waxes_fibers.jpg?s=44c39aac\" width=\"600\" height=\"556\" alt=\"\" aria-hidden=\"true\">\n\t<\/picture>\n<\/div>\n\t<\/div>\n        <div class=\"text\">\n\t\t        <h2 class=\"item-title\">\n\t\t\t<a href=\"https:\/\/onecpm.com\/pt_br\/process\/polymers-waxes-fibers\" class=\"link\">\n                Pol\u00edmeros \/ Ceras \/ Fibras\n            <\/a>\n        <\/h2>\n\t\t\t\t\n        <p class=\"is-style-eyebrow-heading\">Processo<\/p>\n\n\t\t<div class=\"excerpt\"><\/div>\n    <\/div>\n<\/div>\t\t<\/div>\n\t\t\t<div class=\"partial-container\">\n\t\t\t<div class=\"partial -process -card\">\n\t\t<div class=\"image\">\n\t\t\n<div class=\"image-auto\" style=\"aspect-ratio: 600 \/ 556;\">\n\t<picture>\n\t\t<source \n\t\t\tmedia=\"(max-width: 600px)\"\n\t\t\tsrcset=\"https:\/\/img.nmcdn.io\/e1\/w:480,h:445,v:1\/cpm\/wp-content\/uploads\/2024\/08\/processes-nutraceuticals.jpg?s=91b064a7\">\n\t\t<img  loading=\"lazy\"src=\"https:\/\/img.nmcdn.io\/e1\/w:600,h:556,v:1\/cpm\/wp-content\/uploads\/2024\/08\/processes-nutraceuticals.jpg?s=4145b73b\" width=\"600\" height=\"556\" alt=\"\" aria-hidden=\"true\">\n\t<\/picture>\n<\/div>\n\t<\/div>\n        <div class=\"text\">\n\t\t        <h2 class=\"item-title\">\n\t\t\t<a href=\"https:\/\/onecpm.com\/pt_br\/process\/nutraceuticals\" class=\"link\">\n                Nutrac\u00eauticos e Farmac\u00eauticos\n            <\/a>\n        <\/h2>\n\t\t\t\t\n        <p class=\"is-style-eyebrow-heading\">Processo<\/p>\n\n\t\t<div class=\"excerpt\"><\/div>\n    <\/div>\n<\/div>\t\t<\/div>\n\t\t\t<div class=\"partial-container\">\n\t\t\t<div class=\"partial -process -card\">\n\t\t<div class=\"image\">\n\t\t\n<div class=\"image-auto\" style=\"aspect-ratio: 600 \/ 556;\">\n\t<picture>\n\t\t<source \n\t\t\tmedia=\"(max-width: 600px)\"\n\t\t\tsrcset=\"https:\/\/img.nmcdn.io\/e1\/w:480,h:445,v:1\/cpm\/wp-content\/uploads\/2024\/08\/processes-foodproducts.jpg?s=40f15d21\">\n\t\t<img  loading=\"lazy\"src=\"https:\/\/img.nmcdn.io\/e1\/w:600,h:556,v:1\/cpm\/wp-content\/uploads\/2024\/08\/processes-foodproducts.jpg?s=e77e0b0a\" width=\"600\" height=\"556\" alt=\"\" aria-hidden=\"true\">\n\t<\/picture>\n<\/div>\n\t<\/div>\n        <div class=\"text\">\n\t\t        <h2 class=\"item-title\">\n\t\t\t<a href=\"https:\/\/onecpm.com\/pt_br\/process\/food-products\" class=\"link\">\n                Produtos Alimentares\n            <\/a>\n        <\/h2>\n\t\t\t\t\n        <p class=\"is-style-eyebrow-heading\">Processo<\/p>\n\n\t\t<div class=\"excerpt\"><\/div>\n    <\/div>\n<\/div>\t\t<\/div>\n\t\t\t<div class=\"partial-container\">\n\t\t\t<div class=\"partial -process -card\">\n\t\t<div class=\"image\">\n\t\t\n<div class=\"image-auto\" style=\"aspect-ratio: 600 \/ 556;\">\n\t<picture>\n\t\t<source \n\t\t\tmedia=\"(max-width: 600px)\"\n\t\t\tsrcset=\"https:\/\/img.nmcdn.io\/e1\/w:480,h:445,v:1\/cpm\/wp-content\/uploads\/2024\/08\/processes-specialtychemicals.jpg?s=4c94d0a5\">\n\t\t<img  loading=\"lazy\"src=\"https:\/\/img.nmcdn.io\/e1\/w:600,h:556,v:1\/cpm\/wp-content\/uploads\/2024\/08\/processes-specialtychemicals.jpg?s=dd9fe959\" width=\"600\" height=\"556\" alt=\"\" aria-hidden=\"true\">\n\t<\/picture>\n<\/div>\n\t<\/div>\n        <div class=\"text\">\n\t\t        <h2 class=\"item-title\">\n\t\t\t<a href=\"https:\/\/onecpm.com\/pt_br\/process\/specialty-chemicals\" class=\"link\">\n                Produtos qu\u00edmicos especiais\n            <\/a>\n        <\/h2>\n\t\t\t\t\n        <p class=\"is-style-eyebrow-heading\">Processo<\/p>\n\n\t\t<div class=\"excerpt\"><\/div>\n    <\/div>\n<\/div>\t\t<\/div>\n\t\t\t<div class=\"partial-container\">\n\t\t\t<div class=\"partial -process -card\">\n\t\t<div class=\"image\">\n\t\t\n<div class=\"image-auto\" style=\"aspect-ratio: 600 \/ 556;\">\n\t<picture>\n\t\t<source \n\t\t\tmedia=\"(max-width: 600px)\"\n\t\t\tsrcset=\"https:\/\/img.nmcdn.io\/e1\/w:480,h:445,v:1\/cpm\/wp-content\/uploads\/2024\/08\/processes-hemp_cbd.jpg?s=3ef3ad30\">\n\t\t<img  loading=\"lazy\"src=\"https:\/\/img.nmcdn.io\/e1\/w:600,h:556,v:1\/cpm\/wp-content\/uploads\/2024\/08\/processes-hemp_cbd.jpg?s=9cf83ce4\" width=\"600\" height=\"556\" alt=\"\" aria-hidden=\"true\">\n\t<\/picture>\n<\/div>\n\t<\/div>\n        <div class=\"text\">\n\t\t        <h2 class=\"item-title\">\n\t\t\t<a href=\"https:\/\/onecpm.com\/pt_br\/process\/hemp-cbd\" class=\"link\">\n                C\u00e2nhamo\/CBD\n            <\/a>\n        <\/h2>\n\t\t\t\t\n        <p class=\"is-style-eyebrow-heading\">Processo<\/p>\n\n\t\t<div class=\"excerpt\"><\/div>\n    <\/div>\n<\/div>\t\t<\/div>\n\t\t\t<div class=\"partial-container\">\n\t\t\t<div class=\"partial -process -card\">\n\t\t<div class=\"image\">\n\t\t\n<div class=\"image-auto\" style=\"aspect-ratio: 600 \/ 556;\">\n\t<picture>\n\t\t<source \n\t\t\tmedia=\"(max-width: 600px)\"\n\t\t\tsrcset=\"https:\/\/img.nmcdn.io\/e1\/w:480,h:445,v:1\/cpm\/wp-content\/uploads\/2024\/08\/processes-whiteflakes.jpg?s=03ec0e9a\">\n\t\t<img  loading=\"lazy\"src=\"https:\/\/img.nmcdn.io\/e1\/w:600,h:556,v:1\/cpm\/wp-content\/uploads\/2024\/08\/processes-whiteflakes.jpg?s=4d6b14fe\" width=\"600\" height=\"556\" alt=\"\" aria-hidden=\"true\">\n\t<\/picture>\n<\/div>\n\t<\/div>\n        <div class=\"text\">\n\t\t        <h2 class=\"item-title\">\n\t\t\t<a href=\"https:\/\/onecpm.com\/pt_br\/process\/white-flakes\" class=\"link\">\n                Flocos Brancos\n            <\/a>\n        <\/h2>\n\t\t\t\t\n        <p class=\"is-style-eyebrow-heading\">Processo<\/p>\n\n\t\t<div class=\"excerpt\"><\/div>\n    <\/div>\n<\/div>\t\t<\/div>\n\t\t<\/div>\n\n\t\n\t\t\t\t\t<nav class=\"pagination load-more\" role=\"navigation\" aria-label=\"Navega\u00e7\u00e3o de pagina\u00e7\u00e3o\">\n\t\t\t\t\t\t\t\t\t\t<link rel=\"prefetch\" href=\"https:\/\/\/onecpm.com\/pt_br\/wp-json\/wp\/v2\/pages\/5202?pg=2\">\n\t\t\t\t<a href=\"https:\/\/\/onecpm.com\/pt_br\/wp-json\/wp\/v2\/pages\/5202?pg=2\" class=\"loadmore btn\" aria-label=\"Carregar pr\u00f3xima p\u00e1gina\">Carregue mais<\/a>\n\t\t\t\t\t<\/nav>\n\t\n<\/div>\n\t\t\t<\/div>\n\n\t\t\t\t\n\t<\/div>\n\n\n\n\t\n\n\t\t\t\t\t\t\t\n\t\n<div id=\"block_3d08e0a626cd1be24eebed1ce008e08d\" class=\"nmc-block nmc-block--cta block-container alignfull -fullWidth\">\n\t\n\t\t\n\t\t\t<div class=\"blockbody\">\n\t\t\t\t<div class=\"bound boundfull\">\n\t<div class=\"cta-wrap -mode-dark\">\n\t\t<div class=\"cta-background\">\n\t\t\t<div class=\"image\">\n\t\t\t\t\t\t\t\t\n<picture>\n\t<source srcset=\"https:\/\/img.nmcdn.io\/e1\/w:900,h:750,v:1\/cpm\/wp-content\/uploads\/2024\/06\/equipment-gtab1.jpg?s=f8247805\" width=\"900\" height=\"750\" media=\"(max-width: 900px)\" type=\"image\/webp\">\n\t<source srcset=\"https:\/\/img.nmcdn.io\/e1\/w:900,h:750,v:1\/cpm\/wp-content\/uploads\/2024\/06\/equipment-gtab1.jpg?s=f8247805\" width=\"900\" height=\"750\" media=\"(max-width: 900px)\">\n\t<source srcset=\"https:\/\/img.nmcdn.io\/e1\/w:1440,h:725,v:1\/cpm\/wp-content\/uploads\/2024\/06\/equipment-gtab1.jpg?s=27df378b\" type=\"image\/webp\">\n\t<img loading=\"lazy\" decoding=\"async\" src=\"https:\/\/img.nmcdn.io\/e1\/w:1440,h:725,v:1\/cpm\/wp-content\/uploads\/2024\/06\/equipment-gtab1.jpg?s=27df378b\" width=\"1440\" height=\"725\" alt=\"Equipment with technician\">\n<\/picture>\n\t\t\t<\/div>\n\t\t<\/div>\n\t\t<div class=\"cta-content\">\n\t\t\t<div class=\"content\">\n\t\t\t\t                                                                                                                                                                                                            <h2 class=\"block-title\">N\u00e3o v\u00e1 sozinho. <strong>Coloque-nos para trabalhar para voc\u00ea.<\/strong><\/h2>\t\t\t\t\t\t\t\t\t<div class=\"text\">Saiba como ajudamos a aumentar a produtividade, obter economia de custos e fornecer solu\u00e7\u00f5es para os nossos clientes.<\/div>\n\t\t\t\t\t\t\t\t\n\t\t\t\t\t\t\t\t\t<div class=\"buttons\">\n\t\t\t\t\t\t\t\t\t\t\t\t\t<a href=\"https:\/\/onecpm.com\/pt_br\/about-cpm\/contact-us\/\" target=\"\" class=\"btn -non-btn\">Vamos conversar <svg xmlns=\"http:\/\/www.w3.org\/2000\/svg\" width=\"17\" height=\"12\" viewbox=\"0 0 17 12\" fill=\"none\" role=\"img\" aria-hidden=\"true\" focusable=\"false\"><title>arrow<\/title>\n<path fill-rule=\"evenodd\" clip-rule=\"evenodd\" d=\"M13.9176 6.28571L8.65133 10.5863L9.42733 11.4286L16.3999 5.71429L9.41476 0L8.65362 0.860571L13.9153 5.14286L0.399902 5.14286L0.399902 6.28571L13.9176 6.28571Z\" fill=\"white\"\/>\n<\/svg><\/a>\n\t\t\t\t\t\t\t\t\t\t\t<\/div>\n\t\t\t\t\t\t\t\t\n\t\t\t<\/div>\n\t\t<\/div>\n\t<\/div>\n<\/div>\n\t\t\t<\/div>\n\n\t\t\t\t\n\t<\/div>","protected":false},"excerpt":{"rendered":"","protected":false},"author":1,"featured_media":0,"parent":0,"menu_order":0,"comment_status":"closed","ping_status":"closed","template":"","meta":{"_acf_changed":false,"footnotes":""},"class_list":["post-5202","page","type-page","status-publish","hentry"],"acf":[],"_links":{"self":[{"href":"https:\/\/onecpm.com\/pt_br\/wp-json\/wp\/v2\/pages\/5202","targetHints":{"allow":["GET"]}}],"collection":[{"href":"https:\/\/onecpm.com\/pt_br\/wp-json\/wp\/v2\/pages"}],"about":[{"href":"https:\/\/onecpm.com\/pt_br\/wp-json\/wp\/v2\/types\/page"}],"author":[{"embeddable":true,"href":"https:\/\/onecpm.com\/pt_br\/wp-json\/wp\/v2\/users\/1"}],"replies":[{"embeddable":true,"href":"https:\/\/onecpm.com\/pt_br\/wp-json\/wp\/v2\/comments?post=5202"}],"version-history":[{"count":10,"href":"https:\/\/onecpm.com\/pt_br\/wp-json\/wp\/v2\/pages\/5202\/revisions"}],"predecessor-version":[{"id":10983,"href":"https:\/\/onecpm.com\/pt_br\/wp-json\/wp\/v2\/pages\/5202\/revisions\/10983"}],"wp:attachment":[{"href":"https:\/\/onecpm.com\/pt_br\/wp-json\/wp\/v2\/media?parent=5202"}],"curies":[{"name":"wp","href":"https:\/\/api.w.org\/{rel}","templated":true}]}}