{"id":7276,"date":"2024-07-24T19:58:28","date_gmt":"2024-07-24T19:58:28","guid":{"rendered":"https:\/\/cpm.epicenter1.com\/safety-by-design\/cpm-photo-contest-privacy-notice"},"modified":"2024-07-24T20:03:07","modified_gmt":"2024-07-24T20:03:07","slug":"cpm-photo-contest-privacy-notice","status":"publish","type":"page","link":"https:\/\/onecpm.com\/pt_br\/safety-by-design\/cpm-photo-contest-privacy-notice","title":{"rendered":"Aviso de Privacidade do Concurso de Fotografia CPM"},"content":{"rendered":"<p class=\"is-style-eyebrow-heading\"><strong>ANEXO I<\/strong><\/p>\n\n\n\n<p class=\"is-style-small-heading\"><strong>AVISO DE PRIVACIDADE DO CONCURSO DE FOTOS DA CPM HOLDINGS, INC.<\/strong><\/p>\n\n\n\n<p><\/p>\n\n\n\n<p class=\"is-style-heading-6\"><strong>1. Introdu\u00e7\u00e3o<\/strong><\/p>\n\n\n\n<p>Este Aviso de Privacidade do Concurso de Fotografia (\u201c<strong>Perceber<\/strong>\u201d) descreve as etapas que&nbsp;<strong>CPM Holdings, Inc.&nbsp;<\/strong>(\u201c<strong>Empresa<\/strong>\u201d, \u201c<strong>n\u00f3s<\/strong>&quot; ou &quot;<strong>n\u00f3s<\/strong>\u201d), parte do grupo de empresas CPM (\u201c<strong>CPM<\/strong>&nbsp;<strong>Grupo<\/strong>\u201d, \u201c<strong>n\u00f3s<\/strong>&quot; ou &quot;<strong>n\u00f3s<\/strong>\u201d), toma para proteger os Dados Pessoais que Processamos sobre nossos Funcion\u00e1rios em rela\u00e7\u00e3o ao Concurso de Fotografia CPM (\u201c<strong>Concurso de Fotografia<\/strong>\u201d). Em conex\u00e3o com seu envolvimento com o Concurso de Fotografia, seja como fot\u00f3grafo ou sujeito de uma fotografia enviada como parte do Concurso de Fotografia, coletamos, armazenamos, usamos e de outra forma Processamos Dados Pessoais sobre voc\u00ea para v\u00e1rios prop\u00f3sitos de marketing definidos abaixo. A Empresa est\u00e1 comprometida em proteger os Dados Pessoais que Processamos sobre voc\u00ea de acordo com os princ\u00edpios de prote\u00e7\u00e3o de dados definidos no Regulamento Geral de Prote\u00e7\u00e3o de Dados da Uni\u00e3o Europeia (\u201c<strong>RGPD<\/strong>\u201d).&nbsp;<\/p>\n\n\n\n<p>Este Aviso se aplica somente a todos os Dados Pessoais do Concurso de Fotos e n\u00e3o altera nem substitui o Aviso de Privacidade do Funcion\u00e1rio CPM.<\/p>\n\n\n\n<p>Este Aviso pode ser alterado de tempos em tempos. N\u00f3s o informaremos sobre as altera\u00e7\u00f5es dentro de um per\u00edodo razo\u00e1vel de tempo antes da data efetiva da altera\u00e7\u00e3o.<\/p>\n\n\n\n<p>Os termos em mai\u00fasculas usados neste Aviso s\u00e3o definidos na Se\u00e7\u00e3o 9 deste Aviso.<\/p>\n\n\n\n<p class=\"is-style-heading-6\"><strong>2. Identidade do Controlador de Dados e do Encarregado da Privacidade<\/strong><\/p>\n\n\n\n<p>A Empresa \u00e9 respons\u00e1vel pelo Processamento de seus Dados Pessoais e \u00e9 a Controladora de Dados. Al\u00e9m disso, a Empresa nomeou um Diretor de Privacidade, que pode ser contatado usando os seguintes detalhes de contato:\u00a0<\/p>\n\n\n\n<figure class=\"wp-block-table is-style-stripes\"><table><thead><tr><th><strong>Nome<\/strong><\/th><th><strong>N\u00famero de telefone<\/strong><\/th><\/tr><\/thead><tbody><tr><td>Sean M. Callison<\/td><td>319-493-3906<\/td><\/tr><\/tbody><\/table><\/figure>\n\n\n\n<p class=\"is-style-heading-6\"><strong>3. Finalidades e fundamentos legais para o Tratamento de Dados Pessoais<\/strong><\/p>\n\n\n\n<p>A Empresa conta com&nbsp;<strong>seu consentimento<\/strong>&nbsp;para processar seus Dados Pessoais enviados em conex\u00e3o com o Concurso de Fotografia e para os seguintes prop\u00f3sitos:<\/p>\n\n\n\n<ul class=\"wp-block-list\">\n<li>para inclus\u00e3o em todas e quaisquer publica\u00e7\u00f5es da Empresa, incluindo publica\u00e7\u00f5es baseadas na web para promover a Empresa;<\/li>\n\n\n\n<li>para uso em campanhas publicit\u00e1rias gerais da empresa e de produtos espec\u00edficos; e<\/li>\n\n\n\n<li>para uso em escrit\u00f3rios e outros espa\u00e7os de trabalho.<\/li>\n\n\n\n<li>Todas as finalidades listadas acima podem ser realizadas em qualquer uma das jurisdi\u00e7\u00f5es nas quais nossa Empresa opera globalmente.<\/li>\n<\/ul>\n\n\n\n<p class=\"is-style-heading-6\"><strong>4. Categorias e fontes de dados pessoais que processamos<\/strong><\/p>\n\n\n\n<p>A Empresa processar\u00e1 as seguintes categorias de Dados Pessoais para essas finalidades:<\/p>\n\n\n\n<ul class=\"wp-block-list\">\n<li>Nome<\/li>\n\n\n\n<li>Detalhes de contato do trabalho<\/li>\n\n\n\n<li>Endere\u00e7o de e-mail pessoal ou outros detalhes de contato n\u00e3o relacionados ao trabalho para manter contato al\u00e9m do per\u00edodo de seu emprego na Empresa<\/li>\n\n\n\n<li>Imagem\u00a0<\/li>\n\n\n\n<li>Cargo<\/li>\n\n\n\n<li>Localiza\u00e7\u00e3o do local de trabalho\u00a0\u00a0\u00a0<\/li>\n<\/ul>\n\n\n\n<p>N\u00e3o processaremos nenhuma categoria especial de dados pessoais em rela\u00e7\u00e3o ao Concurso de Fotografia, por exemplo, dados pessoais relacionados \u00e0 sua sa\u00fade, vida sexual ou orienta\u00e7\u00e3o sexual.<\/p>\n\n\n\n<p>A maioria dos Dados Pessoais que Processamos n\u00f3s adquirimos de voc\u00ea diretamente. Outros Dados Pessoais podem ser fornecidos por<em>:<\/em>&nbsp;seus gerentes, RH, um funcion\u00e1rio que tira sua fotografia ou outros.<\/p>\n\n\n\n<p class=\"is-style-heading-6\"><strong>5. Seus direitos<\/strong><\/p>\n\n\n\n<p>O GDPR fornece a voc\u00ea certos direitos em rela\u00e7\u00e3o ao Processamento de seus Dados Pessoais, incluindo:<\/p>\n\n\n\n<ul class=\"wp-block-list\">\n<li><strong>Solicita\u00e7\u00e3o de acesso aos seus Dados Pessoais\u00a0<\/strong>(comumente conhecido como \u201c<strong>solicita\u00e7\u00e3o de acesso do titular dos dados<\/strong>\u201d). Isso permite que voc\u00ea receba uma c\u00f3pia dos Dados Pessoais que mantemos sobre voc\u00ea e verifique se estamos processando-os legalmente.<\/li>\n\n\n\n<li><strong>Solicita\u00e7\u00e3o de retifica\u00e7\u00e3o, corre\u00e7\u00e3o ou atualiza\u00e7\u00e3o dos seus Dados Pessoais<\/strong>. Isso permite que voc\u00ea retifique ou atualize qualquer informa\u00e7\u00e3o incompleta ou imprecisa que temos sobre voc\u00ea.<\/li>\n\n\n\n<li><strong>Solicita\u00e7\u00e3o de portabilidade de dados (que seus Dados Pessoais sejam fornecidos a voc\u00ea em um formato leg\u00edvel por m\u00e1quina)<\/strong>\u00a0na medida em que este direito seja relevante no contexto do emprego.<\/li>\n\n\n\n<li><strong>Solicita\u00e7\u00e3o para apagar (qualquer parte) dos seus Dados Pessoais<\/strong>. Isso permite que voc\u00ea nos pe\u00e7a para excluir ou remover Dados Pessoais quando n\u00e3o houver um bom motivo para continuarmos a Process\u00e1-los. Voc\u00ea tamb\u00e9m tem o direito de nos pedir para excluir ou remover Dados Pessoais quando tiver exercido seu direito de se opor ao Processamento (veja abaixo).<\/li>\n\n\n\n<li><strong>Pedido de restri\u00e7\u00e3o do Tratamento dos seus Dados Pessoais<\/strong>. Isso permite que voc\u00ea nos pe\u00e7a para suspender o Processamento de Dados Pessoais sobre voc\u00ea (por exemplo, se voc\u00ea quiser que estabele\u00e7amos sua precis\u00e3o ou o motivo do Processamento).<\/li>\n\n\n\n<li><strong>Objetar ao Processamento dos seus Dados Pessoais em determinadas circunst\u00e2ncias.<\/strong>\u00a0Este direito pode ser aplicado quando o Processamento dos seus Dados Pessoais for baseado nos interesses leg\u00edtimos da Empresa ou quando as decis\u00f5es sobre voc\u00ea forem baseadas exclusivamente no processamento automatizado, incluindo a cria\u00e7\u00e3o de perfil.\u00a0<\/li>\n\n\n\n<li><strong>Retirar seu consentimento para o processamento de seus dados pessoais<\/strong>. Estamos contando com seu consentimento para Processar seus Dados Pessoais em conex\u00e3o com este Concurso de Fotos. Voc\u00ea tem o direito de retirar seu consentimento a qualquer momento, momento em que n\u00e3o poderemos mais Processar seus Dados Pessoais e precisaremos remover quaisquer fotografias suas que foram enviadas como parte do Concurso de Fotos e que estamos usando para os prop\u00f3sitos definidos acima.<\/li>\n<\/ul>\n\n\n\n<p>Informamos que o Processamento dos seus Dados Pessoais n\u00e3o est\u00e1 sendo aplicado para tomada de decis\u00e3o automatizada (incluindo cria\u00e7\u00e3o de perfil).&nbsp;&nbsp;<\/p>\n\n\n\n<p>Observe tamb\u00e9m que n\u00e3o \u00e9 uma obriga\u00e7\u00e3o estatut\u00e1ria ou contratual fornecer seus Dados Pessoais ou uma condi\u00e7\u00e3o para entrar em um acordo com voc\u00ea. No entanto, se voc\u00ea deseja participar do Concurso de Fotografia, h\u00e1 certas informa\u00e7\u00f5es limitadas que voc\u00ea precisar\u00e1 nos fornecer.<\/p>\n\n\n\n<p>Caso deseje exercer os direitos garantidos pelo GDPR, entre em contato com o Departamento Jur\u00eddico.<\/p>\n\n\n\n<p>Voc\u00ea tamb\u00e9m tem o direito de registrar uma reclama\u00e7\u00e3o junto \u00e0 Autoridade Supervisora de prote\u00e7\u00e3o de dados competente, caso n\u00e3o esteja satisfeito com a forma como a Empresa Processa seus Dados Pessoais e n\u00e3o possamos fornecer uma resolu\u00e7\u00e3o satisfat\u00f3ria para sua solicita\u00e7\u00e3o.<\/p>\n\n\n\n<p class=\"is-style-heading-6\"><strong>6. Compartilhamento de dados e transfer\u00eancias internacionais de dados: intragrupo e terceiros<\/strong><\/p>\n\n\n\n<p>a) Transfer\u00eancias Internacionais de Dados<\/p>\n\n\n\n<p>Quando transferimos suas informa\u00e7\u00f5es pessoais para uma empresa do Grupo CPM em um pa\u00eds fora da \u00c1rea Econ\u00f4mica Europeia que n\u00e3o \u00e9 considerado pela Comiss\u00e3o Europeia como fornecendo um n\u00edvel adequado de prote\u00e7\u00e3o aos seus dados pessoais, transferiremos seus dados pessoais somente no caso de haver salvaguardas apropriadas para proteger seus Dados Pessoais. As transfer\u00eancias internacionais dentro do grupo corporativo s\u00e3o regidas pelas Cl\u00e1usulas Contratuais Padr\u00e3o aprovadas pela Comiss\u00e3o da UE para Controladores e, quando relevante, para Processadores.<\/p>\n\n\n\n<p>Voc\u00ea pode solicitar uma c\u00f3pia das Cl\u00e1usulas Contratuais Padr\u00e3o ao seu Departamento Jur\u00eddico.<\/p>\n\n\n\n<p>b) Fornecedores Terceiros&nbsp;<\/p>\n\n\n\n<p>A Empresa compartilha Dados Pessoais com terceiros externos, entre os quais est\u00e3o ag\u00eancias externas de marketing e publicidade e servi\u00e7os de gerenciamento de web que contratamos para executar servi\u00e7os ou fun\u00e7\u00f5es em nosso nome e sob nossas instru\u00e7\u00f5es. Quando esses terceiros estiverem localizados na UE, o Processamento de seus dados estar\u00e1 sujeito aos requisitos do GDPR. A Empresa tamb\u00e9m garantir\u00e1 que seus contratos com essas partes garantam que eles somente Processem Dados Pessoais de acordo com nossas instru\u00e7\u00f5es e para fornecer os servi\u00e7os acordados e proteger a integridade e a confidencialidade dos Dados Pessoais confiados a eles, em linha com os requisitos do GDPR.<\/p>\n\n\n\n<p>Alguns dos terceiros que contratamos para Processar Dados Pessoais do Concurso de Fotografia est\u00e3o localizados fora da \u00c1rea Econ\u00f4mica Europeia. Quando transferimos suas informa\u00e7\u00f5es pessoais para um terceiro em um pa\u00eds fora da \u00c1rea Econ\u00f4mica Europeia que n\u00e3o \u00e9 considerado pela Comiss\u00e3o Europeia como fornecendo um n\u00edvel adequado de prote\u00e7\u00e3o aos seus dados pessoais, n\u00f3s somente transferiremos seus dados pessoais ap\u00f3s termos executado Cl\u00e1usulas Contratuais Padr\u00e3o que fornecem salvaguardas apropriadas ou adequadas.<\/p>\n\n\n\n<p class=\"is-style-heading-6\"><strong>7. Reten\u00e7\u00e3o de Dados Pessoais<\/strong><\/p>\n\n\n\n<p>A Empresa manter\u00e1 e processar\u00e1 seus Dados Pessoais somente pelo tempo necess\u00e1rio para os prop\u00f3sitos para os quais foram coletados em conex\u00e3o com seu emprego na Empresa, a menos que a Empresa tenha o direito ou a obriga\u00e7\u00e3o legal de reter os dados por um per\u00edodo mais longo, ou os dados sejam necess\u00e1rios para o estabelecimento, exerc\u00edcio ou defesa de reivindica\u00e7\u00f5es legais.&nbsp;<\/p>\n\n\n\n<p class=\"is-style-heading-6\"><strong>8. Informa\u00e7\u00f5es de contato<\/strong><\/p>\n\n\n\n<p>Caso tenha alguma d\u00favida sobre este Aviso, entre em contato com o Departamento Jur\u00eddico.<\/p>\n\n\n\n<p class=\"is-style-heading-6\"><strong>9. Defini\u00e7\u00f5es<\/strong><\/p>\n\n\n\n<p>Os seguintes termos usados neste Aviso s\u00e3o definidos da seguinte forma:<\/p>\n\n\n\n<p>\u201c<strong>CPM Holdings, Inc.<\/strong>&quot; \u00e9 uma corpora\u00e7\u00e3o de Delaware.&nbsp;<\/p>\n\n\n\n<p>\u201c<strong>Grupo CPM<\/strong>\u201d \u00e9 o grupo de empresas direta ou indiretamente detidas e\/ou controladas pela CPM Holdings, Inc., uma empresa com sede em 9879 Naples St NE. Blaine, MN 55449 EUA.<\/p>\n\n\n\n<p>\u201c<strong>Controlador de Dados<\/strong>&quot; significa a pessoa f\u00edsica ou jur\u00eddica, autoridade p\u00fablica, ag\u00eancia ou qualquer outro organismo que, sozinho ou em conjunto com outros, determina as finalidades e os meios do Processamento de Dados Pessoais; quando as finalidades e os meios do Processamento s\u00e3o determinados por leis ou regulamentos nacionais ou da UE, o controlador ou os crit\u00e9rios espec\u00edficos para sua nomea\u00e7\u00e3o podem ser designados pela legisla\u00e7\u00e3o nacional ou da UE.<\/p>\n\n\n\n<p>\u201c<strong>Processador de dados<\/strong>&quot; significa uma pessoa f\u00edsica ou jur\u00eddica, autoridade p\u00fablica, ag\u00eancia ou qualquer outro organismo que processe Dados Pessoais em nome do Controlador de Dados.<\/p>\n\n\n\n<p>\u201c<strong>Funcion\u00e1rios<\/strong>&quot; significa funcion\u00e1rios tempor\u00e1rios, contratados em per\u00edodo integral e meio per\u00edodo, estagi\u00e1rios, trabalhadores tempor\u00e1rios, aposentados e ex-funcion\u00e1rios.<\/p>\n\n\n\n<p>\u201c<strong>Concurso de Fotografia CPM<\/strong>&quot; ou &quot;<strong>Concurso de Fotografia<\/strong>&quot; significa o concurso de fotografia realizado pelo departamento de marketing da Empresa, como parte do qual os Funcion\u00e1rios enviam fotografias de si mesmos ou de outros Funcion\u00e1rios, com as melhores fotografias ganhando pr\u00eamios e algumas das fotografias sendo usadas para fins de marketing.&nbsp;<\/p>\n\n\n\n<p>\u201c<strong>Espa\u00e7o Econ\u00f3mico Europeu<\/strong>&quot; ou &quot;<strong>EEE<\/strong>&quot; significa os Estados-Membros da Uni\u00e3o Europeia, mais a Noruega, a Isl\u00e2ndia e o Liechtenstein.&nbsp;&nbsp;<\/p>\n\n\n\n<p>\u201c<strong>RGPD<\/strong>&quot; significa o Regulamento Geral de Prote\u00e7\u00e3o de Dados da UE 2016\/679, incluindo leis nacionais que implementam ou complementam o GDPR.<\/p>\n\n\n\n<p>\u201c<strong>Dados pessoais<\/strong>&quot; significa qualquer informa\u00e7\u00e3o relativa a uma pessoa f\u00edsica identificada ou identific\u00e1vel (tamb\u00e9m referida como &#039;Titular dos Dados&#039;); uma pessoa identific\u00e1vel \u00e9 aquela que pode ser identificada, direta ou indiretamente, em particular por refer\u00eancia a um identificador, como um nome, um n\u00famero de identifica\u00e7\u00e3o, dados de localiza\u00e7\u00e3o, um identificador on-line ou a um ou mais fatores espec\u00edficos da identidade f\u00edsica, fisiol\u00f3gica, gen\u00e9tica, mental, econ\u00f4mica, cultural ou social dessa pessoa f\u00edsica.<\/p>\n\n\n\n<p>\u201c<strong>Concurso de Fotografia Dados Pessoais<\/strong>&quot; significa quaisquer Dados Pessoais relacionados aos Funcion\u00e1rios enviados como parte do Concurso de Fotografia.&nbsp;<\/p>\n\n\n\n<p>\u201c<strong>Processo<\/strong>&quot; ou &quot;<strong>Processamento<\/strong>&quot; significa qualquer opera\u00e7\u00e3o ou conjunto de opera\u00e7\u00f5es realizadas em Dados Pessoais ou em conjuntos de Dados Pessoais, seja ou n\u00e3o por meios automatizados, como coleta, registro, organiza\u00e7\u00e3o, estrutura\u00e7\u00e3o, armazenamento, adapta\u00e7\u00e3o ou altera\u00e7\u00e3o, recupera\u00e7\u00e3o, consulta, uso, divulga\u00e7\u00e3o por transmiss\u00e3o, dissemina\u00e7\u00e3o ou outra forma de disponibiliza\u00e7\u00e3o, alinhamento ou combina\u00e7\u00e3o, restri\u00e7\u00e3o, apagamento ou destrui\u00e7\u00e3o.&nbsp;&nbsp;<\/p>\n\n\n\n<p>\u201c<strong>Respons\u00e1vel pela Privacidade<\/strong>\u201d significa a pessoa que supervisiona a aplica\u00e7\u00e3o e conformidade com o GDPR. O Privacy Officer n\u00e3o \u00e9 um Data Protection Officer dentro do significado do GDPR.<\/p>\n\n\n\n<p>\u201c<strong>Categorias especiais de dados pessoais<\/strong>&quot; s\u00e3o Dados Pessoais que revelem origem racial ou \u00e9tnica, opini\u00f5es pol\u00edticas, cren\u00e7as religiosas ou filos\u00f3ficas, ou filia\u00e7\u00e3o sindical, e o processamento de dados gen\u00e9ticos, dados biom\u00e9tricos para fins de identifica\u00e7\u00e3o de um indiv\u00edduo, dados relativos \u00e0 sa\u00fade ou dados relativos \u00e0 vida sexual ou orienta\u00e7\u00e3o sexual de uma pessoa f\u00edsica.&nbsp;&nbsp;<\/p>\n\n\n\n<p>\u201c<strong>Autoridade Supervisora<\/strong>\u201c significa uma autoridade p\u00fablica independente estabelecida por um Estado-Membro nos termos do artigo 51.\u00ba do RGPD (sendo nos Pa\u00edses Baixos o \u201c<em>Autoridade<\/em>&nbsp;<em>Pessoas representadas<\/em>\u201d).<\/p>","protected":false},"excerpt":{"rendered":"<p>ANNEX I CPM HOLDINGS, INC. PHOTO CONTEST PRIVACY NOTICE 1. Introduction This Photo Contest Privacy Notice (\u201cNotice\u201d) describes the steps that&nbsp;CPM Holdings, Inc.&nbsp;(\u201cCompany\u201d, \u201cwe\u201d or \u201cus\u201d), part of the CPM group of companies&nbsp;(\u201cCPM&nbsp;Group\u201d, \u201cwe\u201d or \u201cus\u201d),&nbsp;takes to protect the Personal Data that we Process about our Employees in respect of the CPM Photo Contest (\u201cPhoto [&hellip;]<\/p>\n","protected":false},"author":1,"featured_media":0,"parent":7176,"menu_order":1,"comment_status":"closed","ping_status":"closed","template":"","meta":{"_acf_changed":false,"footnotes":""},"class_list":["post-7276","page","type-page","status-publish","hentry"],"acf":[],"_links":{"self":[{"href":"https:\/\/onecpm.com\/pt_br\/wp-json\/wp\/v2\/pages\/7276","targetHints":{"allow":["GET"]}}],"collection":[{"href":"https:\/\/onecpm.com\/pt_br\/wp-json\/wp\/v2\/pages"}],"about":[{"href":"https:\/\/onecpm.com\/pt_br\/wp-json\/wp\/v2\/types\/page"}],"author":[{"embeddable":true,"href":"https:\/\/onecpm.com\/pt_br\/wp-json\/wp\/v2\/users\/1"}],"replies":[{"embeddable":true,"href":"https:\/\/onecpm.com\/pt_br\/wp-json\/wp\/v2\/comments?post=7276"}],"version-history":[{"count":2,"href":"https:\/\/onecpm.com\/pt_br\/wp-json\/wp\/v2\/pages\/7276\/revisions"}],"predecessor-version":[{"id":7283,"href":"https:\/\/onecpm.com\/pt_br\/wp-json\/wp\/v2\/pages\/7276\/revisions\/7283"}],"up":[{"embeddable":true,"href":"https:\/\/onecpm.com\/pt_br\/wp-json\/wp\/v2\/pages\/7176"}],"wp:attachment":[{"href":"https:\/\/onecpm.com\/pt_br\/wp-json\/wp\/v2\/media?parent=7276"}],"curies":[{"name":"wp","href":"https:\/\/api.w.org\/{rel}","templated":true}]}}