{"id":7435,"date":"2024-07-25T19:43:30","date_gmt":"2024-07-25T19:43:30","guid":{"rendered":"https:\/\/cpm.epicenter1.com\/?page_id=7435"},"modified":"2024-08-21T19:03:03","modified_gmt":"2024-08-21T19:03:03","slug":"extrusion-brochures","status":"publish","type":"page","link":"https:\/\/onecpm.com\/pt_br\/extrusion-brochures","title":{"rendered":"Brochuras de Extrus\u00e3o"},"content":{"rendered":"<div id=\"block_334e185909bcc2e10801d5a85fefc2bc\" class=\"nmc-block nmc-block--masthead-basic block-container alignwider\">\n\t\n\t\t\n\t\t\t<div class=\"blockbody\">\n\t\t\t\t<div class=\"masthead-content\">\n\t\t\t\t\t\t\t\t\t\t\t\t\t\t\t\t\t\t\t\t\t\t\t\t\t\t\t\t\t\t\t\t\t\t\t\t\t\t\t\t\t\t\t\t\t\t\t\t\t\t\t\t\t\t\t\t\t\t\t\t\t\t\t\t\t\t\t\t\t\t\t\t\t\t\t\t\t\t\t\t\t\t\t\t\t\t\t\t\t\t\t\t\t\t\t\t\t\t\t\t\t\t\t\t\t\t\t\t\t\t\t\t\t\t\t\t\t\t\t\t\t\t\t\t\t\t\t\t\t\t\t\t\t\t\t\t\t\t\t\t\t\t\t\t\t\t\t\t\t\t\t\t\t\t\t\t\t\t\t\t\t\t\t\t\t\t\t\t\t\t\t\t\t\t\t\t\t\t\t\t\t\t\t\t\t\t\t\t\t\t\t\t\t\t\t\t\t\t\t\t\t\t\t\t<h1 class=\"page-title\">M\u00e1quinas e Servi\u00e7os de Extrus\u00e3o <strong>para avan\u00e7ar seus materiais<\/strong><\/h1>\n\t<div class=\"page-intro\"><p>A CPM \u00e9 uma fornecedora de solu\u00e7\u00f5es completas, especializada em extrusoras de rosca dupla e multiparafuso co-rotativas e entrela\u00e7adas. Al\u00e9m disso, a CPM apresenta linhas de sistema completas, equipamentos auxiliares e as maiores ofertas de servi\u00e7os de pe\u00e7as do mundo. Saiba mais sobre as solu\u00e7\u00f5es que a CPM tem para voc\u00ea.<\/p>\n<\/div>\t\t\t<a href=\"https:\/\/onecpm.com\/pt_br\/about-cpm\/contact-us\/\" class=\"btn\" >Entre em contato com um representante<\/a>\t<\/div>\n\t\t\t<\/div>\n\n\t\t\t\t\n\t<\/div>\n\n\n\n\n\n\t\n\n\t\t\t\t\t\t\t\n\n<div id=\"block_b65d3b65cf1cb8b12ed6bfb91f182bb7\" class=\"nmc-block nmc-block--related-resources block-container alignfull\">\n\t\n\t\t\n\t\t\t<div class=\"blockbody\">\n\t\t\t\t\t<div class=\"bound boundwider\">\n\t\t<div class=\"block-intro\">\n\t\t\t                                                                                <h2 class=\"block-title\">Brochuras de Extrus\u00e3o<\/h2>\t\t\t\t\t\t\t<a href=\"https:\/\/onecpm.com\/pt_br\/resource-library\/resources\/?filterEquipment=895&amp;filterProcess=0#block_0cd98badc5b51c5f33c364028705ae7e\" target=\"\" class=\"btn -non-btn\">Todos os recursos <svg xmlns=\"http:\/\/www.w3.org\/2000\/svg\" width=\"17\" height=\"12\" viewbox=\"0 0 17 12\" fill=\"none\" role=\"img\" aria-hidden=\"true\" focusable=\"false\"><title>arrow<\/title>\n<path fill-rule=\"evenodd\" clip-rule=\"evenodd\" d=\"M13.9176 6.28571L8.65133 10.5863L9.42733 11.4286L16.3999 5.71429L9.41476 0L8.65362 0.860571L13.9153 5.14286L0.399902 5.14286L0.399902 6.28571L13.9176 6.28571Z\" fill=\"white\"\/>\n<\/svg><\/a>\n\t\t\t\t\t<\/div>\n\t\t\t\t\t\t\t<div class=\"slider-wrap\">\n\t\t\t<div id=\"slider-block_b65d3b65cf1cb8b12ed6bfb91f182bb7-slider\" class=\"nmc-slider scrollable snaps\" data-nmc-slider data-nmc-slider-loop role=\"region\" aria-label=\"Carrossel de visualiza\u00e7\u00e3o de conte\u00fado\">\n\t\t\t\t\t\t\t\t\t\t\t\t\t\t\t\t\t\t\t<div class=\"nmc-slide\" role=\"group\" aria-label=\"Diapositivo 1 de 3\" aria-current=\"true\">\n\t\t\t\t\t\t\n<div class=\"partial -resource -card\">\n    <div class=\"text\">\n        <h3 class=\"heading\">\n            <a href=\"https:\/\/onecpm.com\/pt_br\/resource\/extrusion-components-and-service-offerings\" target=\"_blank\" class=\"link\">Componentes de extrus\u00e3o e ofertas de servi\u00e7os<\/a>\n        <\/h3>\n                    <div class=\"excerpt\">M\u00e1quinas de extrus\u00e3o e servi\u00e7os para avan\u00e7ar seus materiais.<\/div>\n            <\/div>\n    <div class=\"download-bottom\" aria-hidden=\"true\">\n                    Acessar recurso <svg xmlns=\"http:\/\/www.w3.org\/2000\/svg\" width=\"18\" height=\"18\" viewbox=\"0 0 18 18\" fill=\"none\" role=\"img\" aria-hidden=\"true\" focusable=\"false\">\n\t<title>download<\/title>\n    <path d=\"M8.99872 4.82129C8.90339 4.82129 8.81192 4.85915 8.74451 4.92656C8.67704 4.99403 8.63918 5.08543 8.63918 5.18083V10.7537L6.39926 8.50295C6.30838 8.41207 6.1759 8.37655 6.05178 8.40979C5.92767 8.44309 5.83064 8.54005 5.79741 8.66416C5.76417 8.78834 5.79964 8.92077 5.89051 9.01164L8.74524 11.8664C8.76203 11.8827 8.78005 11.8977 8.79919 11.9113H8.81359L8.86034 11.9365H8.88194H8.88188C8.89692 11.9426 8.9126 11.9468 8.92863 11.949C8.95192 11.9518 8.97545 11.9518 8.99874 11.949C9.02261 11.9517 9.04672 11.9517 9.07066 11.949C9.08605 11.9465 9.10115 11.9423 9.1156 11.9365H9.13719L9.18395 11.9113H9.19834L9.25406 11.8664L12.107 9.01164C12.1979 8.92076 12.2333 8.78834 12.2001 8.66416C12.1668 8.54004 12.0698 8.44308 11.9457 8.40979C11.8216 8.37655 11.6891 8.41207 11.5982 8.50295L9.35832 10.7447V5.18083C9.35832 5.08545 9.32046 4.99404 9.25299 4.92656C9.18557 4.85915 9.09412 4.82129 8.99878 4.82129H8.99872Z\" fill=\"white\"\/>\n    <path d=\"M6.14472 13.4754H11.8542C11.9826 13.4754 12.1013 13.4069 12.1655 13.2957C12.2298 13.1844 12.2298 13.0474 12.1655 12.9361C12.1013 12.8249 11.9826 12.7563 11.8542 12.7563H6.14472C6.01627 12.7563 5.89754 12.8249 5.83335 12.9361C5.76909 13.0474 5.76909 13.1844 5.83335 13.2957C5.89754 13.4069 6.01628 13.4754 6.14472 13.4754Z\" fill=\"white\"\/>\n    <circle cx=\"9\" cy=\"9\" r=\"8.5\" stroke=\"white\"\/>\n<\/svg>            <\/div>\n<\/div>\t\t\t\t\t<\/div>\n\t\t\t\t\t\t\t\t\t\t\t\t\t\t\t\t\t\t\t<div class=\"nmc-slide\" role=\"group\" aria-label=\"Diapositivo 2 de 3\" >\n\t\t\t\t\t\t\n<div class=\"partial -resource -card\">\n    <div class=\"text\">\n        <h3 class=\"heading\">\n            <a href=\"https:\/\/onecpm.com\/pt_br\/resource\/extrusion-systems\" target=\"_blank\" class=\"link\">Sistemas de Extrus\u00e3o<\/a>\n        <\/h3>\n                    <div class=\"excerpt\">A CPM oferece uma ampla gama de m\u00e1quinas de extrus\u00e3o e componentes para dar suporte ao mercado global de compostos.<\/div>\n            <\/div>\n    <div class=\"download-bottom\" aria-hidden=\"true\">\n                    Acessar recurso <svg xmlns=\"http:\/\/www.w3.org\/2000\/svg\" width=\"18\" height=\"18\" viewbox=\"0 0 18 18\" fill=\"none\" role=\"img\" aria-hidden=\"true\" focusable=\"false\">\n\t<title>download<\/title>\n    <path d=\"M8.99872 4.82129C8.90339 4.82129 8.81192 4.85915 8.74451 4.92656C8.67704 4.99403 8.63918 5.08543 8.63918 5.18083V10.7537L6.39926 8.50295C6.30838 8.41207 6.1759 8.37655 6.05178 8.40979C5.92767 8.44309 5.83064 8.54005 5.79741 8.66416C5.76417 8.78834 5.79964 8.92077 5.89051 9.01164L8.74524 11.8664C8.76203 11.8827 8.78005 11.8977 8.79919 11.9113H8.81359L8.86034 11.9365H8.88194H8.88188C8.89692 11.9426 8.9126 11.9468 8.92863 11.949C8.95192 11.9518 8.97545 11.9518 8.99874 11.949C9.02261 11.9517 9.04672 11.9517 9.07066 11.949C9.08605 11.9465 9.10115 11.9423 9.1156 11.9365H9.13719L9.18395 11.9113H9.19834L9.25406 11.8664L12.107 9.01164C12.1979 8.92076 12.2333 8.78834 12.2001 8.66416C12.1668 8.54004 12.0698 8.44308 11.9457 8.40979C11.8216 8.37655 11.6891 8.41207 11.5982 8.50295L9.35832 10.7447V5.18083C9.35832 5.08545 9.32046 4.99404 9.25299 4.92656C9.18557 4.85915 9.09412 4.82129 8.99878 4.82129H8.99872Z\" fill=\"white\"\/>\n    <path d=\"M6.14472 13.4754H11.8542C11.9826 13.4754 12.1013 13.4069 12.1655 13.2957C12.2298 13.1844 12.2298 13.0474 12.1655 12.9361C12.1013 12.8249 11.9826 12.7563 11.8542 12.7563H6.14472C6.01627 12.7563 5.89754 12.8249 5.83335 12.9361C5.76909 13.0474 5.76909 13.1844 5.83335 13.2957C5.89754 13.4069 6.01628 13.4754 6.14472 13.4754Z\" fill=\"white\"\/>\n    <circle cx=\"9\" cy=\"9\" r=\"8.5\" stroke=\"white\"\/>\n<\/svg>            <\/div>\n<\/div>\t\t\t\t\t<\/div>\n\t\t\t\t\t\t\t\t\t\t\t\t\t\t\t\t\t\t\t<div class=\"nmc-slide\" role=\"group\" aria-label=\"Diapositivo 3 de 3\" >\n\t\t\t\t\t\t\n<div class=\"partial -resource -card\">\n    <div class=\"text\">\n        <h3 class=\"heading\">\n            <a href=\"https:\/\/onecpm.com\/pt_br\/resource\/extrusion-systems-and-range-of-extruders\" target=\"_blank\" class=\"link\">Sistemas de Extrus\u00e3o e Gama de Extrusoras<\/a>\n        <\/h3>\n                    <div class=\"excerpt\">M\u00e1quinas de extrus\u00e3o e servi\u00e7os para avan\u00e7ar seus materiais.<\/div>\n            <\/div>\n    <div class=\"download-bottom\" aria-hidden=\"true\">\n                    Acessar recurso <svg xmlns=\"http:\/\/www.w3.org\/2000\/svg\" width=\"18\" height=\"18\" viewbox=\"0 0 18 18\" fill=\"none\" role=\"img\" aria-hidden=\"true\" focusable=\"false\">\n\t<title>download<\/title>\n    <path d=\"M8.99872 4.82129C8.90339 4.82129 8.81192 4.85915 8.74451 4.92656C8.67704 4.99403 8.63918 5.08543 8.63918 5.18083V10.7537L6.39926 8.50295C6.30838 8.41207 6.1759 8.37655 6.05178 8.40979C5.92767 8.44309 5.83064 8.54005 5.79741 8.66416C5.76417 8.78834 5.79964 8.92077 5.89051 9.01164L8.74524 11.8664C8.76203 11.8827 8.78005 11.8977 8.79919 11.9113H8.81359L8.86034 11.9365H8.88194H8.88188C8.89692 11.9426 8.9126 11.9468 8.92863 11.949C8.95192 11.9518 8.97545 11.9518 8.99874 11.949C9.02261 11.9517 9.04672 11.9517 9.07066 11.949C9.08605 11.9465 9.10115 11.9423 9.1156 11.9365H9.13719L9.18395 11.9113H9.19834L9.25406 11.8664L12.107 9.01164C12.1979 8.92076 12.2333 8.78834 12.2001 8.66416C12.1668 8.54004 12.0698 8.44308 11.9457 8.40979C11.8216 8.37655 11.6891 8.41207 11.5982 8.50295L9.35832 10.7447V5.18083C9.35832 5.08545 9.32046 4.99404 9.25299 4.92656C9.18557 4.85915 9.09412 4.82129 8.99878 4.82129H8.99872Z\" fill=\"white\"\/>\n    <path d=\"M6.14472 13.4754H11.8542C11.9826 13.4754 12.1013 13.4069 12.1655 13.2957C12.2298 13.1844 12.2298 13.0474 12.1655 12.9361C12.1013 12.8249 11.9826 12.7563 11.8542 12.7563H6.14472C6.01627 12.7563 5.89754 12.8249 5.83335 12.9361C5.76909 13.0474 5.76909 13.1844 5.83335 13.2957C5.89754 13.4069 6.01628 13.4754 6.14472 13.4754Z\" fill=\"white\"\/>\n    <circle cx=\"9\" cy=\"9\" r=\"8.5\" stroke=\"white\"\/>\n<\/svg>            <\/div>\n<\/div>\t\t\t\t\t<\/div>\n\t\t\t\t\t\t\t<\/div>\n\t\t<\/div>\n\t<\/div>\n\t\t\t<\/div>\n\n\t\t\t\t\n\t<\/div>","protected":false},"excerpt":{"rendered":"","protected":false},"author":1,"featured_media":0,"parent":0,"menu_order":0,"comment_status":"closed","ping_status":"closed","template":"","meta":{"_acf_changed":false,"footnotes":""},"class_list":["post-7435","page","type-page","status-publish","hentry"],"acf":[],"_links":{"self":[{"href":"https:\/\/onecpm.com\/pt_br\/wp-json\/wp\/v2\/pages\/7435","targetHints":{"allow":["GET"]}}],"collection":[{"href":"https:\/\/onecpm.com\/pt_br\/wp-json\/wp\/v2\/pages"}],"about":[{"href":"https:\/\/onecpm.com\/pt_br\/wp-json\/wp\/v2\/types\/page"}],"author":[{"embeddable":true,"href":"https:\/\/onecpm.com\/pt_br\/wp-json\/wp\/v2\/users\/1"}],"replies":[{"embeddable":true,"href":"https:\/\/onecpm.com\/pt_br\/wp-json\/wp\/v2\/comments?post=7435"}],"version-history":[{"count":7,"href":"https:\/\/onecpm.com\/pt_br\/wp-json\/wp\/v2\/pages\/7435\/revisions"}],"predecessor-version":[{"id":9085,"href":"https:\/\/onecpm.com\/pt_br\/wp-json\/wp\/v2\/pages\/7435\/revisions\/9085"}],"wp:attachment":[{"href":"https:\/\/onecpm.com\/pt_br\/wp-json\/wp\/v2\/media?parent=7435"}],"curies":[{"name":"wp","href":"https:\/\/api.w.org\/{rel}","templated":true}]}}