{"id":9272,"date":"2026-04-15T14:23:35","date_gmt":"2026-04-15T14:23:35","guid":{"rendered":"https:\/\/onecpm.com\/?page_id=9272"},"modified":"2026-04-30T15:48:59","modified_gmt":"2026-04-30T15:48:59","slug":"terms-and-conditions","status":"publish","type":"page","link":"https:\/\/onecpm.com\/pt_br\/terms-and-conditions","title":{"rendered":"Termos e Condi\u00e7\u00f5es"},"content":{"rendered":"<div id=\"block_549d266bcd4cc9aa615e186947196b20\" class=\"nmc-block nmc-block--masthead-basic block-container alignwider\">\n\t\n\t\t\n\t\t\t<div class=\"blockbody\">\n\t\t\t\t<div class=\"masthead-content\">\n\t\t\t\t\t\t\t\t\t\t\t\t\t\t\t\t\t\t\t\t\t\t\t\t\t\t\t\t\t\t\t\t\t\t\t\t\t\t\t\t\t\t\t\t\t\t\t\t\t\t\t\t\t\t\t\t\t\t\t\t\t\t<h1 class=\"page-title\">Termos e Condi\u00e7\u00f5es<\/h1>\n\t<div class=\"page-intro\"><p>\u00daltima revis\u00e3o: 28 de abril de 2026<\/p>\n<\/div>\t\t\t\t<\/div>\n\t\t\t<\/div>\n\n\t\t\t\t\n\t<\/div>\n\n\n\n\n<hr class=\"wp-block-separator alignfull has-alpha-channel-opacity\"\/>\n\n\n\n<ul class=\"wp-block-list\">\n<li><a href=\"https:\/\/onecpm.com\/pt_br\/cpm-supplier-code-of-conduct\/\" target=\"_blank\" rel=\"noreferrer noopener\">C\u00f3digo de conduta do fornecedor<\/a><\/li>\n\n\n\n<li><a href=\"https:\/\/e1.nmcdn.io\/assets\/cpm\/wp-content\/uploads\/2025\/09\/CPM-Purchasing_terms_and_conditions_20190514.pdf\" target=\"_blank\" rel=\"noreferrer noopener\">Termos de compra<\/a><\/li>\n\n\n\n<li><a href=\"https:\/\/onecpm.com\/wp-content\/uploads\/2026\/04\/GENERAL-TERMS-AND-CONDITIONS-OF-CPM-EUROPE-2.pdf\" target=\"_blank\" rel=\"noreferrer noopener\">Termos e Condi\u00e7\u00f5es Gerais do CPM Europa<\/a><\/li>\n\n\n\n<li><a href=\"https:\/\/onecpm.com\/wp-content\/uploads\/2026\/04\/ExtricomStandard-TC-Aftermarket.pdf\" target=\"_blank\" rel=\"noreferrer noopener\">Termos e Condi\u00e7\u00f5es do Mercado de Reposi\u00e7\u00e3o Extricom<\/a><\/li>\n\n\n\n<li><a href=\"https:\/\/onecpm.com\/wp-content\/uploads\/2026\/04\/Extricom_-Standard-TC-CapEx.pdf\" target=\"_blank\" rel=\"noreferrer noopener\">Termos e Condi\u00e7\u00f5es do Equipamento de Capital Extricom<\/a><\/li>\n\n\n\n<li><a href=\"https:\/\/onecpm.com\/wp-content\/uploads\/2026\/04\/IDAH-China_TC-for-Sales.pdf\" target=\"_blank\" rel=\"noreferrer noopener\">Termos e Condi\u00e7\u00f5es do IDAH China<\/a><\/li>\n\n\n\n<li><a href=\"https:\/\/onecpm.com\/wp-content\/uploads\/2026\/04\/IDAH-Taiwan_Sales-Contract-TC_\u6700\u65b0\u7248.pdf\" target=\"_blank\" rel=\"noreferrer noopener\">IDAH Vendas e Compras em Taiwan<\/a><\/li>\n\n\n\n<li><a href=\"https:\/\/onecpm.com\/wp-content\/uploads\/2026\/04\/Planet-Dryers-Ltd.-UK_Standard-TC.pdf\" target=\"_blank\" rel=\"noreferrer noopener\">Termos e Condi\u00e7\u00f5es da Planet Dryers Ltd<\/a><\/li>\n\n\n\n<li><a href=\"https:\/\/onecpm.com\/wp-content\/uploads\/2026\/04\/Wolverine-Proctor-LLC-US_-Aftermarket.pdf\" target=\"_blank\" rel=\"noreferrer noopener\">Termos e Condi\u00e7\u00f5es do Mercado de Reposi\u00e7\u00e3o da Wolverine Proctor LLC<\/a><\/li>\n\n\n\n<li><a href=\"https:\/\/onecpm.com\/wp-content\/uploads\/2026\/04\/Wolverine-Proctor-LTD-UK_Standard-TC.pdf\" target=\"_blank\" rel=\"noreferrer noopener\">Termos e Condi\u00e7\u00f5es da Wolverine Proctor LLC para Fornecimento de Bens e Servi\u00e7os<\/a><\/li>\n\n\n\n<li><a href=\"https:\/\/onecpm.com\/wp-content\/uploads\/2026\/04\/Wolverine-Proctor-Ltd-UK_TC-for-Purchase.pdf\" target=\"_blank\" rel=\"noreferrer noopener\">Termos e Condi\u00e7\u00f5es de Compra da Wolverine Proctor LLC<\/a><\/li>\n\n\n\n<li><a href=\"https:\/\/onecpm.com\/wp-content\/uploads\/2026\/04\/Wolverine-Proctor-LLC-US_Capital-Standard-TC.pdf\" target=\"_blank\" rel=\"noreferrer noopener\">Termos e Condi\u00e7\u00f5es de Equipamentos de Capital da Wolverine Proctor LLC<\/a><\/li>\n<\/ul>\n\n\n\n<p><\/p>","protected":false},"excerpt":{"rendered":"","protected":false},"author":7,"featured_media":0,"parent":0,"menu_order":0,"comment_status":"closed","ping_status":"closed","template":"","meta":{"_acf_changed":false,"footnotes":""},"class_list":["post-9272","page","type-page","status-publish","hentry"],"acf":[],"_links":{"self":[{"href":"https:\/\/onecpm.com\/pt_br\/wp-json\/wp\/v2\/pages\/9272","targetHints":{"allow":["GET"]}}],"collection":[{"href":"https:\/\/onecpm.com\/pt_br\/wp-json\/wp\/v2\/pages"}],"about":[{"href":"https:\/\/onecpm.com\/pt_br\/wp-json\/wp\/v2\/types\/page"}],"author":[{"embeddable":true,"href":"https:\/\/onecpm.com\/pt_br\/wp-json\/wp\/v2\/users\/7"}],"replies":[{"embeddable":true,"href":"https:\/\/onecpm.com\/pt_br\/wp-json\/wp\/v2\/comments?post=9272"}],"version-history":[{"count":10,"href":"https:\/\/onecpm.com\/pt_br\/wp-json\/wp\/v2\/pages\/9272\/revisions"}],"predecessor-version":[{"id":12667,"href":"https:\/\/onecpm.com\/pt_br\/wp-json\/wp\/v2\/pages\/9272\/revisions\/12667"}],"wp:attachment":[{"href":"https:\/\/onecpm.com\/pt_br\/wp-json\/wp\/v2\/media?parent=9272"}],"curies":[{"name":"wp","href":"https:\/\/api.w.org\/{rel}","templated":true}]}}