{"id":1846,"date":"2024-04-29T19:06:28","date_gmt":"2024-04-29T19:06:28","guid":{"rendered":"https:\/\/cpm.epicenter1.com\/?post_type=product&#038;p=1846"},"modified":"2025-10-30T22:55:37","modified_gmt":"2025-10-30T22:55:37","slug":"magnet-adapter","status":"publish","type":"product","link":"https:\/\/onecpm.com\/pt_br\/product\/magnet-adapter","title":{"rendered":"Adaptador magn\u00e9tico"},"content":{"rendered":"<div id=\"block_5bb075f17906230d2499a70ac0b62350\" class=\"nmc-block nmc-block--product-intro block-container alignfull\">\n\t\n\t\t\n\t\t\t<div class=\"blockbody\">\n\t\t\t\t\t<div class=\"bound boundwider wrap\">\n\t\t<div class=\"product-content\">\n\t\t\t\n\n<div class=\"split-half\">\n\t<div class=\"split-half-content\">\n\n\t\t\n\n<p>A prote\u00e7\u00e3o magn\u00e9tica \u00e9 necess\u00e1ria para obter a melhor vida \u00fatil dos componentes de trabalho do moinho. O ferro residual que entra no moinho de martelos pode fazer furos na tela, quebrar martelos e criar fontes indesej\u00e1veis de igni\u00e7\u00e3o. Nossos adaptadores magn\u00e9ticos, quando limpos regularmente, ajudar\u00e3o a garantir que seu moinho de martelos opere em n\u00edveis m\u00e1ximos de desempenho por muitos anos.<\/p>\n\n\n\n\n\t\n\n\t\t\t\t\n\n<div id=\"block_75a00e01eb2e000873c815bbcb2d3045\" class=\"nmc-block nmc-block--accordion block-container\">\n\t\n\t\t\n\t\t\t<div class=\"blockbody\">\n\t\t\t\t        <div class=\"accordion\">\n\t\n\n<div class=\"block-accordion-group\">\n\n\t<div class=\"accordion_item\" id=\"item-block_bbc8efbdf117f4d5c53bc40816eb5fa8\">\n\t\t<h2 class=\"accordion_item-title\">\n\t\t\t<button aria-expanded=\"false\">\n\t\t\t\tVantagens\n\t\t\t\t<div class=\"indicator\">\n\t\t\t\t\t<svg viewbox=\"0 0 9 9\" aria-hidden=\"true\" focusable=\"false\" role=\"img\">\n\t\t\t\t\t\t<rect class=\"vert\" height=\"9\" width=\"1\" y=\"0\" x=\"4\"\/>\n\t\t\t\t\t\t<rect height=\"1\" width=\"9\" y=\"4\" x=\"0\"\/>\n\t\t\t\t\t<\/svg>\n\t\t\t\t<\/div>\n\t\t\t<\/button>\n\t\t<\/h2>\n\t\t<div class=\"accordion_item-content\" hidden>\n\t\t\t<div>\n\t\t\t\t<div class=\"gutenberg\">\n\t\t\t\t\t\n\n<p>Dispon\u00edveis em v\u00e1rios tamanhos, nossos adaptadores magn\u00e9ticos podem ajudar a proteger seu equipamento e manter sua produ\u00e7\u00e3o operando na capacidade m\u00e1xima.<\/p>\n\n\t\t\t\t<\/div>\n\t\t\t<\/div>\n\t\t<\/div>\n\t<\/div>\n\n<\/div>\n\n\n<div class=\"block-accordion-group\">\n\n\t<div class=\"accordion_item\" id=\"item-block_8c128c71a4c84560189fae4e5d5a270c\">\n\t\t<h2 class=\"accordion_item-title\">\n\t\t\t<button aria-expanded=\"false\">\n\t\t\t\tCaracter\u00edsticas padr\u00e3o\n\t\t\t\t<div class=\"indicator\">\n\t\t\t\t\t<svg viewbox=\"0 0 9 9\" aria-hidden=\"true\" focusable=\"false\" role=\"img\">\n\t\t\t\t\t\t<rect class=\"vert\" height=\"9\" width=\"1\" y=\"0\" x=\"4\"\/>\n\t\t\t\t\t\t<rect height=\"1\" width=\"9\" y=\"4\" x=\"0\"\/>\n\t\t\t\t\t<\/svg>\n\t\t\t\t<\/div>\n\t\t\t<\/button>\n\t\t<\/h2>\n\t\t<div class=\"accordion_item-content\" hidden>\n\t\t\t<div>\n\t\t\t\t<div class=\"gutenberg\">\n\t\t\t\t\t\n\n<ul class=\"wp-block-list\">\n<li>Abertura de entrada de profundidade padr\u00e3o de 8 polegadas<\/li>\n\n\n\n<li>Placa de decapagem de a\u00e7o inoxid\u00e1vel acionada manualmente ou a ar<\/li>\n<\/ul>\n\n\t\t\t\t<\/div>\n\t\t\t<\/div>\n\t\t<\/div>\n\t<\/div>\n\n<\/div>\n\n\n<div class=\"block-accordion-group\">\n\n\t<div class=\"accordion_item\" id=\"item-block_bb33969614aac6183ce82ba75fb22fc4\">\n\t\t<h2 class=\"accordion_item-title\">\n\t\t\t<button aria-expanded=\"false\">\n\t\t\t\tRecursos opcionais\n\t\t\t\t<div class=\"indicator\">\n\t\t\t\t\t<svg viewbox=\"0 0 9 9\" aria-hidden=\"true\" focusable=\"false\" role=\"img\">\n\t\t\t\t\t\t<rect class=\"vert\" height=\"9\" width=\"1\" y=\"0\" x=\"4\"\/>\n\t\t\t\t\t\t<rect height=\"1\" width=\"9\" y=\"4\" x=\"0\"\/>\n\t\t\t\t\t<\/svg>\n\t\t\t\t<\/div>\n\t\t\t<\/button>\n\t\t<\/h2>\n\t\t<div class=\"accordion_item-content\" hidden>\n\t\t\t<div>\n\t\t\t\t<div class=\"gutenberg\">\n\t\t\t\t\t\n\n<ul class=\"wp-block-list\">\n<li>Garganta larga para materiais fibrosos<\/li>\n\n\n\n<li>Saco de captura de vagabundo<\/li>\n<\/ul>\n\n\t\t\t\t<\/div>\n\t\t\t<\/div>\n\t\t<\/div>\n\t<\/div>\n\n<\/div>\n\n\n<div class=\"block-accordion-group\">\n\n\t<div class=\"accordion_item\" id=\"item-block_ce3ca25a9cfaa2dc399df014a5170ab8\">\n\t\t<h2 class=\"accordion_item-title\">\n\t\t\t<button aria-expanded=\"false\">\n\t\t\t\tDownloads dispon\u00edveis\n\t\t\t\t<div class=\"indicator\">\n\t\t\t\t\t<svg viewbox=\"0 0 9 9\" aria-hidden=\"true\" focusable=\"false\" role=\"img\">\n\t\t\t\t\t\t<rect class=\"vert\" height=\"9\" width=\"1\" y=\"0\" x=\"4\"\/>\n\t\t\t\t\t\t<rect height=\"1\" width=\"9\" y=\"4\" x=\"0\"\/>\n\t\t\t\t\t<\/svg>\n\t\t\t\t<\/div>\n\t\t\t<\/button>\n\t\t<\/h2>\n\t\t<div class=\"accordion_item-content\" hidden>\n\t\t\t<div>\n\t\t\t\t<div class=\"gutenberg\">\n\t\t\t\t\t\n\n<ul class=\"wp-block-list\">\n<li><a href=\"https:\/\/onecpm.com\/wp-content\/uploads\/2024\/07\/Industrial-Applications_Brochure_June-2024.pdf\">Folheto de Aplica\u00e7\u00f5es Industriais<\/a><\/li>\n<\/ul>\n\n\t\t\t\t<\/div>\n\t\t\t<\/div>\n\t\t<\/div>\n\t<\/div>\n\n<\/div>\n\n<\/div>\n\t\t\t<\/div>\n\n\t\t\t\t\n\t<\/div>\n\n\t\t\n\t<\/div>\n<\/div>\n\n\t\t<\/div>\n\t\t<div class=\"key-features\">\n\t\t\t<p class=\"is-style-eyebrow-heading\">Caracter\u00edsticas principais<\/p>\n\t\t\t<ul>\n\t\t\t\t\t\t\t\t\t<li>\u00cdm\u00e3 da s\u00e9rie Magnum\r<\/li>\n\t\t\t\t\t\t\t\t\t<li>Constru\u00e7\u00e3o em a\u00e7o inoxid\u00e1vel\r<\/li>\n\t\t\t\t\t\t\t\t\t<li>Inclina\u00e7\u00e3o de 45 graus<\/li>\n\t\t\t\t\t\t\t<\/ul>\n\t\t<\/div>\n\t\n\t<\/div>\n\t\t\t<\/div>\n\n\t\t\t\t\n\t<\/div>\n\n\n\n\t\n\n\t\t\t\t\t\t\t\n\n<div id=\"block_244eb588287cd3d84705260970dfb6eb\" class=\"nmc-block nmc-block--product-slider block-container alignfull\">\n\t\n\t\t\n\t\t\t<div class=\"blockbody\">\n\t\t\t\t\t<div class=\"bound boundwider\">\n\t\t<div class=\"content-wrap\">\n\t\t\t<div class=\"content\">\n\t\t\t\t\t\t\t\t                                                                                                                                    <h2 class=\"block-title\">Explorar relacionado <strong>Produtos<\/strong><\/h2>\t\t\t\t\n\t\t\t<\/div>\n\t\t\t<div class=\"links\">\n\t\t\t<a href=\"https:\/\/onecpm.com\/pt_br\/all-products\/?filterEquipment=0&amp;filterSolution=0&amp;filterBrand=0&amp;filterKeyword=ancillary#product-listing\" target=\"\" class=\"btn -non-btn\">Todos os produtos auxiliares <svg xmlns=\"http:\/\/www.w3.org\/2000\/svg\" width=\"17\" height=\"12\" viewbox=\"0 0 17 12\" fill=\"none\" role=\"img\" aria-hidden=\"true\" focusable=\"false\"><title>arrow<\/title>\n<path fill-rule=\"evenodd\" clip-rule=\"evenodd\" d=\"M13.9176 6.28571L8.65133 10.5863L9.42733 11.4286L16.3999 5.71429L9.41476 0L8.65362 0.860571L13.9153 5.14286L0.399902 5.14286L0.399902 6.28571L13.9176 6.28571Z\" fill=\"white\"\/>\n<\/svg><\/a>\t\t\t\t\t\t<\/div>\n\t\t<\/div>\n\n\t\t\t\t\t\t\n\t\t<div class=\"slider-wrap\">\n\n\t\t\t\n\t\t\t<div id=\"slider-block_244eb588287cd3d84705260970dfb6eb-slider\" class=\"nmc-slider scrollable snaps\" data-nmc-slider role=\"region\" aria-label=\"Carrossel de visualiza\u00e7\u00e3o de conte\u00fado\">\n\t\t\t\t\t\t\t\t\t\n\t\t\t\t\t\t\t\t\t\t\t<div class=\"nmc-slide\" id=\"slider-block_244eb588287cd3d84705260970dfb6eb-slide-1\" role=\"group\" aria-label=\"Diapositivo 1 de 2\" aria-current=\"true\">\n\t\t\t\t\t\t\t<div class=\"partial-container\">\n\t\t\t\t\t\t\t\t\n<div class=\"partial -product -card\">\n    <div class=\"text\">\n        <h3 class=\"heading\">\n            <a href=\"https:\/\/onecpm.com\/pt_br\/product\/hammermill-rotary-feeder\" class=\"link\"><span>Alimentador Rotativo HRF<\/span> <svg xmlns=\"http:\/\/www.w3.org\/2000\/svg\" width=\"26\" height=\"26\" viewbox=\"0 0 26 26\" fill=\"none\" role=\"img\" aria-hidden=\"true\" focusable=\"false\">\n<mask class=\"path-1-inside-1_2439_3058\" fill=\"white\">\n<path fill-rule=\"evenodd\" clip-rule=\"evenodd\" d=\"M16.6399 13.5496L12.7999 16.6855L13.3657 17.2996L18.4499 13.133L13.3565 8.96631L12.8015 9.59381L16.6382 12.7163H6.7832V13.5496H16.6399Z\"\/>\n<\/mask>\n<path fill-rule=\"evenodd\" clip-rule=\"evenodd\" d=\"M16.6399 13.5496L12.7999 16.6855L13.3657 17.2996L18.4499 13.133L13.3565 8.96631L12.8015 9.59381L16.6382 12.7163H6.7832V13.5496H16.6399Z\" fill=\"#CC092F\"\/>\n<path d=\"M16.6399 13.5496L17.2724 14.3242L19.4454 12.5496H16.6399V13.5496ZM12.7999 16.6855L12.1674 15.9109L11.3452 16.5824L12.0644 17.3631L12.7999 16.6855ZM13.3657 17.2996L12.6303 17.9772L13.2697 18.6713L13.9996 18.0731L13.3657 17.2996ZM18.4499 13.133L19.0837 13.9064L20.0283 13.1323L19.0831 12.359L18.4499 13.133ZM13.3565 8.96631L13.9897 8.19231L13.245 7.58305L12.6075 8.3038L13.3565 8.96631ZM12.8015 9.59381L12.0525 8.9313L11.3622 9.71174L12.1703 10.3694L12.8015 9.59381ZM16.6382 12.7163V13.7163H19.4511L17.2694 11.9407L16.6382 12.7163ZM6.7832 12.7163V11.7163H5.7832V12.7163H6.7832ZM6.7832 13.5496H5.7832V14.5496H6.7832V13.5496ZM16.0074 12.7751L12.1674 15.9109L13.4324 17.46L17.2724 14.3242L16.0074 12.7751ZM12.0644 17.3631L12.6303 17.9772L14.1012 16.6221L13.5353 16.0079L12.0644 17.3631ZM13.9996 18.0731L19.0837 13.9064L17.816 12.3595L12.7318 16.5262L13.9996 18.0731ZM19.0831 12.359L13.9897 8.19231L12.7234 9.74031L17.8167 13.907L19.0831 12.359ZM12.6075 8.3038L12.0525 8.9313L13.5506 10.2563L14.1056 9.62882L12.6075 8.3038ZM12.1703 10.3694L16.007 13.4919L17.2694 11.9407L13.4328 8.81821L12.1703 10.3694ZM16.6382 11.7163H6.7832V13.7163H16.6382V11.7163ZM5.7832 12.7163V13.5496H7.7832V12.7163H5.7832ZM6.7832 14.5496H16.6399V12.5496H6.7832V14.5496Z\" fill=\"#CC092F\" mask=\"url(.path-1-inside-1_2439_3058)\"\/>\n<circle cx=\"12.6172\" cy=\"13.1329\" r=\"12\" stroke=\"#CC092F\"\/>\n<\/svg><\/a>\n        <\/h3>\n        <div class=\"excerpt\">Fornece uma taxa de alimenta\u00e7\u00e3o uniforme para suas necessidades de redu\u00e7\u00e3o de tamanho e moagem.<\/div>\n    <\/div>\n\n            <div class=\"image\">\n                                                            \n<div class=\"image-auto\" style=\"aspect-ratio: 696 \/ 291;\">\n\t<picture>\n\t\t<source \n\t\t\tmedia=\"(max-width: 600px)\"\n\t\t\tsrcset=\"https:\/\/img.nmcdn.io\/e1\/w:480,h:201,v:1\/cpm\/wp-content\/uploads\/2024\/03\/hammermill-rotary-feeder-cropped.png?s=5fca1865\">\n\t\t<img  loading=\"lazy\"src=\"https:\/\/img.nmcdn.io\/e1\/w:600,h:251,v:1\/cpm\/wp-content\/uploads\/2024\/03\/hammermill-rotary-feeder-cropped.png?s=bf20d458\" width=\"696\" height=\"291\" alt=\"\" aria-hidden=\"true\">\n\t<\/picture>\n<\/div>\n                                                <\/div>\n\n    <\/div>\t\t\t\t\t\t\t<\/div>\n\t\t\t\t\t\t<\/div>\n\t\t\t\t\t\t\t\t\t\t\t\t\t\t\n\t\t\t\t\t\t\t\t\t\t\t<div class=\"nmc-slide\" id=\"slider-block_244eb588287cd3d84705260970dfb6eb-slide-2\" role=\"group\" aria-label=\"Diapositivo 2 de 2\" >\n\t\t\t\t\t\t\t<div class=\"partial-container\">\n\t\t\t\t\t\t\t\t\n<div class=\"partial -product -card\">\n    <div class=\"text\">\n        <h3 class=\"heading\">\n            <a href=\"https:\/\/onecpm.com\/pt_br\/product\/air-separator-feeder\" class=\"link\"><span>Alimentador Separador por fluxo de Ar<\/span> <svg xmlns=\"http:\/\/www.w3.org\/2000\/svg\" width=\"26\" height=\"26\" viewbox=\"0 0 26 26\" fill=\"none\" role=\"img\" aria-hidden=\"true\" focusable=\"false\">\n<mask class=\"path-1-inside-1_2439_3058\" fill=\"white\">\n<path fill-rule=\"evenodd\" clip-rule=\"evenodd\" d=\"M16.6399 13.5496L12.7999 16.6855L13.3657 17.2996L18.4499 13.133L13.3565 8.96631L12.8015 9.59381L16.6382 12.7163H6.7832V13.5496H16.6399Z\"\/>\n<\/mask>\n<path fill-rule=\"evenodd\" clip-rule=\"evenodd\" d=\"M16.6399 13.5496L12.7999 16.6855L13.3657 17.2996L18.4499 13.133L13.3565 8.96631L12.8015 9.59381L16.6382 12.7163H6.7832V13.5496H16.6399Z\" fill=\"#CC092F\"\/>\n<path d=\"M16.6399 13.5496L17.2724 14.3242L19.4454 12.5496H16.6399V13.5496ZM12.7999 16.6855L12.1674 15.9109L11.3452 16.5824L12.0644 17.3631L12.7999 16.6855ZM13.3657 17.2996L12.6303 17.9772L13.2697 18.6713L13.9996 18.0731L13.3657 17.2996ZM18.4499 13.133L19.0837 13.9064L20.0283 13.1323L19.0831 12.359L18.4499 13.133ZM13.3565 8.96631L13.9897 8.19231L13.245 7.58305L12.6075 8.3038L13.3565 8.96631ZM12.8015 9.59381L12.0525 8.9313L11.3622 9.71174L12.1703 10.3694L12.8015 9.59381ZM16.6382 12.7163V13.7163H19.4511L17.2694 11.9407L16.6382 12.7163ZM6.7832 12.7163V11.7163H5.7832V12.7163H6.7832ZM6.7832 13.5496H5.7832V14.5496H6.7832V13.5496ZM16.0074 12.7751L12.1674 15.9109L13.4324 17.46L17.2724 14.3242L16.0074 12.7751ZM12.0644 17.3631L12.6303 17.9772L14.1012 16.6221L13.5353 16.0079L12.0644 17.3631ZM13.9996 18.0731L19.0837 13.9064L17.816 12.3595L12.7318 16.5262L13.9996 18.0731ZM19.0831 12.359L13.9897 8.19231L12.7234 9.74031L17.8167 13.907L19.0831 12.359ZM12.6075 8.3038L12.0525 8.9313L13.5506 10.2563L14.1056 9.62882L12.6075 8.3038ZM12.1703 10.3694L16.007 13.4919L17.2694 11.9407L13.4328 8.81821L12.1703 10.3694ZM16.6382 11.7163H6.7832V13.7163H16.6382V11.7163ZM5.7832 12.7163V13.5496H7.7832V12.7163H5.7832ZM6.7832 14.5496H16.6399V12.5496H6.7832V14.5496Z\" fill=\"#CC092F\" mask=\"url(.path-1-inside-1_2439_3058)\"\/>\n<circle cx=\"12.6172\" cy=\"13.1329\" r=\"12\" stroke=\"#CC092F\"\/>\n<\/svg><\/a>\n        <\/h3>\n        <div class=\"excerpt\">Removendo impurezas pesadas do seu fluxo de alimenta\u00e7\u00e3o.<\/div>\n    <\/div>\n\n            <div class=\"image\">\n                                                            \n<div class=\"image-auto\" style=\"aspect-ratio: 500 \/ 400;\">\n\t<picture>\n\t\t<source \n\t\t\tmedia=\"(max-width: 600px)\"\n\t\t\tsrcset=\"https:\/\/img.nmcdn.io\/e1\/w:480,h:384,v:1\/cpm\/wp-content\/uploads\/2024\/04\/air-separator.jpg?s=c67c428d\">\n\t\t<img  loading=\"lazy\"src=\"https:\/\/img.nmcdn.io\/e1\/w:600,h:480,v:1\/cpm\/wp-content\/uploads\/2024\/04\/air-separator.jpg?s=e6f9a19e\" width=\"500\" height=\"400\" alt=\"\" aria-hidden=\"true\">\n\t<\/picture>\n<\/div>\n                                                <\/div>\n\n    <\/div>\t\t\t\t\t\t\t<\/div>\n\t\t\t\t\t\t<\/div>\n\t\t\t\t\t\t\t\t\t\t\t\t<\/div>\n\t\t\t\n\t\t<\/div>\n\t\t\t\t\n\t<\/div>\n\t\t\t<\/div>\n\n\t\t\t\t\n\t<\/div>\n\n\n\n\t\n\n\t\t\t\n\t\n<div id=\"block_b2cfec58af7701493ae073cc877b0df9\" class=\"nmc-block nmc-block--split block-container -Width alignfull\">\n\t\n\t\t\n\t\t\t<div class=\"blockbody\">\n\t\t\t\t\t<div class=\"bound boundwider\">\n\t\t\n\n<div class=\"split-half\">\n\t<div class=\"split-half-content\">\n\n\t\t\n\n<p><\/p>\n\n\n\t\t\n\t<\/div>\n<\/div>\n\n\n<div class=\"split-half\">\n\t<div class=\"split-half-content\">\n\n\t\t\n\n<p class=\"is-style-eyebrow-heading\">Complete suas solu\u00e7\u00f5es<\/p>\n\n\n\n<h2 class=\"wp-block-heading\">Completo <strong>Solu\u00e7\u00f5es de ciclo de vida<\/strong><\/h2>\n\n\n\n<p>De pe\u00e7as globais e suporte de servi\u00e7o a sistemas avan\u00e7ados de automa\u00e7\u00e3o, o CPM mant\u00e9m suas opera\u00e7\u00f5es funcionando sem problemas, com efici\u00eancia e sem interrup\u00e7\u00f5es.<\/p>\n\n\n\t\t\n\t<\/div>\n<\/div>\n\n\t<\/div>\n\t\t\t<\/div>\n\n\t\t\t\t\n\t<\/div>\n\n\n\n\t\n\n\t\t\t\n\t\n<div id=\"block_2d9b9605050e807d6804d28edc6081bf\" class=\"nmc-block nmc-block--split block-container -Width alignfull\">\n\t\n\t\t\n\t\t\t<div class=\"blockbody\">\n\t\t\t\t\t<div class=\"bound boundwider\">\n\t\t\n\n<div class=\"split-half\">\n\t<div class=\"split-half-content\">\n\n\t\t\n\n<div class=\"split-half-image\">\n\t\t\t\t\t\t\t\t\t\t<picture>\n\t\t<source media=\"(max-width: 400px)\" srcset=\"https:\/\/img.nmcdn.io\/e1\/w:500,h:282,v:1\/cpm\/wp-content\/uploads\/2024\/07\/aftermarket-fieldservices-tab1.jpg?s=9cb68f03\">\n\t\t<img decoding=\"async\" loading=\"lazy\" style=\"aspect-ratio: 1.7777777777778;\" src=\"https:\/\/img.nmcdn.io\/e1\/w:800,h:450,v:1\/cpm\/wp-content\/uploads\/2024\/07\/aftermarket-fieldservices-tab1.jpg?s=56d17541\" width=\"800\" height=\"450\" alt=\"Field Services\">\n\t<\/picture>\n<\/div>\n\n\n\n<h3 class=\"wp-block-heading\" style=\"font-style:normal;font-weight:500\">Automa\u00e7\u00e3o<\/h3>\n\n\n\n\n\n\t\t\t\t\n\n<div class=\"nmc-block nmc-block--buttons\" id=\"block_d7dfc1c442061c60bc4a8294c4b08153\">\n\t<div class=\"blockbody\">\n\t\n\t\t\t\t\t\t\t\t\t\t\t\n\t\t<a href=\"https:\/\/onecpm.com\/pt_br\/automation\/\" class=\"btn -non-btn  -icon\" >Saber mais<svg xmlns=\"http:\/\/www.w3.org\/2000\/svg\" width=\"17\" height=\"12\" viewbox=\"0 0 17 12\" fill=\"none\" role=\"img\" aria-hidden=\"true\" focusable=\"false\"><title>arrow<\/title>\n<path fill-rule=\"evenodd\" clip-rule=\"evenodd\" d=\"M13.9176 6.28571L8.65133 10.5863L9.42733 11.4286L16.3999 5.71429L9.41476 0L8.65362 0.860571L13.9153 5.14286L0.399902 5.14286L0.399902 6.28571L13.9176 6.28571Z\" fill=\"white\"\/>\n<\/svg><\/a>\n\t\t<\/div>\n<\/div>\n\n\t\t\n\t<\/div>\n<\/div>\n\n\n<div class=\"split-half\">\n\t<div class=\"split-half-content\">\n\n\t\t\n\n\n\n\n<div class=\"split-half-image\">\n\t\t\t\t\t\t\t\t\t\t<picture>\n\t\t<source media=\"(max-width: 400px)\" srcset=\"https:\/\/img.nmcdn.io\/e1\/w:500,h:282,v:1\/cpm\/wp-content\/uploads\/2024\/07\/aftermarket-fieldservices-tab1-1.jpg?s=b4c16c93\">\n\t\t<img decoding=\"async\" loading=\"lazy\" style=\"aspect-ratio: 1.7777777777778;\" src=\"https:\/\/img.nmcdn.io\/e1\/w:800,h:450,v:1\/cpm\/wp-content\/uploads\/2024\/07\/aftermarket-fieldservices-tab1-1.jpg?s=9bc1048b\" width=\"800\" height=\"450\" alt=\"Field Services\">\n\t<\/picture>\n<\/div>\n\n\n\n<h3 class=\"wp-block-heading\" style=\"font-style:normal;font-weight:400\">P\u00f3s-venda<\/h3>\n\n\n\n\n\n\t\t\t\t\n\n<div class=\"nmc-block nmc-block--buttons\" id=\"block_ea592379f8f13c022859d8c80585e2bd\">\n\t<div class=\"blockbody\">\n\t\n\t\t\t\t\t\t\t\t\t\t\t\n\t\t<a href=\"https:\/\/onecpm.com\/pt_br\/aftermarket-service\/\" class=\"btn -non-btn  -icon\" >Saber mais<svg xmlns=\"http:\/\/www.w3.org\/2000\/svg\" width=\"17\" height=\"12\" viewbox=\"0 0 17 12\" fill=\"none\" role=\"img\" aria-hidden=\"true\" focusable=\"false\"><title>arrow<\/title>\n<path fill-rule=\"evenodd\" clip-rule=\"evenodd\" d=\"M13.9176 6.28571L8.65133 10.5863L9.42733 11.4286L16.3999 5.71429L9.41476 0L8.65362 0.860571L13.9153 5.14286L0.399902 5.14286L0.399902 6.28571L13.9176 6.28571Z\" fill=\"white\"\/>\n<\/svg><\/a>\n\t\t<\/div>\n<\/div>\n\n\n\n\n\t\t\t\t\n\n<div class=\"nmc-block nmc-block--buttons\" id=\"block_0bcdd48def8eae60e0b7c02f5aa347b7\">\n\t<div class=\"blockbody\">\n\t\n\t\t\t\t\t\t\t\t\t\t\t\n\t\t\n\t\t<\/div>\n<\/div>\n\n\t\t\n\t<\/div>\n<\/div>\n\n\t<\/div>\n\t\t\t<\/div>\n\n\t\t\t\t\n\t<\/div>\n\n\n\n\t\n\n\t\t\t\t\t\t\t\n\t\n<div id=\"block_49ecb532eefec0037a705f2f674bf6dc\" class=\"nmc-block nmc-block--cta block-container alignfull -widerWidth\">\n\t\n\t\t\n\t\t\t<div class=\"blockbody\">\n\t\t\t\t<div class=\"bound boundwider\">\n\t<div class=\"cta-wrap -mode-dark\">\n\t\t<div class=\"cta-background\">\n\t\t\t<div class=\"image\">\n\t\t\t\t\t\t\t\t\n<picture>\n\t<source srcset=\"https:\/\/img.nmcdn.io\/e1\/w:900,h:750,v:1\/cpm\/wp-content\/uploads\/2024\/04\/global-equipment_CTA2.jpg?s=68d3ce6a\" width=\"900\" height=\"750\" media=\"(max-width: 900px)\" type=\"image\/webp\">\n\t<source srcset=\"https:\/\/img.nmcdn.io\/e1\/w:900,h:750,v:1\/cpm\/wp-content\/uploads\/2024\/04\/global-equipment_CTA2.jpg?s=68d3ce6a\" width=\"900\" height=\"750\" media=\"(max-width: 900px)\">\n\t<source srcset=\"https:\/\/img.nmcdn.io\/e1\/w:1440,h:725,v:1\/cpm\/wp-content\/uploads\/2024\/04\/global-equipment_CTA2.jpg?s=0967c4d0\" type=\"image\/webp\">\n\t<img loading=\"lazy\" decoding=\"async\" src=\"https:\/\/img.nmcdn.io\/e1\/w:1440,h:725,v:1\/cpm\/wp-content\/uploads\/2024\/04\/global-equipment_CTA2.jpg?s=0967c4d0\" width=\"1440\" height=\"725\" alt=\"\">\n<\/picture>\n\t\t\t<\/div>\n\t\t<\/div>\n\t\t<div class=\"cta-content\">\n\t\t\t<div class=\"content\">\n\t\t\t\t                                                                                                                                                                                                            <h2 class=\"block-title\"><strong>Veja por si mesmo<\/strong> o que nossos equipamentos podem fazer<\/h2>\t\t\t\t\t\t\t\t\n\t\t\t\t\t\t\t\t\t<div class=\"buttons\">\n\t\t\t\t\t\t\t\t\t\t\t\t\t<a href=\"https:\/\/onecpm.com\/pt_br\/about-cpm\/contact-us\/\" target=\"\" class=\"btn -non-btn\">Entrar em contato <svg xmlns=\"http:\/\/www.w3.org\/2000\/svg\" width=\"17\" height=\"12\" viewbox=\"0 0 17 12\" fill=\"none\" role=\"img\" aria-hidden=\"true\" focusable=\"false\"><title>arrow<\/title>\n<path fill-rule=\"evenodd\" clip-rule=\"evenodd\" d=\"M13.9176 6.28571L8.65133 10.5863L9.42733 11.4286L16.3999 5.71429L9.41476 0L8.65362 0.860571L13.9153 5.14286L0.399902 5.14286L0.399902 6.28571L13.9176 6.28571Z\" fill=\"white\"\/>\n<\/svg><\/a>\n\t\t\t\t\t\t\t\t\t\t\t<\/div>\n\t\t\t\t\t\t\t\t\n\t\t\t<\/div>\n\t\t<\/div>\n\t<\/div>\n<\/div>\n\t\t\t<\/div>\n\n\t\t\t\t\n\t<\/div>","protected":false},"template":"","class_list":["post-1846","product","type-product","status-publish","hentry"],"acf":[],"_links":{"self":[{"href":"https:\/\/onecpm.com\/pt_br\/wp-json\/wp\/v2\/product\/1846","targetHints":{"allow":["GET"]}}],"collection":[{"href":"https:\/\/onecpm.com\/pt_br\/wp-json\/wp\/v2\/product"}],"about":[{"href":"https:\/\/onecpm.com\/pt_br\/wp-json\/wp\/v2\/types\/product"}],"wp:attachment":[{"href":"https:\/\/onecpm.com\/pt_br\/wp-json\/wp\/v2\/media?parent=1846"}],"curies":[{"name":"wp","href":"https:\/\/api.w.org\/{rel}","templated":true}]}}