{"id":10597,"date":"2025-04-08T10:30:26","date_gmt":"2025-04-08T10:30:26","guid":{"rendered":"https:\/\/onecpm.com\/?page_id=10597"},"modified":"2025-04-08T10:38:20","modified_gmt":"2025-04-08T10:38:20","slug":"ethanol","status":"publish","type":"page","link":"https:\/\/onecpm.com\/vi\/ethanol","title":{"rendered":"Ethanol"},"content":{"rendered":"<div id=\"block_199d98c0a4e2ca904b096c77236b654b\" class=\"nmc-block nmc-block--masthead-basic block-container\">\n\t\n\t\t\n\t\t\t<div class=\"blockbody\">\n\t\t\t\t<div class=\"masthead-content\">\n\t\t\t\t\t\t\t\t\t\t\t\t\t\t\t\t\t\t\t\t\t\t\t\t\t\t\t\t\t<h1 class=\"page-title\">Ethanol<\/h1>\n\t<div class=\"page-intro\"><p>Crown cung c\u1ea5p hai quy tr\u00ecnh nh\u1eb1m n\u00e2ng cao hi\u1ec7u qu\u1ea3 v\u00e0 l\u1ee3i nhu\u1eadn c\u1ee7a c\u00e1c nh\u00e0 m\u00e1y s\u1ea3n xu\u1ea5t ethanol b\u1eb1ng c\u00e1ch b\u1ed5 sung thi\u1ebft b\u1ecb tr\u01b0\u1edbc ho\u1eb7c sau qu\u00e1 tr\u00ecnh l\u00ean men ethanol.<\/p>\n<\/div>\t\t\t\t<\/div>\n\t\t\t<\/div>\n\n\t\t\t\t\n\t<\/div>\n\n\n\n\n<figure class=\"wp-block-image size-large\"><img loading=\"lazy\" decoding=\"async\" width=\"1024\" height=\"307\" src=\"https:\/\/onecpm.com\/wp-content\/uploads\/2025\/04\/ethanol-1024x307.jpg\" alt=\"\" class=\"wp-image-10598\" srcset=\"https:\/\/onecpm.com\/wp-content\/uploads\/2025\/04\/ethanol-1024x307.jpg 1024w, https:\/\/onecpm.com\/wp-content\/uploads\/2025\/04\/ethanol-300x90.jpg 300w, https:\/\/onecpm.com\/wp-content\/uploads\/2025\/04\/ethanol-768x230.jpg 768w, https:\/\/onecpm.com\/wp-content\/uploads\/2025\/04\/ethanol-18x5.jpg 18w, https:\/\/onecpm.com\/wp-content\/uploads\/2025\/04\/ethanol-540x162.jpg 540w, https:\/\/onecpm.com\/wp-content\/uploads\/2025\/04\/ethanol-900x270.jpg 900w, https:\/\/onecpm.com\/wp-content\/uploads\/2025\/04\/ethanol.jpg 1200w\" sizes=\"auto, (max-width: 1024px) 100vw, 1024px\" \/><\/figure>\n\n\n\n<p>Ph\u00e2n \u0111o\u1ea1n ng\u00f4 l\u00e0 qu\u00e1 tr\u00ecnh t\u00e1ch ph\u00f4i v\u00e0 c\u00e1m kh\u1ecfi tinh b\u1ed9t \u0111\u1ec3 c\u00e1c s\u1ea3n ph\u1ea9m n\u00e0y c\u00f3 th\u1ec3 \u0111\u01b0\u1ee3c b\u00e1n nh\u01b0 c\u00e1c s\u1ea3n ph\u1ea9m c\u00f3 gi\u00e1 tr\u1ecb gia t\u0103ng v\u00e0 kh\u00f4ng tr\u1edf th\u00e0nh m\u1ed9t ph\u1ea7n c\u1ee7a qu\u00e1 tr\u00ecnh l\u00ean men tinh b\u1ed9t. Ph\u00f4i c\u00f3 th\u1ec3 \u0111\u01b0\u1ee3c t\u00e1ch l\u1ea1i \u0111\u1ec3 lo\u1ea1i b\u1ecf d\u1ea7u b\u1eb1ng c\u00e1ch th\u00eam c\u00f4ng ngh\u1ec7 chi\u1ebft xu\u1ea5t dung m\u00f4i v\u00e0 tinh ch\u1ebf d\u1ea7u c\u1ee7a Crown \u0111\u1ec3 chuy\u1ec3n \u0111\u1ed5i ph\u00f4i th\u00e0nh hai s\u1ea3n ph\u1ea9m cao c\u1ea5p b\u1ed5 sung: th\u1ee9c \u0103n ch\u0103n nu\u00f4i v\u00e0 d\u1ea7u \u0103n. M\u1ed9t h\u1ea1t ng\u00f4 th\u00f4ng th\u01b0\u1eddng ch\u1ee9a d\u1ea7u 4% c\u00f3 th\u1ec3 \u0111\u01b0\u1ee3c b\u00e1n nh\u01b0 d\u1ea7u th\u1ef1c ph\u1ea9m, c\u00f3 gi\u00e1 tr\u1ecb h\u01a1n d\u1ea7u th\u00f4.<\/p>\n\n\n\n<p>Ti\u1ec1n x\u1eed l\u00fd biodiesel l\u00e0 qu\u00e1 tr\u00ecnh l\u1ea5y d\u1ea7u th\u00f4 \u0111\u01b0\u1ee3c chi\u1ebft xu\u1ea5t t\u1eeb ph\u1ea7n cu\u1ed1i c\u1ee7a qu\u00e1 tr\u00ecnh nghi\u1ec1n kh\u00f4 ethanol v\u00e0 l\u00e0m cho n\u00f3 ph\u00f9 h\u1ee3p \u0111\u1ec3 s\u1eed d\u1ee5ng trong nh\u00e0 m\u00e1y biodiesel v\u00ec ch\u1ea5t l\u01b0\u1ee3ng c\u1ee7a lo\u1ea1i d\u1ea7u th\u00f4 n\u00e0y th\u01b0\u1eddng th\u1ea5p h\u01a1n so v\u1edbi nhu c\u1ea7u c\u1ee7a h\u1ea7u h\u1ebft c\u00e1c nh\u00e0 m\u00e1y biodiesel. M\u1ed9t s\u1ed1 nh\u00e0 m\u00e1y biodiesel \u0111\u00e3 quy\u1ebft \u0111\u1ecbnh th\u00eam thi\u1ebft b\u1ecb ti\u1ec1n x\u1eed l\u00fd n\u00e0y t\u1ea1i c\u00f9ng m\u1ed9t \u0111\u1ecba \u0111i\u1ec3m v\u1edbi nh\u00e0 m\u00e1y biodiesel. Nh\u1eefng nh\u00e0 m\u00e1y kh\u00e1c hi\u1ec7n kh\u00f4ng c\u00f3 kh\u1ea3 n\u0103ng ti\u1ec1n x\u1eed l\u00fd v\u00e0 s\u1ebd c\u1ea7n mua d\u1ea7u \u0111\u00e3 \u0111\u01b0\u1ee3c x\u1eed l\u00fd tr\u01b0\u1edbc \u0111\u00fang c\u00e1ch.<\/p>\n\n\n\n<figure class=\"wp-block-image size-full\"><img loading=\"lazy\" decoding=\"async\" width=\"766\" height=\"395\" src=\"https:\/\/onecpm.com\/wp-content\/uploads\/2025\/04\/corn-fractionation.jpg\" alt=\"\" class=\"wp-image-10605\" srcset=\"https:\/\/onecpm.com\/wp-content\/uploads\/2025\/04\/corn-fractionation.jpg 766w, https:\/\/onecpm.com\/wp-content\/uploads\/2025\/04\/corn-fractionation-300x155.jpg 300w, https:\/\/onecpm.com\/wp-content\/uploads\/2025\/04\/corn-fractionation-18x9.jpg 18w, https:\/\/onecpm.com\/wp-content\/uploads\/2025\/04\/corn-fractionation-540x278.jpg 540w\" sizes=\"auto, (max-width: 766px) 100vw, 766px\" \/><\/figure>\n\n\n\n<h2 class=\"wp-block-heading\">Ph\u00e2n lo\u1ea1i ng\u00f4<\/h2>\n\n\n\n<p>H\u1ec7 th\u1ed1ng ph\u00e2n \u0111o\u1ea1n Crown t\u00e1ch ng\u00f4 th\u00e0nh ba th\u00e0nh ph\u1ea7n: tinh b\u1ed9t, m\u1ea7m v\u00e0 c\u00e1m. Vi\u1ec7c t\u00e1ch c\u00e1c s\u1ea3n ph\u1ea9m kh\u00f4ng l\u00ean men, ch\u1eb3ng h\u1ea1n nh\u01b0 m\u1ea7m v\u00e0 c\u00e1m, kh\u1ecfi tinh b\u1ed9t l\u00e0m t\u0103ng hi\u1ec7u qu\u1ea3 v\u00e0 s\u1ea3n l\u01b0\u1ee3ng c\u1ee7a nh\u00e0 m\u00e1y s\u1ea3n xu\u1ea5t ethanol tr\u00ean m\u1ed7i gi\u1ea1 v\u00e0 l\u00e0 b\u01b0\u1edbc \u0111\u1ea7u ti\u00ean \u0111\u1ec3 t\u1ea1o ra c\u00e1c s\u1ea3n ph\u1ea9m ph\u1ee5 c\u00f3 gi\u00e1 tr\u1ecb gia t\u0103ng.<\/p>\n\n\n\n<p>Qu\u00e1 tr\u00ecnh n\u00e0y b\u1eaft \u0111\u1ea7u b\u1eb1ng vi\u1ec7c ng\u00f4 \u0111\u01b0\u1ee3c \u1ee7, cho ph\u00e9p ng\u00f4 h\u1ea5p th\u1ee5 \u0111\u1ed9 \u1ea9m c\u1ea7n thi\u1ebft \u0111\u1ec3 ph\u00e2n \u0111o\u1ea1n. Ng\u00f4 \u0111\u00e3 \u1ee7 \u0111\u01b0\u1ee3c chuy\u1ec3n \u0111\u1ebfn m\u00e1y t\u00e1ch m\u1ea7m, t\u1ea1i \u0111\u00f3 ng\u00f4 b\u1ecb n\u1ee9t, t\u00e1ch tinh b\u1ed9t trong khi v\u1eabn gi\u1eef \u0111\u01b0\u1ee3c t\u00ednh to\u00e0n v\u1eb9n c\u1ee7a m\u1ea7m. Ng\u00f4 \u0111\u00e3 ph\u00e2n \u0111o\u1ea1n \u0111\u01b0\u1ee3c s\u00e0ng l\u1ecdc v\u00e0 h\u00fat, t\u00e1ch tinh b\u1ed9t, m\u1ea7m v\u00e0 c\u00e1m. Tinh b\u1ed9t \u0111\u01b0\u1ee3c chuy\u1ec3n \u0111\u1ebfn nh\u00e0 m\u00e1y s\u1ea3n xu\u1ea5t ethanol v\u00e0 c\u00e1m \u0111\u01b0\u1ee3c l\u01b0u tr\u1eef \u0111\u1ec3 b\u00e1n. M\u1ea7m c\u00f3 th\u1ec3 \u0111\u01b0\u1ee3c chuy\u1ec3n \u0111\u1ebfn nh\u00e0 m\u00e1y thu h\u1ed3i d\u1ea7u ho\u1eb7c \u0111\u01b0\u1ee3c nghi\u1ec1n v\u00e0 b\u00e1n l\u00e0m th\u1ee9c \u0103n ch\u0103n nu\u00f4i.<\/p>\n\n\n\n<p>D\u1ea7u c\u00f3 th\u1ec3 \u0111\u01b0\u1ee3c thu h\u1ed3i b\u1eb1ng c\u00e1ch&nbsp;<a href=\"https:\/\/www.crowniron.com\/technologies\/oilseed-extraction\/model-iii-extractor\">khai th\u00e1c c\u01a1 h\u1ecdc<\/a>&nbsp;ho\u1eb7c&nbsp;<a href=\"https:\/\/www.crowniron.com\/technologies\/oilseed-extraction\">chi\u1ebft xu\u1ea5t dung m\u00f4i<\/a>. Chi\u1ebft xu\u1ea5t c\u01a1 h\u1ecdc \u0111\u01b0\u1ee3c th\u1ef1c hi\u1ec7n b\u1eb1ng v\u00edt c\u01a1 h\u1ecdc&nbsp;<a href=\"https:\/\/www.crowniron.com\/technologies\/oilseed-preparation\/presses\">b\u00e1o ch\u00ed<\/a>. M\u00e1y \u00e9p tr\u1ee5c v\u00edt c\u01a1 h\u1ecdc \u00e9p d\u1ea7u ra kh\u1ecfi m\u1ea7m. D\u1ea7u \u0111\u01b0\u1ee3c l\u00e0m trong v\u00e0 sau \u0111\u00f3 c\u00f3 th\u1ec3 \u0111\u01b0\u1ee3c&nbsp;<a href=\"https:\/\/www.crowniron.com\/technologies\/oils-and-fats\/refining\">tinh ch\u1ebf<\/a>&nbsp;th\u00e0nh d\u1ea7u \u0103n. Chi\u1ebft xu\u1ea5t b\u1eb1ng dung m\u00f4i l\u00e0 ph\u01b0\u01a1ng ph\u00e1p chi\u1ebft xu\u1ea5t h\u00f3a h\u1ecdc trong \u0111\u00f3 d\u1ea7u \u0111\u01b0\u1ee3c chi\u1ebft xu\u1ea5t b\u1eb1ng dung m\u00f4i. D\u1ea7u t\u1eeb qu\u00e1 tr\u00ecnh chi\u1ebft xu\u1ea5t b\u1eb1ng dung m\u00f4i c\u0169ng c\u00f3 th\u1ec3 \u0111\u01b0\u1ee3c tinh ch\u1ebf th\u00e0nh d\u1ea7u \u0103n.<\/p>\n\n\n\n<p>Vi\u1ec7c b\u1ed5 sung c\u00f4ng ngh\u1ec7 chi\u1ebft xu\u1ea5t v\u00e0 tinh ch\u1ebf d\u1ea7u c\u1ee7a Crown s\u1ebd chuy\u1ec3n \u0111\u1ed5i m\u1ea7m th\u00e0nh hai s\u1ea3n ph\u1ea9m cao c\u1ea5p b\u1ed5 sung: th\u1ee9c \u0103n ch\u0103n nu\u00f4i v\u00e0 d\u1ea7u \u0103n. M\u1ed9t h\u1ea1t nh\u00e2n \u0111i\u1ec3n h\u00ecnh ch\u1ee9a d\u1ea7u 4% c\u00f3 th\u1ec3 \u0111\u01b0\u1ee3c b\u00e1n d\u01b0\u1edbi d\u1ea1ng d\u1ea7u th\u1ef1c ph\u1ea9m, c\u00f3 nhi\u1ec1u<\/p>\n\n\n\n\n\t\n\n\t\t\t\t\t\t\t\n\n<div id=\"block_d526f2f2717f5a69f510400d7e487866\" class=\"nmc-block nmc-block--related-resources block-container alignfull\">\n\t\n\t\t\n\t\t\t<div class=\"blockbody\">\n\t\t\t\t\t<div class=\"bound boundwider\">\n\t\t<div class=\"block-intro\">\n\t\t\t                                                                        <h2 class=\"block-title\">T\u00e0i nguy\u00ean li\u00ean quan<\/h2>\t\t\t\t\t<\/div>\n\t\t\t\t\t\t\t<div class=\"slider-wrap\">\n\t\t\t<div id=\"slider-block_d526f2f2717f5a69f510400d7e487866-slider\" class=\"nmc-slider scrollable snaps\" data-nmc-slider data-nmc-slider-loop role=\"region\" aria-label=\"B\u0103ng chuy\u1ec1n xem tr\u01b0\u1edbc n\u1ed9i dung\">\n\t\t\t\t\t\t\t\t\t\t\t\t\t\t\t\t\t\t\t<div class=\"nmc-slide\" role=\"group\" aria-label=\"Trang tr\u00ecnh b\u00e0y 1 tr\u00ean 1\" aria-current=\"true\">\n\t\t\t\t\t\t\n<div class=\"partial -resource -card\">\n    <div class=\"text\">\n        <h3 class=\"heading\">\n            <a href=\"https:\/\/onecpm.com\/vi\/resource\/corn-fractionation\" target=\"_blank\" class=\"link\">Ph\u00e2n lo\u1ea1i ng\u00f4<\/a>\n        <\/h3>\n                    <div class=\"excerpt\"><\/div>\n            <\/div>\n    <div class=\"download-bottom\" aria-hidden=\"true\">\n                    Truy c\u1eadp t\u00e0i nguy\u00ean <svg xmlns=\"http:\/\/www.w3.org\/2000\/svg\" width=\"18\" height=\"18\" viewbox=\"0 0 18 18\" fill=\"none\" role=\"img\" aria-hidden=\"true\" focusable=\"false\">\n\t<title>download<\/title>\n    <path d=\"M8.99872 4.82129C8.90339 4.82129 8.81192 4.85915 8.74451 4.92656C8.67704 4.99403 8.63918 5.08543 8.63918 5.18083V10.7537L6.39926 8.50295C6.30838 8.41207 6.1759 8.37655 6.05178 8.40979C5.92767 8.44309 5.83064 8.54005 5.79741 8.66416C5.76417 8.78834 5.79964 8.92077 5.89051 9.01164L8.74524 11.8664C8.76203 11.8827 8.78005 11.8977 8.79919 11.9113H8.81359L8.86034 11.9365H8.88194H8.88188C8.89692 11.9426 8.9126 11.9468 8.92863 11.949C8.95192 11.9518 8.97545 11.9518 8.99874 11.949C9.02261 11.9517 9.04672 11.9517 9.07066 11.949C9.08605 11.9465 9.10115 11.9423 9.1156 11.9365H9.13719L9.18395 11.9113H9.19834L9.25406 11.8664L12.107 9.01164C12.1979 8.92076 12.2333 8.78834 12.2001 8.66416C12.1668 8.54004 12.0698 8.44308 11.9457 8.40979C11.8216 8.37655 11.6891 8.41207 11.5982 8.50295L9.35832 10.7447V5.18083C9.35832 5.08545 9.32046 4.99404 9.25299 4.92656C9.18557 4.85915 9.09412 4.82129 8.99878 4.82129H8.99872Z\" fill=\"white\"\/>\n    <path d=\"M6.14472 13.4754H11.8542C11.9826 13.4754 12.1013 13.4069 12.1655 13.2957C12.2298 13.1844 12.2298 13.0474 12.1655 12.9361C12.1013 12.8249 11.9826 12.7563 11.8542 12.7563H6.14472C6.01627 12.7563 5.89754 12.8249 5.83335 12.9361C5.76909 13.0474 5.76909 13.1844 5.83335 13.2957C5.89754 13.4069 6.01628 13.4754 6.14472 13.4754Z\" fill=\"white\"\/>\n    <circle cx=\"9\" cy=\"9\" r=\"8.5\" stroke=\"white\"\/>\n<\/svg>            <\/div>\n<\/div>\t\t\t\t\t<\/div>\n\t\t\t\t\t\t\t<\/div>\n\t\t<\/div>\n\t<\/div>\n\t\t\t<\/div>\n\n\t\t\t\t\n\t<\/div>","protected":false},"excerpt":{"rendered":"<p>Corn fractionation is the process of separating the germ and bran from the starch so that these products can be sold as value-added products and not end up as part of the starch fermentation process. The germ can be separated again to remove the oil by adding Crown\u2019s solvent extraction and oil refining technologies to [&hellip;]<\/p>\n","protected":false},"author":4,"featured_media":0,"parent":0,"menu_order":0,"comment_status":"closed","ping_status":"closed","template":"","meta":{"_acf_changed":false,"footnotes":""},"class_list":["post-10597","page","type-page","status-publish","hentry"],"acf":[],"_links":{"self":[{"href":"https:\/\/onecpm.com\/vi\/wp-json\/wp\/v2\/pages\/10597","targetHints":{"allow":["GET"]}}],"collection":[{"href":"https:\/\/onecpm.com\/vi\/wp-json\/wp\/v2\/pages"}],"about":[{"href":"https:\/\/onecpm.com\/vi\/wp-json\/wp\/v2\/types\/page"}],"author":[{"embeddable":true,"href":"https:\/\/onecpm.com\/vi\/wp-json\/wp\/v2\/users\/4"}],"replies":[{"embeddable":true,"href":"https:\/\/onecpm.com\/vi\/wp-json\/wp\/v2\/comments?post=10597"}],"version-history":[{"count":3,"href":"https:\/\/onecpm.com\/vi\/wp-json\/wp\/v2\/pages\/10597\/revisions"}],"predecessor-version":[{"id":10606,"href":"https:\/\/onecpm.com\/vi\/wp-json\/wp\/v2\/pages\/10597\/revisions\/10606"}],"wp:attachment":[{"href":"https:\/\/onecpm.com\/vi\/wp-json\/wp\/v2\/media?parent=10597"}],"curies":[{"name":"wp","href":"https:\/\/api.w.org\/{rel}","templated":true}]}}