{"id":11907,"date":"2026-04-22T10:43:23","date_gmt":"2026-04-22T10:43:23","guid":{"rendered":"https:\/\/onecpm.com\/?page_id=11907"},"modified":"2026-04-29T14:59:57","modified_gmt":"2026-04-29T14:59:57","slug":"cpm-insights","status":"publish","type":"page","link":"https:\/\/onecpm.com\/vi\/aftermarket-service\/cpm-insights","title":{"rendered":"Th\u00f4ng tin chi ti\u1ebft v\u1ec1 CPM"},"content":{"rendered":"<div id=\"block_803fa43db97d29537e25a3811cdf6e39\" class=\"nmc-block nmc-block--masthead-basic block-container\">\n\t\n\t\t\n\t\t\t<div class=\"blockbody\">\n\t\t\t\t<div class=\"masthead-content\">\n\t\t\t\t\t\t\t\t\t\t\t\t\t\t\t\t\t\t\t\t\t\t\t\t\t\t\t\t\t\t\t\t\t\t\t\t\t\t\t\t\t\t\t\t\t\t\t\t\t\t\t\t\t\t\t\t\t\t\t\t\t\t\t\t\t\t\t\t\t\t\t\t\t\t\t\t\t\t\t\t\t\t\t\t\t\t\t\t\t\t\t\t\t\t\t\t\t\t\t\t\t\t\t\t\t\t\t\t\t\t\t\t\t\t\t\t\t\t\t\t\t\t\t\t\t\t\t\t\t\t\t\t\t\t\t\t\t\t\t\t\t\t\t\t\t\t\t\t\t\t\t\t\t\t\t\t\t\t\t\t\t\t\t\t\t\t\t\t\t\t\t\t\t<h1 class=\"page-title\">CPM Insight Hub: \u00dd t\u01b0\u1edfng, hi\u1ec3u bi\u1ebft v\u00e0 chuy\u00ean m\u00f4n trong ng\u00e0nh<\/h1>\n\t<div class=\"page-intro\"><p>\u0110\u00e2y l\u00e0 n\u01a1i t\u1eadp trung nh\u1eefng t\u01b0 duy m\u1edbi nh\u1ea5t c\u1ee7a CPM, quy t\u1ee5 nh\u1eefng hi\u1ec3u bi\u1ebft chuy\u00ean s\u00e2u, c\u00e1c b\u00e1o c\u00e1o chuy\u00ean \u0111\u1ec1 v\u00e0 n\u1ed9i dung chi ti\u1ebft \u0111\u01b0\u1ee3c thi\u1ebft k\u1ebf \u0111\u1ec3 h\u1ed7 tr\u1ee3 vi\u1ec7c ra quy\u1ebft \u0111\u1ecbnh s\u00e1ng su\u1ed1t trong c\u00e1c ng\u00e0nh m\u00e0 ch\u00fang t\u00f4i ph\u1ee5c v\u1ee5. \u0110\u01b0\u1ee3c x\u00e2y d\u1ef1ng \u0111\u1ec3 chia s\u1ebb ki\u1ebfn th\u1ee9c, th\u00e1ch th\u1ee9c c\u00e1c quan \u0111i\u1ec3m v\u00e0 k\u1ebft n\u1ed1i c\u00e1c xu h\u01b0\u1edbng th\u1ecb tr\u01b0\u1eddng v\u1edbi t\u00e1c \u0111\u1ed9ng th\u1ef1c ti\u1ec5n \u0111\u1ebfn ho\u1ea1t \u0111\u1ed9ng kinh doanh.<\/p>\n<\/div>\t\t\t\t<\/div>\n\t\t\t<\/div>\n\n\t\t\t\t\n\t<\/div>\n\n\n\n\n\n\t\n\n\t\t\t\t\t\t\t\n\n<div id=\"block_b6b8965e2756294fc5cabf338095cc9a\" class=\"nmc-block nmc-block--latest-insights-alt block-container alignfull\">\n\t\n\t\t\n\t\t\t<div class=\"blockbody\">\n\t\t\t\t<div class=\"bound boundwider\">\n\t<div class=\"block-intro\">\n\t\t        \t\t\t<\/div>\n\t\n\n\t\n\t\t\n\t\n\t<section class=\"listing-wrapper -columns-3\">\n\t\t\t\t\t<div class=\"partial-container\">\n\t\t\t\t<div class=\"partial -news -card\">\n\t\t<div class=\"image\">\n\t\t\n<div class=\"image-auto\" style=\"aspect-ratio: 960 \/ 889;\">\n\t<picture>\n\t\t<source \n\t\t\tmedia=\"(max-width: 600px)\"\n\t\t\tsrcset=\"https:\/\/img.nmcdn.io\/e1\/w:480,h:445,v:1\/cpm\/wp-content\/uploads\/2026\/03\/Scientist-analyzing-small-plant.jpg?s=9c74d127\">\n\t\t<img  loading=\"lazy\"src=\"https:\/\/img.nmcdn.io\/e1\/w:600,h:556,v:1\/cpm\/wp-content\/uploads\/2026\/03\/Scientist-analyzing-small-plant.jpg?s=5786176b\" width=\"960\" height=\"889\" alt=\"\" aria-hidden=\"true\">\n\t<\/picture>\n<\/div>\n\t<\/div>\n        <div class=\"text\">\n\t\t        <h2 class=\"item-title\">\n\t\t\t<a href=\"https:\/\/onecpm.com\/vi\/insights\/why-food-security-is-built-long-before-food-reaches-the-plate\" class=\"link\">\n                V\u00ec sao an ninh l\u01b0\u01a1ng th\u1ef1c \u0111\u01b0\u1ee3c x\u00e2y d\u1ef1ng t\u1eeb r\u1ea5t l\u00e2u tr\u01b0\u1edbc khi th\u1ee9c \u0103n \u0111\u1ebfn \u0111\u01b0\u1ee3c b\u00e0n \u0103n?\n            <\/a>\n        <\/h2>\n\t\t\t\t\t\t\t<p class=\"is-style-eyebrow-heading\">C\u00e1i nh\u00ecn th\u1ea5u su\u1ed1t<\/p>\n\t\t\t\t<div class=\"excerpt\"><\/div>\n    <\/div>\n<\/div>\t\t\t<\/div>\n\t\t\t\t\t<div class=\"partial-container\">\n\t\t\t\t<div class=\"partial -news -card\">\n\t\t<div class=\"image\">\n\t\t\n<div class=\"image-auto\" style=\"aspect-ratio: 1162 \/ 1076;\">\n\t<picture>\n\t\t<source \n\t\t\tmedia=\"(max-width: 600px)\"\n\t\t\tsrcset=\"https:\/\/img.nmcdn.io\/e1\/w:480,h:445,v:1\/cpm\/wp-content\/uploads\/2026\/04\/Spark-Detection.jpg?s=44b6d331\">\n\t\t<img  loading=\"lazy\"src=\"https:\/\/img.nmcdn.io\/e1\/w:600,h:556,v:1\/cpm\/wp-content\/uploads\/2026\/04\/Spark-Detection.jpg?s=4aff7e91\" width=\"1162\" height=\"1076\" alt=\"\" aria-hidden=\"true\">\n\t<\/picture>\n<\/div>\n\t<\/div>\n        <div class=\"text\">\n\t\t        <h2 class=\"item-title\">\n\t\t\t<a href=\"https:\/\/onecpm.com\/vi\/insights\/spark-detection-and-fire-prevention-solutions\" class=\"link\">\n                Gi\u1ea3i ph\u00e1p ph\u00e1t hi\u1ec7n tia l\u1eeda v\u00e0 ph\u00f2ng ch\u1ed1ng ch\u00e1y\u00a0\n            <\/a>\n        <\/h2>\n\t\t\t\t\t\t\t<p class=\"is-style-eyebrow-heading\">C\u00e1i nh\u00ecn th\u1ea5u su\u1ed1t<\/p>\n\t\t\t\t<div class=\"excerpt\"><\/div>\n    <\/div>\n<\/div>\t\t\t<\/div>\n\t\t\t\t\t<div class=\"partial-container\">\n\t\t\t\t<div class=\"partial -news -card\">\n\t\t<div class=\"image\">\n\t\t\n<div class=\"image-auto\" style=\"aspect-ratio: 1000 \/ 926;\">\n\t<picture>\n\t\t<source \n\t\t\tmedia=\"(max-width: 600px)\"\n\t\t\tsrcset=\"https:\/\/img.nmcdn.io\/e1\/w:480,h:445,v:1\/cpm\/wp-content\/uploads\/2026\/04\/energy_monitoring.png?s=bfaf501c\">\n\t\t<img  loading=\"lazy\"src=\"https:\/\/img.nmcdn.io\/e1\/w:600,h:556,v:1\/cpm\/wp-content\/uploads\/2026\/04\/energy_monitoring.png?s=7a38cb15\" width=\"1000\" height=\"926\" alt=\"\" aria-hidden=\"true\">\n\t<\/picture>\n<\/div>\n\t<\/div>\n        <div class=\"text\">\n\t\t        <h2 class=\"item-title\">\n\t\t\t<a href=\"https:\/\/onecpm.com\/vi\/insights\/the-strategic-value-of-energy-monitoring-in-process-manufacturing\" class=\"link\">\n                Gi\u00e1 tr\u1ecb chi\u1ebfn l\u01b0\u1ee3c c\u1ee7a vi\u1ec7c gi\u00e1m s\u00e1t n\u0103ng l\u01b0\u1ee3ng trong s\u1ea3n xu\u1ea5t c\u00f4ng nghi\u1ec7p\u00a0\n            <\/a>\n        <\/h2>\n\t\t\t\t\t\t\t<p class=\"is-style-eyebrow-heading\">C\u00e1i nh\u00ecn th\u1ea5u su\u1ed1t<\/p>\n\t\t\t\t<div class=\"excerpt\"><\/div>\n    <\/div>\n<\/div>\t\t\t<\/div>\n\t\t\t<\/section>\n\t\n<\/div>\n\t\t\t<\/div>\n\n\t\t\t\t\n\t<\/div>\n\n\n<p><\/p>","protected":false},"excerpt":{"rendered":"","protected":false},"author":1,"featured_media":0,"parent":772,"menu_order":0,"comment_status":"closed","ping_status":"closed","template":"","meta":{"_acf_changed":false,"footnotes":""},"class_list":["post-11907","page","type-page","status-publish","hentry"],"acf":[],"_links":{"self":[{"href":"https:\/\/onecpm.com\/vi\/wp-json\/wp\/v2\/pages\/11907","targetHints":{"allow":["GET"]}}],"collection":[{"href":"https:\/\/onecpm.com\/vi\/wp-json\/wp\/v2\/pages"}],"about":[{"href":"https:\/\/onecpm.com\/vi\/wp-json\/wp\/v2\/types\/page"}],"author":[{"embeddable":true,"href":"https:\/\/onecpm.com\/vi\/wp-json\/wp\/v2\/users\/1"}],"replies":[{"embeddable":true,"href":"https:\/\/onecpm.com\/vi\/wp-json\/wp\/v2\/comments?post=11907"}],"version-history":[{"count":11,"href":"https:\/\/onecpm.com\/vi\/wp-json\/wp\/v2\/pages\/11907\/revisions"}],"predecessor-version":[{"id":12565,"href":"https:\/\/onecpm.com\/vi\/wp-json\/wp\/v2\/pages\/11907\/revisions\/12565"}],"up":[{"embeddable":true,"href":"https:\/\/onecpm.com\/vi\/wp-json\/wp\/v2\/pages\/772"}],"wp:attachment":[{"href":"https:\/\/onecpm.com\/vi\/wp-json\/wp\/v2\/media?parent=11907"}],"curies":[{"name":"wp","href":"https:\/\/api.w.org\/{rel}","templated":true}]}}