{"id":193,"date":"2021-10-12T13:14:20","date_gmt":"2021-10-12T13:14:20","guid":{"rendered":"https:\/\/wpbase.epicenter1.com\/?page_id=193"},"modified":"2024-07-09T18:59:53","modified_gmt":"2024-07-09T18:59:53","slug":"news","status":"publish","type":"page","link":"https:\/\/onecpm.com\/vi\/newsroom\/news","title":{"rendered":"Tin t\u1ee9c"},"content":{"rendered":"<div id=\"block_fce216feeb44d9941a218003fefa343a\" class=\"nmc-block nmc-block--masthead-basic block-container\">\n\t\n\t\t\n\t\t\t<div class=\"blockbody\">\n\t\t\t\t\t<div class=\"masthead-content -center\">\n\t\t\t\t\t\t\t\t\t\t\t\t\t\t\t\t\t\t\t\t<h1 class=\"page-title\">Tin t\u1ee9c<\/h1>\n\t<div class=\"page-intro\"><p>C\u1eadp nh\u1eadt m\u1ecdi th\u00f4ng tin v\u1ec1 OneCPM. T\u1ea1i \u0111\u00e2y, b\u1ea1n s\u1ebd t\u00ecm th\u1ea5y c\u00e1c th\u00f4ng b\u00e1o v\u1ec1 doanh nghi\u1ec7p, d\u1ecbch v\u1ee5 c\u1ee7a ch\u00fang t\u00f4i v\u00e0 nh\u1eefng c\u1ea3i ti\u1ebfn m\u1edbi nh\u1ea5t \u0111\u01b0\u1ee3c thi\u1ebft k\u1ebf \u0111\u1ec3 t\u1ed1i \u01b0u h\u00f3a ho\u1ea1t \u0111\u1ed9ng x\u1eed l\u00fd c\u1ee7a b\u1ea1n.<\/p>\n<\/div>\t\t\t\t<\/div>\n\t\t\t<\/div>\n\n\t\t\t\t\n\t<\/div>\n\n\n\n\n\n\t\n\n\t\t\t\t\n\t\n<div id=\"block_d5e15a916f75fe4bc21e02dd319fa486\" class=\"nmc-block nmc-block--news-listing block-container alignwide\">\n\t\n\t\t\n\t\t\t<div class=\"blockbody\">\n\t\t\t\t\n\n\n\n\n\n\n\n\n\n\n\n<div class=\"block-filter\">\n\t<form action=\"https:\/\/onecpm.com\/vi\/newsroom\/news\/#block_d5e15a916f75fe4bc21e02dd319fa486\" class=\"filter-form\" data-trp-original-action=\"https:\/\/onecpm.com\/vi\/newsroom\/news#block_d5e15a916f75fe4bc21e02dd319fa486\">\n\n\t\t\t\t\n\n\t\t\t\t\t\t\t\t\t\t\t\t\t\t\t\t\t\t\t\t\t\t\t\t\t\t\t\t\t\t\t\t\t\t\t\t\t\t\t\t\t\t\t\t\t\t\t\t\t\t\t\t\t\t\t\t\t\t\t\t\t\t\t\t\t\t\t\t\t\t\t\t\t\t\t\t\t\t\t\t\t\t\t\t\t\t\t\t\t\t\t\t\t\t\t\t\t\t\t\t\t\t\t\t\t\n\t\t\t\t\t\t<div class=\"field -select\">\n\t\t\t<label for=\"filterFieldName\">L\u1ecdc theo th\u01b0\u01a1ng hi\u1ec7u<\/label>\n\t\t\t<select name=\"filterFieldName\" id=\"filterFieldName\">\n\t\t\t\t<option value=\"0\">L\u1ecdc theo th\u01b0\u01a1ng hi\u1ec7u<\/option>\n\t\t\t\t\t\t\t\t\t<option value=\"9582\">Jacobs To\u00e0n C\u1ea7u<\/option>\n\t\t\t\t\t\t\t\t\t<option value=\"7380\">D\u1ecbch v\u1ee5 Lifecycle360\u2122<\/option>\n\t\t\t\t\t\t\t\t\t<option value=\"3873\">TSA Griddle<\/option>\n\t\t\t\t\t\t\t\t\t<option value=\"3872\">Roskamp<\/option>\n\t\t\t\t\t\t\t\t\t<option value=\"3871\">D&amp;G Electrical Engineering<\/option>\n\t\t\t\t\t\t\t\t\t<option value=\"3870\">Beta Raven<\/option>\n\t\t\t\t\t\t\t\t\t<option value=\"1518\">Ruiya<\/option>\n\t\t\t\t\t\t\t\t\t<option value=\"1517\">Di Piu<\/option>\n\t\t\t\t\t\t\t\t\t<option value=\"1515\">Extricom<\/option>\n\t\t\t\t\t\t\t\t\t<option value=\"1513\">Planet Dryers<\/option>\n\t\t\t\t\t\t\t\t\t<option value=\"1511\">Bliss<\/option>\n\t\t\t\t\t\t\t\t\t<option value=\"1510\">Wolverine Proctor<\/option>\n\t\t\t\t\t\t\t\t\t<option value=\"1509\">Century Extrusion<\/option>\n\t\t\t\t\t\t\t\t\t<option value=\"1508\">Proline<\/option>\n\t\t\t\t\t\t\t\t\t<option value=\"1507\">Greenbank<\/option>\n\t\t\t\t\t\t\t\t\t<option value=\"1504\">CPM<\/option>\n\t\t\t\t\t\t\t\t\t<option value=\"1500\">Dorssers<\/option>\n\t\t\t\t\t\t\t\t\t<option value=\"1496\">IDAH<\/option>\n\t\t\t\t\t\t\t\t\t<option value=\"1005\">Crown<\/option>\n\t\t\t\t\t\t\t<\/select>\n\t\t<\/div>\n\t\t\n\n\n\t\t\t\t<div class=\"field -keyword\">\n\t\t\t<label for=\"filterKeyword\">T\u1eeb kh\u00f3a<\/label>\n\t\t\t<input type=\"search\" name=\"filterKeyword\" id=\"filterKeyword\" placeholder=\"T\u1eeb kh\u00f3a...\" value=\"\">\n\t\t<\/div>\n\n\t\t<div class=\"field -submit\">\n\t\t\t<button type=\"submit\" class=\"btn\">L\u1ecdc<\/button>\n\t\t<\/div>\n\n\t\t\n\t<input type=\"hidden\" name=\"trp-form-language\" value=\"vi\"\/><\/form>\n<\/div>\n<div class=\"block-listing\">\n\n\t\n\n\t\t<div class=\"paginated grid-3\">\n\t\t\t<div class=\"partial-container\">\n\t\t\t<div class=\"partial -news -card\">\n\t\t<div class=\"image\">\n\t\t\n<div class=\"image-auto\" style=\"aspect-ratio: 600 \/ 556;\">\n\t<picture>\n\t\t<source \n\t\t\tmedia=\"(max-width: 600px)\"\n\t\t\tsrcset=\"https:\/\/img.nmcdn.io\/e1\/w:480,h:445,v:1\/cpm\/wp-content\/uploads\/2026\/02\/Biobased-Diesel-Feb-2026-Sponsored-Content.jpg?s=4fb88bd7\">\n\t\t<img  loading=\"lazy\"src=\"https:\/\/img.nmcdn.io\/e1\/w:600,h:556,v:1\/cpm\/wp-content\/uploads\/2026\/02\/Biobased-Diesel-Feb-2026-Sponsored-Content.jpg?s=8a144e9f\" width=\"600\" height=\"556\" alt=\"\" aria-hidden=\"true\">\n\t<\/picture>\n<\/div>\n\t<\/div>\n        <div class=\"text\">\n\t\t        <h2 class=\"item-title\">\n\t\t\t<a href=\"https:\/\/onecpm.com\/vi\/news\/cpm-crowns-global-innovation-center\" class=\"link\">\n                CPM | Trung t\u00e2m \u0110\u1ed5i m\u1edbi To\u00e0n c\u1ea7u v\u00e0 Nh\u00e0 m\u00e1y Th\u00ed \u0111i\u1ec3m Ch\u1ea5t l\u1ecfng c\u1ee7a Crown\n            <\/a>\n        <\/h2>\n\t\t\t\t\t\t\t<p class=\"is-style-eyebrow-heading\">Tin t\u1ee9c<\/p>\n\t\t\t\t<div class=\"excerpt\"><\/div>\n    <\/div>\n<\/div>\t\t<\/div>\n\t\t\t<div class=\"partial-container\">\n\t\t\t<div class=\"partial -news -card\">\n\t\t<div class=\"image\">\n\t\t\n<div class=\"image-auto\" style=\"aspect-ratio: 600 \/ 556;\">\n\t<picture>\n\t\t<source \n\t\t\tmedia=\"(max-width: 600px)\"\n\t\t\tsrcset=\"https:\/\/img.nmcdn.io\/e1\/w:480,h:445,v:1\/cpm\/wp-content\/uploads\/2025\/10\/Monarc-webstie-thumbnail.jpg?s=fabfb6bd\">\n\t\t<img  loading=\"lazy\"src=\"https:\/\/img.nmcdn.io\/e1\/w:600,h:556,v:1\/cpm\/wp-content\/uploads\/2025\/10\/Monarc-webstie-thumbnail.jpg?s=a6408a8e\" width=\"600\" height=\"556\" alt=\"\" aria-hidden=\"true\">\n\t<\/picture>\n<\/div>\n\t<\/div>\n        <div class=\"text\">\n\t\t        <h2 class=\"item-title\">\n\t\t\t<a href=\"https:\/\/onecpm.com\/vi\/news\/cpm-unveils-monarc-clean-oilseed-processing\" class=\"link\">\n                CPM ra m\u1eaft h\u1ec7 th\u1ed1ng x\u1eed l\u00fd h\u1ea1t c\u00f3 d\u1ea7u s\u1ea1ch Monarc\u2122\n            <\/a>\n        <\/h2>\n\t\t\t\t\t\t\t<p class=\"is-style-eyebrow-heading\">Tin t\u1ee9c<\/p>\n\t\t\t\t<div class=\"excerpt\"><\/div>\n    <\/div>\n<\/div>\t\t<\/div>\n\t\t\t<div class=\"partial-container\">\n\t\t\t<div class=\"partial -news -card\">\n\t\t<div class=\"image\">\n\t\t\n<div class=\"image-auto\" style=\"aspect-ratio: 376 \/ 348;\">\n\t<picture>\n\t\t<source \n\t\t\tmedia=\"(max-width: 600px)\"\n\t\t\tsrcset=\"https:\/\/img.nmcdn.io\/e1\/w:480,h:445,v:1\/cpm\/wp-content\/uploads\/2025\/10\/biofuels-Sep-Oct-2025_cover.jpg?s=edf3c698\">\n\t\t<img  loading=\"lazy\"src=\"https:\/\/img.nmcdn.io\/e1\/w:600,h:556,v:1\/cpm\/wp-content\/uploads\/2025\/10\/biofuels-Sep-Oct-2025_cover.jpg?s=454f14de\" width=\"376\" height=\"348\" alt=\"\" aria-hidden=\"true\">\n\t<\/picture>\n<\/div>\n\t<\/div>\n        <div class=\"text\">\n\t\t        <h2 class=\"item-title\">\n\t\t\t<a href=\"https:\/\/onecpm.com\/vi\/news\/cpm-is-featured-again-in-biofuels-international\" class=\"link\">\n                CPM l\u1ea1i \u0111\u01b0\u1ee3c gi\u1edbi thi\u1ec7u tr\u00ean t\u1ea1p ch\u00ed Biofuels International!\n            <\/a>\n        <\/h2>\n\t\t\t\t\t\t\t<p class=\"is-style-eyebrow-heading\">Tin t\u1ee9c<\/p>\n\t\t\t\t<div class=\"excerpt\">Ch\u00fang t\u00f4i r\u1ea5t vui m\u1eebng \u0111\u01b0\u1ee3c th\u00f4ng b\u00e1o r\u1eb1ng CPM l\u1ea1i \u0111\u01b0\u1ee3c gi\u1edbi thi\u1ec7u tr\u00ean t\u1ea1p ch\u00ed Biofuels International! Trong b\u00e0i vi\u1ebft \u201cChi ph\u00ed ti\u1ec1m \u1ea9n c\u1ee7a s\u1ef1 ph\u1ee9c t\u1ea1p\u201d, Brock Harrington\u2014Gi\u00e1m \u0111\u1ed1c Kinh doanh Nhi\u00ean li\u1ec7u Thay th\u1ebf v\u00e0 C\u00f4ng nghi\u1ec7p To\u00e0n c\u1ea7u c\u1ee7a ch\u00fang t\u00f4i\u2014\u0111\u00e3 th\u1ea3o lu\u1eadn v\u1ec1 m\u1ed9t nghi\u00ean c\u1ee9u \u0111\u1ed9c l\u1eadp g\u1ea7n \u0111\u00e2y, x\u00e1c minh nh\u1eefng l\u1ee3i \u00edch v\u1ec1 n\u0103ng l\u01b0\u1ee3ng v\u00e0 b\u1ea3o tr\u00ec m\u00e0 c\u00f4ng ngh\u1ec7 t\u1ea1o vi\u00ean d\u1eabn \u0111\u1ed9ng tr\u1ef1c ti\u1ebfp c\u1ee7a CPM mang l\u1ea1i. <\/div>\n    <\/div>\n<\/div>\t\t<\/div>\n\t\t\t<div class=\"partial-container\">\n\t\t\t<div class=\"partial -news -card\">\n\t\t<div class=\"image\">\n\t\t\n<div class=\"image-auto\" style=\"aspect-ratio: 1400 \/ 1296;\">\n\t<picture>\n\t\t<source \n\t\t\tmedia=\"(max-width: 600px)\"\n\t\t\tsrcset=\"https:\/\/img.nmcdn.io\/e1\/w:480,h:445,v:1\/cpm\/wp-content\/uploads\/2025\/08\/CPM_Update_Cooperativa_Tradicao_Image.png?s=6f98a518\">\n\t\t<img  loading=\"lazy\"src=\"https:\/\/img.nmcdn.io\/e1\/w:600,h:556,v:1\/cpm\/wp-content\/uploads\/2025\/08\/CPM_Update_Cooperativa_Tradicao_Image.png?s=06fefebe\" width=\"1400\" height=\"1296\" alt=\"\" aria-hidden=\"true\">\n\t<\/picture>\n<\/div>\n\t<\/div>\n        <div class=\"text\">\n\t\t        <h2 class=\"item-title\">\n\t\t\t<a href=\"https:\/\/onecpm.com\/vi\/news\/cpms-crown-update-on-the-cooperativa-tradicao-soy-crushing-plant\" class=\"link\">\n                C\u1eadp nh\u1eadt Crown c\u1ee7a CPM v\u1ec1 Nh\u00e0 m\u00e1y nghi\u1ec1n \u0111\u1eadu n\u00e0nh Cooperativa Tradi\u00e7\u00e3o\n            <\/a>\n        <\/h2>\n\t\t\t\t\t\t\t<p class=\"is-style-eyebrow-heading\">Tin t\u1ee9c<\/p>\n\t\t\t\t<div class=\"excerpt\"><\/div>\n    <\/div>\n<\/div>\t\t<\/div>\n\t\t\t<div class=\"partial-container\">\n\t\t\t<div class=\"partial -news -card\">\n\t\t<div class=\"image\">\n\t\t\n<div class=\"image-auto\" style=\"aspect-ratio: 1400 \/ 1296;\">\n\t<picture>\n\t\t<source \n\t\t\tmedia=\"(max-width: 600px)\"\n\t\t\tsrcset=\"https:\/\/img.nmcdn.io\/e1\/w:480,h:445,v:1\/cpm\/wp-content\/uploads\/2025\/04\/Direct_Drive_Machine-scaled.jpg?s=81a9c175\">\n\t\t<img  loading=\"lazy\"src=\"https:\/\/img.nmcdn.io\/e1\/w:600,h:556,v:1\/cpm\/wp-content\/uploads\/2025\/04\/Direct_Drive_Machine-scaled.jpg?s=f72eb7ca\" width=\"1400\" height=\"1296\" alt=\"\" aria-hidden=\"true\">\n\t<\/picture>\n<\/div>\n\t<\/div>\n        <div class=\"text\">\n\t\t        <h2 class=\"item-title\">\n\t\t\t<a href=\"https:\/\/onecpm.com\/vi\/news\/cpm-showcases-revolutionary-direct-drive-dd-high-capacity-pellet-mill-at-ligna-2025\" class=\"link\">\n                CPM gi\u1edbi thi\u1ec7u m\u00e1y nghi\u1ec1n vi\u00ean c\u00f4ng su\u1ea5t cao, truy\u1ec1n \u0111\u1ed9ng tr\u1ef1c ti\u1ebfp (DD) mang t\u00ednh c\u00e1ch m\u1ea1ng t\u1ea1i LIGNA 2025\n            <\/a>\n        <\/h2>\n\t\t\t\t\t\t\t<p class=\"is-style-eyebrow-heading\">Tin t\u1ee9c<\/p>\n\t\t\t\t<div class=\"excerpt\"><\/div>\n    <\/div>\n<\/div>\t\t<\/div>\n\t\t\t<div class=\"partial-container\">\n\t\t\t<div class=\"partial -news -card\">\n\t\t<div class=\"image\">\n\t\t\n<div class=\"image-auto\" style=\"aspect-ratio: 700 \/ 648;\">\n\t<picture>\n\t\t<source \n\t\t\tmedia=\"(max-width: 600px)\"\n\t\t\tsrcset=\"https:\/\/img.nmcdn.io\/e1\/w:480,h:445,v:1\/cpm\/wp-content\/uploads\/2025\/03\/news-pet-food-processing-solutions.jpg?s=c32e8aa5\">\n\t\t<img  loading=\"lazy\"src=\"https:\/\/img.nmcdn.io\/e1\/w:600,h:556,v:1\/cpm\/wp-content\/uploads\/2025\/03\/news-pet-food-processing-solutions.jpg?s=4713075d\" width=\"700\" height=\"648\" alt=\"Pet food processing machinery\" aria-hidden=\"true\">\n\t<\/picture>\n<\/div>\n\t<\/div>\n        <div class=\"text\">\n\t\t        <h2 class=\"item-title\">\n\t\t\t<a href=\"https:\/\/onecpm.com\/vi\/news\/cpm-unveils-pet-food-processing-solutions-at-viv-asia-2025\" class=\"link\">\n                CPM Ra M\u1eaft Gi\u1ea3i Ph\u00e1p Ch\u1ebf Bi\u1ebfn Th\u1ee9c \u0102n Cho Th\u00fa C\u01b0ng T\u1ea1i VIV Ch\u00e2u \u00c1 2025\n            <\/a>\n        <\/h2>\n\t\t\t\t\t\t\t<p class=\"is-style-eyebrow-heading\">Tin t\u1ee9c<\/p>\n\t\t\t\t<div class=\"excerpt\"><\/div>\n    <\/div>\n<\/div>\t\t<\/div>\n\t\t<\/div>\n\n\t\n\t\t\t\t\t<nav class=\"pagination load-more\" role=\"navigation\" aria-label=\"\u0110i\u1ec1u h\u01b0\u1edbng ph\u00e2n trang\">\n\t\t\t\t\t\t\t\t\t\t<link rel=\"prefetch\" href=\"https:\/\/\/onecpm.com\/vi\/wp-json\/wp\/v2\/pages\/193?pg=2\">\n\t\t\t\t<a href=\"https:\/\/\/onecpm.com\/vi\/wp-json\/wp\/v2\/pages\/193?pg=2\" class=\"loadmore btn\" aria-label=\"T\u1ea3i trang ti\u1ebfp theo\">T\u1ea3i th\u00eam<\/a>\n\t\t\t\t\t<\/nav>\n\t\n<\/div>\n\t\t\t<\/div>\n\n\t\t\t\t\n\t<\/div>","protected":false},"excerpt":{"rendered":"","protected":false},"author":1,"featured_media":0,"parent":2116,"menu_order":0,"comment_status":"closed","ping_status":"closed","template":"","meta":{"_acf_changed":false,"footnotes":""},"class_list":["post-193","page","type-page","status-publish","hentry"],"acf":[],"_links":{"self":[{"href":"https:\/\/onecpm.com\/vi\/wp-json\/wp\/v2\/pages\/193","targetHints":{"allow":["GET"]}}],"collection":[{"href":"https:\/\/onecpm.com\/vi\/wp-json\/wp\/v2\/pages"}],"about":[{"href":"https:\/\/onecpm.com\/vi\/wp-json\/wp\/v2\/types\/page"}],"author":[{"embeddable":true,"href":"https:\/\/onecpm.com\/vi\/wp-json\/wp\/v2\/users\/1"}],"replies":[{"embeddable":true,"href":"https:\/\/onecpm.com\/vi\/wp-json\/wp\/v2\/comments?post=193"}],"version-history":[{"count":15,"href":"https:\/\/onecpm.com\/vi\/wp-json\/wp\/v2\/pages\/193\/revisions"}],"predecessor-version":[{"id":4977,"href":"https:\/\/onecpm.com\/vi\/wp-json\/wp\/v2\/pages\/193\/revisions\/4977"}],"up":[{"embeddable":true,"href":"https:\/\/onecpm.com\/vi\/wp-json\/wp\/v2\/pages\/2116"}],"wp:attachment":[{"href":"https:\/\/onecpm.com\/vi\/wp-json\/wp\/v2\/media?parent=193"}],"curies":[{"name":"wp","href":"https:\/\/api.w.org\/{rel}","templated":true}]}}