{"id":3562,"date":"2024-06-12T16:40:58","date_gmt":"2024-06-12T16:40:58","guid":{"rendered":"https:\/\/cpm.epicenter1.com\/?page_id=3562"},"modified":"2026-01-27T14:30:41","modified_gmt":"2026-01-27T14:30:41","slug":"parts-supplies","status":"publish","type":"page","link":"https:\/\/onecpm.com\/vi\/aftermarket-service\/parts-supplies","title":{"rendered":"Ph\u1ee5 t\u00f9ng &amp; V\u1eadt t\u01b0"},"content":{"rendered":"<div id=\"block_18b9dc5a1ddfadef91e1c61ea2b89151\" class=\"nmc-block nmc-block--masthead-aftermarket block-container alignfull -mode-dark\">\n\t\n\t\t\n\t\t\t<div class=\"blockbody\">\n\t\t\t\t<div class=\"masthead-media -overlay\">\n\t\t<div class=\"image\">\n\t\t\t\t\t\t\t\t\t\t\t\t<picture>\n\t\t\t<source media=\"(max-width: 499px)\" srcset=\"https:\/\/img.nmcdn.io\/e1\/w:600,h:338,v:1\/cpm\/wp-content\/uploads\/2024\/07\/aftermarket-partssupplies-hero.jpg?s=4f910f04\">\n\t\t\t<source media=\"(max-width: 899px)\" srcset=\"https:\/\/img.nmcdn.io\/e1\/w:1200,h:675,v:1\/cpm\/wp-content\/uploads\/2024\/07\/aftermarket-partssupplies-hero.jpg?s=dfd2a842\">\n\t\t\t<img fetchpriority=\"high\" decoding=\"async\" loading=\"eager\" style=\"aspect-ratio: 1.7777777777778;\" src=\"https:\/\/img.nmcdn.io\/e1\/w:1800,h:1013,v:1\/cpm\/wp-content\/uploads\/2024\/07\/aftermarket-partssupplies-hero.jpg?s=ae45019b\" width=\"1800\" height=\"1013\" alt=\"\" aria-hidden=\"true\">\n\t\t<\/picture>\n\t<\/div>\n\t\t\n<\/div>\n<div class=\"bound boundwider\">\n\t<div class=\"masthead-content\">\n\t\t<p class=\"is-style-eyebrow-heading\">H\u1eadu m\u00e3i &amp; D\u1ecbch v\u1ee5<\/strong><\/p>\n\t\t<h1 class=\"page-title\">Ph\u1ee5 t\u00f9ng &amp; V\u1eadt t\u01b0<\/h1>\n\t\t\t\t\t<\/div>\n<\/div>\n\n<script>\n(function(){\n\tdocument.documentElement.classList.add('-transparent-header');\n})();\n<\/script>\n\t\t\t<\/div>\n\n\t\t\t\t\n\t<\/div>\n\n\n\n\n<style>\n#block_4a150b847cfe9bb74c1c9f928fb613ab .logo {\ndisplay: none;\n}\n<\/style>\n\n\n\n\n\t\n\n\t\t\t\t\t\t\t\n\n<div id=\"block_24e99bbaea37e44539906bba6f27a20c\" class=\"nmc-block nmc-block--brand-intro block-container alignfull\">\n\t\n\t\t\n\t\t\t<div class=\"blockbody\">\n\t\t\t\t\t<div class=\"bound boundwiderhang\">\n\t\t\t\t\t<p class=\"is-style-eyebrow-heading\">T\u1ed5ng quan<\/p>\n\t\t\t\t<div class=\"wrap\">\n\t\t\t\n\t\t\t<div class=\"logo\">\n\t\t\t\t<img decoding=\"async\" src=\"https:\/\/onecpm.com\/wp-content\/uploads\/2025\/04\/Screen-Shot-2025-04-17-at-4.00.54-PM.png\" width=\"472\" height=\"398\" alt=\"Parts &amp;amp; Supplies Logo\" loading=\"eager\">\n\t\t\t<\/div>\n\t\t\t<div class=\"intro\">\n\t\t\t\t                                                                                                    <h2 class=\"block-title\">C\u00e1c b\u1ed9 ph\u1eadn &amp; <strong>Qu\u00e2n nhu<\/strong><\/h2>\t\t\t\t<p>T\u1ea1i CPM, ch\u00fang t\u00f4i hi\u1ec3u r\u1eb1ng vi\u1ec7c gi\u1eef cho thi\u1ebft b\u1ecb c\u1ee7a b\u1ea1n \u1edf tr\u1ea1ng th\u00e1i t\u1ed1t nh\u1ea5t l\u00e0 \u0111i\u1ec1u quan tr\u1ecdng \u0111\u1ed1i v\u1edbi ho\u1ea1t \u0111\u1ed9ng c\u1ee7a b\u1ea1n. \u0110\u00f3 l\u00e0 l\u00fd do t\u1ea1i sao ch\u00fang t\u00f4i cung c\u1ea5p nhi\u1ec1u lo\u1ea1i linh ki\u1ec7n v\u00e0 v\u1eadt t\u01b0 ch\u1ea5t l\u01b0\u1ee3ng cao cho t\u1ea5t c\u1ea3 thi\u1ebft b\u1ecb c\u1ee7a m\u00ecnh, cho d\u00f9 thi\u1ebft b\u1ecb \u0111\u00f3 \u0111\u00e3 ho\u1ea1t \u0111\u1ed9ng \u0111\u01b0\u1ee3c 70 ng\u00e0y hay 70 n\u0103m.<\/p>\n<h6 style=\"font-size: 16px; color: #2a2723;\"><strong><a href=\"https:\/\/onecpm.com\/vi\/about-cpm\/contact-us\/\">LI\u00caN H\u1ec6<\/a>\u2192<\/strong><\/h6>\n\n\n\t\t\t\t\t\t\t\t\t<div class=\"links\">\n\t\t\t\t\t\t\n\t\t\t\t\t\t<a href=\"https:\/\/e1.nmcdn.io\/assets\/cpm\/wp-content\/uploads\/2025\/07\/Replacement-Parts-Rework-Service_Brochure_July-2025_A4.pdf\" target=\"\" class=\"btn -non-btn\">T\u00e0i li\u1ec7u t\u1ea3i v\u1ec1 <svg xmlns=\"http:\/\/www.w3.org\/2000\/svg\" width=\"17\" height=\"12\" viewbox=\"0 0 17 12\" fill=\"none\" role=\"img\" aria-hidden=\"true\" focusable=\"false\"><title>arrow<\/title>\n<path fill-rule=\"evenodd\" clip-rule=\"evenodd\" d=\"M13.9176 6.28571L8.65133 10.5863L9.42733 11.4286L16.3999 5.71429L9.41476 0L8.65362 0.860571L13.9153 5.14286L0.399902 5.14286L0.399902 6.28571L13.9176 6.28571Z\" fill=\"white\"\/>\n<\/svg><\/a>\n\t\t\t\t\t\t\n\t\t\t\t\t<\/div>\n\t\t\t\t\n\t\t\t\t\n\t\t\t<\/div>\n\t\t\t<div class=\"illustration\">\n\t\t\t\t<img decoding=\"async\" src=\"https:\/\/onecpm.com\/wp-content\/uploads\/2024\/07\/aftermarket-partssupplies-quote.jpg\" width=\"600\" height=\"738\" alt=\"Parts &amp;amp; Supplies Illustration\" loading=\"eager\">\n\t\t\t<\/div>\n\t\t<\/div>\n\t<\/div>\n\n\t\t\t<\/div>\n\n\t\t\t\t\n\t<\/div>\n\n\n\n\t\n\n\t\t\t\t\t\t\t\n\n<div id=\"block_f8ddaaab7fbd8eb1180cb5d751b200ec\" class=\"nmc-block nmc-block--tabbed-ctas block-container alignfull\">\n\t\n\t\t\n\t\t\t<div class=\"blockbody\">\n\t\t\t\t\t\n\t<div class=\"block-wrap gray\">\n\t\t<div class=\"bound boundwider\">\n\t\t\t<div class=\"block-intro -mode-gray\">\n\t\t\t\t<div class=\"block-left\">\n\t\t\t\t\t                                                                                                                                                                        <h2 class=\"block-title\">Ch\u1ea5t l\u01b0\u1ee3ng t\u1ed1t nh\u1ea5t cho hi\u1ec7u su\u1ea5t t\u1ed1t nh\u1ea5t<\/h2>\t\t\t\t\t\t\t\t\t\t\t<div class=\"content\">C\u00e1c b\u1ed9 ph\u1eadn c\u1ee7a ch\u00fang t\u00f4i \u0111\u01b0\u1ee3c thi\u1ebft k\u1ebf v\u00e0 s\u1ea3n xu\u1ea5t \u0111\u1ec3 \u0111\u00e1p \u1ee9ng c\u00e1c ti\u00eau chu\u1ea9n cao nh\u1ea5t v\u1ec1 ch\u1ea5t l\u01b0\u1ee3ng v\u00e0 \u0111\u1ed9 b\u1ec1n. Ch\u00fang t\u00f4i hi\u1ec3u r\u1eb1ng vi\u1ec7c c\u00f3 ph\u1ee5 t\u00f9ng thay th\u1ebf theo y\u00eau c\u1ea7u l\u00e0 \u0111i\u1ec1u c\u1ea7n thi\u1ebft \u0111\u1ec3 \u0111\u1ea3m b\u1ea3o th\u1eddi gian ho\u1ea1t \u0111\u1ed9ng c\u1ee7a b\u1ea1n. \u0110\u00f3 l\u00e0 l\u00fd do t\u1ea1i sao ch\u00fang t\u00f4i cung c\u1ea5p c\u00e1c ph\u1ee5 t\u00f9ng thay th\u1ebf ph\u00f9 h\u1ee3p, c\u00f3 s\u1eb5n \u1edf \u0111\u00fang n\u01a1i, v\u00e0o \u0111\u00fang th\u1eddi \u0111i\u1ec3m \u0111\u1ec3 \u0111\u1ea3m b\u1ea3o ho\u1ea1t \u0111\u1ed9ng x\u1eed l\u00fd c\u1ee7a b\u1ea1n ho\u1ea1t \u0111\u1ed9ng h\u1ebft c\u00f4ng su\u1ea5t. <\/div>\n\t\t\t\t\t\t\t\t\t<\/div>\n\n\t\t\t\t\t\t\t<\/div>\n\n\t\t\t<div class=\"tabs\">\n\t\t\t\t<div class=\"tabs_list\" role=\"tablist\">\n\t\t\t\t\t\t\t\t\t\t\t<button type=\"button\" class=\"tab\" role=\"tab\" aria-controls=\"block_f8ddaaab7fbd8eb1180cb5d751b200ec-1\" id=\"tab-block_f8ddaaab7fbd8eb1180cb5d751b200ec-1\" tabindex=\"\">Linh ki\u1ec7n thay th\u1ebf<\/button>\n\t\t\t\t\t\t\t\t\t\t\t<button type=\"button\" class=\"tab\" role=\"tab\" aria-controls=\"block_f8ddaaab7fbd8eb1180cb5d751b200ec-2\" id=\"tab-block_f8ddaaab7fbd8eb1180cb5d751b200ec-2\" tabindex=\"-1\">\u0110\u1eb7t h\u00e0ng d\u1ec5 d\u00e0ng<\/button>\n\t\t\t\t\t\t\t\t\t\t\t<button type=\"button\" class=\"tab\" role=\"tab\" aria-controls=\"block_f8ddaaab7fbd8eb1180cb5d751b200ec-3\" id=\"tab-block_f8ddaaab7fbd8eb1180cb5d751b200ec-3\" tabindex=\"-1\">H\u1ed7 tr\u1ee3 chuy\u00ean gia<\/button>\n\t\t\t\t\t\t\t\t\t<\/div>\n\n\t\t\t\t<div class=\"tab-content\">\n\n\t\t\t\t\t\t\t\t\t\t\t<div class=\"tab_panel\" tabindex=\"0\" role=\"tabpanel\" id=\"block_f8ddaaab7fbd8eb1180cb5d751b200ec-1\" >\n\t\t\t\t\t\t\t<div class=\"tab-background\">\n\t\t\t\t\t\t\t\t<div class=\"image\">\n\t\t\t\t\t\t\t\t\t\t\t\t\t\t\t\t\t\t\t\t\t\t\t\t\t\t\t\t\t\t\t\t\t\t\t\t\t\t\t\t\t\t\t\t\t\t\t\t\t\t\t\t\t\t<picture>\n\t\t\t\t\t\t\t\t\t\t<source media=\"(max-width: 499px)\" srcset=\"https:\/\/img.nmcdn.io\/e1\/w:600,h:800,v:1\/cpm\/wp-content\/uploads\/2024\/07\/aftermarket-partssupplies-tab1-1.jpg?s=1d3f30ec\">\n\t\t\t\t\t\t\t\t\t\t<source media=\"(max-width: 899px)\" srcset=\"https:\/\/img.nmcdn.io\/e1\/w:1200,h:724,v:1\/cpm\/wp-content\/uploads\/2024\/07\/aftermarket-partssupplies-tab1-1.jpg?s=7e03399f\">\n\t\t\t\t\t\t\t\t\t\t<img decoding=\"async\" loading=\"eager\" style=\"aspect-ratio: 1.6578947368421;\" src=\"https:\/\/img.nmcdn.io\/e1\/w:1800,h:1086,v:1\/cpm\/wp-content\/uploads\/2024\/07\/aftermarket-partssupplies-tab1-1.jpg?s=4e2849ba\" width=\"1800\" height=\"1086\" alt=\"\" aria-hidden=\"true\">\n\t\t\t\t\t\t\t\t\t<\/picture>\n\t\t\t\t\t\t\t\t<\/div>\n\t\t\t\t\t\t\t<\/div>\n\t\t\t\t\t\t\t<div class=\"tab-wrap -left\">\n\t\t\t\t\t\t\t\t<div class=\"text -mode-dark\">\n\t\t\t\t\t\t\t\t\t\t\t\t\t\t\t\t\t\t\t<p class=\"is-style-eyebrow-heading\">Linh ki\u1ec7n thay th\u1ebf<\/p>\n\t\t\t\t\t\t\t\t\t\t\t\t\t\t\t\t\t\t                                                                                                                                                            <h2 class=\"block-title\">H\u00e0ng t\u1ed3n kho ph\u1ee5 t\u00f9ng thi\u1ebft b\u1ecb \u0111\u01b0\u1ee3c d\u1ef1 tr\u1eef \u0111\u1ea7y \u0111\u1ee7<\/h2>\t\t\t\t\t\t\t\t\t\t\t\t\t\t\t\t\t\t\t<p>Ch\u00fang t\u00f4i n\u1ed7 l\u1ef1c duy tr\u00ec m\u1ed9t kho d\u1ef1 tr\u1eef to\u00e0n di\u1ec7n c\u00e1c b\u1ed9 ph\u1eadn v\u00e0 v\u1eadt t\u01b0 cho thi\u1ebft b\u1ecb tr\u00ean kh\u1eafp c\u00e1c \u0111\u1ecba \u0111i\u1ec3m to\u00e0n c\u1ea7u c\u1ee7a ch\u00fang t\u00f4i. T\u1eeb m\u00e1y nghi\u1ec1n vi\u00ean \u0111\u1ebfn m\u00e1y \u0111\u00f9n, n\u1ebfu b\u1ea1n c\u1ea7n b\u1ea5t k\u1ef3 s\u1ef1 h\u1ed7 tr\u1ee3 n\u00e0o, ch\u00fang t\u00f4i lu\u00f4n s\u1eb5n s\u00e0ng h\u1ed7 tr\u1ee3 b\u1ea1n.<\/p>\n\n\t\t\t\t\t\t\t\t\t\t\t\t\t\t\t\t\t\t\t\t\t\t\t\t\t\t<\/div>\n\t\t\t\t\t\t\t<\/div>\n\t\t\t\t\t\t<\/div>\n\t\t\t\t\t\t\t\t\t\t\t<div class=\"tab_panel\" tabindex=\"0\" role=\"tabpanel\" id=\"block_f8ddaaab7fbd8eb1180cb5d751b200ec-2\" hidden=\"\">\n\t\t\t\t\t\t\t<div class=\"tab-background\">\n\t\t\t\t\t\t\t\t<div class=\"image\">\n\t\t\t\t\t\t\t\t\t\t\t\t\t\t\t\t\t\t\t\t\t\t\t\t\t\t\t\t\t\t\t\t\t\t\t\t\t\t\t\t\t\t\t\t\t\t\t\t\t\t\t\t\t\t<picture>\n\t\t\t\t\t\t\t\t\t\t<source media=\"(max-width: 499px)\" srcset=\"https:\/\/img.nmcdn.io\/e1\/w:600,h:800,v:1\/cpm\/wp-content\/uploads\/2024\/07\/aftermarket-partssupplies-tab2-1.jpg?s=6b590e3d\">\n\t\t\t\t\t\t\t\t\t\t<source media=\"(max-width: 899px)\" srcset=\"https:\/\/img.nmcdn.io\/e1\/w:1200,h:724,v:1\/cpm\/wp-content\/uploads\/2024\/07\/aftermarket-partssupplies-tab2-1.jpg?s=e06fc845\">\n\t\t\t\t\t\t\t\t\t\t<img decoding=\"async\" loading=\"eager\" style=\"aspect-ratio: 1.6578947368421;\" src=\"https:\/\/img.nmcdn.io\/e1\/w:1800,h:1086,v:1\/cpm\/wp-content\/uploads\/2024\/07\/aftermarket-partssupplies-tab2-1.jpg?s=68fc3e07\" width=\"1800\" height=\"1086\" alt=\"\" aria-hidden=\"true\">\n\t\t\t\t\t\t\t\t\t<\/picture>\n\t\t\t\t\t\t\t\t<\/div>\n\t\t\t\t\t\t\t<\/div>\n\t\t\t\t\t\t\t<div class=\"tab-wrap -right\">\n\t\t\t\t\t\t\t\t<div class=\"text -mode-dark\">\n\t\t\t\t\t\t\t\t\t\t\t\t\t\t\t\t\t\t\t<p class=\"is-style-eyebrow-heading\">\u0110\u1eb7t h\u00e0ng d\u1ec5 d\u00e0ng<\/p>\n\t\t\t\t\t\t\t\t\t\t\t\t\t\t\t\t\t\t                                                                                                                                                                <h2 class=\"block-title\">Nh\u1eefng ph\u1ea7n b\u1ea1n c\u1ea7n, khi b\u1ea1n c\u1ea7n ch\u00fang.<\/h2>\t\t\t\t\t\t\t\t\t\t\t\t\t\t\t\t\t\t\t<p>Ch\u00fang t\u00f4i gi\u00fap vi\u1ec7c t\u00ecm ki\u1ebfm v\u00e0 \u0111\u1eb7t h\u00e0ng c\u00e1c b\u1ed9 ph\u1eadn, v\u1eadt t\u01b0 b\u1ea1n c\u1ea7n tr\u1edf n\u00ean \u0111\u01a1n gi\u1ea3n v\u00e0 nhanh ch\u00f3ng \u0111\u01b0a ch\u00fang \u0111\u1ebfn \u0111\u1ecba \u0111i\u1ec3m c\u1ee7a b\u1ea1n. H\u00e3y tin c\u1eady v\u00e0o ch\u00fang t\u00f4i \u0111\u1ec3 c\u00f3 \u0111\u01b0\u1ee3c d\u1ecbch v\u1ee5 \u0111\u00e1ng tin c\u1eady m\u1ecdi l\u00fac, m\u1ecdi n\u01a1i.<\/p>\n\n\t\t\t\t\t\t\t\t\t\t\t\t\t\t\t\t\t\t\t\t\t\t\t\t\t\t<\/div>\n\t\t\t\t\t\t\t<\/div>\n\t\t\t\t\t\t<\/div>\n\t\t\t\t\t\t\t\t\t\t\t<div class=\"tab_panel\" tabindex=\"0\" role=\"tabpanel\" id=\"block_f8ddaaab7fbd8eb1180cb5d751b200ec-3\" hidden=\"\">\n\t\t\t\t\t\t\t<div class=\"tab-background\">\n\t\t\t\t\t\t\t\t<div class=\"image\">\n\t\t\t\t\t\t\t\t\t\t\t\t\t\t\t\t\t\t\t\t\t\t\t\t\t\t\t\t\t\t\t\t\t\t\t\t\t\t\t\t\t\t\t\t\t\t\t\t\t\t\t\t\t\t<picture>\n\t\t\t\t\t\t\t\t\t\t<source media=\"(max-width: 499px)\" srcset=\"https:\/\/img.nmcdn.io\/e1\/w:600,h:800,v:1\/cpm\/wp-content\/uploads\/2024\/07\/aftermarket-partssupplies-tab3-1.jpg?s=38210351\">\n\t\t\t\t\t\t\t\t\t\t<source media=\"(max-width: 899px)\" srcset=\"https:\/\/img.nmcdn.io\/e1\/w:1200,h:724,v:1\/cpm\/wp-content\/uploads\/2024\/07\/aftermarket-partssupplies-tab3-1.jpg?s=9c53c7a1\">\n\t\t\t\t\t\t\t\t\t\t<img decoding=\"async\" loading=\"eager\" style=\"aspect-ratio: 1.6578947368421;\" src=\"https:\/\/img.nmcdn.io\/e1\/w:1800,h:1086,v:1\/cpm\/wp-content\/uploads\/2024\/07\/aftermarket-partssupplies-tab3-1.jpg?s=82ac256f\" width=\"1800\" height=\"1086\" alt=\"\" aria-hidden=\"true\">\n\t\t\t\t\t\t\t\t\t<\/picture>\n\t\t\t\t\t\t\t\t<\/div>\n\t\t\t\t\t\t\t<\/div>\n\t\t\t\t\t\t\t<div class=\"tab-wrap -left\">\n\t\t\t\t\t\t\t\t<div class=\"text -mode-dark\">\n\t\t\t\t\t\t\t\t\t\t\t\t\t\t\t\t\t\t\t<p class=\"is-style-eyebrow-heading\">H\u1ed7 tr\u1ee3 chuy\u00ean gia<\/p>\n\t\t\t\t\t\t\t\t\t\t\t\t\t\t\t\t\t\t                                                                                                                                                            <h2 class=\"block-title\">kh\u00f4ng ch\u1eafc b\u1ea1n c\u1ea7n g\u00ec? Ch\u00fang t\u00f4i c\u00f3 th\u1ec3 gi\u00fap. <\/h2>\t\t\t\t\t\t\t\t\t\t\t\t\t\t\t\t\t\t\t<p>V\u1edbi nhi\u1ec1u th\u1eadp k\u1ef7 kinh nghi\u1ec7m trong ng\u00e0nh, \u0111\u1ed9i ng\u0169 h\u1eadu m\u00e3i c\u1ee7a ch\u00fang t\u00f4i c\u00f3 th\u1ec3 gi\u00fap b\u1ea1n t\u00ecm \u0111\u01b0\u1ee3c b\u1ed9 ph\u1eadn ch\u00ednh x\u00e1c m\u00e0 b\u1ea1n c\u1ea7n \u0111\u1ec3 duy tr\u00ec ho\u1ea1t \u0111\u1ed9ng l\u00e2u d\u00e0i cho m\u00e1y c\u1ee7a b\u1ea1n.<\/p>\n\n\t\t\t\t\t\t\t\t\t\t\t\t\t\t\t\t\t\t\t\t\t\t\t\t\t\t<\/div>\n\t\t\t\t\t\t\t<\/div>\n\t\t\t\t\t\t<\/div>\n\t\t\t\t\t\t\t\t\t\t\n\t\t\t\t<\/div>\n\t\t\t<\/div>\n\n\t\t\t\n\t\t<\/div>\n\t<\/div>\n\n\t\n\t\t\t<\/div>\n\n\t\t\t\t\n\t<\/div>\n\n\n\n\t\n\n\t\t\t\t\t\t\t\n\n<div id=\"block_08d93dc559572c3acc5eca99a9d6127f\" class=\"nmc-block nmc-block--story-cta block-container alignfull\">\n\t\n\t\t\n\t\t\t<div class=\"blockbody\">\n\t\t\t\t<div class=\"bound boundfull\">\n\t<div class=\"story-wrap -mode-dark\">\n\t\t<div class=\"story-background\">\n\t\t\t<div class=\"image\">\n\t\t\t\t\t\t\t\t\n<picture>\n\t<source srcset=\"https:\/\/img.nmcdn.io\/e1\/w:900,h:600,v:1\/cpm\/wp-content\/uploads\/imported-files\/news-building-equipment-lifetime-california-pellet-mill.jpg?s=9655c320\" width=\"900\" height=\"600\" media=\"(max-width: 900px)\" type=\"image\/webp\">\n\t<source srcset=\"https:\/\/img.nmcdn.io\/e1\/w:900,h:600,v:1\/cpm\/wp-content\/uploads\/imported-files\/news-building-equipment-lifetime-california-pellet-mill.jpg?s=9655c320\" width=\"900\" height=\"600\" media=\"(max-width: 900px)\">\n\t<source srcset=\"https:\/\/img.nmcdn.io\/e1\/w:1256,h:615,v:1\/cpm\/wp-content\/uploads\/imported-files\/news-building-equipment-lifetime-california-pellet-mill.jpg?s=2280a070\" type=\"image\/webp\">\n\t<img loading=\"lazy\" decoding=\"async\" src=\"https:\/\/img.nmcdn.io\/e1\/w:1256,h:615,v:1\/cpm\/wp-content\/uploads\/imported-files\/news-building-equipment-lifetime-california-pellet-mill.jpg?s=2280a070\" width=\"1256\" height=\"615\" alt=\"building equipment news\">\n<\/picture>\n\t\t\t<\/div>\n\t\t<\/div>\n\t\t<div class=\"story-content\">\n\t\t\t<div class=\"supheading\">Gi\u1ea3i ph\u00e1p ti\u00eau \u0111i\u1ec3m<\/div>\n\t\t\t<div class=\"content\">\n\t\t\t\t                                                                                                                                                                                                                        <h2 class=\"block-title\">X\u00e2y d\u1ef1ng v\u00e0 h\u1ed7 tr\u1ee3 thi\u1ebft b\u1ecb t\u1ed3n t\u1ea1i su\u1ed1t \u0111\u1eddi<\/h2>\t\t\t\t\t\t\t\t<a href=\"https:\/\/onecpm.com\/vi\/success-story\/building-supporting-equipment-that-lasts-a-lifetime\/\" target=\"\" class=\"btn -non-btn\">H\u00e3y \u0111\u1ecdc ti\u1ebfp <svg xmlns=\"http:\/\/www.w3.org\/2000\/svg\" width=\"17\" height=\"12\" viewbox=\"0 0 17 12\" fill=\"none\" role=\"img\" aria-hidden=\"true\" focusable=\"false\"><title>arrow<\/title>\n<path fill-rule=\"evenodd\" clip-rule=\"evenodd\" d=\"M13.9176 6.28571L8.65133 10.5863L9.42733 11.4286L16.3999 5.71429L9.41476 0L8.65362 0.860571L13.9153 5.14286L0.399902 5.14286L0.399902 6.28571L13.9176 6.28571Z\" fill=\"white\"\/>\n<\/svg><span class=\"sr\"> v\u1ec1 X\u00e2y d\u1ef1ng &amp; H\u1ed7 tr\u1ee3 Thi\u1ebft b\u1ecb c\u00f3 Tu\u1ed5i th\u1ecd l\u00e2u d\u00e0i<\/span><\/a>\n\t\t\t<\/div>\n\t\t<\/div>\n\t<\/div>\n<\/div>\n\t\t\t<\/div>\n\n\t\t\t\t\n\t<\/div>\n\n\n\n\t\n\n\t\t\t\n\t\n<div id=\"block_c2512b0c3fdec4ac377d4c0ff2eae734\" class=\"nmc-block nmc-block--split block-container -Width alignfull\">\n\t\n\t\t\n\t\t\t<div class=\"blockbody\">\n\t\t\t\t\t<div class=\"bound boundwider\">\n\t\t\n\n<div class=\"split-half\">\n\t<div class=\"split-half-content\">\n\n\t\t\n\n<div class=\"split-half-image\">\n\t\t\t\t\t\t\t\t\t\t<picture>\n\t\t<source media=\"(max-width: 400px)\" srcset=\"https:\/\/img.nmcdn.io\/e1\/w:500,h:530,v:1\/cpm\/wp-content\/uploads\/2024\/07\/aftermarket-partssupplies-CTA.jpg?s=72284527\">\n\t\t<img decoding=\"async\" loading=\"lazy\" style=\"aspect-ratio: 0.94339622641509;\" src=\"https:\/\/img.nmcdn.io\/e1\/w:800,h:848,v:1\/cpm\/wp-content\/uploads\/2024\/07\/aftermarket-partssupplies-CTA.jpg?s=196d2b9a\" width=\"800\" height=\"848\" alt=\"aftermarket parts &amp; supplies\">\n\t<\/picture>\n<\/div>\n\n\n\t\t\n\t<\/div>\n<\/div>\n\n\n<div class=\"split-half\">\n\t<div class=\"split-half-content\">\n\n\t\t\n\n<p class=\"is-style-eyebrow-heading\">Li\u00ean h\u1ec7 ch\u00fang t\u00f4i<\/p>\n\n\n\n<h2 class=\"wp-block-heading\"><strong>Nh\u1eadn \u0111\u01b0\u1ee3c nhi\u1ec1u nh\u1ea5t<\/strong> trong s\u1ed1 Thi\u1ebft b\u1ecb CPM c\u1ee7a b\u1ea1n<\/h2>\n\n\n\n<p>\u0110\u1ea3m b\u1ea3o thi\u1ebft b\u1ecb CPM c\u1ee7a b\u1ea1n lu\u00f4n \u1edf tr\u1ea1ng th\u00e1i t\u1ed1t nh\u1ea5t nh\u1edd c\u00e1c b\u1ed9 ph\u1eadn v\u00e0 v\u1eadt t\u01b0 OEM c\u1ee7a ch\u00fang t\u00f4i. H\u00e3y li\u00ean h\u1ec7 v\u1edbi ch\u00fang t\u00f4i ngay h\u00f4m nay \u0111\u1ec3 t\u00ecm hi\u1ec3u th\u00eam v\u1ec1 c\u00e1ch ch\u00fang t\u00f4i c\u00f3 th\u1ec3 h\u1ed7 tr\u1ee3 nhu c\u1ea7u b\u1ea3o tr\u00ec c\u1ee7a b\u1ea1n.<\/p>\n\n\n\n\n\n\t\t\t\t\n\n<div class=\"nmc-block nmc-block--buttons\" id=\"block_cfefba1e611285649301f7d9600bdf07\">\n\t<div class=\"blockbody\">\n\t\n\t\t\t\t\t\t\n\t\t<a href=\"https:\/\/onecpm.com\/vi\/about-cpm\/contact-us\/\" class=\"btn -btn\" >Li\u00ean h\u1ec7 ch\u00fang t\u00f4i<\/a>\n\t\t<\/div>\n<\/div>\n\n\t\t\n\t<\/div>\n<\/div>\n\n\t<\/div>\n\t\t\t<\/div>\n\n\t\t\t\t\n\t<\/div>","protected":false},"excerpt":{"rendered":"","protected":false},"author":1,"featured_media":0,"parent":772,"menu_order":1,"comment_status":"closed","ping_status":"closed","template":"","meta":{"_acf_changed":false,"footnotes":""},"class_list":["post-3562","page","type-page","status-publish","hentry"],"acf":[],"_links":{"self":[{"href":"https:\/\/onecpm.com\/vi\/wp-json\/wp\/v2\/pages\/3562","targetHints":{"allow":["GET"]}}],"collection":[{"href":"https:\/\/onecpm.com\/vi\/wp-json\/wp\/v2\/pages"}],"about":[{"href":"https:\/\/onecpm.com\/vi\/wp-json\/wp\/v2\/types\/page"}],"author":[{"embeddable":true,"href":"https:\/\/onecpm.com\/vi\/wp-json\/wp\/v2\/users\/1"}],"replies":[{"embeddable":true,"href":"https:\/\/onecpm.com\/vi\/wp-json\/wp\/v2\/comments?post=3562"}],"version-history":[{"count":24,"href":"https:\/\/onecpm.com\/vi\/wp-json\/wp\/v2\/pages\/3562\/revisions"}],"predecessor-version":[{"id":12006,"href":"https:\/\/onecpm.com\/vi\/wp-json\/wp\/v2\/pages\/3562\/revisions\/12006"}],"up":[{"embeddable":true,"href":"https:\/\/onecpm.com\/vi\/wp-json\/wp\/v2\/pages\/772"}],"wp:attachment":[{"href":"https:\/\/onecpm.com\/vi\/wp-json\/wp\/v2\/media?parent=3562"}],"curies":[{"name":"wp","href":"https:\/\/api.w.org\/{rel}","templated":true}]}}