{"id":3564,"date":"2024-06-12T16:41:14","date_gmt":"2024-06-12T16:41:14","guid":{"rendered":"https:\/\/cpm.epicenter1.com\/?page_id=3564"},"modified":"2025-06-24T23:21:56","modified_gmt":"2025-06-24T23:21:56","slug":"upgrades-remanufacturing","status":"publish","type":"page","link":"https:\/\/onecpm.com\/vi\/aftermarket-service\/upgrades-remanufacturing","title":{"rendered":"N\u00e2ng c\u1ea5p &amp; T\u00e1i s\u1ea3n xu\u1ea5t"},"content":{"rendered":"<div id=\"block_32f159808d3cbb18f0a6933b8e1e2114\" class=\"nmc-block nmc-block--masthead-aftermarket block-container alignfull -mode-dark\">\n\t\n\t\t\n\t\t\t<div class=\"blockbody\">\n\t\t\t\t<div class=\"masthead-media -overlay\">\n\t\t<div class=\"image\">\n\t\t\t\t\t\t\t\t\t\t\t\t<picture>\n\t\t\t<source media=\"(max-width: 499px)\" srcset=\"https:\/\/img.nmcdn.io\/e1\/w:600,h:338,v:1\/cpm\/wp-content\/uploads\/2024\/07\/aftermarket-upgrades-hero.jpg?s=15ccf91b\">\n\t\t\t<source media=\"(max-width: 899px)\" srcset=\"https:\/\/img.nmcdn.io\/e1\/w:1200,h:675,v:1\/cpm\/wp-content\/uploads\/2024\/07\/aftermarket-upgrades-hero.jpg?s=11cbd8e8\">\n\t\t\t<img fetchpriority=\"high\" decoding=\"async\" loading=\"eager\" style=\"aspect-ratio: 1.7777777777778;\" src=\"https:\/\/img.nmcdn.io\/e1\/w:1800,h:1013,v:1\/cpm\/wp-content\/uploads\/2024\/07\/aftermarket-upgrades-hero.jpg?s=406caab2\" width=\"1800\" height=\"1013\" alt=\"\" aria-hidden=\"true\">\n\t\t<\/picture>\n\t<\/div>\n\t\t\n<\/div>\n<div class=\"bound boundwider\">\n\t<div class=\"masthead-content\">\n\t\t<p class=\"is-style-eyebrow-heading\">H\u1eadu m\u00e3i &amp; D\u1ecbch v\u1ee5<\/strong><\/p>\n\t\t<h1 class=\"page-title\">N\u00e2ng c\u1ea5p &amp; T\u00e1i s\u1ea3n xu\u1ea5t<\/h1>\n\t\t\t\t\t<\/div>\n<\/div>\n\n<script>\n(function(){\n\tdocument.documentElement.classList.add('-transparent-header');\n})();\n<\/script>\n\t\t\t<\/div>\n\n\t\t\t\t\n\t<\/div>\n\n\n\n\n\n\t\n\n\t\t\t\t\t\t\t\n\n<div id=\"block_3d8ef829e202502478ee0e6a0692023d\" class=\"nmc-block nmc-block--intro-complex block-container alignfull\">\n\t\n\t\t\n\t\t\t<div class=\"blockbody\">\n\t\t\t\t\n\t<div class=\"wrap\">\n\t\t<div class=\"block-intro\">\n\t\t\t\t\t\t\t<p class=\"is-style-eyebrow-heading\">T\u1ed5ng quan<\/p>\n\t\t\t\t\t\t\t\t\t\t                                                                                                                                            <h2 class=\"block-title\">N\u00e2ng c\u1ea5p &amp; <strong>T\u00e1i s\u1ea3n xu\u1ea5t<\/strong><\/h2>\t\t\t\t\t\t\t\t\t<div class=\"text\">\n\t\t\t\t<p>T\u1ea1i CPM, ch\u00fang t\u00f4i kh\u00f4ng ch\u1ec9 gi\u00fap thi\u1ebft b\u1ecb c\u1ee7a b\u1ea1n ho\u1ea1t \u0111\u1ed9ng tr\u01a1n tru trong nhi\u1ec1u th\u1eadp k\u1ef7, ch\u00fang t\u00f4i c\u00f2n c\u00f3 th\u1ec3 bi\u1ebfn c\u00e1i c\u0169 th\u00e0nh c\u00e1i m\u1edbi. C\u00e1c d\u1ecbch v\u1ee5 n\u00e2ng c\u1ea5p v\u00e0 t\u00e1i s\u1ea3n xu\u1ea5t c\u1ee7a ch\u00fang t\u00f4i gi\u00fap b\u1ea1n ti\u1ebft ki\u1ec7m ti\u1ec1n b\u1ea1c, t\u00e0i nguy\u00ean v\u00e0 n\u0103ng l\u01b0\u1ee3ng trong khi c\u1ea3i thi\u1ec7n \u0111\u00e1ng k\u1ec3 hi\u1ec7u su\u1ea5t.<\/p>\n\t\t\t<\/div>\n\t\t\t\n\t\t\t\t\t\t\t<a href=\"https:\/\/onecpm.com\/vi\/about-cpm\/contact-us\/\" class=\"btn -non-btn\" >Li\u00ean l\u1ea1c<svg xmlns=\"http:\/\/www.w3.org\/2000\/svg\" width=\"17\" height=\"12\" viewbox=\"0 0 17 12\" fill=\"none\" role=\"img\" aria-hidden=\"true\" focusable=\"false\"><title>arrow<\/title>\n<path fill-rule=\"evenodd\" clip-rule=\"evenodd\" d=\"M13.9176 6.28571L8.65133 10.5863L9.42733 11.4286L16.3999 5.71429L9.41476 0L8.65362 0.860571L13.9153 5.14286L0.399902 5.14286L0.399902 6.28571L13.9176 6.28571Z\" fill=\"white\"\/>\n<\/svg><\/a>\t\t\t\t\t<\/div>\n\n\t\t<div class=\"image\">\n\t\t\t\n<div class=\"image-auto\" style=\"aspect-ratio: 600 \/ 738;\">\n\t<picture>\n\t\t<source \n\t\t\tmedia=\"(max-width: 600px)\"\n\t\t\tsrcset=\"https:\/\/img.nmcdn.io\/e1\/w:480,h:591,v:1\/cpm\/wp-content\/uploads\/2024\/07\/aftermarket-upgrades-quote.jpg?s=be7316cd\">\n\t\t<img  loading=\"lazy\"src=\"https:\/\/img.nmcdn.io\/e1\/w:600,h:738,v:1\/cpm\/wp-content\/uploads\/2024\/07\/aftermarket-upgrades-quote.jpg?s=fdf84646\" width=\"600\" height=\"738\" alt=\"\">\n\t<\/picture>\n<\/div>\n\n\t\t\t\t\t<\/div>\n\t<\/div>\n\n\t\t\t<\/div>\n\n\t\t\t\t\n\t<\/div>\n\n\n\n\t\n\n\t\t\t\t\t\t\t\n\n<div id=\"block_dfc97ba3882d9b49cbe34fd1d5e0857b\" class=\"nmc-block nmc-block--tabbed-ctas block-container alignfull\">\n\t\n\t\t\n\t\t\t<div class=\"blockbody\">\n\t\t\t\t\t\n\t<div class=\"block-wrap gray\">\n\t\t<div class=\"bound boundwider\">\n\t\t\t<div class=\"block-intro -mode-gray\">\n\t\t\t\t<div class=\"block-left\">\n\t\t\t\t\t                                                                            <h2 class=\"block-title\">M\u1edf r\u1ed9ng &amp; Hi\u1ec7n \u0111\u1ea1i h\u00f3a<\/h2>\t\t\t\t\t\t\t\t\t\t\t<div class=\"content\">CPM chuy\u00ean n\u00e2ng c\u1ea5p v\u00e0 ch\u1ebf t\u1ea1o l\u1ea1i thi\u1ebft b\u1ecb \u0111\u1ec3 \u0111\u1ea3m b\u1ea3o \u0111\u00e1p \u1ee9ng c\u00e1c ti\u00eau chu\u1ea9n hi\u1ec7n nay v\u1ec1 hi\u1ec7u qu\u1ea3, \u0111\u1ed9 tin c\u1eady, an to\u00e0n v\u00e0 hi\u1ec7u su\u1ea5t.\r\n<\/div>\n\t\t\t\t\t\t\t\t\t<\/div>\n\n\t\t\t\t\t\t\t<\/div>\n\n\t\t\t<div class=\"tabs\">\n\t\t\t\t<div class=\"tabs_list\" role=\"tablist\">\n\t\t\t\t\t\t\t\t\t\t\t<button type=\"button\" class=\"tab\" role=\"tab\" aria-controls=\"block_dfc97ba3882d9b49cbe34fd1d5e0857b-1\" id=\"tab-block_dfc97ba3882d9b49cbe34fd1d5e0857b-1\" tabindex=\"\">Hi\u1ec7n \u0111\u1ea1i h\u00f3a ti\u1ebft ki\u1ec7m chi ph\u00ed<\/button>\n\t\t\t\t\t\t\t\t\t\t\t<button type=\"button\" class=\"tab\" role=\"tab\" aria-controls=\"block_dfc97ba3882d9b49cbe34fd1d5e0857b-2\" id=\"tab-block_dfc97ba3882d9b49cbe34fd1d5e0857b-2\" tabindex=\"-1\">C\u1ea3i thi\u1ec7n hi\u1ec7u qu\u1ea3<\/button>\n\t\t\t\t\t\t\t\t\t\t\t<button type=\"button\" class=\"tab\" role=\"tab\" aria-controls=\"block_dfc97ba3882d9b49cbe34fd1d5e0857b-3\" id=\"tab-block_dfc97ba3882d9b49cbe34fd1d5e0857b-3\" tabindex=\"-1\">Hi\u1ec7u su\u1ea5t &amp; N\u0103ng su\u1ea5t<\/button>\n\t\t\t\t\t\t\t\t\t<\/div>\n\n\t\t\t\t<div class=\"tab-content\">\n\n\t\t\t\t\t\t\t\t\t\t\t<div class=\"tab_panel\" tabindex=\"0\" role=\"tabpanel\" id=\"block_dfc97ba3882d9b49cbe34fd1d5e0857b-1\" >\n\t\t\t\t\t\t\t<div class=\"tab-background\">\n\t\t\t\t\t\t\t\t<div class=\"image\">\n\t\t\t\t\t\t\t\t\t\t\t\t\t\t\t\t\t\t\t\t\t\t\t\t\t\t\t\t\t\t\t\t\t\t\t\t\t\t\t\t\t\t\t\t\t\t\t\t\t\t\t\t\t\t<picture>\n\t\t\t\t\t\t\t\t\t\t<source media=\"(max-width: 499px)\" srcset=\"https:\/\/img.nmcdn.io\/e1\/w:600,h:800,v:1\/cpm\/wp-content\/uploads\/2024\/07\/aftermarket-upgrades-tab1-1.jpg?s=1d91179d\">\n\t\t\t\t\t\t\t\t\t\t<source media=\"(max-width: 899px)\" srcset=\"https:\/\/img.nmcdn.io\/e1\/w:1200,h:724,v:1\/cpm\/wp-content\/uploads\/2024\/07\/aftermarket-upgrades-tab1-1.jpg?s=93fd73a7\">\n\t\t\t\t\t\t\t\t\t\t<img decoding=\"async\" loading=\"eager\" style=\"aspect-ratio: 1.6578947368421;\" src=\"https:\/\/img.nmcdn.io\/e1\/w:1800,h:1086,v:1\/cpm\/wp-content\/uploads\/2024\/07\/aftermarket-upgrades-tab1-1.jpg?s=71e4b4ba\" width=\"1800\" height=\"1086\" alt=\"\" aria-hidden=\"true\">\n\t\t\t\t\t\t\t\t\t<\/picture>\n\t\t\t\t\t\t\t\t<\/div>\n\t\t\t\t\t\t\t<\/div>\n\t\t\t\t\t\t\t<div class=\"tab-wrap -left\">\n\t\t\t\t\t\t\t\t<div class=\"text -mode-dark\">\n\t\t\t\t\t\t\t\t\t\t\t\t\t\t\t\t\t\t\t<p class=\"is-style-eyebrow-heading\">Hi\u1ec7n \u0111\u1ea1i h\u00f3a ti\u1ebft ki\u1ec7m chi ph\u00ed<\/p>\n\t\t\t\t\t\t\t\t\t\t\t\t\t\t\t\t\t\t                                                                                                                                                                                <h2 class=\"block-title\">Ch\u00fang ta c\u00f3 th\u1ec3 x\u00e2y d\u1ef1ng l\u1ea1i n\u00f3. Ch\u00fang ta c\u00f3 c\u00f4ng ngh\u1ec7.<\/h2>\t\t\t\t\t\t\t\t\t\t\t\t\t\t\t\t\t\t\t<p>Vi\u1ec7c \u0111\u01b0a thi\u1ebft b\u1ecb c\u0169 l\u00ean ti\u00eau chu\u1ea9n hi\u1ec7n \u0111\u1ea1i th\u01b0\u1eddng c\u00f3 th\u1ec3 ti\u1ebft ki\u1ec7m chi ph\u00ed \u0111\u00e1ng k\u1ec3 c\u00f9ng v\u1edbi c\u1ea3i thi\u1ec7n hi\u1ec7u su\u1ea5t v\u00e0 ch\u00fang t\u00f4i c\u00f3 chuy\u00ean m\u00f4n \u0111\u1ec3 l\u00e0m \u0111i\u1ec1u \u0111\u00f3. H\u00e3y li\u00ean h\u1ec7 v\u1edbi ch\u00fang t\u00f4i \u0111\u1ec3 t\u00ecm hi\u1ec3u v\u1ec1 kho thi\u1ebft b\u1ecb t\u00e2n trang t\u1ea1i nh\u00e0 m\u00e1y \u0111\u00e3 \u0111\u01b0\u1ee3c c\u1eadp nh\u1eadt c\u00e1c t\u00ednh n\u0103ng ti\u00eau chu\u1ea9n, \u0111\u01b0\u1ee3c trang b\u1ecb ch\u1ebf \u0111\u1ed9 b\u1ea3o h\u00e0nh ti\u00eau chu\u1ea9n v\u00e0 hi\u1ec7n \u0111ang \u0111\u01b0\u1ee3c b\u00e1n.<\/p>\n\n\t\t\t\t\t\t\t\t\t\t\t\t\t\t\t\t\t\t\t\t\t\t\t\t\t\t<\/div>\n\t\t\t\t\t\t\t<\/div>\n\t\t\t\t\t\t<\/div>\n\t\t\t\t\t\t\t\t\t\t\t<div class=\"tab_panel\" tabindex=\"0\" role=\"tabpanel\" id=\"block_dfc97ba3882d9b49cbe34fd1d5e0857b-2\" hidden=\"\">\n\t\t\t\t\t\t\t<div class=\"tab-background\">\n\t\t\t\t\t\t\t\t<div class=\"image\">\n\t\t\t\t\t\t\t\t\t\t\t\t\t\t\t\t\t\t\t\t\t\t\t\t\t\t\t\t\t\t\t\t\t\t\t\t\t\t\t\t\t\t\t\t\t\t\t\t\t\t\t\t\t\t<picture>\n\t\t\t\t\t\t\t\t\t\t<source media=\"(max-width: 499px)\" srcset=\"https:\/\/img.nmcdn.io\/e1\/w:600,h:800,v:1\/cpm\/wp-content\/uploads\/2024\/07\/aftermarket-upgrades-tab2.jpg?s=38fd9a77\">\n\t\t\t\t\t\t\t\t\t\t<source media=\"(max-width: 899px)\" srcset=\"https:\/\/img.nmcdn.io\/e1\/w:1200,h:724,v:1\/cpm\/wp-content\/uploads\/2024\/07\/aftermarket-upgrades-tab2.jpg?s=82e9b004\">\n\t\t\t\t\t\t\t\t\t\t<img decoding=\"async\" loading=\"eager\" style=\"aspect-ratio: 1.6578947368421;\" src=\"https:\/\/img.nmcdn.io\/e1\/w:1800,h:1086,v:1\/cpm\/wp-content\/uploads\/2024\/07\/aftermarket-upgrades-tab2.jpg?s=2850e4f4\" width=\"1800\" height=\"1086\" alt=\"\" aria-hidden=\"true\">\n\t\t\t\t\t\t\t\t\t<\/picture>\n\t\t\t\t\t\t\t\t<\/div>\n\t\t\t\t\t\t\t<\/div>\n\t\t\t\t\t\t\t<div class=\"tab-wrap -right\">\n\t\t\t\t\t\t\t\t<div class=\"text -mode-dark\">\n\t\t\t\t\t\t\t\t\t\t\t\t\t\t\t\t\t\t\t<p class=\"is-style-eyebrow-heading\">C\u1ea3i thi\u1ec7n hi\u1ec7u qu\u1ea3<\/p>\n\t\t\t\t\t\t\t\t\t\t\t\t\t\t\t\t\t\t                                                                                                                            <h2 class=\"block-title\">L\u00e0m \u0111\u01b0\u1ee3c nhi\u1ec1u vi\u1ec7c h\u01a1n v\u1edbi \u00edt t\u00e0i nguy\u00ean h\u01a1n.<\/h2>\t\t\t\t\t\t\t\t\t\t\t\t\t\t\t\t\t\t\t<p>B\u1eb1ng c\u00e1ch trang b\u1ecb cho thi\u1ebft b\u1ecb c\u1ee7a b\u1ea1n c\u00f4ng ngh\u1ec7 m\u1edbi nh\u1ea5t, ch\u00fang t\u00f4i c\u00f3 th\u1ec3 gi\u00fap b\u1ea1n gi\u1ea3m m\u1ee9c ti\u00eau th\u1ee5 n\u0103ng l\u01b0\u1ee3ng v\u00e0 gi\u1ea3m chi ph\u00ed v\u1eadn h\u00e0nh.<\/p>\n\n\t\t\t\t\t\t\t\t\t\t\t\t\t\t\t\t\t\t\t\t\t\t\t\t\t\t<\/div>\n\t\t\t\t\t\t\t<\/div>\n\t\t\t\t\t\t<\/div>\n\t\t\t\t\t\t\t\t\t\t\t<div class=\"tab_panel\" tabindex=\"0\" role=\"tabpanel\" id=\"block_dfc97ba3882d9b49cbe34fd1d5e0857b-3\" hidden=\"\">\n\t\t\t\t\t\t\t<div class=\"tab-background\">\n\t\t\t\t\t\t\t\t<div class=\"image\">\n\t\t\t\t\t\t\t\t\t\t\t\t\t\t\t\t\t\t\t\t\t\t\t\t\t\t\t\t\t\t\t\t\t\t\t\t\t\t\t\t\t\t\t\t\t\t\t\t\t\t\t\t\t\t<picture>\n\t\t\t\t\t\t\t\t\t\t<source media=\"(max-width: 499px)\" srcset=\"https:\/\/img.nmcdn.io\/e1\/w:600,h:800,v:1\/cpm\/wp-content\/uploads\/2024\/07\/aftermarket-upgrades-tab3.jpg?s=d411cbc5\">\n\t\t\t\t\t\t\t\t\t\t<source media=\"(max-width: 899px)\" srcset=\"https:\/\/img.nmcdn.io\/e1\/w:1200,h:724,v:1\/cpm\/wp-content\/uploads\/2024\/07\/aftermarket-upgrades-tab3.jpg?s=f79d1efc\">\n\t\t\t\t\t\t\t\t\t\t<img decoding=\"async\" loading=\"eager\" style=\"aspect-ratio: 1.6578947368421;\" src=\"https:\/\/img.nmcdn.io\/e1\/w:1800,h:1086,v:1\/cpm\/wp-content\/uploads\/2024\/07\/aftermarket-upgrades-tab3.jpg?s=ccf6d100\" width=\"1800\" height=\"1086\" alt=\"\" aria-hidden=\"true\">\n\t\t\t\t\t\t\t\t\t<\/picture>\n\t\t\t\t\t\t\t\t<\/div>\n\t\t\t\t\t\t\t<\/div>\n\t\t\t\t\t\t\t<div class=\"tab-wrap -left\">\n\t\t\t\t\t\t\t\t<div class=\"text -mode-dark\">\n\t\t\t\t\t\t\t\t\t\t\t\t\t\t\t\t\t\t\t<p class=\"is-style-eyebrow-heading\">Hi\u1ec7u su\u1ea5t &amp; N\u0103ng su\u1ea5t<\/p>\n\t\t\t\t\t\t\t\t\t\t\t\t\t\t\t\t\t\t                                                                                                <h2 class=\"block-title\">N\u00e2ng cao hi\u1ec7u su\u1ea5t<\/h2>\t\t\t\t\t\t\t\t\t\t\t\t\t\t\t\t\t\t\t<p>V\u1edbi c\u00e1c b\u1ea3n n\u00e2ng c\u1ea5p v\u00e0 x\u00e2y d\u1ef1ng l\u1ea1i c\u1ee7a CPM, b\u1ea1n c\u00f3 th\u1ec3 n\u00e2ng cao hi\u1ec7u su\u1ea5t c\u1ee7a thi\u1ebft b\u1ecb, d\u1eabn \u0111\u1ebfn t\u0103ng n\u0103ng su\u1ea5t v\u00e0 gi\u1ea3m th\u1eddi gian ch\u1ebft. C\u00e1c chuy\u00ean gia c\u1ee7a ch\u00fang t\u00f4i ph\u00e2n t\u00edch m\u00e1y m\u00f3c hi\u1ec7n t\u1ea1i c\u1ee7a b\u1ea1n v\u00e0 \u0111\u1ec1 xu\u1ea5t c\u00e1c b\u1ea3n n\u00e2ng c\u1ea5p s\u1ebd t\u1ed1i \u01b0u h\u00f3a ho\u1ea1t \u0111\u1ed9ng c\u1ee7a b\u1ea1n v\u00e0 t\u0103ng hi\u1ec7u qu\u1ea3 chung.<\/p>\n\n\t\t\t\t\t\t\t\t\t\t\t\t\t\t\t\t\t\t\t\t\t\t\t\t\t\t<\/div>\n\t\t\t\t\t\t\t<\/div>\n\t\t\t\t\t\t<\/div>\n\t\t\t\t\t\t\t\t\t\t\n\t\t\t\t<\/div>\n\t\t\t<\/div>\n\n\t\t\t\n\t\t<\/div>\n\t<\/div>\n\n\t\n\t\t\t<\/div>\n\n\t\t\t\t\n\t<\/div>\n\n\n\n\t\n\n\t\t\t\t\t\t\t\n\n<div id=\"block_1b2b8c2ec5facde9b3aea3b8d51ba32a\" class=\"nmc-block nmc-block--story-cta block-container alignfull\">\n\t\n\t\t\n\t\t\t<div class=\"blockbody\">\n\t\t\t\t<div class=\"bound boundfull\">\n\t<div class=\"story-wrap -mode-dark\">\n\t\t<div class=\"story-background\">\n\t\t\t<div class=\"image\">\n\t\t\t\t\t\t\t\t\n<picture>\n\t<source srcset=\"https:\/\/img.nmcdn.io\/e1\/w:900,h:600,v:1\/cpm\/wp-content\/uploads\/imported-files\/news-building-equipment-lifetime-california-pellet-mill.jpg?s=9655c320\" width=\"900\" height=\"600\" media=\"(max-width: 900px)\" type=\"image\/webp\">\n\t<source srcset=\"https:\/\/img.nmcdn.io\/e1\/w:900,h:600,v:1\/cpm\/wp-content\/uploads\/imported-files\/news-building-equipment-lifetime-california-pellet-mill.jpg?s=9655c320\" width=\"900\" height=\"600\" media=\"(max-width: 900px)\">\n\t<source srcset=\"https:\/\/img.nmcdn.io\/e1\/w:1256,h:615,v:1\/cpm\/wp-content\/uploads\/imported-files\/news-building-equipment-lifetime-california-pellet-mill.jpg?s=2280a070\" type=\"image\/webp\">\n\t<img loading=\"lazy\" decoding=\"async\" src=\"https:\/\/img.nmcdn.io\/e1\/w:1256,h:615,v:1\/cpm\/wp-content\/uploads\/imported-files\/news-building-equipment-lifetime-california-pellet-mill.jpg?s=2280a070\" width=\"1256\" height=\"615\" alt=\"building equipment news\">\n<\/picture>\n\t\t\t<\/div>\n\t\t<\/div>\n\t\t<div class=\"story-content\">\n\t\t\t<div class=\"supheading\">Gi\u1ea3i ph\u00e1p ti\u00eau \u0111i\u1ec3m<\/div>\n\t\t\t<div class=\"content\">\n\t\t\t\t                                                                                                                                                                                                                        <h2 class=\"block-title\">X\u00e2y d\u1ef1ng v\u00e0 h\u1ed7 tr\u1ee3 thi\u1ebft b\u1ecb t\u1ed3n t\u1ea1i su\u1ed1t \u0111\u1eddi<\/h2>\t\t\t\t\t\t\t\t<a href=\"https:\/\/onecpm.com\/vi\/success-story\/building-supporting-equipment-that-lasts-a-lifetime\/\" target=\"\" class=\"btn -non-btn\">H\u00e3y \u0111\u1ecdc ti\u1ebfp <svg xmlns=\"http:\/\/www.w3.org\/2000\/svg\" width=\"17\" height=\"12\" viewbox=\"0 0 17 12\" fill=\"none\" role=\"img\" aria-hidden=\"true\" focusable=\"false\"><title>arrow<\/title>\n<path fill-rule=\"evenodd\" clip-rule=\"evenodd\" d=\"M13.9176 6.28571L8.65133 10.5863L9.42733 11.4286L16.3999 5.71429L9.41476 0L8.65362 0.860571L13.9153 5.14286L0.399902 5.14286L0.399902 6.28571L13.9176 6.28571Z\" fill=\"white\"\/>\n<\/svg><span class=\"sr\"> v\u1ec1 X\u00e2y d\u1ef1ng &amp; H\u1ed7 tr\u1ee3 Thi\u1ebft b\u1ecb c\u00f3 Tu\u1ed5i th\u1ecd l\u00e2u d\u00e0i<\/span><\/a>\n\t\t\t<\/div>\n\t\t<\/div>\n\t<\/div>\n<\/div>\n\t\t\t<\/div>\n\n\t\t\t\t\n\t<\/div>\n\n\n\n\t\n\n\t\t\t\t\t\t\t\n\t\n<div id=\"block_7b65a23494b13c82f9831244e9c0e473\" class=\"nmc-block nmc-block--split block-container alignfull -Width alignfull\">\n\t\n\t\t\n\t\t\t<div class=\"blockbody\">\n\t\t\t\t\t<div class=\"bound boundwider\">\n\t\t\n\n<div class=\"split-half\">\n\t<div class=\"split-half-content\">\n\n\t\t\n\n<div class=\"split-half-image\">\n\t\t\t\t\t\t\t\t\t\t<picture>\n\t\t<source media=\"(max-width: 400px)\" srcset=\"https:\/\/img.nmcdn.io\/e1\/w:500,h:530,v:1\/cpm\/wp-content\/uploads\/2024\/07\/aftermarket-automation-CTA-1.jpg?s=3db1a97e\">\n\t\t<img decoding=\"async\" loading=\"lazy\" style=\"aspect-ratio: 0.94339622641509;\" src=\"https:\/\/img.nmcdn.io\/e1\/w:800,h:848,v:1\/cpm\/wp-content\/uploads\/2024\/07\/aftermarket-automation-CTA-1.jpg?s=c535631c\" width=\"800\" height=\"848\" alt=\"automation\">\n\t<\/picture>\n<\/div>\n\n\n\t\t\n\t<\/div>\n<\/div>\n\n\n<div class=\"split-half\">\n\t<div class=\"split-half-content\">\n\n\t\t\n\n<p class=\"is-style-eyebrow-heading\">Li\u00ean h\u1ec7 ch\u00fang t\u00f4i<\/p>\n\n\n\n<h2 class=\"wp-block-heading\"><strong>Nh\u1eadn \u0111\u01b0\u1ee3c nhi\u1ec1u nh\u1ea5t<\/strong> trong s\u1ed1 Thi\u1ebft b\u1ecb CPM c\u1ee7a b\u1ea1n<\/h2>\n\n\n\n<p>S\u1eed d\u1ee5ng d\u1ecbch v\u1ee5 n\u00e2ng c\u1ea5p v\u00e0 t\u00e1i s\u1ea3n xu\u1ea5t c\u1ee7a CPM \u0111\u1ec3 gi\u1eef cho thi\u1ebft b\u1ecb c\u1ee7a b\u1ea1n ho\u1ea1t \u0111\u1ed9ng t\u1ed1t nh\u1ea5t trong khi v\u1eabn \u0111\u00e1p \u1ee9ng c\u00e1c ti\u00eau chu\u1ea9n hi\u1ec7n \u0111\u1ea1i. Li\u00ean h\u1ec7 v\u1edbi ch\u00fang t\u00f4i ngay h\u00f4m nay \u0111\u1ec3 t\u00ecm hi\u1ec3u c\u00e1ch ch\u00fang t\u00f4i c\u00f3 th\u1ec3 gi\u00fap b\u1ea1n n\u00e2ng cao ho\u1ea1t \u0111\u1ed9ng v\u00e0 \u0111\u1ea1t \u0111\u01b0\u1ee3c m\u1ee5c ti\u00eau c\u1ee7a m\u00ecnh.<\/p>\n\n\n\n\n\n\t\t\t\t\n\n<div class=\"nmc-block nmc-block--buttons\" id=\"block_8e4c990b49d1a9633e2c5a414a29ba90\">\n\t<div class=\"blockbody\">\n\t\n\t\t\t\t\t\t\n\t\t<a href=\"https:\/\/onecpm.com\/vi\/about-cpm\/contact-us\/\" class=\"btn -btn\" >Li\u00ean h\u1ec7 ch\u00fang t\u00f4i<\/a>\n\t\t<\/div>\n<\/div>\n\n\t\t\n\t<\/div>\n<\/div>\n\n\t<\/div>\n\t\t\t<\/div>\n\n\t\t\t\t\n\t<\/div>","protected":false},"excerpt":{"rendered":"","protected":false},"author":1,"featured_media":0,"parent":772,"menu_order":1,"comment_status":"closed","ping_status":"closed","template":"","meta":{"_acf_changed":false,"footnotes":""},"class_list":["post-3564","page","type-page","status-publish","hentry"],"acf":[],"_links":{"self":[{"href":"https:\/\/onecpm.com\/vi\/wp-json\/wp\/v2\/pages\/3564","targetHints":{"allow":["GET"]}}],"collection":[{"href":"https:\/\/onecpm.com\/vi\/wp-json\/wp\/v2\/pages"}],"about":[{"href":"https:\/\/onecpm.com\/vi\/wp-json\/wp\/v2\/types\/page"}],"author":[{"embeddable":true,"href":"https:\/\/onecpm.com\/vi\/wp-json\/wp\/v2\/users\/1"}],"replies":[{"embeddable":true,"href":"https:\/\/onecpm.com\/vi\/wp-json\/wp\/v2\/comments?post=3564"}],"version-history":[{"count":30,"href":"https:\/\/onecpm.com\/vi\/wp-json\/wp\/v2\/pages\/3564\/revisions"}],"predecessor-version":[{"id":10988,"href":"https:\/\/onecpm.com\/vi\/wp-json\/wp\/v2\/pages\/3564\/revisions\/10988"}],"up":[{"embeddable":true,"href":"https:\/\/onecpm.com\/vi\/wp-json\/wp\/v2\/pages\/772"}],"wp:attachment":[{"href":"https:\/\/onecpm.com\/vi\/wp-json\/wp\/v2\/media?parent=3564"}],"curies":[{"name":"wp","href":"https:\/\/api.w.org\/{rel}","templated":true}]}}