{"id":3566,"date":"2024-06-12T16:41:31","date_gmt":"2024-06-12T16:41:31","guid":{"rendered":"https:\/\/cpm.epicenter1.com\/?page_id=3566"},"modified":"2025-06-24T23:22:16","modified_gmt":"2025-06-24T23:22:16","slug":"field-services","status":"publish","type":"page","link":"https:\/\/onecpm.com\/vi\/aftermarket-service\/field-services","title":{"rendered":"D\u1ecbch v\u1ee5 hi\u1ec7n tr\u01b0\u1eddng"},"content":{"rendered":"<div id=\"block_643cab5273f7c016585a0010b5aaa84c\" class=\"nmc-block nmc-block--masthead-aftermarket block-container alignfull -mode-dark\">\n\t\n\t\t\n\t\t\t<div class=\"blockbody\">\n\t\t\t\t<div class=\"masthead-media -overlay\">\n\t\t<div class=\"image\">\n\t\t\t\t\t\t\t\t\t\t\t\t<picture>\n\t\t\t<source media=\"(max-width: 499px)\" srcset=\"https:\/\/img.nmcdn.io\/e1\/w:600,h:338,v:1\/cpm\/wp-content\/uploads\/2024\/08\/aftermarket-fieldservices-hero.jpg?s=3b3a1dce\">\n\t\t\t<source media=\"(max-width: 899px)\" srcset=\"https:\/\/img.nmcdn.io\/e1\/w:1200,h:675,v:1\/cpm\/wp-content\/uploads\/2024\/08\/aftermarket-fieldservices-hero.jpg?s=0505667a\">\n\t\t\t<img fetchpriority=\"high\" decoding=\"async\" loading=\"eager\" style=\"aspect-ratio: 1.7777777777778;\" src=\"https:\/\/img.nmcdn.io\/e1\/w:1800,h:1013,v:1\/cpm\/wp-content\/uploads\/2024\/08\/aftermarket-fieldservices-hero.jpg?s=2fb9ef7d\" width=\"1800\" height=\"1013\" alt=\"\" aria-hidden=\"true\">\n\t\t<\/picture>\n\t<\/div>\n\t\t\n<\/div>\n<div class=\"bound boundwider\">\n\t<div class=\"masthead-content\">\n\t\t<p class=\"is-style-eyebrow-heading\">H\u1eadu m\u00e3i &amp; D\u1ecbch v\u1ee5<\/strong><\/p>\n\t\t<h1 class=\"page-title translation-block\"><strong>D\u1ecbch v\u1ee5<\/strong> hi\u1ec7n tr\u01b0\u1eddng<\/h1>\n\t\t\t\t\t<\/div>\n<\/div>\n\n<script>\n(function(){\n\tdocument.documentElement.classList.add('-transparent-header');\n})();\n<\/script>\n\t\t\t<\/div>\n\n\t\t\t\t\n\t<\/div>\n\n\n\n\n\n\t\n\n\t\t\t\t\t\t\t\n\n<div id=\"block_3d7f38e16169c301ddef67a191dd270d\" class=\"nmc-block nmc-block--intro-complex block-container alignfull\">\n\t\n\t\t\n\t\t\t<div class=\"blockbody\">\n\t\t\t\t\n\t<div class=\"wrap\">\n\t\t<div class=\"block-intro\">\n\t\t\t\t\t\t\t<p class=\"is-style-eyebrow-heading\">T\u1ed5ng quan<\/p>\n\t\t\t\t\t\t\t\t\t\t                                                                                            <h2 class=\"block-title translation-block\"><strong>D\u1ecbch v\u1ee5<\/strong> hi\u1ec7n tr\u01b0\u1eddng<\/h2>\t\t\t\t\t\t\t\t\t<div class=\"text\">\n\t\t\t\t<p>Chuy\u1ebfn th\u0103m th\u1ef1c \u0111\u1ecba t\u1eeb CPM s\u1ebd c\u1ea3i thi\u1ec7n ho\u1ea1t \u0111\u1ed9ng c\u1ee7a b\u1ea1n. D\u1ecbch v\u1ee5 hi\u1ec7n tr\u01b0\u1eddng v\u00e0 ki\u1ec3m tra t\u1ea1i ch\u1ed7 c\u1ee7a ch\u00fang t\u00f4i c\u00f3 th\u1ec3 h\u1ed7 tr\u1ee3 b\u1ea1n t\u1ed1i \u01b0u h\u00f3a ho\u1ea1t \u0111\u1ed9ng c\u1ee7a m\u00ecnh. Cho d\u00f9 b\u1ea1n \u0111\u00e3 s\u1eed d\u1ee5ng thi\u1ebft b\u1ecb c\u1ee7a m\u00ecnh \u0111\u01b0\u1ee3c s\u00e1u th\u00e1ng hay 30 n\u0103m, c\u00e1c chuy\u00ean gia c\u1ee7a ch\u00fang t\u00f4i lu\u00f4n s\u1eb5n s\u00e0ng h\u1ed7 tr\u1ee3 b\u1ea1n. T\u1eeb m\u00e1y nghi\u1ec1n vi\u00ean \u0111\u1ebfn m\u00e1y tr\u1ed9n v\u00e0 m\u1ecdi b\u1ed9 ph\u1eadn c\u1ee7a m\u00e1y m\u00f3c CPM, h\u00e3y g\u1ecdi cho ch\u00fang t\u00f4i \u0111\u1ec3 ki\u1ec3m tra \u0111\u1ed9 m\u00e0i m\u00f2n, ki\u1ec3m tra d\u1ecbch v\u1ee5, tr\u1ee3 gi\u00fap thay th\u1ebf c\u00e1c b\u1ed9 ph\u1eadn v\u00e0 b\u1ea5t k\u1ef3 h\u1ed7 tr\u1ee3 n\u00e0o kh\u00e1c m\u00e0 b\u1ea1n c\u1ea7n.<\/p>\n<p>\u0110\u1ed9i ng\u0169 chuy\u00ean gia quy tr\u00ecnh, k\u1ef9 s\u01b0 \u1ee9ng d\u1ee5ng v\u00e0 k\u1ef9 thu\u1eadt vi\u00ean d\u1ecbch v\u1ee5 c\u1ee7a ch\u00fang t\u00f4i s\u1ebd l\u00e0m vi\u1ec7c v\u1edbi b\u1ea1n \u0111\u1ec3 \u0111\u1ea3m b\u1ea3o b\u1ea1n t\u1eadn d\u1ee5ng t\u1ed1i \u0111a thi\u1ebft b\u1ecb CPM c\u1ee7a m\u00ecnh\u2014c\u1ea3i thi\u1ec7n hi\u1ec7u su\u1ea5t v\u00e0 hi\u1ec7u qu\u1ea3\u2014nh\u1eb1m c\u1ea3i thi\u1ec7n k\u1ebft qu\u1ea3 kinh doanh c\u1ee7a b\u1ea1n.<\/p>\n\t\t\t<\/div>\n\t\t\t\n\t\t\t\t\t\t\t<a href=\"https:\/\/onecpm.com\/vi\/about-cpm\/contact-us\/\" class=\"btn -non-btn\" >Li\u00ean l\u1ea1c<svg xmlns=\"http:\/\/www.w3.org\/2000\/svg\" width=\"17\" height=\"12\" viewbox=\"0 0 17 12\" fill=\"none\" role=\"img\" aria-hidden=\"true\" focusable=\"false\"><title>arrow<\/title>\n<path fill-rule=\"evenodd\" clip-rule=\"evenodd\" d=\"M13.9176 6.28571L8.65133 10.5863L9.42733 11.4286L16.3999 5.71429L9.41476 0L8.65362 0.860571L13.9153 5.14286L0.399902 5.14286L0.399902 6.28571L13.9176 6.28571Z\" fill=\"white\"\/>\n<\/svg><\/a>\t\t\t\t\t<\/div>\n\n\t\t<div class=\"image\">\n\t\t\t\n<div class=\"image-auto\" style=\"aspect-ratio: 1400 \/ 1722;\">\n\t<picture>\n\t\t<source \n\t\t\tmedia=\"(max-width: 600px)\"\n\t\t\tsrcset=\"https:\/\/img.nmcdn.io\/e1\/w:480,h:591,v:1\/cpm\/wp-content\/uploads\/2025\/04\/Coupling-installation.jpg?s=538422e5\">\n\t\t<img  loading=\"lazy\"src=\"https:\/\/img.nmcdn.io\/e1\/w:600,h:738,v:1\/cpm\/wp-content\/uploads\/2025\/04\/Coupling-installation.jpg?s=b8242f6a\" width=\"1400\" height=\"1722\" alt=\"\">\n\t<\/picture>\n<\/div>\n\n\t\t\t\t\t\t\t<div class=\"quote-slider\">\n\t\t\t\t\t\t\t\t\t\t<div id=\"slider-block_3d7f38e16169c301ddef67a191dd270d-slider\" class=\"nmc-slider scrollable snaps\" data-nmc-slider data-nmc-slider-loop role=\"region\" aria-label=\"B\u0103ng chuy\u1ec1n xem tr\u01b0\u1edbc n\u1ed9i dung\">\n\t\t\t\t\t\t\t\t\t\t\t\t\t<div class=\"nmc-slide\" role=\"group\" aria-label=\"Trang tr\u00ecnh b\u00e0y 1 trong s\u1ed1 \" aria-current=\"true\">\n\t\t\t\t\t\t\t\t<div class=\"quote-wrap\">\n\t\t\t\t\t\t\t\t\t<div class=\"quote\">\n\t\t\t\t\t\t\t\t\t\tH\u1ecd c\u00f3 nh\u1eefng s\u1ea3n ph\u1ea9m ch\u1ea5t l\u01b0\u1ee3ng v\u00e0 s\u1ef1 li\u00eam ch\u00ednh \u0111\u1ee9ng \u0111\u1eb1ng sau ch\u00fang. H\u1ecd ch\u1ec9 c\u00e1ch nhau m\u1ed9t cu\u1ed9c \u0111i\u1ec7n tho\u1ea1i.\n\t\t\t\t\t\t\t\t\t<\/div>\n\t\t\t\t\t\t\t\t\t<div class=\"source\">Emory Forrester, Gi\u00e1m \u0111\u1ed1c Nh\u00e0 m\u00e1y Th\u1ee9c \u0103n ch\u0103n nu\u00f4i t\u1ea1i Trang tr\u1ea1i Fieldale<\/div>\t\t\t\t\t\t\t\t<\/div>\n\t\t\t\t\t\t\t<\/div>\n\t\t\t\t\t\t\t\t\t\t\t<\/div>\n\t\t\t\t<\/div>\n\n\t\t\t\t\t<\/div>\n\t<\/div>\n\n\t\t\t<\/div>\n\n\t\t\t\t\n\t<\/div>\n\n\n\n\t\n\n\t\t\t\t\t\t\t\n\n<div id=\"block_578d6f7e35bd3d7c5c45888169141b13\" class=\"nmc-block nmc-block--tabbed-ctas block-container alignfull\">\n\t\n\t\t\n\t\t\t<div class=\"blockbody\">\n\t\t\t\t\t\n\t<div class=\"block-wrap gray\">\n\t\t<div class=\"bound boundwider\">\n\t\t\t<div class=\"block-intro -mode-gray\">\n\t\t\t\t<div class=\"block-left\">\n\t\t\t\t\t                                                                        <h2 class=\"block-title translation-block\"><strong>Lu\u00f4n lu\u00f4n<\/strong> h\u1ed7 tr\u1ee3.<\/h2>\t\t\t\t\t\t\t\t\t\t\t<div class=\"content\">T\u1ea1i CPM, ch\u00fang t\u00f4i t\u1eadn t\u00e2m \u0111\u1ea3m b\u1ea3o thi\u1ebft b\u1ecb v\u00e0 ho\u1ea1t \u0111\u1ed9ng c\u1ee7a b\u1ea1n ho\u1ea1t \u0111\u1ed9ng t\u1ed1t nh\u1ea5t. T\u1eeb kh\u1edfi \u0111\u1ed9ng nh\u00e0 m\u00e1y \u0111\u1ebfn kh\u1eafc ph\u1ee5c s\u1ef1 c\u1ed1, n\u00e2ng c\u1ea5p, b\u1ea3o tr\u00ec, v.v., nh\u00f3m d\u1ecbch v\u1ee5 hi\u1ec7n tr\u01b0\u1eddng c\u1ee7a ch\u00fang t\u00f4i s\u1eb5n s\u00e0ng tham gia v\u00e0 tr\u1ee3 gi\u00fap t\u1ea1i c\u00e1c \u0111\u1ecba \u0111i\u1ec3m tr\u00ean to\u00e0n c\u1ea7u.<\/div>\n\t\t\t\t\t\t\t\t\t<\/div>\n\n\t\t\t\t\t\t\t<\/div>\n\n\t\t\t<div class=\"tabs\">\n\t\t\t\t<div class=\"tabs_list\" role=\"tablist\">\n\t\t\t\t\t\t\t\t\t\t\t<button type=\"button\" class=\"tab\" role=\"tab\" aria-controls=\"block_578d6f7e35bd3d7c5c45888169141b13-1\" id=\"tab-block_578d6f7e35bd3d7c5c45888169141b13-1\" tabindex=\"\">Ph\u1ee5 t\u00f9ng v\u00e0 V\u1eadt t\u01b0 <\/button>\n\t\t\t\t\t\t\t\t\t\t\t<button type=\"button\" class=\"tab\" role=\"tab\" aria-controls=\"block_578d6f7e35bd3d7c5c45888169141b13-2\" id=\"tab-block_578d6f7e35bd3d7c5c45888169141b13-2\" tabindex=\"-1\">N\u00e2ng c\u1ea5p v\u00e0 t\u00e1i s\u1ea3n xu\u1ea5t<\/button>\n\t\t\t\t\t\t\t\t\t\t\t<button type=\"button\" class=\"tab\" role=\"tab\" aria-controls=\"block_578d6f7e35bd3d7c5c45888169141b13-3\" id=\"tab-block_578d6f7e35bd3d7c5c45888169141b13-3\" tabindex=\"-1\">Tr\u00ean trang web \u0111\u00e0o t\u1ea1o<\/button>\n\t\t\t\t\t\t\t\t\t<\/div>\n\n\t\t\t\t<div class=\"tab-content\">\n\n\t\t\t\t\t\t\t\t\t\t\t<div class=\"tab_panel\" tabindex=\"0\" role=\"tabpanel\" id=\"block_578d6f7e35bd3d7c5c45888169141b13-1\" >\n\t\t\t\t\t\t\t<div class=\"tab-background\">\n\t\t\t\t\t\t\t\t<div class=\"image\">\n\t\t\t\t\t\t\t\t\t\t\t\t\t\t\t\t\t\t\t\t\t\t\t\t\t\t\t\t\t\t\t\t\t\t\t\t\t\t\t\t\t\t\t\t\t\t\t\t\t\t\t\t\t\t<picture>\n\t\t\t\t\t\t\t\t\t\t<source media=\"(max-width: 499px)\" srcset=\"https:\/\/img.nmcdn.io\/e1\/w:600,h:800,v:1\/cpm\/wp-content\/uploads\/2024\/07\/aftermarket-fieldservices-tab1-1.jpg?s=e04b46c9\">\n\t\t\t\t\t\t\t\t\t\t<source media=\"(max-width: 899px)\" srcset=\"https:\/\/img.nmcdn.io\/e1\/w:1200,h:724,v:1\/cpm\/wp-content\/uploads\/2024\/07\/aftermarket-fieldservices-tab1-1.jpg?s=eba7f784\">\n\t\t\t\t\t\t\t\t\t\t<img decoding=\"async\" loading=\"eager\" style=\"aspect-ratio: 1.6578947368421;\" src=\"https:\/\/img.nmcdn.io\/e1\/w:1800,h:1086,v:1\/cpm\/wp-content\/uploads\/2024\/07\/aftermarket-fieldservices-tab1-1.jpg?s=fc7d4001\" width=\"1800\" height=\"1086\" alt=\"\" aria-hidden=\"true\">\n\t\t\t\t\t\t\t\t\t<\/picture>\n\t\t\t\t\t\t\t\t<\/div>\n\t\t\t\t\t\t\t<\/div>\n\t\t\t\t\t\t\t<div class=\"tab-wrap -left\">\n\t\t\t\t\t\t\t\t<div class=\"text -mode-dark\">\n\t\t\t\t\t\t\t\t\t\t\t\t\t\t\t\t\t\t\t<p class=\"is-style-eyebrow-heading\">Ph\u1ee5 t\u00f9ng v\u00e0 V\u1eadt t\u01b0 <\/p>\n\t\t\t\t\t\t\t\t\t\t\t\t\t\t\t\t\t\t                                                                    <h2 class=\"block-title\">Ki\u1ec3m tra thi\u1ebft b\u1ecb<\/h2>\t\t\t\t\t\t\t\t\t\t\t\t\t\t\t\t\t\t\t<p>\u0110\u1ed9i ng\u0169 k\u1ef9 s\u01b0 \u1ee9ng d\u1ee5ng v\u00e0 k\u1ef9 thu\u1eadt vi\u00ean d\u1ecbch v\u1ee5 c\u1ee7a ch\u00fang t\u00f4i s\u1ebd l\u00e0m vi\u1ec7c v\u1edbi b\u1ea1n \u0111\u1ec3 \u0111\u1ea3m b\u1ea3o b\u1ea1n t\u1eadn d\u1ee5ng t\u1ed1i \u0111a thi\u1ebft b\u1ecb CPM c\u1ee7a m\u00ecnh, c\u1ea3i thi\u1ec7n hi\u1ec7u su\u1ea5t v\u00e0 hi\u1ec7u qu\u1ea3, nh\u1eb1m n\u00e2ng cao l\u1ee3i nhu\u1eadn.<\/p>\n<p>Ki\u1ec3m to\u00e1n m\u00e1y m\u00f3c c\u1ee7a ch\u00fang t\u00f4i bao g\u1ed3m ki\u1ec3m tra tr\u1ef1c quan to\u00e0n b\u1ed9 m\u00e1y m\u00f3c v\u00e0 \u0111\u01b0\u1ee3c t\u00f9y ch\u1ec9nh theo lo\u1ea1i thi\u1ebft b\u1ecb c\u1ee7a b\u1ea1n. H\u00e3y \u0111\u01b0a CPM v\u00e0o ch\u01b0\u01a1ng tr\u00ecnh b\u1ea3o tr\u00ec ph\u00f2ng ng\u1eeba c\u1ee7a b\u1ea1n \u0111\u1ec3 th\u00fac \u0111\u1ea9y th\u1eddi gian ho\u1ea1t \u0111\u1ed9ng c\u1ee7a ho\u1ea1t \u0111\u1ed9ng x\u1eed l\u00fd c\u1ee7a b\u1ea1n.<\/p>\n\n\t\t\t\t\t\t\t\t\t\t\t\t\t\t\t\t\t\t\t\t\t\t\t\t\t\t<\/div>\n\t\t\t\t\t\t\t<\/div>\n\t\t\t\t\t\t<\/div>\n\t\t\t\t\t\t\t\t\t\t\t<div class=\"tab_panel\" tabindex=\"0\" role=\"tabpanel\" id=\"block_578d6f7e35bd3d7c5c45888169141b13-2\" hidden=\"\">\n\t\t\t\t\t\t\t<div class=\"tab-background\">\n\t\t\t\t\t\t\t\t<div class=\"image\">\n\t\t\t\t\t\t\t\t\t\t\t\t\t\t\t\t\t\t\t\t\t\t\t\t\t\t\t\t\t\t\t\t\t\t\t\t\t\t\t\t\t\t\t\t\t\t\t\t\t\t\t\t\t\t<picture>\n\t\t\t\t\t\t\t\t\t\t<source media=\"(max-width: 499px)\" srcset=\"https:\/\/img.nmcdn.io\/e1\/w:600,h:800,v:1\/cpm\/wp-content\/uploads\/2024\/07\/aftermarket-fieldservices-tab2.jpg?s=2955ca4f\">\n\t\t\t\t\t\t\t\t\t\t<source media=\"(max-width: 899px)\" srcset=\"https:\/\/img.nmcdn.io\/e1\/w:1200,h:724,v:1\/cpm\/wp-content\/uploads\/2024\/07\/aftermarket-fieldservices-tab2.jpg?s=0b398529\">\n\t\t\t\t\t\t\t\t\t\t<img decoding=\"async\" loading=\"eager\" style=\"aspect-ratio: 1.6578947368421;\" src=\"https:\/\/img.nmcdn.io\/e1\/w:1800,h:1086,v:1\/cpm\/wp-content\/uploads\/2024\/07\/aftermarket-fieldservices-tab2.jpg?s=5b8f6a21\" width=\"1800\" height=\"1086\" alt=\"\" aria-hidden=\"true\">\n\t\t\t\t\t\t\t\t\t<\/picture>\n\t\t\t\t\t\t\t\t<\/div>\n\t\t\t\t\t\t\t<\/div>\n\t\t\t\t\t\t\t<div class=\"tab-wrap -right\">\n\t\t\t\t\t\t\t\t<div class=\"text -mode-dark\">\n\t\t\t\t\t\t\t\t\t\t\t\t\t\t\t\t\t\t\t<p class=\"is-style-eyebrow-heading\">N\u00e2ng c\u1ea5p v\u00e0 t\u00e1i s\u1ea3n xu\u1ea5t<\/p>\n\t\t\t\t\t\t\t\t\t\t\t\t\t\t\t\t\t\t                                                                                                                                                                    <h2 class=\"block-title\">L\u00e0m cho thi\u1ebft b\u1ecb c\u1ee7a b\u1ea1n th\u1eadm ch\u00ed c\u00f2n t\u1ed1t h\u01a1n.<\/h2>\t\t\t\t\t\t\t\t\t\t\t\t\t\t\t\t\t\t\t<p>Nh\u00f3m d\u1ecbch v\u1ee5 hi\u1ec7n tr\u01b0\u1eddng c\u1ee7a ch\u00fang t\u00f4i c\u00f3 th\u1ec3 \u0111\u1ebfn t\u1eadn n\u01a1i \u0111\u1ec3 gi\u00fap b\u1ea1n l\u1eadp k\u1ebf ho\u1ea1ch, th\u1ef1c hi\u1ec7n v\u00e0 t\u1ed1i \u01b0u h\u00f3a c\u00e1c d\u1ef1 \u00e1n n\u00e2ng c\u1ea5p v\u00e0 t\u00e1i s\u1ea3n xu\u1ea5t cho thi\u1ebft b\u1ecb c\u1ee7a b\u1ea1n. H\u00e3y \u0111\u1ec3 ch\u00fang t\u00f4i gi\u00fap hi\u1ec7n \u0111\u1ea1i h\u00f3a thi\u1ebft b\u1ecb c\u1ee7a b\u1ea1n \u0111\u1ec3 v\u1eadn h\u00e0nh t\u1ed1t h\u01a1n, nhanh h\u01a1n v\u00e0 t\u1ef1 \u0111\u1ed9ng h\u01a1n.<\/p>\n\n\t\t\t\t\t\t\t\t\t\t\t\t\t\t\t\t\t\t\t\t\t\t\t\t\t\t<\/div>\n\t\t\t\t\t\t\t<\/div>\n\t\t\t\t\t\t<\/div>\n\t\t\t\t\t\t\t\t\t\t\t<div class=\"tab_panel\" tabindex=\"0\" role=\"tabpanel\" id=\"block_578d6f7e35bd3d7c5c45888169141b13-3\" hidden=\"\">\n\t\t\t\t\t\t\t<div class=\"tab-background\">\n\t\t\t\t\t\t\t\t<div class=\"image\">\n\t\t\t\t\t\t\t\t\t\t\t\t\t\t\t\t\t\t\t\t\t\t\t\t\t\t\t\t\t\t\t\t\t\t\t\t\t\t\t\t\t\t\t\t\t\t\t\t\t\t\t\t\t\t<picture>\n\t\t\t\t\t\t\t\t\t\t<source media=\"(max-width: 499px)\" srcset=\"https:\/\/img.nmcdn.io\/e1\/w:600,h:800,v:1\/cpm\/wp-content\/uploads\/2024\/07\/aftermarket-fieldservices-tab3.jpg?s=edc28b3e\">\n\t\t\t\t\t\t\t\t\t\t<source media=\"(max-width: 899px)\" srcset=\"https:\/\/img.nmcdn.io\/e1\/w:1200,h:724,v:1\/cpm\/wp-content\/uploads\/2024\/07\/aftermarket-fieldservices-tab3.jpg?s=763e12f5\">\n\t\t\t\t\t\t\t\t\t\t<img decoding=\"async\" loading=\"eager\" style=\"aspect-ratio: 1.6578947368421;\" src=\"https:\/\/img.nmcdn.io\/e1\/w:1800,h:1086,v:1\/cpm\/wp-content\/uploads\/2024\/07\/aftermarket-fieldservices-tab3.jpg?s=022836bf\" width=\"1800\" height=\"1086\" alt=\"\" aria-hidden=\"true\">\n\t\t\t\t\t\t\t\t\t<\/picture>\n\t\t\t\t\t\t\t\t<\/div>\n\t\t\t\t\t\t\t<\/div>\n\t\t\t\t\t\t\t<div class=\"tab-wrap -left\">\n\t\t\t\t\t\t\t\t<div class=\"text -mode-dark\">\n\t\t\t\t\t\t\t\t\t\t\t\t\t\t\t\t\t\t\t<p class=\"is-style-eyebrow-heading\">Tr\u00ean trang web \u0111\u00e0o t\u1ea1o<\/p>\n\t\t\t\t\t\t\t\t\t\t\t\t\t\t\t\t\t\t                                                                                                                                            <h2 class=\"block-title\">Gi\u00e1o d\u1ee5c tr\u1ef1c ti\u1ebfp cho nh\u00f3m c\u1ee7a b\u1ea1n.<\/h2>\t\t\t\t\t\t\t\t\t\t\t\t\t\t\t\t\t\t\t<p>Cho d\u00f9 b\u1ea1n c\u00f3 \u0111\u1ed9i ng\u0169 c\u1ef1u chi\u1ebfn binh hay ng\u01b0\u1eddi v\u1eadn h\u00e0nh m\u1edbi, nh\u00f3m d\u1ecbch v\u1ee5 hi\u1ec7n tr\u01b0\u1eddng c\u1ee7a ch\u00fang t\u00f4i c\u00f3 th\u1ec3 cung c\u1ea5p ch\u01b0\u01a1ng tr\u00ecnh \u0111\u00e0o t\u1ea1o t\u1ea1i ch\u1ed7 nh\u1eb1m n\u00e2ng cao n\u0103ng l\u1ef1c c\u1ee7a h\u1ecd nh\u1eb1m gi\u00fap h\u1ecd t\u1eadn d\u1ee5ng t\u1ed1i \u0111a thi\u1ebft b\u1ecb v\u00e0 quy tr\u00ecnh c\u1ee7a m\u00ecnh.<\/p>\n\n\t\t\t\t\t\t\t\t\t\t\t\t\t\t\t\t\t\t\t\t\t\t\t\t\t\t<\/div>\n\t\t\t\t\t\t\t<\/div>\n\t\t\t\t\t\t<\/div>\n\t\t\t\t\t\t\t\t\t\t\n\t\t\t\t<\/div>\n\t\t\t<\/div>\n\n\t\t\t\n\t\t<\/div>\n\t<\/div>\n\n\t\n\t\t\t<\/div>\n\n\t\t\t\t\n\t<\/div>\n\n\n\n\t\n\n\t\t\t\t\t\t\t\n\n<div id=\"block_17fa22baebf22f229abf27e170fae43d\" class=\"nmc-block nmc-block--story-cta block-container alignfull\">\n\t\n\t\t\n\t\t\t<div class=\"blockbody\">\n\t\t\t\t<div class=\"bound boundfull\">\n\t<div class=\"story-wrap -mode-dark\">\n\t\t<div class=\"story-background\">\n\t\t\t<div class=\"image\">\n\t\t\t\t\t\t\t\t\n<picture>\n\t<source srcset=\"https:\/\/img.nmcdn.io\/e1\/w:900,h:600,v:1\/cpm\/wp-content\/uploads\/imported-files\/news-building-equipment-lifetime-california-pellet-mill.jpg?s=9655c320\" width=\"900\" height=\"600\" media=\"(max-width: 900px)\" type=\"image\/webp\">\n\t<source srcset=\"https:\/\/img.nmcdn.io\/e1\/w:900,h:600,v:1\/cpm\/wp-content\/uploads\/imported-files\/news-building-equipment-lifetime-california-pellet-mill.jpg?s=9655c320\" width=\"900\" height=\"600\" media=\"(max-width: 900px)\">\n\t<source srcset=\"https:\/\/img.nmcdn.io\/e1\/w:1256,h:615,v:1\/cpm\/wp-content\/uploads\/imported-files\/news-building-equipment-lifetime-california-pellet-mill.jpg?s=2280a070\" type=\"image\/webp\">\n\t<img loading=\"lazy\" decoding=\"async\" src=\"https:\/\/img.nmcdn.io\/e1\/w:1256,h:615,v:1\/cpm\/wp-content\/uploads\/imported-files\/news-building-equipment-lifetime-california-pellet-mill.jpg?s=2280a070\" width=\"1256\" height=\"615\" alt=\"building equipment news\">\n<\/picture>\n\t\t\t<\/div>\n\t\t<\/div>\n\t\t<div class=\"story-content\">\n\t\t\t<div class=\"supheading\">Gi\u1ea3i ph\u00e1p ti\u00eau \u0111i\u1ec3m<\/div>\n\t\t\t<div class=\"content\">\n\t\t\t\t                                                                                                                                                                                                                        <h2 class=\"block-title\">X\u00e2y d\u1ef1ng v\u00e0 h\u1ed7 tr\u1ee3 thi\u1ebft b\u1ecb t\u1ed3n t\u1ea1i su\u1ed1t \u0111\u1eddi<\/h2>\t\t\t\t\t\t\t\t<a href=\"https:\/\/onecpm.com\/vi\/success-story\/building-supporting-equipment-that-lasts-a-lifetime\/\" target=\"\" class=\"btn -non-btn\">H\u00e3y \u0111\u1ecdc ti\u1ebfp <svg xmlns=\"http:\/\/www.w3.org\/2000\/svg\" width=\"17\" height=\"12\" viewbox=\"0 0 17 12\" fill=\"none\" role=\"img\" aria-hidden=\"true\" focusable=\"false\"><title>arrow<\/title>\n<path fill-rule=\"evenodd\" clip-rule=\"evenodd\" d=\"M13.9176 6.28571L8.65133 10.5863L9.42733 11.4286L16.3999 5.71429L9.41476 0L8.65362 0.860571L13.9153 5.14286L0.399902 5.14286L0.399902 6.28571L13.9176 6.28571Z\" fill=\"white\"\/>\n<\/svg><span class=\"sr\"> v\u1ec1 X\u00e2y d\u1ef1ng &amp; H\u1ed7 tr\u1ee3 Thi\u1ebft b\u1ecb c\u00f3 Tu\u1ed5i th\u1ecd l\u00e2u d\u00e0i<\/span><\/a>\n\t\t\t<\/div>\n\t\t<\/div>\n\t<\/div>\n<\/div>\n\t\t\t<\/div>\n\n\t\t\t\t\n\t<\/div>\n\n\n\n\t\n\n\t\t\t\t\t\t\t\n\t\n<div id=\"block_ffc0d05e016659642b35111b6559ab83\" class=\"nmc-block nmc-block--split block-container alignfull -Width alignfull\">\n\t\n\t\t\n\t\t\t<div class=\"blockbody\">\n\t\t\t\t\t<div class=\"bound boundwider\">\n\t\t\n\n<div class=\"split-half\">\n\t<div class=\"split-half-content\">\n\n\t\t\n\n<div class=\"split-half-image\">\n\t\t\t\t\t\t\t\t\t\t<picture>\n\t\t<source media=\"(max-width: 400px)\" srcset=\"https:\/\/img.nmcdn.io\/e1\/w:500,h:530,v:1\/cpm\/wp-content\/uploads\/2024\/07\/aftermarket-fieldservices-CTA.jpg?s=fde3cc2b\">\n\t\t<img decoding=\"async\" loading=\"lazy\" style=\"aspect-ratio: 0.94339622641509;\" src=\"https:\/\/img.nmcdn.io\/e1\/w:800,h:848,v:1\/cpm\/wp-content\/uploads\/2024\/07\/aftermarket-fieldservices-CTA.jpg?s=3ace419c\" width=\"800\" height=\"848\" alt=\"Field Services\">\n\t<\/picture>\n<\/div>\n\n\n\t\t\n\t<\/div>\n<\/div>\n\n\n<div class=\"split-half\">\n\t<div class=\"split-half-content\">\n\n\t\t\n\n<p class=\"is-style-eyebrow-heading\">Li\u00ean h\u1ec7 ch\u00fang t\u00f4i<\/p>\n\n\n\n<h2 class=\"wp-block-heading\"><strong>Nh\u1eadn \u0111\u01b0\u1ee3c nhi\u1ec1u nh\u1ea5t<\/strong> trong s\u1ed1 Thi\u1ebft b\u1ecb CPM c\u1ee7a b\u1ea1n<\/h2>\n\n\n\n<p>Thi\u1ebft b\u1ecb c\u1ee7a ch\u00fang t\u00f4i \u0111\u01b0\u1ee3c thi\u1ebft k\u1ebf \u0111\u1ec3 t\u1ed3n t\u1ea1i su\u1ed1t \u0111\u1eddi v\u00e0 v\u1edbi s\u1ef1 h\u1ed7 tr\u1ee3 ph\u00f9 h\u1ee3p, thi\u1ebft b\u1ecb s\u1ebd ho\u1ea1t \u0111\u1ed9ng nh\u01b0 v\u1eady. C\u00e1c d\u1ecbch v\u1ee5 h\u1ed7 tr\u1ee3 t\u1ea1i hi\u1ec7n tr\u01b0\u1eddng c\u1ee7a ch\u00fang t\u00f4i c\u00f3 th\u1ec3 \u0111\u01b0a c\u00e1c chuy\u00ean gia c\u1ee7a ch\u00fang t\u00f4i \u0111\u1ebfn hi\u1ec7n tr\u01b0\u1eddng \u0111\u1ec3 gi\u00fap b\u1ea1n t\u1eadn d\u1ee5ng t\u1ed1i \u0111a c\u01a1 s\u1edf c\u1ee7a m\u00ecnh.<\/p>\n\n\n\n\n\n\t\t\t\t\n\n<div class=\"nmc-block nmc-block--buttons\" id=\"block_c13159565246d68bb7b874e41a2a6fac\">\n\t<div class=\"blockbody\">\n\t\n\t\t\t\t\t\t\n\t\t<a href=\"https:\/\/onecpm.com\/vi\/about-cpm\/contact-us\/\" class=\"btn -btn\" >Li\u00ean h\u1ec7 ch\u00fang t\u00f4i<\/a>\n\t\t<\/div>\n<\/div>\n\n\t\t\n\t<\/div>\n<\/div>\n\n\t<\/div>\n\t\t\t<\/div>\n\n\t\t\t\t\n\t<\/div>","protected":false},"excerpt":{"rendered":"","protected":false},"author":1,"featured_media":0,"parent":772,"menu_order":1,"comment_status":"closed","ping_status":"closed","template":"","meta":{"_acf_changed":false,"footnotes":""},"class_list":["post-3566","page","type-page","status-publish","hentry"],"acf":[],"_links":{"self":[{"href":"https:\/\/onecpm.com\/vi\/wp-json\/wp\/v2\/pages\/3566","targetHints":{"allow":["GET"]}}],"collection":[{"href":"https:\/\/onecpm.com\/vi\/wp-json\/wp\/v2\/pages"}],"about":[{"href":"https:\/\/onecpm.com\/vi\/wp-json\/wp\/v2\/types\/page"}],"author":[{"embeddable":true,"href":"https:\/\/onecpm.com\/vi\/wp-json\/wp\/v2\/users\/1"}],"replies":[{"embeddable":true,"href":"https:\/\/onecpm.com\/vi\/wp-json\/wp\/v2\/comments?post=3566"}],"version-history":[{"count":30,"href":"https:\/\/onecpm.com\/vi\/wp-json\/wp\/v2\/pages\/3566\/revisions"}],"predecessor-version":[{"id":10989,"href":"https:\/\/onecpm.com\/vi\/wp-json\/wp\/v2\/pages\/3566\/revisions\/10989"}],"up":[{"embeddable":true,"href":"https:\/\/onecpm.com\/vi\/wp-json\/wp\/v2\/pages\/772"}],"wp:attachment":[{"href":"https:\/\/onecpm.com\/vi\/wp-json\/wp\/v2\/media?parent=3566"}],"curies":[{"name":"wp","href":"https:\/\/api.w.org\/{rel}","templated":true}]}}