{"id":3568,"date":"2024-06-12T16:41:51","date_gmt":"2024-06-12T16:41:51","guid":{"rendered":"https:\/\/cpm.epicenter1.com\/?page_id=3568"},"modified":"2025-06-24T23:22:33","modified_gmt":"2025-06-24T23:22:33","slug":"training","status":"publish","type":"page","link":"https:\/\/onecpm.com\/vi\/aftermarket-service\/training","title":{"rendered":"\u0110\u00e0o t\u1ea1o"},"content":{"rendered":"<div id=\"block_75098a876e4c014996bf8ef6da1b5758\" class=\"nmc-block nmc-block--masthead-aftermarket block-container alignfull -mode-dark\">\n\t\n\t\t\n\t\t\t<div class=\"blockbody\">\n\t\t\t\t<div class=\"masthead-media -overlay\">\n\t\t<div class=\"image\">\n\t\t\t\t\t\t\t\t\t\t\t\t<picture>\n\t\t\t<source media=\"(max-width: 499px)\" srcset=\"https:\/\/img.nmcdn.io\/e1\/w:600,h:338,v:1\/cpm\/wp-content\/uploads\/2025\/04\/two-Engineers-At-CNC.jpg?s=7306a556\">\n\t\t\t<source media=\"(max-width: 899px)\" srcset=\"https:\/\/img.nmcdn.io\/e1\/w:1200,h:675,v:1\/cpm\/wp-content\/uploads\/2025\/04\/two-Engineers-At-CNC.jpg?s=fa17e001\">\n\t\t\t<img fetchpriority=\"high\" decoding=\"async\" loading=\"eager\" style=\"aspect-ratio: 1.7777777777778;\" src=\"https:\/\/img.nmcdn.io\/e1\/w:1800,h:1013,v:1\/cpm\/wp-content\/uploads\/2025\/04\/two-Engineers-At-CNC.jpg?s=bfa0b912\" width=\"1800\" height=\"1013\" alt=\"\" aria-hidden=\"true\">\n\t\t<\/picture>\n\t<\/div>\n\t\t\n<\/div>\n<div class=\"bound boundwider\">\n\t<div class=\"masthead-content\">\n\t\t<p class=\"is-style-eyebrow-heading\">H\u1eadu m\u00e3i &amp; D\u1ecbch v\u1ee5<\/strong><\/p>\n\t\t<h1 class=\"page-title\">\u0110\u00e0o t\u1ea1o<\/h1>\n\t\t\t\t\t<\/div>\n<\/div>\n\n<script>\n(function(){\n\tdocument.documentElement.classList.add('-transparent-header');\n})();\n<\/script>\n\t\t\t<\/div>\n\n\t\t\t\t\n\t<\/div>\n\n\n\n\n\n\t\n\n\t\t\t\t\t\t\t\n\n<div id=\"block_b53a2d646f7d4d0231575d0ac337beee\" class=\"nmc-block nmc-block--intro-complex block-container alignfull\">\n\t\n\t\t\n\t\t\t<div class=\"blockbody\">\n\t\t\t\t\n\t<div class=\"wrap\">\n\t\t<div class=\"block-intro\">\n\t\t\t\t\t\t\t<p class=\"is-style-eyebrow-heading\">T\u1ed5ng quan<\/p>\n\t\t\t\t\t\t\t\t\t\t                                                                                                            <h2 class=\"block-title\">\u0110\u00e0o t\u1ea1o &amp; <strong>Ki\u1ec3m tra<\/strong><\/h2>\t\t\t\t\t\t\t\t\t<div class=\"text\">\n\t\t\t\t<p>Ch\u00fang t\u00f4i kh\u00f4ng ch\u1ec9 s\u1ea3n xu\u1ea5t thi\u1ebft b\u1ecb h\u00e0ng \u0111\u1ea7u trong ng\u00e0nh, ch\u00fang t\u00f4i c\u00f2n cung c\u1ea5p ch\u01b0\u01a1ng tr\u00ecnh \u0111\u00e0o t\u1ea1o to\u00e0n di\u1ec7n \u0111\u1ec3 \u0111\u1ea3m b\u1ea3o ng\u01b0\u1eddi v\u1eadn h\u00e0nh v\u00e0 k\u1ef9 thu\u1eadt vi\u00ean c\u1ee7a b\u1ea1n \u0111\u01b0\u1ee3c trang b\u1ecb \u0111\u1ea7y \u0111\u1ee7 \u0111\u1ec3 t\u1ed1i \u0111a h\u00f3a hi\u1ec7u su\u1ea5t v\u00e0 hi\u1ec7u qu\u1ea3 c\u1ee7a m\u00e1y m\u00f3c v\u00e0 c\u00f4ng ngh\u1ec7 x\u1eed l\u00fd c\u1ee7a ch\u00fang t\u00f4i. \u0110\u00e0o t\u1ea1o \u0111\u1ea3m b\u1ea3o nh\u00e2n vi\u00ean c\u1ee7a b\u1ea1n c\u00f3 \u0111\u1ee7 n\u0103ng l\u1ef1c v\u00e0 t\u1ef1 tin \u0111\u1ec3 duy tr\u00ec v\u00e0 v\u1eadn h\u00e0nh c\u00f4ng ngh\u1ec7 c\u1ee7a ch\u00fang t\u00f4i theo thi\u1ebft k\u1ebf, d\u1eabn \u0111\u1ebfn m\u00f4i tr\u01b0\u1eddng l\u00e0m vi\u1ec7c chuy\u00ean nghi\u1ec7p, th\u1ecbnh v\u01b0\u1ee3ng, n\u01a1i nh\u00e2n vi\u00ean mu\u1ed1n g\u1eafn b\u00f3. <\/p>\n\t\t\t<\/div>\n\t\t\t\n\t\t\t\t\t\t\t<a href=\"https:\/\/onecpm.com\/vi\/about-cpm\/contact-us\/\" class=\"btn -non-btn\" >Li\u00ean l\u1ea1c<svg xmlns=\"http:\/\/www.w3.org\/2000\/svg\" width=\"17\" height=\"12\" viewbox=\"0 0 17 12\" fill=\"none\" role=\"img\" aria-hidden=\"true\" focusable=\"false\"><title>arrow<\/title>\n<path fill-rule=\"evenodd\" clip-rule=\"evenodd\" d=\"M13.9176 6.28571L8.65133 10.5863L9.42733 11.4286L16.3999 5.71429L9.41476 0L8.65362 0.860571L13.9153 5.14286L0.399902 5.14286L0.399902 6.28571L13.9176 6.28571Z\" fill=\"white\"\/>\n<\/svg><\/a>\t\t\t\t\t<\/div>\n\n\t\t<div class=\"image\">\n\t\t\t\n<div class=\"image-auto\" style=\"aspect-ratio: 1400 \/ 1722;\">\n\t<picture>\n\t\t<source \n\t\t\tmedia=\"(max-width: 600px)\"\n\t\t\tsrcset=\"https:\/\/img.nmcdn.io\/e1\/w:480,h:591,v:1\/cpm\/wp-content\/uploads\/2025\/04\/Worker-checking-work-scaled.jpg?s=1777e2af\">\n\t\t<img  loading=\"lazy\"src=\"https:\/\/img.nmcdn.io\/e1\/w:600,h:738,v:1\/cpm\/wp-content\/uploads\/2025\/04\/Worker-checking-work-scaled.jpg?s=4a48cacc\" width=\"1400\" height=\"1722\" alt=\"\">\n\t<\/picture>\n<\/div>\n\n\t\t\t\t\t<\/div>\n\t<\/div>\n\n\t\t\t<\/div>\n\n\t\t\t\t\n\t<\/div>\n\n\n\n\t\n\n\t\t\t\t\t\t\t\n\n<div id=\"block_6e2e89c4b6936570b299d8f212f22ae5\" class=\"nmc-block nmc-block--tabbed-ctas block-container alignfull\">\n\t\n\t\t\n\t\t\t<div class=\"blockbody\">\n\t\t\t\t\t\n\t<div class=\"block-wrap gray\">\n\t\t<div class=\"bound boundwider\">\n\t\t\t<div class=\"block-intro -mode-gray\">\n\t\t\t\t<div class=\"block-left\">\n\t\t\t\t\t                                                                                                                                                                    <h2 class=\"block-title\">\u0110\u00e0o t\u1ea1o &amp; Ki\u1ec3m tra t\u1eeb Nh\u00e0 s\u1ea3n xu\u1ea5t<\/h2>\t\t\t\t\t\t\t\t\t\t\t<div class=\"content\">V\u00ec ch\u00fang t\u00f4i thi\u1ebft k\u1ebf v\u00e0 ch\u1ebf t\u1ea1o thi\u1ebft b\u1ecb, ch\u00fang t\u00f4i hi\u1ec3u r\u00f5 thi\u1ebft b\u1ecb t\u1eeb trong ra ngo\u00e0i. \u0110i\u1ec1u n\u00e0y khi\u1ebfn CPM tr\u1edf th\u00e0nh \u0111\u1ed1i t\u00e1c t\u1ed1t nh\u1ea5t \u0111\u1ec3 \u0111\u00e0o t\u1ea1o ng\u01b0\u1eddi v\u1eadn h\u00e0nh v\u00e0 k\u1ef9 thu\u1eadt vi\u00ean c\u1ee7a b\u1ea1n. C\u00e1c ch\u01b0\u01a1ng tr\u00ecnh \u0111\u00e0o t\u1ea1o c\u1ee7a ch\u00fang t\u00f4i s\u1ebd gi\u00fap nh\u00e2n vi\u00ean c\u1ee7a b\u1ea1n v\u1eadn h\u00e0nh m\u00e1y m\u00f3c hi\u1ec7u qu\u1ea3, gi\u1ea3m th\u1eddi gian ch\u1ebft v\u00e0 t\u0103ng n\u0103ng su\u1ea5t.\r\n<\/div>\n\t\t\t\t\t\t\t\t\t<\/div>\n\n\t\t\t\t\t\t\t<\/div>\n\n\t\t\t<div class=\"tabs\">\n\t\t\t\t<div class=\"tabs_list\" role=\"tablist\">\n\t\t\t\t\t\t\t\t\t\t\t<button type=\"button\" class=\"tab\" role=\"tab\" aria-controls=\"block_6e2e89c4b6936570b299d8f212f22ae5-1\" id=\"tab-block_6e2e89c4b6936570b299d8f212f22ae5-1\" tabindex=\"\">Ch\u01b0\u01a1ng tr\u00ecnh \u0111\u00e0o t\u1ea1o<\/button>\n\t\t\t\t\t\t\t\t\t\t\t<button type=\"button\" class=\"tab\" role=\"tab\" aria-controls=\"block_6e2e89c4b6936570b299d8f212f22ae5-2\" id=\"tab-block_6e2e89c4b6936570b299d8f212f22ae5-2\" tabindex=\"-1\">N\u0103ng l\u1ef1c nh\u00e2n vi\u00ean<\/button>\n\t\t\t\t\t\t\t\t\t\t\t<button type=\"button\" class=\"tab\" role=\"tab\" aria-controls=\"block_6e2e89c4b6936570b299d8f212f22ae5-3\" id=\"tab-block_6e2e89c4b6936570b299d8f212f22ae5-3\" tabindex=\"-1\">H\u1ed7 tr\u1ee3 v\u00e0 h\u1ecdc t\u1eadp li\u00ean t\u1ee5c<\/button>\n\t\t\t\t\t\t\t\t\t<\/div>\n\n\t\t\t\t<div class=\"tab-content\">\n\n\t\t\t\t\t\t\t\t\t\t\t<div class=\"tab_panel\" tabindex=\"0\" role=\"tabpanel\" id=\"block_6e2e89c4b6936570b299d8f212f22ae5-1\" >\n\t\t\t\t\t\t\t<div class=\"tab-background\">\n\t\t\t\t\t\t\t\t<div class=\"image\">\n\t\t\t\t\t\t\t\t\t\t\t\t\t\t\t\t\t\t\t\t\t\t\t\t\t\t\t\t\t\t\t\t\t\t\t\t\t\t\t\t\t\t\t\t\t\t\t\t\t\t\t\t\t\t<picture>\n\t\t\t\t\t\t\t\t\t\t<source media=\"(max-width: 499px)\" srcset=\"https:\/\/img.nmcdn.io\/e1\/w:600,h:800,v:1\/cpm\/wp-content\/uploads\/2025\/04\/Mechnical_Assembly.jpg?s=92a65db4\">\n\t\t\t\t\t\t\t\t\t\t<source media=\"(max-width: 899px)\" srcset=\"https:\/\/img.nmcdn.io\/e1\/w:1200,h:724,v:1\/cpm\/wp-content\/uploads\/2025\/04\/Mechnical_Assembly.jpg?s=c307ac96\">\n\t\t\t\t\t\t\t\t\t\t<img decoding=\"async\" loading=\"eager\" style=\"aspect-ratio: 1.6578947368421;\" src=\"https:\/\/img.nmcdn.io\/e1\/w:1800,h:1086,v:1\/cpm\/wp-content\/uploads\/2025\/04\/Mechnical_Assembly.jpg?s=a4ba32bd\" width=\"1800\" height=\"1086\" alt=\"\" aria-hidden=\"true\">\n\t\t\t\t\t\t\t\t\t<\/picture>\n\t\t\t\t\t\t\t\t<\/div>\n\t\t\t\t\t\t\t<\/div>\n\t\t\t\t\t\t\t<div class=\"tab-wrap -left\">\n\t\t\t\t\t\t\t\t<div class=\"text -mode-dark\">\n\t\t\t\t\t\t\t\t\t\t\t\t\t\t\t\t\t\t\t<p class=\"is-style-eyebrow-heading\">Ch\u01b0\u01a1ng tr\u00ecnh \u0111\u00e0o t\u1ea1o<\/p>\n\t\t\t\t\t\t\t\t\t\t\t\t\t\t\t\t\t\t                                                                                                                                                                                <h2 class=\"block-title\">\u0110\u00e0o t\u1ea1o theo nhu c\u1ea7u c\u1ee5 th\u1ec3 c\u1ee7a b\u1ea1n.<\/h2>\t\t\t\t\t\t\t\t\t\t\t\t\t\t\t\t\t\t\t<p>Cho d\u00f9 \u0111\u00f3 l\u00e0 ho\u1ea1t \u0111\u1ed9ng c\u01a1 b\u1ea3n, b\u1ea3o tr\u00ec hay kh\u1eafc ph\u1ee5c s\u1ef1 c\u1ed1 n\u00e2ng cao, ch\u01b0\u01a1ng tr\u00ecnh \u0111\u00e0o t\u1ea1o th\u1ef1c h\u00e0nh c\u1ee7a ch\u00fang t\u00f4i s\u1ebd cung c\u1ea5p cho nh\u00f3m c\u1ee7a b\u1ea1n c\u00e1c k\u1ef9 n\u0103ng c\u1ea7n thi\u1ebft \u0111\u1ec3 gi\u1eef cho thi\u1ebft b\u1ecb c\u1ee7a b\u1ea1n ho\u1ea1t \u0111\u1ed9ng tr\u01a1n tru. Ch\u00fang t\u00f4i c\u00f3 th\u1ec3 tri\u1ec3n khai c\u00e1c gi\u1ea3ng vi\u00ean chuy\u00ean tr\u00e1ch v\u00e0 chuy\u00ean gia v\u1ec1 v\u1ea5n \u0111\u1ec1 \u0111\u1ec3 gi\u1ea3ng d\u1ea1y l\u00fd thuy\u1ebft x\u1eed l\u00fd v\u1eadt li\u1ec7u, thi\u1ebft k\u1ebf, v\u1eadn h\u00e0nh, b\u1ea3o tr\u00ec, kh\u1edfi \u0111\u1ed9ng v\u00e0 t\u1eaft m\u00e1y. Ch\u00fang t\u00f4i nh\u1ea5n m\u1ea1nh v\u00e0o vi\u1ec7c h\u1ecdc t\u1eadp tr\u1ea3i nghi\u1ec7m th\u1ef1c h\u00e0nh \u0111\u1ec3 nh\u00e2n vi\u00ean c\u1ee7a b\u1ea1n c\u00f3 th\u1ec3 \u00e1p d\u1ee5ng ki\u1ebfn th\u1ee9c c\u1ee7a h\u1ecd tr\u1ef1c ti\u1ebfp v\u00e0o ho\u1ea1t \u0111\u1ed9ng c\u1ee7a b\u1ea1n.<\/p>\n\n\t\t\t\t\t\t\t\t\t\t\t\t\t\t\t\t\t\t\t\t\t\t\t\t\t\t<\/div>\n\t\t\t\t\t\t\t<\/div>\n\t\t\t\t\t\t<\/div>\n\t\t\t\t\t\t\t\t\t\t\t<div class=\"tab_panel\" tabindex=\"0\" role=\"tabpanel\" id=\"block_6e2e89c4b6936570b299d8f212f22ae5-2\" hidden=\"\">\n\t\t\t\t\t\t\t<div class=\"tab-background\">\n\t\t\t\t\t\t\t\t<div class=\"image\">\n\t\t\t\t\t\t\t\t\t\t\t\t\t\t\t\t\t\t\t\t\t\t\t\t\t\t\t\t\t\t\t\t\t\t\t\t\t\t\t\t\t\t\t\t\t\t\t\t\t\t\t\t\t\t<picture>\n\t\t\t\t\t\t\t\t\t\t<source media=\"(max-width: 499px)\" srcset=\"https:\/\/img.nmcdn.io\/e1\/w:600,h:800,v:1\/cpm\/wp-content\/uploads\/2024\/07\/aftermarket-trainingtesting-tab2.jpg?s=63831db5\">\n\t\t\t\t\t\t\t\t\t\t<source media=\"(max-width: 899px)\" srcset=\"https:\/\/img.nmcdn.io\/e1\/w:1200,h:724,v:1\/cpm\/wp-content\/uploads\/2024\/07\/aftermarket-trainingtesting-tab2.jpg?s=5d70cab3\">\n\t\t\t\t\t\t\t\t\t\t<img decoding=\"async\" loading=\"eager\" style=\"aspect-ratio: 1.6578947368421;\" src=\"https:\/\/img.nmcdn.io\/e1\/w:1800,h:1086,v:1\/cpm\/wp-content\/uploads\/2024\/07\/aftermarket-trainingtesting-tab2.jpg?s=1e81d38d\" width=\"1800\" height=\"1086\" alt=\"\" aria-hidden=\"true\">\n\t\t\t\t\t\t\t\t\t<\/picture>\n\t\t\t\t\t\t\t\t<\/div>\n\t\t\t\t\t\t\t<\/div>\n\t\t\t\t\t\t\t<div class=\"tab-wrap -right\">\n\t\t\t\t\t\t\t\t<div class=\"text -mode-dark\">\n\t\t\t\t\t\t\t\t\t\t\t\t\t\t\t\t\t\t\t<p class=\"is-style-eyebrow-heading\">N\u0103ng l\u1ef1c nh\u00e2n vi\u00ean<\/p>\n\t\t\t\t\t\t\t\t\t\t\t\t\t\t\t\t\t\t                                                                                                                                                                                                                                                                                        <h2 class=\"block-title\">T\u0103ng s\u1ea3n l\u01b0\u1ee3ng, gi\u1ea3m chi ph\u00ed lao \u0111\u1ed9ng v\u00e0 c\u1ea3i thi\u1ec7n s\u1ef1 an to\u00e0n c\u1ee7a nh\u00e2n vi\u00ean.<\/h2>\t\t\t\t\t\t\t\t\t\t\t\t\t\t\t\t\t\t\t<p>\u0110\u00e0o t\u1ea1o nh\u00e2n vi\u00ean c\u00f3 th\u1ec3 t\u0103ng c\u01b0\u1eddng an to\u00e0n v\u00e0 s\u1ee9c kh\u1ecfe ngh\u1ec1 nghi\u1ec7p. M\u1ed9t \u0111\u1ed9i ng\u0169 \u0111\u01b0\u1ee3c \u0111\u00e0o t\u1ea1o b\u00e0i b\u1ea3n c\u0169ng c\u00f3 th\u1ec3 ti\u1ebft ki\u1ec7m th\u1eddi gian v\u00e0 chi ph\u00ed b\u1eb1ng c\u00e1ch gi\u1ea3m thi\u1ec3u vi\u1ec7c ng\u1eebng ho\u1ea1t \u0111\u1ed9ng b\u1ea5t ng\u1edd v\u00e0 t\u0103ng hi\u1ec7u qu\u1ea3 v\u00e0 n\u0103ng su\u1ea5t. C\u00e1c ch\u01b0\u01a1ng tr\u00ecnh \u0111\u00e0o t\u1ea1o c\u1ee7a ch\u00fang t\u00f4i nh\u1ea5n m\u1ea1nh v\u00e0o vi\u1ec7c h\u1ecdc t\u1eadp tr\u1ea3i nghi\u1ec7m th\u1ef1c h\u00e0nh \u0111\u1ec3 nh\u00e2n vi\u00ean c\u1ee7a b\u1ea1n c\u00f3 th\u1ec3 \u00e1p d\u1ee5ng ki\u1ebfn th\u1ee9c c\u1ee7a h\u1ecd tr\u1ef1c ti\u1ebfp v\u00e0o ho\u1ea1t \u0111\u1ed9ng c\u1ee7a nh\u00e0 m\u00e1y, do \u0111\u00f3 x\u00e2y d\u1ef1ng n\u0103ng l\u1ef1c v\u00e0 s\u1ef1 t\u1ef1 tin c\u1ee7a h\u1ecd.<\/p>\n\n\t\t\t\t\t\t\t\t\t\t\t\t\t\t\t\t\t\t\t\t\t\t\t\t\t\t<\/div>\n\t\t\t\t\t\t\t<\/div>\n\t\t\t\t\t\t<\/div>\n\t\t\t\t\t\t\t\t\t\t\t<div class=\"tab_panel\" tabindex=\"0\" role=\"tabpanel\" id=\"block_6e2e89c4b6936570b299d8f212f22ae5-3\" hidden=\"\">\n\t\t\t\t\t\t\t<div class=\"tab-background\">\n\t\t\t\t\t\t\t\t<div class=\"image\">\n\t\t\t\t\t\t\t\t\t\t\t\t\t\t\t\t\t\t\t\t\t\t\t\t\t\t\t\t\t\t\t\t\t\t\t\t\t\t\t\t\t\t\t\t\t\t\t\t\t\t\t\t\t\t<picture>\n\t\t\t\t\t\t\t\t\t\t<source media=\"(max-width: 499px)\" srcset=\"https:\/\/img.nmcdn.io\/e1\/w:600,h:800,v:1\/cpm\/wp-content\/uploads\/2024\/07\/aftermarket-trainingtesting-tab3.jpg?s=e2315f0d\">\n\t\t\t\t\t\t\t\t\t\t<source media=\"(max-width: 899px)\" srcset=\"https:\/\/img.nmcdn.io\/e1\/w:1200,h:724,v:1\/cpm\/wp-content\/uploads\/2024\/07\/aftermarket-trainingtesting-tab3.jpg?s=1262d39e\">\n\t\t\t\t\t\t\t\t\t\t<img decoding=\"async\" loading=\"eager\" style=\"aspect-ratio: 1.6578947368421;\" src=\"https:\/\/img.nmcdn.io\/e1\/w:1800,h:1086,v:1\/cpm\/wp-content\/uploads\/2024\/07\/aftermarket-trainingtesting-tab3.jpg?s=222bfa74\" width=\"1800\" height=\"1086\" alt=\"\" aria-hidden=\"true\">\n\t\t\t\t\t\t\t\t\t<\/picture>\n\t\t\t\t\t\t\t\t<\/div>\n\t\t\t\t\t\t\t<\/div>\n\t\t\t\t\t\t\t<div class=\"tab-wrap -left\">\n\t\t\t\t\t\t\t\t<div class=\"text -mode-dark\">\n\t\t\t\t\t\t\t\t\t\t\t\t\t\t\t\t\t\t\t<p class=\"is-style-eyebrow-heading\">H\u1ed7 tr\u1ee3 v\u00e0 h\u1ecdc t\u1eadp li\u00ean t\u1ee5c<\/p>\n\t\t\t\t\t\t\t\t\t\t\t\t\t\t\t\t\t\t                                                                                                                                        <h2 class=\"block-title\">Kh\u00f4ng ch\u1ec9 l\u00e0 m\u1ed9t bu\u1ed5i \u0111\u00e0o t\u1ea1o \u0111\u01a1n l\u1ebb.<\/h2>\t\t\t\t\t\t\t\t\t\t\t\t\t\t\t\t\t\t\t<p>Ch\u00fang t\u00f4i cung c\u1ea5p c\u00e1c ngu\u1ed3n l\u1ef1c v\u00e0 h\u1ed7 tr\u1ee3 li\u00ean t\u1ee5c \u0111\u1ec3 nh\u00f3m c\u1ee7a b\u1ea1n lu\u00f4n c\u1eadp nh\u1eadt c\u00e1c th\u00f4ng l\u1ec7 v\u00e0 c\u00f4ng ngh\u1ec7 m\u1edbi nh\u1ea5t v\u00e0 t\u1ed1t nh\u1ea5t. Vi\u1ec7c h\u1ecdc t\u1eadp li\u00ean t\u1ee5c n\u00e0y \u0111\u1ea3m b\u1ea3o nh\u00e2n vi\u00ean c\u1ee7a b\u1ea1n lu\u00f4n th\u00e0nh th\u1ea1o v\u00e0 ho\u1ea1t \u0111\u1ed9ng c\u1ee7a b\u1ea1n lu\u00f4n hi\u1ec7u qu\u1ea3.<\/p>\n<p>\u0110\u1ecba \u0111i\u1ec3m \u0111\u00e0o t\u1ea1o r\u1ea5t linh ho\u1ea1t \u2013 ch\u00fang t\u00f4i s\u1ebd \u0111\u1ebfn c\u01a1 s\u1edf c\u1ee7a b\u1ea1n ho\u1eb7c nh\u00f3m c\u1ee7a b\u1ea1n c\u00f3 th\u1ec3 \u0111\u1ebfn m\u1ed9t trong nh\u1eefng trung t\u00e2m \u0111\u1ed5i m\u1edbi s\u00e1ng t\u1ea1o ho\u1eb7c ph\u00f2ng th\u00ed nghi\u1ec7m th\u1eed nghi\u1ec7m \u0111\u1eb3ng c\u1ea5p th\u1ebf gi\u1edbi c\u1ee7a ch\u00fang t\u00f4i \u0111\u1ec3 c\u00f3 tr\u1ea3i nghi\u1ec7m th\u1ef1c t\u1ebf s\u00e2u s\u1eafc.<\/p>\n\n\t\t\t\t\t\t\t\t\t\t\t\t\t\t\t\t\t\t\t\t\t\t\t\t\t\t<\/div>\n\t\t\t\t\t\t\t<\/div>\n\t\t\t\t\t\t<\/div>\n\t\t\t\t\t\t\t\t\t\t\n\t\t\t\t<\/div>\n\t\t\t<\/div>\n\n\t\t\t\n\t\t<\/div>\n\t<\/div>\n\n\t\n\t\t\t<\/div>\n\n\t\t\t\t\n\t<\/div>\n\n\n\n\t\n\n\t\t\t\t\t\t\t\n\n<div id=\"block_48dfe6b08408e0fce0b4f4ebfc7a0c47\" class=\"nmc-block nmc-block--story-cta block-container alignfull\">\n\t\n\t\t\n\t\t\t<div class=\"blockbody\">\n\t\t\t\t<div class=\"bound boundfull\">\n\t<div class=\"story-wrap -mode-dark\">\n\t\t<div class=\"story-background\">\n\t\t\t<div class=\"image\">\n\t\t\t\t\t\t\t\t\n<picture>\n\t<source srcset=\"https:\/\/img.nmcdn.io\/e1\/w:900,h:600,v:1\/cpm\/wp-content\/uploads\/imported-files\/news-building-equipment-lifetime-california-pellet-mill.jpg?s=9655c320\" width=\"900\" height=\"600\" media=\"(max-width: 900px)\" type=\"image\/webp\">\n\t<source srcset=\"https:\/\/img.nmcdn.io\/e1\/w:900,h:600,v:1\/cpm\/wp-content\/uploads\/imported-files\/news-building-equipment-lifetime-california-pellet-mill.jpg?s=9655c320\" width=\"900\" height=\"600\" media=\"(max-width: 900px)\">\n\t<source srcset=\"https:\/\/img.nmcdn.io\/e1\/w:1256,h:615,v:1\/cpm\/wp-content\/uploads\/imported-files\/news-building-equipment-lifetime-california-pellet-mill.jpg?s=2280a070\" type=\"image\/webp\">\n\t<img loading=\"lazy\" decoding=\"async\" src=\"https:\/\/img.nmcdn.io\/e1\/w:1256,h:615,v:1\/cpm\/wp-content\/uploads\/imported-files\/news-building-equipment-lifetime-california-pellet-mill.jpg?s=2280a070\" width=\"1256\" height=\"615\" alt=\"building equipment news\">\n<\/picture>\n\t\t\t<\/div>\n\t\t<\/div>\n\t\t<div class=\"story-content\">\n\t\t\t<div class=\"supheading\">Gi\u1ea3i ph\u00e1p ti\u00eau \u0111i\u1ec3m<\/div>\n\t\t\t<div class=\"content\">\n\t\t\t\t                                                                                                                                                                                                                        <h2 class=\"block-title\">X\u00e2y d\u1ef1ng v\u00e0 h\u1ed7 tr\u1ee3 thi\u1ebft b\u1ecb t\u1ed3n t\u1ea1i su\u1ed1t \u0111\u1eddi<\/h2>\t\t\t\t\t\t\t\t<a href=\"https:\/\/onecpm.com\/vi\/success-story\/building-supporting-equipment-that-lasts-a-lifetime\/\" target=\"\" class=\"btn -non-btn\">H\u00e3y \u0111\u1ecdc ti\u1ebfp <svg xmlns=\"http:\/\/www.w3.org\/2000\/svg\" width=\"17\" height=\"12\" viewbox=\"0 0 17 12\" fill=\"none\" role=\"img\" aria-hidden=\"true\" focusable=\"false\"><title>arrow<\/title>\n<path fill-rule=\"evenodd\" clip-rule=\"evenodd\" d=\"M13.9176 6.28571L8.65133 10.5863L9.42733 11.4286L16.3999 5.71429L9.41476 0L8.65362 0.860571L13.9153 5.14286L0.399902 5.14286L0.399902 6.28571L13.9176 6.28571Z\" fill=\"white\"\/>\n<\/svg><span class=\"sr\"> v\u1ec1 X\u00e2y d\u1ef1ng &amp; H\u1ed7 tr\u1ee3 Thi\u1ebft b\u1ecb c\u00f3 Tu\u1ed5i th\u1ecd l\u00e2u d\u00e0i<\/span><\/a>\n\t\t\t<\/div>\n\t\t<\/div>\n\t<\/div>\n<\/div>\n\t\t\t<\/div>\n\n\t\t\t\t\n\t<\/div>\n\n\n\n\t\n\n\t\t\t\t\t\t\t\n\t\n<div id=\"block_0d3e0b2d865bbda7eddfa7dab8657730\" class=\"nmc-block nmc-block--split block-container alignfull -Width alignfull\">\n\t\n\t\t\n\t\t\t<div class=\"blockbody\">\n\t\t\t\t\t<div class=\"bound boundwider\">\n\t\t\n\n<div class=\"split-half\">\n\t<div class=\"split-half-content\">\n\n\t\t\n\n<div class=\"split-half-image\">\n\t\t\t\t\t\t\t\t\t\t<picture>\n\t\t<source media=\"(max-width: 400px)\" srcset=\"https:\/\/img.nmcdn.io\/e1\/w:500,h:530,v:1\/cpm\/wp-content\/uploads\/2024\/07\/aftermarket-trainingtesting-CTA.jpg?s=064f0585\">\n\t\t<img decoding=\"async\" loading=\"lazy\" style=\"aspect-ratio: 0.94339622641509;\" src=\"https:\/\/img.nmcdn.io\/e1\/w:800,h:848,v:1\/cpm\/wp-content\/uploads\/2024\/07\/aftermarket-trainingtesting-CTA.jpg?s=e8ab537e\" width=\"800\" height=\"848\" alt=\"Training Testing\">\n\t<\/picture>\n<\/div>\n\n\n\t\t\n\t<\/div>\n<\/div>\n\n\n<div class=\"split-half\">\n\t<div class=\"split-half-content\">\n\n\t\t\n\n<p class=\"is-style-eyebrow-heading\">Li\u00ean h\u1ec7 ch\u00fang t\u00f4i<\/p>\n\n\n\n<h2 class=\"wp-block-heading\"><strong>Nh\u1eadn \u0111\u01b0\u1ee3c nhi\u1ec1u nh\u1ea5t<\/strong> trong s\u1ed1 Thi\u1ebft b\u1ecb CPM c\u1ee7a b\u1ea1n<\/h2>\n\n\n\n<p>\u0110\u1ea7u t\u01b0 v\u00e0o d\u1ecbch v\u1ee5 \u0111\u00e0o t\u1ea1o c\u1ee7a CPM \u0111\u1ec3 \u0111\u1ea3m b\u1ea3o b\u1ea1n t\u1eadn d\u1ee5ng t\u1ed1i \u0111a thi\u1ebft b\u1ecb c\u1ee7a m\u00ecnh. Li\u00ean h\u1ec7 v\u1edbi ch\u00fang t\u00f4i ngay h\u00f4m nay \u0111\u1ec3 bi\u1ebft c\u00e1ch ch\u00fang t\u00f4i c\u00f3 th\u1ec3 gi\u00fap doanh nghi\u1ec7p c\u1ee7a b\u1ea1n.<\/p>\n\n\n\n\n\n\t\t\t\t\n\n<div class=\"nmc-block nmc-block--buttons\" id=\"block_23131bbfe1636f45f1e292d98dcfc0fd\">\n\t<div class=\"blockbody\">\n\t\n\t\t\t\t\t\t\n\t\t<a href=\"https:\/\/onecpm.com\/vi\/about-cpm\/contact-us\/\" class=\"btn -btn\" >Li\u00ean h\u1ec7 ch\u00fang t\u00f4i<\/a>\n\t\t<\/div>\n<\/div>\n\n\t\t\n\t<\/div>\n<\/div>\n\n\t<\/div>\n\t\t\t<\/div>\n\n\t\t\t\t\n\t<\/div>","protected":false},"excerpt":{"rendered":"","protected":false},"author":1,"featured_media":0,"parent":772,"menu_order":1,"comment_status":"closed","ping_status":"closed","template":"","meta":{"_acf_changed":false,"footnotes":""},"class_list":["post-3568","page","type-page","status-publish","hentry"],"acf":[],"_links":{"self":[{"href":"https:\/\/onecpm.com\/vi\/wp-json\/wp\/v2\/pages\/3568","targetHints":{"allow":["GET"]}}],"collection":[{"href":"https:\/\/onecpm.com\/vi\/wp-json\/wp\/v2\/pages"}],"about":[{"href":"https:\/\/onecpm.com\/vi\/wp-json\/wp\/v2\/types\/page"}],"author":[{"embeddable":true,"href":"https:\/\/onecpm.com\/vi\/wp-json\/wp\/v2\/users\/1"}],"replies":[{"embeddable":true,"href":"https:\/\/onecpm.com\/vi\/wp-json\/wp\/v2\/comments?post=3568"}],"version-history":[{"count":25,"href":"https:\/\/onecpm.com\/vi\/wp-json\/wp\/v2\/pages\/3568\/revisions"}],"predecessor-version":[{"id":10990,"href":"https:\/\/onecpm.com\/vi\/wp-json\/wp\/v2\/pages\/3568\/revisions\/10990"}],"up":[{"embeddable":true,"href":"https:\/\/onecpm.com\/vi\/wp-json\/wp\/v2\/pages\/772"}],"wp:attachment":[{"href":"https:\/\/onecpm.com\/vi\/wp-json\/wp\/v2\/media?parent=3568"}],"curies":[{"name":"wp","href":"https:\/\/api.w.org\/{rel}","templated":true}]}}