{"id":3570,"date":"2024-06-12T16:42:15","date_gmt":"2024-06-12T16:42:15","guid":{"rendered":"https:\/\/cpm.epicenter1.com\/?page_id=3570"},"modified":"2025-06-24T23:22:51","modified_gmt":"2025-06-24T23:22:51","slug":"process-optimization","status":"publish","type":"page","link":"https:\/\/onecpm.com\/vi\/aftermarket-service\/process-optimization","title":{"rendered":"T\u1ed1i \u01b0u h\u00f3a qu\u00e1 tr\u00ecnh"},"content":{"rendered":"<div id=\"block_91ae372f09b63bf4ab2e8daa7300107c\" class=\"nmc-block nmc-block--masthead-aftermarket block-container alignfull -mode-dark\">\n\t\n\t\t\n\t\t\t<div class=\"blockbody\">\n\t\t\t\t<div class=\"masthead-media -overlay\">\n\t\t<div class=\"image\">\n\t\t\t\t\t\t\t\t\t\t\t\t<picture>\n\t\t\t<source media=\"(max-width: 499px)\" srcset=\"https:\/\/img.nmcdn.io\/e1\/w:600,h:338,v:1\/cpm\/wp-content\/uploads\/2024\/08\/aftermarket-processopt-hero.jpg?s=5ede4385\">\n\t\t\t<source media=\"(max-width: 899px)\" srcset=\"https:\/\/img.nmcdn.io\/e1\/w:1200,h:675,v:1\/cpm\/wp-content\/uploads\/2024\/08\/aftermarket-processopt-hero.jpg?s=3ff02773\">\n\t\t\t<img fetchpriority=\"high\" decoding=\"async\" loading=\"eager\" style=\"aspect-ratio: 1.7777777777778;\" src=\"https:\/\/img.nmcdn.io\/e1\/w:1800,h:1013,v:1\/cpm\/wp-content\/uploads\/2024\/08\/aftermarket-processopt-hero.jpg?s=6065744e\" width=\"1800\" height=\"1013\" alt=\"\" aria-hidden=\"true\">\n\t\t<\/picture>\n\t<\/div>\n\t\t\n<\/div>\n<div class=\"bound boundwider\">\n\t<div class=\"masthead-content\">\n\t\t<p class=\"is-style-eyebrow-heading\">H\u1eadu m\u00e3i &amp; D\u1ecbch v\u1ee5<\/strong><\/p>\n\t\t<h1 class=\"page-title\">T\u1ed1i \u01b0u h\u00f3a qu\u00e1 tr\u00ecnh<\/h1>\n\t\t\t\t\t<\/div>\n<\/div>\n\n<script>\n(function(){\n\tdocument.documentElement.classList.add('-transparent-header');\n})();\n<\/script>\n\t\t\t<\/div>\n\n\t\t\t\t\n\t<\/div>\n\n\n\n\n\n\t\n\n\t\t\t\t\t\t\t\n\n<div id=\"block_9c3023342c8dce476abd1946c18b515f\" class=\"nmc-block nmc-block--intro-complex block-container alignfull\">\n\t\n\t\t\n\t\t\t<div class=\"blockbody\">\n\t\t\t\t\n\t<div class=\"wrap\">\n\t\t<div class=\"block-intro\">\n\t\t\t\t\t\t\t<p class=\"is-style-eyebrow-heading\">T\u1ed5ng quan<\/p>\n\t\t\t\t\t\t\t\t\t\t                                                                                                                    <h2 class=\"block-title\">Qu\u00e1 tr\u00ecnh <strong>T\u1ed1i \u01b0u h\u00f3a<\/strong><\/h2>\t\t\t\t\t\t\t\t\t<div class=\"text\">\n\t\t\t\t<p>C\u00e1c chuy\u00ean gia t\u1ed1i \u01b0u h\u00f3a quy tr\u00ecnh c\u1ee7a ch\u00fang t\u00f4i c\u00f3 th\u1ec3 gi\u00fap b\u1ea1n l\u00e0m \u0111\u01b0\u1ee3c nhi\u1ec1u h\u01a1n v\u1edbi chi ph\u00ed \u00edt h\u01a1n. T\u1ed1c \u0111\u1ed9 nhanh h\u01a1n, n\u0103ng su\u1ea5t cao h\u01a1n v\u00e0 ch\u1ea5t l\u01b0\u1ee3ng cao h\u01a1n v\u1edbi \u00edt n\u0103ng l\u01b0\u1ee3ng h\u01a1n, chi ph\u00ed th\u1ea5p h\u01a1n v\u00e0 th\u1eddi gian ng\u1eafn h\u01a1n. Vi\u1ec7c ch\u1ecdn CPM mang \u0111\u1ebfn cho b\u1ea1n to\u00e0n b\u1ed9 s\u1ee9c m\u1ea1nh t\u1eeb kinh nghi\u1ec7m x\u1eed l\u00fd v\u00e0 s\u1ea3n xu\u1ea5t ch\u01b0a t\u1eebng c\u00f3 c\u1ee7a ch\u00fang t\u00f4i, s\u1ef1 nh\u1ea1y b\u00e9n v\u1ec1 k\u1ef9 thu\u1eadt s\u00e2u s\u1eafc, ki\u1ebfn th\u1ee9c chuy\u00ean m\u00f4n v\u1ec1 ch\u1ee7 \u0111\u1ec1 ng\u00e0nh, c\u00e1c c\u00f4ng c\u1ee5 m\u00f4 ph\u1ecfng quy tr\u00ecnh c\u0169ng nh\u01b0 kh\u1ea3 n\u0103ng thi\u1ebft k\u1ebf v\u00e0 cung c\u1ea5p gi\u1ea3i ph\u00e1p c\u00f4ng ngh\u1ec7 cu\u1ed1i c\u00f9ng c\u1ee7a ch\u00fang t\u00f4i.<\/p>\n\t\t\t<\/div>\n\t\t\t\n\t\t\t\t\t\t\t<a href=\"https:\/\/onecpm.com\/vi\/about-cpm\/contact-us\/\" class=\"btn -non-btn\" >Li\u00ean l\u1ea1c<svg xmlns=\"http:\/\/www.w3.org\/2000\/svg\" width=\"17\" height=\"12\" viewbox=\"0 0 17 12\" fill=\"none\" role=\"img\" aria-hidden=\"true\" focusable=\"false\"><title>arrow<\/title>\n<path fill-rule=\"evenodd\" clip-rule=\"evenodd\" d=\"M13.9176 6.28571L8.65133 10.5863L9.42733 11.4286L16.3999 5.71429L9.41476 0L8.65362 0.860571L13.9153 5.14286L0.399902 5.14286L0.399902 6.28571L13.9176 6.28571Z\" fill=\"white\"\/>\n<\/svg><\/a>\t\t\t\t\t<\/div>\n\n\t\t<div class=\"image\">\n\t\t\t\n<div class=\"image-auto\" style=\"aspect-ratio: 600 \/ 738;\">\n\t<picture>\n\t\t<source \n\t\t\tmedia=\"(max-width: 600px)\"\n\t\t\tsrcset=\"https:\/\/img.nmcdn.io\/e1\/w:480,h:591,v:1\/cpm\/wp-content\/uploads\/2024\/07\/aftermarket-processopt-quote.jpg?s=85c97b26\">\n\t\t<img  loading=\"lazy\"src=\"https:\/\/img.nmcdn.io\/e1\/w:600,h:738,v:1\/cpm\/wp-content\/uploads\/2024\/07\/aftermarket-processopt-quote.jpg?s=84a7506b\" width=\"600\" height=\"738\" alt=\"\">\n\t<\/picture>\n<\/div>\n\n\t\t\t\t\t<\/div>\n\t<\/div>\n\n\t\t\t<\/div>\n\n\t\t\t\t\n\t<\/div>\n\n\n\n\t\n\n\t\t\t\t\t\t\t\n\n<div id=\"block_584fa60050f86510ac2ebabfbde43bd7\" class=\"nmc-block nmc-block--tabbed-ctas block-container alignfull\">\n\t\n\t\t\n\t\t\t<div class=\"blockbody\">\n\t\t\t\t\t\n\t<div class=\"block-wrap gray\">\n\t\t<div class=\"bound boundwider\">\n\t\t\t<div class=\"block-intro -mode-gray\">\n\t\t\t\t<div class=\"block-left\">\n\t\t\t\t\t                                                                                                    <h2 class=\"block-title\">C\u00e1c chuy\u00ean gia t\u1ed1i \u01b0u h\u00f3a<\/h2>\t\t\t\t\t\t\t\t\t\t\t<div class=\"content\">L\u00e0 nh\u00e0 s\u00e1ng t\u1ea1o ra thi\u1ebft b\u1ecb h\u00e0ng \u0111\u1ea7u trong ng\u00e0nh, CPM c\u00f3 l\u1ee3i th\u1ebf \u0111\u1eb7c bi\u1ec7t khi t\u1ed1i \u01b0u h\u00f3a quy tr\u00ecnh c\u1ee7a b\u1ea1n. Ki\u1ebfn th\u1ee9c chuy\u00ean s\u00e2u c\u1ee7a ch\u00fang t\u00f4i v\u1ec1 m\u00e1y m\u00f3c v\u00e0 kh\u1ea3 n\u0103ng c\u1ee7a n\u00f3 cho ph\u00e9p ch\u00fang t\u00f4i cung c\u1ea5p c\u00e1c gi\u1ea3i ph\u00e1p t\u1ed1i \u01b0u h\u00f3a ph\u00f9 h\u1ee3p nh\u1eb1m n\u00e2ng cao hi\u1ec7u su\u1ea5t v\u00e0 hi\u1ec7u qu\u1ea3.\r\n<\/div>\n\t\t\t\t\t\t\t\t\t<\/div>\n\n\t\t\t\t\t\t\t<\/div>\n\n\t\t\t<div class=\"tabs\">\n\t\t\t\t<div class=\"tabs_list\" role=\"tablist\">\n\t\t\t\t\t\t\t\t\t\t\t<button type=\"button\" class=\"tab\" role=\"tab\" aria-controls=\"block_584fa60050f86510ac2ebabfbde43bd7-1\" id=\"tab-block_584fa60050f86510ac2ebabfbde43bd7-1\" tabindex=\"\">\u0110\u00e1nh gi\u00e1 v\u00e0 ph\u00e2n t\u00edch<\/button>\n\t\t\t\t\t\t\t\t\t\t\t<button type=\"button\" class=\"tab\" role=\"tab\" aria-controls=\"block_584fa60050f86510ac2ebabfbde43bd7-2\" id=\"tab-block_584fa60050f86510ac2ebabfbde43bd7-2\" tabindex=\"-1\">Gi\u1ea3i ph\u00e1p ph\u00f9 h\u1ee3p<\/button>\n\t\t\t\t\t\t\t\t\t\t\t<button type=\"button\" class=\"tab\" role=\"tab\" aria-controls=\"block_584fa60050f86510ac2ebabfbde43bd7-3\" id=\"tab-block_584fa60050f86510ac2ebabfbde43bd7-3\" tabindex=\"-1\">C\u1ea3i ti\u1ebfn li\u00ean t\u1ee5c<\/button>\n\t\t\t\t\t\t\t\t\t<\/div>\n\n\t\t\t\t<div class=\"tab-content\">\n\n\t\t\t\t\t\t\t\t\t\t\t<div class=\"tab_panel\" tabindex=\"0\" role=\"tabpanel\" id=\"block_584fa60050f86510ac2ebabfbde43bd7-1\" >\n\t\t\t\t\t\t\t<div class=\"tab-background\">\n\t\t\t\t\t\t\t\t<div class=\"image\">\n\t\t\t\t\t\t\t\t\t\t\t\t\t\t\t\t\t\t\t\t\t\t\t\t\t\t\t\t\t\t\t\t\t\t\t\t\t\t\t\t\t\t\t\t\t\t\t\t\t\t\t\t\t\t<picture>\n\t\t\t\t\t\t\t\t\t\t<source media=\"(max-width: 499px)\" srcset=\"https:\/\/img.nmcdn.io\/e1\/w:600,h:800,v:1\/cpm\/wp-content\/uploads\/2025\/04\/CPM-Ruiya-Coordinate-Measurement-Work.jpg?s=04b6457f\">\n\t\t\t\t\t\t\t\t\t\t<source media=\"(max-width: 899px)\" srcset=\"https:\/\/img.nmcdn.io\/e1\/w:1200,h:724,v:1\/cpm\/wp-content\/uploads\/2025\/04\/CPM-Ruiya-Coordinate-Measurement-Work.jpg?s=8bb6cd14\">\n\t\t\t\t\t\t\t\t\t\t<img decoding=\"async\" loading=\"eager\" style=\"aspect-ratio: 1.6578947368421;\" src=\"https:\/\/img.nmcdn.io\/e1\/w:1800,h:1086,v:1\/cpm\/wp-content\/uploads\/2025\/04\/CPM-Ruiya-Coordinate-Measurement-Work.jpg?s=45575d6c\" width=\"1800\" height=\"1086\" alt=\"\" aria-hidden=\"true\">\n\t\t\t\t\t\t\t\t\t<\/picture>\n\t\t\t\t\t\t\t\t<\/div>\n\t\t\t\t\t\t\t<\/div>\n\t\t\t\t\t\t\t<div class=\"tab-wrap -left\">\n\t\t\t\t\t\t\t\t<div class=\"text -mode-dark\">\n\t\t\t\t\t\t\t\t\t\t\t\t\t\t\t\t\t\t\t<p class=\"is-style-eyebrow-heading\">\u0110\u00e1nh gi\u00e1 v\u00e0 ph\u00e2n t\u00edch<\/p>\n\t\t\t\t\t\t\t\t\t\t\t\t\t\t\t\t\t\t                                                                                                                                                <h2 class=\"block-title\">Ch\u00fang t\u00f4i coi th\u00e1ch th\u1ee9c l\u00e0 c\u01a1 h\u1ed9i.<\/h2>\t\t\t\t\t\t\t\t\t\t\t\t\t\t\t\t\t\t\t<p>Ch\u00fang t\u00f4i ph\u00e2n t\u00edch thi\u1ebft b\u1ecb, quy tr\u00ecnh v\u00e0 quy tr\u00ecnh c\u00f4ng vi\u1ec7c c\u1ee7a b\u1ea1n \u0111\u1ec3 x\u00e1c \u0111\u1ecbnh c\u00e1c l\u0129nh v\u1ef1c c\u1ea7n c\u1ea3i thi\u1ec7n. B\u1eb1ng c\u00e1ch hi\u1ec3u r\u00f5 nhu c\u1ea7u v\u00e0 th\u00e1ch th\u1ee9c c\u1ee5 th\u1ec3 c\u1ee7a b\u1ea1n, ch\u00fang t\u00f4i c\u00f3 th\u1ec3 ph\u00e1t tri\u1ec3n c\u00e1c gi\u1ea3i ph\u00e1p t\u00f9y ch\u1ec9nh nh\u1eb1m mang l\u1ea1i k\u1ebft qu\u1ea3. B\u1eb1ng c\u00e1ch s\u1eed d\u1ee5ng ph\u1ea7n m\u1ec1m m\u00f4 ph\u1ecfng quy tr\u00ecnh ti\u00ean ti\u1ebfn, ch\u00fang t\u00f4i c\u00f3 th\u1ec3 x\u00e1c \u0111\u1ecbnh v\u00e0 t\u00ednh to\u00e1n l\u1ee3i t\u1ee9c \u0111\u1ea7u t\u01b0 v\u00e0 ti\u1ebft ki\u1ec7m quy tr\u00ecnh.<\/p>\n\n\t\t\t\t\t\t\t\t\t\t\t\t\t\t\t\t\t\t\t\t\t\t\t\t\t\t<\/div>\n\t\t\t\t\t\t\t<\/div>\n\t\t\t\t\t\t<\/div>\n\t\t\t\t\t\t\t\t\t\t\t<div class=\"tab_panel\" tabindex=\"0\" role=\"tabpanel\" id=\"block_584fa60050f86510ac2ebabfbde43bd7-2\" hidden=\"\">\n\t\t\t\t\t\t\t<div class=\"tab-background\">\n\t\t\t\t\t\t\t\t<div class=\"image\">\n\t\t\t\t\t\t\t\t\t\t\t\t\t\t\t\t\t\t\t\t\t\t\t\t\t\t\t\t\t\t\t\t\t\t\t\t\t\t\t\t\t\t\t\t\t\t\t\t\t\t\t\t\t\t<picture>\n\t\t\t\t\t\t\t\t\t\t<source media=\"(max-width: 499px)\" srcset=\"https:\/\/img.nmcdn.io\/e1\/w:600,h:800,v:1\/cpm\/wp-content\/uploads\/2025\/04\/Customer-Care_Lennon_Griffin_Industrial-Solutions-scaled.jpg?s=1f428eb6\">\n\t\t\t\t\t\t\t\t\t\t<source media=\"(max-width: 899px)\" srcset=\"https:\/\/img.nmcdn.io\/e1\/w:1200,h:724,v:1\/cpm\/wp-content\/uploads\/2025\/04\/Customer-Care_Lennon_Griffin_Industrial-Solutions-scaled.jpg?s=4bdf1047\">\n\t\t\t\t\t\t\t\t\t\t<img decoding=\"async\" loading=\"eager\" style=\"aspect-ratio: 1.6578947368421;\" src=\"https:\/\/img.nmcdn.io\/e1\/w:1800,h:1086,v:1\/cpm\/wp-content\/uploads\/2025\/04\/Customer-Care_Lennon_Griffin_Industrial-Solutions-scaled.jpg?s=d86e610d\" width=\"1800\" height=\"1086\" alt=\"\" aria-hidden=\"true\">\n\t\t\t\t\t\t\t\t\t<\/picture>\n\t\t\t\t\t\t\t\t<\/div>\n\t\t\t\t\t\t\t<\/div>\n\t\t\t\t\t\t\t<div class=\"tab-wrap -right\">\n\t\t\t\t\t\t\t\t<div class=\"text -mode-dark\">\n\t\t\t\t\t\t\t\t\t\t\t\t\t\t\t\t\t\t\t<p class=\"is-style-eyebrow-heading\">Gi\u1ea3i ph\u00e1p ph\u00f9 h\u1ee3p<\/p>\n\t\t\t\t\t\t\t\t\t\t\t\t\t\t\t\t\t\t                                                                                                                                <h2 class=\"block-title\">Gi\u1ea3i ph\u00e1p th\u00f4ng minh cho nhu c\u1ea7u c\u1ee7a b\u1ea1n.<\/h2>\t\t\t\t\t\t\t\t\t\t\t\t\t\t\t\t\t\t\t<p>Kh\u00f4ng c\u00f3 m\u1ed9t gi\u1ea3i ph\u00e1p chung n\u00e0o ph\u00f9 h\u1ee3p cho t\u1ea5t c\u1ea3 m\u1ecdi vi\u1ec7c trong vi\u1ec7c t\u1ed1i \u01b0u h\u00f3a, nh\u01b0ng c\u00e1c k\u1ef9 thu\u1eadt vi\u00ean v\u00e0 k\u1ef9 s\u01b0 c\u1ee7a ch\u00fang t\u00f4i c\u00f3 chuy\u00ean m\u00f4n \u0111\u1ec3 t\u00ecm ra gi\u1ea3i ph\u00e1p cho b\u1ea1n, nh\u1eb1m th\u00fac \u0111\u1ea9y nh\u1eefng c\u1ea3i ti\u1ebfn m\u00e0 b\u1ea1n c\u1ea7n.<\/p>\n<p>B\u1eb1ng c\u00e1ch s\u1eed d\u1ee5ng c\u00e1c c\u00f4ng c\u1ee5, b\u00e0i ki\u1ec3m tra v\u00e0 chuy\u00ean m\u00f4n c\u1ee7a m\u00ecnh, ch\u00fang t\u00f4i x\u00e1c \u0111\u1ecbnh ch\u00ednh x\u00e1c n\u01a1i b\u1ea1n c\u00f3 th\u1ec3 n\u00e2ng cao hi\u1ec7u qu\u1ea3 ho\u1ea1t \u0111\u1ed9ng c\u1ee7a m\u00ecnh; kh\u00e1m ph\u00e1 nh\u1eefng l\u1ed7 h\u1ed5ng v\u1ec1 c\u00f4ng ngh\u1ec7 v\u00e0 t\u1ef1 \u0111\u1ed9ng h\u00f3a; v\u00e0 \u0111\u1ec1 xu\u1ea5t c\u00e1c c\u01a1 h\u1ed9i v\u00e0 bi\u1ec7n ph\u00e1p can thi\u1ec7p \u0111\u01b0\u1ee3c khuy\u1ebfn ngh\u1ecb.<\/p>\n\n\t\t\t\t\t\t\t\t\t\t\t\t\t\t\t\t\t\t\t\t\t\t\t\t\t\t<\/div>\n\t\t\t\t\t\t\t<\/div>\n\t\t\t\t\t\t<\/div>\n\t\t\t\t\t\t\t\t\t\t\t<div class=\"tab_panel\" tabindex=\"0\" role=\"tabpanel\" id=\"block_584fa60050f86510ac2ebabfbde43bd7-3\" hidden=\"\">\n\t\t\t\t\t\t\t<div class=\"tab-background\">\n\t\t\t\t\t\t\t\t<div class=\"image\">\n\t\t\t\t\t\t\t\t\t\t\t\t\t\t\t\t\t\t\t\t\t\t\t\t\t\t\t\t\t\t\t\t\t\t\t\t\t\t\t\t\t\t\t\t\t\t\t\t\t\t\t\t\t\t<picture>\n\t\t\t\t\t\t\t\t\t\t<source media=\"(max-width: 499px)\" srcset=\"https:\/\/img.nmcdn.io\/e1\/w:600,h:800,v:1\/cpm\/wp-content\/uploads\/2024\/07\/aftermarket-processopt-tab3.jpg?s=265304cb\">\n\t\t\t\t\t\t\t\t\t\t<source media=\"(max-width: 899px)\" srcset=\"https:\/\/img.nmcdn.io\/e1\/w:1200,h:724,v:1\/cpm\/wp-content\/uploads\/2024\/07\/aftermarket-processopt-tab3.jpg?s=6db60ca1\">\n\t\t\t\t\t\t\t\t\t\t<img decoding=\"async\" loading=\"eager\" style=\"aspect-ratio: 1.6578947368421;\" src=\"https:\/\/img.nmcdn.io\/e1\/w:1800,h:1086,v:1\/cpm\/wp-content\/uploads\/2024\/07\/aftermarket-processopt-tab3.jpg?s=8bd874ae\" width=\"1800\" height=\"1086\" alt=\"\" aria-hidden=\"true\">\n\t\t\t\t\t\t\t\t\t<\/picture>\n\t\t\t\t\t\t\t\t<\/div>\n\t\t\t\t\t\t\t<\/div>\n\t\t\t\t\t\t\t<div class=\"tab-wrap -left\">\n\t\t\t\t\t\t\t\t<div class=\"text -mode-dark\">\n\t\t\t\t\t\t\t\t\t\t\t\t\t\t\t\t\t\t\t<p class=\"is-style-eyebrow-heading\">C\u1ea3i ti\u1ebfn li\u00ean t\u1ee5c<\/p>\n\t\t\t\t\t\t\t\t\t\t\t\t\t\t\t\t\t\t                                                                                                                                    <h2 class=\"block-title\">N\u00f3 ch\u1ec9 ti\u1ebfp t\u1ee5c tr\u1edf n\u00ean t\u1ed1t h\u01a1n.<\/h2>\t\t\t\t\t\t\t\t\t\t\t\t\t\t\t\t\t\t\t<p>T\u1ed1i \u01b0u h\u00f3a l\u00e0 m\u1ed9t qu\u00e1 tr\u00ecnh li\u00ean t\u1ee5c. D\u1eef li\u1ec7u c\u1ee7a ch\u00fang t\u00f4i cho ph\u00e9p b\u1ea1n \u0111\u01b0a ra quy\u1ebft \u0111\u1ecbnh s\u00e1ng su\u1ed1t v\u1ec1 c\u00e1c b\u01b0\u1edbc ti\u1ebfp theo trong qu\u00e1 tr\u00ecnh c\u1ea3i ti\u1ebfn quy tr\u00ecnh v\u00e0 ho\u1ea1t \u0111\u1ed9ng. V\u00e0 ch\u00fang t\u00f4i s\u1eb5n s\u00e0ng h\u1ed7 tr\u1ee3 b\u1ea1n t\u1eebng b\u01b0\u1edbc b\u1eb1ng c\u00e1ch cung c\u1ea5p th\u00f4ng tin \u0111\u0103ng k\u00fd th\u01b0\u1eddng xuy\u00ean, \u0111\u00e1nh gi\u00e1 hi\u1ec7u su\u1ea5t v\u00e0 c\u00e1c bi\u1ec7n ph\u00e1p th\u1ef1c h\u00e0nh t\u1ed1t nh\u1ea5t c\u0169ng nh\u01b0 th\u1eadm ch\u00ed l\u00e0 thi\u1ebft k\u1ebf v\u00e0 ph\u00e2n ph\u1ed1i ho\u00e0n ch\u1ec9nh gi\u1ea3i ph\u00e1p c\u00f4ng ngh\u1ec7 v\u00e0 t\u1ef1 \u0111\u1ed9ng h\u00f3a.<\/p>\n\n\t\t\t\t\t\t\t\t\t\t\t\t\t\t\t\t\t\t\t\t\t\t\t\t\t\t<\/div>\n\t\t\t\t\t\t\t<\/div>\n\t\t\t\t\t\t<\/div>\n\t\t\t\t\t\t\t\t\t\t\n\t\t\t\t<\/div>\n\t\t\t<\/div>\n\n\t\t\t\n\t\t<\/div>\n\t<\/div>\n\n\t\n\t\t\t<\/div>\n\n\t\t\t\t\n\t<\/div>\n\n\n\n\t\n\n\t\t\t\t\t\t\t\n\n<div id=\"block_d5944147fb282c7ae7df9d6c7745f244\" class=\"nmc-block nmc-block--story-cta block-container alignfull\">\n\t\n\t\t\n\t\t\t<div class=\"blockbody\">\n\t\t\t\t<div class=\"bound boundfull\">\n\t<div class=\"story-wrap -mode-dark\">\n\t\t<div class=\"story-background\">\n\t\t\t<div class=\"image\">\n\t\t\t\t\t\t\t\t\n<picture>\n\t<source srcset=\"https:\/\/img.nmcdn.io\/e1\/w:900,h:600,v:1\/cpm\/wp-content\/uploads\/imported-files\/news-building-equipment-lifetime-california-pellet-mill.jpg?s=9655c320\" width=\"900\" height=\"600\" media=\"(max-width: 900px)\" type=\"image\/webp\">\n\t<source srcset=\"https:\/\/img.nmcdn.io\/e1\/w:900,h:600,v:1\/cpm\/wp-content\/uploads\/imported-files\/news-building-equipment-lifetime-california-pellet-mill.jpg?s=9655c320\" width=\"900\" height=\"600\" media=\"(max-width: 900px)\">\n\t<source srcset=\"https:\/\/img.nmcdn.io\/e1\/w:1256,h:615,v:1\/cpm\/wp-content\/uploads\/imported-files\/news-building-equipment-lifetime-california-pellet-mill.jpg?s=2280a070\" type=\"image\/webp\">\n\t<img loading=\"lazy\" decoding=\"async\" src=\"https:\/\/img.nmcdn.io\/e1\/w:1256,h:615,v:1\/cpm\/wp-content\/uploads\/imported-files\/news-building-equipment-lifetime-california-pellet-mill.jpg?s=2280a070\" width=\"1256\" height=\"615\" alt=\"building equipment news\">\n<\/picture>\n\t\t\t<\/div>\n\t\t<\/div>\n\t\t<div class=\"story-content\">\n\t\t\t<div class=\"supheading\">Gi\u1ea3i ph\u00e1p ti\u00eau \u0111i\u1ec3m<\/div>\n\t\t\t<div class=\"content\">\n\t\t\t\t                                                                                                                                                                                                                        <h2 class=\"block-title\">X\u00e2y d\u1ef1ng v\u00e0 h\u1ed7 tr\u1ee3 thi\u1ebft b\u1ecb t\u1ed3n t\u1ea1i su\u1ed1t \u0111\u1eddi<\/h2>\t\t\t\t\t\t\t\t<a href=\"https:\/\/onecpm.com\/vi\/success-story\/building-supporting-equipment-that-lasts-a-lifetime\/\" target=\"\" class=\"btn -non-btn\">H\u00e3y \u0111\u1ecdc ti\u1ebfp <svg xmlns=\"http:\/\/www.w3.org\/2000\/svg\" width=\"17\" height=\"12\" viewbox=\"0 0 17 12\" fill=\"none\" role=\"img\" aria-hidden=\"true\" focusable=\"false\"><title>arrow<\/title>\n<path fill-rule=\"evenodd\" clip-rule=\"evenodd\" d=\"M13.9176 6.28571L8.65133 10.5863L9.42733 11.4286L16.3999 5.71429L9.41476 0L8.65362 0.860571L13.9153 5.14286L0.399902 5.14286L0.399902 6.28571L13.9176 6.28571Z\" fill=\"white\"\/>\n<\/svg><span class=\"sr\"> v\u1ec1 X\u00e2y d\u1ef1ng &amp; H\u1ed7 tr\u1ee3 Thi\u1ebft b\u1ecb c\u00f3 Tu\u1ed5i th\u1ecd l\u00e2u d\u00e0i<\/span><\/a>\n\t\t\t<\/div>\n\t\t<\/div>\n\t<\/div>\n<\/div>\n\t\t\t<\/div>\n\n\t\t\t\t\n\t<\/div>\n\n\n\n\t\n\n\t\t\t\t\t\t\t\n\t\n<div id=\"block_7d75a855c814650c53bd1f10b87c373d\" class=\"nmc-block nmc-block--split block-container alignfull -Width alignfull\">\n\t\n\t\t\n\t\t\t<div class=\"blockbody\">\n\t\t\t\t\t<div class=\"bound boundwider\">\n\t\t\n\n<div class=\"split-half\">\n\t<div class=\"split-half-content\">\n\n\t\t\n\n<div class=\"split-half-image\">\n\t\t\t\t\t\t\t\t\t\t<picture>\n\t\t<source media=\"(max-width: 400px)\" srcset=\"https:\/\/img.nmcdn.io\/e1\/w:500,h:530,v:1\/cpm\/wp-content\/uploads\/2024\/07\/aftermarket-processopt-CTA-1.jpg?s=c4776635\">\n\t\t<img decoding=\"async\" loading=\"lazy\" style=\"aspect-ratio: 0.94339622641509;\" src=\"https:\/\/img.nmcdn.io\/e1\/w:800,h:848,v:1\/cpm\/wp-content\/uploads\/2024\/07\/aftermarket-processopt-CTA-1.jpg?s=59152cd7\" width=\"800\" height=\"848\" alt=\"Process Optimization\">\n\t<\/picture>\n<\/div>\n\n\n\t\t\n\t<\/div>\n<\/div>\n\n\n<div class=\"split-half\">\n\t<div class=\"split-half-content\">\n\n\t\t\n\n<p class=\"is-style-eyebrow-heading\">Li\u00ean h\u1ec7 ch\u00fang t\u00f4i<\/p>\n\n\n\n<h2 class=\"wp-block-heading\"><strong>Nh\u1eadn \u0111\u01b0\u1ee3c nhi\u1ec1u nh\u1ea5t<\/strong> trong s\u1ed1 Thi\u1ebft b\u1ecb CPM c\u1ee7a b\u1ea1n<\/h2>\n\n\n\n<p>H\u00e3y \u0111\u1ec3 c\u00e1c chuy\u00ean gia t\u1ed1i \u01b0u h\u00f3a quy tr\u00ecnh c\u1ee7a CPM gi\u00fap b\u1ea1n ti\u1ebft ki\u1ec7m th\u1eddi gian, ngu\u1ed3n l\u1ef1c v\u00e0 c\u1ea3i thi\u1ec7n l\u1ee3i nhu\u1eadn c\u1ee7a b\u1ea1n. H\u00e3y li\u00ean h\u1ec7 v\u1edbi ch\u00fang t\u00f4i ngay h\u00f4m nay \u0111\u1ec3 t\u00ecm hi\u1ec3u c\u00e1ch ch\u00fang t\u00f4i c\u00f3 th\u1ec3 gi\u00fap b\u1ea1n \u0111\u1ea1t \u0111\u01b0\u1ee3c m\u1ee5c ti\u00eau ho\u1ea1t \u0111\u1ed9ng c\u1ee7a m\u00ecnh.<\/p>\n\n\n\n\n\n\t\t\t\t\n\n<div class=\"nmc-block nmc-block--buttons\" id=\"block_db8666238a897a8e29738a6d96c676a5\">\n\t<div class=\"blockbody\">\n\t\n\t\t\t\t\t\t\n\t\t<a href=\"https:\/\/onecpm.com\/vi\/about-cpm\/contact-us\/\" class=\"btn -btn\" >Li\u00ean h\u1ec7 ch\u00fang t\u00f4i<\/a>\n\t\t<\/div>\n<\/div>\n\n\t\t\n\t<\/div>\n<\/div>\n\n\t<\/div>\n\t\t\t<\/div>\n\n\t\t\t\t\n\t<\/div>","protected":false},"excerpt":{"rendered":"","protected":false},"author":1,"featured_media":0,"parent":772,"menu_order":1,"comment_status":"closed","ping_status":"closed","template":"","meta":{"_acf_changed":false,"footnotes":""},"class_list":["post-3570","page","type-page","status-publish","hentry"],"acf":[],"_links":{"self":[{"href":"https:\/\/onecpm.com\/vi\/wp-json\/wp\/v2\/pages\/3570","targetHints":{"allow":["GET"]}}],"collection":[{"href":"https:\/\/onecpm.com\/vi\/wp-json\/wp\/v2\/pages"}],"about":[{"href":"https:\/\/onecpm.com\/vi\/wp-json\/wp\/v2\/types\/page"}],"author":[{"embeddable":true,"href":"https:\/\/onecpm.com\/vi\/wp-json\/wp\/v2\/users\/1"}],"replies":[{"embeddable":true,"href":"https:\/\/onecpm.com\/vi\/wp-json\/wp\/v2\/comments?post=3570"}],"version-history":[{"count":20,"href":"https:\/\/onecpm.com\/vi\/wp-json\/wp\/v2\/pages\/3570\/revisions"}],"predecessor-version":[{"id":10991,"href":"https:\/\/onecpm.com\/vi\/wp-json\/wp\/v2\/pages\/3570\/revisions\/10991"}],"up":[{"embeddable":true,"href":"https:\/\/onecpm.com\/vi\/wp-json\/wp\/v2\/pages\/772"}],"wp:attachment":[{"href":"https:\/\/onecpm.com\/vi\/wp-json\/wp\/v2\/media?parent=3570"}],"curies":[{"name":"wp","href":"https:\/\/api.w.org\/{rel}","templated":true}]}}