{"id":3574,"date":"2024-06-12T16:46:29","date_gmt":"2024-06-12T16:46:29","guid":{"rendered":"https:\/\/cpm.epicenter1.com\/?page_id=3574"},"modified":"2024-07-05T19:42:57","modified_gmt":"2024-07-05T19:42:57","slug":"megatrends","status":"publish","type":"page","link":"https:\/\/onecpm.com\/vi\/megatrends","title":{"rendered":"Xu h\u01b0\u1edbng l\u1edbn"},"content":{"rendered":"<div id=\"block_314db05f22257e4b12779085cee50e45\" class=\"nmc-block nmc-block--masthead-media-bg block-container alignfull -mode-dark\">\n\t\n\t\t\n\t\t\t<div class=\"blockbody\">\n\t\t\t\t<div class=\"masthead-media -overlay\">\n\t\t<div class=\"image\">\n\t\t\t\t\t\t\t\t\t\t\t\t<picture>\n\t\t\t<source media=\"(max-width: 599px)\" srcset=\"https:\/\/img.nmcdn.io\/e1\/w:600,h:600,v:1\/cpm\/wp-content\/uploads\/2024\/06\/megatrend-hero.jpg?s=114a60c7\">\n\t\t\t<source media=\"(max-width: 899px)\" srcset=\"https:\/\/img.nmcdn.io\/e1\/w:1200,h:675,v:1\/cpm\/wp-content\/uploads\/2024\/06\/megatrend-hero.jpg?s=5d5fb792\">\n\t\t\t<img fetchpriority=\"high\" decoding=\"async\" loading=\"eager\" style=\"aspect-ratio: 1.7777777777778;\" src=\"https:\/\/img.nmcdn.io\/e1\/w:1800,h:1013,v:1\/cpm\/wp-content\/uploads\/2024\/06\/megatrend-hero.jpg?s=2613def7\" width=\"1800\" height=\"1013\" alt=\"\" aria-hidden=\"true\">\n\t\t<\/picture>\n\t<\/div>\n\t\t<\/div>\n<div class=\"bound boundwider\">\n\t<div class=\"masthead-content\">\n\t\t<h1 class=\"page-title\">Xu h\u01b0\u1edbng l\u1edbn<\/h1>\n\t\t<div class=\"page-intro\"><p><span style=\"font-weight: 400;\">Gi\u1ea3i ph\u00e1p \u0111\u1ed5i m\u1edbi cho m\u1ed9t th\u1ebf gi\u1edbi \u0111ang thay \u0111\u1ed5i<\/span><\/p>\n<\/div>\t\t\t<\/div>\n<\/div>\n\n<script>\n(function(){\n\tdocument.documentElement.classList.add('-transparent-header');\n})();\n<\/script>\n\t\t\t<\/div>\n\n\t\t\t\t\n\t<\/div>\n\n\n\n\n\n\t\n\n\t\t\t\t\t\t\t\n\t\n<div id=\"block_2032670f62b3cf792d9fd42120eab9b6\" class=\"nmc-block nmc-block--background block-container alignfull -mode-brown filled padding-quadruple\">\n\t\n\t\t\n\t\t\t<div class=\"blockbody\">\n\t\t\t\t<div class=\"gutenberg\">\n\t\n\n\n\t\n\n\t\t\t\t\t\t\t\n\n<div id=\"block_a31c53b02309f0e6282facc69cf4687b\" class=\"nmc-block nmc-block--megatrends block-container alignfull\">\n\t\n\t\t\n\t\t\t<div class=\"blockbody\">\n\t\t\t\t\t<div class=\"bound boundwider\">\n\t\t<div class=\"wrap\">\n\t\t\t<div class=\"block-intro\">\n\t\t\t\t\t\t\t\t\t<p class=\"is-style-eyebrow-heading\">Xu h\u01b0\u1edbng l\u1edbn<\/p>\n\t\t\t\t\t\t\t\t                                                                                                                                                                                                                                                <h2 class=\"block-title\"><strong>\u0110\u00e1p \u1ee9ng nh\u1eefng th\u00e1ch th\u1ee9c to\u00e0n c\u1ea7u b\u1eb1ng c\u00e1c gi\u1ea3i ph\u00e1p s\u00e1ng t\u1ea1o<\/strong><\/h2>\t\t\t\t\t\t\t\t\t<p class=\"content\">Th\u1ebf gi\u1edbi \u0111ang thay \u0111\u1ed5i v\u1edbi t\u1ed1c \u0111\u1ed9 ch\u01b0a t\u1eebng c\u00f3. Nh\u1eefng thay \u0111\u1ed5i n\u00e0y \u0111ang th\u00fac \u0111\u1ea9y c\u00e1c xu h\u01b0\u1edbng l\u1edbn \u0111ang \u0111\u1ecbnh h\u00ecnh l\u1ea1i c\u00e1c ng\u00e0nh c\u00f4ng nghi\u1ec7p v\u00e0 x\u00e1c \u0111\u1ecbnh l\u1ea1i t\u01b0\u01a1ng lai. Ch\u00fang t\u00f4i cung c\u1ea5p c\u00e1c gi\u1ea3i ph\u00e1p h\u1ed7 tr\u1ee3 doanh nghi\u1ec7p th\u00edch \u1ee9ng v\u1edbi nh\u1eefng thay \u0111\u1ed5i \u0111ang thay \u0111\u1ed5i to\u00e0n c\u1ea7u v\u00e0 t\u1eadn d\u1ee5ng c\u00e1c c\u01a1 h\u1ed9i m\u1edbi n\u1ed5i. \r\n<\/p>\n\t\t\t\t\t\t\t<\/div>\n\t\t\t\n\t\t\t<div class=\"megatrends-listing\">\n\t\t\t\t\t\t\t\t\t<div class=\"partial -megatrend -card\">\n\t\t\t\t\t\t<div class=\"image\">\n\t\t\t\t\t\t\t\n<div class=\"image-auto\" style=\"aspect-ratio: 600 \/ 720;\">\n\t<picture>\n\t\t<source \n\t\t\tmedia=\"(max-width: 600px)\"\n\t\t\tsrcset=\"https:\/\/img.nmcdn.io\/e1\/w:480,h:576,v:1\/cpm\/wp-content\/uploads\/2024\/06\/megatrend-circulareconomy.jpg?s=cc8923e5\">\n\t\t<img  loading=\"lazy\"src=\"https:\/\/img.nmcdn.io\/e1\/w:600,h:720,v:1\/cpm\/wp-content\/uploads\/2024\/06\/megatrend-circulareconomy.jpg?s=f9c2fd7e\" width=\"600\" height=\"720\" alt=\"\">\n\t<\/picture>\n<\/div>\n\t\t\t\t\t\t<\/div>\n\t\t\t\t\t\t<div class=\"text\">\n\t\t\t\t\t\t\t<h3 class=\"heading\">\n\t\t\t\t\t\t\t\t<a href=\"https:\/\/onecpm.com\/vi\/megatrends\/circular-economy\/\" class=\"link\">Kinh t\u1ebf tu\u1ea7n ho\u00e0n<\/a>\n\t\t\t\t\t\t\t<\/h3>\n\t\t\t\t\t\t\t<div class=\"partial-arrow\">\n\t\t\t\t\t\t\t\t<svg xmlns=\"http:\/\/www.w3.org\/2000\/svg\" width=\"28\" height=\"28\" viewbox=\"0 0 28 28\" fill=\"none\" role=\"img\" aria-hidden=\"true\" focusable=\"false\"><path fill-rule=\"evenodd\" clip-rule=\"evenodd\" d=\"M18.5063 14.4666L14.2055 17.9787L14.8392 18.6666L20.5335 13.9999L14.8289 9.33325L14.2073 10.0361L18.5044 13.5333H7.4668V14.4666H18.5063Z\" fill=\"white\"\/><circle cx=\"14\" cy=\"14\" r=\"13.5\" stroke=\"white\"\/><\/svg>\n\t\t\t\t\t\t\t<\/div>\n\t\t\t\t\t\t<\/div>\n\t\t\t\t\t<\/div>\n\t\t\t\t\t\t\t\t\t<div class=\"partial -megatrend -card\">\n\t\t\t\t\t\t<div class=\"image\">\n\t\t\t\t\t\t\t\n<div class=\"image-auto\" style=\"aspect-ratio: 600 \/ 720;\">\n\t<picture>\n\t\t<source \n\t\t\tmedia=\"(max-width: 600px)\"\n\t\t\tsrcset=\"https:\/\/img.nmcdn.io\/e1\/w:480,h:576,v:1\/cpm\/wp-content\/uploads\/2024\/06\/megatrend-greenenergy.jpg?s=c2e66bba\">\n\t\t<img  loading=\"lazy\"src=\"https:\/\/img.nmcdn.io\/e1\/w:600,h:720,v:1\/cpm\/wp-content\/uploads\/2024\/06\/megatrend-greenenergy.jpg?s=10f965a8\" width=\"600\" height=\"720\" alt=\"\">\n\t<\/picture>\n<\/div>\n\t\t\t\t\t\t<\/div>\n\t\t\t\t\t\t<div class=\"text\">\n\t\t\t\t\t\t\t<h3 class=\"heading\">\n\t\t\t\t\t\t\t\t<a href=\"https:\/\/onecpm.com\/vi\/megatrends\/green-energy\/\" class=\"link\">N\u0103ng l\u01b0\u1ee3ng xanh<\/a>\n\t\t\t\t\t\t\t<\/h3>\n\t\t\t\t\t\t\t<div class=\"partial-arrow\">\n\t\t\t\t\t\t\t\t<svg xmlns=\"http:\/\/www.w3.org\/2000\/svg\" width=\"28\" height=\"28\" viewbox=\"0 0 28 28\" fill=\"none\" role=\"img\" aria-hidden=\"true\" focusable=\"false\"><path fill-rule=\"evenodd\" clip-rule=\"evenodd\" d=\"M18.5063 14.4666L14.2055 17.9787L14.8392 18.6666L20.5335 13.9999L14.8289 9.33325L14.2073 10.0361L18.5044 13.5333H7.4668V14.4666H18.5063Z\" fill=\"white\"\/><circle cx=\"14\" cy=\"14\" r=\"13.5\" stroke=\"white\"\/><\/svg>\n\t\t\t\t\t\t\t<\/div>\n\t\t\t\t\t\t<\/div>\n\t\t\t\t\t<\/div>\n\t\t\t\t\t\t\t\t\t<div class=\"partial -megatrend -card\">\n\t\t\t\t\t\t<div class=\"image\">\n\t\t\t\t\t\t\t\n<div class=\"image-auto\" style=\"aspect-ratio: 600 \/ 720;\">\n\t<picture>\n\t\t<source \n\t\t\tmedia=\"(max-width: 600px)\"\n\t\t\tsrcset=\"https:\/\/img.nmcdn.io\/e1\/w:480,h:576,v:1\/cpm\/wp-content\/uploads\/2024\/06\/megatrend-protein.jpg?s=240644f1\">\n\t\t<img  loading=\"lazy\"src=\"https:\/\/img.nmcdn.io\/e1\/w:600,h:720,v:1\/cpm\/wp-content\/uploads\/2024\/06\/megatrend-protein.jpg?s=495b2452\" width=\"600\" height=\"720\" alt=\"\">\n\t<\/picture>\n<\/div>\n\t\t\t\t\t\t<\/div>\n\t\t\t\t\t\t<div class=\"text\">\n\t\t\t\t\t\t\t<h3 class=\"heading\">\n\t\t\t\t\t\t\t\t<a href=\"https:\/\/onecpm.com\/vi\/megatrends\/protein-consumption\/\" class=\"link\">Ti\u00eau th\u1ee5 ch\u1ea5t \u0111\u1ea1m<\/a>\n\t\t\t\t\t\t\t<\/h3>\n\t\t\t\t\t\t\t<div class=\"partial-arrow\">\n\t\t\t\t\t\t\t\t<svg xmlns=\"http:\/\/www.w3.org\/2000\/svg\" width=\"28\" height=\"28\" viewbox=\"0 0 28 28\" fill=\"none\" role=\"img\" aria-hidden=\"true\" focusable=\"false\"><path fill-rule=\"evenodd\" clip-rule=\"evenodd\" d=\"M18.5063 14.4666L14.2055 17.9787L14.8392 18.6666L20.5335 13.9999L14.8289 9.33325L14.2073 10.0361L18.5044 13.5333H7.4668V14.4666H18.5063Z\" fill=\"white\"\/><circle cx=\"14\" cy=\"14\" r=\"13.5\" stroke=\"white\"\/><\/svg>\n\t\t\t\t\t\t\t<\/div>\n\t\t\t\t\t\t<\/div>\n\t\t\t\t\t<\/div>\n\t\t\t\t\t\t\t\t\t<div class=\"partial -megatrend -card\">\n\t\t\t\t\t\t<div class=\"image\">\n\t\t\t\t\t\t\t\n<div class=\"image-auto\" style=\"aspect-ratio: 600 \/ 720;\">\n\t<picture>\n\t\t<source \n\t\t\tmedia=\"(max-width: 600px)\"\n\t\t\tsrcset=\"https:\/\/img.nmcdn.io\/e1\/w:480,h:576,v:1\/cpm\/wp-content\/uploads\/2024\/06\/megatrend-sustainablepackaging.jpg?s=2af34f50\">\n\t\t<img  loading=\"lazy\"src=\"https:\/\/img.nmcdn.io\/e1\/w:600,h:720,v:1\/cpm\/wp-content\/uploads\/2024\/06\/megatrend-sustainablepackaging.jpg?s=053d0acf\" width=\"600\" height=\"720\" alt=\"\">\n\t<\/picture>\n<\/div>\n\t\t\t\t\t\t<\/div>\n\t\t\t\t\t\t<div class=\"text\">\n\t\t\t\t\t\t\t<h3 class=\"heading\">\n\t\t\t\t\t\t\t\t<a href=\"https:\/\/onecpm.com\/vi\/megatrends\/sustainable-packaging\/\" class=\"link\">Bao b\u00ec b\u1ec1n v\u1eefng<\/a>\n\t\t\t\t\t\t\t<\/h3>\n\t\t\t\t\t\t\t<div class=\"partial-arrow\">\n\t\t\t\t\t\t\t\t<svg xmlns=\"http:\/\/www.w3.org\/2000\/svg\" width=\"28\" height=\"28\" viewbox=\"0 0 28 28\" fill=\"none\" role=\"img\" aria-hidden=\"true\" focusable=\"false\"><path fill-rule=\"evenodd\" clip-rule=\"evenodd\" d=\"M18.5063 14.4666L14.2055 17.9787L14.8392 18.6666L20.5335 13.9999L14.8289 9.33325L14.2073 10.0361L18.5044 13.5333H7.4668V14.4666H18.5063Z\" fill=\"white\"\/><circle cx=\"14\" cy=\"14\" r=\"13.5\" stroke=\"white\"\/><\/svg>\n\t\t\t\t\t\t\t<\/div>\n\t\t\t\t\t\t<\/div>\n\t\t\t\t\t<\/div>\n\t\t\t\t\t\t\t\t\t<div class=\"partial -megatrend -card\">\n\t\t\t\t\t\t<div class=\"image\">\n\t\t\t\t\t\t\t\n<div class=\"image-auto\" style=\"aspect-ratio: 600 \/ 720;\">\n\t<picture>\n\t\t<source \n\t\t\tmedia=\"(max-width: 600px)\"\n\t\t\tsrcset=\"https:\/\/img.nmcdn.io\/e1\/w:480,h:576,v:1\/cpm\/wp-content\/uploads\/2024\/07\/megatrend-wastemanagement.jpg?s=b82f6b06\">\n\t\t<img  loading=\"lazy\"src=\"https:\/\/img.nmcdn.io\/e1\/w:600,h:720,v:1\/cpm\/wp-content\/uploads\/2024\/07\/megatrend-wastemanagement.jpg?s=59ac6e41\" width=\"600\" height=\"720\" alt=\"\">\n\t<\/picture>\n<\/div>\n\t\t\t\t\t\t<\/div>\n\t\t\t\t\t\t<div class=\"text\">\n\t\t\t\t\t\t\t<h3 class=\"heading\">\n\t\t\t\t\t\t\t\t<a href=\"https:\/\/onecpm.com\/vi\/megatrends\/waste-management\/\" class=\"link\">Qu\u1ea3n l\u00fd ch\u1ea5t th\u1ea3i<\/a>\n\t\t\t\t\t\t\t<\/h3>\n\t\t\t\t\t\t\t<div class=\"partial-arrow\">\n\t\t\t\t\t\t\t\t<svg xmlns=\"http:\/\/www.w3.org\/2000\/svg\" width=\"28\" height=\"28\" viewbox=\"0 0 28 28\" fill=\"none\" role=\"img\" aria-hidden=\"true\" focusable=\"false\"><path fill-rule=\"evenodd\" clip-rule=\"evenodd\" d=\"M18.5063 14.4666L14.2055 17.9787L14.8392 18.6666L20.5335 13.9999L14.8289 9.33325L14.2073 10.0361L18.5044 13.5333H7.4668V14.4666H18.5063Z\" fill=\"white\"\/><circle cx=\"14\" cy=\"14\" r=\"13.5\" stroke=\"white\"\/><\/svg>\n\t\t\t\t\t\t\t<\/div>\n\t\t\t\t\t\t<\/div>\n\t\t\t\t\t<\/div>\n\t\t\t\t\t\t\t<\/div>\n\t\t<\/div>\n\t<\/div>\n\n\t\t\t<\/div>\n\n\t\t\t\t\n\t<\/div>\n<\/div>\n\t\t\t<\/div>\n\n\t\t\t\t\n\t<\/div>","protected":false},"excerpt":{"rendered":"","protected":false},"author":1,"featured_media":0,"parent":0,"menu_order":0,"comment_status":"closed","ping_status":"closed","template":"","meta":{"_acf_changed":false,"footnotes":""},"class_list":["post-3574","page","type-page","status-publish","hentry"],"acf":[],"_links":{"self":[{"href":"https:\/\/onecpm.com\/vi\/wp-json\/wp\/v2\/pages\/3574","targetHints":{"allow":["GET"]}}],"collection":[{"href":"https:\/\/onecpm.com\/vi\/wp-json\/wp\/v2\/pages"}],"about":[{"href":"https:\/\/onecpm.com\/vi\/wp-json\/wp\/v2\/types\/page"}],"author":[{"embeddable":true,"href":"https:\/\/onecpm.com\/vi\/wp-json\/wp\/v2\/users\/1"}],"replies":[{"embeddable":true,"href":"https:\/\/onecpm.com\/vi\/wp-json\/wp\/v2\/comments?post=3574"}],"version-history":[{"count":19,"href":"https:\/\/onecpm.com\/vi\/wp-json\/wp\/v2\/pages\/3574\/revisions"}],"predecessor-version":[{"id":4595,"href":"https:\/\/onecpm.com\/vi\/wp-json\/wp\/v2\/pages\/3574\/revisions\/4595"}],"wp:attachment":[{"href":"https:\/\/onecpm.com\/vi\/wp-json\/wp\/v2\/media?parent=3574"}],"curies":[{"name":"wp","href":"https:\/\/api.w.org\/{rel}","templated":true}]}}