{"id":4352,"date":"2024-07-01T14:02:09","date_gmt":"2024-07-01T14:02:09","guid":{"rendered":"https:\/\/cpm.epicenter1.com\/?page_id=4352"},"modified":"2024-07-17T18:07:30","modified_gmt":"2024-07-17T18:07:30","slug":"press","status":"publish","type":"page","link":"https:\/\/onecpm.com\/vi\/newsroom\/press","title":{"rendered":"Nh\u1ea5n"},"content":{"rendered":"<div id=\"block_b9beb8520ac0cfcef4b1f5d929d5b33e\" class=\"nmc-block nmc-block--masthead-basic block-container\">\n\t\n\t\t\n\t\t\t<div class=\"blockbody\">\n\t\t\t\t\t<div class=\"masthead-content -center\">\n\t\t\t\t\t\t\t\t\t\t\t\t\t\t\t\t\t\t\t\t\t\t\t<h1 class=\"page-title\">Nh\u1ea5n<\/h1>\n\t<div class=\"page-intro\"><p>C\u1eadp nh\u1eadt t\u1ea5t c\u1ea3 tin t\u1ee9c m\u1edbi nh\u1ea5t v\u1ec1 CPM v\u00e0 c\u00e1ch c\u00e1c gi\u1ea3i ph\u00e1p thi\u1ebft b\u1ecb s\u00e1ng t\u1ea1o c\u1ee7a ch\u00fang t\u00f4i gi\u00fap \u00edch cho kh\u00e1ch h\u00e0ng tr\u00ean to\u00e0n th\u1ebf gi\u1edbi. T\u1eeb vi\u1ec7c c\u1ea3i thi\u1ec7n ch\u1ea5t l\u01b0\u1ee3ng s\u1ea3n ph\u1ea9m \u0111\u1ebfn t\u00ednh b\u1ec1n v\u1eefng, ch\u00fang t\u00f4i gi\u00fap c\u00e1c c\u00f4ng ty th\u00fac \u0111\u1ea9y ho\u1ea1t \u0111\u1ed9ng kinh doanh c\u1ee7a m\u00ecnh trong khi gi\u1ea3i quy\u1ebft nh\u1eefng th\u00e1ch th\u1ee9c c\u1ee7a t\u01b0\u01a1ng lai.<\/p>\n<\/div>\t\t\t\t<\/div>\n\t\t\t<\/div>\n\n\t\t\t\t\n\t<\/div>\n\n\n\n\n\n\t\n\n\t\t\t\t\n\t\n<div id=\"block_5b4233bc061c24bf16144dc4abfae7ab\" class=\"nmc-block nmc-block--press-listing block-container alignwide\">\n\t\n\t\t\n\t\t\t<div class=\"blockbody\">\n\t\t\t\t\n\n\n\n\n\n\n\n\n\n<div class=\"block-listing\">\n\n\t\n\n\t\t<div class=\"paginated grid-3\">\n\t\t\t<div class=\"partial-container\">\n\t\t\t<div class=\"partial -press -card\">\n    <div class=\"text\">\n        <p class=\"is-style-eyebrow-heading\">Nh\u1ea5n<\/p>\n\n        <h2 class=\"item-title\">\n            <a href=\"https:\/\/e1.nmcdn.io\/assets\/cpm\/wp-content\/uploads\/2026\/04\/Conveyor-Press-Release.pdf\" target=\"_blank\" class=\"link\">CPM|Crown m\u1edf r\u1ed9ng d\u00f2ng s\u1ea3n ph\u1ea9m v\u1edbi \u0111\u1ea7y \u0111\u1ee7 c\u00e1c gi\u1ea3i ph\u00e1p b\u0103ng t\u1ea3i.<\/a>\n        <\/h2>\n        <div class=\"post-meta\">\n                    <\/div>\n    <\/div>\n<\/div>\t\t<\/div>\n\t\t\t<div class=\"partial-container\">\n\t\t\t<div class=\"partial -press -card\">\n    <div class=\"text\">\n        <p class=\"is-style-eyebrow-heading\">Nh\u1ea5n<\/p>\n\n        <h2 class=\"item-title\">\n            <a href=\"https:\/\/e1.nmcdn.io\/assets\/cpm\/wp-content\/uploads\/2026\/04\/UK-Office-Open-Press-Release-Final.pdf\" target=\"_blank\" class=\"link\">CPM|Crown Khai tr\u01b0\u01a1ng Trung t\u00e2m \u0110i\u1ec1u h\u00e0nh Ch\u00e2u \u00c2u hi\u1ec7n \u0111\u1ea1i m\u1edbi<\/a>\n        <\/h2>\n        <div class=\"post-meta\">\n                    <\/div>\n    <\/div>\n<\/div>\t\t<\/div>\n\t\t\t<div class=\"partial-container\">\n\t\t\t<div class=\"partial -press -card\">\n    <div class=\"text\">\n        <p class=\"is-style-eyebrow-heading\">Nh\u1ea5n<\/p>\n\n        <h2 class=\"item-title\">\n            <a href=\"https:\/\/biomassmagazine.com\/articles\/cpm-launches-revolutionary-direct-drive-high-capacity-pellet-mill\" target=\"_blank\" class=\"link\">CPM ra m\u1eaft m\u00e1y \u00e9p vi\u00ean n\u00e9n c\u00f4ng su\u1ea5t l\u1edbn, d\u1eabn \u0111\u1ed9ng tr\u1ef1c ti\u1ebfp mang t\u00ednh c\u00e1ch m\u1ea1ng.<\/a>\n        <\/h2>\n        <div class=\"post-meta\">\n                    <\/div>\n    <\/div>\n<\/div>\t\t<\/div>\n\t\t\t<div class=\"partial-container\">\n\t\t\t<div class=\"partial -press -card\">\n    <div class=\"text\">\n        <p class=\"is-style-eyebrow-heading\">Nh\u1ea5n<\/p>\n\n        <h2 class=\"item-title\">\n            <a href=\"https:\/\/e1.nmcdn.io\/assets\/cpm\/wp-content\/uploads\/2026\/02\/UK-Building-Press-Release-FINAL.pdf\" target=\"_blank\" class=\"link\">CPM|Crown s\u1ebd khai tr\u01b0\u01a1ng trung t\u00e2m \u0111i\u1ec1u h\u00e0nh ch\u00e2u \u00c2u hi\u1ec7n \u0111\u1ea1i m\u1edbi.<\/a>\n        <\/h2>\n        <div class=\"post-meta\">\n                    <\/div>\n    <\/div>\n<\/div>\t\t<\/div>\n\t\t\t<div class=\"partial-container\">\n\t\t\t<div class=\"partial -press -card\">\n    <div class=\"text\">\n        <p class=\"is-style-eyebrow-heading\">Nh\u1ea5n<\/p>\n\n        <h2 class=\"item-title\">\n            <a href=\"https:\/\/en.allpetfood.net\/magazine\/october-2025\/?page=62\" target=\"_blank\" class=\"link\">Gi\u1ea3i ph\u00e1p ch\u1ebf bi\u1ebfn ho\u00e0n ch\u1ec9nh cho c\u00e1c nh\u00e0 s\u1ea3n xu\u1ea5t th\u1ee9c \u0103n cho th\u00fa c\u01b0ng<\/a>\n        <\/h2>\n        <div class=\"post-meta\">\n            <span> T\u1ea5t c\u1ea3 th\u1ee9c \u0103n cho th\u00fa c\u01b0ng<\/span>        <\/div>\n    <\/div>\n<\/div>\t\t<\/div>\n\t\t\t<div class=\"partial-container\">\n\t\t\t<div class=\"partial -press -card\">\n    <div class=\"text\">\n        <p class=\"is-style-eyebrow-heading\">Nh\u1ea5n<\/p>\n\n        <h2 class=\"item-title\">\n            <a href=\"https:\/\/allaquaculture.com\/videos\/cpm-in-the-aquaculture-industry-1204\/\" target=\"_blank\" class=\"link\">CPM trong ng\u00e0nh nu\u00f4i tr\u1ed3ng th\u1ee7y s\u1ea3n<\/a>\n        <\/h2>\n        <div class=\"post-meta\">\n            <span>T\u1ea5t c\u1ea3 nu\u00f4i tr\u1ed3ng th\u1ee7y s\u1ea3n<\/span>        <\/div>\n    <\/div>\n<\/div>\t\t<\/div>\n\t\t<\/div>\n\n\t\n\t\t\t\t\t<nav class=\"pagination load-more\" role=\"navigation\" aria-label=\"\u0110i\u1ec1u h\u01b0\u1edbng ph\u00e2n trang\">\n\t\t\t\t\t\t\t\t\t\t<link rel=\"prefetch\" href=\"https:\/\/\/onecpm.com\/vi\/wp-json\/wp\/v2\/pages\/4352?pg=2\">\n\t\t\t\t<a href=\"https:\/\/\/onecpm.com\/vi\/wp-json\/wp\/v2\/pages\/4352?pg=2\" class=\"loadmore btn\" aria-label=\"T\u1ea3i trang ti\u1ebfp theo\">T\u1ea3i th\u00eam<\/a>\n\t\t\t\t\t<\/nav>\n\t\n<\/div>\n\t\t\t<\/div>\n\n\t\t\t\t\n\t<\/div>","protected":false},"excerpt":{"rendered":"","protected":false},"author":1,"featured_media":0,"parent":2116,"menu_order":0,"comment_status":"closed","ping_status":"closed","template":"","meta":{"_acf_changed":false,"footnotes":""},"class_list":["post-4352","page","type-page","status-publish","hentry"],"acf":[],"_links":{"self":[{"href":"https:\/\/onecpm.com\/vi\/wp-json\/wp\/v2\/pages\/4352","targetHints":{"allow":["GET"]}}],"collection":[{"href":"https:\/\/onecpm.com\/vi\/wp-json\/wp\/v2\/pages"}],"about":[{"href":"https:\/\/onecpm.com\/vi\/wp-json\/wp\/v2\/types\/page"}],"author":[{"embeddable":true,"href":"https:\/\/onecpm.com\/vi\/wp-json\/wp\/v2\/users\/1"}],"replies":[{"embeddable":true,"href":"https:\/\/onecpm.com\/vi\/wp-json\/wp\/v2\/comments?post=4352"}],"version-history":[{"count":3,"href":"https:\/\/onecpm.com\/vi\/wp-json\/wp\/v2\/pages\/4352\/revisions"}],"predecessor-version":[{"id":5864,"href":"https:\/\/onecpm.com\/vi\/wp-json\/wp\/v2\/pages\/4352\/revisions\/5864"}],"up":[{"embeddable":true,"href":"https:\/\/onecpm.com\/vi\/wp-json\/wp\/v2\/pages\/2116"}],"wp:attachment":[{"href":"https:\/\/onecpm.com\/vi\/wp-json\/wp\/v2\/media?parent=4352"}],"curies":[{"name":"wp","href":"https:\/\/api.w.org\/{rel}","templated":true}]}}