{"id":4354,"date":"2024-07-01T14:03:01","date_gmt":"2024-07-01T14:03:01","guid":{"rendered":"https:\/\/cpm.epicenter1.com\/?page_id=4354"},"modified":"2025-06-24T23:14:44","modified_gmt":"2025-06-24T23:14:44","slug":"markets","status":"publish","type":"page","link":"https:\/\/onecpm.com\/vi\/markets","title":{"rendered":"Th\u1ecb tr\u01b0\u1eddng"},"content":{"rendered":"<div id=\"block_d3d86188845bb4349752d6dd1a3e0cfb\" class=\"nmc-block nmc-block--masthead-basic block-container\">\n\t\n\t\t\n\t\t\t<div class=\"blockbody\">\n\t\t\t\t\t<div class=\"masthead-content -center\">\n\t\t\t\t\t\t\t\t\t\t\t\t\t\t\t\t\t\t\t\t\t\t\t\t\t\t\t\t\t<h1 class=\"page-title\">Th\u1ecb tr\u01b0\u1eddng<\/h1>\n\t<div class=\"page-intro\"><p>Ch\u00fang t\u00f4i cung c\u1ea5p c\u00e1c c\u00f4ng c\u1ee5 v\u00e0 chuy\u00ean m\u00f4n \u0111\u1ec3 gi\u00fap kh\u00e1ch h\u00e0ng tr\u00ean to\u00e0n th\u1ebf gi\u1edbi th\u00e0nh c\u00f4ng trong vi\u1ec7c c\u1ea3i thi\u1ec7n quy tr\u00ecnh v\u00e0 \u1ee9ng d\u1ee5ng c\u1ee7a h\u1ecd. T\u00ecm hi\u1ec3u th\u00eam v\u1ec1 c\u00e1ch c\u00e1c c\u00f4ng ngh\u1ec7 ti\u00ean ti\u1ebfn v\u00e0 cam k\u1ebft ph\u00e1t tri\u1ec3n b\u1ec1n v\u1eefng c\u1ee7a ch\u00fang t\u00f4i t\u1ea1o n\u00ean s\u1ef1 kh\u00e1c bi\u1ec7t trong h\u1ea7u h\u1ebft m\u1ecdi ng\u00e0nh.<\/p>\n<\/div>\t\t\t<a href=\"https:\/\/onecpm.com\/vi\/other-markets\/\" target=\"\" class=\"btn -non-btn\">Duy\u1ec7t qua c\u00e1c th\u1ecb tr\u01b0\u1eddng kh\u00e1c <svg xmlns=\"http:\/\/www.w3.org\/2000\/svg\" width=\"17\" height=\"12\" viewbox=\"0 0 17 12\" fill=\"none\" role=\"img\" aria-hidden=\"true\" focusable=\"false\"><title>arrow<\/title>\n<path fill-rule=\"evenodd\" clip-rule=\"evenodd\" d=\"M13.9176 6.28571L8.65133 10.5863L9.42733 11.4286L16.3999 5.71429L9.41476 0L8.65362 0.860571L13.9153 5.14286L0.399902 5.14286L0.399902 6.28571L13.9176 6.28571Z\" fill=\"white\"\/>\n<\/svg><\/a>\n\t<\/div>\n\t\t\t<\/div>\n\n\t\t\t\t\n\t<\/div>\n\n\n\n\n<style>\n.block-listing .grid-3 > .partial-container:nth-child(1) {display: none;}\n<\/style>\n\n\n\n\n\t\n\n\t\t\t\t\n\t\n<div id=\"block_9293e837ebd58ce9e9ec1b17f5fec58b\" class=\"nmc-block nmc-block--market-solution-listing block-container alignwide\">\n\t\n\t\t\n\t\t\t<div class=\"blockbody\">\n\t\t\t\t\n\n\n\n\n\n\n\n\n\n\n<div class=\"block-listing\">\n\n\t<h2 class=\"block-title\">Duy\u1ec7t qua th\u1ecb tr\u01b0\u1eddng<\/h2>\n\n\t\n\n\t\t<div class=\"paginated grid-3\">\n\t\t\t<div class=\"partial-container\">\n\t\t\t<div class=\"partial -news -card\">\n\t\t<div class=\"image\">\n\t\t\n<div class=\"image-auto\" style=\"aspect-ratio: 1400 \/ 1296;\">\n\t<picture>\n\t\t<source \n\t\t\tmedia=\"(max-width: 600px)\"\n\t\t\tsrcset=\"https:\/\/img.nmcdn.io\/e1\/w:480,h:445,v:1\/cpm\/wp-content\/uploads\/2025\/04\/solutions-ethanol-hero.jpg?s=15479aac\">\n\t\t<img  loading=\"lazy\"src=\"https:\/\/img.nmcdn.io\/e1\/w:600,h:556,v:1\/cpm\/wp-content\/uploads\/2025\/04\/solutions-ethanol-hero.jpg?s=c1916467\" width=\"1400\" height=\"1296\" alt=\"\" aria-hidden=\"true\">\n\t<\/picture>\n<\/div>\n\t<\/div>\n        <div class=\"text\">\n\t\t        <h2 class=\"item-title\">\n\t\t\t<a href=\"https:\/\/onecpm.com\/vi\/markets\/ethanol\" class=\"link\">\n                Ethanol\n            <\/a>\n        <\/h2>\n\t\t\t\t\t\t\t<p class=\"is-style-eyebrow-heading\">Ch\u1ee3<\/p>\n\t\t\t\t<div class=\"excerpt\"><\/div>\n    <\/div>\n<\/div>\t\t<\/div>\n\t\t\t<div class=\"partial-container\">\n\t\t\t<div class=\"partial -news -card\">\n\t\t<div class=\"image\">\n\t\t\n<div class=\"image-auto\" style=\"aspect-ratio: 1400 \/ 1296;\">\n\t<picture>\n\t\t<source \n\t\t\tmedia=\"(max-width: 600px)\"\n\t\t\tsrcset=\"https:\/\/img.nmcdn.io\/e1\/w:480,h:445,v:1\/cpm\/wp-content\/uploads\/2024\/08\/solutions-animalfeed-hero.jpg?s=06d31a7f\">\n\t\t<img  loading=\"lazy\"src=\"https:\/\/img.nmcdn.io\/e1\/w:600,h:556,v:1\/cpm\/wp-content\/uploads\/2024\/08\/solutions-animalfeed-hero.jpg?s=141db1e4\" width=\"1400\" height=\"1296\" alt=\"animal feed\" aria-hidden=\"true\">\n\t<\/picture>\n<\/div>\n\t<\/div>\n        <div class=\"text\">\n\t\t        <h2 class=\"item-title\">\n\t\t\t<a href=\"https:\/\/onecpm.com\/vi\/markets\/animal-feed\" class=\"link\">\n                Th\u1ee9c \u0103n ch\u0103n nu\u00f4i\n            <\/a>\n        <\/h2>\n\t\t\t\t\t\t\t<p class=\"is-style-eyebrow-heading\">Ch\u1ee3<\/p>\n\t\t\t\t<div class=\"excerpt\"><\/div>\n    <\/div>\n<\/div>\t\t<\/div>\n\t\t\t<div class=\"partial-container\">\n\t\t\t<div class=\"partial -news -card\">\n\t\t<div class=\"image\">\n\t\t\n<div class=\"image-auto\" style=\"aspect-ratio: 600 \/ 556;\">\n\t<picture>\n\t\t<source \n\t\t\tmedia=\"(max-width: 600px)\"\n\t\t\tsrcset=\"https:\/\/img.nmcdn.io\/e1\/w:480,h:445,v:1\/cpm\/wp-content\/uploads\/2024\/05\/solutions-oilseed-square.jpg?s=fbadfb54\">\n\t\t<img  loading=\"lazy\"src=\"https:\/\/img.nmcdn.io\/e1\/w:600,h:556,v:1\/cpm\/wp-content\/uploads\/2024\/05\/solutions-oilseed-square.jpg?s=ab55c9f3\" width=\"600\" height=\"556\" alt=\"Oilseed\" aria-hidden=\"true\">\n\t<\/picture>\n<\/div>\n\t<\/div>\n        <div class=\"text\">\n\t\t        <h2 class=\"item-title\">\n\t\t\t<a href=\"https:\/\/onecpm.com\/vi\/markets\/oilseed-processing\" class=\"link\">\n                Ch\u1ebf bi\u1ebfn h\u1ea1t c\u00f3 d\u1ea7u\n            <\/a>\n        <\/h2>\n\t\t\t\t\t\t\t<p class=\"is-style-eyebrow-heading\">Ch\u1ee3<\/p>\n\t\t\t\t<div class=\"excerpt\"><\/div>\n    <\/div>\n<\/div>\t\t<\/div>\n\t\t\t<div class=\"partial-container\">\n\t\t\t<div class=\"partial -news -card\">\n\t\t<div class=\"image\">\n\t\t\n<div class=\"image-auto\" style=\"aspect-ratio: 1400 \/ 1296;\">\n\t<picture>\n\t\t<source \n\t\t\tmedia=\"(max-width: 600px)\"\n\t\t\tsrcset=\"https:\/\/img.nmcdn.io\/e1\/w:480,h:445,v:1\/cpm\/wp-content\/uploads\/2024\/03\/solutions-renewablefuels-hero.jpg?s=9d0f3095\">\n\t\t<img  loading=\"lazy\"src=\"https:\/\/img.nmcdn.io\/e1\/w:600,h:556,v:1\/cpm\/wp-content\/uploads\/2024\/03\/solutions-renewablefuels-hero.jpg?s=0de4d930\" width=\"1400\" height=\"1296\" alt=\"\" aria-hidden=\"true\">\n\t<\/picture>\n<\/div>\n\t<\/div>\n        <div class=\"text\">\n\t\t        <h2 class=\"item-title\">\n\t\t\t<a href=\"https:\/\/onecpm.com\/vi\/markets\/renewable-fuels\" class=\"link\">\n                Nhi\u00ean li\u1ec7u t\u00e1i t\u1ea1o\n            <\/a>\n        <\/h2>\n\t\t\t\t\t\t\t<p class=\"is-style-eyebrow-heading\">Ch\u1ee3<\/p>\n\t\t\t\t<div class=\"excerpt\"><\/div>\n    <\/div>\n<\/div>\t\t<\/div>\n\t\t\t<div class=\"partial-container\">\n\t\t\t<div class=\"partial -news -card\">\n\t\t<div class=\"image\">\n\t\t\n<div class=\"image-auto\" style=\"aspect-ratio: 600 \/ 556;\">\n\t<picture>\n\t\t<source \n\t\t\tmedia=\"(max-width: 600px)\"\n\t\t\tsrcset=\"https:\/\/img.nmcdn.io\/e1\/w:480,h:445,v:1\/cpm\/wp-content\/uploads\/2024\/08\/solutions-foodprocessing.jpg?s=f547c98a\">\n\t\t<img  loading=\"lazy\"src=\"https:\/\/img.nmcdn.io\/e1\/w:600,h:556,v:1\/cpm\/wp-content\/uploads\/2024\/08\/solutions-foodprocessing.jpg?s=837de777\" width=\"600\" height=\"556\" alt=\"Food Processing\" aria-hidden=\"true\">\n\t<\/picture>\n<\/div>\n\t<\/div>\n        <div class=\"text\">\n\t\t        <h2 class=\"item-title\">\n\t\t\t<a href=\"https:\/\/onecpm.com\/vi\/markets\/food-processing\" class=\"link\">\n                Ch\u1ebf bi\u1ebfn th\u1ef1c ph\u1ea9m\n            <\/a>\n        <\/h2>\n\t\t\t\t\t\t\t<p class=\"is-style-eyebrow-heading\">Ch\u1ee3<\/p>\n\t\t\t\t<div class=\"excerpt\"><\/div>\n    <\/div>\n<\/div>\t\t<\/div>\n\t\t\t<div class=\"partial-container\">\n\t\t\t<div class=\"partial -news -card\">\n\t\t<div class=\"image\">\n\t\t\n<div class=\"image-auto\" style=\"aspect-ratio: 600 \/ 556;\">\n\t<picture>\n\t\t<source \n\t\t\tmedia=\"(max-width: 600px)\"\n\t\t\tsrcset=\"https:\/\/img.nmcdn.io\/e1\/w:480,h:445,v:1\/cpm\/wp-content\/uploads\/2024\/05\/solutions-compounding-square.jpg?s=0aa70927\">\n\t\t<img  loading=\"lazy\"src=\"https:\/\/img.nmcdn.io\/e1\/w:600,h:556,v:1\/cpm\/wp-content\/uploads\/2024\/05\/solutions-compounding-square.jpg?s=643aee90\" width=\"600\" height=\"556\" alt=\"Compounding\" aria-hidden=\"true\">\n\t<\/picture>\n<\/div>\n\t<\/div>\n        <div class=\"text\">\n\t\t        <h2 class=\"item-title\">\n\t\t\t<a href=\"https:\/\/onecpm.com\/vi\/markets\/compounding\" class=\"link\">\n                H\u1ee3p ch\u1ea5t\n            <\/a>\n        <\/h2>\n\t\t\t\t\t\t\t<p class=\"is-style-eyebrow-heading\">Ch\u1ee3<\/p>\n\t\t\t\t<div class=\"excerpt\"><\/div>\n    <\/div>\n<\/div>\t\t<\/div>\n\t\t\t<div class=\"partial-container\">\n\t\t\t<div class=\"partial -news -card\">\n\t\t<div class=\"image\">\n\t\t\n<div class=\"image-auto\" style=\"aspect-ratio: 600 \/ 556;\">\n\t<picture>\n\t\t<source \n\t\t\tmedia=\"(max-width: 600px)\"\n\t\t\tsrcset=\"https:\/\/img.nmcdn.io\/e1\/w:480,h:445,v:1\/cpm\/wp-content\/uploads\/2024\/04\/solutions-sustainableaviationfuel-square.jpg?s=8ad61d59\">\n\t\t<img  loading=\"lazy\"src=\"https:\/\/img.nmcdn.io\/e1\/w:600,h:556,v:1\/cpm\/wp-content\/uploads\/2024\/04\/solutions-sustainableaviationfuel-square.jpg?s=419f15fe\" width=\"600\" height=\"556\" alt=\"\" aria-hidden=\"true\">\n\t<\/picture>\n<\/div>\n\t<\/div>\n        <div class=\"text\">\n\t\t        <h2 class=\"item-title\">\n\t\t\t<a href=\"https:\/\/onecpm.com\/vi\/markets\/sustainable-aviation-fuel\" class=\"link\">\n                Nhi\u00ean li\u1ec7u h\u00e0ng kh\u00f4ng b\u1ec1n v\u1eefng\n            <\/a>\n        <\/h2>\n\t\t\t\t\t\t\t<p class=\"is-style-eyebrow-heading\">Ch\u1ee3<\/p>\n\t\t\t\t<div class=\"excerpt\"><\/div>\n    <\/div>\n<\/div>\t\t<\/div>\n\t\t\t<div class=\"partial-container\">\n\t\t\t<div class=\"partial -news -card\">\n\t\t<div class=\"image\">\n\t\t\n<div class=\"image-auto\" style=\"aspect-ratio: 600 \/ 556;\">\n\t<picture>\n\t\t<source \n\t\t\tmedia=\"(max-width: 600px)\"\n\t\t\tsrcset=\"https:\/\/img.nmcdn.io\/e1\/w:480,h:445,v:1\/cpm\/wp-content\/uploads\/2024\/03\/solutions-plantbasedprotein.jpg?s=b8cfd253\">\n\t\t<img  loading=\"lazy\"src=\"https:\/\/img.nmcdn.io\/e1\/w:600,h:556,v:1\/cpm\/wp-content\/uploads\/2024\/03\/solutions-plantbasedprotein.jpg?s=cf2ff4f4\" width=\"600\" height=\"556\" alt=\"\" aria-hidden=\"true\">\n\t<\/picture>\n<\/div>\n\t<\/div>\n        <div class=\"text\">\n\t\t        <h2 class=\"item-title\">\n\t\t\t<a href=\"https:\/\/onecpm.com\/vi\/markets\/plant-based-protein\" class=\"link\">\n                \u0110\u1ea1m th\u1ef1c v\u1eadt\n            <\/a>\n        <\/h2>\n\t\t\t\t\t\t\t<p class=\"is-style-eyebrow-heading\">Ch\u1ee3<\/p>\n\t\t\t\t<div class=\"excerpt\"><\/div>\n    <\/div>\n<\/div>\t\t<\/div>\n\t\t\t<div class=\"partial-container\">\n\t\t\t<div class=\"partial -news -card\">\n\t\t<div class=\"image\">\n\t\t\n<div class=\"image-auto\" style=\"aspect-ratio: 600 \/ 556;\">\n\t<picture>\n\t\t<source \n\t\t\tmedia=\"(max-width: 600px)\"\n\t\t\tsrcset=\"https:\/\/img.nmcdn.io\/e1\/w:480,h:445,v:1\/cpm\/wp-content\/uploads\/2024\/05\/solutions-beverage-square.jpg?s=030a8629\">\n\t\t<img  loading=\"lazy\"src=\"https:\/\/img.nmcdn.io\/e1\/w:600,h:556,v:1\/cpm\/wp-content\/uploads\/2024\/05\/solutions-beverage-square.jpg?s=7484515a\" width=\"600\" height=\"556\" alt=\"Beverage\" aria-hidden=\"true\">\n\t<\/picture>\n<\/div>\n\t<\/div>\n        <div class=\"text\">\n\t\t        <h2 class=\"item-title\">\n\t\t\t<a href=\"https:\/\/onecpm.com\/vi\/markets\/beverage\" class=\"link\">\n                Bao b\u00ec \u0111\u1ed3 u\u1ed1ng\n            <\/a>\n        <\/h2>\n\t\t\t\t\t\t\t<p class=\"is-style-eyebrow-heading\">Ch\u1ee3<\/p>\n\t\t\t\t<div class=\"excerpt\"><\/div>\n    <\/div>\n<\/div>\t\t<\/div>\n\t\t\t<div class=\"partial-container\">\n\t\t\t<div class=\"partial -news -card\">\n\t\t<div class=\"image\">\n\t\t\n<div class=\"image-auto\" style=\"aspect-ratio: 600 \/ 556;\">\n\t<picture>\n\t\t<source \n\t\t\tmedia=\"(max-width: 600px)\"\n\t\t\tsrcset=\"https:\/\/img.nmcdn.io\/e1\/w:480,h:445,v:1\/cpm\/wp-content\/uploads\/2024\/05\/solutions-recycling-square.jpg?s=53a17b04\">\n\t\t<img  loading=\"lazy\"src=\"https:\/\/img.nmcdn.io\/e1\/w:600,h:556,v:1\/cpm\/wp-content\/uploads\/2024\/05\/solutions-recycling-square.jpg?s=cdc0613a\" width=\"600\" height=\"556\" alt=\"Recycling\" aria-hidden=\"true\">\n\t<\/picture>\n<\/div>\n\t<\/div>\n        <div class=\"text\">\n\t\t        <h2 class=\"item-title\">\n\t\t\t<a href=\"https:\/\/onecpm.com\/vi\/markets\/recycling\" class=\"link\">\n                T\u00e1i ch\u1ebf\n            <\/a>\n        <\/h2>\n\t\t\t\t\t\t\t<p class=\"is-style-eyebrow-heading\">Ch\u1ee3<\/p>\n\t\t\t\t<div class=\"excerpt\"><\/div>\n    <\/div>\n<\/div>\t\t<\/div>\n\t\t\t<div class=\"partial-container\">\n\t\t\t<div class=\"partial -news -card\">\n\t\t<div class=\"image\">\n\t\t\n<div class=\"image-auto\" style=\"aspect-ratio: 600 \/ 556;\">\n\t<picture>\n\t\t<source \n\t\t\tmedia=\"(max-width: 600px)\"\n\t\t\tsrcset=\"https:\/\/img.nmcdn.io\/e1\/w:480,h:445,v:1\/cpm\/wp-content\/uploads\/2024\/05\/solutions-petfood-square.jpg?s=29f76f60\">\n\t\t<img  loading=\"lazy\"src=\"https:\/\/img.nmcdn.io\/e1\/w:600,h:556,v:1\/cpm\/wp-content\/uploads\/2024\/05\/solutions-petfood-square.jpg?s=373c546c\" width=\"600\" height=\"556\" alt=\"Pet Food\" aria-hidden=\"true\">\n\t<\/picture>\n<\/div>\n\t<\/div>\n        <div class=\"text\">\n\t\t        <h2 class=\"item-title\">\n\t\t\t<a href=\"https:\/\/onecpm.com\/vi\/markets\/pet-food\" class=\"link\">\n                Th\u1ee9c \u0103n cho th\u00fa c\u01b0ng\n            <\/a>\n        <\/h2>\n\t\t\t\t\t\t\t<p class=\"is-style-eyebrow-heading\">Ch\u1ee3<\/p>\n\t\t\t\t<div class=\"excerpt\"><\/div>\n    <\/div>\n<\/div>\t\t<\/div>\n\t\t\t<div class=\"partial-container\">\n\t\t\t<div class=\"partial -news -card\">\n\t\t<div class=\"image\">\n\t\t\n<div class=\"image-auto\" style=\"aspect-ratio: 600 \/ 556;\">\n\t<picture>\n\t\t<source \n\t\t\tmedia=\"(max-width: 600px)\"\n\t\t\tsrcset=\"https:\/\/img.nmcdn.io\/e1\/w:480,h:445,v:1\/cpm\/wp-content\/uploads\/2024\/05\/solutions-biomass-square.jpg?s=e0e23699\">\n\t\t<img  loading=\"lazy\"src=\"https:\/\/img.nmcdn.io\/e1\/w:600,h:556,v:1\/cpm\/wp-content\/uploads\/2024\/05\/solutions-biomass-square.jpg?s=d8266348\" width=\"600\" height=\"556\" alt=\"Biomass\" aria-hidden=\"true\">\n\t<\/picture>\n<\/div>\n\t<\/div>\n        <div class=\"text\">\n\t\t        <h2 class=\"item-title\">\n\t\t\t<a href=\"https:\/\/onecpm.com\/vi\/markets\/biomass\" class=\"link\">\n                Sinh kh\u1ed1i\n            <\/a>\n        <\/h2>\n\t\t\t\t\t\t\t<p class=\"is-style-eyebrow-heading\">Ch\u1ee3<\/p>\n\t\t\t\t<div class=\"excerpt\"><\/div>\n    <\/div>\n<\/div>\t\t<\/div>\n\t\t\t<div class=\"partial-container\">\n\t\t\t<div class=\"partial -news -card\">\n\t\t<div class=\"image\">\n\t\t\n<div class=\"image-auto\" style=\"aspect-ratio: 1400 \/ 1296;\">\n\t<picture>\n\t\t<source \n\t\t\tmedia=\"(max-width: 600px)\"\n\t\t\tsrcset=\"https:\/\/img.nmcdn.io\/e1\/w:480,h:445,v:1\/cpm\/wp-content\/uploads\/2024\/04\/solutions-waste-hero.webp?s=f3bb518a\">\n\t\t<img  loading=\"lazy\"src=\"https:\/\/img.nmcdn.io\/e1\/w:600,h:556,v:1\/cpm\/wp-content\/uploads\/2024\/04\/solutions-waste-hero.webp?s=ff233610\" width=\"1400\" height=\"1296\" alt=\"Waste bundles\" aria-hidden=\"true\">\n\t<\/picture>\n<\/div>\n\t<\/div>\n        <div class=\"text\">\n\t\t        <h2 class=\"item-title\">\n\t\t\t<a href=\"https:\/\/onecpm.com\/vi\/markets\/waste\" class=\"link\">\n                R\u00e1c th\u1ea3i\n            <\/a>\n        <\/h2>\n\t\t\t\t\t\t\t<p class=\"is-style-eyebrow-heading\">Ch\u1ee3<\/p>\n\t\t\t\t<div class=\"excerpt\"><\/div>\n    <\/div>\n<\/div>\t\t<\/div>\n\t\t\t<div class=\"partial-container\">\n\t\t\t<div class=\"partial -news -card\">\n\t\t<div class=\"image\">\n\t\t\n<div class=\"image-auto\" style=\"aspect-ratio: 600 \/ 556;\">\n\t<picture>\n\t\t<source \n\t\t\tmedia=\"(max-width: 600px)\"\n\t\t\tsrcset=\"https:\/\/img.nmcdn.io\/e1\/w:480,h:445,v:1\/cpm\/wp-content\/uploads\/2024\/05\/solutions-aquaticfeed-square.jpg?s=3d12c438\">\n\t\t<img  loading=\"lazy\"src=\"https:\/\/img.nmcdn.io\/e1\/w:600,h:556,v:1\/cpm\/wp-content\/uploads\/2024\/05\/solutions-aquaticfeed-square.jpg?s=6b2b2a5f\" width=\"600\" height=\"556\" alt=\"Aquatic Feed\" aria-hidden=\"true\">\n\t<\/picture>\n<\/div>\n\t<\/div>\n        <div class=\"text\">\n\t\t        <h2 class=\"item-title\">\n\t\t\t<a href=\"https:\/\/onecpm.com\/vi\/markets\/aqua-feed\" class=\"link\">\n                Th\u1ee9c \u0103n th\u1ee7y s\u1ea3n\n            <\/a>\n        <\/h2>\n\t\t\t\t\t\t\t<p class=\"is-style-eyebrow-heading\">Ch\u1ee3<\/p>\n\t\t\t\t<div class=\"excerpt\"><\/div>\n    <\/div>\n<\/div>\t\t<\/div>\n\t\t\t<div class=\"partial-container\">\n\t\t\t<div class=\"partial -news -card\">\n\t\t<div class=\"image\">\n\t\t\n<div class=\"image-auto\" style=\"aspect-ratio: 600 \/ 556;\">\n\t<picture>\n\t\t<source \n\t\t\tmedia=\"(max-width: 600px)\"\n\t\t\tsrcset=\"https:\/\/img.nmcdn.io\/e1\/w:480,h:445,v:1\/cpm\/wp-content\/uploads\/2024\/05\/solutions-foodpackaging-square.jpg?s=182fe4c0\">\n\t\t<img  loading=\"lazy\"src=\"https:\/\/img.nmcdn.io\/e1\/w:600,h:556,v:1\/cpm\/wp-content\/uploads\/2024\/05\/solutions-foodpackaging-square.jpg?s=83399739\" width=\"600\" height=\"556\" alt=\"Food Packaging\" aria-hidden=\"true\">\n\t<\/picture>\n<\/div>\n\t<\/div>\n        <div class=\"text\">\n\t\t        <h2 class=\"item-title\">\n\t\t\t<a href=\"https:\/\/onecpm.com\/vi\/markets\/food-packaging\" class=\"link\">\n                \u0110\u00f3ng g\u00f3i th\u1ef1c ph\u1ea9m\n            <\/a>\n        <\/h2>\n\t\t\t\t\t\t\t<p class=\"is-style-eyebrow-heading\">Ch\u1ee3<\/p>\n\t\t\t\t<div class=\"excerpt\"><\/div>\n    <\/div>\n<\/div>\t\t<\/div>\n\t\t\t<div class=\"partial-container\">\n\t\t\t<div class=\"partial -news -card\">\n\t\t<div class=\"image\">\n\t\t\n<div class=\"image-auto\" style=\"aspect-ratio: 600 \/ 556;\">\n\t<picture>\n\t\t<source \n\t\t\tmedia=\"(max-width: 600px)\"\n\t\t\tsrcset=\"https:\/\/img.nmcdn.io\/e1\/w:480,h:445,v:1\/cpm\/wp-content\/uploads\/2024\/05\/solutions-rubber-square-1.jpg?s=1a8acc5f\">\n\t\t<img  loading=\"lazy\"src=\"https:\/\/img.nmcdn.io\/e1\/w:600,h:556,v:1\/cpm\/wp-content\/uploads\/2024\/05\/solutions-rubber-square-1.jpg?s=5c002a9d\" width=\"600\" height=\"556\" alt=\"\" aria-hidden=\"true\">\n\t<\/picture>\n<\/div>\n\t<\/div>\n        <div class=\"text\">\n\t\t        <h2 class=\"item-title\">\n\t\t\t<a href=\"https:\/\/onecpm.com\/vi\/markets\/rubber\" class=\"link\">\n                Cao su\n            <\/a>\n        <\/h2>\n\t\t\t\t\t\t\t<p class=\"is-style-eyebrow-heading\">Ch\u1ee3<\/p>\n\t\t\t\t<div class=\"excerpt\"><\/div>\n    <\/div>\n<\/div>\t\t<\/div>\n\t\t\t<div class=\"partial-container\">\n\t\t\t<div class=\"partial -news -card\">\n\t\t<div class=\"image\">\n\t\t\n<div class=\"image-auto\" style=\"aspect-ratio: 600 \/ 556;\">\n\t<picture>\n\t\t<source \n\t\t\tmedia=\"(max-width: 600px)\"\n\t\t\tsrcset=\"https:\/\/img.nmcdn.io\/e1\/w:480,h:445,v:1\/cpm\/wp-content\/uploads\/2024\/05\/solutions-aerosols-square.jpg?s=593fbf71\">\n\t\t<img  loading=\"lazy\"src=\"https:\/\/img.nmcdn.io\/e1\/w:600,h:556,v:1\/cpm\/wp-content\/uploads\/2024\/05\/solutions-aerosols-square.jpg?s=8096452c\" width=\"600\" height=\"556\" alt=\"Aerosols\" aria-hidden=\"true\">\n\t<\/picture>\n<\/div>\n\t<\/div>\n        <div class=\"text\">\n\t\t        <h2 class=\"item-title\">\n\t\t\t<a href=\"https:\/\/onecpm.com\/vi\/markets\/aerosols\" class=\"link\">\n                B\u00ecnh x\u1ecbt\n            <\/a>\n        <\/h2>\n\t\t\t\t\t\t\t<p class=\"is-style-eyebrow-heading\">Ch\u1ee3<\/p>\n\t\t\t\t<div class=\"excerpt\"><\/div>\n    <\/div>\n<\/div>\t\t<\/div>\n\t\t<\/div>\n\n\t\n\t\t\n<\/div>\n\t\t\t<\/div>\n\n\t\t\t\t\n\t<\/div>","protected":false},"excerpt":{"rendered":"","protected":false},"author":1,"featured_media":0,"parent":0,"menu_order":0,"comment_status":"closed","ping_status":"closed","template":"","meta":{"_acf_changed":false,"footnotes":""},"class_list":["post-4354","page","type-page","status-publish","hentry"],"acf":[],"_links":{"self":[{"href":"https:\/\/onecpm.com\/vi\/wp-json\/wp\/v2\/pages\/4354","targetHints":{"allow":["GET"]}}],"collection":[{"href":"https:\/\/onecpm.com\/vi\/wp-json\/wp\/v2\/pages"}],"about":[{"href":"https:\/\/onecpm.com\/vi\/wp-json\/wp\/v2\/types\/page"}],"author":[{"embeddable":true,"href":"https:\/\/onecpm.com\/vi\/wp-json\/wp\/v2\/users\/1"}],"replies":[{"embeddable":true,"href":"https:\/\/onecpm.com\/vi\/wp-json\/wp\/v2\/comments?post=4354"}],"version-history":[{"count":7,"href":"https:\/\/onecpm.com\/vi\/wp-json\/wp\/v2\/pages\/4354\/revisions"}],"predecessor-version":[{"id":10975,"href":"https:\/\/onecpm.com\/vi\/wp-json\/wp\/v2\/pages\/4354\/revisions\/10975"}],"wp:attachment":[{"href":"https:\/\/onecpm.com\/vi\/wp-json\/wp\/v2\/media?parent=4354"}],"curies":[{"name":"wp","href":"https:\/\/api.w.org\/{rel}","templated":true}]}}