{"id":4564,"date":"2024-07-03T19:44:22","date_gmt":"2024-07-03T19:44:22","guid":{"rendered":"https:\/\/cpm.epicenter1.com\/?page_id=4564"},"modified":"2024-07-16T18:50:26","modified_gmt":"2024-07-16T18:50:26","slug":"cpm-supplier-code-of-conduct","status":"publish","type":"page","link":"https:\/\/onecpm.com\/vi\/cpm-supplier-code-of-conduct","title":{"rendered":"Quy t\u1eafc \u1ee9ng x\u1eed c\u1ee7a nh\u00e0 cung c\u1ea5p"},"content":{"rendered":"<div id=\"block_c8a2d07ace8fd446d9cdf4d7eb7e4e0c\" class=\"nmc-block nmc-block--masthead-basic block-container alignwider\">\n\t\n\t\t\n\t\t\t<div class=\"blockbody\">\n\t\t\t\t<div class=\"masthead-content\">\n\t\t\t\t\t\t\t\t\t\t\t\t\t\t\t\t\t\t\t\t\t\t\t\t\t\t\t\t\t\t\t\t\t\t\t\t\t\t\t\t\t\t\t\t\t\t\t\t\t\t\t\t\t\t\t\t\t\t\t\t\t\t\t\t\t\t\t\t\t\t\t\t\t\t\t\t\t\t\t\t<h1 class=\"page-title\">Quy t\u1eafc \u1ee9ng x\u1eed c\u1ee7a nh\u00e0 cung c\u1ea5p<\/h1>\n\t<div class=\"page-intro\"><p>L\u1ea7n s\u1eeda \u0111\u1ed5i cu\u1ed1i c\u00f9ng: Ng\u00e0y 3 th\u00e1ng 7 n\u0103m 2024<\/p>\n<\/div>\t\t\t\t<\/div>\n\t\t\t<\/div>\n\n\t\t\t\t\n\t<\/div>\n\n\n\n\n<hr class=\"wp-block-separator alignfull has-alpha-channel-opacity\"\/>\n\n\n\n<p>B\u1ed9 quy t\u1eafc \u1ee9ng x\u1eed c\u1ee7a nh\u00e0 cung c\u1ea5p CPM (g\u1ecdi t\u1eaft l\u00e0 \u201cB\u1ed9 quy t\u1eafc\u201d) \u00e1p d\u1ee5ng cho t\u1ea5t c\u1ea3 c\u00e1c nh\u00e0 cung c\u1ea5p c\u1ee7a nh\u00f3m c\u00f4ng ty CPM. T\u1ea5t c\u1ea3 c\u00e1c nh\u00e0 cung c\u1ea5p, ng\u01b0\u1eddi b\u00e1n, nh\u00e0 th\u1ea7u, c\u1ed1 v\u1ea5n, \u0111\u1ea1i l\u00fd, nh\u00e0 th\u1ea7u ph\u1ee5 v\u00e0 c\u00e1c nh\u00e0 cung c\u1ea5p h\u00e0ng h\u00f3a v\u00e0 d\u1ecbch v\u1ee5 kh\u00e1c c\u0169ng nh\u01b0 c\u00e1c gi\u00e1m \u0111\u1ed1c, c\u00e1n b\u1ed9, qu\u1ea3n l\u00fd, c\u1ed5 \u0111\u00f4ng, th\u00e0nh vi\u00ean, nh\u00e2n vi\u00ean, \u0111\u1ea1i l\u00fd, nh\u00e0 th\u1ea7u ho\u1eb7c \u0111\u1ea1i di\u1ec7n kh\u00e1c c\u1ee7a h\u1ecd (g\u1ecdi chung l\u00e0 \u201cnh\u00e0 cung c\u1ea5p\u201d) \u0111\u1ec1u ph\u1ea3i l\u00e0m quen v\u00e0 tu\u00e2n th\u1ee7 B\u1ed9 quy t\u1eafc n\u00e0y nh\u01b0 m\u1ed9t \u0111i\u1ec1u ki\u1ec7n \u0111\u1ec3 kinh doanh v\u1edbi CPM. B\u1ed9 quy t\u1eafc n\u00e0y th\u1eeba nh\u1eadn r\u1eb1ng CPM gi\u1eef cho c\u00e1c nh\u00e0 cung c\u1ea5p c\u1ee7a m\u00ecnh tu\u00e2n th\u1ee7 c\u00e1c ti\u00eau chu\u1ea9n \u0111\u1ea1o \u0111\u1ee9c kinh doanh cao nh\u1ea5t. Vi\u1ec7c kh\u00f4ng tu\u00e2n th\u1ee7 B\u1ed9 quy t\u1eafc c\u00f3 th\u1ec3 d\u1eabn \u0111\u1ebfn vi\u1ec7c ch\u1ea5m d\u1ee9t h\u1ee3p \u0111\u1ed3ng cung c\u1ea5p hi\u1ec7n t\u1ea1i c\u1ee7a nh\u00e0 cung c\u1ea5p v\u00e0 kh\u00f4ng \u0111\u1ee7 \u0111i\u1ec1u ki\u1ec7n cho b\u1ea5t k\u1ef3 h\u1ee3p \u0111\u1ed3ng cung c\u1ea5p n\u00e0o trong t\u01b0\u01a1ng lai v\u1edbi CPM. Ngo\u00e0i ra, nh\u00e0 cung c\u1ea5p c\u00f3 tr\u00e1ch nhi\u1ec7m \u0111\u1ea3m b\u1ea3o r\u1eb1ng m\u1ed7i nh\u00e0 th\u1ea7u ph\u1ee5, nh\u00e0 cung c\u1ea5p ph\u1ee5, ng\u01b0\u1eddi b\u00e1n ho\u1eb7c c\u00e1c \u0111\u1ea1i l\u00fd v\u00e0 \u0111\u1ea1i di\u1ec7n kh\u00e1c lu\u00f4n tu\u00e2n th\u1ee7 B\u1ed9 quy t\u1eafc v\u00e0 m\u1ecdi h\u00e0nh vi vi ph\u1ea1m B\u1ed9 quy t\u1eafc c\u1ee7a b\u1ea5t k\u1ef3 b\u00ean n\u00e0o n\u00eau tr\u00ean \u0111\u1ec1u \u0111\u01b0\u1ee3c coi l\u00e0 h\u00e0nh vi vi ph\u1ea1m B\u1ed9 quy t\u1eafc c\u1ee7a nh\u00e0 cung c\u1ea5p.<\/p>\n\n\n\n<p>CPM y\u00eau c\u1ea7u c\u00e1c nh\u00e0 cung c\u1ea5p ph\u1ea3i kinh doanh m\u1ed9t c\u00e1ch c\u00f3 \u0111\u1ea1o \u0111\u1ee9c v\u00e0 tu\u00e2n th\u1ee7 c\u00e1c nguy\u00ean t\u1eafc sau:<\/p>\n\n\n\n<p><strong>Duy tr\u00ec lu\u1eadt ph\u00e1p<\/strong><\/p>\n\n\n\n<p>Cam k\u1ebft v\u1ec1 t\u00ednh ch\u00ednh tr\u1ef1c c\u1ee7a CPM b\u1eaft \u0111\u1ea7u b\u1eb1ng vi\u1ec7c tu\u00e2n th\u1ee7 lu\u1eadt ph\u00e1p, quy t\u1eafc v\u00e0 quy \u0111\u1ecbnh t\u1ea1i n\u01a1i ch\u00fang t\u00f4i kinh doanh. C\u00e1c nh\u00e0 cung c\u1ea5p ph\u1ea3i hi\u1ec3u v\u00e0 lu\u00f4n tu\u00e2n th\u1ee7 lu\u1eadt ph\u00e1p, quy t\u1eafc v\u00e0 quy \u0111\u1ecbnh \u00e1p d\u1ee5ng cho h\u1ecd. H\u01a1n n\u1eefa, v\u1edbi t\u01b0 c\u00e1ch l\u00e0 m\u1ed9t c\u00f4ng ty c\u00f3 tr\u1ee5 s\u1edf t\u1ea1i Hoa K\u1ef3, CPM y\u00eau c\u1ea7u t\u1ea5t c\u1ea3 c\u00e1c nh\u00e0 cung c\u1ea5p ph\u1ea3i tu\u00e2n th\u1ee7 nghi\u00eam ng\u1eb7t \u0110\u1ea1o lu\u1eadt ch\u1ed1ng tham nh\u0169ng \u1edf n\u01b0\u1edbc ngo\u00e0i c\u1ee7a Hoa K\u1ef3 c\u0169ng nh\u01b0 b\u1ea5t k\u1ef3 lu\u1eadt ch\u1ed1ng tham nh\u0169ng t\u01b0\u01a1ng t\u1ef1 n\u00e0o hi\u1ec7n h\u00e0nh.<\/p>\n\n\n\n<p><strong>Cu\u1ed9c thi<\/strong><\/p>\n\n\n\n<p>CPM cam k\u1ebft c\u1ea1nh tranh l\u00e0nh m\u1ea1nh, c\u00f4ng b\u1eb1ng v\u00e0 c\u00f3 \u0111\u1ea1o \u0111\u1ee9c. Nh\u00e0 cung c\u1ea5p ph\u1ea3i \u0111\u01b0a ra quy\u1ebft \u0111\u1ecbnh v\u1ec1 gi\u00e1 v\u00e0 ti\u1ebfp th\u1ecb \u0111\u1ed9c l\u1eadp v\u00e0 kh\u00f4ng \u0111\u01b0\u1ee3c h\u1ee3p t\u00e1c ho\u1eb7c ph\u1ed1i h\u1ee3p ho\u1ea1t \u0111\u1ed9ng kh\u00f4ng \u0111\u00fang m\u1ef1c v\u1edbi \u0111\u1ed1i th\u1ee7 c\u1ea1nh tranh ho\u1eb7c nh\u00e2n vi\u00ean c\u1ee7a CPM. Nh\u00e0 cung c\u1ea5p kh\u00f4ng \u0111\u01b0\u1ee3c \u0111\u1ec1 ngh\u1ecb ho\u1eb7c y\u00eau c\u1ea7u c\u00e1c kho\u1ea3n thanh to\u00e1n ho\u1eb7c ti\u1ec1n boa kh\u00f4ng \u0111\u00fang m\u1ef1c li\u00ean quan \u0111\u1ebfn vi\u1ec7c b\u00e1n h\u00e0ng h\u00f3a ho\u1eb7c d\u1ecbch v\u1ee5 cho CPM. Nh\u00e0 cung c\u1ea5p b\u1ecb nghi\u00eam c\u1ea5m tham gia v\u00e0o c\u00e1c th\u1ecfa thu\u1eadn tham nh\u0169ng v\u1edbi kh\u00e1ch h\u00e0ng, nh\u00e0 cung c\u1ea5p ph\u1ee5, vi\u00ean ch\u1ee9c ch\u00ednh ph\u1ee7 ho\u1eb7c c\u00e1c b\u00ean th\u1ee9 ba kh\u00e1c. Ngo\u00e0i ra, CPM nghi\u00eam c\u1ea5m c\u00e1c nh\u00e0 cung c\u1ea5p tham gia v\u00e0o b\u1ea5t k\u1ef3 h\u00ecnh th\u1ee9c h\u1ed1i l\u1ed9 n\u00e0o c\u1ee7a khu v\u1ef1c c\u00f4ng ho\u1eb7c th\u01b0\u01a1ng m\u1ea1i. Nh\u00e0 cung c\u1ea5p kh\u00f4ng \u0111\u01b0\u1ee3c \u0111\u1ec1 ngh\u1ecb, h\u1ee9a h\u1eb9n ho\u1eb7c cung c\u1ea5p b\u1ea5t k\u1ef3 th\u1ee9 g\u00ec c\u00f3 gi\u00e1 tr\u1ecb, tr\u1ef1c ti\u1ebfp ho\u1eb7c gi\u00e1n ti\u1ebfp, cho b\u1ea5t k\u1ef3 vi\u00ean ch\u1ee9c ch\u00ednh ph\u1ee7 n\u00e0o, ho\u1eb7c cho b\u1ea5t k\u1ef3 c\u00e1 nh\u00e2n ho\u1eb7c t\u1ed5 ch\u1ee9c t\u01b0 nh\u00e2n n\u00e0o, nh\u1eb1m m\u1ee5c \u0111\u00edch d\u1ee5 d\u1ed7 ng\u01b0\u1eddi nh\u1eadn h\u1ed7 tr\u1ee3 nh\u00e0 cung c\u1ea5p (ho\u1eb7c CPM) \u0111\u1ea1t \u0111\u01b0\u1ee3c l\u1ee3i \u00edch c\u00e1 nh\u00e2n ho\u1eb7c th\u01b0\u01a1ng m\u1ea1i.<\/p>\n\n\n\n<p><strong>Xung \u0111\u1ed9t l\u1ee3i \u00edch; Qu\u00e0 t\u1eb7ng, Ti\u1ec1n boa v\u00e0 Ph\u00e9p l\u1ecbch s\u1ef1 trong kinh doanh<\/strong><\/p>\n\n\n\n<p>Nh\u00e0 cung c\u1ea5p ph\u1ea3i tr\u00e1nh m\u1ecdi m\u1ed1i quan h\u1ec7 ho\u1eb7c ho\u1ea1t \u0111\u1ed9ng c\u00f3 th\u1ec3 l\u00e0m suy y\u1ebfu ho\u1eb7c th\u1eadm ch\u00ed c\u00f3 v\u1ebb l\u00e0m suy y\u1ebfu kh\u1ea3 n\u0103ng \u0111\u01b0a ra quy\u1ebft \u0111\u1ecbnh kh\u00e1ch quan v\u00e0 c\u00f4ng b\u1eb1ng khi giao d\u1ecbch v\u1edbi CPM. Nh\u00e0 cung c\u1ea5p ph\u1ea3i tr\u00e1nh m\u1ecdi th\u1ecfa thu\u1eadn t\u00e0i ch\u00ednh ho\u1eb7c th\u1ecfa thu\u1eadn kh\u00e1c v\u1edbi nh\u00e2n vi\u00ean CPM c\u00f3 th\u1ec3 b\u1ecb coi l\u00e0 kh\u00f4ng ph\u00f9 h\u1ee3p.<\/p>\n\n\n\n<p>Nh\u00e2n vi\u00ean CPM b\u1ecb c\u1ea5m tham gia v\u00e0o b\u1ea5t k\u1ef3 h\u00e0nh \u0111\u1ed9ng n\u00e0o t\u1ea1o ra nh\u1eadn th\u1ee9c r\u1eb1ng vi\u1ec7c \u0111\u1ed1i x\u1eed c\u00f3 l\u1ee3i v\u1edbi nh\u00e0 cung c\u1ea5p \u0111\u00e3 \u0111\u01b0\u1ee3c t\u00ecm ki\u1ebfm, nh\u1eadn \u0111\u01b0\u1ee3c ho\u1eb7c trao \u0111\u1ed5i \u0111\u1ec3 \u0111\u1ed5i l\u1ea5y s\u1ef1 l\u1ecbch s\u1ef1 trong kinh doanh c\u00e1 nh\u00e2n. S\u1ef1 l\u1ecbch s\u1ef1 trong kinh doanh bao g\u1ed3m qu\u00e0 t\u1eb7ng, ti\u1ec1n boa, b\u1eefa \u0103n, \u0111\u1ed3 u\u1ed1ng gi\u1ea3i kh\u00e1t, gi\u1ea3i tr\u00ed ho\u1eb7c c\u00e1c l\u1ee3i \u00edch kh\u00e1c t\u1eeb nh\u1eefng ng\u01b0\u1eddi ho\u1eb7c c\u00f4ng ty m\u00e0 CPM \u0111ang ho\u1eb7c c\u00f3 th\u1ec3 kinh doanh. Nh\u00e0 cung c\u1ea5p kh\u00f4ng \u0111\u01b0\u1ee3c trao ho\u1eb7c ch\u1ea5p nh\u1eadn s\u1ef1 l\u1ecbch s\u1ef1 trong kinh doanh c\u1ea5u th\u00e0nh ho\u1eb7c c\u00f3 th\u1ec3 \u0111\u01b0\u1ee3c coi l\u00e0 c\u1ea5u th\u00e0nh, c\u00e1c \u0111\u1ed9ng c\u01a1 kinh doanh kh\u00f4ng c\u00f4ng b\u1eb1ng vi ph\u1ea1m lu\u1eadt ph\u00e1p, quy \u0111\u1ecbnh ho\u1eb7c ch\u00ednh s\u00e1ch c\u1ee7a CPM, ho\u1eb7c g\u00e2y b\u1ed1i r\u1ed1i ho\u1eb7c \u1ea3nh h\u01b0\u1edfng ti\u00eau c\u1ef1c \u0111\u1ebfn danh ti\u1ebfng c\u1ee7a CPM.<\/p>\n\n\n\n<p><strong>Ki\u1ec3m so\u00e1t th\u01b0\u01a1ng m\u1ea1i<\/strong><\/p>\n\n\n\n<p>CPM v\u00e0 c\u00e1c nh\u00e0 cung c\u1ea5p c\u1ee7a c\u00f4ng ty ph\u1ea3i tu\u00e2n th\u1ee7 m\u1ed9t s\u1ed1 lu\u1eadt ki\u1ec3m so\u00e1t th\u01b0\u01a1ng m\u1ea1i c\u1ee7a Hoa K\u1ef3 v\u00e0 qu\u1ed1c t\u1ebf x\u00e1c \u0111\u1ecbnh n\u01a1i CPM c\u00f3 th\u1ec3 mua s\u1ea3n ph\u1ea9m ho\u1eb7c d\u1ecbch v\u1ee5. C\u00e1c nh\u00e0 cung c\u1ea5p kh\u00f4ng \u0111\u01b0\u1ee3c c\u00f3 b\u1ea5t k\u1ef3 giao d\u1ecbch tr\u1ef1c ti\u1ebfp ho\u1eb7c gi\u00e1n ti\u1ebfp n\u00e0o v\u1edbi b\u1ea5t k\u1ef3 c\u00e1 nh\u00e2n ho\u1eb7c l\u00e3nh th\u1ed5 n\u00e0o ch\u1ecbu l\u1ec7nh tr\u1eebng ph\u1ea1t m\u00e0 s\u1ebd ng\u0103n c\u1ea3n CPM (bao g\u1ed3m b\u1ea5t k\u1ef3 chi nh\u00e1nh n\u00e0o c\u1ee7a c\u00f4ng ty) giao d\u1ecbch v\u1edbi c\u00e1 nh\u00e2n ho\u1eb7c l\u00e3nh th\u1ed5 \u0111\u00f3. Nh\u00e0 cung c\u1ea5p ph\u1ea3i lu\u00f4n tu\u00e2n th\u1ee7 m\u1ecdi lu\u1eadt ki\u1ec3m so\u00e1t th\u01b0\u01a1ng m\u1ea1i hi\u1ec7n h\u00e0nh li\u00ean quan \u0111\u1ebfn vi\u1ec7c nh\u1eadp kh\u1ea9u, xu\u1ea5t kh\u1ea9u, b\u00e1n v\u00e0 mua h\u00e0ng h\u00f3a ho\u1eb7c d\u1ecbch v\u1ee5 do nh\u00e0 cung c\u1ea5p cung c\u1ea5p cho CPM. Nh\u00e0 cung c\u1ea5p ph\u1ea3i l\u01b0u gi\u1eef h\u1ed3 s\u01a1 \u0111\u1ea7y \u0111\u1ee7 v\u00e0 ch\u00ednh x\u00e1c v\u1ec1 t\u1ea5t c\u1ea3 h\u00e0ng h\u00f3a v\u00e0 d\u1ecbch v\u1ee5 c\u00f3 ngu\u1ed3n g\u1ed1c v\u00e0 cung c\u1ea5p v\u1ecb tr\u00ed c\u1ee7a c\u00e1c c\u01a1 s\u1edf v\u00e0 ngu\u1ed3n g\u1ed1c \u0111\u00e3 bi\u1ebft c\u1ee7a v\u1eadt li\u1ec7u \u0111\u1ec3 c\u00f3 th\u1ec3 truy xu\u1ea5t ngu\u1ed3n g\u1ed1c, theo y\u00eau c\u1ea7u c\u1ee7a CPM. Nh\u00e0 cung c\u1ea5p ph\u1ea3i th\u00f4ng b\u00e1o ngay cho CPM v\u1ec1 b\u1ea5t k\u1ef3 h\u00e0nh \u0111\u1ed9ng, v\u1ee5 ki\u1ec7n, th\u1ee7 t\u1ee5c, y\u00eau c\u1ea7u ho\u1eb7c cu\u1ed9c \u0111i\u1ec1u tra n\u00e0o \u0111ang ch\u1edd x\u1eed l\u00fd ho\u1eb7c b\u1ecb \u0111e d\u1ecda c\u1ee7a b\u1ea5t k\u1ef3 c\u01a1 quan ch\u00ednh ph\u1ee7 n\u00e0o \u0111\u1ed1i v\u1edbi nh\u00e0 cung c\u1ea5p li\u00ean quan \u0111\u1ebfn b\u1ea5t k\u1ef3 c\u00e1o bu\u1ed9c vi ph\u1ea1m l\u1ec7nh tr\u1eebng ph\u1ea1t ho\u1eb7c giao d\u1ecbch n\u00e0o v\u1edbi b\u1ea5t k\u1ef3 c\u00e1 nh\u00e2n ho\u1eb7c l\u00e3nh th\u1ed5 n\u00e0o b\u1ecb tr\u1eebng ph\u1ea1t.<\/p>\n\n\n\n<p><strong>Th\u00f4ng tin \u0111\u1ed9c quy\u1ec1n<\/strong><\/p>\n\n\n\n<p>Nh\u00e0 cung c\u1ea5p ph\u1ea3i lu\u00f4n th\u1ef1c hi\u1ec7n m\u1ecdi bi\u1ec7n ph\u00e1p ph\u00f2ng ng\u1eeba c\u1ea7n thi\u1ebft \u0111\u1ec3 b\u1ea3o v\u1ec7 v\u00e0 duy tr\u00ec th\u00f4ng tin \u0111\u1ed9c quy\u1ec1n v\u00e0 b\u00ed m\u1eadt c\u1ee7a CPM. Nh\u00e0 cung c\u1ea5p kh\u00f4ng \u0111\u01b0\u1ee3c ti\u1ebft l\u1ed9 b\u1ea5t k\u1ef3 th\u00f4ng tin \u0111\u1ed9c quy\u1ec1n ho\u1eb7c b\u00ed m\u1eadt n\u00e0o c\u1ee7a CPM cho b\u1ea5t k\u1ef3 b\u00ean th\u1ee9 ba n\u00e0o, tr\u1eeb khi \u0111\u01b0\u1ee3c CPM cho ph\u00e9p b\u1eb1ng v\u0103n b\u1ea3n v\u00e0 ch\u1ec9 \u0111\u01b0\u1ee3c s\u1eed d\u1ee5ng th\u00f4ng tin \u0111\u1ed9c quy\u1ec1n v\u00e0 b\u00ed m\u1eadt c\u1ee7a CPM trong ph\u1ea1m vi c\u1ea7n thi\u1ebft \u0111\u1ec3 cung c\u1ea5p h\u00e0ng h\u00f3a ho\u1eb7c d\u1ecbch v\u1ee5 theo h\u1ee3p \u0111\u1ed3ng. Nh\u00e0 cung c\u1ea5p kh\u00f4ng \u0111\u01b0\u1ee3c mua ho\u1eb7c t\u00ecm c\u00e1ch mua b\u1eb1ng c\u00e1c ph\u01b0\u01a1ng ti\u1ec7n kh\u00f4ng ph\u00f9 h\u1ee3p b\u1ea5t k\u1ef3 b\u00ed m\u1eadt th\u01b0\u01a1ng m\u1ea1i ho\u1eb7c th\u00f4ng tin \u0111\u1ed9c quy\u1ec1n ho\u1eb7c b\u00ed m\u1eadt n\u00e0o kh\u00e1c c\u1ee7a \u0111\u1ed1i th\u1ee7 c\u1ea1nh tranh. Nh\u00e0 cung c\u1ea5p kh\u00f4ng \u0111\u01b0\u1ee3c tham gia v\u00e0o vi\u1ec7c s\u1eed d\u1ee5ng, sao ch\u00e9p, ph\u00e2n ph\u1ed1i ho\u1eb7c thay \u0111\u1ed5i ph\u1ea7n m\u1ec1m ho\u1eb7c t\u00e0i s\u1ea3n tr\u00ed tu\u1ec7 kh\u00e1c m\u00e0 kh\u00f4ng \u0111\u01b0\u1ee3c ph\u00e9p.<\/p>\n\n\n\n<p><strong>L\u01b0u tr\u1eef h\u1ed3 s\u01a1 doanh nghi\u1ec7p<\/strong><\/p>\n\n\n\n<p>Nh\u00e0 cung c\u1ea5p ph\u1ea3i t\u1ea1o v\u00e0 duy tr\u00ec h\u1ed3 s\u01a1 t\u00e0i ch\u00ednh v\u00e0 kinh doanh ch\u00ednh x\u00e1c theo t\u1ea5t c\u1ea3 c\u00e1c y\u00eau c\u1ea7u ph\u00e1p l\u00fd v\u00e0 quy \u0111\u1ecbnh hi\u1ec7n h\u00e0nh, ph\u00f9 h\u1ee3p v\u1edbi t\u1ea5t c\u1ea3 c\u00e1c ti\u00eau chu\u1ea9n k\u1ebf to\u00e1n hi\u1ec7n h\u00e0nh. H\u1ed3 s\u01a1 t\u00e0i ch\u00ednh v\u00e0 kinh doanh \u0111\u00f3 ph\u1ea3i \u0111\u01b0\u1ee3c cung c\u1ea5p \u0111\u1ec3 ki\u1ec3m to\u00e1n theo y\u00eau c\u1ea7u c\u1ee7a CPM. T\u1ea5t c\u1ea3 c\u00e1c h\u00f3a \u0111\u01a1n \u0111\u01b0\u1ee3c g\u1eedi \u0111\u1ebfn CPM ph\u1ea3i \u0111\u00fang, \u0111\u1ea7y \u0111\u1ee7, ch\u00ednh x\u00e1c, theo t\u1ea5t c\u1ea3 c\u00e1c lu\u1eadt hi\u1ec7n h\u00e0nh v\u00e0 ch\u1ee9a t\u1ea5t c\u1ea3 th\u00f4ng tin m\u00e0 CPM y\u00eau c\u1ea7u m\u1ed9t c\u00e1ch h\u1ee3p l\u00fd theo th\u1eddi gian.<\/p>\n\n\n\n<p><strong>\u0110\u1ed1i x\u1eed v\u1edbi nh\u00e2n vi\u00ean m\u1ed9t c\u00e1ch t\u00f4n tr\u1ecdng<\/strong><\/p>\n\n\n\n<p>Nh\u00e0 cung c\u1ea5p ph\u1ea3i cung c\u1ea5p m\u00f4i tr\u01b0\u1eddng l\u00e0m vi\u1ec7c an to\u00e0n cho t\u1ea5t c\u1ea3 nh\u00e2n vi\u00ean c\u1ee7a m\u00ecnh. Nh\u00e0 cung c\u1ea5p ph\u1ea3i lu\u00f4n duy tr\u00ec v\u00e0 tu\u00e2n th\u1ee7 k\u1ebf ho\u1ea1ch an to\u00e0n v\u00e0 s\u1ee9c kh\u1ecfe m\u00f4i tr\u01b0\u1eddng \u0111\u01b0\u1ee3c CPM ch\u1ea5p thu\u1eadn m\u1ed9t c\u00e1ch h\u1ee3p l\u00fd. K\u1ebf ho\u1ea1ch an to\u00e0n v\u00e0 s\u1ee9c kh\u1ecfe m\u00f4i tr\u01b0\u1eddng \u0111\u00f3, c\u00f9ng v\u1edbi b\u1ea5t k\u1ef3 h\u1ed3 s\u01a1 n\u00e0o \u0111\u01b0\u1ee3c l\u01b0u gi\u1eef theo \u0111\u00f3, ph\u1ea3i \u0111\u01b0\u1ee3c cung c\u1ea5p cho CPM khi \u0111\u01b0\u1ee3c y\u00eau c\u1ea7u. Nh\u00e0 cung c\u1ea5p ph\u1ea3i lu\u00f4n \u0111\u00e1p \u1ee9ng ho\u1eb7c v\u01b0\u1ee3t qu\u00e1 m\u1ecdi y\u00eau c\u1ea7u ph\u00e1p l\u00fd kh\u00e1c v\u1ec1 an to\u00e0n v\u00e0 \u0111i\u1ec1u ki\u1ec7n l\u00e0m vi\u1ec7c c\u1ee7a nh\u00e2n vi\u00ean.<\/p>\n\n\n\n<p>Nh\u00e0 cung c\u1ea5p ph\u1ea3i cung c\u1ea5p cho nh\u00e2n vi\u00ean c\u1ee7a m\u00ecnh m\u1ed9t n\u01a1i l\u00e0m vi\u1ec7c kh\u00f4ng c\u00f3 qu\u1ea5y r\u1ed1i, ph\u00e2n bi\u1ec7t \u0111\u1ed1i x\u1eed ho\u1eb7c c\u00e1c h\u00ecnh th\u1ee9c h\u00e0nh vi b\u1eb1ng l\u1eddi n\u00f3i, h\u00ecnh \u1ea3nh ho\u1eb7c th\u1ec3 ch\u1ea5t kh\u00e1c t\u1ea1o ra (ho\u1eb7c c\u00f3 th\u1ec3 \u0111\u01b0\u1ee3c coi l\u00e0 t\u1ea1o ra) m\u1ed9t m\u00f4i tr\u01b0\u1eddng l\u00e0m vi\u1ec7c th\u00f9 \u0111\u1ecbch. Nh\u00e0 cung c\u1ea5p ph\u1ea3i t\u00f4n tr\u1ecdng quy\u1ec1n t\u1ef1 do l\u1eadp h\u1ed9i v\u00e0 th\u01b0\u01a1ng l\u01b0\u1ee3ng t\u1eadp th\u1ec3 c\u1ee7a nh\u00e2n vi\u00ean.<\/p>\n\n\n\n<p>Nh\u00e0 cung c\u1ea5p ph\u1ea3i tr\u1ea3 l\u01b0\u01a1ng cho t\u1ea5t c\u1ea3 nh\u00e2n vi\u00ean c\u1ee7a m\u00ecnh theo t\u1ea5t c\u1ea3 c\u00e1c lu\u1eadt v\u00e0 quy \u0111\u1ecbnh v\u1ec1 ti\u1ec1n l\u01b0\u01a1ng v\u00e0 ph\u00fac l\u1ee3i hi\u1ec7n h\u00e0nh. Nh\u00e0 cung c\u1ea5p kh\u00f4ng \u0111\u01b0\u1ee3c vi ph\u1ea1m b\u1ea5t k\u1ef3 y\u00eau c\u1ea7u ph\u00e1p l\u00fd n\u00e0o v\u1ec1 gi\u1edd l\u00e0m vi\u1ec7c. Nh\u00e0 cung c\u1ea5p kh\u00f4ng bao gi\u1edd \u0111\u01b0\u1ee3c s\u1eed d\u1ee5ng b\u1ea5t k\u1ef3 lao \u0111\u1ed9ng c\u01b0\u1ee1ng b\u1ee9c ho\u1eb7c lao \u0111\u1ed9ng tr\u1ebb em n\u00e0o (theo \u0111\u1ecbnh ngh\u0129a c\u1ee7a c\u00e1c ti\u00eau chu\u1ea9n c\u1ee7a T\u1ed5 ch\u1ee9c Lao \u0111\u1ed9ng Qu\u1ed1c t\u1ebf (ILO)).<\/p>\n\n\n\n<p>Nh\u00e0 cung c\u1ea5p ph\u1ea3i tu\u00e2n th\u1ee7 c\u00e1c ti\u00eau chu\u1ea9n, c\u00f4ng \u01b0\u1edbc v\u00e0 tuy\u00ean b\u1ed1 qu\u1ed1c t\u1ebf, bao g\u1ed3m Nguy\u00ean t\u1eafc h\u01b0\u1edbng d\u1eabn c\u1ee7a Li\u00ean h\u1ee3p qu\u1ed1c v\u1ec1 kinh doanh v\u00e0 nh\u00e2n quy\u1ec1n (UNGP), Tuy\u00ean b\u1ed1 qu\u1ed1c t\u1ebf v\u1ec1 nh\u00e2n quy\u1ec1n, Nguy\u00ean t\u1eafc c\u01a1 b\u1ea3n v\u00e0 quy\u1ec1n t\u1ea1i n\u01a1i l\u00e0m vi\u1ec7c c\u1ee7a T\u1ed5 ch\u1ee9c Lao \u0111\u1ed9ng Qu\u1ed1c t\u1ebf v\u00e0 Nguy\u00ean t\u1eafc c\u1ee7a OECD d\u00e0nh cho c\u00e1c doanh nghi\u1ec7p \u0111a qu\u1ed1c gia v\u1ec1 vi\u1ec7c \u0111\u1ed1i x\u1eed t\u00f4n tr\u1ecdng v\u00e0 c\u00f4ng b\u1eb1ng v\u1edbi ng\u01b0\u1eddi lao \u0111\u1ed9ng.<\/p>\n\n\n\n<p><strong>B\u00e1o c\u00e1o vi ph\u1ea1m B\u1ed9 lu\u1eadt<\/strong><\/p>\n\n\n\n<p>N\u1ebfu nh\u00e0 cung c\u1ea5p nh\u1eadn th\u1ea5y nh\u00e0 cung c\u1ea5p (bao g\u1ed3m b\u1ea5t k\u1ef3 c\u00e1 nh\u00e2n ho\u1eb7c t\u1ed5 ch\u1ee9c n\u00e0o cung c\u1ea5p d\u1ecbch v\u1ee5 ho\u1eb7c h\u00e0ng h\u00f3a cho ho\u1eb7c thay m\u1eb7t cho nh\u00e0 cung c\u1ea5p) vi ph\u1ea1m th\u1ef1c t\u1ebf ho\u1eb7c nghi ng\u1edd vi ph\u1ea1m B\u1ed9 lu\u1eadt, nh\u00e0 cung c\u1ea5p ph\u1ea3i th\u00f4ng b\u00e1o ngay cho CPM b\u1eb1ng c\u00e1ch g\u1eedi m\u00f4 t\u1ea3 chi ti\u1ebft v\u1ec1 vi ph\u1ea1m th\u1ef1c t\u1ebf ho\u1eb7c nghi ng\u1edd vi ph\u1ea1m cho&nbsp;<a href=\"mailto:compliance@cpm.net\">compliance@cpm.net<\/a>. CPM c\u00f3 quy\u1ec1n ki\u1ec3m tra nh\u00e0 cung c\u1ea5p (bao g\u1ed3m c\u1ea3 s\u1ed5 s\u00e1ch v\u00e0 h\u1ed3 s\u01a1) b\u1ea5t k\u1ef3 l\u00fac n\u00e0o \u0111\u1ec3 x\u00e1c nh\u1eadn vi\u1ec7c tu\u00e2n th\u1ee7 B\u1ed9 quy t\u1eafc.<\/p>","protected":false},"excerpt":{"rendered":"<p>The CPM Supplier Code of Conduct (the \u201cCode\u201d) is applicable to all suppliers of the CPM group of companies. All suppliers, vendors, contractors, consultants, agent, subcontractors, and other providers of goods and services and their respective directors, officers, managers, shareholders, members, employees, agents, contractors, or other representatives (collectively \u201csuppliers\u201d) are expected to familiarize themselves with [&hellip;]<\/p>\n","protected":false},"author":7,"featured_media":0,"parent":0,"menu_order":0,"comment_status":"closed","ping_status":"closed","template":"","meta":{"_acf_changed":false,"footnotes":""},"class_list":["post-4564","page","type-page","status-publish","hentry"],"acf":[],"_links":{"self":[{"href":"https:\/\/onecpm.com\/vi\/wp-json\/wp\/v2\/pages\/4564","targetHints":{"allow":["GET"]}}],"collection":[{"href":"https:\/\/onecpm.com\/vi\/wp-json\/wp\/v2\/pages"}],"about":[{"href":"https:\/\/onecpm.com\/vi\/wp-json\/wp\/v2\/types\/page"}],"author":[{"embeddable":true,"href":"https:\/\/onecpm.com\/vi\/wp-json\/wp\/v2\/users\/7"}],"replies":[{"embeddable":true,"href":"https:\/\/onecpm.com\/vi\/wp-json\/wp\/v2\/comments?post=4564"}],"version-history":[{"count":2,"href":"https:\/\/onecpm.com\/vi\/wp-json\/wp\/v2\/pages\/4564\/revisions"}],"predecessor-version":[{"id":4566,"href":"https:\/\/onecpm.com\/vi\/wp-json\/wp\/v2\/pages\/4564\/revisions\/4566"}],"wp:attachment":[{"href":"https:\/\/onecpm.com\/vi\/wp-json\/wp\/v2\/media?parent=4564"}],"curies":[{"name":"wp","href":"https:\/\/api.w.org\/{rel}","templated":true}]}}